{"id":2324,"date":"2024-05-10T11:04:36","date_gmt":"2024-05-10T10:04:36","guid":{"rendered":"https:\/\/www.ariens.eu\/product\/edge-42\/"},"modified":"2026-04-09T14:19:20","modified_gmt":"2026-04-09T13:19:20","slug":"edge-42","status":"publish","type":"product","link":"https:\/\/www.ariens.eu\/it\/prodotto\/tagliaerba-zero-turn\/edge-serie\/edge-42","title":{"rendered":"EDGE 42"},"content":{"rendered":"<div class=\"acfd-block acfd-block__headline mb-asm-1 container-fluid px-0 bg-default\">\n<div class=\"acfd-headline\">\n<h2 class='h2 text-left li_black'>Pi\u00f9 agile e veloce dei convenzionali trattorini tagliaerba<\/h2>\n<\/p><\/div>\n<\/div>\n<div class=\"acfd-block acfd-block__twocolumns mb-asm-2 container-fluid px-0 bg-default\">\n<div class=\"acfd-twocolumns\">\n<div class=\"row\">\n<div class='col-lg-9 mb-4 '>\n<div class=\"acfd-block acfd-block__text container-fluid px-0 bg-default\">\n<div class=\"acfd-text li_black\">\n<p>Goditi i vantaggi di un tagliaerba Zero-Turn nel tuo giardino. Incredibile manovrabilit\u00e0 e comfort, questo modello \u00e8 l&#8217;ideale per giardini di piccole e medie dimensioni con presenza di passaggi stretti.<\/p>\n<p>L&#8217;EDGE 42 \u00e8 dotato di un motore Ariens da 635 cc di alta qualit\u00e0 e di un piatto di taglio da 107 cm (42&#8243;).<\/p>\n<ul>\n<li>L&#8217;EDGE 42 \u00e8 dotato di un ampio piatto di taglio da 107 cm (42&#8243;) in acciaio<\/li>\n<li>Alimentato da un motore Ariens da 635 cc<\/li>\n<li>Regolazione rapida e semplice dell&#8217;altezza di taglio<\/li>\n<li>Il sistema di sollevamento del piatto a quattro punti offre una stabilit\u00e0 senza pari e un taglio costante<\/li>\n<li>Sedile imbottito con schienale alto montato di serie per il comfort dell&#8217;operatore<\/li>\n<li>\u00c8 disponibile una gamma di accessori opzionali<\/li>\n<li>Garanzia di 2 anni o 150 ore<\/li>\n<\/ul>\n<\/div>\n<\/div><\/div>\n<div class='col-lg'>                    <\/div>\n<\/p><\/div>\n<\/div>\n<\/div>\n<div class=\"acfd-block acfd-block__category mb-asm-2 container-fluid px-0 bg-default\">\n<div class=\"acfd-product-categories\">\n<h2 class=\"text-left mb-3\">\n        Interventi    <\/h2>\n<div class=\"product-categories_wrapper\">\n         <span data-description=\"Hai un bel prato nel tuo giardino o intorno alla tua propriet\u00e0? Vuoi mantenerlo regolarmente a partire da met\u00e0 marzo? A seconda della larghezza di taglio, i nostri tagliaerba sono in grado di gestire prati di qualsiasi dimensione.\" class=\"product-category-single\"> Utilizzatore Privato                <sup><i class=\"fa fa-info-circle\" aria-hidden=\"true\"><\/i><\/sup>            <\/span>  <span data-description=\"I nostri tagliaerba sono equipaggiati con motori Kawasaki<sup>&reg;<\/sup> o Ariens di alta qualit\u00e0. Offrono prestazioni superiori alla media e un\u2019affidabilit\u00e0 eccellente.\" class=\"product-category-single\"> Modelli a scoppio                <sup><i class=\"fa fa-info-circle\" aria-hidden=\"true\"><\/i><\/sup>            <\/span>  <span data-description=\"Quando utilizzi un kit mulching adatto sul tuo tagliaerba, lo scarico laterale non \u00e8 pi\u00f9 necessario. Il prato viene finemente sminuzzato e distribuito in modo uniforme sul retro dell\u2019area di taglio. L\u2019eventuale fertilizzante applicato rimane in superficie e le particelle di erba finissime si integrano quasi invisibilmente nel manto erboso.\" class=\"product-category-single\"> Kit Mulching Opzionale                <sup><i class=\"fa fa-info-circle\" aria-hidden=\"true\"><\/i><\/sup>            <\/span>  <span data-description=\"I tagliaerba ride\u2011on Ariens offrono un elevato livello di comfort. Utilizziamo sedili di alta qualit\u00e0 gi\u00e0 a partire dal modello base. L\u2019ampio spazio per le gambe e i comandi ergonomici sono di serie.\" class=\"product-category-single\"> Ride\u2011on (a seduta)                <sup><i class=\"fa fa-info-circle\" aria-hidden=\"true\"><\/i><\/sup>            <\/span>  <span data-description=\"Con i modelli APEX e ZENITH puoi scegliere tra piatti di taglio con scarico laterale o posteriore. Un piatto di taglio con scarico laterale espelle l\u2019erba attraverso un\u2019apertura laterale e un deflettore. Il potente flusso d\u2019aria la distribuisce poi su un\u2019ampia area. Nei piatti con scarico laterale \u00e8 possibile installare un kit mulching opzionale. Quando si utilizza il kit mulching, l\u2019erba viene finemente sminuzzata ed espulsa verso il retro. In questo caso, lo scarico laterale e il deflettore vengono chiusi o rimossi.\" class=\"product-category-single\"> Scarico Laterale                <sup><i class=\"fa fa-info-circle\" aria-hidden=\"true\"><\/i><\/sup>            <\/span>  <span data-description=\"Tutti i tagliaerba Ariens sono adatti ai prati pianeggianti. Scegli la larghezza di taglio in base alle dimensioni della tua area e agli eventuali passaggi stretti che potrebbero limitarne l\u2019uso.\" class=\"product-category-single\"> Terreno pianeggiante                <sup><i class=\"fa fa-info-circle\" aria-hidden=\"true\"><\/i><\/sup>            <\/span>  <span data-description=\"I tagliaerba Ariens si comportano molto bene su terreni irregolari. Per superfici sconnesse \u00e8 consigliabile scegliere piatti di taglio pi\u00f9 stretti, cos\u00ec da ottenere un risultato di taglio pi\u00f9 uniforme.\" class=\"product-category-single\"> Terreno irregolare                <sup><i class=\"fa fa-info-circle\" aria-hidden=\"true\"><\/i><\/sup>            <\/span>  <span data-description=\"Si consiglia di scegliere una macchina con ruote larghe. Non superare il limite di sicurezza indicato: 15\u00b0 di pendenza per i trattorini con operatore seduto e 20\u00b0 per i modelli a guida in piedi. Su terreni irregolari \u00e8 preferibile optare per un piatto di taglio pi\u00f9 stretto, cos\u00ec da ottenere un risultato pi\u00f9 uniforme. Il modello ZENITH \u00e8 dotato di protezione antiribaltamento (ROPS) di serie, mentre pu\u00f2 essere installata come optional sull\u2019APEX.\" class=\"product-category-single\"> Terreno collinare                <sup><i class=\"fa fa-info-circle\" aria-hidden=\"true\"><\/i><\/sup>            <\/span>  <span data-description=\"I tagliaerba zero\u2011turn non sono pensati solo per le grandi superfici. Il modello EDGE, con una larghezza di taglio di 86 cm, \u00e8 adatto per aree a partire da circa 800 m\u00b2 e per passaggi stretti.\" class=\"product-category-single\"> Superfici ridotte                <sup><i class=\"fa fa-info-circle\" aria-hidden=\"true\"><\/i><\/sup>            <\/span>  <span data-description=\"Per prati di medie e grandi dimensioni, utilizza larghezze di taglio da 107 cm e 122 cm.\" class=\"product-category-single\"> Aree di medie dimensioni                <sup><i class=\"fa fa-info-circle\" aria-hidden=\"true\"><\/i><\/sup>            <\/span>     <\/div>\n<\/div>\n<\/div>\n<div class=\"acfd-block acfd-block__twocolumns mb-asm-2 container-fluid container-fluid--force px-0 bg-default\">\n<div class=\"acfd-twocolumns\">\n<div class=\"row\">\n<div class='col-lg-12 mb-4 '>\n<div class=\"acfd-product-advantages--wrapper\">\n<h2 class=\"h1 bigger text-color-black text-center mb-5\">\n        Caratteristiche e vantaggi    <\/h2>\n<div class=\"acfd-product-advantages\">\n<div class=\"row\">\n<div class=\"col-md-6 mb-4 content\">\n                    <span class=\"d-block h5 text-color-brand mb-1\">Comandi Intuitivi<\/span><\/p>\n<p>Controlla i due comandi delle ruote indipendenti con due sole leve di guida. Rimarrai stupito dalla precisione e facilit\u00e0 di questo sistema di sterzata. Ogni utente diventer\u00e0 un vero esperto di zero-turn in pochissimo tempo. Provalo tu stesso.<\/p>\n<\/p><\/div>\n<div class=\"col-md-6 mb4 image\" style=\"background-image:url(https:\/\/www.ariens.eu\/it\/wp-content\/uploads\/sites\/13\/2024\/05\/intuitive-control.webp)\">\n                <\/div>\n<\/p><\/div>\n<div class=\"row\">\n<div class=\"col-md-6 mb-4 content\">\n                    <span class=\"d-block h5 text-color-brand mb-1\">Qualit\u00e0 di taglio eccellente<\/span><\/p>\n<p>Piatto di taglio saldato EDGE da 42&#8243; con due lame. Kit mulching opzionale.<\/p>\n<\/p><\/div>\n<div class=\"col-md-6 mb4 image\" style=\"background-image:url(https:\/\/www.ariens.eu\/it\/wp-content\/uploads\/sites\/13\/2024\/08\/quality-of-cut.png)\">\n                <\/div>\n<\/p><\/div>\n<div class=\"row\">\n<div class=\"col-md-6 mb-4 content\">\n                    <span class=\"d-block h5 text-color-brand mb-1\">Pneumatici maggiorati<\/span><\/p>\n<p>Gli pneumatici di grande diametro, con un\u2019ampia impronta a terra, offrono una trazione superiore e garantiscono una marcia pi\u00f9 fluida e confortevole.<\/p>\n<\/p><\/div>\n<div class=\"col-md-6 mb4 image\" style=\"background-image:url(https:\/\/www.ariens.eu\/it\/wp-content\/uploads\/sites\/13\/2024\/05\/larger-tires.webp)\">\n                <\/div>\n<\/p><\/div>\n<div class=\"row\">\n<div class=\"col-md-6 mb-4 content\">\n                    <span class=\"d-block h5 text-color-brand mb-1\">Comfort<\/span><\/p>\n<p>Il sedile sagomato dell\u2019EDGE presenta un\u2019ampia apertura. Questo consente la circolazione dell\u2019aria, mantenendo la schiena asciutta e aumentando il comfort di guida anche con temperature esterne elevate.<\/p>\n<\/p><\/div>\n<div class=\"col-md-6 mb4 image\" style=\"background-image:url(https:\/\/www.ariens.eu\/it\/wp-content\/uploads\/sites\/13\/2024\/08\/seating-comfort.png)\">\n                <\/div>\n<\/p><\/div>\n<div class=\"row\">\n<div class=\"col-md-6 mb-4 content\">\n                    <span class=\"d-block h5 text-color-brand mb-1\">Leva di regolazione del piatto<\/span><\/p>\n<p>L\u2019altezza di taglio pu\u00f2 essere regolata in 7 posizioni, da 3,8 cm a 11,4 cm, tramite la leva facilmente accessibile posta a lato del sedile. Il piatto di taglio si solleva comodamente utilizzando un pedale.<\/p>\n<\/p><\/div>\n<div class=\"col-md-6 mb4 image\" style=\"background-image:url(https:\/\/www.ariens.eu\/it\/wp-content\/uploads\/sites\/13\/2024\/08\/cutting-height-adjustment-3.png)\">\n                <\/div>\n<\/p><\/div>\n<div class=\"row\">\n<div class=\"col-md-6 mb-4 content\">\n                    <span class=\"d-block h5 text-color-brand mb-1\">Motorizzazione ARIENS<\/span><\/p>\n<p>L\u2019EDGE \u00e8 alimentato dal affidabile motore Ariens bicilindrico da 635 cm\u00b3, Stage V, OHV.<\/p>\n<\/p><\/div>\n<div class=\"col-md-6 mb4 image\" style=\"background-image:url(https:\/\/www.ariens.eu\/it\/wp-content\/uploads\/sites\/13\/2024\/05\/ariens-edge-zero-turn-635cc-twin-cylinder-ariens-engine.webp)\">\n                <\/div>\n<\/p><\/div>\n<\/p><\/div>\n<\/div><\/div>\n<div class='col-lg'>                    <\/div>\n<\/p><\/div>\n<\/div>\n<\/div>\n","protected":false},"excerpt":{"rendered":"<p>Pi\u00f9 agile e veloce dei convenzionali trattorini tagliaerba Goditi i vantaggi di un tagliaerba Zero-Turn nel tuo giardino. Incredibile manovrabilit\u00e0 e comfort, questo modello \u00e8 l&#8217;ideale per giardini di piccole e medie dimensioni con presenza di passaggi stretti. L&#8217;EDGE 42 \u00e8 dotato di un motore Ariens da 635 cc di alta qualit\u00e0 e di un [&hellip;]<\/p>\n","protected":false},"featured_media":4622,"comment_status":"open","ping_status":"closed","template":"","meta":{"_acf_changed":false,"_relevanssi_hide_post":"","_relevanssi_hide_content":"","_relevanssi_pin_for_all":"","_relevanssi_pin_keywords":"","_relevanssi_unpin_keywords":"","_relevanssi_related_keywords":"","_relevanssi_related_include_ids":"","_relevanssi_related_exclude_ids":"","_relevanssi_related_no_append":"","_relevanssi_related_not_related":"","_relevanssi_related_posts":"","_relevanssi_noindex_reason":""},"product_brand":[],"product_cat":[15],"product_tag":[],"class_list":{"0":"post-2324","1":"product","2":"type-product","3":"status-publish","4":"has-post-thumbnail","6":"product_variant-edge-serie","7":"product_usage_areas-giardini-privati","8":"product_usage_areas-servizi-di-pulizia-e-manutenzione","10":"first","11":"instock","12":"shipping-taxable","13":"product-type-simple"},"acf":[],"yoast_head":"<!-- This site is optimized with the Yoast SEO plugin v27.3 - https:\/\/yoast.com\/product\/yoast-seo-wordpress\/ -->\n<title>EDGE 42 - Crea il Tuo Giardino da Sogno | EDGE zero-turn Ariens<\/title>\n<meta name=\"description\" content=\"Motore Ariens, apparato di taglio Fabbricato da 107cm con scarico laterale, Edge 42 il raggio zero di Ariens per giardini di medie dimensioni\" \/>\n<meta name=\"robots\" content=\"index, follow, max-snippet:-1, max-image-preview:large, max-video-preview:-1\" \/>\n<link rel=\"canonical\" href=\"https:\/\/www.ariens.eu\/it\/prodotto\/tagliaerba-zero-turn\/edge-serie\/edge-42\/\" \/>\n<meta property=\"og:locale\" content=\"it_IT\" \/>\n<meta property=\"og:type\" content=\"article\" \/>\n<meta property=\"og:title\" content=\"EDGE 42 - Crea il Tuo Giardino da Sogno | EDGE zero-turn Ariens\" \/>\n<meta property=\"og:description\" content=\"Motore Ariens, apparato di taglio Fabbricato da 107cm con scarico laterale, Edge 42 il raggio zero di Ariens per giardini di medie dimensioni\" \/>\n<meta property=\"og:url\" content=\"https:\/\/www.ariens.eu\/it\/prodotto\/tagliaerba-zero-turn\/edge-serie\/edge-42\/\" \/>\n<meta property=\"og:site_name\" content=\"Ariens | EMEAA\" \/>\n<meta property=\"article:modified_time\" content=\"2026-04-09T13:19:20+00:00\" \/>\n<meta property=\"og:image\" content=\"https:\/\/www.ariens.eu\/it\/wp-content\/uploads\/sites\/13\/2024\/05\/ariens-edge-42-sd.png\" \/>\n\t<meta property=\"og:image:width\" content=\"1008\" \/>\n\t<meta property=\"og:image:height\" content=\"750\" \/>\n\t<meta property=\"og:image:type\" content=\"image\/png\" \/>\n<meta name=\"twitter:card\" content=\"summary_large_image\" \/>\n<meta name=\"twitter:label1\" content=\"Tempo di lettura stimato\" \/>\n\t<meta name=\"twitter:data1\" content=\"3 minuti\" \/>\n<script type=\"application\/ld+json\" class=\"yoast-schema-graph\">{\"@context\":\"https:\\\/\\\/schema.org\",\"@graph\":[{\"@type\":\"WebPage\",\"@id\":\"https:\\\/\\\/www.ariens.eu\\\/it\\\/prodotto\\\/tagliaerba-zero-turn\\\/edge-serie\\\/edge-42\\\/\",\"url\":\"https:\\\/\\\/www.ariens.eu\\\/it\\\/prodotto\\\/tagliaerba-zero-turn\\\/edge-serie\\\/edge-42\\\/\",\"name\":\"EDGE 42 - Crea il Tuo Giardino da Sogno | EDGE zero-turn Ariens\",\"isPartOf\":{\"@id\":\"https:\\\/\\\/www.ariens.eu\\\/it\\\/#website\"},\"primaryImageOfPage\":{\"@id\":\"https:\\\/\\\/www.ariens.eu\\\/it\\\/prodotto\\\/tagliaerba-zero-turn\\\/edge-serie\\\/edge-42\\\/#primaryimage\"},\"image\":{\"@id\":\"https:\\\/\\\/www.ariens.eu\\\/it\\\/prodotto\\\/tagliaerba-zero-turn\\\/edge-serie\\\/edge-42\\\/#primaryimage\"},\"thumbnailUrl\":\"https:\\\/\\\/www.ariens.eu\\\/it\\\/wp-content\\\/uploads\\\/sites\\\/13\\\/2024\\\/05\\\/ariens-edge-42-sd.png\",\"datePublished\":\"2024-05-10T10:04:36+00:00\",\"dateModified\":\"2026-04-09T13:19:20+00:00\",\"description\":\"Motore Ariens, apparato di taglio Fabbricato da 107cm con scarico laterale, Edge 42 il raggio zero di Ariens per giardini di medie dimensioni\",\"breadcrumb\":{\"@id\":\"https:\\\/\\\/www.ariens.eu\\\/it\\\/prodotto\\\/tagliaerba-zero-turn\\\/edge-serie\\\/edge-42\\\/#breadcrumb\"},\"inLanguage\":\"it-IT\",\"potentialAction\":[{\"@type\":\"ReadAction\",\"target\":[\"https:\\\/\\\/www.ariens.eu\\\/it\\\/prodotto\\\/tagliaerba-zero-turn\\\/edge-serie\\\/edge-42\\\/\"]}]},{\"@type\":\"ImageObject\",\"inLanguage\":\"it-IT\",\"@id\":\"https:\\\/\\\/www.ariens.eu\\\/it\\\/prodotto\\\/tagliaerba-zero-turn\\\/edge-serie\\\/edge-42\\\/#primaryimage\",\"url\":\"https:\\\/\\\/www.ariens.eu\\\/it\\\/wp-content\\\/uploads\\\/sites\\\/13\\\/2024\\\/05\\\/ariens-edge-42-sd.png\",\"contentUrl\":\"https:\\\/\\\/www.ariens.eu\\\/it\\\/wp-content\\\/uploads\\\/sites\\\/13\\\/2024\\\/05\\\/ariens-edge-42-sd.png\",\"width\":1008,\"height\":750},{\"@type\":\"BreadcrumbList\",\"@id\":\"https:\\\/\\\/www.ariens.eu\\\/it\\\/prodotto\\\/tagliaerba-zero-turn\\\/edge-serie\\\/edge-42\\\/#breadcrumb\",\"itemListElement\":[{\"@type\":\"ListItem\",\"position\":1,\"name\":\"Home\",\"item\":\"https:\\\/\\\/www.ariens.eu\\\/it\\\/\"},{\"@type\":\"ListItem\",\"position\":2,\"name\":\"Shop\",\"item\":\"https:\\\/\\\/www.ariens.eu\\\/it\\\/shop\\\/\"},{\"@type\":\"ListItem\",\"position\":3,\"name\":\"EDGE 42\"}]},{\"@type\":\"WebSite\",\"@id\":\"https:\\\/\\\/www.ariens.eu\\\/it\\\/#website\",\"url\":\"https:\\\/\\\/www.ariens.eu\\\/it\\\/\",\"name\":\"Ariens | EMEAA\",\"description\":\"Powerful and reliable zero-turn mowers &amp; snow blowers for professional users and demanding private customers\",\"publisher\":{\"@id\":\"https:\\\/\\\/www.ariens.eu\\\/it\\\/#organization\"},\"potentialAction\":[{\"@type\":\"SearchAction\",\"target\":{\"@type\":\"EntryPoint\",\"urlTemplate\":\"https:\\\/\\\/www.ariens.eu\\\/it\\\/?s={search_term_string}\"},\"query-input\":{\"@type\":\"PropertyValueSpecification\",\"valueRequired\":true,\"valueName\":\"search_term_string\"}}],\"inLanguage\":\"it-IT\"},{\"@type\":\"Organization\",\"@id\":\"https:\\\/\\\/www.ariens.eu\\\/it\\\/#organization\",\"name\":\"AriensCo GmbH\",\"url\":\"https:\\\/\\\/www.ariens.eu\\\/it\\\/\",\"logo\":{\"@type\":\"ImageObject\",\"inLanguage\":\"it-IT\",\"@id\":\"https:\\\/\\\/www.ariens.eu\\\/it\\\/#\\\/schema\\\/logo\\\/image\\\/\",\"url\":\"https:\\\/\\\/www.ariens.eu\\\/wp-content\\\/uploads\\\/2024\\\/11\\\/ariens-co-logo.jpg\",\"contentUrl\":\"https:\\\/\\\/www.ariens.eu\\\/wp-content\\\/uploads\\\/2024\\\/11\\\/ariens-co-logo.jpg\",\"width\":1000,\"height\":1000,\"caption\":\"AriensCo GmbH\"},\"image\":{\"@id\":\"https:\\\/\\\/www.ariens.eu\\\/it\\\/#\\\/schema\\\/logo\\\/image\\\/\"}}]}<\/script>\n<!-- \/ Yoast SEO plugin. -->","yoast_head_json":{"title":"EDGE 42 - Crea il Tuo Giardino da Sogno | EDGE zero-turn Ariens","description":"Motore Ariens, apparato di taglio Fabbricato da 107cm con scarico laterale, Edge 42 il raggio zero di Ariens per giardini di medie dimensioni","robots":{"index":"index","follow":"follow","max-snippet":"max-snippet:-1","max-image-preview":"max-image-preview:large","max-video-preview":"max-video-preview:-1"},"canonical":"https:\/\/www.ariens.eu\/it\/prodotto\/tagliaerba-zero-turn\/edge-serie\/edge-42\/","og_locale":"it_IT","og_type":"article","og_title":"EDGE 42 - Crea il Tuo Giardino da Sogno | EDGE zero-turn Ariens","og_description":"Motore Ariens, apparato di taglio Fabbricato da 107cm con scarico laterale, Edge 42 il raggio zero di Ariens per giardini di medie dimensioni","og_url":"https:\/\/www.ariens.eu\/it\/prodotto\/tagliaerba-zero-turn\/edge-serie\/edge-42\/","og_site_name":"Ariens | EMEAA","article_modified_time":"2026-04-09T13:19:20+00:00","og_image":[{"width":1008,"height":750,"url":"https:\/\/www.ariens.eu\/it\/wp-content\/uploads\/sites\/13\/2024\/05\/ariens-edge-42-sd.png","type":"image\/png"}],"twitter_card":"summary_large_image","twitter_misc":{"Tempo di lettura stimato":"3 minuti"},"schema":{"@context":"https:\/\/schema.org","@graph":[{"@type":"WebPage","@id":"https:\/\/www.ariens.eu\/it\/prodotto\/tagliaerba-zero-turn\/edge-serie\/edge-42\/","url":"https:\/\/www.ariens.eu\/it\/prodotto\/tagliaerba-zero-turn\/edge-serie\/edge-42\/","name":"EDGE 42 - Crea il Tuo Giardino da Sogno | EDGE zero-turn Ariens","isPartOf":{"@id":"https:\/\/www.ariens.eu\/it\/#website"},"primaryImageOfPage":{"@id":"https:\/\/www.ariens.eu\/it\/prodotto\/tagliaerba-zero-turn\/edge-serie\/edge-42\/#primaryimage"},"image":{"@id":"https:\/\/www.ariens.eu\/it\/prodotto\/tagliaerba-zero-turn\/edge-serie\/edge-42\/#primaryimage"},"thumbnailUrl":"https:\/\/www.ariens.eu\/it\/wp-content\/uploads\/sites\/13\/2024\/05\/ariens-edge-42-sd.png","datePublished":"2024-05-10T10:04:36+00:00","dateModified":"2026-04-09T13:19:20+00:00","description":"Motore Ariens, apparato di taglio Fabbricato da 107cm con scarico laterale, Edge 42 il raggio zero di Ariens per giardini di medie dimensioni","breadcrumb":{"@id":"https:\/\/www.ariens.eu\/it\/prodotto\/tagliaerba-zero-turn\/edge-serie\/edge-42\/#breadcrumb"},"inLanguage":"it-IT","potentialAction":[{"@type":"ReadAction","target":["https:\/\/www.ariens.eu\/it\/prodotto\/tagliaerba-zero-turn\/edge-serie\/edge-42\/"]}]},{"@type":"ImageObject","inLanguage":"it-IT","@id":"https:\/\/www.ariens.eu\/it\/prodotto\/tagliaerba-zero-turn\/edge-serie\/edge-42\/#primaryimage","url":"https:\/\/www.ariens.eu\/it\/wp-content\/uploads\/sites\/13\/2024\/05\/ariens-edge-42-sd.png","contentUrl":"https:\/\/www.ariens.eu\/it\/wp-content\/uploads\/sites\/13\/2024\/05\/ariens-edge-42-sd.png","width":1008,"height":750},{"@type":"BreadcrumbList","@id":"https:\/\/www.ariens.eu\/it\/prodotto\/tagliaerba-zero-turn\/edge-serie\/edge-42\/#breadcrumb","itemListElement":[{"@type":"ListItem","position":1,"name":"Home","item":"https:\/\/www.ariens.eu\/it\/"},{"@type":"ListItem","position":2,"name":"Shop","item":"https:\/\/www.ariens.eu\/it\/shop\/"},{"@type":"ListItem","position":3,"name":"EDGE 42"}]},{"@type":"WebSite","@id":"https:\/\/www.ariens.eu\/it\/#website","url":"https:\/\/www.ariens.eu\/it\/","name":"Ariens | EMEAA","description":"Powerful and reliable zero-turn mowers &amp; snow blowers for professional users and demanding private customers","publisher":{"@id":"https:\/\/www.ariens.eu\/it\/#organization"},"potentialAction":[{"@type":"SearchAction","target":{"@type":"EntryPoint","urlTemplate":"https:\/\/www.ariens.eu\/it\/?s={search_term_string}"},"query-input":{"@type":"PropertyValueSpecification","valueRequired":true,"valueName":"search_term_string"}}],"inLanguage":"it-IT"},{"@type":"Organization","@id":"https:\/\/www.ariens.eu\/it\/#organization","name":"AriensCo GmbH","url":"https:\/\/www.ariens.eu\/it\/","logo":{"@type":"ImageObject","inLanguage":"it-IT","@id":"https:\/\/www.ariens.eu\/it\/#\/schema\/logo\/image\/","url":"https:\/\/www.ariens.eu\/wp-content\/uploads\/2024\/11\/ariens-co-logo.jpg","contentUrl":"https:\/\/www.ariens.eu\/wp-content\/uploads\/2024\/11\/ariens-co-logo.jpg","width":1000,"height":1000,"caption":"AriensCo GmbH"},"image":{"@id":"https:\/\/www.ariens.eu\/it\/#\/schema\/logo\/image\/"}}]}},"_links":{"self":[{"href":"https:\/\/www.ariens.eu\/it\/wp-json\/wp\/v2\/product\/2324","targetHints":{"allow":["GET"]}}],"collection":[{"href":"https:\/\/www.ariens.eu\/it\/wp-json\/wp\/v2\/product"}],"about":[{"href":"https:\/\/www.ariens.eu\/it\/wp-json\/wp\/v2\/types\/product"}],"replies":[{"embeddable":true,"href":"https:\/\/www.ariens.eu\/it\/wp-json\/wp\/v2\/comments?post=2324"}],"wp:featuredmedia":[{"embeddable":true,"href":"https:\/\/www.ariens.eu\/it\/wp-json\/wp\/v2\/media\/4622"}],"wp:attachment":[{"href":"https:\/\/www.ariens.eu\/it\/wp-json\/wp\/v2\/media?parent=2324"}],"wp:term":[{"taxonomy":"product_brand","embeddable":true,"href":"https:\/\/www.ariens.eu\/it\/wp-json\/wp\/v2\/product_brand?post=2324"},{"taxonomy":"product_cat","embeddable":true,"href":"https:\/\/www.ariens.eu\/it\/wp-json\/wp\/v2\/product_cat?post=2324"},{"taxonomy":"product_tag","embeddable":true,"href":"https:\/\/www.ariens.eu\/it\/wp-json\/wp\/v2\/product_tag?post=2324"}],"curies":[{"name":"wp","href":"https:\/\/api.w.org\/{rel}","templated":true}]}}