{"id":2326,"date":"2024-05-10T11:04:36","date_gmt":"2024-05-10T10:04:36","guid":{"rendered":"https:\/\/www.ariens.eu\/product\/ikon-xd-42-kawasaki\/"},"modified":"2025-11-04T14:33:30","modified_gmt":"2025-11-04T14:33:30","slug":"ikon-xd-42","status":"publish","type":"product","link":"https:\/\/www.ariens.eu\/it\/product\/ikon-xd-42\/","title":{"rendered":"IKON XD 42"},"content":{"rendered":"<div class=\"acfd-block acfd-block__headline mb-asm-1 container-fluid px-0 bg-default\">\n<div class=\"acfd-headline\">\n<h2 class='h2 text-left'>Comfort and performance for large gardens<\/h2>\n<\/p><\/div>\n<\/div>\n<div class=\"acfd-block acfd-block__twocolumns mb-asm-2 container-fluid px-0 bg-default\">\n<div class=\"acfd-twocolumns\">\n<div class=\"row\">\n<div class='col-lg-9 mb-4'>\n<div class=\"acfd-block acfd-block__text container-fluid px-0 bg-default\">\n<div class=\"acfd-text\">\n<p>Made for gardens of all sizes. Packed with the features found on its larger siblings. Treat yourself to its increased comfort and performance. With a premium Kawasaki engine, a cutting width of 107 cm, its tubular steel frame and plenty of comfort, the IKON XD 42 is the ideal mower for medium-sized lawns and gardens. For years to come.<\/p>\n<ul>\n<li>The IKON XD 42 features a 107cm (42&#8243;) fabricated deck constructed from 11-gauge steel<\/li>\n<li>Powered by a Kawasaki<sup>&reg;<\/sup> FR651 \u200b726cc engine<\/li>\n<li>Dial-operated cutting height adjustment with 13 cutting positions<\/li>\n<li>Tubular steel frame<\/li>\n<li>Plush high-back seat with arm rests and padded control arms<\/li>\n<li>Range of optional accessories is available<\/li>\n<li>3-year or 300 hour warranty<\/li>\n<\/ul>\n<\/div>\n<\/div><\/div>\n<div class='col-lg'>                    <\/div>\n<\/p><\/div>\n<\/div>\n<\/div>\n<div class=\"acfd-block acfd-block__category mb-asm-3 container-fluid px-0 bg-default\">\n<div class=\"acfd-product-categories\">\n<h2 class=\"text-left mb-3\">\n        Eins\u00e4tze    <\/h2>\n<div class=\"product-categories_wrapper\">\n         <span data-description=\"Sei un fornitore di servizi, un servizio di pulizia o devi regolarmente mantenere aree di grandi dimensioni? Allora una macchina semi-professionale ti offre le prestazioni e la durata necessarie per completare in modo affidabile il tuo lavoro di taglio\" class=\"product-category-single\"> Semi-Professionali                <sup><i class=\"fa fa-info-circle\" aria-hidden=\"true\"><\/i><\/sup>            <\/span>  <span data-description=\"Hai un bel prato nel tuo giardino o intorno alla tua propriet\u00e0? Vuoi mantenere regolarmente il tuo prato a partire da met\u00e0 marzo? A seconda della larghezza di taglio, i nostri tosaerba possono gestire tutte le dimensioni dei giardini.\" class=\"product-category-single\"> Privati                <sup><i class=\"fa fa-info-circle\" aria-hidden=\"true\"><\/i><\/sup>            <\/span>  <span data-description=\"I nostri tosaerba a benzina sono dotati di motori Kawasaki<sup>&reg;<\/sup> o Ariens di alta qualit\u00e0. Offrono prestazioni e affidabilit\u00e0 superiori alla media.\" class=\"product-category-single\"> Benzina                <sup><i class=\"fa fa-info-circle\" aria-hidden=\"true\"><\/i><\/sup>            <\/span>  <span data-description=\"Quando utilizzi un kit mulching adatto nel tuo tosaerba, lo scarico laterale non \u00e8 pi\u00f9 necessario. I ritagli vengono finemente sminuzzati e distribuiti uniformemente sul retro del prato. Qualsiasi fertilizzante applicato rimane sulla superficie e le particelle di erba fine scompaiono quasi invisibilmente nel prato.\" class=\"product-category-single\"> Mulching kit Optional                <sup><i class=\"fa fa-info-circle\" aria-hidden=\"true\"><\/i><\/sup>            <\/span>  <span data-description=\"I tosaerba con conducente a bordo, offrono un alto livello di comfort. Utilizziamo sedili di alta qualit\u00e0 a partire dal modello base. Ampio spazio per le gambe e controlli ergonomici sono di serie.\" class=\"product-category-single\"> Zero turn con conducente a bordo                <sup><i class=\"fa fa-info-circle\" aria-hidden=\"true\"><\/i><\/sup>            <\/span>  <span data-description=\"Con i modelli APEX e ZENITH, hai la scelta tra piatti di taglio con scarico laterale e piatti di taglio con scarico posteriore. Un piatto di taglio con scarico laterale espelle i ritagli attraverso un'apertura laterale e un deflettore. Il potente flusso d'aria poi li distribuisce su una vasta area. Un kit di pacciamatura opzionale pu\u00f2 essere installato nei piatti di taglio con scarico laterale. Quando viene utilizzato un kit di pacciamatura, i ritagli vengono finemente sminuzzati e espulsi sul retro. Lo scarico laterale e il deflettore vengono quindi chiusi o rimossi.\" class=\"product-category-single\"> Scarico Erba Laterale                <sup><i class=\"fa fa-info-circle\" aria-hidden=\"true\"><\/i><\/sup>            <\/span>  <span data-description=\"Tutti i tosaerba Ariens sono adatti per prati pianeggianti. Seleziona la larghezza di taglio in base alla dimensione della tua area e a eventuali aree strette limitanti.\" class=\"product-category-single\"> Terreni Pianeggianti                <sup><i class=\"fa fa-info-circle\" aria-hidden=\"true\"><\/i><\/sup>            <\/span>  <span data-description=\"I tosaerba Ariens si comportano bene su terreni sconnessi. Per i terreni ondulati, scegli piatti di taglio pi\u00f9 stretti per un modello di taglio pi\u00f9 uniforme.\" class=\"product-category-single\"> Terreni Sconnessi                <sup><i class=\"fa fa-info-circle\" aria-hidden=\"true\"><\/i><\/sup>            <\/span>  <span data-description=\"\u00c8 meglio scegliere una macchina con ruote larghe. Non superare il limite di sicurezza specificato di 15\u00b0 di inclinazione per i tosaerba a guida seduta e di 20\u00b0 per i tosaerba a guida in piedi. Su terreni ondulati, scegli piatti di taglio pi\u00f9 stretti per un modello di taglio pi\u00f9 uniforme. Il modello ZENITH ha una protezione antiribaltamento di serie. Pu\u00f2 essere montata anche sull'APEX.\" class=\"product-category-single\"> Terreni in Pendenza                <sup><i class=\"fa fa-info-circle\" aria-hidden=\"true\"><\/i><\/sup>            <\/span>  <span data-description=\"I tosaerba a raggio zero non sono solo per aree di grandi dimensioni. Il modello EDGE con una larghezza di taglio di 86 cm \u00e8 adatto per aree di circa 800 m\u00b2 e passaggi strettti.\" class=\"product-category-single\"> Piccole superfici                <sup><i class=\"fa fa-info-circle\" aria-hidden=\"true\"><\/i><\/sup>            <\/span>  <span data-description=\"Utilizza larghezze di taglio di 107 cm e 122 cm per prati di medie e grandi dimensioni.\" class=\"product-category-single\"> Aree di Medie Dimensioni                <sup><i class=\"fa fa-info-circle\" aria-hidden=\"true\"><\/i><\/sup>            <\/span>     <\/div>\n<\/div>\n<\/div>\n<div class=\"acfd-block acfd-block__twocolumns mb-asm-2 container-fluid container-fluid--force px-0 bg-default\">\n<div class=\"acfd-twocolumns\">\n<div class=\"row\">\n<div class='col-lg-12 mb-4'>\n<div class=\"acfd-product-advantages--wrapper\">\n<h2 class=\"h1 bigger text-color-black text-center mb-5\">\n        Merkmale &amp; Vorteile    <\/h2>\n<div class=\"acfd-product-advantages\">\n<div class=\"row\">\n<div class=\"col-md-6 mb-4 content\">\n                    <span class=\"d-block h5 text-color-brand mb-1\">Grosse Gomme<\/span><\/p>\n<p>I tuoi pneumatici di grande diametro con una larga impronta offrono un&#8217;eccellente trazione e una guida confortevole.<\/p>\n<\/p><\/div>\n<div class=\"col-md-6 mb4 image\" style=\"background-image:url(https:\/\/www.ariens.eu\/it\/wp-content\/uploads\/sites\/13\/2024\/05\/ariens-ikon-xd-zero-turn-large-tyres-1.webp)\">\n                <\/div>\n<\/p><\/div>\n<div class=\"row\">\n<div class=\"col-md-6 mb-4 content\">\n                    <span class=\"d-block h5 text-color-brand mb-1\">Motori delle ruote idrostatici integrati<\/span><\/p>\n<p>La trasmissione idrostatica a variazione continua (combinazione di pompa dell&#8217;olio, motore a olio e cambio meccanico in un unico alloggiamento) fornisce un&#8217;enorme coppia di 291 Nm e garantisce una guida fluida e reazioni precise. \u00c8 inoltre esente da manutenzione.<\/p>\n<\/p><\/div>\n<div class=\"col-md-6 mb4 image\" style=\"background-image:url(https:\/\/www.ariens.eu\/it\/wp-content\/uploads\/sites\/13\/2024\/05\/ariens-ikon-xd-zero-turn-hydro-gear-ezt-transaxles-1.webp)\">\n                <\/div>\n<\/p><\/div>\n<div class=\"row\">\n<div class=\"col-md-6 mb-4 content\">\n                    <span class=\"d-block h5 text-color-brand mb-1\">Selettore regolazioni altezza di taglio<\/span><\/p>\n<p>selettore rapido ergonomico per le 13 altezze di taglio &#8211; da 3,8 cm a 11,4 cm. Sollevamento del piatto di taglio comodo e veloce utilizzando il pedale.<\/p>\n<\/p><\/div>\n<div class=\"col-md-6 mb4 image\" style=\"background-image:url(https:\/\/www.ariens.eu\/it\/wp-content\/uploads\/sites\/13\/2024\/05\/ariens-ikon-xd-zero-turn-cutting-height-dial-adjustment-1.jpg)\">\n                <\/div>\n<\/p><\/div>\n<div class=\"row\">\n<div class=\"col-md-6 mb-4 content\">\n                    <span class=\"d-block h5 text-color-brand mb-1\">Motori Affidabili<\/span><\/p>\n<p>The name Kawasaki stands for absolute reliability, high performance and durability when it comes to engines. 726 cm\u00b3 OHV 4-stroke engine. Max. 15.4 kW (20.6 hp)\/3,600 rpm.<\/p>\n<\/p><\/div>\n<div class=\"col-md-6 mb4 image\" style=\"background-image:url(https:\/\/www.ariens.eu\/it\/wp-content\/uploads\/sites\/13\/2024\/05\/ariens-ikon-xd-zero-turn-kawasaki-engine-1.webp)\">\n                <\/div>\n<\/p><\/div>\n<\/p><\/div>\n<\/div><\/div>\n<div class='col-lg'>                    <\/div>\n<\/p><\/div>\n<\/div>\n<\/div>\n","protected":false},"excerpt":{"rendered":"<p>Comfort and performance for large gardens Made for gardens of all sizes. Packed with the features found on its larger siblings. Treat yourself to its increased comfort and performance. With a premium Kawasaki engine, a cutting width of 107 cm, its tubular steel frame and plenty of comfort, the IKON XD 42 is the ideal [&hellip;]<\/p>\n","protected":false},"featured_media":2641,"comment_status":"open","ping_status":"closed","template":"","meta":{"_acf_changed":false,"_relevanssi_hide_post":"","_relevanssi_hide_content":"","_relevanssi_pin_for_all":"","_relevanssi_pin_keywords":"","_relevanssi_unpin_keywords":"","_relevanssi_related_keywords":"","_relevanssi_related_include_ids":"","_relevanssi_related_exclude_ids":"","_relevanssi_related_no_append":"","_relevanssi_related_not_related":"","_relevanssi_related_posts":"","_relevanssi_noindex_reason":""},"product_brand":[],"product_cat":[15],"product_tag":[],"class_list":{"0":"post-2326","1":"product","2":"type-product","3":"status-publish","4":"has-post-thumbnail","6":"product_usage_areas-giardini-privati","7":"product_usage_areas-servizi-di-pulizia-e-manutenzione","8":"product_usage_areas-strutture-ricreative","10":"first","11":"instock","12":"shipping-taxable","13":"product-type-simple"},"acf":[],"yoast_head":"<!-- This site is optimized with the Yoast SEO plugin v27.3 - https:\/\/yoast.com\/product\/yoast-seo-wordpress\/ -->\n<title>IKON XD 42 - Ideal for medium sized lawns | Ariens zero-tur mower<\/title>\n<meta name=\"description\" content=\"With a premium Kawasaki 726cc engine and 107cm (42&quot;) fully fabricated cutter deck, an IKON XD 42 zero-turn is perfect for medium sized lawns.\" \/>\n<meta name=\"robots\" content=\"index, follow, max-snippet:-1, max-image-preview:large, max-video-preview:-1\" \/>\n<link rel=\"canonical\" href=\"https:\/\/www.ariens.eu\/it\/product\/ikon-xd-42\/\" \/>\n<meta property=\"og:locale\" content=\"it_IT\" \/>\n<meta property=\"og:type\" content=\"article\" \/>\n<meta property=\"og:title\" content=\"IKON XD 42 - Ideal for medium sized lawns | Ariens zero-tur mower\" \/>\n<meta property=\"og:description\" content=\"With a premium Kawasaki 726cc engine and 107cm (42&quot;) fully fabricated cutter deck, an IKON XD 42 zero-turn is perfect for medium sized lawns.\" \/>\n<meta property=\"og:url\" content=\"https:\/\/www.ariens.eu\/it\/product\/ikon-xd-42\/\" \/>\n<meta property=\"og:site_name\" content=\"Ariens | EMEAA\" \/>\n<meta property=\"article:modified_time\" content=\"2025-11-04T14:33:30+00:00\" \/>\n<meta property=\"og:image\" content=\"https:\/\/www.ariens.eu\/it\/wp-content\/uploads\/sites\/13\/2024\/05\/2022-ariens-ikon-xd-42-zero-turn-front-left-768x555-1.png\" \/>\n\t<meta property=\"og:image:width\" content=\"768\" \/>\n\t<meta property=\"og:image:height\" content=\"555\" \/>\n\t<meta property=\"og:image:type\" content=\"image\/png\" \/>\n<meta name=\"twitter:card\" content=\"summary_large_image\" \/>\n<meta name=\"twitter:label1\" content=\"Tempo di lettura stimato\" \/>\n\t<meta name=\"twitter:data1\" content=\"2 minuti\" \/>\n<script type=\"application\/ld+json\" class=\"yoast-schema-graph\">{\"@context\":\"https:\\\/\\\/schema.org\",\"@graph\":[{\"@type\":\"WebPage\",\"@id\":\"https:\\\/\\\/www.ariens.eu\\\/it\\\/product\\\/ikon-xd-42\\\/\",\"url\":\"https:\\\/\\\/www.ariens.eu\\\/it\\\/product\\\/ikon-xd-42\\\/\",\"name\":\"IKON XD 42 - Ideal for medium sized lawns | Ariens zero-tur mower\",\"isPartOf\":{\"@id\":\"https:\\\/\\\/www.ariens.eu\\\/it\\\/#website\"},\"primaryImageOfPage\":{\"@id\":\"https:\\\/\\\/www.ariens.eu\\\/it\\\/product\\\/ikon-xd-42\\\/#primaryimage\"},\"image\":{\"@id\":\"https:\\\/\\\/www.ariens.eu\\\/it\\\/product\\\/ikon-xd-42\\\/#primaryimage\"},\"thumbnailUrl\":\"https:\\\/\\\/www.ariens.eu\\\/it\\\/wp-content\\\/uploads\\\/sites\\\/13\\\/2024\\\/05\\\/2022-ariens-ikon-xd-42-zero-turn-front-left-768x555-1.png\",\"datePublished\":\"2024-05-10T10:04:36+00:00\",\"dateModified\":\"2025-11-04T14:33:30+00:00\",\"description\":\"With a premium Kawasaki 726cc engine and 107cm (42\\\") fully fabricated cutter deck, an IKON XD 42 zero-turn is perfect for medium sized lawns.\",\"breadcrumb\":{\"@id\":\"https:\\\/\\\/www.ariens.eu\\\/it\\\/product\\\/ikon-xd-42\\\/#breadcrumb\"},\"inLanguage\":\"it-IT\",\"potentialAction\":[{\"@type\":\"ReadAction\",\"target\":[\"https:\\\/\\\/www.ariens.eu\\\/it\\\/product\\\/ikon-xd-42\\\/\"]}]},{\"@type\":\"ImageObject\",\"inLanguage\":\"it-IT\",\"@id\":\"https:\\\/\\\/www.ariens.eu\\\/it\\\/product\\\/ikon-xd-42\\\/#primaryimage\",\"url\":\"https:\\\/\\\/www.ariens.eu\\\/it\\\/wp-content\\\/uploads\\\/sites\\\/13\\\/2024\\\/05\\\/2022-ariens-ikon-xd-42-zero-turn-front-left-768x555-1.png\",\"contentUrl\":\"https:\\\/\\\/www.ariens.eu\\\/it\\\/wp-content\\\/uploads\\\/sites\\\/13\\\/2024\\\/05\\\/2022-ariens-ikon-xd-42-zero-turn-front-left-768x555-1.png\",\"width\":768,\"height\":555},{\"@type\":\"BreadcrumbList\",\"@id\":\"https:\\\/\\\/www.ariens.eu\\\/it\\\/product\\\/ikon-xd-42\\\/#breadcrumb\",\"itemListElement\":[{\"@type\":\"ListItem\",\"position\":1,\"name\":\"Home\",\"item\":\"https:\\\/\\\/www.ariens.eu\\\/it\\\/\"},{\"@type\":\"ListItem\",\"position\":2,\"name\":\"Shop\",\"item\":\"https:\\\/\\\/www.ariens.eu\\\/it\\\/shop\\\/\"},{\"@type\":\"ListItem\",\"position\":3,\"name\":\"IKON XD 42\"}]},{\"@type\":\"WebSite\",\"@id\":\"https:\\\/\\\/www.ariens.eu\\\/it\\\/#website\",\"url\":\"https:\\\/\\\/www.ariens.eu\\\/it\\\/\",\"name\":\"Ariens | EMEAA\",\"description\":\"Powerful and reliable zero-turn mowers &amp; snow blowers for professional users and demanding private customers\",\"publisher\":{\"@id\":\"https:\\\/\\\/www.ariens.eu\\\/it\\\/#organization\"},\"potentialAction\":[{\"@type\":\"SearchAction\",\"target\":{\"@type\":\"EntryPoint\",\"urlTemplate\":\"https:\\\/\\\/www.ariens.eu\\\/it\\\/?s={search_term_string}\"},\"query-input\":{\"@type\":\"PropertyValueSpecification\",\"valueRequired\":true,\"valueName\":\"search_term_string\"}}],\"inLanguage\":\"it-IT\"},{\"@type\":\"Organization\",\"@id\":\"https:\\\/\\\/www.ariens.eu\\\/it\\\/#organization\",\"name\":\"AriensCo GmbH\",\"url\":\"https:\\\/\\\/www.ariens.eu\\\/it\\\/\",\"logo\":{\"@type\":\"ImageObject\",\"inLanguage\":\"it-IT\",\"@id\":\"https:\\\/\\\/www.ariens.eu\\\/it\\\/#\\\/schema\\\/logo\\\/image\\\/\",\"url\":\"https:\\\/\\\/www.ariens.eu\\\/wp-content\\\/uploads\\\/2024\\\/11\\\/ariens-co-logo.jpg\",\"contentUrl\":\"https:\\\/\\\/www.ariens.eu\\\/wp-content\\\/uploads\\\/2024\\\/11\\\/ariens-co-logo.jpg\",\"width\":1000,\"height\":1000,\"caption\":\"AriensCo GmbH\"},\"image\":{\"@id\":\"https:\\\/\\\/www.ariens.eu\\\/it\\\/#\\\/schema\\\/logo\\\/image\\\/\"}}]}<\/script>\n<!-- \/ Yoast SEO plugin. -->","yoast_head_json":{"title":"IKON XD 42 - Ideal for medium sized lawns | Ariens zero-tur mower","description":"With a premium Kawasaki 726cc engine and 107cm (42\") fully fabricated cutter deck, an IKON XD 42 zero-turn is perfect for medium sized lawns.","robots":{"index":"index","follow":"follow","max-snippet":"max-snippet:-1","max-image-preview":"max-image-preview:large","max-video-preview":"max-video-preview:-1"},"canonical":"https:\/\/www.ariens.eu\/it\/product\/ikon-xd-42\/","og_locale":"it_IT","og_type":"article","og_title":"IKON XD 42 - Ideal for medium sized lawns | Ariens zero-tur mower","og_description":"With a premium Kawasaki 726cc engine and 107cm (42\") fully fabricated cutter deck, an IKON XD 42 zero-turn is perfect for medium sized lawns.","og_url":"https:\/\/www.ariens.eu\/it\/product\/ikon-xd-42\/","og_site_name":"Ariens | EMEAA","article_modified_time":"2025-11-04T14:33:30+00:00","og_image":[{"width":768,"height":555,"url":"https:\/\/www.ariens.eu\/it\/wp-content\/uploads\/sites\/13\/2024\/05\/2022-ariens-ikon-xd-42-zero-turn-front-left-768x555-1.png","type":"image\/png"}],"twitter_card":"summary_large_image","twitter_misc":{"Tempo di lettura stimato":"2 minuti"},"schema":{"@context":"https:\/\/schema.org","@graph":[{"@type":"WebPage","@id":"https:\/\/www.ariens.eu\/it\/product\/ikon-xd-42\/","url":"https:\/\/www.ariens.eu\/it\/product\/ikon-xd-42\/","name":"IKON XD 42 - Ideal for medium sized lawns | Ariens zero-tur mower","isPartOf":{"@id":"https:\/\/www.ariens.eu\/it\/#website"},"primaryImageOfPage":{"@id":"https:\/\/www.ariens.eu\/it\/product\/ikon-xd-42\/#primaryimage"},"image":{"@id":"https:\/\/www.ariens.eu\/it\/product\/ikon-xd-42\/#primaryimage"},"thumbnailUrl":"https:\/\/www.ariens.eu\/it\/wp-content\/uploads\/sites\/13\/2024\/05\/2022-ariens-ikon-xd-42-zero-turn-front-left-768x555-1.png","datePublished":"2024-05-10T10:04:36+00:00","dateModified":"2025-11-04T14:33:30+00:00","description":"With a premium Kawasaki 726cc engine and 107cm (42\") fully fabricated cutter deck, an IKON XD 42 zero-turn is perfect for medium sized lawns.","breadcrumb":{"@id":"https:\/\/www.ariens.eu\/it\/product\/ikon-xd-42\/#breadcrumb"},"inLanguage":"it-IT","potentialAction":[{"@type":"ReadAction","target":["https:\/\/www.ariens.eu\/it\/product\/ikon-xd-42\/"]}]},{"@type":"ImageObject","inLanguage":"it-IT","@id":"https:\/\/www.ariens.eu\/it\/product\/ikon-xd-42\/#primaryimage","url":"https:\/\/www.ariens.eu\/it\/wp-content\/uploads\/sites\/13\/2024\/05\/2022-ariens-ikon-xd-42-zero-turn-front-left-768x555-1.png","contentUrl":"https:\/\/www.ariens.eu\/it\/wp-content\/uploads\/sites\/13\/2024\/05\/2022-ariens-ikon-xd-42-zero-turn-front-left-768x555-1.png","width":768,"height":555},{"@type":"BreadcrumbList","@id":"https:\/\/www.ariens.eu\/it\/product\/ikon-xd-42\/#breadcrumb","itemListElement":[{"@type":"ListItem","position":1,"name":"Home","item":"https:\/\/www.ariens.eu\/it\/"},{"@type":"ListItem","position":2,"name":"Shop","item":"https:\/\/www.ariens.eu\/it\/shop\/"},{"@type":"ListItem","position":3,"name":"IKON XD 42"}]},{"@type":"WebSite","@id":"https:\/\/www.ariens.eu\/it\/#website","url":"https:\/\/www.ariens.eu\/it\/","name":"Ariens | EMEAA","description":"Powerful and reliable zero-turn mowers &amp; snow blowers for professional users and demanding private customers","publisher":{"@id":"https:\/\/www.ariens.eu\/it\/#organization"},"potentialAction":[{"@type":"SearchAction","target":{"@type":"EntryPoint","urlTemplate":"https:\/\/www.ariens.eu\/it\/?s={search_term_string}"},"query-input":{"@type":"PropertyValueSpecification","valueRequired":true,"valueName":"search_term_string"}}],"inLanguage":"it-IT"},{"@type":"Organization","@id":"https:\/\/www.ariens.eu\/it\/#organization","name":"AriensCo GmbH","url":"https:\/\/www.ariens.eu\/it\/","logo":{"@type":"ImageObject","inLanguage":"it-IT","@id":"https:\/\/www.ariens.eu\/it\/#\/schema\/logo\/image\/","url":"https:\/\/www.ariens.eu\/wp-content\/uploads\/2024\/11\/ariens-co-logo.jpg","contentUrl":"https:\/\/www.ariens.eu\/wp-content\/uploads\/2024\/11\/ariens-co-logo.jpg","width":1000,"height":1000,"caption":"AriensCo GmbH"},"image":{"@id":"https:\/\/www.ariens.eu\/it\/#\/schema\/logo\/image\/"}}]}},"_links":{"self":[{"href":"https:\/\/www.ariens.eu\/it\/wp-json\/wp\/v2\/product\/2326","targetHints":{"allow":["GET"]}}],"collection":[{"href":"https:\/\/www.ariens.eu\/it\/wp-json\/wp\/v2\/product"}],"about":[{"href":"https:\/\/www.ariens.eu\/it\/wp-json\/wp\/v2\/types\/product"}],"replies":[{"embeddable":true,"href":"https:\/\/www.ariens.eu\/it\/wp-json\/wp\/v2\/comments?post=2326"}],"wp:featuredmedia":[{"embeddable":true,"href":"https:\/\/www.ariens.eu\/it\/wp-json\/wp\/v2\/media\/2641"}],"wp:attachment":[{"href":"https:\/\/www.ariens.eu\/it\/wp-json\/wp\/v2\/media?parent=2326"}],"wp:term":[{"taxonomy":"product_brand","embeddable":true,"href":"https:\/\/www.ariens.eu\/it\/wp-json\/wp\/v2\/product_brand?post=2326"},{"taxonomy":"product_cat","embeddable":true,"href":"https:\/\/www.ariens.eu\/it\/wp-json\/wp\/v2\/product_cat?post=2326"},{"taxonomy":"product_tag","embeddable":true,"href":"https:\/\/www.ariens.eu\/it\/wp-json\/wp\/v2\/product_tag?post=2326"}],"curies":[{"name":"wp","href":"https:\/\/api.w.org\/{rel}","templated":true}]}}