{"id":2335,"date":"2024-05-10T11:04:36","date_gmt":"2024-05-10T10:04:36","guid":{"rendered":"https:\/\/www.ariens.eu\/product\/zenith-60\/"},"modified":"2026-02-25T10:42:04","modified_gmt":"2026-02-25T10:42:04","slug":"zenith-60","status":"publish","type":"product","link":"https:\/\/www.ariens.eu\/it\/prodotto\/tagliaerba-zero-turn\/zenith-serie\/zenith-60","title":{"rendered":"ZENITH 60"},"content":{"rendered":"<div class=\"acfd-block acfd-block__headline mb-asm-1 container-fluid px-0 bg-default\">\n<div class=\"acfd-headline\">\n<h2 class='h2 text-left li_black'>Prestazioni professionali per ampie aree verdi.<\/h2>\n<\/p><\/div>\n<\/div>\n<div class=\"acfd-block acfd-block__twocolumns container-fluid px-0 bg-default\">\n<div class=\"acfd-twocolumns\">\n<div class=\"row\">\n<div class='col-lg-9 mb-4 '>\n<div class=\"acfd-block acfd-block__text container-fluid px-0 bg-default\">\n<div class=\"acfd-text li_black\">\n<p>Tutta la nostra esperienza in un&#8217;unica macchina pensata per i professionisti del verde. Il massimo in termini di prestazioni, durata e comfort.<\/p>\n<p>Questo modello \u00e8 pensato per un utilizzo professionale, con il suo potente motore Kawasaki FX730V, 726 cc con doppio filtro aria, le sospensioni anteriori e il confortevole sedile ammortizzato regolabile per il massimo comfort di guida. Ampio piatto di taglio da 152 cm con scarico laterale o disponibile Kit Mulching opzionale. ROPS di serie.<\/p>\n<ul>\n<li>ZENITH 60 \u00e8 dotato di piatto di taglio in acciaio da 152 cm<\/li>\n<li>Alimentato da un motore V-Twin Kawasaki<sup>&reg;<\/sup> FX730V da 726 cc<\/li>\n<li>Telaio tubolare in acciaio completamente saldato, leader del settore<\/li>\n<li>Il sistema CBT (Constant Belt Tension) prolunga la durata delle cinghie<\/li>\n<li>Sospensione ruote anteriori e sedile completamente ammortizzato per una guida pi\u00f9 fluida<\/li>\n<li>Struttura ROPS montata di serie per una maggiore protezione dell&#8217;operatore<\/li>\n<li>Regolazione altezza di taglio tramite Sistema selettore a perni verticale a pedale con 15 posizioni di taglio<\/li>\n<li>\u00c8 disponibile una gamma di accessori opzionali<\/li>\n<li>Garanzia di 4 anni o 750 ore<\/li>\n<\/ul>\n<\/div>\n<\/div><\/div>\n<div class='col-lg'>                    <\/div>\n<\/p><\/div>\n<\/div>\n<\/div>\n<div class=\"acfd-block acfd-block__category mb-asm-3 container-fluid px-0 bg-default\">\n<div class=\"acfd-product-categories\">\n<h2 class=\"text-left mb-3\">\n        Eins\u00e4tze    <\/h2>\n<div class=\"product-categories_wrapper\">\n         <span data-description=\"Sei un professionista del verde? Allora hai bisogno di una macchina particolarmente affidabile e confortevole con componenti durevoli come i modelli della gamma Ariens!\" class=\"product-category-single\"> Professionisti                <sup><i class=\"fa fa-info-circle\" aria-hidden=\"true\"><\/i><\/sup>            <\/span>  <span data-description=\"I nostri tagliaerba a benzina sono dotati di motori Kawasaki<sup>&reg;<\/sup> o Ariens di alta qualit\u00e0. Offrono prestazioni e affidabilit\u00e0 superiori alla media.\" class=\"product-category-single\"> Benzina                <sup><i class=\"fa fa-info-circle\" aria-hidden=\"true\"><\/i><\/sup>            <\/span>  <span data-description=\"Quando utilizzi un kit mulching, lo scarico laterale non \u00e8 pi\u00f9 necessario. Gli scarti d'erba vengono finemente sminuzzati e distribuiti uniformemente sul retro del prato. Le particelle di erba fine scompaiono nel prato diventando utile nutrimento.\" class=\"product-category-single\"> Mulching kit Optional                <sup><i class=\"fa fa-info-circle\" aria-hidden=\"true\"><\/i><\/sup>            <\/span>  <span data-description=\"I tosaerba con conducente a bordo, offrono un alto livello di comfort. Utilizziamo sedili di alta qualit\u00e0 a partire dal modello base. Ampio spazio per le gambe e controlli ergonomici sono di serie.\" class=\"product-category-single\"> Zero turn con conducente a bordo                <sup><i class=\"fa fa-info-circle\" aria-hidden=\"true\"><\/i><\/sup>            <\/span>  <span data-description=\"Con i modelli APEX e ZENITH, hai la scelta tra piatti di taglio con scarico laterale e piatti di taglio con scarico posteriore. Un piatto di taglio con scarico laterale espelle i ritagli attraverso un'apertura laterale e un deflettore. Il potente flusso d'aria poi li distribuisce su una vasta area. Un kit di pacciamatura opzionale pu\u00f2 essere installato nei piatti di taglio con scarico laterale. Quando viene utilizzato un kit di pacciamatura, i ritagli vengono finemente sminuzzati e espulsi sul retro. Lo scarico laterale e il deflettore vengono quindi chiusi o rimossi.\" class=\"product-category-single\"> Scarico Erba Laterale                <sup><i class=\"fa fa-info-circle\" aria-hidden=\"true\"><\/i><\/sup>            <\/span>  <span data-description=\"Tutti i tosaerba Ariens sono adatti per prati pianeggianti. Seleziona la larghezza di taglio in base alla dimensione della tua area e a eventuali aree strette limitanti.\" class=\"product-category-single\"> Terreni Pianeggianti                <sup><i class=\"fa fa-info-circle\" aria-hidden=\"true\"><\/i><\/sup>            <\/span>  <span data-description=\"I tosaerba Ariens si comportano bene su terreni sconnessi. Per i terreni ondulati, scegli piatti di taglio pi\u00f9 stretti per un modello di taglio pi\u00f9 uniforme.\" class=\"product-category-single\"> Terreni Sconnessi                <sup><i class=\"fa fa-info-circle\" aria-hidden=\"true\"><\/i><\/sup>            <\/span>  <span data-description=\"\u00c8 meglio scegliere una macchina con ruote larghe. Non superare il limite di sicurezza specificato di 15\u00b0 di inclinazione per i tosaerba a guida seduta e di 20\u00b0 per i tosaerba a guida in piedi. Su terreni ondulati, scegli piatti di taglio pi\u00f9 stretti per un modello di taglio pi\u00f9 uniforme. Il modello ZENITH ha una protezione antiribaltamento di serie. Pu\u00f2 essere montata anche sull'APEX.\" class=\"product-category-single\"> Terreni in Pendenza                <sup><i class=\"fa fa-info-circle\" aria-hidden=\"true\"><\/i><\/sup>            <\/span>  <span data-description=\"I piatti di taglio da 132 cm e 152 cm sono perfetti per aree di grandi dimensioni.\" class=\"product-category-single\"> Grandi Superfici                <sup><i class=\"fa fa-info-circle\" aria-hidden=\"true\"><\/i><\/sup>            <\/span>     <\/div>\n<\/div>\n<\/div>\n<div class=\"acfd-block acfd-block__twocolumns mb-asm-2 container-fluid container-fluid--force px-0 bg-default\">\n<div class=\"acfd-twocolumns\">\n<div class=\"row\">\n<div class='col-lg-12 mb-4 '>\n<div class=\"acfd-product-advantages--wrapper\">\n<h2 class=\"h1 bigger text-color-black text-center mb-5\">\n        Merkmale &amp; Vorteile    <\/h2>\n<div class=\"acfd-product-advantages\">\n<div class=\"row\">\n<div class=\"col-md-6 mb-4 content\">\n                    <span class=\"d-block h5 text-color-brand mb-1\">Design del telaio leader del settore<\/span><\/p>\n<p>Il telaio a sezione tubolare di grandi dimensioni e con il minor numero possibile di giunzioni saldate, grazie alla tecnologia di piegatura automobilistica, sopporta i carichi della macchina con forza e stabilit\u00e0 senza pari.<\/p>\n<\/p><\/div>\n<div class=\"col-md-6 mb4 image\" style=\"background-image:url(https:\/\/www.ariens.eu\/it\/wp-content\/uploads\/sites\/13\/2024\/05\/frame.webp)\">\n                <\/div>\n<\/p><\/div>\n<div class=\"row\">\n<div class=\"col-md-6 mb-4 content\">\n                    <span class=\"d-block h5 text-color-brand mb-1\">Sistema di tensionamento automatico della cinghia<\/span><\/p>\n<p>La tecnologia CBT (Constant Belt Tension) automatica mantiene costante la tensione della cinghia del piatto di taglio in ogni momento. Questo aumenta la durata della cinghia, compensa l&#8217;usura e previene lo slittamento della cinghia per un modello di taglio di alta qualit\u00e0 costante.<\/p>\n<\/p><\/div>\n<div class=\"col-md-6 mb4 image\" style=\"background-image:url(https:\/\/www.ariens.eu\/it\/wp-content\/uploads\/sites\/13\/2024\/05\/apex-feature-3.webp)\">\n                <\/div>\n<\/p><\/div>\n<div class=\"row\">\n<div class=\"col-md-6 mb-4 content\">\n                    <span class=\"d-block h5 text-color-brand mb-1\">Arco di Protezione-Rollbar<\/span><\/p>\n<p>&#8220;Il sistema di protezione contro il ribaltamento con cintura di sicurezza (ROPS) offre una protezione aggiuntiva per il conducente. \u00c8 pieghevole e inclinato ergonomicamente all&#8217;indietro per evitare dolorosi urti al gomito durante la guida.&#8221;<\/p>\n<\/p><\/div>\n<div class=\"col-md-6 mb4 image\" style=\"background-image:url(https:\/\/www.ariens.eu\/it\/wp-content\/uploads\/sites\/13\/2024\/05\/ariens-zenith-zero-turn-feature5-rops.webp)\">\n                <\/div>\n<\/p><\/div>\n<div class=\"row\">\n<div class=\"col-md-6 mb-4 content\">\n                    <span class=\"d-block h5 text-color-brand mb-1\">Sollevamento dell&#8217;Apparato di taglio tramite Pedale<\/span><\/p>\n<p>Il solido piatto di taglio si solleva comodamente e senza sforzo usando un pedale. Per selezionare una delle 15 altezze di taglio da 3,8 a 12,7 cm, si inserisce un tappo di metallo nell&#8217;apposita rientranza nel display.<\/p>\n<\/p><\/div>\n<div class=\"col-md-6 mb4 image\" style=\"background-image:url(https:\/\/www.ariens.eu\/it\/wp-content\/uploads\/sites\/13\/2024\/08\/cutting-height-adjustment-1.png)\">\n                <\/div>\n<\/p><\/div>\n<div class=\"row\">\n<div class=\"col-md-6 mb-4 content\">\n                    <span class=\"d-block h5 text-color-brand mb-1\">Sedile serie Confort Regolabile<\/span><\/p>\n<p>Il massimo comfort di guida \u00e8 essenziale per lavorare in modo produttivo e sicuro per ore e ore. Tenere lontani dal conducente forti urti e vibrazioni \u00e8 particolarmente importante per il suo benessere e la sua salute. La sospensione idro-pneumatica del sedile del conducente pu\u00f2 essere regolata con precisione in base al peso corporeo del conducente. I braccioli regolabili e lo schienale alto permettono al conducente di trovare la posizione di seduta ideale.<\/p>\n<\/p><\/div>\n<div class=\"col-md-6 mb4 image\" style=\"background-image:url(https:\/\/www.ariens.eu\/it\/wp-content\/uploads\/sites\/13\/2024\/05\/ariens-zenith-zero-turn-suspension-seat.webp)\">\n                <\/div>\n<\/p><\/div>\n<div class=\"row\">\n<div class=\"col-md-6 mb-4 content\">\n                    <span class=\"d-block h5 text-color-brand mb-1\">Kit Fari per Omologazione Stradale<\/span><\/p>\n<p>Disponibile kit fari omologazione stradale, installato dai rivenditori autorizzati Ariens.<\/p>\n<\/p><\/div>\n<div class=\"col-md-6 mb4 image\" style=\"background-image:url(https:\/\/www.ariens.eu\/it\/wp-content\/uploads\/sites\/13\/2024\/08\/stvzo-lichtkit-1.png)\">\n                <\/div>\n<\/p><\/div>\n<div class=\"row\">\n<div class=\"col-md-6 mb-4 content\">\n                    <span class=\"d-block h5 text-color-brand mb-1\">Apparato di taglio ENVY<\/span><\/p>\n<p>Il piatto di taglio \u00e8 il componente pi\u00f9 importante di un tosaerba. La stabilit\u00e0 \u00e8 particolarmente importante qui: Il nuovo piatto di taglio ENVY ha un migliorato flusso d&#8217;aria e uno scarico ingrandito. L&#8217;erba distesa viene sollevata pi\u00f9 in alto e tagliata perfettamente. Con sospensione a 4 punti per fissazione e parallelismo permanenti. Inoltre, Mozzi delle lame realizzati in alluminio forgiato. Lavorano a temperature pi\u00f9 basse e hanno maggiore resistenza a urti e vibrazioni rispetto ai mozzi in ghisa. Standard nella stagione 2025 sui modelli APEX e ZENITH e sul nuovo IKON.<\/p>\n<\/p><\/div>\n<div class=\"col-md-6 mb4 image\" style=\"background-image:url(https:\/\/www.ariens.eu\/it\/wp-content\/uploads\/sites\/13\/2024\/08\/envy-deck-52.png)\">\n                <\/div>\n<\/p><\/div>\n<\/p><\/div>\n<\/div><\/div>\n<div class='col-lg'>                    <\/div>\n<\/p><\/div>\n<\/div>\n<\/div>\n","protected":false},"excerpt":{"rendered":"<p>Prestazioni professionali per ampie aree verdi. Tutta la nostra esperienza in un&#8217;unica macchina pensata per i professionisti del verde. Il massimo in termini di prestazioni, durata e comfort. Questo modello \u00e8 pensato per un utilizzo professionale, con il suo potente motore Kawasaki FX730V, 726 cc con doppio filtro aria, le sospensioni anteriori e il confortevole [&hellip;]<\/p>\n","protected":false},"featured_media":5082,"comment_status":"open","ping_status":"closed","template":"","meta":{"_acf_changed":false,"_relevanssi_hide_post":"","_relevanssi_hide_content":"","_relevanssi_pin_for_all":"","_relevanssi_pin_keywords":"","_relevanssi_unpin_keywords":"","_relevanssi_related_keywords":"","_relevanssi_related_include_ids":"","_relevanssi_related_exclude_ids":"","_relevanssi_related_no_append":"","_relevanssi_related_not_related":"","_relevanssi_related_posts":"","_relevanssi_noindex_reason":""},"product_brand":[],"product_cat":[15],"product_tag":[],"class_list":{"0":"post-2335","1":"product","2":"type-product","3":"status-publish","4":"has-post-thumbnail","6":"product_variant-zenith-serie","7":"product_usage_areas-municipalities-building-yards","8":"product_usage_areas-operatori-professionali","9":"product_usage_areas-servizi-di-pulizia-e-manutenzione","11":"first","12":"instock","13":"shipping-taxable","14":"product-type-simple"},"acf":[],"yoast_head":"<!-- This site is optimized with the Yoast SEO plugin v27.3 - https:\/\/yoast.com\/product\/yoast-seo-wordpress\/ -->\n<title>ZENITH 60 - Ariens - Il nostro modello pi\u00f9 potente.<\/title>\n<meta name=\"description\" content=\"Con un potente motore Kawasaki FX730v da 726cc e un piatto di taglio da 152 cm con scarico laterale, lo ZENITH 60 \u00e8 la scelta dei professionisti\" \/>\n<meta name=\"robots\" content=\"index, follow, max-snippet:-1, max-image-preview:large, max-video-preview:-1\" \/>\n<link rel=\"canonical\" href=\"https:\/\/www.ariens.eu\/it\/prodotto\/tagliaerba-zero-turn\/zenith-serie\/zenith-60\/\" \/>\n<meta property=\"og:locale\" content=\"it_IT\" \/>\n<meta property=\"og:type\" content=\"article\" \/>\n<meta property=\"og:title\" content=\"ZENITH 60 - Ariens - Il nostro modello pi\u00f9 potente.\" \/>\n<meta property=\"og:description\" content=\"Con un potente motore Kawasaki FX730v da 726cc e un piatto di taglio da 152 cm con scarico laterale, lo ZENITH 60 \u00e8 la scelta dei professionisti\" \/>\n<meta property=\"og:url\" content=\"https:\/\/www.ariens.eu\/it\/prodotto\/tagliaerba-zero-turn\/zenith-serie\/zenith-60\/\" \/>\n<meta property=\"og:site_name\" content=\"Ariens | EMEAA\" \/>\n<meta property=\"article:modified_time\" content=\"2026-02-25T10:42:04+00:00\" \/>\n<meta property=\"og:image\" content=\"https:\/\/www.ariens.eu\/it\/wp-content\/uploads\/sites\/13\/2024\/11\/ariens-zenith-my25-3-4.png\" \/>\n\t<meta property=\"og:image:width\" content=\"1024\" \/>\n\t<meta property=\"og:image:height\" content=\"720\" \/>\n\t<meta property=\"og:image:type\" content=\"image\/png\" \/>\n<meta name=\"twitter:card\" content=\"summary_large_image\" \/>\n<meta name=\"twitter:label1\" content=\"Tempo di lettura stimato\" \/>\n\t<meta name=\"twitter:data1\" content=\"4 minuti\" \/>\n<script type=\"application\/ld+json\" class=\"yoast-schema-graph\">{\"@context\":\"https:\\\/\\\/schema.org\",\"@graph\":[{\"@type\":\"WebPage\",\"@id\":\"https:\\\/\\\/www.ariens.eu\\\/it\\\/prodotto\\\/tagliaerba-zero-turn\\\/zenith-serie\\\/zenith-60\\\/\",\"url\":\"https:\\\/\\\/www.ariens.eu\\\/it\\\/prodotto\\\/tagliaerba-zero-turn\\\/zenith-serie\\\/zenith-60\\\/\",\"name\":\"ZENITH 60 - Ariens - Il nostro modello pi\u00f9 potente.\",\"isPartOf\":{\"@id\":\"https:\\\/\\\/www.ariens.eu\\\/it\\\/#website\"},\"primaryImageOfPage\":{\"@id\":\"https:\\\/\\\/www.ariens.eu\\\/it\\\/prodotto\\\/tagliaerba-zero-turn\\\/zenith-serie\\\/zenith-60\\\/#primaryimage\"},\"image\":{\"@id\":\"https:\\\/\\\/www.ariens.eu\\\/it\\\/prodotto\\\/tagliaerba-zero-turn\\\/zenith-serie\\\/zenith-60\\\/#primaryimage\"},\"thumbnailUrl\":\"https:\\\/\\\/www.ariens.eu\\\/it\\\/wp-content\\\/uploads\\\/sites\\\/13\\\/2024\\\/11\\\/ariens-zenith-my25-3-4.png\",\"datePublished\":\"2024-05-10T10:04:36+00:00\",\"dateModified\":\"2026-02-25T10:42:04+00:00\",\"description\":\"Con un potente motore Kawasaki FX730v da 726cc e un piatto di taglio da 152 cm con scarico laterale, lo ZENITH 60 \u00e8 la scelta dei professionisti\",\"breadcrumb\":{\"@id\":\"https:\\\/\\\/www.ariens.eu\\\/it\\\/prodotto\\\/tagliaerba-zero-turn\\\/zenith-serie\\\/zenith-60\\\/#breadcrumb\"},\"inLanguage\":\"it-IT\",\"potentialAction\":[{\"@type\":\"ReadAction\",\"target\":[\"https:\\\/\\\/www.ariens.eu\\\/it\\\/prodotto\\\/tagliaerba-zero-turn\\\/zenith-serie\\\/zenith-60\\\/\"]}]},{\"@type\":\"ImageObject\",\"inLanguage\":\"it-IT\",\"@id\":\"https:\\\/\\\/www.ariens.eu\\\/it\\\/prodotto\\\/tagliaerba-zero-turn\\\/zenith-serie\\\/zenith-60\\\/#primaryimage\",\"url\":\"https:\\\/\\\/www.ariens.eu\\\/it\\\/wp-content\\\/uploads\\\/sites\\\/13\\\/2024\\\/11\\\/ariens-zenith-my25-3-4.png\",\"contentUrl\":\"https:\\\/\\\/www.ariens.eu\\\/it\\\/wp-content\\\/uploads\\\/sites\\\/13\\\/2024\\\/11\\\/ariens-zenith-my25-3-4.png\",\"width\":1024,\"height\":720,\"caption\":\"Ariens Zero-Turn model ZENITH\"},{\"@type\":\"BreadcrumbList\",\"@id\":\"https:\\\/\\\/www.ariens.eu\\\/it\\\/prodotto\\\/tagliaerba-zero-turn\\\/zenith-serie\\\/zenith-60\\\/#breadcrumb\",\"itemListElement\":[{\"@type\":\"ListItem\",\"position\":1,\"name\":\"Home\",\"item\":\"https:\\\/\\\/www.ariens.eu\\\/it\\\/\"},{\"@type\":\"ListItem\",\"position\":2,\"name\":\"Shop\",\"item\":\"https:\\\/\\\/www.ariens.eu\\\/it\\\/shop\\\/\"},{\"@type\":\"ListItem\",\"position\":3,\"name\":\"ZENITH 60\"}]},{\"@type\":\"WebSite\",\"@id\":\"https:\\\/\\\/www.ariens.eu\\\/it\\\/#website\",\"url\":\"https:\\\/\\\/www.ariens.eu\\\/it\\\/\",\"name\":\"Ariens | EMEAA\",\"description\":\"Powerful and reliable zero-turn mowers &amp; snow blowers for professional users and demanding private customers\",\"publisher\":{\"@id\":\"https:\\\/\\\/www.ariens.eu\\\/it\\\/#organization\"},\"potentialAction\":[{\"@type\":\"SearchAction\",\"target\":{\"@type\":\"EntryPoint\",\"urlTemplate\":\"https:\\\/\\\/www.ariens.eu\\\/it\\\/?s={search_term_string}\"},\"query-input\":{\"@type\":\"PropertyValueSpecification\",\"valueRequired\":true,\"valueName\":\"search_term_string\"}}],\"inLanguage\":\"it-IT\"},{\"@type\":\"Organization\",\"@id\":\"https:\\\/\\\/www.ariens.eu\\\/it\\\/#organization\",\"name\":\"AriensCo GmbH\",\"url\":\"https:\\\/\\\/www.ariens.eu\\\/it\\\/\",\"logo\":{\"@type\":\"ImageObject\",\"inLanguage\":\"it-IT\",\"@id\":\"https:\\\/\\\/www.ariens.eu\\\/it\\\/#\\\/schema\\\/logo\\\/image\\\/\",\"url\":\"https:\\\/\\\/www.ariens.eu\\\/wp-content\\\/uploads\\\/2024\\\/11\\\/ariens-co-logo.jpg\",\"contentUrl\":\"https:\\\/\\\/www.ariens.eu\\\/wp-content\\\/uploads\\\/2024\\\/11\\\/ariens-co-logo.jpg\",\"width\":1000,\"height\":1000,\"caption\":\"AriensCo GmbH\"},\"image\":{\"@id\":\"https:\\\/\\\/www.ariens.eu\\\/it\\\/#\\\/schema\\\/logo\\\/image\\\/\"}}]}<\/script>\n<!-- \/ Yoast SEO plugin. -->","yoast_head_json":{"title":"ZENITH 60 - Ariens - Il nostro modello pi\u00f9 potente.","description":"Con un potente motore Kawasaki FX730v da 726cc e un piatto di taglio da 152 cm con scarico laterale, lo ZENITH 60 \u00e8 la scelta dei professionisti","robots":{"index":"index","follow":"follow","max-snippet":"max-snippet:-1","max-image-preview":"max-image-preview:large","max-video-preview":"max-video-preview:-1"},"canonical":"https:\/\/www.ariens.eu\/it\/prodotto\/tagliaerba-zero-turn\/zenith-serie\/zenith-60\/","og_locale":"it_IT","og_type":"article","og_title":"ZENITH 60 - Ariens - Il nostro modello pi\u00f9 potente.","og_description":"Con un potente motore Kawasaki FX730v da 726cc e un piatto di taglio da 152 cm con scarico laterale, lo ZENITH 60 \u00e8 la scelta dei professionisti","og_url":"https:\/\/www.ariens.eu\/it\/prodotto\/tagliaerba-zero-turn\/zenith-serie\/zenith-60\/","og_site_name":"Ariens | EMEAA","article_modified_time":"2026-02-25T10:42:04+00:00","og_image":[{"width":1024,"height":720,"url":"https:\/\/www.ariens.eu\/it\/wp-content\/uploads\/sites\/13\/2024\/11\/ariens-zenith-my25-3-4.png","type":"image\/png"}],"twitter_card":"summary_large_image","twitter_misc":{"Tempo di lettura stimato":"4 minuti"},"schema":{"@context":"https:\/\/schema.org","@graph":[{"@type":"WebPage","@id":"https:\/\/www.ariens.eu\/it\/prodotto\/tagliaerba-zero-turn\/zenith-serie\/zenith-60\/","url":"https:\/\/www.ariens.eu\/it\/prodotto\/tagliaerba-zero-turn\/zenith-serie\/zenith-60\/","name":"ZENITH 60 - Ariens - Il nostro modello pi\u00f9 potente.","isPartOf":{"@id":"https:\/\/www.ariens.eu\/it\/#website"},"primaryImageOfPage":{"@id":"https:\/\/www.ariens.eu\/it\/prodotto\/tagliaerba-zero-turn\/zenith-serie\/zenith-60\/#primaryimage"},"image":{"@id":"https:\/\/www.ariens.eu\/it\/prodotto\/tagliaerba-zero-turn\/zenith-serie\/zenith-60\/#primaryimage"},"thumbnailUrl":"https:\/\/www.ariens.eu\/it\/wp-content\/uploads\/sites\/13\/2024\/11\/ariens-zenith-my25-3-4.png","datePublished":"2024-05-10T10:04:36+00:00","dateModified":"2026-02-25T10:42:04+00:00","description":"Con un potente motore Kawasaki FX730v da 726cc e un piatto di taglio da 152 cm con scarico laterale, lo ZENITH 60 \u00e8 la scelta dei professionisti","breadcrumb":{"@id":"https:\/\/www.ariens.eu\/it\/prodotto\/tagliaerba-zero-turn\/zenith-serie\/zenith-60\/#breadcrumb"},"inLanguage":"it-IT","potentialAction":[{"@type":"ReadAction","target":["https:\/\/www.ariens.eu\/it\/prodotto\/tagliaerba-zero-turn\/zenith-serie\/zenith-60\/"]}]},{"@type":"ImageObject","inLanguage":"it-IT","@id":"https:\/\/www.ariens.eu\/it\/prodotto\/tagliaerba-zero-turn\/zenith-serie\/zenith-60\/#primaryimage","url":"https:\/\/www.ariens.eu\/it\/wp-content\/uploads\/sites\/13\/2024\/11\/ariens-zenith-my25-3-4.png","contentUrl":"https:\/\/www.ariens.eu\/it\/wp-content\/uploads\/sites\/13\/2024\/11\/ariens-zenith-my25-3-4.png","width":1024,"height":720,"caption":"Ariens Zero-Turn model ZENITH"},{"@type":"BreadcrumbList","@id":"https:\/\/www.ariens.eu\/it\/prodotto\/tagliaerba-zero-turn\/zenith-serie\/zenith-60\/#breadcrumb","itemListElement":[{"@type":"ListItem","position":1,"name":"Home","item":"https:\/\/www.ariens.eu\/it\/"},{"@type":"ListItem","position":2,"name":"Shop","item":"https:\/\/www.ariens.eu\/it\/shop\/"},{"@type":"ListItem","position":3,"name":"ZENITH 60"}]},{"@type":"WebSite","@id":"https:\/\/www.ariens.eu\/it\/#website","url":"https:\/\/www.ariens.eu\/it\/","name":"Ariens | EMEAA","description":"Powerful and reliable zero-turn mowers &amp; snow blowers for professional users and demanding private customers","publisher":{"@id":"https:\/\/www.ariens.eu\/it\/#organization"},"potentialAction":[{"@type":"SearchAction","target":{"@type":"EntryPoint","urlTemplate":"https:\/\/www.ariens.eu\/it\/?s={search_term_string}"},"query-input":{"@type":"PropertyValueSpecification","valueRequired":true,"valueName":"search_term_string"}}],"inLanguage":"it-IT"},{"@type":"Organization","@id":"https:\/\/www.ariens.eu\/it\/#organization","name":"AriensCo GmbH","url":"https:\/\/www.ariens.eu\/it\/","logo":{"@type":"ImageObject","inLanguage":"it-IT","@id":"https:\/\/www.ariens.eu\/it\/#\/schema\/logo\/image\/","url":"https:\/\/www.ariens.eu\/wp-content\/uploads\/2024\/11\/ariens-co-logo.jpg","contentUrl":"https:\/\/www.ariens.eu\/wp-content\/uploads\/2024\/11\/ariens-co-logo.jpg","width":1000,"height":1000,"caption":"AriensCo GmbH"},"image":{"@id":"https:\/\/www.ariens.eu\/it\/#\/schema\/logo\/image\/"}}]}},"_links":{"self":[{"href":"https:\/\/www.ariens.eu\/it\/wp-json\/wp\/v2\/product\/2335","targetHints":{"allow":["GET"]}}],"collection":[{"href":"https:\/\/www.ariens.eu\/it\/wp-json\/wp\/v2\/product"}],"about":[{"href":"https:\/\/www.ariens.eu\/it\/wp-json\/wp\/v2\/types\/product"}],"replies":[{"embeddable":true,"href":"https:\/\/www.ariens.eu\/it\/wp-json\/wp\/v2\/comments?post=2335"}],"wp:featuredmedia":[{"embeddable":true,"href":"https:\/\/www.ariens.eu\/it\/wp-json\/wp\/v2\/media\/5082"}],"wp:attachment":[{"href":"https:\/\/www.ariens.eu\/it\/wp-json\/wp\/v2\/media?parent=2335"}],"wp:term":[{"taxonomy":"product_brand","embeddable":true,"href":"https:\/\/www.ariens.eu\/it\/wp-json\/wp\/v2\/product_brand?post=2335"},{"taxonomy":"product_cat","embeddable":true,"href":"https:\/\/www.ariens.eu\/it\/wp-json\/wp\/v2\/product_cat?post=2335"},{"taxonomy":"product_tag","embeddable":true,"href":"https:\/\/www.ariens.eu\/it\/wp-json\/wp\/v2\/product_tag?post=2335"}],"curies":[{"name":"wp","href":"https:\/\/api.w.org\/{rel}","templated":true}]}}