{"id":2336,"date":"2024-05-10T11:04:36","date_gmt":"2024-05-10T10:04:36","guid":{"rendered":"https:\/\/www.ariens.eu\/product\/zenith-60r\/"},"modified":"2026-02-26T09:40:01","modified_gmt":"2026-02-26T09:40:01","slug":"zenith-60r","status":"publish","type":"product","link":"https:\/\/www.ariens.eu\/it\/prodotto\/tagliaerba-zero-turn\/zenith-serie\/zenith-60r","title":{"rendered":"ZENITH 60R"},"content":{"rendered":"<div class=\"acfd-block acfd-block__twocolumns container-fluid px-0 bg-default\">\n<div class=\"acfd-twocolumns\">\n<div class=\"row\">\n<div class='col-lg-9 mb-4 '>\n<div class=\"acfd-block acfd-block__headline container-fluid px-0 bg-default\">\n<div class=\"acfd-headline\">\n<h2 class='h2 text-left li_black'>La potenza e la praticit\u00e0 che gli enti pubblici richiedono \u2013 con scarico posteriore.<\/h2>\n<\/p><\/div>\n<\/div><\/div>\n<div class='col-lg'>                    <\/div>\n<\/p><\/div>\n<\/div>\n<\/div>\n<div class=\"acfd-block acfd-block__twocolumns mb-asm-1 container-fluid px-0 bg-default\">\n<div class=\"acfd-twocolumns\">\n<div class=\"row\">\n<div class='col-lg-9 mb-4 '>\n<div class=\"acfd-block acfd-block__text container-fluid px-0 bg-default\">\n<div class=\"acfd-text li_black\">\n<p>Tutta la nostra esperienza in un\u2019unica macchina per l\u2019uso quotidiano, professionale e da parte degli enti pubblici. Il massimo in termini di prestazioni, durata e comfort. Una macchina su cui puoi contare. Ogni giorno.<\/p>\n<p>La scelta dei veri professionisti del taglio e delle grandi superfici. La \u201cR\u201d di ZENITH 60R indica lo \u201cscarico posteriore\u201d. L\u2019erba tagliata viene espulsa posteriormente, tra le ruote. Vantaggio: il materiale di taglio non viene lanciato su vialetti o aiuole. Motore professionale Kawasaki FX730V, 726 cm\u00b3 con doppio filtro dell\u2019aria. Forcelle delle ruote anteriori sospese e sedile comfort ammortizzato e regolabile per il massimo comfort di guida. Piatto di taglio professionale da 152 cm. Utilizzabile con scarico laterale o con l\u2019opzionale kit mulching. ROPS di serie e garanzia professionale.<\/p>\n<p><strong>Caratteristiche principali<\/strong><\/p>\n<ul>\n<li>ZENITH 60R con piatto di taglio posteriore da 152 cm (60&#8243;), costruito in robusto acciaio da 10 gauge<\/li>\n<li>Alimentato da un motore professionale Kawasaki<sup>&reg;<\/sup> FX730V V\u2011Twin da 726 cm\u00b3<\/li>\n<li>Telaio tubolare completamente saldato, leader del settore<\/li>\n<li>Sistema Constant Belt Tension (CBT) che prolunga la durata delle cinghie<\/li>\n<li>ROPS di serie per una maggiore protezione dell\u2019operatore<\/li>\n<li>Sospensioni sulle forcelle anteriori e sedile completamente ammortizzato per una guida pi\u00f9 confortevole<\/li>\n<li>Sistema di sollevamento del piatto a pedale, con selettore a perno verticale e 15 posizioni di taglio<\/li>\n<li>Ampia gamma di accessori opzionali<\/li>\n<li>Garanzia di 4 anni o 750 ore<\/li>\n<\/ul>\n<\/div>\n<\/div><\/div>\n<div class='col-lg'>                    <\/div>\n<\/p><\/div>\n<\/div>\n<\/div>\n<div class=\"acfd-block acfd-block__category mb-asm-3 container-fluid px-0 bg-default\">\n<div class=\"acfd-product-categories\">\n<h2 class=\"text-left mb-3\">\n        Interventi    <\/h2>\n<div class=\"product-categories_wrapper\">\n         <span data-description=\"Lavori molte ore \u2014 o addirittura giorni o settimane \u2014 alla volta? Utilizzi la tua macchina in modo professionale e ci guadagni il tuo lavoro? Allora hai bisogno di una macchina particolarmente affidabile e confortevole, costruita con componenti durevoli.\" class=\"product-category-single\"> Professionista                <sup><i class=\"fa fa-info-circle\" aria-hidden=\"true\"><\/i><\/sup>            <\/span>  <span data-description=\"La tecnologia avanzata delle batterie oggi consente le stesse prestazioni e la stessa autonomia dei modelli a benzina.\" class=\"product-category-single\"> Electric                <sup><i class=\"fa fa-info-circle\" aria-hidden=\"true\"><\/i><\/sup>            <\/span>  <span data-description=\"I tagliaerba ride\u2011on Ariens offrono un elevato livello di comfort. Utilizziamo sedili di alta qualit\u00e0 gi\u00e0 a partire dal modello base. L\u2019ampio spazio per le gambe e i comandi ergonomici sono di serie.\" class=\"product-category-single\"> Ride\u2011on (a seduta)                <sup><i class=\"fa fa-info-circle\" aria-hidden=\"true\"><\/i><\/sup>            <\/span>  <span data-description=\"Con i modelli APEX e ZENITH puoi scegliere tra tagliaerba con scarico laterale o posteriore. Un tagliaerba con scarico posteriore \u00e8 chiuso sui lati e rilascia l\u2019erba tagliata verso il retro. Il vantaggio \u00e8 che non viene proiettata erba su sentieri o aiuole e, a differenza di un kit mulching, consente anche di tagliare erba alta. I tagliaerba con scarico posteriore sono spesso utilizzati nel settore pubblico.\" class=\"product-category-single\"> Scarico posteriore                <sup><i class=\"fa fa-info-circle\" aria-hidden=\"true\"><\/i><\/sup>            <\/span>  <span data-description=\"Tutti i tagliaerba Ariens sono adatti ai prati pianeggianti. Scegli la larghezza di taglio in base alle dimensioni della tua area e agli eventuali passaggi stretti che potrebbero limitarne l\u2019uso.\" class=\"product-category-single\"> Terreno pianeggiante                <sup><i class=\"fa fa-info-circle\" aria-hidden=\"true\"><\/i><\/sup>            <\/span>  <span data-description=\"I tagliaerba Ariens si comportano molto bene su terreni irregolari. Per superfici sconnesse \u00e8 consigliabile scegliere piatti di taglio pi\u00f9 stretti, cos\u00ec da ottenere un risultato di taglio pi\u00f9 uniforme.\" class=\"product-category-single\"> Terreno irregolare                <sup><i class=\"fa fa-info-circle\" aria-hidden=\"true\"><\/i><\/sup>            <\/span>  <span data-description=\"Si consiglia di scegliere una macchina con ruote larghe. Non superare il limite di sicurezza indicato: 15\u00b0 di pendenza per i trattorini con operatore seduto e 20\u00b0 per i modelli a guida in piedi. Su terreni irregolari \u00e8 preferibile optare per un piatto di taglio pi\u00f9 stretto, cos\u00ec da ottenere un risultato pi\u00f9 uniforme. Il modello ZENITH \u00e8 dotato di protezione antiribaltamento (ROPS) di serie, mentre pu\u00f2 essere installata come optional sull\u2019APEX.\" class=\"product-category-single\"> Terreno collinare                <sup><i class=\"fa fa-info-circle\" aria-hidden=\"true\"><\/i><\/sup>            <\/span>     <\/div>\n<\/div>\n<\/div>\n<div class=\"acfd-block acfd-block__twocolumns container-fluid container-fluid--force px-0 bg-default\">\n<div class=\"acfd-twocolumns\">\n<div class=\"row\">\n<div class='col-lg-12 mb-4 '>\n<div class=\"acfd-product-advantages--wrapper\">\n<h2 class=\"h1 bigger text-color-black text-center mb-5\">\n        Caratteristiche e vantaggi    <\/h2>\n<div class=\"acfd-product-advantages\">\n<div class=\"row\">\n<div class=\"col-md-6 mb-4 content\">\n                    <span class=\"d-block h5 text-color-brand mb-1\">Telaio d&#8217;eccellenza<\/span><\/p>\n<p>Il telaio tubolare di grandi dimensioni, con il minor numero possibile di saldature grazie alla tecnologia di piegatura di derivazione automobilistica, garantisce una resistenza e una stabilit\u00e0 senza pari nel sostenere i carichi della macchina.<\/p>\n<\/p><\/div>\n<div class=\"col-md-6 mb4 image\" style=\"background-image:url(https:\/\/www.ariens.eu\/it\/wp-content\/uploads\/sites\/13\/2024\/05\/frame.webp)\">\n                <\/div>\n<\/p><\/div>\n<div class=\"row\">\n<div class=\"col-md-6 mb-4 content\">\n                    <span class=\"d-block h5 text-color-brand mb-1\">Nuovo piatto di taglio ENVY<\/span><\/p>\n<p>Il piatto di taglio \u00e8 il componente pi\u00f9 sollecitato di un rasaerba. Qui la stabilit\u00e0 \u00e8 fondamentale: il nuovo piatto di taglio ENVY offre un flusso d\u2019aria migliorato e uno scarico ampliato. L\u2019erba distesa viene sollevata pi\u00f9 in alto e tagliata in modo impeccabile. \u00c8 dotato di sospensione a 4 punti per un fissaggio stabile e un parallelismo costante. Inoltre, monta mandrini delle lame in alluminio forgiato: funzionano pi\u00f9 freschi e sono pi\u00f9 resistenti agli urti e alle vibrazioni rispetto ai mandrini in ghisa. Sar\u00e0 di serie nel corso della stagione 2025 su APEX, ZENITH e sul nuovo IKON.<\/p>\n<\/p><\/div>\n<div class=\"col-md-6 mb4 image\" style=\"background-image:url(https:\/\/www.ariens.eu\/it\/wp-content\/uploads\/sites\/13\/2024\/08\/envy-deck-52.png)\">\n                <\/div>\n<\/p><\/div>\n<div class=\"row\">\n<div class=\"col-md-6 mb-4 content\">\n                    <span class=\"d-block h5 text-color-brand mb-1\">Sistema automatico di tensionamento della cinghia<\/span><\/p>\n<p>La tecnologia automatica CBT (Constant Belt Tension) mantiene costante in ogni momento la tensione della cinghia del piatto di taglio. Questo aumenta la durata della cinghia, compensa l\u2019usura e previene lo slittamento, garantendo un risultato di taglio sempre uniforme e di alta qualit\u00e0.<\/p>\n<\/p><\/div>\n<div class=\"col-md-6 mb4 image\" style=\"background-image:url(https:\/\/www.ariens.eu\/it\/wp-content\/uploads\/sites\/13\/2024\/05\/apex-feature-3.webp)\">\n                <\/div>\n<\/p><\/div>\n<div class=\"row\">\n<div class=\"col-md-6 mb-4 content\">\n                    <span class=\"d-block h5 text-color-brand mb-1\">Sollevamento del piatto di taglio tramite pedale<\/span><\/p>\n<p>Il robusto piatto di taglio si solleva in modo pratico e senza sforzo tramite un pedale. Per selezionare una delle 15 altezze di taglio, da 3,8 a 12,7 cm, \u00e8 sufficiente inserire un perno metallico nell\u2019apposita sede sul display.<\/p>\n<\/p><\/div>\n<div class=\"col-md-6 mb4 image\" style=\"background-image:url(https:\/\/www.ariens.eu\/it\/wp-content\/uploads\/sites\/13\/2024\/08\/cutting-height-adjustment-1.png)\">\n                <\/div>\n<\/p><\/div>\n<div class=\"row\">\n<div class=\"col-md-6 mb-4 content\">\n                    <span class=\"d-block h5 text-color-brand mb-1\">Sedile comfort completamente regolabile<\/span><\/p>\n<p>Il massimo comfort di guida \u00e8 essenziale per lavorare in modo produttivo e sicuro per molte ore. Attenuare urti e vibrazioni \u00e8 particolarmente importante per il benessere e la salute dell\u2019operatore. La sospensione idro\u2011pneumatica del sedile pu\u00f2 essere regolata con precisione in base al peso dell\u2019utente. Braccioli regolabili e schienale alto permettono di trovare la posizione di guida ideale.<\/p>\n<\/p><\/div>\n<div class=\"col-md-6 mb4 image\" style=\"background-image:url(https:\/\/www.ariens.eu\/it\/wp-content\/uploads\/sites\/13\/2024\/05\/ariens-zenith-zero-turn-suspension-seat.webp)\">\n                <\/div>\n<\/p><\/div>\n<div class=\"row\">\n<div class=\"col-md-6 mb-4 content\">\n                    <span class=\"d-block h5 text-color-brand mb-1\">ROPS<\/span><\/p>\n<p>Il sistema di protezione antiribaltamento (ROPS) di serie, completo di cintura di sicurezza, offre una protezione aggiuntiva per l\u2019operatore. \u00c8 ripiegabile e inclinato ergonomicamente verso il retro per evitare urti fastidiosi al gomito durante la guida.<\/p>\n<\/p><\/div>\n<div class=\"col-md-6 mb4 image\" style=\"background-image:url(https:\/\/www.ariens.eu\/it\/wp-content\/uploads\/sites\/13\/2024\/05\/ariens-zenith-zero-turn-feature5-rops.webp)\">\n                <\/div>\n<\/p><\/div>\n<div class=\"row\">\n<div class=\"col-md-6 mb-4 content\">\n                    <span class=\"d-block h5 text-color-brand mb-1\">Kit di illuminazione omologato per la circolazione stradale<\/span><\/p>\n<p>\u00c8 disponibile un nuovo kit di illuminazione per l\u2019utilizzo su strade pubbliche. L\u2019installazione \u00e8 effettuata da rivenditori specializzati.<\/p>\n<\/p><\/div>\n<div class=\"col-md-6 mb4 image\" style=\"background-image:url(https:\/\/www.ariens.eu\/it\/wp-content\/uploads\/sites\/13\/2024\/08\/stvzo-lichtkit-1.png)\">\n                <\/div>\n<\/p><\/div>\n<\/p><\/div>\n<\/div><\/div>\n<div class='col-lg'>                    <\/div>\n<\/p><\/div>\n<\/div>\n<\/div>\n","protected":false},"excerpt":{"rendered":"<p>La potenza e la praticit\u00e0 che gli enti pubblici richiedono \u2013 con scarico posteriore. Tutta la nostra esperienza in un\u2019unica macchina per l\u2019uso quotidiano, professionale e da parte degli enti pubblici. Il massimo in termini di prestazioni, durata e comfort. Una macchina su cui puoi contare. Ogni giorno. La scelta dei veri professionisti del taglio [&hellip;]<\/p>\n","protected":false},"featured_media":6017,"comment_status":"open","ping_status":"closed","template":"","meta":{"_acf_changed":false,"_relevanssi_hide_post":"","_relevanssi_hide_content":"","_relevanssi_pin_for_all":"","_relevanssi_pin_keywords":"","_relevanssi_unpin_keywords":"","_relevanssi_related_keywords":"","_relevanssi_related_include_ids":"","_relevanssi_related_exclude_ids":"","_relevanssi_related_no_append":"","_relevanssi_related_not_related":"","_relevanssi_related_posts":"","_relevanssi_noindex_reason":""},"product_brand":[],"product_cat":[15],"product_tag":[],"class_list":{"0":"post-2336","1":"product","2":"type-product","3":"status-publish","4":"has-post-thumbnail","6":"product_variant-zenith-serie","7":"product_usage_areas-municipalities-building-yards","8":"product_usage_areas-operatori-professionali","10":"first","11":"instock","12":"shipping-taxable","13":"product-type-simple"},"acf":[],"yoast_head":"<!-- This site is optimized with the Yoast SEO plugin v27.3 - https:\/\/yoast.com\/product\/yoast-seo-wordpress\/ -->\n<title>ZENITH 60R - Il pi\u00f9 grande Zero-Turn Ariens con scarico posteriore<\/title>\n<meta name=\"description\" content=\"\u201cCon il suo motore professionale Kawasaki FX730V da 726 cm\u00b3 e il piatto di taglio posteriore da 152 cm (60&quot;), lo ZENITH 60R \u00e8 la scelta dei professionisti.\" \/>\n<meta name=\"robots\" content=\"index, follow, max-snippet:-1, max-image-preview:large, max-video-preview:-1\" \/>\n<link rel=\"canonical\" href=\"https:\/\/www.ariens.eu\/it\/prodotto\/tagliaerba-zero-turn\/zenith-serie\/zenith-60r\/\" \/>\n<meta property=\"og:locale\" content=\"it_IT\" \/>\n<meta property=\"og:type\" content=\"article\" \/>\n<meta property=\"og:title\" content=\"ZENITH 60R - Il pi\u00f9 grande Zero-Turn Ariens con scarico posteriore\" \/>\n<meta property=\"og:description\" content=\"\u201cCon il suo motore professionale Kawasaki FX730V da 726 cm\u00b3 e il piatto di taglio posteriore da 152 cm (60&quot;), lo ZENITH 60R \u00e8 la scelta dei professionisti.\" \/>\n<meta property=\"og:url\" content=\"https:\/\/www.ariens.eu\/it\/prodotto\/tagliaerba-zero-turn\/zenith-serie\/zenith-60r\/\" \/>\n<meta property=\"og:site_name\" content=\"Ariens | EMEAA\" \/>\n<meta property=\"article:modified_time\" content=\"2026-02-26T09:40:01+00:00\" \/>\n<meta property=\"og:image\" content=\"https:\/\/www.ariens.eu\/it\/wp-content\/uploads\/sites\/13\/2026\/02\/ariens-zero-turn-zenith-52-rd-my25.png\" \/>\n\t<meta property=\"og:image:width\" content=\"1024\" \/>\n\t<meta property=\"og:image:height\" content=\"720\" \/>\n\t<meta property=\"og:image:type\" content=\"image\/png\" \/>\n<meta name=\"twitter:card\" content=\"summary_large_image\" \/>\n<meta name=\"twitter:label1\" content=\"Tempo di lettura stimato\" \/>\n\t<meta name=\"twitter:data1\" content=\"4 minuti\" \/>\n<script type=\"application\/ld+json\" class=\"yoast-schema-graph\">{\"@context\":\"https:\\\/\\\/schema.org\",\"@graph\":[{\"@type\":\"WebPage\",\"@id\":\"https:\\\/\\\/www.ariens.eu\\\/it\\\/prodotto\\\/tagliaerba-zero-turn\\\/zenith-serie\\\/zenith-60r\\\/\",\"url\":\"https:\\\/\\\/www.ariens.eu\\\/it\\\/prodotto\\\/tagliaerba-zero-turn\\\/zenith-serie\\\/zenith-60r\\\/\",\"name\":\"ZENITH 60R - Il pi\u00f9 grande Zero-Turn Ariens con scarico posteriore\",\"isPartOf\":{\"@id\":\"https:\\\/\\\/www.ariens.eu\\\/it\\\/#website\"},\"primaryImageOfPage\":{\"@id\":\"https:\\\/\\\/www.ariens.eu\\\/it\\\/prodotto\\\/tagliaerba-zero-turn\\\/zenith-serie\\\/zenith-60r\\\/#primaryimage\"},\"image\":{\"@id\":\"https:\\\/\\\/www.ariens.eu\\\/it\\\/prodotto\\\/tagliaerba-zero-turn\\\/zenith-serie\\\/zenith-60r\\\/#primaryimage\"},\"thumbnailUrl\":\"https:\\\/\\\/www.ariens.eu\\\/it\\\/wp-content\\\/uploads\\\/sites\\\/13\\\/2026\\\/02\\\/ariens-zero-turn-zenith-52-rd-my25.png\",\"datePublished\":\"2024-05-10T10:04:36+00:00\",\"dateModified\":\"2026-02-26T09:40:01+00:00\",\"description\":\"\u201cCon il suo motore professionale Kawasaki FX730V da 726 cm\u00b3 e il piatto di taglio posteriore da 152 cm (60\\\"), lo ZENITH 60R \u00e8 la scelta dei professionisti.\",\"breadcrumb\":{\"@id\":\"https:\\\/\\\/www.ariens.eu\\\/it\\\/prodotto\\\/tagliaerba-zero-turn\\\/zenith-serie\\\/zenith-60r\\\/#breadcrumb\"},\"inLanguage\":\"it-IT\",\"potentialAction\":[{\"@type\":\"ReadAction\",\"target\":[\"https:\\\/\\\/www.ariens.eu\\\/it\\\/prodotto\\\/tagliaerba-zero-turn\\\/zenith-serie\\\/zenith-60r\\\/\"]}]},{\"@type\":\"ImageObject\",\"inLanguage\":\"it-IT\",\"@id\":\"https:\\\/\\\/www.ariens.eu\\\/it\\\/prodotto\\\/tagliaerba-zero-turn\\\/zenith-serie\\\/zenith-60r\\\/#primaryimage\",\"url\":\"https:\\\/\\\/www.ariens.eu\\\/it\\\/wp-content\\\/uploads\\\/sites\\\/13\\\/2026\\\/02\\\/ariens-zero-turn-zenith-52-rd-my25.png\",\"contentUrl\":\"https:\\\/\\\/www.ariens.eu\\\/it\\\/wp-content\\\/uploads\\\/sites\\\/13\\\/2026\\\/02\\\/ariens-zero-turn-zenith-52-rd-my25.png\",\"width\":1024,\"height\":720},{\"@type\":\"BreadcrumbList\",\"@id\":\"https:\\\/\\\/www.ariens.eu\\\/it\\\/prodotto\\\/tagliaerba-zero-turn\\\/zenith-serie\\\/zenith-60r\\\/#breadcrumb\",\"itemListElement\":[{\"@type\":\"ListItem\",\"position\":1,\"name\":\"Home\",\"item\":\"https:\\\/\\\/www.ariens.eu\\\/it\\\/\"},{\"@type\":\"ListItem\",\"position\":2,\"name\":\"Shop\",\"item\":\"https:\\\/\\\/www.ariens.eu\\\/it\\\/shop\\\/\"},{\"@type\":\"ListItem\",\"position\":3,\"name\":\"ZENITH 60R\"}]},{\"@type\":\"WebSite\",\"@id\":\"https:\\\/\\\/www.ariens.eu\\\/it\\\/#website\",\"url\":\"https:\\\/\\\/www.ariens.eu\\\/it\\\/\",\"name\":\"Ariens | EMEAA\",\"description\":\"Powerful and reliable zero-turn mowers &amp; snow blowers for professional users and demanding private customers\",\"publisher\":{\"@id\":\"https:\\\/\\\/www.ariens.eu\\\/it\\\/#organization\"},\"potentialAction\":[{\"@type\":\"SearchAction\",\"target\":{\"@type\":\"EntryPoint\",\"urlTemplate\":\"https:\\\/\\\/www.ariens.eu\\\/it\\\/?s={search_term_string}\"},\"query-input\":{\"@type\":\"PropertyValueSpecification\",\"valueRequired\":true,\"valueName\":\"search_term_string\"}}],\"inLanguage\":\"it-IT\"},{\"@type\":\"Organization\",\"@id\":\"https:\\\/\\\/www.ariens.eu\\\/it\\\/#organization\",\"name\":\"AriensCo GmbH\",\"url\":\"https:\\\/\\\/www.ariens.eu\\\/it\\\/\",\"logo\":{\"@type\":\"ImageObject\",\"inLanguage\":\"it-IT\",\"@id\":\"https:\\\/\\\/www.ariens.eu\\\/it\\\/#\\\/schema\\\/logo\\\/image\\\/\",\"url\":\"https:\\\/\\\/www.ariens.eu\\\/wp-content\\\/uploads\\\/2024\\\/11\\\/ariens-co-logo.jpg\",\"contentUrl\":\"https:\\\/\\\/www.ariens.eu\\\/wp-content\\\/uploads\\\/2024\\\/11\\\/ariens-co-logo.jpg\",\"width\":1000,\"height\":1000,\"caption\":\"AriensCo GmbH\"},\"image\":{\"@id\":\"https:\\\/\\\/www.ariens.eu\\\/it\\\/#\\\/schema\\\/logo\\\/image\\\/\"}}]}<\/script>\n<!-- \/ Yoast SEO plugin. -->","yoast_head_json":{"title":"ZENITH 60R - Il pi\u00f9 grande Zero-Turn Ariens con scarico posteriore","description":"\u201cCon il suo motore professionale Kawasaki FX730V da 726 cm\u00b3 e il piatto di taglio posteriore da 152 cm (60\"), lo ZENITH 60R \u00e8 la scelta dei professionisti.","robots":{"index":"index","follow":"follow","max-snippet":"max-snippet:-1","max-image-preview":"max-image-preview:large","max-video-preview":"max-video-preview:-1"},"canonical":"https:\/\/www.ariens.eu\/it\/prodotto\/tagliaerba-zero-turn\/zenith-serie\/zenith-60r\/","og_locale":"it_IT","og_type":"article","og_title":"ZENITH 60R - Il pi\u00f9 grande Zero-Turn Ariens con scarico posteriore","og_description":"\u201cCon il suo motore professionale Kawasaki FX730V da 726 cm\u00b3 e il piatto di taglio posteriore da 152 cm (60\"), lo ZENITH 60R \u00e8 la scelta dei professionisti.","og_url":"https:\/\/www.ariens.eu\/it\/prodotto\/tagliaerba-zero-turn\/zenith-serie\/zenith-60r\/","og_site_name":"Ariens | EMEAA","article_modified_time":"2026-02-26T09:40:01+00:00","og_image":[{"width":1024,"height":720,"url":"https:\/\/www.ariens.eu\/it\/wp-content\/uploads\/sites\/13\/2026\/02\/ariens-zero-turn-zenith-52-rd-my25.png","type":"image\/png"}],"twitter_card":"summary_large_image","twitter_misc":{"Tempo di lettura stimato":"4 minuti"},"schema":{"@context":"https:\/\/schema.org","@graph":[{"@type":"WebPage","@id":"https:\/\/www.ariens.eu\/it\/prodotto\/tagliaerba-zero-turn\/zenith-serie\/zenith-60r\/","url":"https:\/\/www.ariens.eu\/it\/prodotto\/tagliaerba-zero-turn\/zenith-serie\/zenith-60r\/","name":"ZENITH 60R - Il pi\u00f9 grande Zero-Turn Ariens con scarico posteriore","isPartOf":{"@id":"https:\/\/www.ariens.eu\/it\/#website"},"primaryImageOfPage":{"@id":"https:\/\/www.ariens.eu\/it\/prodotto\/tagliaerba-zero-turn\/zenith-serie\/zenith-60r\/#primaryimage"},"image":{"@id":"https:\/\/www.ariens.eu\/it\/prodotto\/tagliaerba-zero-turn\/zenith-serie\/zenith-60r\/#primaryimage"},"thumbnailUrl":"https:\/\/www.ariens.eu\/it\/wp-content\/uploads\/sites\/13\/2026\/02\/ariens-zero-turn-zenith-52-rd-my25.png","datePublished":"2024-05-10T10:04:36+00:00","dateModified":"2026-02-26T09:40:01+00:00","description":"\u201cCon il suo motore professionale Kawasaki FX730V da 726 cm\u00b3 e il piatto di taglio posteriore da 152 cm (60\"), lo ZENITH 60R \u00e8 la scelta dei professionisti.","breadcrumb":{"@id":"https:\/\/www.ariens.eu\/it\/prodotto\/tagliaerba-zero-turn\/zenith-serie\/zenith-60r\/#breadcrumb"},"inLanguage":"it-IT","potentialAction":[{"@type":"ReadAction","target":["https:\/\/www.ariens.eu\/it\/prodotto\/tagliaerba-zero-turn\/zenith-serie\/zenith-60r\/"]}]},{"@type":"ImageObject","inLanguage":"it-IT","@id":"https:\/\/www.ariens.eu\/it\/prodotto\/tagliaerba-zero-turn\/zenith-serie\/zenith-60r\/#primaryimage","url":"https:\/\/www.ariens.eu\/it\/wp-content\/uploads\/sites\/13\/2026\/02\/ariens-zero-turn-zenith-52-rd-my25.png","contentUrl":"https:\/\/www.ariens.eu\/it\/wp-content\/uploads\/sites\/13\/2026\/02\/ariens-zero-turn-zenith-52-rd-my25.png","width":1024,"height":720},{"@type":"BreadcrumbList","@id":"https:\/\/www.ariens.eu\/it\/prodotto\/tagliaerba-zero-turn\/zenith-serie\/zenith-60r\/#breadcrumb","itemListElement":[{"@type":"ListItem","position":1,"name":"Home","item":"https:\/\/www.ariens.eu\/it\/"},{"@type":"ListItem","position":2,"name":"Shop","item":"https:\/\/www.ariens.eu\/it\/shop\/"},{"@type":"ListItem","position":3,"name":"ZENITH 60R"}]},{"@type":"WebSite","@id":"https:\/\/www.ariens.eu\/it\/#website","url":"https:\/\/www.ariens.eu\/it\/","name":"Ariens | EMEAA","description":"Powerful and reliable zero-turn mowers &amp; snow blowers for professional users and demanding private customers","publisher":{"@id":"https:\/\/www.ariens.eu\/it\/#organization"},"potentialAction":[{"@type":"SearchAction","target":{"@type":"EntryPoint","urlTemplate":"https:\/\/www.ariens.eu\/it\/?s={search_term_string}"},"query-input":{"@type":"PropertyValueSpecification","valueRequired":true,"valueName":"search_term_string"}}],"inLanguage":"it-IT"},{"@type":"Organization","@id":"https:\/\/www.ariens.eu\/it\/#organization","name":"AriensCo GmbH","url":"https:\/\/www.ariens.eu\/it\/","logo":{"@type":"ImageObject","inLanguage":"it-IT","@id":"https:\/\/www.ariens.eu\/it\/#\/schema\/logo\/image\/","url":"https:\/\/www.ariens.eu\/wp-content\/uploads\/2024\/11\/ariens-co-logo.jpg","contentUrl":"https:\/\/www.ariens.eu\/wp-content\/uploads\/2024\/11\/ariens-co-logo.jpg","width":1000,"height":1000,"caption":"AriensCo GmbH"},"image":{"@id":"https:\/\/www.ariens.eu\/it\/#\/schema\/logo\/image\/"}}]}},"_links":{"self":[{"href":"https:\/\/www.ariens.eu\/it\/wp-json\/wp\/v2\/product\/2336","targetHints":{"allow":["GET"]}}],"collection":[{"href":"https:\/\/www.ariens.eu\/it\/wp-json\/wp\/v2\/product"}],"about":[{"href":"https:\/\/www.ariens.eu\/it\/wp-json\/wp\/v2\/types\/product"}],"replies":[{"embeddable":true,"href":"https:\/\/www.ariens.eu\/it\/wp-json\/wp\/v2\/comments?post=2336"}],"wp:featuredmedia":[{"embeddable":true,"href":"https:\/\/www.ariens.eu\/it\/wp-json\/wp\/v2\/media\/6017"}],"wp:attachment":[{"href":"https:\/\/www.ariens.eu\/it\/wp-json\/wp\/v2\/media?parent=2336"}],"wp:term":[{"taxonomy":"product_brand","embeddable":true,"href":"https:\/\/www.ariens.eu\/it\/wp-json\/wp\/v2\/product_brand?post=2336"},{"taxonomy":"product_cat","embeddable":true,"href":"https:\/\/www.ariens.eu\/it\/wp-json\/wp\/v2\/product_cat?post=2336"},{"taxonomy":"product_tag","embeddable":true,"href":"https:\/\/www.ariens.eu\/it\/wp-json\/wp\/v2\/product_tag?post=2336"}],"curies":[{"name":"wp","href":"https:\/\/api.w.org\/{rel}","templated":true}]}}