{"id":2343,"date":"2024-05-10T11:04:36","date_gmt":"2024-05-10T10:04:36","guid":{"rendered":"https:\/\/www.ariens.eu\/product\/arrow-32\/"},"modified":"2026-02-25T10:36:24","modified_gmt":"2026-02-25T10:36:24","slug":"arrow-32","status":"publish","type":"product","link":"https:\/\/www.ariens.eu\/it\/prodotto\/tagliaerba-zero-turn\/arrow-serie\/arrow-32","title":{"rendered":"ARROW 32"},"content":{"rendered":"<div class=\"acfd-block acfd-block__twocolumns mb-asm-1 container-fluid px-0 bg-default\">\n<div class=\"acfd-twocolumns\">\n<div class=\"row\">\n<div class='col-lg-9 mb-4 '>\n<div class=\"acfd-block acfd-block__headline container-fluid px-0 bg-default\">\n<div class=\"acfd-headline\">\n<h2 class='h2 text-left li_black'>Il tagliaerba zero-turn pi\u00f9 maneggevole e compatto. Pu\u00f2 essere utilizzato ovunque.<\/h2>\n<\/p><\/div>\n<\/div><\/div>\n<div class='col-lg'>                    <\/div>\n<\/p><\/div>\n<\/div>\n<\/div>\n<div class=\"acfd-block acfd-block__twocolumns mb-asm-2 container-fluid px-0 bg-default\">\n<div class=\"acfd-twocolumns\">\n<div class=\"row\">\n<div class='col-lg-9 mb-4 '>\n<div class=\"acfd-block acfd-block__text container-fluid px-0 bg-default\">\n<div class=\"acfd-text li_black\">\n<p>I tagliaerba con pedana sono comodi e veloci, particolarmente compatti, agili e poco ingombranti. La tua schiena e i tuoi muscoli ti ringrazieranno per la posizione di lavoro eretta.<\/p>\n<p>Con il suo motore Kawasaki FS600 standard e il piatto di taglio lungo 81 cm (32\u2033), ARROW 32 \u00e8 la scelta ideale per la falciatura in tutte le aree.<\/p>\n<ul>\n<li>Dotato di un ponte fabbricato da 81 cm (32\u2033) costruito in acciaio calibro 7<\/li>\n<li>Alimentato da un motore Kawasaki<sup>&reg;<\/sup> FS 600 V-Twin da 600 cc<\/li>\n<li>Sgancio del pollice e sistema di perni verticali con 15 posizioni di taglio<\/li>\n<li>\u00c8 disponibile una gamma di accessori opzionali<\/li>\n<li>Garanzia di 5 anni o 1000 ore \u2013 nessun limite di ore per i primi 2 anni<\/li>\n<\/ul>\n<\/div>\n<\/div><\/div>\n<div class='col-lg'>                    <\/div>\n<\/p><\/div>\n<\/div>\n<\/div>\n<div class=\"acfd-block acfd-block__category mb-asm-3 container-fluid px-0 bg-default\">\n<div class=\"acfd-product-categories\">\n<h2 class=\"text-left mb-3\">\n        Interventi    <\/h2>\n<div class=\"product-categories_wrapper\">\n         <span data-description=\"Lavori molte ore \u2014 o addirittura giorni o settimane \u2014 alla volta? Utilizzi la tua macchina in modo professionale e ci guadagni il tuo lavoro? Allora hai bisogno di una macchina particolarmente affidabile e confortevole, costruita con componenti durevoli.\" class=\"product-category-single\"> Professionista                <sup><i class=\"fa fa-info-circle\" aria-hidden=\"true\"><\/i><\/sup>            <\/span>  <span data-description=\"I nostri tagliaerba sono equipaggiati con motori Kawasaki<sup>&reg;<\/sup> o Ariens di alta qualit\u00e0. Offrono prestazioni superiori alla media e un\u2019affidabilit\u00e0 eccellente.\" class=\"product-category-single\"> Modelli a scoppio                <sup><i class=\"fa fa-info-circle\" aria-hidden=\"true\"><\/i><\/sup>            <\/span>  <span data-description=\"Quando utilizzi un kit mulching adatto sul tuo tagliaerba, lo scarico laterale non \u00e8 pi\u00f9 necessario. Il prato viene finemente sminuzzato e distribuito in modo uniforme sul retro dell\u2019area di taglio. L\u2019eventuale fertilizzante applicato rimane in superficie e le particelle di erba finissime si integrano quasi invisibilmente nel manto erboso.\" class=\"product-category-single\"> Kit Mulching Opzionale                <sup><i class=\"fa fa-info-circle\" aria-hidden=\"true\"><\/i><\/sup>            <\/span>  <span data-description=\"Tagliare stando in piedi offre numerosi vantaggi. Tra questi, il fatto che l\u2019operatore abbia una visuale completa sull\u2019intera larghezza di taglio e possa beneficiare dell\u2019elevata maneggevolezza di queste macchine compatte. Gli utenti con problemi alla schiena traggono vantaggio dalla postura ergonomica di lavoro. Il trasporto e lo stoccaggio quotidiani risultano notevolmente pi\u00f9 semplici, e salire o scendere dalla macchina richiede solo pochi secondi. I tagliaerba stand\u2011on sono inoltre ideali nei passaggi stretti e attraverso i cancelli dei giardini.\" class=\"product-category-single\"> Stand\u2011on (piattaforma in piedi)                <sup><i class=\"fa fa-info-circle\" aria-hidden=\"true\"><\/i><\/sup>            <\/span>  <span data-description=\"Con i modelli APEX e ZENITH puoi scegliere tra piatti di taglio con scarico laterale o posteriore. Un piatto di taglio con scarico laterale espelle l\u2019erba attraverso un\u2019apertura laterale e un deflettore. Il potente flusso d\u2019aria la distribuisce poi su un\u2019ampia area. Nei piatti con scarico laterale \u00e8 possibile installare un kit mulching opzionale. Quando si utilizza il kit mulching, l\u2019erba viene finemente sminuzzata ed espulsa verso il retro. In questo caso, lo scarico laterale e il deflettore vengono chiusi o rimossi.\" class=\"product-category-single\"> Scarico Laterale                <sup><i class=\"fa fa-info-circle\" aria-hidden=\"true\"><\/i><\/sup>            <\/span>  <span data-description=\"Tutti i tagliaerba Ariens sono adatti ai prati pianeggianti. Scegli la larghezza di taglio in base alle dimensioni della tua area e agli eventuali passaggi stretti che potrebbero limitarne l\u2019uso.\" class=\"product-category-single\"> Terreno pianeggiante                <sup><i class=\"fa fa-info-circle\" aria-hidden=\"true\"><\/i><\/sup>            <\/span>  <span data-description=\"I tagliaerba Ariens si comportano molto bene su terreni irregolari. Per superfici sconnesse \u00e8 consigliabile scegliere piatti di taglio pi\u00f9 stretti, cos\u00ec da ottenere un risultato di taglio pi\u00f9 uniforme.\" class=\"product-category-single\"> Terreno irregolare                <sup><i class=\"fa fa-info-circle\" aria-hidden=\"true\"><\/i><\/sup>            <\/span>  <span data-description=\"Si consiglia di scegliere una macchina con ruote larghe. Non superare il limite di sicurezza indicato: 15\u00b0 di pendenza per i trattorini con operatore seduto e 20\u00b0 per i modelli a guida in piedi. Su terreni irregolari \u00e8 preferibile optare per un piatto di taglio pi\u00f9 stretto, cos\u00ec da ottenere un risultato pi\u00f9 uniforme. Il modello ZENITH \u00e8 dotato di protezione antiribaltamento (ROPS) di serie, mentre pu\u00f2 essere installata come optional sull\u2019APEX.\" class=\"product-category-single\"> Terreno collinare                <sup><i class=\"fa fa-info-circle\" aria-hidden=\"true\"><\/i><\/sup>            <\/span>  <span data-description=\"I piatti di taglio da 132 cm e 152 cm vengono utilizzati in modo particolarmente efficace nelle aree di grandi dimensioni.\" class=\"product-category-single\"> Grandi superfici                <sup><i class=\"fa fa-info-circle\" aria-hidden=\"true\"><\/i><\/sup>            <\/span>     <\/div>\n<\/div>\n<\/div>\n<div class=\"acfd-block acfd-block__twocolumns mb-asm-2 container-fluid container-fluid--force px-0 bg-default\">\n<div class=\"acfd-twocolumns\">\n<div class=\"row\">\n<div class='col-lg-12 mb-4 '>\n<div class=\"acfd-product-advantages--wrapper\">\n<h2 class=\"h1 bigger text-color-black text-center mb-5\">\n        Caratteristiche e vantaggi    <\/h2>\n<div class=\"acfd-product-advantages\">\n<div class=\"row\">\n<div class=\"col-md-6 mb-4 content\">\n                    <span class=\"d-block h5 text-color-brand mb-1\">Accesso facilitato e grande manovrabilit\u00e0<\/span><\/p>\n<p>Sia il piatto di taglio da 81 cm (32\u2033) sia quello da 91 cm (36\u2033) consentono di raggiungere aree difficili e facilitano il lavoro negli spazi ristretti. Salire e scendere richiede solo pochi secondi.<\/p>\n<\/p><\/div>\n<div class=\"col-md-6 mb4 image\" style=\"background-image:url(https:\/\/www.ariens.eu\/it\/wp-content\/uploads\/sites\/13\/2024\/05\/ariens-arrow-standon-zero-turn-narrow-footprint-easy-access.webp)\">\n                <\/div>\n<\/p><\/div>\n<div class=\"row\">\n<div class=\"col-md-6 mb-4 content\">\n                    <span class=\"d-block h5 text-color-brand mb-1\">Piattaforma ribaltabile<\/span><\/p>\n<p>La posizione eretta dell\u2019operatore sulla piattaforma offre una visibilit\u00e0 migliore sul piatto di taglio rispetto a un trattorino. Le vibrazioni e gli urti sulla schiena dell\u2019operatore sono ridotti, rendendo la giornata di lavoro meno faticosa. Il meccanismo di ribaltamento della piattaforma consente una rapida trasformazione da tagliaerba \u201cstand\u2011on\u201d a rasaerba a conduzione da terra, garantendo la massima versatilit\u00e0 nei passaggi stretti o con altezza ridotta.<\/p>\n<\/p><\/div>\n<div class=\"col-md-6 mb4 image\" style=\"background-image:url(https:\/\/www.ariens.eu\/it\/wp-content\/uploads\/sites\/13\/2024\/05\/ariens-arrow-standon-zero-turn-flip-up-suspension-platform.webp)\">\n                <\/div>\n<\/p><\/div>\n<div class=\"row\">\n<div class=\"col-md-6 mb-4 content\">\n                    <span class=\"d-block h5 text-color-brand mb-1\">Controllo della velocit\u00e0 regolabile<\/span><\/p>\n<p>Consente all\u2019operatore di limitare la velocit\u00e0 massima della macchina negli ambienti di lavoro pi\u00f9 ristretti.<\/p>\n<\/p><\/div>\n<div class=\"col-md-6 mb4 image\" style=\"background-image:url(https:\/\/www.ariens.eu\/it\/wp-content\/uploads\/sites\/13\/2024\/05\/ariens-arrow-standon-zero-turn-cruise-bar.webp)\">\n                <\/div>\n<\/p><\/div>\n<div class=\"row\">\n<div class=\"col-md-6 mb-4 content\">\n                    <span class=\"d-block h5 text-color-brand mb-1\">Elementi di comando<\/span><\/p>\n<p>Tutte le funzioni sono facilmente raggiungibili e controllabili in modo ergonomico dalla posizione di guida.<\/p>\n<\/p><\/div>\n<div class=\"col-md-6 mb4 image\" style=\"background-image:url(https:\/\/www.ariens.eu\/it\/wp-content\/uploads\/sites\/13\/2024\/05\/ariens-arrow-standon-zero-turn-ergonomic-control-panel.webp)\">\n                <\/div>\n<\/p><\/div>\n<div class=\"row\">\n<div class=\"col-md-6 mb-4 content\">\n                    <span class=\"d-block h5 text-color-brand mb-1\">Regolazione dell\u2019altezza di taglio<\/span><\/p>\n<p>Lo sforzo necessario per sollevare il piatto di taglio \u00e8 ridotto: la combinazione di pedale e leva manuale, insieme a un sistema a perno verticale, rende pi\u00f9 semplice la regolazione dell\u2019altezza di taglio.<\/p>\n<\/p><\/div>\n<div class=\"col-md-6 mb4 image\" style=\"background-image:url(https:\/\/www.ariens.eu\/it\/wp-content\/uploads\/sites\/13\/2024\/05\/ariens-arrow-standon-zero-turn-easy-deck-height-adjustment.webp)\">\n                <\/div>\n<\/p><\/div>\n<div class=\"row\">\n<div class=\"col-md-6 mb-4 content\">\n                    <span class=\"d-block h5 text-color-brand mb-1\">Motorizzazioni Premium<\/span><\/p>\n<p>Un motore premium Kawasaki FS600 V\u2011Twin garantisce potenza, prestazioni ed efficienza nei consumi.<\/p>\n<\/p><\/div>\n<div class=\"col-md-6 mb4 image\" style=\"background-image:url(https:\/\/www.ariens.eu\/it\/wp-content\/uploads\/sites\/13\/2024\/05\/ariens-arrow-standon-zero-turn-kawasaki-engine.webp)\">\n                <\/div>\n<\/p><\/div>\n<div class=\"row\">\n<div class=\"col-md-6 mb-4 content\">\n                    <span class=\"d-block h5 text-color-brand mb-1\">Baricentro ribassato<\/span><\/p>\n<p>La geometria e la distribuzione dei pesi garantiscono una maggiore stabilit\u00e0 in pendenza e offrono al conducente una sensazione di sicurezza pi\u00f9 elevata.<\/p>\n<\/p><\/div>\n<div class=\"col-md-6 mb4 image\" style=\"background-image:url(https:\/\/www.ariens.eu\/it\/wp-content\/uploads\/sites\/13\/2024\/05\/ariens-arrow-standon-zero-turn-lowered-centre-of-gravity.webp)\">\n                <\/div>\n<\/p><\/div>\n<\/p><\/div>\n<\/div><\/div>\n<div class='col-lg'>                    <\/div>\n<\/p><\/div>\n<\/div>\n<\/div>\n","protected":false},"excerpt":{"rendered":"<p>Il tagliaerba zero-turn pi\u00f9 maneggevole e compatto. Pu\u00f2 essere utilizzato ovunque. I tagliaerba con pedana sono comodi e veloci, particolarmente compatti, agili e poco ingombranti. La tua schiena e i tuoi muscoli ti ringrazieranno per la posizione di lavoro eretta. Con il suo motore Kawasaki FS600 standard e il piatto di taglio lungo 81 cm [&hellip;]<\/p>\n","protected":false},"featured_media":6025,"comment_status":"open","ping_status":"closed","template":"","meta":{"_acf_changed":false,"_relevanssi_hide_post":"","_relevanssi_hide_content":"","_relevanssi_pin_for_all":"","_relevanssi_pin_keywords":"","_relevanssi_unpin_keywords":"","_relevanssi_related_keywords":"","_relevanssi_related_include_ids":"","_relevanssi_related_exclude_ids":"","_relevanssi_related_no_append":"","_relevanssi_related_not_related":"","_relevanssi_related_posts":"","_relevanssi_noindex_reason":""},"product_brand":[],"product_cat":[15],"product_tag":[],"class_list":{"0":"post-2343","1":"product","2":"type-product","3":"status-publish","4":"has-post-thumbnail","6":"product_variant-arrow-serie","7":"product_usage_areas-municipalities-building-yards","8":"product_usage_areas-operatori-professionali","9":"product_usage_areas-servizi-di-pulizia-e-manutenzione","10":"product_usage_areas-strutture-ricreative","12":"first","13":"instock","14":"shipping-taxable","15":"product-type-simple"},"acf":[],"yoast_head":"<!-- This site is optimized with the Yoast SEO plugin v27.3 - https:\/\/yoast.com\/product\/yoast-seo-wordpress\/ -->\n<title>ARROW 32 - Tagliaerba Zero-Turn Stand-onStand-on | Ariens<\/title>\n<meta name=\"description\" content=\"\u201cCon il suo motore Kawasaki FS600 e il piatto da 81 cm (32&quot;), l\u2019ARROW 32 stand\u2011on \u00e8 la scelta professionale per il taglio in aree di difficile accesso.\" \/>\n<meta name=\"robots\" content=\"index, follow, max-snippet:-1, max-image-preview:large, max-video-preview:-1\" \/>\n<link rel=\"canonical\" href=\"https:\/\/www.ariens.eu\/it\/prodotto\/tagliaerba-zero-turn\/arrow-serie\/arrow-32\/\" \/>\n<meta property=\"og:locale\" content=\"it_IT\" \/>\n<meta property=\"og:type\" content=\"article\" \/>\n<meta property=\"og:title\" content=\"ARROW 32 - Tagliaerba Zero-Turn Stand-onStand-on | Ariens\" \/>\n<meta property=\"og:description\" content=\"\u201cCon il suo motore Kawasaki FS600 e il piatto da 81 cm (32&quot;), l\u2019ARROW 32 stand\u2011on \u00e8 la scelta professionale per il taglio in aree di difficile accesso.\" \/>\n<meta property=\"og:url\" content=\"https:\/\/www.ariens.eu\/it\/prodotto\/tagliaerba-zero-turn\/arrow-serie\/arrow-32\/\" \/>\n<meta property=\"og:site_name\" content=\"Ariens | EMEAA\" \/>\n<meta property=\"article:modified_time\" content=\"2026-02-25T10:36:24+00:00\" \/>\n<meta property=\"og:image\" content=\"https:\/\/www.ariens.eu\/it\/wp-content\/uploads\/sites\/13\/2026\/02\/ariens-arrow-32-stand-on-zero-turn-front-view-34.webp\" \/>\n\t<meta property=\"og:image:width\" content=\"900\" \/>\n\t<meta property=\"og:image:height\" content=\"650\" \/>\n\t<meta property=\"og:image:type\" content=\"image\/webp\" \/>\n<meta name=\"twitter:card\" content=\"summary_large_image\" \/>\n<meta name=\"twitter:label1\" content=\"Tempo di lettura stimato\" \/>\n\t<meta name=\"twitter:data1\" content=\"3 minuti\" \/>\n<script type=\"application\/ld+json\" class=\"yoast-schema-graph\">{\"@context\":\"https:\\\/\\\/schema.org\",\"@graph\":[{\"@type\":\"WebPage\",\"@id\":\"https:\\\/\\\/www.ariens.eu\\\/it\\\/prodotto\\\/tagliaerba-zero-turn\\\/arrow-serie\\\/arrow-32\\\/\",\"url\":\"https:\\\/\\\/www.ariens.eu\\\/it\\\/prodotto\\\/tagliaerba-zero-turn\\\/arrow-serie\\\/arrow-32\\\/\",\"name\":\"ARROW 32 - Tagliaerba Zero-Turn Stand-onStand-on | Ariens\",\"isPartOf\":{\"@id\":\"https:\\\/\\\/www.ariens.eu\\\/it\\\/#website\"},\"primaryImageOfPage\":{\"@id\":\"https:\\\/\\\/www.ariens.eu\\\/it\\\/prodotto\\\/tagliaerba-zero-turn\\\/arrow-serie\\\/arrow-32\\\/#primaryimage\"},\"image\":{\"@id\":\"https:\\\/\\\/www.ariens.eu\\\/it\\\/prodotto\\\/tagliaerba-zero-turn\\\/arrow-serie\\\/arrow-32\\\/#primaryimage\"},\"thumbnailUrl\":\"https:\\\/\\\/www.ariens.eu\\\/it\\\/wp-content\\\/uploads\\\/sites\\\/13\\\/2026\\\/02\\\/ariens-arrow-32-stand-on-zero-turn-front-view-34.webp\",\"datePublished\":\"2024-05-10T10:04:36+00:00\",\"dateModified\":\"2026-02-25T10:36:24+00:00\",\"description\":\"\u201cCon il suo motore Kawasaki FS600 e il piatto da 81 cm (32\\\"), l\u2019ARROW 32 stand\u2011on \u00e8 la scelta professionale per il taglio in aree di difficile accesso.\",\"breadcrumb\":{\"@id\":\"https:\\\/\\\/www.ariens.eu\\\/it\\\/prodotto\\\/tagliaerba-zero-turn\\\/arrow-serie\\\/arrow-32\\\/#breadcrumb\"},\"inLanguage\":\"it-IT\",\"potentialAction\":[{\"@type\":\"ReadAction\",\"target\":[\"https:\\\/\\\/www.ariens.eu\\\/it\\\/prodotto\\\/tagliaerba-zero-turn\\\/arrow-serie\\\/arrow-32\\\/\"]}]},{\"@type\":\"ImageObject\",\"inLanguage\":\"it-IT\",\"@id\":\"https:\\\/\\\/www.ariens.eu\\\/it\\\/prodotto\\\/tagliaerba-zero-turn\\\/arrow-serie\\\/arrow-32\\\/#primaryimage\",\"url\":\"https:\\\/\\\/www.ariens.eu\\\/it\\\/wp-content\\\/uploads\\\/sites\\\/13\\\/2026\\\/02\\\/ariens-arrow-32-stand-on-zero-turn-front-view-34.webp\",\"contentUrl\":\"https:\\\/\\\/www.ariens.eu\\\/it\\\/wp-content\\\/uploads\\\/sites\\\/13\\\/2026\\\/02\\\/ariens-arrow-32-stand-on-zero-turn-front-view-34.webp\",\"width\":900,\"height\":650},{\"@type\":\"BreadcrumbList\",\"@id\":\"https:\\\/\\\/www.ariens.eu\\\/it\\\/prodotto\\\/tagliaerba-zero-turn\\\/arrow-serie\\\/arrow-32\\\/#breadcrumb\",\"itemListElement\":[{\"@type\":\"ListItem\",\"position\":1,\"name\":\"Home\",\"item\":\"https:\\\/\\\/www.ariens.eu\\\/it\\\/\"},{\"@type\":\"ListItem\",\"position\":2,\"name\":\"Shop\",\"item\":\"https:\\\/\\\/www.ariens.eu\\\/it\\\/shop\\\/\"},{\"@type\":\"ListItem\",\"position\":3,\"name\":\"ARROW 32\"}]},{\"@type\":\"WebSite\",\"@id\":\"https:\\\/\\\/www.ariens.eu\\\/it\\\/#website\",\"url\":\"https:\\\/\\\/www.ariens.eu\\\/it\\\/\",\"name\":\"Ariens | EMEAA\",\"description\":\"Powerful and reliable zero-turn mowers &amp; snow blowers for professional users and demanding private customers\",\"publisher\":{\"@id\":\"https:\\\/\\\/www.ariens.eu\\\/it\\\/#organization\"},\"potentialAction\":[{\"@type\":\"SearchAction\",\"target\":{\"@type\":\"EntryPoint\",\"urlTemplate\":\"https:\\\/\\\/www.ariens.eu\\\/it\\\/?s={search_term_string}\"},\"query-input\":{\"@type\":\"PropertyValueSpecification\",\"valueRequired\":true,\"valueName\":\"search_term_string\"}}],\"inLanguage\":\"it-IT\"},{\"@type\":\"Organization\",\"@id\":\"https:\\\/\\\/www.ariens.eu\\\/it\\\/#organization\",\"name\":\"AriensCo GmbH\",\"url\":\"https:\\\/\\\/www.ariens.eu\\\/it\\\/\",\"logo\":{\"@type\":\"ImageObject\",\"inLanguage\":\"it-IT\",\"@id\":\"https:\\\/\\\/www.ariens.eu\\\/it\\\/#\\\/schema\\\/logo\\\/image\\\/\",\"url\":\"https:\\\/\\\/www.ariens.eu\\\/wp-content\\\/uploads\\\/2024\\\/11\\\/ariens-co-logo.jpg\",\"contentUrl\":\"https:\\\/\\\/www.ariens.eu\\\/wp-content\\\/uploads\\\/2024\\\/11\\\/ariens-co-logo.jpg\",\"width\":1000,\"height\":1000,\"caption\":\"AriensCo GmbH\"},\"image\":{\"@id\":\"https:\\\/\\\/www.ariens.eu\\\/it\\\/#\\\/schema\\\/logo\\\/image\\\/\"}}]}<\/script>\n<!-- \/ Yoast SEO plugin. -->","yoast_head_json":{"title":"ARROW 32 - Tagliaerba Zero-Turn Stand-onStand-on | Ariens","description":"\u201cCon il suo motore Kawasaki FS600 e il piatto da 81 cm (32\"), l\u2019ARROW 32 stand\u2011on \u00e8 la scelta professionale per il taglio in aree di difficile accesso.","robots":{"index":"index","follow":"follow","max-snippet":"max-snippet:-1","max-image-preview":"max-image-preview:large","max-video-preview":"max-video-preview:-1"},"canonical":"https:\/\/www.ariens.eu\/it\/prodotto\/tagliaerba-zero-turn\/arrow-serie\/arrow-32\/","og_locale":"it_IT","og_type":"article","og_title":"ARROW 32 - Tagliaerba Zero-Turn Stand-onStand-on | Ariens","og_description":"\u201cCon il suo motore Kawasaki FS600 e il piatto da 81 cm (32\"), l\u2019ARROW 32 stand\u2011on \u00e8 la scelta professionale per il taglio in aree di difficile accesso.","og_url":"https:\/\/www.ariens.eu\/it\/prodotto\/tagliaerba-zero-turn\/arrow-serie\/arrow-32\/","og_site_name":"Ariens | EMEAA","article_modified_time":"2026-02-25T10:36:24+00:00","og_image":[{"width":900,"height":650,"url":"https:\/\/www.ariens.eu\/it\/wp-content\/uploads\/sites\/13\/2026\/02\/ariens-arrow-32-stand-on-zero-turn-front-view-34.webp","type":"image\/webp"}],"twitter_card":"summary_large_image","twitter_misc":{"Tempo di lettura stimato":"3 minuti"},"schema":{"@context":"https:\/\/schema.org","@graph":[{"@type":"WebPage","@id":"https:\/\/www.ariens.eu\/it\/prodotto\/tagliaerba-zero-turn\/arrow-serie\/arrow-32\/","url":"https:\/\/www.ariens.eu\/it\/prodotto\/tagliaerba-zero-turn\/arrow-serie\/arrow-32\/","name":"ARROW 32 - Tagliaerba Zero-Turn Stand-onStand-on | Ariens","isPartOf":{"@id":"https:\/\/www.ariens.eu\/it\/#website"},"primaryImageOfPage":{"@id":"https:\/\/www.ariens.eu\/it\/prodotto\/tagliaerba-zero-turn\/arrow-serie\/arrow-32\/#primaryimage"},"image":{"@id":"https:\/\/www.ariens.eu\/it\/prodotto\/tagliaerba-zero-turn\/arrow-serie\/arrow-32\/#primaryimage"},"thumbnailUrl":"https:\/\/www.ariens.eu\/it\/wp-content\/uploads\/sites\/13\/2026\/02\/ariens-arrow-32-stand-on-zero-turn-front-view-34.webp","datePublished":"2024-05-10T10:04:36+00:00","dateModified":"2026-02-25T10:36:24+00:00","description":"\u201cCon il suo motore Kawasaki FS600 e il piatto da 81 cm (32\"), l\u2019ARROW 32 stand\u2011on \u00e8 la scelta professionale per il taglio in aree di difficile accesso.","breadcrumb":{"@id":"https:\/\/www.ariens.eu\/it\/prodotto\/tagliaerba-zero-turn\/arrow-serie\/arrow-32\/#breadcrumb"},"inLanguage":"it-IT","potentialAction":[{"@type":"ReadAction","target":["https:\/\/www.ariens.eu\/it\/prodotto\/tagliaerba-zero-turn\/arrow-serie\/arrow-32\/"]}]},{"@type":"ImageObject","inLanguage":"it-IT","@id":"https:\/\/www.ariens.eu\/it\/prodotto\/tagliaerba-zero-turn\/arrow-serie\/arrow-32\/#primaryimage","url":"https:\/\/www.ariens.eu\/it\/wp-content\/uploads\/sites\/13\/2026\/02\/ariens-arrow-32-stand-on-zero-turn-front-view-34.webp","contentUrl":"https:\/\/www.ariens.eu\/it\/wp-content\/uploads\/sites\/13\/2026\/02\/ariens-arrow-32-stand-on-zero-turn-front-view-34.webp","width":900,"height":650},{"@type":"BreadcrumbList","@id":"https:\/\/www.ariens.eu\/it\/prodotto\/tagliaerba-zero-turn\/arrow-serie\/arrow-32\/#breadcrumb","itemListElement":[{"@type":"ListItem","position":1,"name":"Home","item":"https:\/\/www.ariens.eu\/it\/"},{"@type":"ListItem","position":2,"name":"Shop","item":"https:\/\/www.ariens.eu\/it\/shop\/"},{"@type":"ListItem","position":3,"name":"ARROW 32"}]},{"@type":"WebSite","@id":"https:\/\/www.ariens.eu\/it\/#website","url":"https:\/\/www.ariens.eu\/it\/","name":"Ariens | EMEAA","description":"Powerful and reliable zero-turn mowers &amp; snow blowers for professional users and demanding private customers","publisher":{"@id":"https:\/\/www.ariens.eu\/it\/#organization"},"potentialAction":[{"@type":"SearchAction","target":{"@type":"EntryPoint","urlTemplate":"https:\/\/www.ariens.eu\/it\/?s={search_term_string}"},"query-input":{"@type":"PropertyValueSpecification","valueRequired":true,"valueName":"search_term_string"}}],"inLanguage":"it-IT"},{"@type":"Organization","@id":"https:\/\/www.ariens.eu\/it\/#organization","name":"AriensCo GmbH","url":"https:\/\/www.ariens.eu\/it\/","logo":{"@type":"ImageObject","inLanguage":"it-IT","@id":"https:\/\/www.ariens.eu\/it\/#\/schema\/logo\/image\/","url":"https:\/\/www.ariens.eu\/wp-content\/uploads\/2024\/11\/ariens-co-logo.jpg","contentUrl":"https:\/\/www.ariens.eu\/wp-content\/uploads\/2024\/11\/ariens-co-logo.jpg","width":1000,"height":1000,"caption":"AriensCo GmbH"},"image":{"@id":"https:\/\/www.ariens.eu\/it\/#\/schema\/logo\/image\/"}}]}},"_links":{"self":[{"href":"https:\/\/www.ariens.eu\/it\/wp-json\/wp\/v2\/product\/2343","targetHints":{"allow":["GET"]}}],"collection":[{"href":"https:\/\/www.ariens.eu\/it\/wp-json\/wp\/v2\/product"}],"about":[{"href":"https:\/\/www.ariens.eu\/it\/wp-json\/wp\/v2\/types\/product"}],"replies":[{"embeddable":true,"href":"https:\/\/www.ariens.eu\/it\/wp-json\/wp\/v2\/comments?post=2343"}],"wp:featuredmedia":[{"embeddable":true,"href":"https:\/\/www.ariens.eu\/it\/wp-json\/wp\/v2\/media\/6025"}],"wp:attachment":[{"href":"https:\/\/www.ariens.eu\/it\/wp-json\/wp\/v2\/media?parent=2343"}],"wp:term":[{"taxonomy":"product_brand","embeddable":true,"href":"https:\/\/www.ariens.eu\/it\/wp-json\/wp\/v2\/product_brand?post=2343"},{"taxonomy":"product_cat","embeddable":true,"href":"https:\/\/www.ariens.eu\/it\/wp-json\/wp\/v2\/product_cat?post=2343"},{"taxonomy":"product_tag","embeddable":true,"href":"https:\/\/www.ariens.eu\/it\/wp-json\/wp\/v2\/product_tag?post=2343"}],"curies":[{"name":"wp","href":"https:\/\/api.w.org\/{rel}","templated":true}]}}