{"id":2345,"date":"2024-05-10T11:04:36","date_gmt":"2024-05-10T10:04:36","guid":{"rendered":"https:\/\/www.ariens.eu\/product\/arrow-e-48-2\/"},"modified":"2026-02-16T12:20:44","modified_gmt":"2026-02-16T12:20:44","slug":"arrow-e-48","status":"publish","type":"product","link":"https:\/\/www.ariens.eu\/it\/prodotto\/tagliaerba-zero-turn\/serie-arrow-e\/arrow-e-48","title":{"rendered":"ARROW E 48"},"content":{"rendered":"<div class=\"acfd-block acfd-block__twocolumns mb-asm-1 container-fluid px-0 bg-default\">\n<div class=\"acfd-twocolumns\">\n<div class=\"row\">\n<div class='col-lg-9 mb-4 '>\n<div class=\"acfd-block acfd-block__headline container-fluid px-0 bg-default\">\n<div class=\"acfd-headline\">\n<h2 class='h2 text-left li_black'>Massima manovrabilit\u00e0 con una postura di lavoro delicata in posizione eretta \u2013 Con sistema di batteria ricaricabile Li-Ion<\/h2>\n<\/p><\/div>\n<\/div><\/div>\n<div class='col-lg'>                    <\/div>\n<\/p><\/div>\n<\/div>\n<\/div>\n<div class=\"acfd-block acfd-block__twocolumns mb-asm-2 container-fluid px-0 bg-default\">\n<div class=\"acfd-twocolumns\">\n<div class=\"row\">\n<div class='col-lg-9 mb-4 '>\n<div class=\"acfd-block acfd-block__text container-fluid px-0 bg-default\">\n<div class=\"acfd-text li_black\">\n<p>I tagliaerba con operatore a bordo sono comodi e veloci, ma particolarmente compatti, agili e poco ingombranti. La tua schiena e i tuoi muscoli ti ringrazieranno per la posizione di lavoro eretta.<\/p>\n<p>L\u2019ARROW E 48 \u00e8 un tosaerba con operatore in piedi completamente alimentato a batteria completamente commerciale. Dispone di un piatto di taglio a scarico laterale da 122 cm (48\u2033). Progettato per la falciatura in aree in cui il rumore e le emissioni di carbonio sono limitate.<\/p>\n<ul>\n<li>Alimentato da quattro batterie intercambiabili FusionCore agli ioni di litio da 56 V CC e 4 kWh<\/li>\n<li>Presenta una tecnologia del mandrino in attesa di brevetto, progettata per assorbire l\u2019impatto con danni minimi ai mandrini<\/li>\n<li>Il sistema di batterie QuickSwap consente di tagliare tutto il giorno (a seconda delle condizioni di taglio)<\/li>\n<li>Tempo di ricarica di 5,3 \u2013 12 ore (a seconda del caricabatterie)<\/li>\n<li>Dispone di un ponte di scarico laterale fabbricato da 122 cm (48\u2033) costruito in robusto acciaio da 4,5 mm<\/li>\n<li>Kit pacciamatura opzionale disponibile<\/li>\n<li>Controlli intuitivi<\/li>\n<li>Piattaforma operatore pieghevole per la massima versatilit\u00e0<\/li>\n<li>Modalit\u00e0 ECO: aumenta la durata della batteria<\/li>\n<li>L\u2019interfaccia a LED visualizza informazioni importanti<\/li>\n<li>Regolazione del piatto di taglio assistita a pedale<\/li>\n<li>5 anni o 1500 ore di garanzia\/ 3 anni di garanzia sulla batteria<\/li>\n<\/ul>\n<p>*Le foto e le illustrazioni sono una rappresentazione del prodotto, il prodotto reale pu\u00f2 differire<\/p>\n<\/div>\n<\/div><\/div>\n<div class='col-lg'>                    <\/div>\n<\/p><\/div>\n<\/div>\n<\/div>\n<div class=\"acfd-block acfd-block__category mb-asm-3 container-fluid px-0 bg-default\">\n<div class=\"acfd-product-categories\">\n<h2 class=\"text-left mb-3\">\n        Interventi    <\/h2>\n<div class=\"product-categories_wrapper\">\n            <\/div>\n<\/div>\n<\/div>\n<div class=\"acfd-block acfd-block__twocolumns mb-asm-2 container-fluid container-fluid--force px-0 bg-default\">\n<div class=\"acfd-twocolumns\">\n<div class=\"row\">\n<div class='col-lg-12 mb-4 '>\n<div class=\"acfd-product-advantages--wrapper\">\n<h2 class=\"h1 bigger text-color-black text-center mb-5\">\n        Caratteristiche e vantaggi    <\/h2>\n<div class=\"acfd-product-advantages\">\n<div class=\"row\">\n<div class=\"col-md-6 mb-4 content\">\n                    <span class=\"d-block h5 text-color-brand mb-1\">Capacit\u00e0 della batteria<\/span><\/p>\n<p>4 pacchi batteria individuali da 56 V, ciascuno da 4 kWh, per una capacit\u00e0 totale di 16 kWh. Celle Panasonic Li\u2011NMC di qualit\u00e0 premium.<\/p>\n<\/p><\/div>\n<div class=\"col-md-6 mb4 image\" style=\"background-image:url(https:\/\/www.ariens.eu\/it\/wp-content\/uploads\/sites\/13\/2024\/05\/ariens-arrow-e-battery-stand-on-fusioncore-batteries-1.webp)\">\n                <\/div>\n<\/p><\/div>\n<div class=\"row\">\n<div class=\"col-md-6 mb-4 content\">\n                    <span class=\"d-block h5 text-color-brand mb-1\">Sistema a Batterie Intercambiabili<\/span><\/p>\n<p>Il sistema di batterie intercambiabili ti d\u00e0 la possibilit\u00e0 di tagliare l&#8217;erba tutto il giorno*. Quando le batterie si esauriscono, basta sostituirle in pochi secondi e continuare a lavorare. Il sistema di batterie Ariens FusionCore \u00e8 attualmente l&#8217;unico sistema commerciale sul mercato con batterie intercambiabili. Offre una flessibilit\u00e0 e una compatibilit\u00e0 senza pari tra ZENITH E e ARROW E.<\/p>\n<p>A seconda delle ore di funzionamento, dell&#8217;utilizzo dell&#8217;operatore e delle condizioni di taglio.<\/p>\n<\/p><\/div>\n<div class=\"col-md-6 mb4 image\" style=\"background-image:url(https:\/\/www.ariens.eu\/it\/wp-content\/uploads\/sites\/13\/2024\/05\/ariens-arrow-e-battery-stand-on-quickswap-battery-system.webp)\">\n                <\/div>\n<\/p><\/div>\n<div class=\"row\">\n<div class=\"col-md-6 mb-4 content\">\n                    <span class=\"d-block h5 text-color-brand mb-1\">Motori mandrino brushless con frizione antislittamento<\/span><\/p>\n<p>I motori mandrino ad alte prestazioni delle lame sono dotati di una frizione di slittamento. In caso di collisione con un corpo estraneo, la frizione permette alla lama di \u201cslittare\u201d, proteggendo cos\u00ec il motore da eventuali danni. Nel peggiore dei casi, gli alberi delle lame e i cuscinetti inferiori possono essere sostituiti.<\/p>\n<\/p><\/div>\n<div class=\"col-md-6 mb4 image\" style=\"background-image:url(https:\/\/www.ariens.eu\/it\/wp-content\/uploads\/sites\/13\/2024\/05\/ariens-arrow-e-battery-stand-on-spindle-motor-1.webp)\">\n                <\/div>\n<\/p><\/div>\n<div class=\"row\">\n<div class=\"col-md-6 mb-4 content\">\n                    <span class=\"d-block h5 text-color-brand mb-1\">Regolazioni altezza taglio Assistite da Pedale<\/span><\/p>\n<p>La qualit\u00e0 ha il suo peso. Il solido piatto di taglio del modello ARROW E \u00e8 saldato con lamiera d&#8217;acciaio spessa 4,5 mm. L&#8217;altezza del piatto viene regolata senza problemi utilizzando un sistema combinato di pedale e sollevamento manuale.<\/p>\n<\/p><\/div>\n<div class=\"col-md-6 mb4 image\" style=\"background-image:url(https:\/\/www.ariens.eu\/it\/wp-content\/uploads\/sites\/13\/2024\/05\/ariens-arrow-e-battery-stand-on-dual-deck-lift-system.webp)\">\n                <\/div>\n<\/p><\/div>\n<div class=\"row\">\n<div class=\"col-md-6 mb-4 content\">\n                    <span class=\"d-block h5 text-color-brand mb-1\">Interfaccia \/ Display a Led<\/span><\/p>\n<p>Il display LED a colori ti mantiene costantemente aggiornato.<\/p>\n<p>\u2022 Stato di carica di tutte le batterie<br \/>\n\u2022 Modalit\u00e0 di funzionamento<br \/>\n\u2022 Contatore delle ore di lavoro<br \/>\n\u2022 Diagnostica di sistema<br \/>\n\u2022 Segnalazioni di errore<\/p>\n<p>Per la diagnostica non \u00e8 richiesto alcun dispositivo esterno.<\/p>\n<\/p><\/div>\n<div class=\"col-md-6 mb4 image\" style=\"background-image:url(https:\/\/www.ariens.eu\/it\/wp-content\/uploads\/sites\/13\/2024\/05\/ariens-arrow-e-battery-stand-on-display-1.webp)\">\n                <\/div>\n<\/p><\/div>\n<div class=\"row\">\n<div class=\"col-md-6 mb-4 content\">\n                    <span class=\"d-block h5 text-color-brand mb-1\">Modalit\u00e0 Eco \u2013 non sprecare energia<\/span><\/p>\n<p>L\u2019ARROW E \u00e8 dotato di un interruttore per la modalit\u00e0 ECO. Quando la quantit\u00e0 di residui \u00e8 ridotta o la velocit\u00e0 di avanzamento \u00e8 bassa, non \u00e8 necessaria la massima velocit\u00e0 delle lame. In questi casi, \u00e8 possibile attivare la modalit\u00e0 ECO per ridurre la velocit\u00e0 di rotazione delle lame.<\/p>\n<\/p><\/div>\n<div class=\"col-md-6 mb4 image\" style=\"background-image:url(https:\/\/www.ariens.eu\/it\/wp-content\/uploads\/sites\/13\/2024\/05\/ariens-arrow-e-battery-stand-on-eco-mode-button-1.webp)\">\n                <\/div>\n<\/p><\/div>\n<div class=\"row\">\n<div class=\"col-md-6 mb-4 content\">\n                    <span class=\"d-block h5 text-color-brand mb-1\">Piattaforma di guida ribaltabile<\/span><\/p>\n<p>La piattaforma di guida ammortizzata pu\u00f2 essere ribaltata verso l\u2019alto per il trasporto. Pu\u00f2 inoltre essere utilizzata durante il lavoro sotto rami bassi o quando si opera su pendenze fino a 20\u00b0. In questo modo l\u2019ARROW E si trasforma in pochi istanti in un tagliaerba a conduzione da terra. A proposito: nessun sistema di sospensione al mondo \u00e8 efficace quanto le gambe umane. Questo rappresenta un grande vantaggio dei tagliaerba \u201cstand\u2011on\u201d per la salute dell\u2019operatore.<\/p>\n<\/p><\/div>\n<div class=\"col-md-6 mb4 image\" style=\"background-image:url(https:\/\/www.ariens.eu\/it\/wp-content\/uploads\/sites\/13\/2024\/05\/ariens-arrow-e-battery-stand-on-flip-up-suspension-platform.webp)\">\n                <\/div>\n<\/p><\/div>\n<div class=\"row\">\n<div class=\"col-md-6 mb-4 content\">\n                    <span class=\"d-block h5 text-color-brand mb-1\">Comandi Intuitivi<\/span><\/p>\n<p>Controlla i due comandi delle ruote indipendenti con due sole leve di guida. Rimarrai stupito dalla precisione e facilit\u00e0 di questo sistema di sterzata. Ogni utente diventer\u00e0 un vero esperto di zero-turn in pochissimo tempo. Provalo tu stesso.<\/p>\n<\/p><\/div>\n<div class=\"col-md-6 mb4 image\" style=\"background-image:url(https:\/\/www.ariens.eu\/it\/wp-content\/uploads\/sites\/13\/2024\/05\/intuitive-control.webp)\">\n                <\/div>\n<\/p><\/div>\n<\/p><\/div>\n<\/div><\/div>\n<div class='col-lg'>                    <\/div>\n<\/p><\/div>\n<\/div>\n<\/div>\n","protected":false},"excerpt":{"rendered":"<p>Massima manovrabilit\u00e0 con una postura di lavoro delicata in posizione eretta \u2013 Con sistema di batteria ricaricabile Li-Ion I tagliaerba con operatore a bordo sono comodi e veloci, ma particolarmente compatti, agili e poco ingombranti. La tua schiena e i tuoi muscoli ti ringrazieranno per la posizione di lavoro eretta. L\u2019ARROW E 48 \u00e8 un [&hellip;]<\/p>\n","protected":false},"featured_media":6042,"comment_status":"open","ping_status":"closed","template":"","meta":{"_acf_changed":false,"_relevanssi_hide_post":"","_relevanssi_hide_content":"","_relevanssi_pin_for_all":"","_relevanssi_pin_keywords":"","_relevanssi_unpin_keywords":"","_relevanssi_related_keywords":"","_relevanssi_related_include_ids":"","_relevanssi_related_exclude_ids":"","_relevanssi_related_no_append":"","_relevanssi_related_not_related":"","_relevanssi_related_posts":"","_relevanssi_noindex_reason":""},"product_brand":[],"product_cat":[15],"product_tag":[],"class_list":{"0":"post-2345","1":"product","2":"type-product","3":"status-publish","4":"has-post-thumbnail","6":"product_variant-serie-arrow-e","7":"product_usage_areas-municipalities-building-yards","8":"product_usage_areas-operatori-professionali","9":"product_usage_areas-servizi-di-pulizia-e-manutenzione","10":"product_usage_areas-strutture-ricreative","12":"first","13":"instock","14":"shipping-taxable","15":"product-type-simple"},"acf":[],"yoast_head":"<!-- This site is optimized with the Yoast SEO plugin v27.3 - https:\/\/yoast.com\/product\/yoast-seo-wordpress\/ -->\n<title>ARROW E 48 - Tagliaerba Stand-on a batteria | Ariens<\/title>\n<meta name=\"description\" content=\"Autonomia per l\u2019intera giornata da un tagliaerba stand\u2011on Ariens a batteria. L\u2019ARROW E 48 stabilisce il nuovo standard nei tagliaerba stand\u2011on elettrici professionali.\" \/>\n<meta name=\"robots\" content=\"index, follow, max-snippet:-1, max-image-preview:large, max-video-preview:-1\" \/>\n<link rel=\"canonical\" href=\"https:\/\/www.ariens.eu\/it\/prodotto\/tagliaerba-zero-turn\/serie-arrow-e\/arrow-e-48\/\" \/>\n<meta property=\"og:locale\" content=\"it_IT\" \/>\n<meta property=\"og:type\" content=\"article\" \/>\n<meta property=\"og:title\" content=\"ARROW E 48 - Tagliaerba Stand-on a batteria | Ariens\" \/>\n<meta property=\"og:description\" content=\"Autonomia per l\u2019intera giornata da un tagliaerba stand\u2011on Ariens a batteria. L\u2019ARROW E 48 stabilisce il nuovo standard nei tagliaerba stand\u2011on elettrici professionali.\" \/>\n<meta property=\"og:url\" content=\"https:\/\/www.ariens.eu\/it\/prodotto\/tagliaerba-zero-turn\/serie-arrow-e\/arrow-e-48\/\" \/>\n<meta property=\"og:site_name\" content=\"Ariens | EMEAA\" \/>\n<meta property=\"article:modified_time\" content=\"2026-02-16T12:20:44+00:00\" \/>\n<meta property=\"og:image\" content=\"https:\/\/www.ariens.eu\/it\/wp-content\/uploads\/sites\/13\/2026\/02\/ariens-arrowe-48-side-discharge-battery-stand-on-zero-turn-front-left-768x555-2.webp\" \/>\n\t<meta property=\"og:image:width\" content=\"768\" \/>\n\t<meta property=\"og:image:height\" content=\"555\" \/>\n\t<meta property=\"og:image:type\" content=\"image\/webp\" \/>\n<meta name=\"twitter:card\" content=\"summary_large_image\" \/>\n<meta name=\"twitter:label1\" content=\"Tempo di lettura stimato\" \/>\n\t<meta name=\"twitter:data1\" content=\"4 minuti\" \/>\n<script type=\"application\/ld+json\" class=\"yoast-schema-graph\">{\"@context\":\"https:\\\/\\\/schema.org\",\"@graph\":[{\"@type\":\"WebPage\",\"@id\":\"https:\\\/\\\/www.ariens.eu\\\/it\\\/prodotto\\\/tagliaerba-zero-turn\\\/serie-arrow-e\\\/arrow-e-48\\\/\",\"url\":\"https:\\\/\\\/www.ariens.eu\\\/it\\\/prodotto\\\/tagliaerba-zero-turn\\\/serie-arrow-e\\\/arrow-e-48\\\/\",\"name\":\"ARROW E 48 - Tagliaerba Stand-on a batteria | Ariens\",\"isPartOf\":{\"@id\":\"https:\\\/\\\/www.ariens.eu\\\/it\\\/#website\"},\"primaryImageOfPage\":{\"@id\":\"https:\\\/\\\/www.ariens.eu\\\/it\\\/prodotto\\\/tagliaerba-zero-turn\\\/serie-arrow-e\\\/arrow-e-48\\\/#primaryimage\"},\"image\":{\"@id\":\"https:\\\/\\\/www.ariens.eu\\\/it\\\/prodotto\\\/tagliaerba-zero-turn\\\/serie-arrow-e\\\/arrow-e-48\\\/#primaryimage\"},\"thumbnailUrl\":\"https:\\\/\\\/www.ariens.eu\\\/it\\\/wp-content\\\/uploads\\\/sites\\\/13\\\/2026\\\/02\\\/ariens-arrowe-48-side-discharge-battery-stand-on-zero-turn-front-left-768x555-2.webp\",\"datePublished\":\"2024-05-10T10:04:36+00:00\",\"dateModified\":\"2026-02-16T12:20:44+00:00\",\"description\":\"Autonomia per l\u2019intera giornata da un tagliaerba stand\u2011on Ariens a batteria. L\u2019ARROW E 48 stabilisce il nuovo standard nei tagliaerba stand\u2011on elettrici professionali.\",\"breadcrumb\":{\"@id\":\"https:\\\/\\\/www.ariens.eu\\\/it\\\/prodotto\\\/tagliaerba-zero-turn\\\/serie-arrow-e\\\/arrow-e-48\\\/#breadcrumb\"},\"inLanguage\":\"it-IT\",\"potentialAction\":[{\"@type\":\"ReadAction\",\"target\":[\"https:\\\/\\\/www.ariens.eu\\\/it\\\/prodotto\\\/tagliaerba-zero-turn\\\/serie-arrow-e\\\/arrow-e-48\\\/\"]}]},{\"@type\":\"ImageObject\",\"inLanguage\":\"it-IT\",\"@id\":\"https:\\\/\\\/www.ariens.eu\\\/it\\\/prodotto\\\/tagliaerba-zero-turn\\\/serie-arrow-e\\\/arrow-e-48\\\/#primaryimage\",\"url\":\"https:\\\/\\\/www.ariens.eu\\\/it\\\/wp-content\\\/uploads\\\/sites\\\/13\\\/2026\\\/02\\\/ariens-arrowe-48-side-discharge-battery-stand-on-zero-turn-front-left-768x555-2.webp\",\"contentUrl\":\"https:\\\/\\\/www.ariens.eu\\\/it\\\/wp-content\\\/uploads\\\/sites\\\/13\\\/2026\\\/02\\\/ariens-arrowe-48-side-discharge-battery-stand-on-zero-turn-front-left-768x555-2.webp\",\"width\":768,\"height\":555},{\"@type\":\"BreadcrumbList\",\"@id\":\"https:\\\/\\\/www.ariens.eu\\\/it\\\/prodotto\\\/tagliaerba-zero-turn\\\/serie-arrow-e\\\/arrow-e-48\\\/#breadcrumb\",\"itemListElement\":[{\"@type\":\"ListItem\",\"position\":1,\"name\":\"Home\",\"item\":\"https:\\\/\\\/www.ariens.eu\\\/it\\\/\"},{\"@type\":\"ListItem\",\"position\":2,\"name\":\"Shop\",\"item\":\"https:\\\/\\\/www.ariens.eu\\\/it\\\/shop\\\/\"},{\"@type\":\"ListItem\",\"position\":3,\"name\":\"ARROW E 48\"}]},{\"@type\":\"WebSite\",\"@id\":\"https:\\\/\\\/www.ariens.eu\\\/it\\\/#website\",\"url\":\"https:\\\/\\\/www.ariens.eu\\\/it\\\/\",\"name\":\"Ariens | EMEAA\",\"description\":\"Powerful and reliable zero-turn mowers &amp; snow blowers for professional users and demanding private customers\",\"publisher\":{\"@id\":\"https:\\\/\\\/www.ariens.eu\\\/it\\\/#organization\"},\"potentialAction\":[{\"@type\":\"SearchAction\",\"target\":{\"@type\":\"EntryPoint\",\"urlTemplate\":\"https:\\\/\\\/www.ariens.eu\\\/it\\\/?s={search_term_string}\"},\"query-input\":{\"@type\":\"PropertyValueSpecification\",\"valueRequired\":true,\"valueName\":\"search_term_string\"}}],\"inLanguage\":\"it-IT\"},{\"@type\":\"Organization\",\"@id\":\"https:\\\/\\\/www.ariens.eu\\\/it\\\/#organization\",\"name\":\"AriensCo GmbH\",\"url\":\"https:\\\/\\\/www.ariens.eu\\\/it\\\/\",\"logo\":{\"@type\":\"ImageObject\",\"inLanguage\":\"it-IT\",\"@id\":\"https:\\\/\\\/www.ariens.eu\\\/it\\\/#\\\/schema\\\/logo\\\/image\\\/\",\"url\":\"https:\\\/\\\/www.ariens.eu\\\/wp-content\\\/uploads\\\/2024\\\/11\\\/ariens-co-logo.jpg\",\"contentUrl\":\"https:\\\/\\\/www.ariens.eu\\\/wp-content\\\/uploads\\\/2024\\\/11\\\/ariens-co-logo.jpg\",\"width\":1000,\"height\":1000,\"caption\":\"AriensCo GmbH\"},\"image\":{\"@id\":\"https:\\\/\\\/www.ariens.eu\\\/it\\\/#\\\/schema\\\/logo\\\/image\\\/\"}}]}<\/script>\n<!-- \/ Yoast SEO plugin. -->","yoast_head_json":{"title":"ARROW E 48 - Tagliaerba Stand-on a batteria | Ariens","description":"Autonomia per l\u2019intera giornata da un tagliaerba stand\u2011on Ariens a batteria. L\u2019ARROW E 48 stabilisce il nuovo standard nei tagliaerba stand\u2011on elettrici professionali.","robots":{"index":"index","follow":"follow","max-snippet":"max-snippet:-1","max-image-preview":"max-image-preview:large","max-video-preview":"max-video-preview:-1"},"canonical":"https:\/\/www.ariens.eu\/it\/prodotto\/tagliaerba-zero-turn\/serie-arrow-e\/arrow-e-48\/","og_locale":"it_IT","og_type":"article","og_title":"ARROW E 48 - Tagliaerba Stand-on a batteria | Ariens","og_description":"Autonomia per l\u2019intera giornata da un tagliaerba stand\u2011on Ariens a batteria. L\u2019ARROW E 48 stabilisce il nuovo standard nei tagliaerba stand\u2011on elettrici professionali.","og_url":"https:\/\/www.ariens.eu\/it\/prodotto\/tagliaerba-zero-turn\/serie-arrow-e\/arrow-e-48\/","og_site_name":"Ariens | EMEAA","article_modified_time":"2026-02-16T12:20:44+00:00","og_image":[{"width":768,"height":555,"url":"https:\/\/www.ariens.eu\/it\/wp-content\/uploads\/sites\/13\/2026\/02\/ariens-arrowe-48-side-discharge-battery-stand-on-zero-turn-front-left-768x555-2.webp","type":"image\/webp"}],"twitter_card":"summary_large_image","twitter_misc":{"Tempo di lettura stimato":"4 minuti"},"schema":{"@context":"https:\/\/schema.org","@graph":[{"@type":"WebPage","@id":"https:\/\/www.ariens.eu\/it\/prodotto\/tagliaerba-zero-turn\/serie-arrow-e\/arrow-e-48\/","url":"https:\/\/www.ariens.eu\/it\/prodotto\/tagliaerba-zero-turn\/serie-arrow-e\/arrow-e-48\/","name":"ARROW E 48 - Tagliaerba Stand-on a batteria | Ariens","isPartOf":{"@id":"https:\/\/www.ariens.eu\/it\/#website"},"primaryImageOfPage":{"@id":"https:\/\/www.ariens.eu\/it\/prodotto\/tagliaerba-zero-turn\/serie-arrow-e\/arrow-e-48\/#primaryimage"},"image":{"@id":"https:\/\/www.ariens.eu\/it\/prodotto\/tagliaerba-zero-turn\/serie-arrow-e\/arrow-e-48\/#primaryimage"},"thumbnailUrl":"https:\/\/www.ariens.eu\/it\/wp-content\/uploads\/sites\/13\/2026\/02\/ariens-arrowe-48-side-discharge-battery-stand-on-zero-turn-front-left-768x555-2.webp","datePublished":"2024-05-10T10:04:36+00:00","dateModified":"2026-02-16T12:20:44+00:00","description":"Autonomia per l\u2019intera giornata da un tagliaerba stand\u2011on Ariens a batteria. L\u2019ARROW E 48 stabilisce il nuovo standard nei tagliaerba stand\u2011on elettrici professionali.","breadcrumb":{"@id":"https:\/\/www.ariens.eu\/it\/prodotto\/tagliaerba-zero-turn\/serie-arrow-e\/arrow-e-48\/#breadcrumb"},"inLanguage":"it-IT","potentialAction":[{"@type":"ReadAction","target":["https:\/\/www.ariens.eu\/it\/prodotto\/tagliaerba-zero-turn\/serie-arrow-e\/arrow-e-48\/"]}]},{"@type":"ImageObject","inLanguage":"it-IT","@id":"https:\/\/www.ariens.eu\/it\/prodotto\/tagliaerba-zero-turn\/serie-arrow-e\/arrow-e-48\/#primaryimage","url":"https:\/\/www.ariens.eu\/it\/wp-content\/uploads\/sites\/13\/2026\/02\/ariens-arrowe-48-side-discharge-battery-stand-on-zero-turn-front-left-768x555-2.webp","contentUrl":"https:\/\/www.ariens.eu\/it\/wp-content\/uploads\/sites\/13\/2026\/02\/ariens-arrowe-48-side-discharge-battery-stand-on-zero-turn-front-left-768x555-2.webp","width":768,"height":555},{"@type":"BreadcrumbList","@id":"https:\/\/www.ariens.eu\/it\/prodotto\/tagliaerba-zero-turn\/serie-arrow-e\/arrow-e-48\/#breadcrumb","itemListElement":[{"@type":"ListItem","position":1,"name":"Home","item":"https:\/\/www.ariens.eu\/it\/"},{"@type":"ListItem","position":2,"name":"Shop","item":"https:\/\/www.ariens.eu\/it\/shop\/"},{"@type":"ListItem","position":3,"name":"ARROW E 48"}]},{"@type":"WebSite","@id":"https:\/\/www.ariens.eu\/it\/#website","url":"https:\/\/www.ariens.eu\/it\/","name":"Ariens | EMEAA","description":"Powerful and reliable zero-turn mowers &amp; snow blowers for professional users and demanding private customers","publisher":{"@id":"https:\/\/www.ariens.eu\/it\/#organization"},"potentialAction":[{"@type":"SearchAction","target":{"@type":"EntryPoint","urlTemplate":"https:\/\/www.ariens.eu\/it\/?s={search_term_string}"},"query-input":{"@type":"PropertyValueSpecification","valueRequired":true,"valueName":"search_term_string"}}],"inLanguage":"it-IT"},{"@type":"Organization","@id":"https:\/\/www.ariens.eu\/it\/#organization","name":"AriensCo GmbH","url":"https:\/\/www.ariens.eu\/it\/","logo":{"@type":"ImageObject","inLanguage":"it-IT","@id":"https:\/\/www.ariens.eu\/it\/#\/schema\/logo\/image\/","url":"https:\/\/www.ariens.eu\/wp-content\/uploads\/2024\/11\/ariens-co-logo.jpg","contentUrl":"https:\/\/www.ariens.eu\/wp-content\/uploads\/2024\/11\/ariens-co-logo.jpg","width":1000,"height":1000,"caption":"AriensCo GmbH"},"image":{"@id":"https:\/\/www.ariens.eu\/it\/#\/schema\/logo\/image\/"}}]}},"_links":{"self":[{"href":"https:\/\/www.ariens.eu\/it\/wp-json\/wp\/v2\/product\/2345","targetHints":{"allow":["GET"]}}],"collection":[{"href":"https:\/\/www.ariens.eu\/it\/wp-json\/wp\/v2\/product"}],"about":[{"href":"https:\/\/www.ariens.eu\/it\/wp-json\/wp\/v2\/types\/product"}],"replies":[{"embeddable":true,"href":"https:\/\/www.ariens.eu\/it\/wp-json\/wp\/v2\/comments?post=2345"}],"wp:featuredmedia":[{"embeddable":true,"href":"https:\/\/www.ariens.eu\/it\/wp-json\/wp\/v2\/media\/6042"}],"wp:attachment":[{"href":"https:\/\/www.ariens.eu\/it\/wp-json\/wp\/v2\/media?parent=2345"}],"wp:term":[{"taxonomy":"product_brand","embeddable":true,"href":"https:\/\/www.ariens.eu\/it\/wp-json\/wp\/v2\/product_brand?post=2345"},{"taxonomy":"product_cat","embeddable":true,"href":"https:\/\/www.ariens.eu\/it\/wp-json\/wp\/v2\/product_cat?post=2345"},{"taxonomy":"product_tag","embeddable":true,"href":"https:\/\/www.ariens.eu\/it\/wp-json\/wp\/v2\/product_tag?post=2345"}],"curies":[{"name":"wp","href":"https:\/\/api.w.org\/{rel}","templated":true}]}}