{"id":2348,"date":"2024-05-10T11:04:36","date_gmt":"2024-05-10T10:04:36","guid":{"rendered":"https:\/\/www.ariens.eu\/product\/arrow-e-52r\/"},"modified":"2026-02-16T12:42:17","modified_gmt":"2026-02-16T12:42:17","slug":"arrow-e-52r","status":"publish","type":"product","link":"https:\/\/www.ariens.eu\/it\/prodotto\/tagliaerba-zero-turn\/serie-arrow-e\/arrow-e-52r","title":{"rendered":"ARROW E 52R"},"content":{"rendered":"<div class=\"acfd-block acfd-block__twocolumns mb-asm-1 container-fluid px-0 bg-default\">\n<div class=\"acfd-twocolumns\">\n<div class=\"row\">\n<div class='col-lg-9 mb-4 '>\n<div class=\"acfd-block acfd-block__headline container-fluid px-0 bg-default\">\n<div class=\"acfd-headline\">\n<h2 class='h2 text-left li_black'>Tagliaerba stand\u2011on a batteria con ampia capacit\u00e0 di lavoro e zero emissioni.<\/h2>\n<\/p><\/div>\n<\/div><\/div>\n<div class='col-lg'>                    <\/div>\n<\/p><\/div>\n<\/div>\n<\/div>\n<div class=\"acfd-block acfd-block__twocolumns mb-asm-2 container-fluid px-0 bg-default\">\n<div class=\"acfd-twocolumns\">\n<div class=\"row\">\n<div class='col-lg-9 mb-4 '>\n<div class=\"acfd-block acfd-block__text container-fluid px-0 bg-default\">\n<div class=\"acfd-text li_black\">\n<p>I tagliaerba stand\u2011on sono comodi e veloci, ma soprattutto compatti, agili e salvaspazio. La tua schiena e i tuoi muscoli ti ringrazieranno per la posizione di lavoro eretta.<\/p>\n<p>L\u2019ARROW E 52R di Ariens \u00e8 un tosaerba professionale a raggio zero alimentato a batteria. Dotato di un piatto di taglio da 132 cm (52&#8243;) con scarico posteriore, \u00e8 progettato per l\u2019impiego in aree dove rumore ed emissioni di carbonio sono limitati.<\/p>\n<p><strong>Caratteristiche principali<\/strong><\/p>\n<ul>\n<li>Alimentato da quattro batterie intercambiabili FusionCore agli ioni di litio, 56 V DC, 4 kWh<\/li>\n<li>Tecnologia del mandrino con brevetto in corso, progettata per assorbire gli impatti riducendo al minimo i danni<\/li>\n<li>Sistema QuickSwap che consente un\u2019intera giornata di lavoro (in base alle condizioni di taglio)<\/li>\n<li>Tempo di ricarica da 5,3 a 12 ore (a seconda del caricatore)<\/li>\n<li>Piatto di taglio posteriore da 132 cm (52&#8243;) in acciaio da 4,5 mm<\/li>\n<li>Comandi intuitivi<\/li>\n<li>Piattaforma operatore ribaltabile per la massima versatilit\u00e0<\/li>\n<li>Modalit\u00e0 ECO per aumentare l\u2019autonomia della batteria<\/li>\n<li>Interfaccia LED che mostra le informazioni essenziali<\/li>\n<li>Regolazione del piatto assistita dal piede<\/li>\n<li>Garanzia di 5 anni o 1500 ore \/ garanzia batteria di 3 anni<\/li>\n<\/ul>\n<p><em>Le foto e le illustrazioni sono rappresentative del prodotto; il prodotto reale pu\u00f2 differire.<\/em><\/p>\n<\/div>\n<\/div><\/div>\n<div class='col-lg'>                    <\/div>\n<\/p><\/div>\n<\/div>\n<\/div>\n<div class=\"acfd-block acfd-block__category mb-asm-3 container-fluid px-0 bg-default\">\n<div class=\"acfd-product-categories\">\n<h2 class=\"text-left mb-3\">\n        Interventi    <\/h2>\n<div class=\"product-categories_wrapper\">\n         <span data-description=\"Lavori molte ore \u2014 o addirittura giorni o settimane \u2014 alla volta? Utilizzi la tua macchina in modo professionale e ci guadagni il tuo lavoro? Allora hai bisogno di una macchina particolarmente affidabile e confortevole, costruita con componenti durevoli.\" class=\"product-category-single\"> Professionista                <sup><i class=\"fa fa-info-circle\" aria-hidden=\"true\"><\/i><\/sup>            <\/span>  <span data-description=\"La tecnologia avanzata delle batterie oggi consente le stesse prestazioni e la stessa autonomia dei modelli a benzina.\" class=\"product-category-single\"> Electric                <sup><i class=\"fa fa-info-circle\" aria-hidden=\"true\"><\/i><\/sup>            <\/span>  <span data-description=\"Tagliare stando in piedi offre numerosi vantaggi. Tra questi, il fatto che l\u2019operatore abbia una visuale completa sull\u2019intera larghezza di taglio e possa beneficiare dell\u2019elevata maneggevolezza di queste macchine compatte. Gli utenti con problemi alla schiena traggono vantaggio dalla postura ergonomica di lavoro. Il trasporto e lo stoccaggio quotidiani risultano notevolmente pi\u00f9 semplici, e salire o scendere dalla macchina richiede solo pochi secondi. I tagliaerba stand\u2011on sono inoltre ideali nei passaggi stretti e attraverso i cancelli dei giardini.\" class=\"product-category-single\"> Stand\u2011on (piattaforma in piedi)                <sup><i class=\"fa fa-info-circle\" aria-hidden=\"true\"><\/i><\/sup>            <\/span>  <span data-description=\"Con i modelli APEX e ZENITH puoi scegliere tra tagliaerba con scarico laterale o posteriore. Un tagliaerba con scarico posteriore \u00e8 chiuso sui lati e rilascia l\u2019erba tagliata verso il retro. Il vantaggio \u00e8 che non viene proiettata erba su sentieri o aiuole e, a differenza di un kit mulching, consente anche di tagliare erba alta. I tagliaerba con scarico posteriore sono spesso utilizzati nel settore pubblico.\" class=\"product-category-single\"> Scarico posteriore                <sup><i class=\"fa fa-info-circle\" aria-hidden=\"true\"><\/i><\/sup>            <\/span>  <span data-description=\"Tutti i tagliaerba Ariens sono adatti ai prati pianeggianti. Scegli la larghezza di taglio in base alle dimensioni della tua area e agli eventuali passaggi stretti che potrebbero limitarne l\u2019uso.\" class=\"product-category-single\"> Terreno pianeggiante                <sup><i class=\"fa fa-info-circle\" aria-hidden=\"true\"><\/i><\/sup>            <\/span>  <span data-description=\"I tagliaerba Ariens si comportano molto bene su terreni irregolari. Per superfici sconnesse \u00e8 consigliabile scegliere piatti di taglio pi\u00f9 stretti, cos\u00ec da ottenere un risultato di taglio pi\u00f9 uniforme.\" class=\"product-category-single\"> Terreno irregolare                <sup><i class=\"fa fa-info-circle\" aria-hidden=\"true\"><\/i><\/sup>            <\/span>  <span data-description=\"Si consiglia di scegliere una macchina con ruote larghe. Non superare il limite di sicurezza indicato: 15\u00b0 di pendenza per i trattorini con operatore seduto e 20\u00b0 per i modelli a guida in piedi. Su terreni irregolari \u00e8 preferibile optare per un piatto di taglio pi\u00f9 stretto, cos\u00ec da ottenere un risultato pi\u00f9 uniforme. Il modello ZENITH \u00e8 dotato di protezione antiribaltamento (ROPS) di serie, mentre pu\u00f2 essere installata come optional sull\u2019APEX.\" class=\"product-category-single\"> Terreno collinare                <sup><i class=\"fa fa-info-circle\" aria-hidden=\"true\"><\/i><\/sup>            <\/span>  <span data-description=\"I piatti di taglio da 132 cm e 152 cm vengono utilizzati in modo particolarmente efficace nelle aree di grandi dimensioni.\" class=\"product-category-single\"> Grandi superfici                <sup><i class=\"fa fa-info-circle\" aria-hidden=\"true\"><\/i><\/sup>            <\/span>     <\/div>\n<\/div>\n<\/div>\n<div class=\"acfd-block acfd-block__twocolumns mb-asm-2 container-fluid container-fluid--force px-0 bg-default\">\n<div class=\"acfd-twocolumns\">\n<div class=\"row\">\n<div class='col-lg-12 mb-4 '>\n<div class=\"acfd-product-advantages--wrapper\">\n<h2 class=\"h1 bigger text-color-black text-center mb-5\">\n        Caratteristiche e vantaggi    <\/h2>\n<div class=\"acfd-product-advantages\">\n<div class=\"row\">\n<div class=\"col-md-6 mb-4 content\">\n                    <span class=\"d-block h5 text-color-brand mb-1\">Capacit\u00e0 della batteria<\/span><\/p>\n<p>4 pacchi batteria individuali da 56 V, ciascuno da 4 kWh, per una capacit\u00e0 totale di 16 kWh. Celle Panasonic Li\u2011NMC di qualit\u00e0 premium.<\/p>\n<\/p><\/div>\n<div class=\"col-md-6 mb4 image\" style=\"background-image:url(https:\/\/www.ariens.eu\/it\/wp-content\/uploads\/sites\/13\/2024\/05\/ariens-arrow-e-battery-stand-on-fusioncore-batteries-1.webp)\">\n                <\/div>\n<\/p><\/div>\n<div class=\"row\">\n<div class=\"col-md-6 mb-4 content\">\n                    <span class=\"d-block h5 text-color-brand mb-1\">Sistema di sostituzione rapida della batteria Quickswap<\/span><\/p>\n<p>L\u2019ARROW E utilizza gli stessi quattro pacchi batteria da 56 V del modello ZENITH E. Garantisce prestazioni ottimali gi\u00e0 con due batterie, mentre una sola \u00e8 sufficiente per spostare la macchina. Tutte e quattro le batterie possono essere ricaricate dallo 0 al 100% in soli 5 ore e 20 minuti grazie alle celle premium.<\/p>\n<\/p><\/div>\n<div class=\"col-md-6 mb4 image\" style=\"background-image:url(https:\/\/www.ariens.eu\/it\/wp-content\/uploads\/sites\/13\/2024\/05\/ariens-arrow-e-battery-stand-on-quickswap-battery-system-1.webp)\">\n                <\/div>\n<\/p><\/div>\n<div class=\"row\">\n<div class=\"col-md-6 mb-4 content\">\n                    <span class=\"d-block h5 text-color-brand mb-1\">Motori mandrino brushless con frizione antislittamento<\/span><\/p>\n<p>I motori mandrino ad alte prestazioni delle lame sono dotati di una frizione di slittamento. In caso di collisione con un corpo estraneo, la frizione permette alla lama di \u201cslittare\u201d, proteggendo cos\u00ec il motore da eventuali danni. Nel peggiore dei casi, gli alberi delle lame e i cuscinetti inferiori possono essere sostituiti.<\/p>\n<\/p><\/div>\n<div class=\"col-md-6 mb4 image\" style=\"background-image:url(https:\/\/www.ariens.eu\/it\/wp-content\/uploads\/sites\/13\/2024\/05\/ariens-arrow-e-battery-stand-on-spindle-motor-1.webp)\">\n                <\/div>\n<\/p><\/div>\n<div class=\"row\">\n<div class=\"col-md-6 mb-4 content\">\n                    <span class=\"d-block h5 text-color-brand mb-1\">Regolazioni altezza taglio Assistite da Pedale<\/span><\/p>\n<p>La qualit\u00e0 ha il suo peso. Il solido piatto di taglio del modello ARROW E \u00e8 saldato con lamiera d&#8217;acciaio spessa 4,5 mm. L&#8217;altezza del piatto viene regolata senza problemi utilizzando un sistema combinato di pedale e sollevamento manuale.<\/p>\n<\/p><\/div>\n<div class=\"col-md-6 mb4 image\" style=\"background-image:url(https:\/\/www.ariens.eu\/it\/wp-content\/uploads\/sites\/13\/2024\/05\/ariens-arrow-e-battery-stand-on-dual-deck-lift-system.webp)\">\n                <\/div>\n<\/p><\/div>\n<div class=\"row\">\n<div class=\"col-md-6 mb-4 content\">\n                    <span class=\"d-block h5 text-color-brand mb-1\">Interfaccia \/ Display a Led<\/span><\/p>\n<p>Il display LED a colori ti mantiene costantemente aggiornato.<\/p>\n<p>\u2022 Stato di carica di tutte le batterie<br \/>\n\u2022 Modalit\u00e0 di funzionamento<br \/>\n\u2022 Contatore delle ore di lavoro<br \/>\n\u2022 Diagnostica di sistema<br \/>\n\u2022 Segnalazioni di errore<\/p>\n<p>Per la diagnostica non \u00e8 richiesto alcun dispositivo esterno.<\/p>\n<\/p><\/div>\n<div class=\"col-md-6 mb4 image\" style=\"background-image:url(https:\/\/www.ariens.eu\/it\/wp-content\/uploads\/sites\/13\/2024\/05\/ariens-arrow-e-battery-stand-on-display-1.webp)\">\n                <\/div>\n<\/p><\/div>\n<div class=\"row\">\n<div class=\"col-md-6 mb-4 content\">\n                    <span class=\"d-block h5 text-color-brand mb-1\">Modalit\u00e0 Eco \u2013 non sprecare energia<\/span><\/p>\n<p>L\u2019ARROW E \u00e8 dotato di un interruttore per la modalit\u00e0 ECO. Quando la quantit\u00e0 di residui \u00e8 ridotta o la velocit\u00e0 di avanzamento \u00e8 bassa, non \u00e8 necessaria la massima velocit\u00e0 delle lame. In questi casi, \u00e8 possibile attivare la modalit\u00e0 ECO per ridurre la velocit\u00e0 di rotazione delle lame.<\/p>\n<\/p><\/div>\n<div class=\"col-md-6 mb4 image\" style=\"background-image:url(https:\/\/www.ariens.eu\/it\/wp-content\/uploads\/sites\/13\/2024\/05\/ariens-arrow-e-battery-stand-on-eco-mode-button-1.webp)\">\n                <\/div>\n<\/p><\/div>\n<div class=\"row\">\n<div class=\"col-md-6 mb-4 content\">\n                    <span class=\"d-block h5 text-color-brand mb-1\">Piattaforma di guida ribaltabile<\/span><\/p>\n<p>La piattaforma di guida ammortizzata pu\u00f2 essere ribaltata verso l\u2019alto per il trasporto. Pu\u00f2 inoltre essere utilizzata durante il lavoro sotto rami bassi o quando si opera su pendenze fino a 20\u00b0. In questo modo l\u2019ARROW E si trasforma in pochi istanti in un tagliaerba a conduzione da terra. A proposito: nessun sistema di sospensione al mondo \u00e8 efficace quanto le gambe umane. Questo rappresenta un grande vantaggio dei tagliaerba \u201cstand\u2011on\u201d per la salute dell\u2019operatore.<\/p>\n<\/p><\/div>\n<div class=\"col-md-6 mb4 image\" style=\"background-image:url(https:\/\/www.ariens.eu\/it\/wp-content\/uploads\/sites\/13\/2024\/05\/ariens-arrow-e-battery-stand-on-flip-up-suspension-platform.webp)\">\n                <\/div>\n<\/p><\/div>\n<div class=\"row\">\n<div class=\"col-md-6 mb-4 content\">\n                    <span class=\"d-block h5 text-color-brand mb-1\">Controlli intuitivi<\/span><\/p>\n<p>Tutte le funzioni della macchina sono chiaramente visibili e facilmente raggiungibili dall\u2019operatore. La velocit\u00e0 massima di trasferimento pu\u00f2 essere limitata tramite un pratico sistema a innesto magnetico. Sono inoltre presenti il freno di stazionamento elettrico e due livelli di velocit\u00e0 di guida.<\/p>\n<\/p><\/div>\n<div class=\"col-md-6 mb4 image\" style=\"background-image:url(https:\/\/www.ariens.eu\/it\/wp-content\/uploads\/sites\/13\/2024\/05\/ariens-arrow-e-battery-stand-on-intuitive-controls.webp)\">\n                <\/div>\n<\/p><\/div>\n<\/p><\/div>\n<\/div><\/div>\n<div class='col-lg'>                    <\/div>\n<\/p><\/div>\n<\/div>\n<\/div>\n","protected":false},"excerpt":{"rendered":"<p>Tagliaerba stand\u2011on a batteria con ampia capacit\u00e0 di lavoro e zero emissioni. I tagliaerba stand\u2011on sono comodi e veloci, ma soprattutto compatti, agili e salvaspazio. La tua schiena e i tuoi muscoli ti ringrazieranno per la posizione di lavoro eretta. L\u2019ARROW E 52R di Ariens \u00e8 un tosaerba professionale a raggio zero alimentato a batteria. [&hellip;]<\/p>\n","protected":false},"featured_media":6060,"comment_status":"open","ping_status":"closed","template":"","meta":{"_acf_changed":false,"_relevanssi_hide_post":"","_relevanssi_hide_content":"","_relevanssi_pin_for_all":"","_relevanssi_pin_keywords":"","_relevanssi_unpin_keywords":"","_relevanssi_related_keywords":"","_relevanssi_related_include_ids":"","_relevanssi_related_exclude_ids":"","_relevanssi_related_no_append":"","_relevanssi_related_not_related":"","_relevanssi_related_posts":"","_relevanssi_noindex_reason":""},"product_brand":[],"product_cat":[15],"product_tag":[],"class_list":{"0":"post-2348","1":"product","2":"type-product","3":"status-publish","4":"has-post-thumbnail","6":"product_variant-serie-arrow-e","7":"product_usage_areas-municipalities-building-yards","8":"product_usage_areas-operatori-professionali","10":"first","11":"instock","12":"shipping-taxable","13":"product-type-simple"},"acf":[],"yoast_head":"<!-- This site is optimized with the Yoast SEO plugin v27.3 - https:\/\/yoast.com\/product\/yoast-seo-wordpress\/ -->\n<title>ARROW E 52R - Tagliaerba Zero-Turn Stand-on a batteria | Ariens<\/title>\n<meta name=\"description\" content=\"Autonomia per l\u2019intera giornata da un tagliaerba stand\u2011on Ariens a batteria. L\u2019ARROW E 52R stabilisce il nuovo standard dei modelli stand\u2011on elettrici professionali.\" \/>\n<meta name=\"robots\" content=\"index, follow, max-snippet:-1, max-image-preview:large, max-video-preview:-1\" \/>\n<link rel=\"canonical\" href=\"https:\/\/www.ariens.eu\/it\/prodotto\/tagliaerba-zero-turn\/serie-arrow-e\/arrow-e-52r\/\" \/>\n<meta property=\"og:locale\" content=\"it_IT\" \/>\n<meta property=\"og:type\" content=\"article\" \/>\n<meta property=\"og:title\" content=\"ARROW E 52R - Tagliaerba Zero-Turn Stand-on a batteria | Ariens\" \/>\n<meta property=\"og:description\" content=\"Autonomia per l\u2019intera giornata da un tagliaerba stand\u2011on Ariens a batteria. L\u2019ARROW E 52R stabilisce il nuovo standard dei modelli stand\u2011on elettrici professionali.\" \/>\n<meta property=\"og:url\" content=\"https:\/\/www.ariens.eu\/it\/prodotto\/tagliaerba-zero-turn\/serie-arrow-e\/arrow-e-52r\/\" \/>\n<meta property=\"og:site_name\" content=\"Ariens | EMEAA\" \/>\n<meta property=\"article:modified_time\" content=\"2026-02-16T12:42:17+00:00\" \/>\n<meta property=\"og:image\" content=\"https:\/\/www.ariens.eu\/it\/wp-content\/uploads\/sites\/13\/2026\/02\/998304-Ariens-Arrow-E-48R-FL34-2560x1853-8f91da2-2.png\" \/>\n\t<meta property=\"og:image:width\" content=\"2559\" \/>\n\t<meta property=\"og:image:height\" content=\"1853\" \/>\n\t<meta property=\"og:image:type\" content=\"image\/png\" \/>\n<meta name=\"twitter:card\" content=\"summary_large_image\" \/>\n<meta name=\"twitter:label1\" content=\"Tempo di lettura stimato\" \/>\n\t<meta name=\"twitter:data1\" content=\"4 minuti\" \/>\n<script type=\"application\/ld+json\" class=\"yoast-schema-graph\">{\"@context\":\"https:\\\/\\\/schema.org\",\"@graph\":[{\"@type\":\"WebPage\",\"@id\":\"https:\\\/\\\/www.ariens.eu\\\/it\\\/prodotto\\\/tagliaerba-zero-turn\\\/serie-arrow-e\\\/arrow-e-52r\\\/\",\"url\":\"https:\\\/\\\/www.ariens.eu\\\/it\\\/prodotto\\\/tagliaerba-zero-turn\\\/serie-arrow-e\\\/arrow-e-52r\\\/\",\"name\":\"ARROW E 52R - Tagliaerba Zero-Turn Stand-on a batteria | Ariens\",\"isPartOf\":{\"@id\":\"https:\\\/\\\/www.ariens.eu\\\/it\\\/#website\"},\"primaryImageOfPage\":{\"@id\":\"https:\\\/\\\/www.ariens.eu\\\/it\\\/prodotto\\\/tagliaerba-zero-turn\\\/serie-arrow-e\\\/arrow-e-52r\\\/#primaryimage\"},\"image\":{\"@id\":\"https:\\\/\\\/www.ariens.eu\\\/it\\\/prodotto\\\/tagliaerba-zero-turn\\\/serie-arrow-e\\\/arrow-e-52r\\\/#primaryimage\"},\"thumbnailUrl\":\"https:\\\/\\\/www.ariens.eu\\\/it\\\/wp-content\\\/uploads\\\/sites\\\/13\\\/2026\\\/02\\\/998304-Ariens-Arrow-E-48R-FL34-2560x1853-8f91da2-2.png\",\"datePublished\":\"2024-05-10T10:04:36+00:00\",\"dateModified\":\"2026-02-16T12:42:17+00:00\",\"description\":\"Autonomia per l\u2019intera giornata da un tagliaerba stand\u2011on Ariens a batteria. L\u2019ARROW E 52R stabilisce il nuovo standard dei modelli stand\u2011on elettrici professionali.\",\"breadcrumb\":{\"@id\":\"https:\\\/\\\/www.ariens.eu\\\/it\\\/prodotto\\\/tagliaerba-zero-turn\\\/serie-arrow-e\\\/arrow-e-52r\\\/#breadcrumb\"},\"inLanguage\":\"it-IT\",\"potentialAction\":[{\"@type\":\"ReadAction\",\"target\":[\"https:\\\/\\\/www.ariens.eu\\\/it\\\/prodotto\\\/tagliaerba-zero-turn\\\/serie-arrow-e\\\/arrow-e-52r\\\/\"]}]},{\"@type\":\"ImageObject\",\"inLanguage\":\"it-IT\",\"@id\":\"https:\\\/\\\/www.ariens.eu\\\/it\\\/prodotto\\\/tagliaerba-zero-turn\\\/serie-arrow-e\\\/arrow-e-52r\\\/#primaryimage\",\"url\":\"https:\\\/\\\/www.ariens.eu\\\/it\\\/wp-content\\\/uploads\\\/sites\\\/13\\\/2026\\\/02\\\/998304-Ariens-Arrow-E-48R-FL34-2560x1853-8f91da2-2.png\",\"contentUrl\":\"https:\\\/\\\/www.ariens.eu\\\/it\\\/wp-content\\\/uploads\\\/sites\\\/13\\\/2026\\\/02\\\/998304-Ariens-Arrow-E-48R-FL34-2560x1853-8f91da2-2.png\",\"width\":2559,\"height\":1853},{\"@type\":\"BreadcrumbList\",\"@id\":\"https:\\\/\\\/www.ariens.eu\\\/it\\\/prodotto\\\/tagliaerba-zero-turn\\\/serie-arrow-e\\\/arrow-e-52r\\\/#breadcrumb\",\"itemListElement\":[{\"@type\":\"ListItem\",\"position\":1,\"name\":\"Home\",\"item\":\"https:\\\/\\\/www.ariens.eu\\\/it\\\/\"},{\"@type\":\"ListItem\",\"position\":2,\"name\":\"Shop\",\"item\":\"https:\\\/\\\/www.ariens.eu\\\/it\\\/shop\\\/\"},{\"@type\":\"ListItem\",\"position\":3,\"name\":\"ARROW E 52R\"}]},{\"@type\":\"WebSite\",\"@id\":\"https:\\\/\\\/www.ariens.eu\\\/it\\\/#website\",\"url\":\"https:\\\/\\\/www.ariens.eu\\\/it\\\/\",\"name\":\"Ariens | EMEAA\",\"description\":\"Powerful and reliable zero-turn mowers &amp; snow blowers for professional users and demanding private customers\",\"publisher\":{\"@id\":\"https:\\\/\\\/www.ariens.eu\\\/it\\\/#organization\"},\"potentialAction\":[{\"@type\":\"SearchAction\",\"target\":{\"@type\":\"EntryPoint\",\"urlTemplate\":\"https:\\\/\\\/www.ariens.eu\\\/it\\\/?s={search_term_string}\"},\"query-input\":{\"@type\":\"PropertyValueSpecification\",\"valueRequired\":true,\"valueName\":\"search_term_string\"}}],\"inLanguage\":\"it-IT\"},{\"@type\":\"Organization\",\"@id\":\"https:\\\/\\\/www.ariens.eu\\\/it\\\/#organization\",\"name\":\"AriensCo GmbH\",\"url\":\"https:\\\/\\\/www.ariens.eu\\\/it\\\/\",\"logo\":{\"@type\":\"ImageObject\",\"inLanguage\":\"it-IT\",\"@id\":\"https:\\\/\\\/www.ariens.eu\\\/it\\\/#\\\/schema\\\/logo\\\/image\\\/\",\"url\":\"https:\\\/\\\/www.ariens.eu\\\/wp-content\\\/uploads\\\/2024\\\/11\\\/ariens-co-logo.jpg\",\"contentUrl\":\"https:\\\/\\\/www.ariens.eu\\\/wp-content\\\/uploads\\\/2024\\\/11\\\/ariens-co-logo.jpg\",\"width\":1000,\"height\":1000,\"caption\":\"AriensCo GmbH\"},\"image\":{\"@id\":\"https:\\\/\\\/www.ariens.eu\\\/it\\\/#\\\/schema\\\/logo\\\/image\\\/\"}}]}<\/script>\n<!-- \/ Yoast SEO plugin. -->","yoast_head_json":{"title":"ARROW E 52R - Tagliaerba Zero-Turn Stand-on a batteria | Ariens","description":"Autonomia per l\u2019intera giornata da un tagliaerba stand\u2011on Ariens a batteria. L\u2019ARROW E 52R stabilisce il nuovo standard dei modelli stand\u2011on elettrici professionali.","robots":{"index":"index","follow":"follow","max-snippet":"max-snippet:-1","max-image-preview":"max-image-preview:large","max-video-preview":"max-video-preview:-1"},"canonical":"https:\/\/www.ariens.eu\/it\/prodotto\/tagliaerba-zero-turn\/serie-arrow-e\/arrow-e-52r\/","og_locale":"it_IT","og_type":"article","og_title":"ARROW E 52R - Tagliaerba Zero-Turn Stand-on a batteria | Ariens","og_description":"Autonomia per l\u2019intera giornata da un tagliaerba stand\u2011on Ariens a batteria. L\u2019ARROW E 52R stabilisce il nuovo standard dei modelli stand\u2011on elettrici professionali.","og_url":"https:\/\/www.ariens.eu\/it\/prodotto\/tagliaerba-zero-turn\/serie-arrow-e\/arrow-e-52r\/","og_site_name":"Ariens | EMEAA","article_modified_time":"2026-02-16T12:42:17+00:00","og_image":[{"width":2559,"height":1853,"url":"https:\/\/www.ariens.eu\/it\/wp-content\/uploads\/sites\/13\/2026\/02\/998304-Ariens-Arrow-E-48R-FL34-2560x1853-8f91da2-2.png","type":"image\/png"}],"twitter_card":"summary_large_image","twitter_misc":{"Tempo di lettura stimato":"4 minuti"},"schema":{"@context":"https:\/\/schema.org","@graph":[{"@type":"WebPage","@id":"https:\/\/www.ariens.eu\/it\/prodotto\/tagliaerba-zero-turn\/serie-arrow-e\/arrow-e-52r\/","url":"https:\/\/www.ariens.eu\/it\/prodotto\/tagliaerba-zero-turn\/serie-arrow-e\/arrow-e-52r\/","name":"ARROW E 52R - Tagliaerba Zero-Turn Stand-on a batteria | Ariens","isPartOf":{"@id":"https:\/\/www.ariens.eu\/it\/#website"},"primaryImageOfPage":{"@id":"https:\/\/www.ariens.eu\/it\/prodotto\/tagliaerba-zero-turn\/serie-arrow-e\/arrow-e-52r\/#primaryimage"},"image":{"@id":"https:\/\/www.ariens.eu\/it\/prodotto\/tagliaerba-zero-turn\/serie-arrow-e\/arrow-e-52r\/#primaryimage"},"thumbnailUrl":"https:\/\/www.ariens.eu\/it\/wp-content\/uploads\/sites\/13\/2026\/02\/998304-Ariens-Arrow-E-48R-FL34-2560x1853-8f91da2-2.png","datePublished":"2024-05-10T10:04:36+00:00","dateModified":"2026-02-16T12:42:17+00:00","description":"Autonomia per l\u2019intera giornata da un tagliaerba stand\u2011on Ariens a batteria. L\u2019ARROW E 52R stabilisce il nuovo standard dei modelli stand\u2011on elettrici professionali.","breadcrumb":{"@id":"https:\/\/www.ariens.eu\/it\/prodotto\/tagliaerba-zero-turn\/serie-arrow-e\/arrow-e-52r\/#breadcrumb"},"inLanguage":"it-IT","potentialAction":[{"@type":"ReadAction","target":["https:\/\/www.ariens.eu\/it\/prodotto\/tagliaerba-zero-turn\/serie-arrow-e\/arrow-e-52r\/"]}]},{"@type":"ImageObject","inLanguage":"it-IT","@id":"https:\/\/www.ariens.eu\/it\/prodotto\/tagliaerba-zero-turn\/serie-arrow-e\/arrow-e-52r\/#primaryimage","url":"https:\/\/www.ariens.eu\/it\/wp-content\/uploads\/sites\/13\/2026\/02\/998304-Ariens-Arrow-E-48R-FL34-2560x1853-8f91da2-2.png","contentUrl":"https:\/\/www.ariens.eu\/it\/wp-content\/uploads\/sites\/13\/2026\/02\/998304-Ariens-Arrow-E-48R-FL34-2560x1853-8f91da2-2.png","width":2559,"height":1853},{"@type":"BreadcrumbList","@id":"https:\/\/www.ariens.eu\/it\/prodotto\/tagliaerba-zero-turn\/serie-arrow-e\/arrow-e-52r\/#breadcrumb","itemListElement":[{"@type":"ListItem","position":1,"name":"Home","item":"https:\/\/www.ariens.eu\/it\/"},{"@type":"ListItem","position":2,"name":"Shop","item":"https:\/\/www.ariens.eu\/it\/shop\/"},{"@type":"ListItem","position":3,"name":"ARROW E 52R"}]},{"@type":"WebSite","@id":"https:\/\/www.ariens.eu\/it\/#website","url":"https:\/\/www.ariens.eu\/it\/","name":"Ariens | EMEAA","description":"Powerful and reliable zero-turn mowers &amp; snow blowers for professional users and demanding private customers","publisher":{"@id":"https:\/\/www.ariens.eu\/it\/#organization"},"potentialAction":[{"@type":"SearchAction","target":{"@type":"EntryPoint","urlTemplate":"https:\/\/www.ariens.eu\/it\/?s={search_term_string}"},"query-input":{"@type":"PropertyValueSpecification","valueRequired":true,"valueName":"search_term_string"}}],"inLanguage":"it-IT"},{"@type":"Organization","@id":"https:\/\/www.ariens.eu\/it\/#organization","name":"AriensCo GmbH","url":"https:\/\/www.ariens.eu\/it\/","logo":{"@type":"ImageObject","inLanguage":"it-IT","@id":"https:\/\/www.ariens.eu\/it\/#\/schema\/logo\/image\/","url":"https:\/\/www.ariens.eu\/wp-content\/uploads\/2024\/11\/ariens-co-logo.jpg","contentUrl":"https:\/\/www.ariens.eu\/wp-content\/uploads\/2024\/11\/ariens-co-logo.jpg","width":1000,"height":1000,"caption":"AriensCo GmbH"},"image":{"@id":"https:\/\/www.ariens.eu\/it\/#\/schema\/logo\/image\/"}}]}},"_links":{"self":[{"href":"https:\/\/www.ariens.eu\/it\/wp-json\/wp\/v2\/product\/2348","targetHints":{"allow":["GET"]}}],"collection":[{"href":"https:\/\/www.ariens.eu\/it\/wp-json\/wp\/v2\/product"}],"about":[{"href":"https:\/\/www.ariens.eu\/it\/wp-json\/wp\/v2\/types\/product"}],"replies":[{"embeddable":true,"href":"https:\/\/www.ariens.eu\/it\/wp-json\/wp\/v2\/comments?post=2348"}],"wp:featuredmedia":[{"embeddable":true,"href":"https:\/\/www.ariens.eu\/it\/wp-json\/wp\/v2\/media\/6060"}],"wp:attachment":[{"href":"https:\/\/www.ariens.eu\/it\/wp-json\/wp\/v2\/media?parent=2348"}],"wp:term":[{"taxonomy":"product_brand","embeddable":true,"href":"https:\/\/www.ariens.eu\/it\/wp-json\/wp\/v2\/product_brand?post=2348"},{"taxonomy":"product_cat","embeddable":true,"href":"https:\/\/www.ariens.eu\/it\/wp-json\/wp\/v2\/product_cat?post=2348"},{"taxonomy":"product_tag","embeddable":true,"href":"https:\/\/www.ariens.eu\/it\/wp-json\/wp\/v2\/product_tag?post=2348"}],"curies":[{"name":"wp","href":"https:\/\/api.w.org\/{rel}","templated":true}]}}