{"id":4701,"date":"2024-09-11T06:00:05","date_gmt":"2024-09-11T05:00:05","guid":{"rendered":"https:\/\/www.ariens.eu\/?post_type=product&#038;p=4701"},"modified":"2026-02-25T10:37:58","modified_gmt":"2026-02-25T10:37:58","slug":"ikon-52","status":"publish","type":"product","link":"https:\/\/www.ariens.eu\/it\/prodotto\/tagliaerba-zero-turn\/serie-ikon\/ikon-52","title":{"rendered":"IKON 52"},"content":{"rendered":"<div class=\"acfd-block acfd-block__headline mb-asm-1 container-fluid px-0 bg-default\">\n<div class=\"acfd-headline\">\n<h2 class='h2 text-left li_black'>Ikon nei dettagli<\/h2>\n<\/p><\/div>\n<\/div>\n<div class=\"acfd-block acfd-block__text container-fluid px-0 bg-default\">\n<div class=\"acfd-text li_black\">\n<p>Falciare il prato non \u00e8 mai stato cos\u00ec veloce. Il modello Ariens IKON stabilisce nuovi standard in termini di precisione di taglio, comfort e prestazioni.<\/p>\n<\/div>\n<\/div>\n<div class=\"acfd-block acfd-block__text mb-asm-2 container-fluid px-0 bg-default\">\n<div class=\"acfd-text li_black\">\n<p>Il modello Ariens IKON Envy \u00e8 progettato per incontrare le esigenze dell&#8217;utente privato e semi-professionale.<\/p>\n<p>I componenti interni di IKON sono stati testati e collaudati in diverse condizioni di lavoro per garantire elevate prestazioni ed affidabilit\u00e0.<\/p>\n<\/div>\n<\/div>\n<div class=\"acfd-block acfd-block__media mb-asm-1 container-fluid px-0 bg-default\">\n<div class=\"acfd-media\">\n<div class=\"initial-hidden\" data-type=\"youtube\" data-video-id=\"https:\/\/www.youtube.com\/watch?v=hUcrbaaPg1c\" data-autoplay=\"false\"><\/div>\n<div class=\"bg-16-9 media-placeholder-content-wrapper\">\n<div class=\"media-thumbnail-description media-embed-wrapper\">\n<div class=\"description-wrapper\">\n                                    Per visualizzare questo video, accetta i cookie da media esterni                                    <\/p>\n<div class=\"consent-configuration-wrapper\">\n                                        <button id=\"liOpenCookieSettings\" class=\"li-open-cookie-settings\">Impostazioni dei cookie<\/button>                                    <\/div>\n<\/p><\/div>\n<\/p><\/div>\n<div class=\"media-embed-wrapper\">\n                                <img decoding=\"async\" src=\"https:\/\/img.youtube.com\/vi\/hUcrbaaPg1c\/0.jpg\" alt=\"Youtube Video Thumbnail\" \/>\n                            <\/div>\n<\/p><\/div>\n<\/p><\/div>\n<\/div>\n<div class=\"acfd-block acfd-block__category mb-asm-3 container-fluid px-0 bg-default\">\n<div class=\"acfd-product-categories\">\n<h2 class=\"text-left mb-3\">\n        Eins\u00e4tze    <\/h2>\n<div class=\"product-categories_wrapper\">\n         <span data-description=\"Sei un fornitore di servizi, un servizio di pulizia o devi regolarmente mantenere aree di grandi dimensioni? Allora una macchina semi-professionale ti offre le prestazioni e la durata necessarie per completare in modo affidabile il tuo lavoro di taglio\" class=\"product-category-single\"> Semi-Professionali                <sup><i class=\"fa fa-info-circle\" aria-hidden=\"true\"><\/i><\/sup>            <\/span>  <span data-description=\"Hai un giardino e vuoi mantenerlo sempre perfetto? A seconda della larghezza di taglio, i nostri tagliaerba possono gestire tutte le dimensioni dei giardini.\" class=\"product-category-single\"> Privati                <sup><i class=\"fa fa-info-circle\" aria-hidden=\"true\"><\/i><\/sup>            <\/span>  <span data-description=\"I nostri tagliaerba a benzina sono dotati di motori Kawasaki<sup>&reg;<\/sup> o Ariens di alta qualit\u00e0. Offrono prestazioni e affidabilit\u00e0 superiori alla media.\" class=\"product-category-single\"> Benzina                <sup><i class=\"fa fa-info-circle\" aria-hidden=\"true\"><\/i><\/sup>            <\/span>  <span data-description=\"Quando utilizzi un kit mulching, lo scarico laterale non \u00e8 pi\u00f9 necessario. Gli scarti d'erba vengono finemente sminuzzati e distribuiti uniformemente sul retro del prato. Le particelle di erba fine scompaiono nel prato diventando utile nutrimento.\" class=\"product-category-single\"> Mulching kit Optional                <sup><i class=\"fa fa-info-circle\" aria-hidden=\"true\"><\/i><\/sup>            <\/span>  <span data-description=\"I tosaerba con conducente a bordo, offrono un alto livello di comfort. Utilizziamo sedili di alta qualit\u00e0 a partire dal modello base. Ampio spazio per le gambe e controlli ergonomici sono di serie.\" class=\"product-category-single\"> Zero turn con conducente a bordo                <sup><i class=\"fa fa-info-circle\" aria-hidden=\"true\"><\/i><\/sup>            <\/span>  <span data-description=\"Con i modelli APEX e ZENITH, hai la scelta tra piatti di taglio con scarico laterale e piatti di taglio con scarico posteriore. Un piatto di taglio con scarico laterale espelle i ritagli attraverso un'apertura laterale e un deflettore. Il potente flusso d'aria poi li distribuisce su una vasta area. Un kit di pacciamatura opzionale pu\u00f2 essere installato nei piatti di taglio con scarico laterale. Quando viene utilizzato un kit di pacciamatura, i ritagli vengono finemente sminuzzati e espulsi sul retro. Lo scarico laterale e il deflettore vengono quindi chiusi o rimossi.\" class=\"product-category-single\"> Scarico Erba Laterale                <sup><i class=\"fa fa-info-circle\" aria-hidden=\"true\"><\/i><\/sup>            <\/span>  <span data-description=\"Tutti i tosaerba Ariens sono adatti per prati pianeggianti. Seleziona la larghezza di taglio in base alla dimensione della tua area e a eventuali aree strette limitanti.\" class=\"product-category-single\"> Terreni Pianeggianti                <sup><i class=\"fa fa-info-circle\" aria-hidden=\"true\"><\/i><\/sup>            <\/span>  <span data-description=\"I tosaerba Ariens si comportano bene su terreni sconnessi. Per i terreni ondulati, scegli piatti di taglio pi\u00f9 stretti per un modello di taglio pi\u00f9 uniforme.\" class=\"product-category-single\"> Terreni Sconnessi                <sup><i class=\"fa fa-info-circle\" aria-hidden=\"true\"><\/i><\/sup>            <\/span>  <span data-description=\"\u00c8 meglio scegliere una macchina con ruote larghe. Non superare il limite di sicurezza specificato di 15\u00b0 di inclinazione per i tosaerba a guida seduta e di 20\u00b0 per i tosaerba a guida in piedi. Su terreni ondulati, scegli piatti di taglio pi\u00f9 stretti per un modello di taglio pi\u00f9 uniforme. Il modello ZENITH ha una protezione antiribaltamento di serie. Pu\u00f2 essere montata anche sull'APEX.\" class=\"product-category-single\"> Terreni in Pendenza                <sup><i class=\"fa fa-info-circle\" aria-hidden=\"true\"><\/i><\/sup>            <\/span>  <span data-description=\"I piatti di taglio da 132 cm e 152 cm sono perfetti per aree di grandi dimensioni.\" class=\"product-category-single\"> Grandi Superfici                <sup><i class=\"fa fa-info-circle\" aria-hidden=\"true\"><\/i><\/sup>            <\/span>     <\/div>\n<\/div>\n<\/div>\n<div class=\"acfd-block acfd-block__twocolumns container-fluid px-0 bg-default\">\n<div class=\"acfd-twocolumns\">\n<div class=\"row\">\n<div class='col-lg-12 mb-4 '>\n<div class=\"acfd-product-advantages--wrapper\">\n<h2 class=\"h1 bigger text-color-black text-center mb-5\">\n        Merkmale &amp; Vorteile    <\/h2>\n<div class=\"acfd-product-advantages\">\n<div class=\"row\">\n<div class=\"col-md-6 mb-4 content\">\n                    <span class=\"d-block h5 text-color-brand mb-1\">Robusto, ma Leggero<\/span><\/p>\n<p>Come per le Serie Professionali, Ikon ha un telaio concepito e costruito come nel campo automobilistico, Robusto ma Leggero.<\/p>\n<\/p><\/div>\n<div class=\"col-md-6 mb4 image\" style=\"background-image:url(https:\/\/www.ariens.eu\/it\/wp-content\/uploads\/sites\/13\/2024\/08\/tubular-frame-ikon.png)\">\n                <\/div>\n<\/p><\/div>\n<div class=\"row\">\n<div class=\"col-md-6 mb-4 content\">\n                    <span class=\"d-block h5 text-color-brand mb-1\">Potenza e Affidabilit\u00e0<\/span><\/p>\n<p>&#8220;La serie di motori Kawasaki<sup>&reg;<\/sup> FR sull&#8217;IKON \u00e8 il punto di riferimento della sua classe. Offre la potenza e le prestazioni necessarie nelle condizioni pi\u00f9 difficili.&#8221;<\/p>\n<\/p><\/div>\n<div class=\"col-md-6 mb4 image\" style=\"background-image:url(https:\/\/www.ariens.eu\/it\/wp-content\/uploads\/sites\/13\/2024\/08\/kawasaki-engine.png)\">\n                <\/div>\n<\/p><\/div>\n<div class=\"row\">\n<div class=\"col-md-6 mb-4 content\">\n                    <span class=\"d-block h5 text-color-brand mb-1\">Apparato di taglio ENVY<\/span><\/p>\n<p>Il piatto di taglio \u00e8 il componente pi\u00f9 importante di un tosaerba. La stabilit\u00e0 \u00e8 particolarmente importante qui: Il nuovo piatto di taglio ENVY ha un migliorato flusso d&#8217;aria e uno scarico ingrandito. L&#8217;erba distesa viene sollevata pi\u00f9 in alto e tagliata perfettamente. Con sospensione a 4 punti per fissazione e parallelismo permanenti. Inoltre, Mozzi delle lame realizzati in alluminio forgiato. Lavorano a temperature pi\u00f9 basse e hanno maggiore resistenza a urti e vibrazioni rispetto ai mozzi in ghisa. Standard nella stagione 2025 sui modelli APEX e ZENITH e sul nuovo IKON.<\/p>\n<\/p><\/div>\n<div class=\"col-md-6 mb4 image\" style=\"background-image:url(https:\/\/www.ariens.eu\/it\/wp-content\/uploads\/sites\/13\/2024\/08\/envy-deck-52.png)\">\n                <\/div>\n<\/p><\/div>\n<div class=\"row\">\n<div class=\"col-md-6 mb-4 content\">\n                    <span class=\"d-block h5 text-color-brand mb-1\">Sollevamento dell&#8217;Apparato di taglio tramite Pedale<\/span><\/p>\n<p>Il solido piatto di taglio si solleva comodamente e senza sforzo usando un pedale. Per selezionare una delle 15 altezze di taglio da 3,8 a 12,7 cm, si inserisce un tappo di metallo nell&#8217;apposita rientranza nel display.<\/p>\n<\/p><\/div>\n<div class=\"col-md-6 mb4 image\" style=\"background-image:url(https:\/\/www.ariens.eu\/it\/wp-content\/uploads\/sites\/13\/2024\/08\/cutting-height-adjustment-1.png)\">\n                <\/div>\n<\/p><\/div>\n<\/p><\/div>\n<\/div><\/div>\n<div class='col-lg'>                    <\/div>\n<\/p><\/div>\n<\/div>\n<\/div>\n","protected":false},"excerpt":{"rendered":"<p>Falciare il prato non \u00e8 mai stato cos\u00ec veloce. Il modello Ariens IKON stabilisce nuovi standard in termini di precisione di taglio, comfort e prestazioni.<\/p>\n","protected":false},"featured_media":4683,"comment_status":"open","ping_status":"closed","template":"","meta":{"_acf_changed":false,"_relevanssi_hide_post":"","_relevanssi_hide_content":"","_relevanssi_pin_for_all":"","_relevanssi_pin_keywords":"","_relevanssi_unpin_keywords":"","_relevanssi_related_keywords":"","_relevanssi_related_include_ids":"","_relevanssi_related_exclude_ids":"","_relevanssi_related_no_append":"","_relevanssi_related_not_related":"","_relevanssi_related_posts":"","_relevanssi_noindex_reason":""},"product_brand":[],"product_cat":[15],"product_tag":[],"class_list":{"0":"post-4701","1":"product","2":"type-product","3":"status-publish","4":"has-post-thumbnail","6":"product_variant-serie-ikon","7":"product_usage_areas-municipalities-building-yards","8":"product_usage_areas-operatori-professionali","9":"product_usage_areas-servizi-di-pulizia-e-manutenzione","10":"product_usage_areas-strutture-ricreative","12":"first","13":"instock","14":"shipping-taxable","15":"product-type-simple"},"acf":[],"yoast_head":"<!-- This site is optimized with the Yoast SEO plugin v27.3 - https:\/\/yoast.com\/product\/yoast-seo-wordpress\/ -->\n<title>IKON 52 - Ariens | EMEAA<\/title>\n<meta name=\"description\" content=\"Ariens IKON Envy \u00e8 un tagliaerba Zero-Turn di elevata qualit\u00e0 adatto ad utilizzatori molto esigenti. IKON stabilisce nuovi standard in termini di confort qualit\u00e0 di taglio, sistema pi\u00f9 rapido e semplicit\u00e0 di utilizzo.\" \/>\n<meta name=\"robots\" content=\"index, follow, max-snippet:-1, max-image-preview:large, max-video-preview:-1\" \/>\n<link rel=\"canonical\" href=\"https:\/\/www.ariens.eu\/it\/prodotto\/tagliaerba-zero-turn\/serie-ikon\/ikon-52\/\" \/>\n<meta property=\"og:locale\" content=\"it_IT\" \/>\n<meta property=\"og:type\" content=\"article\" \/>\n<meta property=\"og:title\" content=\"IKON 52 - Ariens | EMEAA\" \/>\n<meta property=\"og:description\" content=\"Ariens IKON Envy \u00e8 un tagliaerba Zero-Turn di elevata qualit\u00e0 adatto ad utilizzatori molto esigenti. IKON stabilisce nuovi standard in termini di confort qualit\u00e0 di taglio, sistema pi\u00f9 rapido e semplicit\u00e0 di utilizzo.\" \/>\n<meta property=\"og:url\" content=\"https:\/\/www.ariens.eu\/it\/prodotto\/tagliaerba-zero-turn\/serie-ikon\/ikon-52\/\" \/>\n<meta property=\"og:site_name\" content=\"Ariens | EMEAA\" \/>\n<meta property=\"article:modified_time\" content=\"2026-02-25T10:37:58+00:00\" \/>\n<meta property=\"og:image\" content=\"https:\/\/www.ariens.eu\/it\/wp-content\/uploads\/sites\/13\/2024\/09\/ariens-ikon-42-sd.png\" \/>\n\t<meta property=\"og:image:width\" content=\"1008\" \/>\n\t<meta property=\"og:image:height\" content=\"750\" \/>\n\t<meta property=\"og:image:type\" content=\"image\/png\" \/>\n<meta name=\"twitter:card\" content=\"summary_large_image\" \/>\n<meta name=\"twitter:label1\" content=\"Tempo di lettura stimato\" \/>\n\t<meta name=\"twitter:data1\" content=\"2 minuti\" \/>\n<script type=\"application\/ld+json\" class=\"yoast-schema-graph\">{\"@context\":\"https:\\\/\\\/schema.org\",\"@graph\":[{\"@type\":\"WebPage\",\"@id\":\"https:\\\/\\\/www.ariens.eu\\\/it\\\/prodotto\\\/tagliaerba-zero-turn\\\/serie-ikon\\\/ikon-52\\\/\",\"url\":\"https:\\\/\\\/www.ariens.eu\\\/it\\\/prodotto\\\/tagliaerba-zero-turn\\\/serie-ikon\\\/ikon-52\\\/\",\"name\":\"IKON 52 - Ariens | EMEAA\",\"isPartOf\":{\"@id\":\"https:\\\/\\\/www.ariens.eu\\\/it\\\/#website\"},\"primaryImageOfPage\":{\"@id\":\"https:\\\/\\\/www.ariens.eu\\\/it\\\/prodotto\\\/tagliaerba-zero-turn\\\/serie-ikon\\\/ikon-52\\\/#primaryimage\"},\"image\":{\"@id\":\"https:\\\/\\\/www.ariens.eu\\\/it\\\/prodotto\\\/tagliaerba-zero-turn\\\/serie-ikon\\\/ikon-52\\\/#primaryimage\"},\"thumbnailUrl\":\"https:\\\/\\\/www.ariens.eu\\\/it\\\/wp-content\\\/uploads\\\/sites\\\/13\\\/2024\\\/09\\\/ariens-ikon-42-sd.png\",\"datePublished\":\"2024-09-11T05:00:05+00:00\",\"dateModified\":\"2026-02-25T10:37:58+00:00\",\"description\":\"Ariens IKON Envy \u00e8 un tagliaerba Zero-Turn di elevata qualit\u00e0 adatto ad utilizzatori molto esigenti. IKON stabilisce nuovi standard in termini di confort qualit\u00e0 di taglio, sistema pi\u00f9 rapido e semplicit\u00e0 di utilizzo.\",\"breadcrumb\":{\"@id\":\"https:\\\/\\\/www.ariens.eu\\\/it\\\/prodotto\\\/tagliaerba-zero-turn\\\/serie-ikon\\\/ikon-52\\\/#breadcrumb\"},\"inLanguage\":\"it-IT\",\"potentialAction\":[{\"@type\":\"ReadAction\",\"target\":[\"https:\\\/\\\/www.ariens.eu\\\/it\\\/prodotto\\\/tagliaerba-zero-turn\\\/serie-ikon\\\/ikon-52\\\/\"]}]},{\"@type\":\"ImageObject\",\"inLanguage\":\"it-IT\",\"@id\":\"https:\\\/\\\/www.ariens.eu\\\/it\\\/prodotto\\\/tagliaerba-zero-turn\\\/serie-ikon\\\/ikon-52\\\/#primaryimage\",\"url\":\"https:\\\/\\\/www.ariens.eu\\\/it\\\/wp-content\\\/uploads\\\/sites\\\/13\\\/2024\\\/09\\\/ariens-ikon-42-sd.png\",\"contentUrl\":\"https:\\\/\\\/www.ariens.eu\\\/it\\\/wp-content\\\/uploads\\\/sites\\\/13\\\/2024\\\/09\\\/ariens-ikon-42-sd.png\",\"width\":1008,\"height\":750},{\"@type\":\"BreadcrumbList\",\"@id\":\"https:\\\/\\\/www.ariens.eu\\\/it\\\/prodotto\\\/tagliaerba-zero-turn\\\/serie-ikon\\\/ikon-52\\\/#breadcrumb\",\"itemListElement\":[{\"@type\":\"ListItem\",\"position\":1,\"name\":\"Home\",\"item\":\"https:\\\/\\\/www.ariens.eu\\\/it\\\/\"},{\"@type\":\"ListItem\",\"position\":2,\"name\":\"Shop\",\"item\":\"https:\\\/\\\/www.ariens.eu\\\/it\\\/shop\\\/\"},{\"@type\":\"ListItem\",\"position\":3,\"name\":\"IKON 52\"}]},{\"@type\":\"WebSite\",\"@id\":\"https:\\\/\\\/www.ariens.eu\\\/it\\\/#website\",\"url\":\"https:\\\/\\\/www.ariens.eu\\\/it\\\/\",\"name\":\"Ariens | EMEAA\",\"description\":\"Powerful and reliable zero-turn mowers &amp; snow blowers for professional users and demanding private customers\",\"publisher\":{\"@id\":\"https:\\\/\\\/www.ariens.eu\\\/it\\\/#organization\"},\"potentialAction\":[{\"@type\":\"SearchAction\",\"target\":{\"@type\":\"EntryPoint\",\"urlTemplate\":\"https:\\\/\\\/www.ariens.eu\\\/it\\\/?s={search_term_string}\"},\"query-input\":{\"@type\":\"PropertyValueSpecification\",\"valueRequired\":true,\"valueName\":\"search_term_string\"}}],\"inLanguage\":\"it-IT\"},{\"@type\":\"Organization\",\"@id\":\"https:\\\/\\\/www.ariens.eu\\\/it\\\/#organization\",\"name\":\"AriensCo GmbH\",\"url\":\"https:\\\/\\\/www.ariens.eu\\\/it\\\/\",\"logo\":{\"@type\":\"ImageObject\",\"inLanguage\":\"it-IT\",\"@id\":\"https:\\\/\\\/www.ariens.eu\\\/it\\\/#\\\/schema\\\/logo\\\/image\\\/\",\"url\":\"https:\\\/\\\/www.ariens.eu\\\/wp-content\\\/uploads\\\/2024\\\/11\\\/ariens-co-logo.jpg\",\"contentUrl\":\"https:\\\/\\\/www.ariens.eu\\\/wp-content\\\/uploads\\\/2024\\\/11\\\/ariens-co-logo.jpg\",\"width\":1000,\"height\":1000,\"caption\":\"AriensCo GmbH\"},\"image\":{\"@id\":\"https:\\\/\\\/www.ariens.eu\\\/it\\\/#\\\/schema\\\/logo\\\/image\\\/\"}}]}<\/script>\n<!-- \/ Yoast SEO plugin. -->","yoast_head_json":{"title":"IKON 52 - Ariens | EMEAA","description":"Ariens IKON Envy \u00e8 un tagliaerba Zero-Turn di elevata qualit\u00e0 adatto ad utilizzatori molto esigenti. IKON stabilisce nuovi standard in termini di confort qualit\u00e0 di taglio, sistema pi\u00f9 rapido e semplicit\u00e0 di utilizzo.","robots":{"index":"index","follow":"follow","max-snippet":"max-snippet:-1","max-image-preview":"max-image-preview:large","max-video-preview":"max-video-preview:-1"},"canonical":"https:\/\/www.ariens.eu\/it\/prodotto\/tagliaerba-zero-turn\/serie-ikon\/ikon-52\/","og_locale":"it_IT","og_type":"article","og_title":"IKON 52 - Ariens | EMEAA","og_description":"Ariens IKON Envy \u00e8 un tagliaerba Zero-Turn di elevata qualit\u00e0 adatto ad utilizzatori molto esigenti. IKON stabilisce nuovi standard in termini di confort qualit\u00e0 di taglio, sistema pi\u00f9 rapido e semplicit\u00e0 di utilizzo.","og_url":"https:\/\/www.ariens.eu\/it\/prodotto\/tagliaerba-zero-turn\/serie-ikon\/ikon-52\/","og_site_name":"Ariens | EMEAA","article_modified_time":"2026-02-25T10:37:58+00:00","og_image":[{"width":1008,"height":750,"url":"https:\/\/www.ariens.eu\/it\/wp-content\/uploads\/sites\/13\/2024\/09\/ariens-ikon-42-sd.png","type":"image\/png"}],"twitter_card":"summary_large_image","twitter_misc":{"Tempo di lettura stimato":"2 minuti"},"schema":{"@context":"https:\/\/schema.org","@graph":[{"@type":"WebPage","@id":"https:\/\/www.ariens.eu\/it\/prodotto\/tagliaerba-zero-turn\/serie-ikon\/ikon-52\/","url":"https:\/\/www.ariens.eu\/it\/prodotto\/tagliaerba-zero-turn\/serie-ikon\/ikon-52\/","name":"IKON 52 - Ariens | EMEAA","isPartOf":{"@id":"https:\/\/www.ariens.eu\/it\/#website"},"primaryImageOfPage":{"@id":"https:\/\/www.ariens.eu\/it\/prodotto\/tagliaerba-zero-turn\/serie-ikon\/ikon-52\/#primaryimage"},"image":{"@id":"https:\/\/www.ariens.eu\/it\/prodotto\/tagliaerba-zero-turn\/serie-ikon\/ikon-52\/#primaryimage"},"thumbnailUrl":"https:\/\/www.ariens.eu\/it\/wp-content\/uploads\/sites\/13\/2024\/09\/ariens-ikon-42-sd.png","datePublished":"2024-09-11T05:00:05+00:00","dateModified":"2026-02-25T10:37:58+00:00","description":"Ariens IKON Envy \u00e8 un tagliaerba Zero-Turn di elevata qualit\u00e0 adatto ad utilizzatori molto esigenti. IKON stabilisce nuovi standard in termini di confort qualit\u00e0 di taglio, sistema pi\u00f9 rapido e semplicit\u00e0 di utilizzo.","breadcrumb":{"@id":"https:\/\/www.ariens.eu\/it\/prodotto\/tagliaerba-zero-turn\/serie-ikon\/ikon-52\/#breadcrumb"},"inLanguage":"it-IT","potentialAction":[{"@type":"ReadAction","target":["https:\/\/www.ariens.eu\/it\/prodotto\/tagliaerba-zero-turn\/serie-ikon\/ikon-52\/"]}]},{"@type":"ImageObject","inLanguage":"it-IT","@id":"https:\/\/www.ariens.eu\/it\/prodotto\/tagliaerba-zero-turn\/serie-ikon\/ikon-52\/#primaryimage","url":"https:\/\/www.ariens.eu\/it\/wp-content\/uploads\/sites\/13\/2024\/09\/ariens-ikon-42-sd.png","contentUrl":"https:\/\/www.ariens.eu\/it\/wp-content\/uploads\/sites\/13\/2024\/09\/ariens-ikon-42-sd.png","width":1008,"height":750},{"@type":"BreadcrumbList","@id":"https:\/\/www.ariens.eu\/it\/prodotto\/tagliaerba-zero-turn\/serie-ikon\/ikon-52\/#breadcrumb","itemListElement":[{"@type":"ListItem","position":1,"name":"Home","item":"https:\/\/www.ariens.eu\/it\/"},{"@type":"ListItem","position":2,"name":"Shop","item":"https:\/\/www.ariens.eu\/it\/shop\/"},{"@type":"ListItem","position":3,"name":"IKON 52"}]},{"@type":"WebSite","@id":"https:\/\/www.ariens.eu\/it\/#website","url":"https:\/\/www.ariens.eu\/it\/","name":"Ariens | EMEAA","description":"Powerful and reliable zero-turn mowers &amp; snow blowers for professional users and demanding private customers","publisher":{"@id":"https:\/\/www.ariens.eu\/it\/#organization"},"potentialAction":[{"@type":"SearchAction","target":{"@type":"EntryPoint","urlTemplate":"https:\/\/www.ariens.eu\/it\/?s={search_term_string}"},"query-input":{"@type":"PropertyValueSpecification","valueRequired":true,"valueName":"search_term_string"}}],"inLanguage":"it-IT"},{"@type":"Organization","@id":"https:\/\/www.ariens.eu\/it\/#organization","name":"AriensCo GmbH","url":"https:\/\/www.ariens.eu\/it\/","logo":{"@type":"ImageObject","inLanguage":"it-IT","@id":"https:\/\/www.ariens.eu\/it\/#\/schema\/logo\/image\/","url":"https:\/\/www.ariens.eu\/wp-content\/uploads\/2024\/11\/ariens-co-logo.jpg","contentUrl":"https:\/\/www.ariens.eu\/wp-content\/uploads\/2024\/11\/ariens-co-logo.jpg","width":1000,"height":1000,"caption":"AriensCo GmbH"},"image":{"@id":"https:\/\/www.ariens.eu\/it\/#\/schema\/logo\/image\/"}}]}},"_links":{"self":[{"href":"https:\/\/www.ariens.eu\/it\/wp-json\/wp\/v2\/product\/4701","targetHints":{"allow":["GET"]}}],"collection":[{"href":"https:\/\/www.ariens.eu\/it\/wp-json\/wp\/v2\/product"}],"about":[{"href":"https:\/\/www.ariens.eu\/it\/wp-json\/wp\/v2\/types\/product"}],"replies":[{"embeddable":true,"href":"https:\/\/www.ariens.eu\/it\/wp-json\/wp\/v2\/comments?post=4701"}],"wp:featuredmedia":[{"embeddable":true,"href":"https:\/\/www.ariens.eu\/it\/wp-json\/wp\/v2\/media\/4683"}],"wp:attachment":[{"href":"https:\/\/www.ariens.eu\/it\/wp-json\/wp\/v2\/media?parent=4701"}],"wp:term":[{"taxonomy":"product_brand","embeddable":true,"href":"https:\/\/www.ariens.eu\/it\/wp-json\/wp\/v2\/product_brand?post=4701"},{"taxonomy":"product_cat","embeddable":true,"href":"https:\/\/www.ariens.eu\/it\/wp-json\/wp\/v2\/product_cat?post=4701"},{"taxonomy":"product_tag","embeddable":true,"href":"https:\/\/www.ariens.eu\/it\/wp-json\/wp\/v2\/product_tag?post=4701"}],"curies":[{"name":"wp","href":"https:\/\/api.w.org\/{rel}","templated":true}]}}