{"id":5951,"date":"2026-02-13T15:17:36","date_gmt":"2026-02-13T15:17:36","guid":{"rendered":"https:\/\/www.ariens.eu\/it\/?post_type=product&#038;p=5951"},"modified":"2026-02-16T10:33:53","modified_gmt":"2026-02-16T10:33:53","slug":"zenith-e-52r","status":"publish","type":"product","link":"https:\/\/www.ariens.eu\/it\/prodotto\/tagliaerba-zero-turn\/serie-zenith-e\/zenith-e-52r","title":{"rendered":"ZENITH E 52R"},"content":{"rendered":"<div class=\"acfd-block acfd-block__twocolumns container-fluid px-0 bg-default\">\n<div class=\"acfd-twocolumns\">\n<div class=\"row\">\n<div class='col-lg-9 mb-4 '>\n<div class=\"acfd-block acfd-block__headline container-fluid px-0 bg-default\">\n<div class=\"acfd-headline\">\n<h2 class='h2 text-left li_black'>Tagliaerba Zero-Turn con batteria intercambiabile e scarico posteriore. Progettato per lavorare un\u2019intera giornata.<\/h2>\n<\/p><\/div>\n<\/div><\/div>\n<div class='col-lg'>                    <\/div>\n<\/p><\/div>\n<\/div>\n<\/div>\n<div class=\"acfd-block acfd-block__twocolumns mb-asm-2 container-fluid px-0 bg-default\">\n<div class=\"acfd-twocolumns\">\n<div class=\"row\">\n<div class='col-lg-9 mb-4 '>\n<div class=\"acfd-block acfd-block__text container-fluid px-0 bg-default\">\n<div class=\"acfd-text li_black\">\n<p>Installare delle batterie su un tagliaerba \u00e8 una cosa. Raggiungere le prestazioni, la durata e l\u2019affidabilit\u00e0 di un collaudato modello professionale a benzina \u00e8 un\u2019altra. I nostri modelli con sistema di batterie sostituibili FusionCore soddisfano questa esigenza.<\/p>\n<p>Lo ZENITH E 52R \u00e8 il primo tosaerba professionale elettrico a raggio zero con batterie intercambiabili. Progettato per tagliare grandi superfici per un\u2019intera giornata. La \u201cR\u201d di ZENITH E 52R indica lo \u201cscarico posteriore\u201d. Vantaggio: gli sfalci non vengono lanciati su vialetti o aiuole, ma espulsi posteriormente, tra le ruote. Sedile comfort regolabile per il massimo comfort di guida. Piatto di taglio professionale da 132 cm. ROPS di serie e garanzia professionale.<\/p>\n<p><strong>Caratteristiche principali<\/strong><\/p>\n<ul>\n<li>Alimentato da quattro batterie intercambiabili FusionCore agli ioni di litio, 56 V DC, 4 kWh<\/li>\n<li>Tecnologia del mandrino con brevetto in corso, progettata per assorbire impatti molto elevati<\/li>\n<li>Fino a cinque ore di taglio continuo con una sola carica (in base alle condizioni di taglio)<\/li>\n<li>Tempo di ricarica da 5,3 a 12 ore (a seconda del caricatore)<\/li>\n<li>Piatto di taglio professionale da 132 cm (52&#8243;) con scarico posteriore, costruito in robusto acciaio da 7 gauge<\/li>\n<li>Telaio con design leader del settore, progettato per sostenere i carichi della macchina<\/li>\n<li>ROPS di serie per una maggiore protezione dell\u2019operatore<\/li>\n<li>Sistema di sollevamento del piatto a pedale, con selettore a perno verticale e 15 posizioni di taglio<\/li>\n<li>Sedile alto con sospensione totale<\/li>\n<li>Ampia gamma di accessori opzionali<\/li>\n<li>Garanzia di 5 anni o 1500 ore \/ garanzia batteria di 3 anni \u2013 nessun limite di ore per i primi 2 anni<\/li>\n<\/ul>\n<\/div>\n<\/div><\/div>\n<div class='col-lg'>                    <\/div>\n<\/p><\/div>\n<\/div>\n<\/div>\n<div class=\"acfd-block acfd-block__category mb-asm-3 container-fluid px-0 bg-default\">\n<div class=\"acfd-product-categories\">\n<h2 class=\"text-left mb-3\">\n        Interventi    <\/h2>\n<div class=\"product-categories_wrapper\">\n            <\/div>\n<\/div>\n<\/div>\n<div class=\"acfd-block acfd-block__twocolumns mb-asm-2 container-fluid container-fluid--force px-0 bg-default\">\n<div class=\"acfd-twocolumns\">\n<div class=\"row\">\n<div class='col-lg-12 mb-4 '>\n<div class=\"acfd-product-advantages--wrapper\">\n<h2 class=\"h1 bigger text-color-black text-center mb-5\">\n        Caratteristiche e vantaggi    <\/h2>\n<div class=\"acfd-product-advantages\">\n<div class=\"row\">\n<div class=\"col-md-6 mb-4 content\">\n                    <span class=\"d-block h5 text-color-brand mb-1\">Sistema batteria Li\u2011Ion FusionCore<\/span><\/p>\n<p>Il sistema batteria dello ZENITH E \u00e8 composto da quattro pacchi batteria intercambiabili, ciascuno dal peso di 22,5 kg. La capacit\u00e0 di ogni singolo modulo Li\u2011ion Fusion \u00e8 di 4 kWh, per una capacit\u00e0 totale di 16 kWh (4 \u00d7 4 kWh). Lo ZENITH E pu\u00f2 lavorare con soli due pacchi batteria e spostarsi addirittura con uno solo.<\/p>\n<p>Con quattro pacchi batteria \u00e8 possibile falciare fino a un massimo di 5 ore. Una volta scarichi, possono essere sostituiti in pochi secondi con batterie cariche. Il tempo di ricarica di quattro pacchi batteria, utilizzando il caricatore rapido opzionale, \u00e8 di soli 5 ore e 20 minuti.<\/p>\n<\/p><\/div>\n<div class=\"col-md-6 mb4 image\" style=\"background-image:url(https:\/\/www.ariens.eu\/it\/wp-content\/uploads\/sites\/13\/2024\/05\/ariens-arrow-e-battery-stand-on-fusioncore-batteries.webp)\">\n                <\/div>\n<\/p><\/div>\n<div class=\"row\">\n<div class=\"col-md-6 mb-4 content\">\n                    <span class=\"d-block h5 text-color-brand mb-1\">Bilanciamento intelligente del carico<\/span><\/p>\n<p>Questo sistema, in attesa di brevetto, permette allo ZENITH E di compensare automaticamente le differenze di potenza tra le batterie. L\u2019energia viene prelevata dalle batterie completamente cariche solo fino a quando non raggiungono lo stesso livello di carica di quelle meno cariche. In un primo momento viene quindi utilizzata l\u2019energia delle batterie piene, per poi passare a un prelievo uniforme da tutte e quattro le batterie, garantendo una potenza costante e una maggiore tutela delle celle.<\/p>\n<\/p><\/div>\n<div class=\"col-md-6 mb4 image\" style=\"background-image:url(https:\/\/www.ariens.eu\/it\/wp-content\/uploads\/sites\/13\/2024\/05\/ariens-zenith-e-zero-turn-feature2-battery-load-balancing.webp)\">\n                <\/div>\n<\/p><\/div>\n<div class=\"row\">\n<div class=\"col-md-6 mb-4 content\">\n                    <span class=\"d-block h5 text-color-brand mb-1\">Non sprecare energia: modalit\u00e0 Eco<\/span><\/p>\n<p>Lo ZENITH E \u00e8 dotato di un interruttore per la modalit\u00e0 ECO. Quando la quantit\u00e0 di residui \u00e8 ridotta o si procede a una velocit\u00e0 inferiore, non \u00e8 necessaria la massima velocit\u00e0 delle lame. In questi casi, \u00e8 possibile attivare la modalit\u00e0 ECO per ridurre la velocit\u00e0 di rotazione delle lame.<\/p>\n<\/p><\/div>\n<div class=\"col-md-6 mb4 image\" style=\"background-image:url(https:\/\/www.ariens.eu\/it\/wp-content\/uploads\/sites\/13\/2024\/11\/zenith-e-advantages-eco-mode-scaled.jpg)\">\n                <\/div>\n<\/p><\/div>\n<div class=\"row\">\n<div class=\"col-md-6 mb-4 content\">\n                    <span class=\"d-block h5 text-color-brand mb-1\">Assali elettrici proprietari<\/span><\/p>\n<p>Due motori elettrici brushless che operano in modo indipendente, dotati di magneti extra\u2011potenti, numero di avvolgimenti aumentato e funzione di recupero in frenata. Obiettivo: ridotta generazione di calore e lunga durata operativa.<\/p>\n<p>Accoppiamento dei motori elettrici con un riduttore epicicloidale a doppia riduzione.<br \/>\nObiettivo: la stessa marcia fluida e priva di strattoni di un raggio zero professionale con motore a benzina e idrostatico. Risultato: prova una volta lo ZENITH E e confronta tu stesso!<\/p>\n<\/p><\/div>\n<div class=\"col-md-6 mb4 image\" style=\"background-image:url(https:\/\/www.ariens.eu\/it\/wp-content\/uploads\/sites\/13\/2024\/05\/ariens-zenith-e-zero-turn-feature3-brushless-electric-drive-motor-transaxles.webp)\">\n                <\/div>\n<\/p><\/div>\n<div class=\"row\">\n<div class=\"col-md-6 mb-4 content\">\n                    <span class=\"d-block h5 text-color-brand mb-1\">Piatto di taglio professionale<\/span><\/p>\n<p>Il piatto di taglio \u00e8 il componente pi\u00f9 sollecitato di un rasaerba, e qui la stabilit\u00e0 \u00e8 fondamentale. Lo ZENITH E \u00e8 dotato di un piatto di taglio profondo 14 cm, completamente saldato, realizzato in lamiera d\u2019acciaio da 4,5 mm, con bordo in acciaio da 20 mm, ruote anti-scalpo integrate e sospensione saldata a 4 punti. I motori elettrici delle lame FUSIONCORE erogano, quando necessario, una potenza massima di 3 \u00d7 3.500 watt. Per proteggere il motore in caso di urti, le lame sono montate su una frizione di slittamento, che riduce significativamente gli impatti diretti sul motore. Il flusso d\u2019aria del nuovo piatto di taglio X\u2011Factor III con scarico laterale \u00e8 ottimizzato per garantire il taglio pi\u00f9 pulito e il livello di rumore pi\u00f9 basso.<\/p>\n<\/p><\/div>\n<div class=\"col-md-6 mb4 image\" style=\"background-image:url(https:\/\/www.ariens.eu\/it\/wp-content\/uploads\/sites\/13\/2024\/05\/ariens-zenith-e-zero-turn-feature4-commercial-10-gauge-steel-deck.webp)\">\n                <\/div>\n<\/p><\/div>\n<div class=\"row\">\n<div class=\"col-md-6 mb-4 content\">\n                    <span class=\"d-block h5 text-color-brand mb-1\">Sedile comfort completamente regolabile<\/span><\/p>\n<p>Il massimo comfort di guida \u00e8 essenziale per lavorare in modo produttivo e sicuro per molte ore. Attenuare urti e vibrazioni \u00e8 particolarmente importante per il benessere e la salute dell\u2019operatore. La sospensione idro\u2011pneumatica del sedile pu\u00f2 essere regolata con precisione in base al peso dell\u2019utente. Braccioli regolabili e schienale alto permettono di trovare la posizione di guida ideale.<\/p>\n<\/p><\/div>\n<div class=\"col-md-6 mb4 image\" style=\"background-image:url(https:\/\/www.ariens.eu\/it\/wp-content\/uploads\/sites\/13\/2024\/05\/ariens-zenith-zero-turn-suspension-seat.webp)\">\n                <\/div>\n<\/p><\/div>\n<div class=\"row\">\n<div class=\"col-md-6 mb-4 content\">\n                    <span class=\"d-block h5 text-color-brand mb-1\">ROPS<\/span><\/p>\n<p>Il sistema di protezione antiribaltamento (ROPS) di serie, completo di cintura di sicurezza, offre una protezione aggiuntiva per l\u2019operatore. \u00c8 ripiegabile e inclinato ergonomicamente verso il retro per evitare urti fastidiosi al gomito durante la guida.<\/p>\n<\/p><\/div>\n<div class=\"col-md-6 mb4 image\" style=\"background-image:url(https:\/\/www.ariens.eu\/it\/wp-content\/uploads\/sites\/13\/2024\/05\/ariens-zenith-zero-turn-feature5-rops.webp)\">\n                <\/div>\n<\/p><\/div>\n<div class=\"row\">\n<div class=\"col-md-6 mb-4 content\">\n                    <span class=\"d-block h5 text-color-brand mb-1\">Kit di illuminazione omologato per la circolazione stradale<\/span><\/p>\n<p>\u00c8 disponibile un nuovo kit di illuminazione per l\u2019utilizzo su strade pubbliche. L\u2019installazione \u00e8 effettuata da rivenditori specializzati.<\/p>\n<\/p><\/div>\n<div class=\"col-md-6 mb4 image\" style=\"background-image:url(https:\/\/www.ariens.eu\/it\/wp-content\/uploads\/sites\/13\/2024\/08\/stvzo-lichtkit-1.png)\">\n                <\/div>\n<\/p><\/div>\n<\/p><\/div>\n<\/div><\/div>\n<div class='col-lg'>                    <\/div>\n<\/p><\/div>\n<\/div>\n<\/div>\n","protected":false},"excerpt":{"rendered":"<p>Tagliaerba Zero-Turn con batteria intercambiabile e scarico posteriore. Progettato per lavorare un\u2019intera giornata. Installare delle batterie su un tagliaerba \u00e8 una cosa. Raggiungere le prestazioni, la durata e l\u2019affidabilit\u00e0 di un collaudato modello professionale a benzina \u00e8 un\u2019altra. I nostri modelli con sistema di batterie sostituibili FusionCore soddisfano questa esigenza. Lo ZENITH E 52R \u00e8 [&hellip;]<\/p>\n","protected":false},"featured_media":6005,"comment_status":"open","ping_status":"closed","template":"","meta":{"_acf_changed":false,"_relevanssi_hide_post":"","_relevanssi_hide_content":"","_relevanssi_pin_for_all":"","_relevanssi_pin_keywords":"","_relevanssi_unpin_keywords":"","_relevanssi_related_keywords":"","_relevanssi_related_include_ids":"","_relevanssi_related_exclude_ids":"","_relevanssi_related_no_append":"","_relevanssi_related_not_related":"","_relevanssi_related_posts":"","_relevanssi_noindex_reason":""},"product_brand":[],"product_cat":[15],"product_tag":[],"class_list":{"0":"post-5951","1":"product","2":"type-product","3":"status-publish","4":"has-post-thumbnail","6":"product_variant-serie-zenith-e","7":"product_usage_areas-municipalities-building-yards","8":"product_usage_areas-servizi-di-pulizia-e-manutenzione","10":"first","11":"instock","12":"shipping-taxable","13":"product-type-simple"},"acf":[],"yoast_head":"<!-- This site is optimized with the Yoast SEO plugin v27.3 - https:\/\/yoast.com\/product\/yoast-seo-wordpress\/ -->\n<title>ZENITH E 52R - Tagliaerba Zero-Turn a batteria | Ariens<\/title>\n<meta name=\"description\" content=\"Lo ZENITH E 52R \u00e8 un tagliaerba zero-turn a batteria, con piatto di taglio posteriore da 132 cm (52&quot;), progettato per l\u2019impiego da parte di operatori professionali in aree sensibili al rumore e alle emissioni.\" \/>\n<meta name=\"robots\" content=\"index, follow, max-snippet:-1, max-image-preview:large, max-video-preview:-1\" \/>\n<link rel=\"canonical\" href=\"https:\/\/www.ariens.eu\/it\/prodotto\/tagliaerba-zero-turn\/serie-zenith-e\/zenith-e-52r\/\" \/>\n<meta property=\"og:locale\" content=\"it_IT\" \/>\n<meta property=\"og:type\" content=\"article\" \/>\n<meta property=\"og:title\" content=\"ZENITH E 52R - Tagliaerba Zero-Turn a batteria | Ariens\" \/>\n<meta property=\"og:description\" content=\"Lo ZENITH E 52R \u00e8 un tagliaerba zero-turn a batteria, con piatto di taglio posteriore da 132 cm (52&quot;), progettato per l\u2019impiego da parte di operatori professionali in aree sensibili al rumore e alle emissioni.\" \/>\n<meta property=\"og:url\" content=\"https:\/\/www.ariens.eu\/it\/prodotto\/tagliaerba-zero-turn\/serie-zenith-e\/zenith-e-52r\/\" \/>\n<meta property=\"og:site_name\" content=\"Ariens | EMEAA\" \/>\n<meta property=\"article:modified_time\" content=\"2026-02-16T10:33:53+00:00\" \/>\n<meta property=\"og:image\" content=\"https:\/\/www.ariens.eu\/it\/wp-content\/uploads\/sites\/13\/2026\/02\/ariens-zenithe-52r-rear-discharge-battery-zero-turn-front-left-768x555-1.webp\" \/>\n\t<meta property=\"og:image:width\" content=\"768\" \/>\n\t<meta property=\"og:image:height\" content=\"555\" \/>\n\t<meta property=\"og:image:type\" content=\"image\/webp\" \/>\n<meta name=\"twitter:card\" content=\"summary_large_image\" \/>\n<meta name=\"twitter:label1\" content=\"Tempo di lettura stimato\" \/>\n\t<meta name=\"twitter:data1\" content=\"5 minuti\" \/>\n<script type=\"application\/ld+json\" class=\"yoast-schema-graph\">{\"@context\":\"https:\\\/\\\/schema.org\",\"@graph\":[{\"@type\":\"WebPage\",\"@id\":\"https:\\\/\\\/www.ariens.eu\\\/it\\\/prodotto\\\/tagliaerba-zero-turn\\\/serie-zenith-e\\\/zenith-e-52r\\\/\",\"url\":\"https:\\\/\\\/www.ariens.eu\\\/it\\\/prodotto\\\/tagliaerba-zero-turn\\\/serie-zenith-e\\\/zenith-e-52r\\\/\",\"name\":\"ZENITH E 52R - Tagliaerba Zero-Turn a batteria | Ariens\",\"isPartOf\":{\"@id\":\"https:\\\/\\\/www.ariens.eu\\\/it\\\/#website\"},\"primaryImageOfPage\":{\"@id\":\"https:\\\/\\\/www.ariens.eu\\\/it\\\/prodotto\\\/tagliaerba-zero-turn\\\/serie-zenith-e\\\/zenith-e-52r\\\/#primaryimage\"},\"image\":{\"@id\":\"https:\\\/\\\/www.ariens.eu\\\/it\\\/prodotto\\\/tagliaerba-zero-turn\\\/serie-zenith-e\\\/zenith-e-52r\\\/#primaryimage\"},\"thumbnailUrl\":\"https:\\\/\\\/www.ariens.eu\\\/it\\\/wp-content\\\/uploads\\\/sites\\\/13\\\/2026\\\/02\\\/ariens-zenithe-52r-rear-discharge-battery-zero-turn-front-left-768x555-1.webp\",\"datePublished\":\"2026-02-13T15:17:36+00:00\",\"dateModified\":\"2026-02-16T10:33:53+00:00\",\"description\":\"Lo ZENITH E 52R \u00e8 un tagliaerba zero-turn a batteria, con piatto di taglio posteriore da 132 cm (52\\\"), progettato per l\u2019impiego da parte di operatori professionali in aree sensibili al rumore e alle emissioni.\",\"breadcrumb\":{\"@id\":\"https:\\\/\\\/www.ariens.eu\\\/it\\\/prodotto\\\/tagliaerba-zero-turn\\\/serie-zenith-e\\\/zenith-e-52r\\\/#breadcrumb\"},\"inLanguage\":\"it-IT\",\"potentialAction\":[{\"@type\":\"ReadAction\",\"target\":[\"https:\\\/\\\/www.ariens.eu\\\/it\\\/prodotto\\\/tagliaerba-zero-turn\\\/serie-zenith-e\\\/zenith-e-52r\\\/\"]}]},{\"@type\":\"ImageObject\",\"inLanguage\":\"it-IT\",\"@id\":\"https:\\\/\\\/www.ariens.eu\\\/it\\\/prodotto\\\/tagliaerba-zero-turn\\\/serie-zenith-e\\\/zenith-e-52r\\\/#primaryimage\",\"url\":\"https:\\\/\\\/www.ariens.eu\\\/it\\\/wp-content\\\/uploads\\\/sites\\\/13\\\/2026\\\/02\\\/ariens-zenithe-52r-rear-discharge-battery-zero-turn-front-left-768x555-1.webp\",\"contentUrl\":\"https:\\\/\\\/www.ariens.eu\\\/it\\\/wp-content\\\/uploads\\\/sites\\\/13\\\/2026\\\/02\\\/ariens-zenithe-52r-rear-discharge-battery-zero-turn-front-left-768x555-1.webp\",\"width\":768,\"height\":555},{\"@type\":\"BreadcrumbList\",\"@id\":\"https:\\\/\\\/www.ariens.eu\\\/it\\\/prodotto\\\/tagliaerba-zero-turn\\\/serie-zenith-e\\\/zenith-e-52r\\\/#breadcrumb\",\"itemListElement\":[{\"@type\":\"ListItem\",\"position\":1,\"name\":\"Home\",\"item\":\"https:\\\/\\\/www.ariens.eu\\\/it\\\/\"},{\"@type\":\"ListItem\",\"position\":2,\"name\":\"Shop\",\"item\":\"https:\\\/\\\/www.ariens.eu\\\/it\\\/shop\\\/\"},{\"@type\":\"ListItem\",\"position\":3,\"name\":\"ZENITH E 52R\"}]},{\"@type\":\"WebSite\",\"@id\":\"https:\\\/\\\/www.ariens.eu\\\/it\\\/#website\",\"url\":\"https:\\\/\\\/www.ariens.eu\\\/it\\\/\",\"name\":\"Ariens | EMEAA\",\"description\":\"Powerful and reliable zero-turn mowers &amp; snow blowers for professional users and demanding private customers\",\"publisher\":{\"@id\":\"https:\\\/\\\/www.ariens.eu\\\/it\\\/#organization\"},\"potentialAction\":[{\"@type\":\"SearchAction\",\"target\":{\"@type\":\"EntryPoint\",\"urlTemplate\":\"https:\\\/\\\/www.ariens.eu\\\/it\\\/?s={search_term_string}\"},\"query-input\":{\"@type\":\"PropertyValueSpecification\",\"valueRequired\":true,\"valueName\":\"search_term_string\"}}],\"inLanguage\":\"it-IT\"},{\"@type\":\"Organization\",\"@id\":\"https:\\\/\\\/www.ariens.eu\\\/it\\\/#organization\",\"name\":\"AriensCo GmbH\",\"url\":\"https:\\\/\\\/www.ariens.eu\\\/it\\\/\",\"logo\":{\"@type\":\"ImageObject\",\"inLanguage\":\"it-IT\",\"@id\":\"https:\\\/\\\/www.ariens.eu\\\/it\\\/#\\\/schema\\\/logo\\\/image\\\/\",\"url\":\"https:\\\/\\\/www.ariens.eu\\\/wp-content\\\/uploads\\\/2024\\\/11\\\/ariens-co-logo.jpg\",\"contentUrl\":\"https:\\\/\\\/www.ariens.eu\\\/wp-content\\\/uploads\\\/2024\\\/11\\\/ariens-co-logo.jpg\",\"width\":1000,\"height\":1000,\"caption\":\"AriensCo GmbH\"},\"image\":{\"@id\":\"https:\\\/\\\/www.ariens.eu\\\/it\\\/#\\\/schema\\\/logo\\\/image\\\/\"}}]}<\/script>\n<!-- \/ Yoast SEO plugin. -->","yoast_head_json":{"title":"ZENITH E 52R - Tagliaerba Zero-Turn a batteria | Ariens","description":"Lo ZENITH E 52R \u00e8 un tagliaerba zero-turn a batteria, con piatto di taglio posteriore da 132 cm (52\"), progettato per l\u2019impiego da parte di operatori professionali in aree sensibili al rumore e alle emissioni.","robots":{"index":"index","follow":"follow","max-snippet":"max-snippet:-1","max-image-preview":"max-image-preview:large","max-video-preview":"max-video-preview:-1"},"canonical":"https:\/\/www.ariens.eu\/it\/prodotto\/tagliaerba-zero-turn\/serie-zenith-e\/zenith-e-52r\/","og_locale":"it_IT","og_type":"article","og_title":"ZENITH E 52R - Tagliaerba Zero-Turn a batteria | Ariens","og_description":"Lo ZENITH E 52R \u00e8 un tagliaerba zero-turn a batteria, con piatto di taglio posteriore da 132 cm (52\"), progettato per l\u2019impiego da parte di operatori professionali in aree sensibili al rumore e alle emissioni.","og_url":"https:\/\/www.ariens.eu\/it\/prodotto\/tagliaerba-zero-turn\/serie-zenith-e\/zenith-e-52r\/","og_site_name":"Ariens | EMEAA","article_modified_time":"2026-02-16T10:33:53+00:00","og_image":[{"width":768,"height":555,"url":"https:\/\/www.ariens.eu\/it\/wp-content\/uploads\/sites\/13\/2026\/02\/ariens-zenithe-52r-rear-discharge-battery-zero-turn-front-left-768x555-1.webp","type":"image\/webp"}],"twitter_card":"summary_large_image","twitter_misc":{"Tempo di lettura stimato":"5 minuti"},"schema":{"@context":"https:\/\/schema.org","@graph":[{"@type":"WebPage","@id":"https:\/\/www.ariens.eu\/it\/prodotto\/tagliaerba-zero-turn\/serie-zenith-e\/zenith-e-52r\/","url":"https:\/\/www.ariens.eu\/it\/prodotto\/tagliaerba-zero-turn\/serie-zenith-e\/zenith-e-52r\/","name":"ZENITH E 52R - Tagliaerba Zero-Turn a batteria | Ariens","isPartOf":{"@id":"https:\/\/www.ariens.eu\/it\/#website"},"primaryImageOfPage":{"@id":"https:\/\/www.ariens.eu\/it\/prodotto\/tagliaerba-zero-turn\/serie-zenith-e\/zenith-e-52r\/#primaryimage"},"image":{"@id":"https:\/\/www.ariens.eu\/it\/prodotto\/tagliaerba-zero-turn\/serie-zenith-e\/zenith-e-52r\/#primaryimage"},"thumbnailUrl":"https:\/\/www.ariens.eu\/it\/wp-content\/uploads\/sites\/13\/2026\/02\/ariens-zenithe-52r-rear-discharge-battery-zero-turn-front-left-768x555-1.webp","datePublished":"2026-02-13T15:17:36+00:00","dateModified":"2026-02-16T10:33:53+00:00","description":"Lo ZENITH E 52R \u00e8 un tagliaerba zero-turn a batteria, con piatto di taglio posteriore da 132 cm (52\"), progettato per l\u2019impiego da parte di operatori professionali in aree sensibili al rumore e alle emissioni.","breadcrumb":{"@id":"https:\/\/www.ariens.eu\/it\/prodotto\/tagliaerba-zero-turn\/serie-zenith-e\/zenith-e-52r\/#breadcrumb"},"inLanguage":"it-IT","potentialAction":[{"@type":"ReadAction","target":["https:\/\/www.ariens.eu\/it\/prodotto\/tagliaerba-zero-turn\/serie-zenith-e\/zenith-e-52r\/"]}]},{"@type":"ImageObject","inLanguage":"it-IT","@id":"https:\/\/www.ariens.eu\/it\/prodotto\/tagliaerba-zero-turn\/serie-zenith-e\/zenith-e-52r\/#primaryimage","url":"https:\/\/www.ariens.eu\/it\/wp-content\/uploads\/sites\/13\/2026\/02\/ariens-zenithe-52r-rear-discharge-battery-zero-turn-front-left-768x555-1.webp","contentUrl":"https:\/\/www.ariens.eu\/it\/wp-content\/uploads\/sites\/13\/2026\/02\/ariens-zenithe-52r-rear-discharge-battery-zero-turn-front-left-768x555-1.webp","width":768,"height":555},{"@type":"BreadcrumbList","@id":"https:\/\/www.ariens.eu\/it\/prodotto\/tagliaerba-zero-turn\/serie-zenith-e\/zenith-e-52r\/#breadcrumb","itemListElement":[{"@type":"ListItem","position":1,"name":"Home","item":"https:\/\/www.ariens.eu\/it\/"},{"@type":"ListItem","position":2,"name":"Shop","item":"https:\/\/www.ariens.eu\/it\/shop\/"},{"@type":"ListItem","position":3,"name":"ZENITH E 52R"}]},{"@type":"WebSite","@id":"https:\/\/www.ariens.eu\/it\/#website","url":"https:\/\/www.ariens.eu\/it\/","name":"Ariens | EMEAA","description":"Powerful and reliable zero-turn mowers &amp; snow blowers for professional users and demanding private customers","publisher":{"@id":"https:\/\/www.ariens.eu\/it\/#organization"},"potentialAction":[{"@type":"SearchAction","target":{"@type":"EntryPoint","urlTemplate":"https:\/\/www.ariens.eu\/it\/?s={search_term_string}"},"query-input":{"@type":"PropertyValueSpecification","valueRequired":true,"valueName":"search_term_string"}}],"inLanguage":"it-IT"},{"@type":"Organization","@id":"https:\/\/www.ariens.eu\/it\/#organization","name":"AriensCo GmbH","url":"https:\/\/www.ariens.eu\/it\/","logo":{"@type":"ImageObject","inLanguage":"it-IT","@id":"https:\/\/www.ariens.eu\/it\/#\/schema\/logo\/image\/","url":"https:\/\/www.ariens.eu\/wp-content\/uploads\/2024\/11\/ariens-co-logo.jpg","contentUrl":"https:\/\/www.ariens.eu\/wp-content\/uploads\/2024\/11\/ariens-co-logo.jpg","width":1000,"height":1000,"caption":"AriensCo GmbH"},"image":{"@id":"https:\/\/www.ariens.eu\/it\/#\/schema\/logo\/image\/"}}]}},"_links":{"self":[{"href":"https:\/\/www.ariens.eu\/it\/wp-json\/wp\/v2\/product\/5951","targetHints":{"allow":["GET"]}}],"collection":[{"href":"https:\/\/www.ariens.eu\/it\/wp-json\/wp\/v2\/product"}],"about":[{"href":"https:\/\/www.ariens.eu\/it\/wp-json\/wp\/v2\/types\/product"}],"replies":[{"embeddable":true,"href":"https:\/\/www.ariens.eu\/it\/wp-json\/wp\/v2\/comments?post=5951"}],"wp:featuredmedia":[{"embeddable":true,"href":"https:\/\/www.ariens.eu\/it\/wp-json\/wp\/v2\/media\/6005"}],"wp:attachment":[{"href":"https:\/\/www.ariens.eu\/it\/wp-json\/wp\/v2\/media?parent=5951"}],"wp:term":[{"taxonomy":"product_brand","embeddable":true,"href":"https:\/\/www.ariens.eu\/it\/wp-json\/wp\/v2\/product_brand?post=5951"},{"taxonomy":"product_cat","embeddable":true,"href":"https:\/\/www.ariens.eu\/it\/wp-json\/wp\/v2\/product_cat?post=5951"},{"taxonomy":"product_tag","embeddable":true,"href":"https:\/\/www.ariens.eu\/it\/wp-json\/wp\/v2\/product_tag?post=5951"}],"curies":[{"name":"wp","href":"https:\/\/api.w.org\/{rel}","templated":true}]}}