{"id":2017,"date":"2024-05-02T15:20:02","date_gmt":"2024-05-02T14:20:02","guid":{"rendered":"https:\/\/www.ariens.eu\/?page_id=2017"},"modified":"2024-09-24T14:06:35","modified_gmt":"2024-09-24T13:06:35","slug":"bruksomrader","status":"publish","type":"page","link":"https:\/\/www.ariens.eu\/no\/bruksomrader\/","title":{"rendered":"Bruksomr\u00e5der"},"content":{"rendered":"","protected":false},"excerpt":{"rendered":"","protected":false},"author":8,"featured_media":0,"parent":0,"menu_order":0,"comment_status":"closed","ping_status":"closed","template":"","meta":{"_acf_changed":false,"_relevanssi_hide_post":"","_relevanssi_hide_content":"","_relevanssi_pin_for_all":"","_relevanssi_pin_keywords":"","_relevanssi_unpin_keywords":"","_relevanssi_related_keywords":"","_relevanssi_related_include_ids":"","_relevanssi_related_exclude_ids":"","_relevanssi_related_no_append":"","_relevanssi_related_not_related":"","_relevanssi_related_posts":"","_relevanssi_noindex_reason":"","footnotes":""},"class_list":["post-2017","page","type-page","status-publish","hentry"],"acf":[],"yoast_head":"<!-- This site is optimized with the Yoast SEO plugin v27.3 - https:\/\/yoast.com\/product\/yoast-seo-wordpress\/ -->\n<title>Bruksomr\u00e5der for utstyr fra Ariens<\/title>\n<meta name=\"description\" content=\"Oppdag bruksomr\u00e5dene for Ariens. L\u00f8sninger for effektiv sn\u00f8rydding og plenklipping til hjem, kommuner og profesjonelle tjenesteytere.\" \/>\n<meta name=\"robots\" content=\"index, follow, max-snippet:-1, max-image-preview:large, max-video-preview:-1\" \/>\n<link rel=\"canonical\" href=\"https:\/\/www.ariens.eu\/no\/bruksomrader\/\" \/>\n<meta property=\"og:locale\" content=\"nb_NO\" \/>\n<meta property=\"og:type\" content=\"article\" \/>\n<meta property=\"og:title\" content=\"Bruksomr\u00e5der for utstyr fra Ariens\" \/>\n<meta property=\"og:description\" content=\"Oppdag bruksomr\u00e5dene for Ariens. L\u00f8sninger for effektiv sn\u00f8rydding og plenklipping til hjem, kommuner og profesjonelle tjenesteytere.\" \/>\n<meta property=\"og:url\" content=\"https:\/\/www.ariens.eu\/no\/bruksomrader\/\" \/>\n<meta property=\"og:site_name\" content=\"Ariens | EMEAA\" \/>\n<meta property=\"article:modified_time\" content=\"2024-09-24T13:06:35+00:00\" \/>\n<meta property=\"og:image\" content=\"https:\/\/www.ariens.eu\/no\/wp-content\/uploads\/sites\/7\/2024\/05\/Facivon_Ariens-logo.png\" \/>\n\t<meta property=\"og:image:width\" content=\"300\" \/>\n\t<meta property=\"og:image:height\" content=\"300\" \/>\n\t<meta property=\"og:image:type\" content=\"image\/png\" \/>\n<meta name=\"twitter:card\" content=\"summary_large_image\" \/>\n<script type=\"application\/ld+json\" class=\"yoast-schema-graph\">{\"@context\":\"https:\\\/\\\/schema.org\",\"@graph\":[{\"@type\":\"WebPage\",\"@id\":\"https:\\\/\\\/www.ariens.eu\\\/no\\\/bruksomrader\\\/\",\"url\":\"https:\\\/\\\/www.ariens.eu\\\/no\\\/bruksomrader\\\/\",\"name\":\"Bruksomr\u00e5der for utstyr fra Ariens\",\"isPartOf\":{\"@id\":\"https:\\\/\\\/www.ariens.eu\\\/no\\\/#website\"},\"datePublished\":\"2024-05-02T14:20:02+00:00\",\"dateModified\":\"2024-09-24T13:06:35+00:00\",\"description\":\"Oppdag bruksomr\u00e5dene for Ariens. L\u00f8sninger for effektiv sn\u00f8rydding og plenklipping til hjem, kommuner og profesjonelle tjenesteytere.\",\"breadcrumb\":{\"@id\":\"https:\\\/\\\/www.ariens.eu\\\/no\\\/bruksomrader\\\/#breadcrumb\"},\"inLanguage\":\"nb-NO\",\"potentialAction\":[{\"@type\":\"ReadAction\",\"target\":[\"https:\\\/\\\/www.ariens.eu\\\/no\\\/bruksomrader\\\/\"]}]},{\"@type\":\"BreadcrumbList\",\"@id\":\"https:\\\/\\\/www.ariens.eu\\\/no\\\/bruksomrader\\\/#breadcrumb\",\"itemListElement\":[{\"@type\":\"ListItem\",\"position\":1,\"name\":\"Home\",\"item\":\"https:\\\/\\\/www.ariens.eu\\\/no\\\/\"},{\"@type\":\"ListItem\",\"position\":2,\"name\":\"Bruksomr\u00e5der\"}]},{\"@type\":\"WebSite\",\"@id\":\"https:\\\/\\\/www.ariens.eu\\\/no\\\/#website\",\"url\":\"https:\\\/\\\/www.ariens.eu\\\/no\\\/\",\"name\":\"Ariens | EMEAA\",\"description\":\"Powerful and reliable zero-turn mowers &amp; snow blowers for professional users and demanding private customers\",\"potentialAction\":[{\"@type\":\"SearchAction\",\"target\":{\"@type\":\"EntryPoint\",\"urlTemplate\":\"https:\\\/\\\/www.ariens.eu\\\/no\\\/?s={search_term_string}\"},\"query-input\":{\"@type\":\"PropertyValueSpecification\",\"valueRequired\":true,\"valueName\":\"search_term_string\"}}],\"inLanguage\":\"nb-NO\"}]}<\/script>\n<!-- \/ Yoast SEO plugin. -->","yoast_head_json":{"title":"Bruksomr\u00e5der for utstyr fra Ariens","description":"Oppdag bruksomr\u00e5dene for Ariens. L\u00f8sninger for effektiv sn\u00f8rydding og plenklipping til hjem, kommuner og profesjonelle tjenesteytere.","robots":{"index":"index","follow":"follow","max-snippet":"max-snippet:-1","max-image-preview":"max-image-preview:large","max-video-preview":"max-video-preview:-1"},"canonical":"https:\/\/www.ariens.eu\/no\/bruksomrader\/","og_locale":"nb_NO","og_type":"article","og_title":"Bruksomr\u00e5der for utstyr fra Ariens","og_description":"Oppdag bruksomr\u00e5dene for Ariens. L\u00f8sninger for effektiv sn\u00f8rydding og plenklipping til hjem, kommuner og profesjonelle tjenesteytere.","og_url":"https:\/\/www.ariens.eu\/no\/bruksomrader\/","og_site_name":"Ariens | EMEAA","article_modified_time":"2024-09-24T13:06:35+00:00","og_image":[{"width":300,"height":300,"url":"https:\/\/www.ariens.eu\/no\/wp-content\/uploads\/sites\/7\/2024\/05\/Facivon_Ariens-logo.png","type":"image\/png"}],"twitter_card":"summary_large_image","schema":{"@context":"https:\/\/schema.org","@graph":[{"@type":"WebPage","@id":"https:\/\/www.ariens.eu\/no\/bruksomrader\/","url":"https:\/\/www.ariens.eu\/no\/bruksomrader\/","name":"Bruksomr\u00e5der for utstyr fra Ariens","isPartOf":{"@id":"https:\/\/www.ariens.eu\/no\/#website"},"datePublished":"2024-05-02T14:20:02+00:00","dateModified":"2024-09-24T13:06:35+00:00","description":"Oppdag bruksomr\u00e5dene for Ariens. L\u00f8sninger for effektiv sn\u00f8rydding og plenklipping til hjem, kommuner og profesjonelle tjenesteytere.","breadcrumb":{"@id":"https:\/\/www.ariens.eu\/no\/bruksomrader\/#breadcrumb"},"inLanguage":"nb-NO","potentialAction":[{"@type":"ReadAction","target":["https:\/\/www.ariens.eu\/no\/bruksomrader\/"]}]},{"@type":"BreadcrumbList","@id":"https:\/\/www.ariens.eu\/no\/bruksomrader\/#breadcrumb","itemListElement":[{"@type":"ListItem","position":1,"name":"Home","item":"https:\/\/www.ariens.eu\/no\/"},{"@type":"ListItem","position":2,"name":"Bruksomr\u00e5der"}]},{"@type":"WebSite","@id":"https:\/\/www.ariens.eu\/no\/#website","url":"https:\/\/www.ariens.eu\/no\/","name":"Ariens | EMEAA","description":"Powerful and reliable zero-turn mowers &amp; snow blowers for professional users and demanding private customers","potentialAction":[{"@type":"SearchAction","target":{"@type":"EntryPoint","urlTemplate":"https:\/\/www.ariens.eu\/no\/?s={search_term_string}"},"query-input":{"@type":"PropertyValueSpecification","valueRequired":true,"valueName":"search_term_string"}}],"inLanguage":"nb-NO"}]}},"_links":{"self":[{"href":"https:\/\/www.ariens.eu\/no\/wp-json\/wp\/v2\/pages\/2017","targetHints":{"allow":["GET"]}}],"collection":[{"href":"https:\/\/www.ariens.eu\/no\/wp-json\/wp\/v2\/pages"}],"about":[{"href":"https:\/\/www.ariens.eu\/no\/wp-json\/wp\/v2\/types\/page"}],"author":[{"embeddable":true,"href":"https:\/\/www.ariens.eu\/no\/wp-json\/wp\/v2\/users\/8"}],"replies":[{"embeddable":true,"href":"https:\/\/www.ariens.eu\/no\/wp-json\/wp\/v2\/comments?post=2017"}],"version-history":[{"count":7,"href":"https:\/\/www.ariens.eu\/no\/wp-json\/wp\/v2\/pages\/2017\/revisions"}],"predecessor-version":[{"id":4739,"href":"https:\/\/www.ariens.eu\/no\/wp-json\/wp\/v2\/pages\/2017\/revisions\/4739"}],"wp:attachment":[{"href":"https:\/\/www.ariens.eu\/no\/wp-json\/wp\/v2\/media?parent=2017"}],"curies":[{"name":"wp","href":"https:\/\/api.w.org\/{rel}","templated":true}]}}