{"id":2064,"date":"2024-05-03T07:52:20","date_gmt":"2024-05-03T06:52:20","guid":{"rendered":"https:\/\/www.ariens.eu\/?page_id=2064"},"modified":"2024-10-07T14:16:22","modified_gmt":"2024-10-07T13:16:22","slug":"om-ariens","status":"publish","type":"page","link":"https:\/\/www.ariens.eu\/no\/company\/om-ariens\/","title":{"rendered":"Om Ariens"},"content":{"rendered":"","protected":false},"excerpt":{"rendered":"","protected":false},"author":7,"featured_media":0,"parent":2051,"menu_order":0,"comment_status":"closed","ping_status":"closed","template":"","meta":{"_acf_changed":false,"_relevanssi_hide_post":"","_relevanssi_hide_content":"","_relevanssi_pin_for_all":"","_relevanssi_pin_keywords":"","_relevanssi_unpin_keywords":"","_relevanssi_related_keywords":"","_relevanssi_related_include_ids":"","_relevanssi_related_exclude_ids":"","_relevanssi_related_no_append":"","_relevanssi_related_not_related":"","_relevanssi_related_posts":"","_relevanssi_noindex_reason":"","footnotes":""},"class_list":["post-2064","page","type-page","status-publish","hentry"],"acf":[],"yoast_head":"<!-- This site is optimized with the Yoast SEO plugin v27.3 - https:\/\/yoast.com\/product\/yoast-seo-wordpress\/ -->\n<title>Om Ariens - vi setter navnet v\u00e5rt p\u00e5 det<\/title>\n<meta name=\"description\" content=\"Over 1 700 personer jobber hos Ariens. Du ser kanskje ikke navnene deres p\u00e5 produktene v\u00e5re, men du vil merke kvaliteten, h\u00e5ndverket og kompetansen deres. Det er dette som gj\u00f8r en Ariens til en Ariens.\" \/>\n<meta name=\"robots\" content=\"index, follow, max-snippet:-1, max-image-preview:large, max-video-preview:-1\" \/>\n<link rel=\"canonical\" href=\"https:\/\/www.ariens.eu\/no\/company\/om-ariens\/\" \/>\n<meta property=\"og:locale\" content=\"nb_NO\" \/>\n<meta property=\"og:type\" content=\"article\" \/>\n<meta property=\"og:title\" content=\"Om Ariens - vi setter navnet v\u00e5rt p\u00e5 det\" \/>\n<meta property=\"og:description\" content=\"Over 1 700 personer jobber hos Ariens. Du ser kanskje ikke navnene deres p\u00e5 produktene v\u00e5re, men du vil merke kvaliteten, h\u00e5ndverket og kompetansen deres. Det er dette som gj\u00f8r en Ariens til en Ariens.\" \/>\n<meta property=\"og:url\" content=\"https:\/\/www.ariens.eu\/no\/company\/om-ariens\/\" \/>\n<meta property=\"og:site_name\" content=\"Ariens | EMEAA\" \/>\n<meta property=\"article:modified_time\" content=\"2024-10-07T13:16:22+00:00\" \/>\n<meta property=\"og:image\" content=\"https:\/\/www.ariens.eu\/no\/wp-content\/uploads\/sites\/7\/2024\/05\/Facivon_Ariens-logo.png\" \/>\n\t<meta property=\"og:image:width\" content=\"300\" \/>\n\t<meta property=\"og:image:height\" content=\"300\" \/>\n\t<meta property=\"og:image:type\" content=\"image\/png\" \/>\n<meta name=\"twitter:card\" content=\"summary_large_image\" \/>\n<script type=\"application\/ld+json\" class=\"yoast-schema-graph\">{\"@context\":\"https:\\\/\\\/schema.org\",\"@graph\":[{\"@type\":\"WebPage\",\"@id\":\"https:\\\/\\\/www.ariens.eu\\\/no\\\/company\\\/om-ariens\\\/\",\"url\":\"https:\\\/\\\/www.ariens.eu\\\/no\\\/company\\\/om-ariens\\\/\",\"name\":\"Om Ariens - vi setter navnet v\u00e5rt p\u00e5 det\",\"isPartOf\":{\"@id\":\"https:\\\/\\\/www.ariens.eu\\\/no\\\/#website\"},\"datePublished\":\"2024-05-03T06:52:20+00:00\",\"dateModified\":\"2024-10-07T13:16:22+00:00\",\"description\":\"Over 1 700 personer jobber hos Ariens. Du ser kanskje ikke navnene deres p\u00e5 produktene v\u00e5re, men du vil merke kvaliteten, h\u00e5ndverket og kompetansen deres. Det er dette som gj\u00f8r en Ariens til en Ariens.\",\"breadcrumb\":{\"@id\":\"https:\\\/\\\/www.ariens.eu\\\/no\\\/company\\\/om-ariens\\\/#breadcrumb\"},\"inLanguage\":\"nb-NO\",\"potentialAction\":[{\"@type\":\"ReadAction\",\"target\":[\"https:\\\/\\\/www.ariens.eu\\\/no\\\/company\\\/om-ariens\\\/\"]}]},{\"@type\":\"BreadcrumbList\",\"@id\":\"https:\\\/\\\/www.ariens.eu\\\/no\\\/company\\\/om-ariens\\\/#breadcrumb\",\"itemListElement\":[{\"@type\":\"ListItem\",\"position\":1,\"name\":\"Home\",\"item\":\"https:\\\/\\\/www.ariens.eu\\\/no\\\/\"},{\"@type\":\"ListItem\",\"position\":2,\"name\":\"Bedrift\",\"item\":\"https:\\\/\\\/www.ariens.eu\\\/no\\\/company\\\/\"},{\"@type\":\"ListItem\",\"position\":3,\"name\":\"Om Ariens\"}]},{\"@type\":\"WebSite\",\"@id\":\"https:\\\/\\\/www.ariens.eu\\\/no\\\/#website\",\"url\":\"https:\\\/\\\/www.ariens.eu\\\/no\\\/\",\"name\":\"Ariens | EMEAA\",\"description\":\"Powerful and reliable zero-turn mowers &amp; snow blowers for professional users and demanding private customers\",\"potentialAction\":[{\"@type\":\"SearchAction\",\"target\":{\"@type\":\"EntryPoint\",\"urlTemplate\":\"https:\\\/\\\/www.ariens.eu\\\/no\\\/?s={search_term_string}\"},\"query-input\":{\"@type\":\"PropertyValueSpecification\",\"valueRequired\":true,\"valueName\":\"search_term_string\"}}],\"inLanguage\":\"nb-NO\"}]}<\/script>\n<!-- \/ Yoast SEO plugin. -->","yoast_head_json":{"title":"Om Ariens - vi setter navnet v\u00e5rt p\u00e5 det","description":"Over 1 700 personer jobber hos Ariens. Du ser kanskje ikke navnene deres p\u00e5 produktene v\u00e5re, men du vil merke kvaliteten, h\u00e5ndverket og kompetansen deres. Det er dette som gj\u00f8r en Ariens til en Ariens.","robots":{"index":"index","follow":"follow","max-snippet":"max-snippet:-1","max-image-preview":"max-image-preview:large","max-video-preview":"max-video-preview:-1"},"canonical":"https:\/\/www.ariens.eu\/no\/company\/om-ariens\/","og_locale":"nb_NO","og_type":"article","og_title":"Om Ariens - vi setter navnet v\u00e5rt p\u00e5 det","og_description":"Over 1 700 personer jobber hos Ariens. Du ser kanskje ikke navnene deres p\u00e5 produktene v\u00e5re, men du vil merke kvaliteten, h\u00e5ndverket og kompetansen deres. Det er dette som gj\u00f8r en Ariens til en Ariens.","og_url":"https:\/\/www.ariens.eu\/no\/company\/om-ariens\/","og_site_name":"Ariens | EMEAA","article_modified_time":"2024-10-07T13:16:22+00:00","og_image":[{"width":300,"height":300,"url":"https:\/\/www.ariens.eu\/no\/wp-content\/uploads\/sites\/7\/2024\/05\/Facivon_Ariens-logo.png","type":"image\/png"}],"twitter_card":"summary_large_image","schema":{"@context":"https:\/\/schema.org","@graph":[{"@type":"WebPage","@id":"https:\/\/www.ariens.eu\/no\/company\/om-ariens\/","url":"https:\/\/www.ariens.eu\/no\/company\/om-ariens\/","name":"Om Ariens - vi setter navnet v\u00e5rt p\u00e5 det","isPartOf":{"@id":"https:\/\/www.ariens.eu\/no\/#website"},"datePublished":"2024-05-03T06:52:20+00:00","dateModified":"2024-10-07T13:16:22+00:00","description":"Over 1 700 personer jobber hos Ariens. Du ser kanskje ikke navnene deres p\u00e5 produktene v\u00e5re, men du vil merke kvaliteten, h\u00e5ndverket og kompetansen deres. Det er dette som gj\u00f8r en Ariens til en Ariens.","breadcrumb":{"@id":"https:\/\/www.ariens.eu\/no\/company\/om-ariens\/#breadcrumb"},"inLanguage":"nb-NO","potentialAction":[{"@type":"ReadAction","target":["https:\/\/www.ariens.eu\/no\/company\/om-ariens\/"]}]},{"@type":"BreadcrumbList","@id":"https:\/\/www.ariens.eu\/no\/company\/om-ariens\/#breadcrumb","itemListElement":[{"@type":"ListItem","position":1,"name":"Home","item":"https:\/\/www.ariens.eu\/no\/"},{"@type":"ListItem","position":2,"name":"Bedrift","item":"https:\/\/www.ariens.eu\/no\/company\/"},{"@type":"ListItem","position":3,"name":"Om Ariens"}]},{"@type":"WebSite","@id":"https:\/\/www.ariens.eu\/no\/#website","url":"https:\/\/www.ariens.eu\/no\/","name":"Ariens | EMEAA","description":"Powerful and reliable zero-turn mowers &amp; snow blowers for professional users and demanding private customers","potentialAction":[{"@type":"SearchAction","target":{"@type":"EntryPoint","urlTemplate":"https:\/\/www.ariens.eu\/no\/?s={search_term_string}"},"query-input":{"@type":"PropertyValueSpecification","valueRequired":true,"valueName":"search_term_string"}}],"inLanguage":"nb-NO"}]}},"_links":{"self":[{"href":"https:\/\/www.ariens.eu\/no\/wp-json\/wp\/v2\/pages\/2064","targetHints":{"allow":["GET"]}}],"collection":[{"href":"https:\/\/www.ariens.eu\/no\/wp-json\/wp\/v2\/pages"}],"about":[{"href":"https:\/\/www.ariens.eu\/no\/wp-json\/wp\/v2\/types\/page"}],"author":[{"embeddable":true,"href":"https:\/\/www.ariens.eu\/no\/wp-json\/wp\/v2\/users\/7"}],"replies":[{"embeddable":true,"href":"https:\/\/www.ariens.eu\/no\/wp-json\/wp\/v2\/comments?post=2064"}],"version-history":[{"count":8,"href":"https:\/\/www.ariens.eu\/no\/wp-json\/wp\/v2\/pages\/2064\/revisions"}],"predecessor-version":[{"id":4775,"href":"https:\/\/www.ariens.eu\/no\/wp-json\/wp\/v2\/pages\/2064\/revisions\/4775"}],"up":[{"embeddable":true,"href":"https:\/\/www.ariens.eu\/no\/wp-json\/wp\/v2\/pages\/2051"}],"wp:attachment":[{"href":"https:\/\/www.ariens.eu\/no\/wp-json\/wp\/v2\/media?parent=2064"}],"curies":[{"name":"wp","href":"https:\/\/api.w.org\/{rel}","templated":true}]}}