{"id":2134,"date":"2024-05-06T21:24:49","date_gmt":"2024-05-06T20:24:49","guid":{"rendered":"https:\/\/www.ariens.eu\/?page_id=2134"},"modified":"2024-10-08T14:54:44","modified_gmt":"2024-10-08T13:54:44","slug":"karriere","status":"publish","type":"page","link":"https:\/\/www.ariens.eu\/no\/company\/karriere\/","title":{"rendered":"Karriere"},"content":{"rendered":"","protected":false},"excerpt":{"rendered":"","protected":false},"author":7,"featured_media":0,"parent":2051,"menu_order":0,"comment_status":"closed","ping_status":"closed","template":"","meta":{"_acf_changed":false,"_relevanssi_hide_post":"","_relevanssi_hide_content":"","_relevanssi_pin_for_all":"","_relevanssi_pin_keywords":"","_relevanssi_unpin_keywords":"","_relevanssi_related_keywords":"","_relevanssi_related_include_ids":"","_relevanssi_related_exclude_ids":"","_relevanssi_related_no_append":"","_relevanssi_related_not_related":"","_relevanssi_related_posts":"","_relevanssi_noindex_reason":"","footnotes":""},"class_list":["post-2134","page","type-page","status-publish","hentry"],"acf":[],"yoast_head":"<!-- This site is optimized with the Yoast SEO plugin v27.3 - https:\/\/yoast.com\/product\/yoast-seo-wordpress\/ -->\n<title>Karriere og jobb hos AriensCo<\/title>\n<meta name=\"description\" content=\"Bli en del av AriensCo-teamet! En karriere hos AriensCo er mer enn bare en jobb \u2013 det er et l\u00f8fte om kvalitet. Oppdag et globalt selskap med sm\u00e5byr\u00f8tter.\" \/>\n<meta name=\"robots\" content=\"index, follow, max-snippet:-1, max-image-preview:large, max-video-preview:-1\" \/>\n<link rel=\"canonical\" href=\"https:\/\/www.ariens.eu\/no\/company\/karriere\/\" \/>\n<meta property=\"og:locale\" content=\"nb_NO\" \/>\n<meta property=\"og:type\" content=\"article\" \/>\n<meta property=\"og:title\" content=\"Karriere og jobb hos AriensCo\" \/>\n<meta property=\"og:description\" content=\"Bli en del av AriensCo-teamet! En karriere hos AriensCo er mer enn bare en jobb \u2013 det er et l\u00f8fte om kvalitet. Oppdag et globalt selskap med sm\u00e5byr\u00f8tter.\" \/>\n<meta property=\"og:url\" content=\"https:\/\/www.ariens.eu\/no\/company\/karriere\/\" \/>\n<meta property=\"og:site_name\" content=\"Ariens | EMEAA\" \/>\n<meta property=\"article:modified_time\" content=\"2024-10-08T13:54:44+00:00\" \/>\n<meta property=\"og:image\" content=\"https:\/\/www.ariens.eu\/no\/wp-content\/uploads\/sites\/7\/2024\/05\/Facivon_Ariens-logo.png\" \/>\n\t<meta property=\"og:image:width\" content=\"300\" \/>\n\t<meta property=\"og:image:height\" content=\"300\" \/>\n\t<meta property=\"og:image:type\" content=\"image\/png\" \/>\n<meta name=\"twitter:card\" content=\"summary_large_image\" \/>\n<script type=\"application\/ld+json\" class=\"yoast-schema-graph\">{\"@context\":\"https:\\\/\\\/schema.org\",\"@graph\":[{\"@type\":\"WebPage\",\"@id\":\"https:\\\/\\\/www.ariens.eu\\\/no\\\/company\\\/karriere\\\/\",\"url\":\"https:\\\/\\\/www.ariens.eu\\\/no\\\/company\\\/karriere\\\/\",\"name\":\"Karriere og jobb hos AriensCo\",\"isPartOf\":{\"@id\":\"https:\\\/\\\/www.ariens.eu\\\/no\\\/#website\"},\"datePublished\":\"2024-05-06T20:24:49+00:00\",\"dateModified\":\"2024-10-08T13:54:44+00:00\",\"description\":\"Bli en del av AriensCo-teamet! En karriere hos AriensCo er mer enn bare en jobb \u2013 det er et l\u00f8fte om kvalitet. Oppdag et globalt selskap med sm\u00e5byr\u00f8tter.\",\"breadcrumb\":{\"@id\":\"https:\\\/\\\/www.ariens.eu\\\/no\\\/company\\\/karriere\\\/#breadcrumb\"},\"inLanguage\":\"nb-NO\",\"potentialAction\":[{\"@type\":\"ReadAction\",\"target\":[\"https:\\\/\\\/www.ariens.eu\\\/no\\\/company\\\/karriere\\\/\"]}]},{\"@type\":\"BreadcrumbList\",\"@id\":\"https:\\\/\\\/www.ariens.eu\\\/no\\\/company\\\/karriere\\\/#breadcrumb\",\"itemListElement\":[{\"@type\":\"ListItem\",\"position\":1,\"name\":\"Home\",\"item\":\"https:\\\/\\\/www.ariens.eu\\\/no\\\/\"},{\"@type\":\"ListItem\",\"position\":2,\"name\":\"Bedrift\",\"item\":\"https:\\\/\\\/www.ariens.eu\\\/no\\\/company\\\/\"},{\"@type\":\"ListItem\",\"position\":3,\"name\":\"Karriere\"}]},{\"@type\":\"WebSite\",\"@id\":\"https:\\\/\\\/www.ariens.eu\\\/no\\\/#website\",\"url\":\"https:\\\/\\\/www.ariens.eu\\\/no\\\/\",\"name\":\"Ariens | EMEAA\",\"description\":\"Powerful and reliable zero-turn mowers &amp; snow blowers for professional users and demanding private customers\",\"potentialAction\":[{\"@type\":\"SearchAction\",\"target\":{\"@type\":\"EntryPoint\",\"urlTemplate\":\"https:\\\/\\\/www.ariens.eu\\\/no\\\/?s={search_term_string}\"},\"query-input\":{\"@type\":\"PropertyValueSpecification\",\"valueRequired\":true,\"valueName\":\"search_term_string\"}}],\"inLanguage\":\"nb-NO\"}]}<\/script>\n<!-- \/ Yoast SEO plugin. -->","yoast_head_json":{"title":"Karriere og jobb hos AriensCo","description":"Bli en del av AriensCo-teamet! En karriere hos AriensCo er mer enn bare en jobb \u2013 det er et l\u00f8fte om kvalitet. Oppdag et globalt selskap med sm\u00e5byr\u00f8tter.","robots":{"index":"index","follow":"follow","max-snippet":"max-snippet:-1","max-image-preview":"max-image-preview:large","max-video-preview":"max-video-preview:-1"},"canonical":"https:\/\/www.ariens.eu\/no\/company\/karriere\/","og_locale":"nb_NO","og_type":"article","og_title":"Karriere og jobb hos AriensCo","og_description":"Bli en del av AriensCo-teamet! En karriere hos AriensCo er mer enn bare en jobb \u2013 det er et l\u00f8fte om kvalitet. Oppdag et globalt selskap med sm\u00e5byr\u00f8tter.","og_url":"https:\/\/www.ariens.eu\/no\/company\/karriere\/","og_site_name":"Ariens | EMEAA","article_modified_time":"2024-10-08T13:54:44+00:00","og_image":[{"width":300,"height":300,"url":"https:\/\/www.ariens.eu\/no\/wp-content\/uploads\/sites\/7\/2024\/05\/Facivon_Ariens-logo.png","type":"image\/png"}],"twitter_card":"summary_large_image","schema":{"@context":"https:\/\/schema.org","@graph":[{"@type":"WebPage","@id":"https:\/\/www.ariens.eu\/no\/company\/karriere\/","url":"https:\/\/www.ariens.eu\/no\/company\/karriere\/","name":"Karriere og jobb hos AriensCo","isPartOf":{"@id":"https:\/\/www.ariens.eu\/no\/#website"},"datePublished":"2024-05-06T20:24:49+00:00","dateModified":"2024-10-08T13:54:44+00:00","description":"Bli en del av AriensCo-teamet! En karriere hos AriensCo er mer enn bare en jobb \u2013 det er et l\u00f8fte om kvalitet. Oppdag et globalt selskap med sm\u00e5byr\u00f8tter.","breadcrumb":{"@id":"https:\/\/www.ariens.eu\/no\/company\/karriere\/#breadcrumb"},"inLanguage":"nb-NO","potentialAction":[{"@type":"ReadAction","target":["https:\/\/www.ariens.eu\/no\/company\/karriere\/"]}]},{"@type":"BreadcrumbList","@id":"https:\/\/www.ariens.eu\/no\/company\/karriere\/#breadcrumb","itemListElement":[{"@type":"ListItem","position":1,"name":"Home","item":"https:\/\/www.ariens.eu\/no\/"},{"@type":"ListItem","position":2,"name":"Bedrift","item":"https:\/\/www.ariens.eu\/no\/company\/"},{"@type":"ListItem","position":3,"name":"Karriere"}]},{"@type":"WebSite","@id":"https:\/\/www.ariens.eu\/no\/#website","url":"https:\/\/www.ariens.eu\/no\/","name":"Ariens | EMEAA","description":"Powerful and reliable zero-turn mowers &amp; snow blowers for professional users and demanding private customers","potentialAction":[{"@type":"SearchAction","target":{"@type":"EntryPoint","urlTemplate":"https:\/\/www.ariens.eu\/no\/?s={search_term_string}"},"query-input":{"@type":"PropertyValueSpecification","valueRequired":true,"valueName":"search_term_string"}}],"inLanguage":"nb-NO"}]}},"_links":{"self":[{"href":"https:\/\/www.ariens.eu\/no\/wp-json\/wp\/v2\/pages\/2134","targetHints":{"allow":["GET"]}}],"collection":[{"href":"https:\/\/www.ariens.eu\/no\/wp-json\/wp\/v2\/pages"}],"about":[{"href":"https:\/\/www.ariens.eu\/no\/wp-json\/wp\/v2\/types\/page"}],"author":[{"embeddable":true,"href":"https:\/\/www.ariens.eu\/no\/wp-json\/wp\/v2\/users\/7"}],"replies":[{"embeddable":true,"href":"https:\/\/www.ariens.eu\/no\/wp-json\/wp\/v2\/comments?post=2134"}],"version-history":[{"count":7,"href":"https:\/\/www.ariens.eu\/no\/wp-json\/wp\/v2\/pages\/2134\/revisions"}],"predecessor-version":[{"id":4783,"href":"https:\/\/www.ariens.eu\/no\/wp-json\/wp\/v2\/pages\/2134\/revisions\/4783"}],"up":[{"embeddable":true,"href":"https:\/\/www.ariens.eu\/no\/wp-json\/wp\/v2\/pages\/2051"}],"wp:attachment":[{"href":"https:\/\/www.ariens.eu\/no\/wp-json\/wp\/v2\/media?parent=2134"}],"curies":[{"name":"wp","href":"https:\/\/api.w.org\/{rel}","templated":true}]}}