{"id":2307,"date":"2024-05-10T11:04:35","date_gmt":"2024-05-10T10:04:35","guid":{"rendered":"https:\/\/www.ariens.eu\/product\/hydro-pro-32-kranken-edition\/"},"modified":"2026-01-06T09:31:33","modified_gmt":"2026-01-06T09:31:33","slug":"hydro-pro-32-rapidtrak-kraken-edition","status":"publish","type":"product","link":"https:\/\/www.ariens.eu\/no\/product\/snofresere\/professional-serien\/hydro-pro-32-rapidtrak-kraken-edition","title":{"rendered":"HYDRO PRO 32 RAPIDTRAK KRAKEN EDITION"},"content":{"rendered":"<div class=\"acfd-block acfd-block__twocolumns mb-asm-1 container-fluid px-0 bg-default\">\n<div class=\"acfd-twocolumns\">\n<div class=\"row\">\n<div class='col-lg-9 mb-4'>\n<div class=\"acfd-block acfd-block__headline container-fluid px-0 bg-default\">\n<div class=\"acfd-headline\" >\n<h2 class='h2 text-left'>Den mest komfortable m\u00e5ten \u00e5 rydde store mengder sn\u00f8 p\u00e5<\/h2>\n<\/p><\/div>\n<\/div><\/div>\n<div class='col-lg'>                    <\/div>\n<\/p><\/div>\n<\/div>\n<\/div>\n<div class=\"acfd-block acfd-block__twocolumns mb-asm-2 container-fluid px-0 bg-default\">\n<div class=\"acfd-twocolumns\">\n<div class=\"row\">\n<div class='col-lg-9 mb-4'>\n<div class=\"acfd-block acfd-block__text container-fluid px-0 bg-default\">\n<div class=\"acfd-text\">\n<p>Uendelige sn\u00f8fnugg mot \u00e9n maskin \u2013 en utfordring HYDRO PRO 32 RAPIDTRAK\u2122 KRAKEN EDITION takler med imponerende letthet. Selv de tyngste og dypeste sn\u00f8fallene gir etter n\u00e5r denne kraftige 420 cc-motoren starter opp. Du trenger ikke v\u00e6re proff for \u00e5 eie en, bare et \u00f8nske om \u00e5 rydde store mengder sn\u00f8 raskt og effektivt.<\/p>\n<p><strong>Har du virkelig et sn\u00f8problem? Da er HYDRO PRO 32 RAPIDTRAK\u2122 KRAKEN EDITION l\u00f8sningen for deg.<\/strong><\/p>\n<ul>\n<li><strong>Elektrisk beltemodus:<\/strong> Bytt raskt mellom hjul-, belte- og grave-modus med et knappetrykk.<\/li>\n<li><strong>Elektrisk joystick for utkasterr\u00f8r:<\/strong> Juster utkasteren uten \u00e5 flytte hele h\u00e5nden.<\/li>\n<li><strong>360\u00b0 LED-belysning:<\/strong> Lys opp natten med en 53 cm LED-lysbjelke, LED-lys for utkasterr\u00f8ret og nedadrettede LED-lys for bakken rundt deg.<\/li>\n<li><strong>Auto-Turn styring:<\/strong> Enkel man\u00f8vrering med null svingradius.<\/li>\n<li><strong>Stor impeller:<\/strong> Den 36 cm (14-tommers) impelleren h\u00e5ndterer store sn\u00f8mengder med letthet.<\/li>\n<li><strong>Hydrostatisk drift:<\/strong> Juster hastigheten trinnl\u00f8st med et hendelgrep.<\/li>\n<li><strong>Forsterkede st\u00e5lh\u00e5ndtak:<\/strong> Store maskiner krever solide h\u00e5ndtak \u2013 disse er 100 % st\u00e5l og fullstendig forsterket.<\/li>\n<li><strong>Oppvarmede h\u00e5ndtak:<\/strong> Hold hendene varme og komfortable med premium oppvarmede grep.<\/li>\n<li><strong>Kasteytelse:<\/strong> Kast sn\u00f8 s\u00e5 n\u00e6rme som \u00e9n meter eller opptil 18 meter (60 fot).<\/li>\n<li><strong>Ariens<sup>&reg;<\/sup> AX420 EFI-motor:<\/strong> Elektronisk drivstoffinnspr\u00f8ytning for enkel start, h\u00f8y ytelse og lavere drivstofforbruk.<\/li>\n<\/ul>\n<\/div>\n<\/div><\/div>\n<div class='col-lg'>                    <\/div>\n<\/p><\/div>\n<\/div>\n<\/div>\n<div class=\"acfd-block acfd-block__category mb-asm-3 container-fluid px-0 bg-default\">\n<div class=\"acfd-product-categories\">\n<h2 class=\"text-left mb-3\">\n        Eins\u00e4tze    <\/h2>\n<div class=\"product-categories_wrapper\">\n         <span\n                data-description=\"The patented RapidTrak\u2122 track drive has the best traction on packed and fresh snow. The track is adjustable. It can be used like a wheel drive for easy steering, as a track drive for maximum traction and in dig-in mode for maximum pressure on the scraper bar and for clearing large mountains of snow. Wheel drive with spike snow chains is recommended on icy surfaces.\"                class=\"product-category-single\"> RapidTrak\u2122                <sup><i class=\"fa fa-info-circle\" aria-hidden=\"true\"><\/i><\/sup>            <\/span>  <span\n                data-description=\"The patented Ariens AutoTurn<sup>&reg;<\/sup> steering system prevents a drive wheel or RapidTrak\u2122 track from spinning. At the same time, it allows easy steering of the machine by automatically releasing one drive side when steering. All Ariens snow blowers, except the CLASSIC model, are equipped with AutoTurn.\"                class=\"product-category-single\"> AutoTurn<sup>&reg;<\/sup>                <sup><i class=\"fa fa-info-circle\" aria-hidden=\"true\"><\/i><\/sup>            <\/span>  <span\n                data-description=\"SHO stands for Super-High-Output. The high-performance blower wheel on the PLATINUM and PROFESSIONAL models creates more snow per hour and throws it further.\"                class=\"product-category-single\"> SHO blower wheel                <sup><i class=\"fa fa-info-circle\" aria-hidden=\"true\"><\/i><\/sup>            <\/span>  <span\n                data-description=\"A 230 volt connection allows you to start the machine at the touch of a button. Standard on all models.\"                class=\"product-category-single\"> Electric start                <sup><i class=\"fa fa-info-circle\" aria-hidden=\"true\"><\/i><\/sup>            <\/span>     <\/div>\n<\/div>\n<\/div>\n<div class=\"acfd-block acfd-block__twocolumns container-fluid container-fluid--force px-0 bg-default\">\n<div class=\"acfd-twocolumns\">\n<div class=\"row\">\n<div class='col-lg-12 mb-4'>\n<div class=\"acfd-product-advantages--wrapper\">\n<h2 class=\"h1 bigger text-color-black text-center mb-5\">\n        Features &#038; Benefits    <\/h2>\n<div class=\"acfd-product-advantages\">\n<div class=\"row\">\n<div class=\"col-md-6 mb-4 content\">\n                    <span class=\"d-block h5 text-color-brand mb-1\">Hydrostatic drive<\/span><\/p>\n<p>Stepless speed adjustment while driving. Simply adjust using the control lever.<\/p>\n<\/p><\/div>\n<div class=\"col-md-6 mb4 image\"  style=\"background-image:url(https:\/\/www.ariens.eu\/no\/wp-content\/uploads\/sites\/7\/2024\/05\/Hydrostatic_Drive_03-scaled.webp)\">\n                <\/div>\n<\/p><\/div>\n<div class=\"row\">\n<div class=\"col-md-6 mb-4 content\">\n                    <span class=\"d-block h5 text-color-brand mb-1\">35,5 cm h\u00f8yytelsesimpeller<\/span><\/p>\n<p>Ariens SHO technology means Super High Output. Or to put it more simply: the blast wheel is particularly powerful and clears away the snow from the upstream milling machine more quickly. Up to 90 tons\/hour max.<\/p>\n<\/p><\/div>\n<div class=\"col-md-6 mb4 image\"  style=\"background-image:url(https:\/\/www.ariens.eu\/no\/wp-content\/uploads\/sites\/7\/2024\/05\/SHO_Impeller.webp)\">\n                <\/div>\n<\/p><\/div>\n<div class=\"row\">\n<div class=\"col-md-6 mb-4 content\">\n                    <span class=\"d-block h5 text-color-brand mb-1\">Bright LED Light<\/span><\/p>\n<p>Ultra-bright LED light as standard on all models in the Professional series. Precise clearing in the morning, evening and at night.<\/p>\n<\/p><\/div>\n<div class=\"col-md-6 mb4 image\"  style=\"background-image:url(https:\/\/www.ariens.eu\/no\/wp-content\/uploads\/sites\/7\/2024\/05\/LED_LIGHT_Solo-1.webp)\">\n                <\/div>\n<\/p><\/div>\n<div class=\"row\">\n<div class=\"col-md-6 mb-4 content\">\n                    <span class=\"d-block h5 text-color-brand mb-1\">Auto-turn steering<\/span><\/p>\n<p>Drive straight ahead with the rear axle locked for maximum grip. As soon as you steer the machine, the axle is unlocked and turning on the spot is child&#8217;s play. A patented invention from Ariens.<\/p>\n<\/p><\/div>\n<div class=\"col-md-6 mb4 image\"  style=\"background-image:url(https:\/\/www.ariens.eu\/no\/wp-content\/uploads\/sites\/7\/2024\/05\/feature6ars_fb_profe-2.png)\">\n                <\/div>\n<\/p><\/div>\n<div class=\"row\">\n<div class=\"col-md-6 mb-4 content\">\n                    <span class=\"d-block h5 text-color-brand mb-1\">Ariens<sup>&reg;<\/sup> AX420 EFI engine<\/span><\/p>\n<p>Powerful engine with Electronic Fuel Injection (EFI) that starts easily even in the harshest conditions. High performance, economical fuel consumption and faster power delivery.<\/p>\n<\/p><\/div>\n<div class=\"col-md-6 mb4 image\"  style=\"background-image:url(https:\/\/www.ariens.eu\/no\/wp-content\/uploads\/sites\/7\/2024\/05\/Electric_start.webp)\">\n                <\/div>\n<\/p><\/div>\n<div class=\"row\">\n<div class=\"col-md-6 mb-4 content\">\n                    <span class=\"d-block h5 text-color-brand mb-1\">Reinforced steel handlebars<\/span><\/p>\n<p>Tough machines need strong and sturdy handlebars. These are 100% steel and fully reinforced.<\/p>\n<\/p><\/div>\n<div class=\"col-md-6 mb4 image\"  style=\"background-image:url(https:\/\/www.ariens.eu\/no\/wp-content\/uploads\/sites\/7\/2024\/05\/Reinforced_Handlebars_02-scaled.webp)\">\n                <\/div>\n<\/p><\/div>\n<\/p><\/div>\n<\/div><\/div>\n<div class='col-lg'>                    <\/div>\n<\/p><\/div>\n<\/div>\n<\/div>\n","protected":false},"excerpt":{"rendered":"<p>Den mest komfortable m\u00e5ten \u00e5 rydde store mengder sn\u00f8 p\u00e5 Uendelige sn\u00f8fnugg mot \u00e9n maskin \u2013 en utfordring HYDRO PRO 32 RAPIDTRAK\u2122 KRAKEN EDITION takler med imponerende letthet. Selv de tyngste og dypeste sn\u00f8fallene gir etter n\u00e5r denne kraftige 420 cc-motoren starter opp. Du trenger ikke v\u00e6re proff for \u00e5 eie en, bare et \u00f8nske [&hellip;]<\/p>\n","protected":false},"featured_media":4592,"comment_status":"open","ping_status":"closed","template":"","meta":{"_acf_changed":false,"_relevanssi_hide_post":"","_relevanssi_hide_content":"","_relevanssi_pin_for_all":"","_relevanssi_pin_keywords":"","_relevanssi_unpin_keywords":"","_relevanssi_related_keywords":"","_relevanssi_related_include_ids":"","_relevanssi_related_exclude_ids":"","_relevanssi_related_no_append":"","_relevanssi_related_not_related":"","_relevanssi_related_posts":"","_relevanssi_noindex_reason":""},"product_brand":[],"product_cat":[15],"product_tag":[],"class_list":{"0":"post-2307","1":"product","2":"type-product","3":"status-publish","4":"has-post-thumbnail","6":"product_variant-professional-serien","7":"product_usage_areas-kommuner-og-driftsavdelinger","8":"product_usage_areas-vinterservice","10":"first","11":"instock","12":"shipping-taxable","13":"product-type-simple"},"acf":[],"yoast_head":"<!-- This site is optimized with the Yoast SEO plugin v27.3 - https:\/\/yoast.com\/product\/yoast-seo-wordpress\/ -->\n<title>KRAKEN EDITION | Ariens<\/title>\n<meta name=\"description\" content=\"Har du et virkelig stort sn\u00f8problem? Da er KRAKEN EDITION det perfekte valget for deg. Den mest komfortable m\u00e5ten \u00e5 rydde enorme sn\u00f8mengder p\u00e5.\" \/>\n<meta name=\"robots\" content=\"index, follow, max-snippet:-1, max-image-preview:large, max-video-preview:-1\" \/>\n<link rel=\"canonical\" href=\"https:\/\/www.ariens.eu\/no\/product\/snofresere\/professional-serien\/hydro-pro-32-rapidtrak-kraken-edition\/\" \/>\n<meta property=\"og:locale\" content=\"nb_NO\" \/>\n<meta property=\"og:type\" content=\"article\" \/>\n<meta property=\"og:title\" content=\"KRAKEN EDITION | Ariens\" \/>\n<meta property=\"og:description\" content=\"Har du et virkelig stort sn\u00f8problem? Da er KRAKEN EDITION det perfekte valget for deg. Den mest komfortable m\u00e5ten \u00e5 rydde enorme sn\u00f8mengder p\u00e5.\" \/>\n<meta property=\"og:url\" content=\"https:\/\/www.ariens.eu\/no\/product\/snofresere\/professional-serien\/hydro-pro-32-rapidtrak-kraken-edition\/\" \/>\n<meta property=\"og:site_name\" content=\"Ariens | EMEAA\" \/>\n<meta property=\"article:modified_time\" content=\"2026-01-06T09:31:33+00:00\" \/>\n<meta property=\"og:image\" content=\"https:\/\/www.ariens.eu\/no\/wp-content\/uploads\/sites\/7\/2024\/06\/ariens-professional-rapidtrak-thekraken-special-edition-snow-thrower-angle-view-front34.webp\" \/>\n\t<meta property=\"og:image:width\" content=\"900\" \/>\n\t<meta property=\"og:image:height\" content=\"650\" \/>\n\t<meta property=\"og:image:type\" content=\"image\/webp\" \/>\n<meta name=\"twitter:card\" content=\"summary_large_image\" \/>\n<meta name=\"twitter:label1\" content=\"Ansl. lesetid\" \/>\n\t<meta name=\"twitter:data1\" content=\"3 minutter\" \/>\n<script type=\"application\/ld+json\" class=\"yoast-schema-graph\">{\"@context\":\"https:\\\/\\\/schema.org\",\"@graph\":[{\"@type\":\"WebPage\",\"@id\":\"https:\\\/\\\/www.ariens.eu\\\/no\\\/product\\\/snofresere\\\/professional-serien\\\/hydro-pro-32-rapidtrak-kraken-edition\\\/\",\"url\":\"https:\\\/\\\/www.ariens.eu\\\/no\\\/product\\\/snofresere\\\/professional-serien\\\/hydro-pro-32-rapidtrak-kraken-edition\\\/\",\"name\":\"KRAKEN EDITION | Ariens\",\"isPartOf\":{\"@id\":\"https:\\\/\\\/www.ariens.eu\\\/no\\\/#website\"},\"primaryImageOfPage\":{\"@id\":\"https:\\\/\\\/www.ariens.eu\\\/no\\\/product\\\/snofresere\\\/professional-serien\\\/hydro-pro-32-rapidtrak-kraken-edition\\\/#primaryimage\"},\"image\":{\"@id\":\"https:\\\/\\\/www.ariens.eu\\\/no\\\/product\\\/snofresere\\\/professional-serien\\\/hydro-pro-32-rapidtrak-kraken-edition\\\/#primaryimage\"},\"thumbnailUrl\":\"https:\\\/\\\/www.ariens.eu\\\/no\\\/wp-content\\\/uploads\\\/sites\\\/7\\\/2024\\\/06\\\/ariens-professional-rapidtrak-thekraken-special-edition-snow-thrower-angle-view-front34.webp\",\"datePublished\":\"2024-05-10T10:04:35+00:00\",\"dateModified\":\"2026-01-06T09:31:33+00:00\",\"description\":\"Har du et virkelig stort sn\u00f8problem? Da er KRAKEN EDITION det perfekte valget for deg. Den mest komfortable m\u00e5ten \u00e5 rydde enorme sn\u00f8mengder p\u00e5.\",\"breadcrumb\":{\"@id\":\"https:\\\/\\\/www.ariens.eu\\\/no\\\/product\\\/snofresere\\\/professional-serien\\\/hydro-pro-32-rapidtrak-kraken-edition\\\/#breadcrumb\"},\"inLanguage\":\"nb-NO\",\"potentialAction\":[{\"@type\":\"ReadAction\",\"target\":[\"https:\\\/\\\/www.ariens.eu\\\/no\\\/product\\\/snofresere\\\/professional-serien\\\/hydro-pro-32-rapidtrak-kraken-edition\\\/\"]}]},{\"@type\":\"ImageObject\",\"inLanguage\":\"nb-NO\",\"@id\":\"https:\\\/\\\/www.ariens.eu\\\/no\\\/product\\\/snofresere\\\/professional-serien\\\/hydro-pro-32-rapidtrak-kraken-edition\\\/#primaryimage\",\"url\":\"https:\\\/\\\/www.ariens.eu\\\/no\\\/wp-content\\\/uploads\\\/sites\\\/7\\\/2024\\\/06\\\/ariens-professional-rapidtrak-thekraken-special-edition-snow-thrower-angle-view-front34.webp\",\"contentUrl\":\"https:\\\/\\\/www.ariens.eu\\\/no\\\/wp-content\\\/uploads\\\/sites\\\/7\\\/2024\\\/06\\\/ariens-professional-rapidtrak-thekraken-special-edition-snow-thrower-angle-view-front34.webp\",\"width\":900,\"height\":650},{\"@type\":\"BreadcrumbList\",\"@id\":\"https:\\\/\\\/www.ariens.eu\\\/no\\\/product\\\/snofresere\\\/professional-serien\\\/hydro-pro-32-rapidtrak-kraken-edition\\\/#breadcrumb\",\"itemListElement\":[{\"@type\":\"ListItem\",\"position\":1,\"name\":\"Home\",\"item\":\"https:\\\/\\\/www.ariens.eu\\\/no\\\/\"},{\"@type\":\"ListItem\",\"position\":2,\"name\":\"Shop\",\"item\":\"https:\\\/\\\/www.ariens.eu\\\/no\\\/shop\\\/\"},{\"@type\":\"ListItem\",\"position\":3,\"name\":\"HYDRO PRO 32 RAPIDTRAK KRAKEN EDITION\"}]},{\"@type\":\"WebSite\",\"@id\":\"https:\\\/\\\/www.ariens.eu\\\/no\\\/#website\",\"url\":\"https:\\\/\\\/www.ariens.eu\\\/no\\\/\",\"name\":\"Ariens | EMEAA\",\"description\":\"Powerful and reliable zero-turn mowers &amp; snow blowers for professional users and demanding private customers\",\"potentialAction\":[{\"@type\":\"SearchAction\",\"target\":{\"@type\":\"EntryPoint\",\"urlTemplate\":\"https:\\\/\\\/www.ariens.eu\\\/no\\\/?s={search_term_string}\"},\"query-input\":{\"@type\":\"PropertyValueSpecification\",\"valueRequired\":true,\"valueName\":\"search_term_string\"}}],\"inLanguage\":\"nb-NO\"}]}<\/script>\n<!-- \/ Yoast SEO plugin. -->","yoast_head_json":{"title":"KRAKEN EDITION | Ariens","description":"Har du et virkelig stort sn\u00f8problem? Da er KRAKEN EDITION det perfekte valget for deg. Den mest komfortable m\u00e5ten \u00e5 rydde enorme sn\u00f8mengder p\u00e5.","robots":{"index":"index","follow":"follow","max-snippet":"max-snippet:-1","max-image-preview":"max-image-preview:large","max-video-preview":"max-video-preview:-1"},"canonical":"https:\/\/www.ariens.eu\/no\/product\/snofresere\/professional-serien\/hydro-pro-32-rapidtrak-kraken-edition\/","og_locale":"nb_NO","og_type":"article","og_title":"KRAKEN EDITION | Ariens","og_description":"Har du et virkelig stort sn\u00f8problem? Da er KRAKEN EDITION det perfekte valget for deg. Den mest komfortable m\u00e5ten \u00e5 rydde enorme sn\u00f8mengder p\u00e5.","og_url":"https:\/\/www.ariens.eu\/no\/product\/snofresere\/professional-serien\/hydro-pro-32-rapidtrak-kraken-edition\/","og_site_name":"Ariens | EMEAA","article_modified_time":"2026-01-06T09:31:33+00:00","og_image":[{"width":900,"height":650,"url":"https:\/\/www.ariens.eu\/no\/wp-content\/uploads\/sites\/7\/2024\/06\/ariens-professional-rapidtrak-thekraken-special-edition-snow-thrower-angle-view-front34.webp","type":"image\/webp"}],"twitter_card":"summary_large_image","twitter_misc":{"Ansl. lesetid":"3 minutter"},"schema":{"@context":"https:\/\/schema.org","@graph":[{"@type":"WebPage","@id":"https:\/\/www.ariens.eu\/no\/product\/snofresere\/professional-serien\/hydro-pro-32-rapidtrak-kraken-edition\/","url":"https:\/\/www.ariens.eu\/no\/product\/snofresere\/professional-serien\/hydro-pro-32-rapidtrak-kraken-edition\/","name":"KRAKEN EDITION | Ariens","isPartOf":{"@id":"https:\/\/www.ariens.eu\/no\/#website"},"primaryImageOfPage":{"@id":"https:\/\/www.ariens.eu\/no\/product\/snofresere\/professional-serien\/hydro-pro-32-rapidtrak-kraken-edition\/#primaryimage"},"image":{"@id":"https:\/\/www.ariens.eu\/no\/product\/snofresere\/professional-serien\/hydro-pro-32-rapidtrak-kraken-edition\/#primaryimage"},"thumbnailUrl":"https:\/\/www.ariens.eu\/no\/wp-content\/uploads\/sites\/7\/2024\/06\/ariens-professional-rapidtrak-thekraken-special-edition-snow-thrower-angle-view-front34.webp","datePublished":"2024-05-10T10:04:35+00:00","dateModified":"2026-01-06T09:31:33+00:00","description":"Har du et virkelig stort sn\u00f8problem? Da er KRAKEN EDITION det perfekte valget for deg. Den mest komfortable m\u00e5ten \u00e5 rydde enorme sn\u00f8mengder p\u00e5.","breadcrumb":{"@id":"https:\/\/www.ariens.eu\/no\/product\/snofresere\/professional-serien\/hydro-pro-32-rapidtrak-kraken-edition\/#breadcrumb"},"inLanguage":"nb-NO","potentialAction":[{"@type":"ReadAction","target":["https:\/\/www.ariens.eu\/no\/product\/snofresere\/professional-serien\/hydro-pro-32-rapidtrak-kraken-edition\/"]}]},{"@type":"ImageObject","inLanguage":"nb-NO","@id":"https:\/\/www.ariens.eu\/no\/product\/snofresere\/professional-serien\/hydro-pro-32-rapidtrak-kraken-edition\/#primaryimage","url":"https:\/\/www.ariens.eu\/no\/wp-content\/uploads\/sites\/7\/2024\/06\/ariens-professional-rapidtrak-thekraken-special-edition-snow-thrower-angle-view-front34.webp","contentUrl":"https:\/\/www.ariens.eu\/no\/wp-content\/uploads\/sites\/7\/2024\/06\/ariens-professional-rapidtrak-thekraken-special-edition-snow-thrower-angle-view-front34.webp","width":900,"height":650},{"@type":"BreadcrumbList","@id":"https:\/\/www.ariens.eu\/no\/product\/snofresere\/professional-serien\/hydro-pro-32-rapidtrak-kraken-edition\/#breadcrumb","itemListElement":[{"@type":"ListItem","position":1,"name":"Home","item":"https:\/\/www.ariens.eu\/no\/"},{"@type":"ListItem","position":2,"name":"Shop","item":"https:\/\/www.ariens.eu\/no\/shop\/"},{"@type":"ListItem","position":3,"name":"HYDRO PRO 32 RAPIDTRAK KRAKEN EDITION"}]},{"@type":"WebSite","@id":"https:\/\/www.ariens.eu\/no\/#website","url":"https:\/\/www.ariens.eu\/no\/","name":"Ariens | EMEAA","description":"Powerful and reliable zero-turn mowers &amp; snow blowers for professional users and demanding private customers","potentialAction":[{"@type":"SearchAction","target":{"@type":"EntryPoint","urlTemplate":"https:\/\/www.ariens.eu\/no\/?s={search_term_string}"},"query-input":{"@type":"PropertyValueSpecification","valueRequired":true,"valueName":"search_term_string"}}],"inLanguage":"nb-NO"}]}},"_links":{"self":[{"href":"https:\/\/www.ariens.eu\/no\/wp-json\/wp\/v2\/product\/2307","targetHints":{"allow":["GET"]}}],"collection":[{"href":"https:\/\/www.ariens.eu\/no\/wp-json\/wp\/v2\/product"}],"about":[{"href":"https:\/\/www.ariens.eu\/no\/wp-json\/wp\/v2\/types\/product"}],"replies":[{"embeddable":true,"href":"https:\/\/www.ariens.eu\/no\/wp-json\/wp\/v2\/comments?post=2307"}],"wp:featuredmedia":[{"embeddable":true,"href":"https:\/\/www.ariens.eu\/no\/wp-json\/wp\/v2\/media\/4592"}],"wp:attachment":[{"href":"https:\/\/www.ariens.eu\/no\/wp-json\/wp\/v2\/media?parent=2307"}],"wp:term":[{"taxonomy":"product_brand","embeddable":true,"href":"https:\/\/www.ariens.eu\/no\/wp-json\/wp\/v2\/product_brand?post=2307"},{"taxonomy":"product_cat","embeddable":true,"href":"https:\/\/www.ariens.eu\/no\/wp-json\/wp\/v2\/product_cat?post=2307"},{"taxonomy":"product_tag","embeddable":true,"href":"https:\/\/www.ariens.eu\/no\/wp-json\/wp\/v2\/product_tag?post=2307"}],"curies":[{"name":"wp","href":"https:\/\/api.w.org\/{rel}","templated":true}]}}