{"id":2308,"date":"2024-05-10T11:04:35","date_gmt":"2024-05-10T10:04:35","guid":{"rendered":"https:\/\/www.ariens.eu\/product\/platinum-24-great-lakes-edition\/"},"modified":"2026-01-06T09:13:49","modified_gmt":"2026-01-06T09:13:49","slug":"platinum-24-great-lakes-edition","status":"publish","type":"product","link":"https:\/\/www.ariens.eu\/no\/product\/snofresere\/platinum-serien\/platinum-24-great-lakes-edition","title":{"rendered":"PLATINUM 24 GREAT LAKES EDITION"},"content":{"rendered":"<div class=\"acfd-block acfd-block__twocolumns mb-asm-1 container-fluid px-0 bg-default\">\n<div class=\"acfd-twocolumns\">\n<div class=\"row\">\n<div class='col-lg-9 mb-4'>\n<div class=\"acfd-block acfd-block__headline container-fluid px-0 bg-default\">\n<div class=\"acfd-headline\" >\n<h2 class='h2 text-left'>Den ultimate kraftmaskinen for store sn\u00f8mengder<\/h2>\n<\/p><\/div>\n<\/div><\/div>\n<div class='col-lg'>                    <\/div>\n<\/p><\/div>\n<\/div>\n<\/div>\n<div class=\"acfd-block acfd-block__twocolumns mb-asm-2 container-fluid px-0 bg-default\">\n<div class=\"acfd-twocolumns\">\n<div class=\"row\">\n<div class='col-lg-9 mb-4'>\n<div class=\"acfd-block acfd-block__text container-fluid px-0 bg-default\">\n<div class=\"acfd-text\">\n<p>R\u00e5 kraft mot sn\u00f8en. Med en PLATINUM-sn\u00f8freser f\u00e5r du lyst til \u00e5 fortsette \u2013 innkj\u00f8rsel etter innkj\u00f8rsel. Disse maskinene er bygget for store mengder sn\u00f8 og krevende oppgaver, utstyrt med h\u00e5ndvarmere og Super High Output (SHO) impellere som standard. <strong>PLATINUM-serien<\/strong> har alt du trenger for effektiv og komfortabel sn\u00f8rydding.<\/p>\n<p>Utviklet for h\u00f8ye h\u00f8yder, leverer denne EFI-drevne maskinen imponerende ytelse som overg\u00e5r forventningene.<\/p>\n<ul>\n<li><strong>369 cc Ariens AX EFI-motor<\/strong><\/li>\n<li>Ryddebredde p\u00e5 61 cm (24\u201d) \u2013 h\u00e5ndterer opptil 73 tonn sn\u00f8 i timen<\/li>\n<li>Kaster sn\u00f8 fra 0,9 til 17 meter<\/li>\n<li>Premium funksjoner inkluderer LED-lysbjelke og frontlykt, h\u00e5ndvarmere, elektrisk kontroll av utkasterr\u00f8ret, elektrisk start og \u00e9n-h\u00e5nds betjening<\/li>\n<\/ul>\n<p>Sn\u00f8rydding har aldri v\u00e6rt enklere eller mer effektivt.<\/p>\n<\/div>\n<\/div><\/div>\n<div class='col-lg'>                    <\/div>\n<\/p><\/div>\n<\/div>\n<\/div>\n<div class=\"acfd-block acfd-block__category mb-asm-3 container-fluid px-0 bg-default\">\n<div class=\"acfd-product-categories\">\n<h2 class=\"text-left mb-3\">\n        Eins\u00e4tze    <\/h2>\n<div class=\"product-categories_wrapper\">\n         <span\n                data-description=\"The patented Ariens AutoTurn<sup>&reg;<\/sup> steering system prevents a drive wheel or RapidTrak\u2122 track from spinning. At the same time, it allows easy steering of the machine by automatically releasing one drive side when steering. All Ariens snow blowers, except the CLASSIC model, are equipped with AutoTurn.\"                class=\"product-category-single\"> AutoTurn<sup>&reg;<\/sup>                <sup><i class=\"fa fa-info-circle\" aria-hidden=\"true\"><\/i><\/sup>            <\/span>  <span\n                data-description=\"SHO stands for Super-High-Output. The high-performance blower wheel on the PLATINUM and PROFESSIONAL models creates more snow per hour and throws it further.\"                class=\"product-category-single\"> SHO blower wheel                <sup><i class=\"fa fa-info-circle\" aria-hidden=\"true\"><\/i><\/sup>            <\/span>  <span\n                data-description=\"A 230 volt connection allows you to start the machine at the touch of a button. Standard on all models.\"                class=\"product-category-single\"> Electric start                <sup><i class=\"fa fa-info-circle\" aria-hidden=\"true\"><\/i><\/sup>            <\/span>     <\/div>\n<\/div>\n<\/div>\n<div class=\"acfd-block acfd-block__twocolumns container-fluid container-fluid--force px-0 bg-default\">\n<div class=\"acfd-twocolumns\">\n<div class=\"row\">\n<div class='col-lg-12 mb-4'>\n<div class=\"acfd-product-advantages--wrapper\">\n<h2 class=\"h1 bigger text-color-black text-center mb-5\">\n        Features &#038; Benefits    <\/h2>\n<div class=\"acfd-product-advantages\">\n<div class=\"row\">\n<div class=\"col-md-6 mb-4 content\">\n                    <span class=\"d-block h5 text-color-brand mb-1\">Heated handgrips<\/span><\/p>\n<p>Dash-controlled heated handgrips keep your hand warm for greater control and extra comfort for longer.<\/p>\n<\/p><\/div>\n<div class=\"col-md-6 mb4 image\"  style=\"background-image:url(https:\/\/www.ariens.eu\/no\/wp-content\/uploads\/sites\/7\/2024\/05\/Heated_handgrips-scaled.webp)\">\n                <\/div>\n<\/p><\/div>\n<div class=\"row\">\n<div class=\"col-md-6 mb-4 content\">\n                    <span class=\"d-block h5 text-color-brand mb-1\">Auto-turn steering<\/span><\/p>\n<p>Drive straight ahead with the rear axle locked for maximum grip. As soon as you steer the machine, the axle is unlocked and turning on the spot is child&#8217;s play. A patented invention from Ariens.<\/p>\n<\/p><\/div>\n<div class=\"col-md-6 mb4 image\"  style=\"background-image:url(https:\/\/www.ariens.eu\/no\/wp-content\/uploads\/sites\/7\/2024\/05\/feature6ars_fb_profe-2.png)\">\n                <\/div>\n<\/p><\/div>\n<div class=\"row\">\n<div class=\"col-md-6 mb-4 content\">\n                    <span class=\"d-block h5 text-color-brand mb-1\">EFI Engine<\/span><\/p>\n<p>The Electronic Fuel Injection (EFI) engine starts easier and is more fuel efficient, with faster power adjustment. Standard on the PLATINUM series models.<\/p>\n<\/p><\/div>\n<div class=\"col-md-6 mb4 image\"  style=\"background-image:url(https:\/\/www.ariens.eu\/no\/wp-content\/uploads\/sites\/7\/2024\/05\/EFI_ENGINE_Front-scaled.webp)\">\n                <\/div>\n<\/p><\/div>\n<div class=\"row\">\n<div class=\"col-md-6 mb-4 content\">\n                    <span class=\"d-block h5 text-color-brand mb-1\">LED Headlight<\/span><\/p>\n<p>Ultra-bright lighting comes standard on all Platinum Series Sno-Thro<sup>&reg;<\/sup> models.<\/p>\n<\/p><\/div>\n<div class=\"col-md-6 mb4 image\"  style=\"background-image:url(https:\/\/www.ariens.eu\/no\/wp-content\/uploads\/sites\/7\/2024\/05\/LED_LIGHT_Solo.webp)\">\n                <\/div>\n<\/p><\/div>\n<div class=\"row\">\n<div class=\"col-md-6 mb-4 content\">\n                    <span class=\"d-block h5 text-color-brand mb-1\">SHO Impeller<\/span><\/p>\n<p>Ariens SHO technology means Super High Output. Or to put it more simply: the bucket wheel is particularly powerful and throws the snow from the upstream milling machine faster and further. Up to 83 tons\/hour max.<\/p>\n<\/p><\/div>\n<div class=\"col-md-6 mb4 image\"  style=\"background-image:url(https:\/\/www.ariens.eu\/no\/wp-content\/uploads\/sites\/7\/2024\/05\/SHO_Impeller.webp)\">\n                <\/div>\n<\/p><\/div>\n<div class=\"row\">\n<div class=\"col-md-6 mb-4 content\">\n                    <span class=\"d-block h5 text-color-brand mb-1\">Quick-Turn chute rotation<\/span><\/p>\n<p>Turn your\u00a0chute\u00a0instantly with the push of a button.<\/p>\n<\/p><\/div>\n<div class=\"col-md-6 mb4 image\"  style=\"background-image:url(https:\/\/www.ariens.eu\/no\/wp-content\/uploads\/sites\/7\/2024\/05\/Quick_turn_Chute_Rotation-scaled.webp)\">\n                <\/div>\n<\/p><\/div>\n<\/p><\/div>\n<\/div><\/div>\n<div class='col-lg'>                    <\/div>\n<\/p><\/div>\n<\/div>\n<\/div>\n","protected":false},"excerpt":{"rendered":"<p>Den ultimate kraftmaskinen for store sn\u00f8mengder R\u00e5 kraft mot sn\u00f8en. Med en PLATINUM-sn\u00f8freser f\u00e5r du lyst til \u00e5 fortsette \u2013 innkj\u00f8rsel etter innkj\u00f8rsel. Disse maskinene er bygget for store mengder sn\u00f8 og krevende oppgaver, utstyrt med h\u00e5ndvarmere og Super High Output (SHO) impellere som standard. PLATINUM-serien har alt du trenger for effektiv og komfortabel sn\u00f8rydding. [&hellip;]<\/p>\n","protected":false},"featured_media":2696,"comment_status":"open","ping_status":"closed","template":"","meta":{"_acf_changed":false,"_relevanssi_hide_post":"","_relevanssi_hide_content":"","_relevanssi_pin_for_all":"","_relevanssi_pin_keywords":"","_relevanssi_unpin_keywords":"","_relevanssi_related_keywords":"","_relevanssi_related_include_ids":"","_relevanssi_related_exclude_ids":"","_relevanssi_related_no_append":"","_relevanssi_related_not_related":"","_relevanssi_related_posts":"","_relevanssi_noindex_reason":""},"product_brand":[],"product_cat":[15],"product_tag":[],"class_list":{"0":"post-2308","1":"product","2":"type-product","3":"status-publish","4":"has-post-thumbnail","6":"product_variant-platinum-serien","7":"product_usage_areas-kommuner-og-driftsavdelinger","8":"product_usage_areas-vinterservice","10":"first","11":"instock","12":"shipping-taxable","13":"product-type-simple"},"acf":[],"yoast_head":"<!-- This site is optimized with the Yoast SEO plugin v27.3 - https:\/\/yoast.com\/product\/yoast-seo-wordpress\/ -->\n<title>PLATINUM 24 Great Lakes Edition \u2013 sn\u00f8freser | Ariens<\/title>\n<meta name=\"description\" content=\"Spesielt designet for sn\u00f8rydding i h\u00f8yden, leverer denne EFI-drevne maskinen ytelsen du trenger. En kraftpakke for store sn\u00f8mengder.\" \/>\n<meta name=\"robots\" content=\"index, follow, max-snippet:-1, max-image-preview:large, max-video-preview:-1\" \/>\n<link rel=\"canonical\" href=\"https:\/\/www.ariens.eu\/no\/product\/snofresere\/platinum-serien\/platinum-24-great-lakes-edition\/\" \/>\n<meta property=\"og:locale\" content=\"nb_NO\" \/>\n<meta property=\"og:type\" content=\"article\" \/>\n<meta property=\"og:title\" content=\"PLATINUM 24 Great Lakes Edition \u2013 sn\u00f8freser | Ariens\" \/>\n<meta property=\"og:description\" content=\"Spesielt designet for sn\u00f8rydding i h\u00f8yden, leverer denne EFI-drevne maskinen ytelsen du trenger. En kraftpakke for store sn\u00f8mengder.\" \/>\n<meta property=\"og:url\" content=\"https:\/\/www.ariens.eu\/no\/product\/snofresere\/platinum-serien\/platinum-24-great-lakes-edition\/\" \/>\n<meta property=\"og:site_name\" content=\"Ariens | EMEAA\" \/>\n<meta property=\"article:modified_time\" content=\"2026-01-06T09:13:49+00:00\" \/>\n<meta property=\"og:image\" content=\"https:\/\/www.ariens.eu\/no\/wp-content\/uploads\/sites\/7\/2024\/05\/ariens-platinum-great-lakes-special-edition-snow-thrower-angle-view-front34-1.webp\" \/>\n\t<meta property=\"og:image:width\" content=\"900\" \/>\n\t<meta property=\"og:image:height\" content=\"650\" \/>\n\t<meta property=\"og:image:type\" content=\"image\/webp\" \/>\n<meta name=\"twitter:card\" content=\"summary_large_image\" \/>\n<meta name=\"twitter:label1\" content=\"Ansl. lesetid\" \/>\n\t<meta name=\"twitter:data1\" content=\"2 minutter\" \/>\n<script type=\"application\/ld+json\" class=\"yoast-schema-graph\">{\"@context\":\"https:\\\/\\\/schema.org\",\"@graph\":[{\"@type\":\"WebPage\",\"@id\":\"https:\\\/\\\/www.ariens.eu\\\/no\\\/product\\\/snofresere\\\/platinum-serien\\\/platinum-24-great-lakes-edition\\\/\",\"url\":\"https:\\\/\\\/www.ariens.eu\\\/no\\\/product\\\/snofresere\\\/platinum-serien\\\/platinum-24-great-lakes-edition\\\/\",\"name\":\"PLATINUM 24 Great Lakes Edition \u2013 sn\u00f8freser | Ariens\",\"isPartOf\":{\"@id\":\"https:\\\/\\\/www.ariens.eu\\\/no\\\/#website\"},\"primaryImageOfPage\":{\"@id\":\"https:\\\/\\\/www.ariens.eu\\\/no\\\/product\\\/snofresere\\\/platinum-serien\\\/platinum-24-great-lakes-edition\\\/#primaryimage\"},\"image\":{\"@id\":\"https:\\\/\\\/www.ariens.eu\\\/no\\\/product\\\/snofresere\\\/platinum-serien\\\/platinum-24-great-lakes-edition\\\/#primaryimage\"},\"thumbnailUrl\":\"https:\\\/\\\/www.ariens.eu\\\/no\\\/wp-content\\\/uploads\\\/sites\\\/7\\\/2024\\\/05\\\/ariens-platinum-great-lakes-special-edition-snow-thrower-angle-view-front34-1.webp\",\"datePublished\":\"2024-05-10T10:04:35+00:00\",\"dateModified\":\"2026-01-06T09:13:49+00:00\",\"description\":\"Spesielt designet for sn\u00f8rydding i h\u00f8yden, leverer denne EFI-drevne maskinen ytelsen du trenger. En kraftpakke for store sn\u00f8mengder.\",\"breadcrumb\":{\"@id\":\"https:\\\/\\\/www.ariens.eu\\\/no\\\/product\\\/snofresere\\\/platinum-serien\\\/platinum-24-great-lakes-edition\\\/#breadcrumb\"},\"inLanguage\":\"nb-NO\",\"potentialAction\":[{\"@type\":\"ReadAction\",\"target\":[\"https:\\\/\\\/www.ariens.eu\\\/no\\\/product\\\/snofresere\\\/platinum-serien\\\/platinum-24-great-lakes-edition\\\/\"]}]},{\"@type\":\"ImageObject\",\"inLanguage\":\"nb-NO\",\"@id\":\"https:\\\/\\\/www.ariens.eu\\\/no\\\/product\\\/snofresere\\\/platinum-serien\\\/platinum-24-great-lakes-edition\\\/#primaryimage\",\"url\":\"https:\\\/\\\/www.ariens.eu\\\/no\\\/wp-content\\\/uploads\\\/sites\\\/7\\\/2024\\\/05\\\/ariens-platinum-great-lakes-special-edition-snow-thrower-angle-view-front34-1.webp\",\"contentUrl\":\"https:\\\/\\\/www.ariens.eu\\\/no\\\/wp-content\\\/uploads\\\/sites\\\/7\\\/2024\\\/05\\\/ariens-platinum-great-lakes-special-edition-snow-thrower-angle-view-front34-1.webp\",\"width\":900,\"height\":650},{\"@type\":\"BreadcrumbList\",\"@id\":\"https:\\\/\\\/www.ariens.eu\\\/no\\\/product\\\/snofresere\\\/platinum-serien\\\/platinum-24-great-lakes-edition\\\/#breadcrumb\",\"itemListElement\":[{\"@type\":\"ListItem\",\"position\":1,\"name\":\"Home\",\"item\":\"https:\\\/\\\/www.ariens.eu\\\/no\\\/\"},{\"@type\":\"ListItem\",\"position\":2,\"name\":\"Shop\",\"item\":\"https:\\\/\\\/www.ariens.eu\\\/no\\\/shop\\\/\"},{\"@type\":\"ListItem\",\"position\":3,\"name\":\"PLATINUM 24 GREAT LAKES EDITION\"}]},{\"@type\":\"WebSite\",\"@id\":\"https:\\\/\\\/www.ariens.eu\\\/no\\\/#website\",\"url\":\"https:\\\/\\\/www.ariens.eu\\\/no\\\/\",\"name\":\"Ariens | EMEAA\",\"description\":\"Powerful and reliable zero-turn mowers &amp; snow blowers for professional users and demanding private customers\",\"potentialAction\":[{\"@type\":\"SearchAction\",\"target\":{\"@type\":\"EntryPoint\",\"urlTemplate\":\"https:\\\/\\\/www.ariens.eu\\\/no\\\/?s={search_term_string}\"},\"query-input\":{\"@type\":\"PropertyValueSpecification\",\"valueRequired\":true,\"valueName\":\"search_term_string\"}}],\"inLanguage\":\"nb-NO\"}]}<\/script>\n<!-- \/ Yoast SEO plugin. -->","yoast_head_json":{"title":"PLATINUM 24 Great Lakes Edition \u2013 sn\u00f8freser | Ariens","description":"Spesielt designet for sn\u00f8rydding i h\u00f8yden, leverer denne EFI-drevne maskinen ytelsen du trenger. En kraftpakke for store sn\u00f8mengder.","robots":{"index":"index","follow":"follow","max-snippet":"max-snippet:-1","max-image-preview":"max-image-preview:large","max-video-preview":"max-video-preview:-1"},"canonical":"https:\/\/www.ariens.eu\/no\/product\/snofresere\/platinum-serien\/platinum-24-great-lakes-edition\/","og_locale":"nb_NO","og_type":"article","og_title":"PLATINUM 24 Great Lakes Edition \u2013 sn\u00f8freser | Ariens","og_description":"Spesielt designet for sn\u00f8rydding i h\u00f8yden, leverer denne EFI-drevne maskinen ytelsen du trenger. En kraftpakke for store sn\u00f8mengder.","og_url":"https:\/\/www.ariens.eu\/no\/product\/snofresere\/platinum-serien\/platinum-24-great-lakes-edition\/","og_site_name":"Ariens | EMEAA","article_modified_time":"2026-01-06T09:13:49+00:00","og_image":[{"width":900,"height":650,"url":"https:\/\/www.ariens.eu\/no\/wp-content\/uploads\/sites\/7\/2024\/05\/ariens-platinum-great-lakes-special-edition-snow-thrower-angle-view-front34-1.webp","type":"image\/webp"}],"twitter_card":"summary_large_image","twitter_misc":{"Ansl. lesetid":"2 minutter"},"schema":{"@context":"https:\/\/schema.org","@graph":[{"@type":"WebPage","@id":"https:\/\/www.ariens.eu\/no\/product\/snofresere\/platinum-serien\/platinum-24-great-lakes-edition\/","url":"https:\/\/www.ariens.eu\/no\/product\/snofresere\/platinum-serien\/platinum-24-great-lakes-edition\/","name":"PLATINUM 24 Great Lakes Edition \u2013 sn\u00f8freser | Ariens","isPartOf":{"@id":"https:\/\/www.ariens.eu\/no\/#website"},"primaryImageOfPage":{"@id":"https:\/\/www.ariens.eu\/no\/product\/snofresere\/platinum-serien\/platinum-24-great-lakes-edition\/#primaryimage"},"image":{"@id":"https:\/\/www.ariens.eu\/no\/product\/snofresere\/platinum-serien\/platinum-24-great-lakes-edition\/#primaryimage"},"thumbnailUrl":"https:\/\/www.ariens.eu\/no\/wp-content\/uploads\/sites\/7\/2024\/05\/ariens-platinum-great-lakes-special-edition-snow-thrower-angle-view-front34-1.webp","datePublished":"2024-05-10T10:04:35+00:00","dateModified":"2026-01-06T09:13:49+00:00","description":"Spesielt designet for sn\u00f8rydding i h\u00f8yden, leverer denne EFI-drevne maskinen ytelsen du trenger. En kraftpakke for store sn\u00f8mengder.","breadcrumb":{"@id":"https:\/\/www.ariens.eu\/no\/product\/snofresere\/platinum-serien\/platinum-24-great-lakes-edition\/#breadcrumb"},"inLanguage":"nb-NO","potentialAction":[{"@type":"ReadAction","target":["https:\/\/www.ariens.eu\/no\/product\/snofresere\/platinum-serien\/platinum-24-great-lakes-edition\/"]}]},{"@type":"ImageObject","inLanguage":"nb-NO","@id":"https:\/\/www.ariens.eu\/no\/product\/snofresere\/platinum-serien\/platinum-24-great-lakes-edition\/#primaryimage","url":"https:\/\/www.ariens.eu\/no\/wp-content\/uploads\/sites\/7\/2024\/05\/ariens-platinum-great-lakes-special-edition-snow-thrower-angle-view-front34-1.webp","contentUrl":"https:\/\/www.ariens.eu\/no\/wp-content\/uploads\/sites\/7\/2024\/05\/ariens-platinum-great-lakes-special-edition-snow-thrower-angle-view-front34-1.webp","width":900,"height":650},{"@type":"BreadcrumbList","@id":"https:\/\/www.ariens.eu\/no\/product\/snofresere\/platinum-serien\/platinum-24-great-lakes-edition\/#breadcrumb","itemListElement":[{"@type":"ListItem","position":1,"name":"Home","item":"https:\/\/www.ariens.eu\/no\/"},{"@type":"ListItem","position":2,"name":"Shop","item":"https:\/\/www.ariens.eu\/no\/shop\/"},{"@type":"ListItem","position":3,"name":"PLATINUM 24 GREAT LAKES EDITION"}]},{"@type":"WebSite","@id":"https:\/\/www.ariens.eu\/no\/#website","url":"https:\/\/www.ariens.eu\/no\/","name":"Ariens | EMEAA","description":"Powerful and reliable zero-turn mowers &amp; snow blowers for professional users and demanding private customers","potentialAction":[{"@type":"SearchAction","target":{"@type":"EntryPoint","urlTemplate":"https:\/\/www.ariens.eu\/no\/?s={search_term_string}"},"query-input":{"@type":"PropertyValueSpecification","valueRequired":true,"valueName":"search_term_string"}}],"inLanguage":"nb-NO"}]}},"_links":{"self":[{"href":"https:\/\/www.ariens.eu\/no\/wp-json\/wp\/v2\/product\/2308","targetHints":{"allow":["GET"]}}],"collection":[{"href":"https:\/\/www.ariens.eu\/no\/wp-json\/wp\/v2\/product"}],"about":[{"href":"https:\/\/www.ariens.eu\/no\/wp-json\/wp\/v2\/types\/product"}],"replies":[{"embeddable":true,"href":"https:\/\/www.ariens.eu\/no\/wp-json\/wp\/v2\/comments?post=2308"}],"wp:featuredmedia":[{"embeddable":true,"href":"https:\/\/www.ariens.eu\/no\/wp-json\/wp\/v2\/media\/2696"}],"wp:attachment":[{"href":"https:\/\/www.ariens.eu\/no\/wp-json\/wp\/v2\/media?parent=2308"}],"wp:term":[{"taxonomy":"product_brand","embeddable":true,"href":"https:\/\/www.ariens.eu\/no\/wp-json\/wp\/v2\/product_brand?post=2308"},{"taxonomy":"product_cat","embeddable":true,"href":"https:\/\/www.ariens.eu\/no\/wp-json\/wp\/v2\/product_cat?post=2308"},{"taxonomy":"product_tag","embeddable":true,"href":"https:\/\/www.ariens.eu\/no\/wp-json\/wp\/v2\/product_tag?post=2308"}],"curies":[{"name":"wp","href":"https:\/\/api.w.org\/{rel}","templated":true}]}}