{"id":2309,"date":"2024-05-10T11:04:35","date_gmt":"2024-05-10T10:04:35","guid":{"rendered":"https:\/\/www.ariens.eu\/product\/platinum-28-sho-efi-rapidtrak\/"},"modified":"2026-01-06T09:19:25","modified_gmt":"2026-01-06T09:19:25","slug":"platinum-28-rapidtrak","status":"publish","type":"product","link":"https:\/\/www.ariens.eu\/no\/product\/snofresere\/platinum-serien\/platinum-28-rapidtrak","title":{"rendered":"PLATINUM 28 RAPIDTRAK"},"content":{"rendered":"<div class=\"acfd-block acfd-block__twocolumns mb-asm-1 container-fluid px-0 bg-default\">\n<div class=\"acfd-twocolumns\">\n<div class=\"row\">\n<div class='col-lg-9 mb-4'>\n<div class=\"acfd-block acfd-block__headline container-fluid px-0 bg-default\">\n<div class=\"acfd-headline\" >\n<h2 class='h2 text-left'>Laget for store sn\u00f8mengder og maksimal trekkraft<\/h2>\n<\/p><\/div>\n<\/div><\/div>\n<div class='col-lg'>                    <\/div>\n<\/p><\/div>\n<\/div>\n<\/div>\n<div class=\"acfd-block acfd-block__twocolumns mb-asm-2 container-fluid px-0 bg-default\">\n<div class=\"acfd-twocolumns\">\n<div class=\"row\">\n<div class='col-lg-9 mb-4'>\n<div class=\"acfd-block acfd-block__text container-fluid px-0 bg-default\">\n<div class=\"acfd-text\">\n<p>Kraft som st\u00e5r imot sn\u00f8en. Med PLATINUM-sn\u00f8freseren kan du ta innkj\u00f8rsel etter innkj\u00f8rsel uten \u00e5 stoppe. Disse maskinene er skapt for krevende arbeidsmengder og leveres med standard h\u00e5ndvarmere og Super High Output (SHO) impellere. <strong>PLATINUM-serien<\/strong> tilbyr en rekke funksjoner som dekker ethvert behov for sn\u00f8rydding.<\/p>\n<ul>\n<li>Ryddebredde: 71 cm (28&#8243;) \u2013 h\u00e5ndterer opptil 77 tonn sn\u00f8 i timen<\/li>\n<li>Kraftig 369 cc Ariens AX EFI-motor<\/li>\n<li>Kaster sn\u00f8 opptil 17 meter<\/li>\n<li>36 cm (14&#8243;) stor freser og impellerdiameter<\/li>\n<li>H\u00f8yt freserhus p\u00e5 53 cm for dyp sn\u00f8<\/li>\n<li><strong>Auto-Turn\u2122-styring<\/strong> for enkel man\u00f8vrering uten spaker<\/li>\n<li>L\u00e5sbart h\u00e5ndtak for betjening med \u00e9n h\u00e5nd<\/li>\n<li><strong>Ariens eksklusive RapidTrak\u2122-teknologi<\/strong>: Tilpasset for \u00e5 takle alle typer terreng<\/li>\n<\/ul>\n<p>PLATINUM-serien setter en ny standard for effektivitet og komfort i sn\u00f8rydding.<\/p>\n<\/div>\n<\/div><\/div>\n<div class='col-lg'>                    <\/div>\n<\/p><\/div>\n<\/div>\n<\/div>\n<div class=\"acfd-block acfd-block__category mb-asm-3 container-fluid px-0 bg-default\">\n<div class=\"acfd-product-categories\">\n<h2 class=\"text-left mb-3\">\n        Eins\u00e4tze    <\/h2>\n<div class=\"product-categories_wrapper\">\n         <span\n                data-description=\"The patented RapidTrak\u2122 track drive has the best traction on packed and fresh snow. The track is adjustable. It can be used like a wheel drive for easy steering, as a track drive for maximum traction and in dig-in mode for maximum pressure on the scraper bar and for clearing large mountains of snow. Wheel drive with spike snow chains is recommended on icy surfaces.\"                class=\"product-category-single\"> RapidTrak\u2122                <sup><i class=\"fa fa-info-circle\" aria-hidden=\"true\"><\/i><\/sup>            <\/span>  <span\n                data-description=\"The patented Ariens AutoTurn<sup>&reg;<\/sup> steering system prevents a drive wheel or RapidTrak\u2122 track from spinning. At the same time, it allows easy steering of the machine by automatically releasing one drive side when steering. All Ariens snow blowers, except the CLASSIC model, are equipped with AutoTurn.\"                class=\"product-category-single\"> AutoTurn<sup>&reg;<\/sup>                <sup><i class=\"fa fa-info-circle\" aria-hidden=\"true\"><\/i><\/sup>            <\/span>  <span\n                data-description=\"SHO stands for Super-High-Output. The high-performance blower wheel on the PLATINUM and PROFESSIONAL models creates more snow per hour and throws it further.\"                class=\"product-category-single\"> SHO blower wheel                <sup><i class=\"fa fa-info-circle\" aria-hidden=\"true\"><\/i><\/sup>            <\/span>  <span\n                data-description=\"A 230 volt connection allows you to start the machine at the touch of a button. Standard on all models.\"                class=\"product-category-single\"> Electric start                <sup><i class=\"fa fa-info-circle\" aria-hidden=\"true\"><\/i><\/sup>            <\/span>     <\/div>\n<\/div>\n<\/div>\n<div class=\"acfd-block acfd-block__twocolumns mb-asm-2 container-fluid container-fluid--force px-0 bg-default\">\n<div class=\"acfd-twocolumns\">\n<div class=\"row\">\n<div class='col-lg-12 mb-4'>\n<div class=\"acfd-product-advantages--wrapper\">\n<h2 class=\"h1 bigger text-color-black text-center mb-5\">\n        Features &#038; Benefits    <\/h2>\n<div class=\"acfd-product-advantages\">\n<div class=\"row\">\n<div class=\"col-md-6 mb-4 content\">\n                    <span class=\"d-block h5 text-color-brand mb-1\">Heated handgrips<\/span><\/p>\n<p>Dash-controlled heated handgrips keep your hand warm for greater control and extra comfort for longer.<\/p>\n<\/p><\/div>\n<div class=\"col-md-6 mb4 image\"  style=\"background-image:url(https:\/\/www.ariens.eu\/no\/wp-content\/uploads\/sites\/7\/2024\/05\/Heated_handgrips-scaled.webp)\">\n                <\/div>\n<\/p><\/div>\n<div class=\"row\">\n<div class=\"col-md-6 mb-4 content\">\n                    <span class=\"d-block h5 text-color-brand mb-1\">Auto-turn steering<\/span><\/p>\n<p>Drive straight ahead with the rear axle locked for maximum grip. As soon as you steer the machine, the axle is unlocked and turning on the spot is child&#8217;s play. A patented invention from Ariens.<\/p>\n<\/p><\/div>\n<div class=\"col-md-6 mb4 image\"  style=\"background-image:url(https:\/\/www.ariens.eu\/no\/wp-content\/uploads\/sites\/7\/2024\/05\/feature6ars_fb_profe-2.png)\">\n                <\/div>\n<\/p><\/div>\n<div class=\"row\">\n<div class=\"col-md-6 mb-4 content\">\n                    <span class=\"d-block h5 text-color-brand mb-1\">EFI Engine<\/span><\/p>\n<p>The Electronic Fuel Injection (EFI) engine starts easier and is more fuel efficient, with faster power adjustment. Standard on the PLATINUM series models.<\/p>\n<\/p><\/div>\n<div class=\"col-md-6 mb4 image\"  style=\"background-image:url(https:\/\/www.ariens.eu\/no\/wp-content\/uploads\/sites\/7\/2024\/05\/EFI_ENGINE_Front-scaled.webp)\">\n                <\/div>\n<\/p><\/div>\n<div class=\"row\">\n<div class=\"col-md-6 mb-4 content\">\n                    <span class=\"d-block h5 text-color-brand mb-1\">LED Headlight<\/span><\/p>\n<p>Ultra-bright lighting comes standard on all Platinum Series Sno-Thro<sup>&reg;<\/sup> models.<\/p>\n<\/p><\/div>\n<div class=\"col-md-6 mb4 image\"  style=\"background-image:url(https:\/\/www.ariens.eu\/no\/wp-content\/uploads\/sites\/7\/2024\/05\/LED_LIGHT_Solo.webp)\">\n                <\/div>\n<\/p><\/div>\n<div class=\"row\">\n<div class=\"col-md-6 mb-4 content\">\n                    <span class=\"d-block h5 text-color-brand mb-1\">SHO Impeller<\/span><\/p>\n<p>Ariens SHO technology means Super High Output. Or to put it more simply: the bucket wheel is particularly powerful and throws the snow from the upstream milling machine faster and further. Up to 83 tons\/hour max.<\/p>\n<\/p><\/div>\n<div class=\"col-md-6 mb4 image\"  style=\"background-image:url(https:\/\/www.ariens.eu\/no\/wp-content\/uploads\/sites\/7\/2024\/05\/SHO_Impeller.webp)\">\n                <\/div>\n<\/p><\/div>\n<div class=\"row\">\n<div class=\"col-md-6 mb-4 content\">\n                    <span class=\"d-block h5 text-color-brand mb-1\">Quick-Turn chute rotation<\/span><\/p>\n<p>Turn your\u00a0chute\u00a0instantly with the push of a button.<\/p>\n<\/p><\/div>\n<div class=\"col-md-6 mb4 image\"  style=\"background-image:url(https:\/\/www.ariens.eu\/no\/wp-content\/uploads\/sites\/7\/2024\/05\/Quick_turn_Chute_Rotation-scaled.webp)\">\n                <\/div>\n<\/p><\/div>\n<\/p><\/div>\n<\/div><\/div>\n<div class='col-lg'>                    <\/div>\n<\/p><\/div>\n<\/div>\n<\/div>\n","protected":false},"excerpt":{"rendered":"<p>Laget for store sn\u00f8mengder og maksimal trekkraft Kraft som st\u00e5r imot sn\u00f8en. Med PLATINUM-sn\u00f8freseren kan du ta innkj\u00f8rsel etter innkj\u00f8rsel uten \u00e5 stoppe. Disse maskinene er skapt for krevende arbeidsmengder og leveres med standard h\u00e5ndvarmere og Super High Output (SHO) impellere. PLATINUM-serien tilbyr en rekke funksjoner som dekker ethvert behov for sn\u00f8rydding. Ryddebredde: 71 cm [&hellip;]<\/p>\n","protected":false},"featured_media":4610,"comment_status":"open","ping_status":"closed","template":"","meta":{"_acf_changed":false,"_relevanssi_hide_post":"","_relevanssi_hide_content":"","_relevanssi_pin_for_all":"","_relevanssi_pin_keywords":"","_relevanssi_unpin_keywords":"","_relevanssi_related_keywords":"","_relevanssi_related_include_ids":"","_relevanssi_related_exclude_ids":"","_relevanssi_related_no_append":"","_relevanssi_related_not_related":"","_relevanssi_related_posts":"","_relevanssi_noindex_reason":""},"product_brand":[],"product_cat":[15],"product_tag":[],"class_list":{"0":"post-2309","1":"product","2":"type-product","3":"status-publish","4":"has-post-thumbnail","6":"product_variant-platinum-serien","7":"product_usage_areas-kommuner-og-driftsavdelinger","8":"product_usage_areas-vinterservice","10":"first","11":"instock","12":"shipping-taxable","13":"product-type-simple"},"acf":[],"yoast_head":"<!-- This site is optimized with the Yoast SEO plugin v27.3 - https:\/\/yoast.com\/product\/yoast-seo-wordpress\/ -->\n<title>PLATINUM 28 RAPIDTRAK\u00ae \u2013 sn\u00f8freser | Ariens<\/title>\n<meta name=\"description\" content=\"Spesialutviklet for h\u00f8ytliggende omr\u00e5der, leverer denne EFI-drevne maskinen imponerende ytelse som m\u00f8ter dine behov og overg\u00e5r forventningene.\" \/>\n<meta name=\"robots\" content=\"index, follow, max-snippet:-1, max-image-preview:large, max-video-preview:-1\" \/>\n<link rel=\"canonical\" href=\"https:\/\/www.ariens.eu\/no\/product\/snofresere\/platinum-serien\/platinum-28-rapidtrak\/\" \/>\n<meta property=\"og:locale\" content=\"nb_NO\" \/>\n<meta property=\"og:type\" content=\"article\" \/>\n<meta property=\"og:title\" content=\"PLATINUM 28 RAPIDTRAK\u00ae \u2013 sn\u00f8freser | Ariens\" \/>\n<meta property=\"og:description\" content=\"Spesialutviklet for h\u00f8ytliggende omr\u00e5der, leverer denne EFI-drevne maskinen imponerende ytelse som m\u00f8ter dine behov og overg\u00e5r forventningene.\" \/>\n<meta property=\"og:url\" content=\"https:\/\/www.ariens.eu\/no\/product\/snofresere\/platinum-serien\/platinum-28-rapidtrak\/\" \/>\n<meta property=\"og:site_name\" content=\"Ariens | EMEAA\" \/>\n<meta property=\"article:modified_time\" content=\"2026-01-06T09:19:25+00:00\" \/>\n<meta property=\"og:image\" content=\"https:\/\/www.ariens.eu\/no\/wp-content\/uploads\/sites\/7\/2024\/06\/ariens-platinum-rapidtrak-snow-thrower-angle-view-rear34.webp\" \/>\n\t<meta property=\"og:image:width\" content=\"900\" \/>\n\t<meta property=\"og:image:height\" content=\"650\" \/>\n\t<meta property=\"og:image:type\" content=\"image\/webp\" \/>\n<meta name=\"twitter:card\" content=\"summary_large_image\" \/>\n<meta name=\"twitter:label1\" content=\"Ansl. lesetid\" \/>\n\t<meta name=\"twitter:data1\" content=\"2 minutter\" \/>\n<script type=\"application\/ld+json\" class=\"yoast-schema-graph\">{\"@context\":\"https:\\\/\\\/schema.org\",\"@graph\":[{\"@type\":\"WebPage\",\"@id\":\"https:\\\/\\\/www.ariens.eu\\\/no\\\/product\\\/snofresere\\\/platinum-serien\\\/platinum-28-rapidtrak\\\/\",\"url\":\"https:\\\/\\\/www.ariens.eu\\\/no\\\/product\\\/snofresere\\\/platinum-serien\\\/platinum-28-rapidtrak\\\/\",\"name\":\"PLATINUM 28 RAPIDTRAK\u00ae \u2013 sn\u00f8freser | Ariens\",\"isPartOf\":{\"@id\":\"https:\\\/\\\/www.ariens.eu\\\/no\\\/#website\"},\"primaryImageOfPage\":{\"@id\":\"https:\\\/\\\/www.ariens.eu\\\/no\\\/product\\\/snofresere\\\/platinum-serien\\\/platinum-28-rapidtrak\\\/#primaryimage\"},\"image\":{\"@id\":\"https:\\\/\\\/www.ariens.eu\\\/no\\\/product\\\/snofresere\\\/platinum-serien\\\/platinum-28-rapidtrak\\\/#primaryimage\"},\"thumbnailUrl\":\"https:\\\/\\\/www.ariens.eu\\\/no\\\/wp-content\\\/uploads\\\/sites\\\/7\\\/2024\\\/06\\\/ariens-platinum-rapidtrak-snow-thrower-angle-view-rear34.webp\",\"datePublished\":\"2024-05-10T10:04:35+00:00\",\"dateModified\":\"2026-01-06T09:19:25+00:00\",\"description\":\"Spesialutviklet for h\u00f8ytliggende omr\u00e5der, leverer denne EFI-drevne maskinen imponerende ytelse som m\u00f8ter dine behov og overg\u00e5r forventningene.\",\"breadcrumb\":{\"@id\":\"https:\\\/\\\/www.ariens.eu\\\/no\\\/product\\\/snofresere\\\/platinum-serien\\\/platinum-28-rapidtrak\\\/#breadcrumb\"},\"inLanguage\":\"nb-NO\",\"potentialAction\":[{\"@type\":\"ReadAction\",\"target\":[\"https:\\\/\\\/www.ariens.eu\\\/no\\\/product\\\/snofresere\\\/platinum-serien\\\/platinum-28-rapidtrak\\\/\"]}]},{\"@type\":\"ImageObject\",\"inLanguage\":\"nb-NO\",\"@id\":\"https:\\\/\\\/www.ariens.eu\\\/no\\\/product\\\/snofresere\\\/platinum-serien\\\/platinum-28-rapidtrak\\\/#primaryimage\",\"url\":\"https:\\\/\\\/www.ariens.eu\\\/no\\\/wp-content\\\/uploads\\\/sites\\\/7\\\/2024\\\/06\\\/ariens-platinum-rapidtrak-snow-thrower-angle-view-rear34.webp\",\"contentUrl\":\"https:\\\/\\\/www.ariens.eu\\\/no\\\/wp-content\\\/uploads\\\/sites\\\/7\\\/2024\\\/06\\\/ariens-platinum-rapidtrak-snow-thrower-angle-view-rear34.webp\",\"width\":900,\"height\":650},{\"@type\":\"BreadcrumbList\",\"@id\":\"https:\\\/\\\/www.ariens.eu\\\/no\\\/product\\\/snofresere\\\/platinum-serien\\\/platinum-28-rapidtrak\\\/#breadcrumb\",\"itemListElement\":[{\"@type\":\"ListItem\",\"position\":1,\"name\":\"Home\",\"item\":\"https:\\\/\\\/www.ariens.eu\\\/no\\\/\"},{\"@type\":\"ListItem\",\"position\":2,\"name\":\"Shop\",\"item\":\"https:\\\/\\\/www.ariens.eu\\\/no\\\/shop\\\/\"},{\"@type\":\"ListItem\",\"position\":3,\"name\":\"PLATINUM 28 RAPIDTRAK\"}]},{\"@type\":\"WebSite\",\"@id\":\"https:\\\/\\\/www.ariens.eu\\\/no\\\/#website\",\"url\":\"https:\\\/\\\/www.ariens.eu\\\/no\\\/\",\"name\":\"Ariens | EMEAA\",\"description\":\"Powerful and reliable zero-turn mowers &amp; snow blowers for professional users and demanding private customers\",\"potentialAction\":[{\"@type\":\"SearchAction\",\"target\":{\"@type\":\"EntryPoint\",\"urlTemplate\":\"https:\\\/\\\/www.ariens.eu\\\/no\\\/?s={search_term_string}\"},\"query-input\":{\"@type\":\"PropertyValueSpecification\",\"valueRequired\":true,\"valueName\":\"search_term_string\"}}],\"inLanguage\":\"nb-NO\"}]}<\/script>\n<!-- \/ Yoast SEO plugin. -->","yoast_head_json":{"title":"PLATINUM 28 RAPIDTRAK\u00ae \u2013 sn\u00f8freser | Ariens","description":"Spesialutviklet for h\u00f8ytliggende omr\u00e5der, leverer denne EFI-drevne maskinen imponerende ytelse som m\u00f8ter dine behov og overg\u00e5r forventningene.","robots":{"index":"index","follow":"follow","max-snippet":"max-snippet:-1","max-image-preview":"max-image-preview:large","max-video-preview":"max-video-preview:-1"},"canonical":"https:\/\/www.ariens.eu\/no\/product\/snofresere\/platinum-serien\/platinum-28-rapidtrak\/","og_locale":"nb_NO","og_type":"article","og_title":"PLATINUM 28 RAPIDTRAK\u00ae \u2013 sn\u00f8freser | Ariens","og_description":"Spesialutviklet for h\u00f8ytliggende omr\u00e5der, leverer denne EFI-drevne maskinen imponerende ytelse som m\u00f8ter dine behov og overg\u00e5r forventningene.","og_url":"https:\/\/www.ariens.eu\/no\/product\/snofresere\/platinum-serien\/platinum-28-rapidtrak\/","og_site_name":"Ariens | EMEAA","article_modified_time":"2026-01-06T09:19:25+00:00","og_image":[{"width":900,"height":650,"url":"https:\/\/www.ariens.eu\/no\/wp-content\/uploads\/sites\/7\/2024\/06\/ariens-platinum-rapidtrak-snow-thrower-angle-view-rear34.webp","type":"image\/webp"}],"twitter_card":"summary_large_image","twitter_misc":{"Ansl. lesetid":"2 minutter"},"schema":{"@context":"https:\/\/schema.org","@graph":[{"@type":"WebPage","@id":"https:\/\/www.ariens.eu\/no\/product\/snofresere\/platinum-serien\/platinum-28-rapidtrak\/","url":"https:\/\/www.ariens.eu\/no\/product\/snofresere\/platinum-serien\/platinum-28-rapidtrak\/","name":"PLATINUM 28 RAPIDTRAK\u00ae \u2013 sn\u00f8freser | Ariens","isPartOf":{"@id":"https:\/\/www.ariens.eu\/no\/#website"},"primaryImageOfPage":{"@id":"https:\/\/www.ariens.eu\/no\/product\/snofresere\/platinum-serien\/platinum-28-rapidtrak\/#primaryimage"},"image":{"@id":"https:\/\/www.ariens.eu\/no\/product\/snofresere\/platinum-serien\/platinum-28-rapidtrak\/#primaryimage"},"thumbnailUrl":"https:\/\/www.ariens.eu\/no\/wp-content\/uploads\/sites\/7\/2024\/06\/ariens-platinum-rapidtrak-snow-thrower-angle-view-rear34.webp","datePublished":"2024-05-10T10:04:35+00:00","dateModified":"2026-01-06T09:19:25+00:00","description":"Spesialutviklet for h\u00f8ytliggende omr\u00e5der, leverer denne EFI-drevne maskinen imponerende ytelse som m\u00f8ter dine behov og overg\u00e5r forventningene.","breadcrumb":{"@id":"https:\/\/www.ariens.eu\/no\/product\/snofresere\/platinum-serien\/platinum-28-rapidtrak\/#breadcrumb"},"inLanguage":"nb-NO","potentialAction":[{"@type":"ReadAction","target":["https:\/\/www.ariens.eu\/no\/product\/snofresere\/platinum-serien\/platinum-28-rapidtrak\/"]}]},{"@type":"ImageObject","inLanguage":"nb-NO","@id":"https:\/\/www.ariens.eu\/no\/product\/snofresere\/platinum-serien\/platinum-28-rapidtrak\/#primaryimage","url":"https:\/\/www.ariens.eu\/no\/wp-content\/uploads\/sites\/7\/2024\/06\/ariens-platinum-rapidtrak-snow-thrower-angle-view-rear34.webp","contentUrl":"https:\/\/www.ariens.eu\/no\/wp-content\/uploads\/sites\/7\/2024\/06\/ariens-platinum-rapidtrak-snow-thrower-angle-view-rear34.webp","width":900,"height":650},{"@type":"BreadcrumbList","@id":"https:\/\/www.ariens.eu\/no\/product\/snofresere\/platinum-serien\/platinum-28-rapidtrak\/#breadcrumb","itemListElement":[{"@type":"ListItem","position":1,"name":"Home","item":"https:\/\/www.ariens.eu\/no\/"},{"@type":"ListItem","position":2,"name":"Shop","item":"https:\/\/www.ariens.eu\/no\/shop\/"},{"@type":"ListItem","position":3,"name":"PLATINUM 28 RAPIDTRAK"}]},{"@type":"WebSite","@id":"https:\/\/www.ariens.eu\/no\/#website","url":"https:\/\/www.ariens.eu\/no\/","name":"Ariens | EMEAA","description":"Powerful and reliable zero-turn mowers &amp; snow blowers for professional users and demanding private customers","potentialAction":[{"@type":"SearchAction","target":{"@type":"EntryPoint","urlTemplate":"https:\/\/www.ariens.eu\/no\/?s={search_term_string}"},"query-input":{"@type":"PropertyValueSpecification","valueRequired":true,"valueName":"search_term_string"}}],"inLanguage":"nb-NO"}]}},"_links":{"self":[{"href":"https:\/\/www.ariens.eu\/no\/wp-json\/wp\/v2\/product\/2309","targetHints":{"allow":["GET"]}}],"collection":[{"href":"https:\/\/www.ariens.eu\/no\/wp-json\/wp\/v2\/product"}],"about":[{"href":"https:\/\/www.ariens.eu\/no\/wp-json\/wp\/v2\/types\/product"}],"replies":[{"embeddable":true,"href":"https:\/\/www.ariens.eu\/no\/wp-json\/wp\/v2\/comments?post=2309"}],"wp:featuredmedia":[{"embeddable":true,"href":"https:\/\/www.ariens.eu\/no\/wp-json\/wp\/v2\/media\/4610"}],"wp:attachment":[{"href":"https:\/\/www.ariens.eu\/no\/wp-json\/wp\/v2\/media?parent=2309"}],"wp:term":[{"taxonomy":"product_brand","embeddable":true,"href":"https:\/\/www.ariens.eu\/no\/wp-json\/wp\/v2\/product_brand?post=2309"},{"taxonomy":"product_cat","embeddable":true,"href":"https:\/\/www.ariens.eu\/no\/wp-json\/wp\/v2\/product_cat?post=2309"},{"taxonomy":"product_tag","embeddable":true,"href":"https:\/\/www.ariens.eu\/no\/wp-json\/wp\/v2\/product_tag?post=2309"}],"curies":[{"name":"wp","href":"https:\/\/api.w.org\/{rel}","templated":true}]}}