{"id":2310,"date":"2024-05-10T11:04:36","date_gmt":"2024-05-10T10:04:36","guid":{"rendered":"https:\/\/www.ariens.eu\/product\/deluxe-24\/"},"modified":"2025-11-10T10:48:25","modified_gmt":"2025-11-10T10:48:25","slug":"deluxe-24","status":"publish","type":"product","link":"https:\/\/www.ariens.eu\/no\/product\/snofresere\/deluxe-serien\/deluxe-24","title":{"rendered":"DELUXE 24"},"content":{"rendered":"<div class=\"acfd-block acfd-block__twocolumns mb-asm-1 container-fluid px-0 bg-default\">\n<div class=\"acfd-twocolumns\">\n<div class=\"row\">\n<div class='col-lg-9 mb-4'>\n<div class=\"acfd-block acfd-block__headline container-fluid px-0 bg-default\">\n<div class=\"acfd-headline\" >\n<h2 class='h2 text-left'>Kraft som leverer \u2013 uten kompromisser. V\u00e5r bestselger.<\/h2>\n<\/p><\/div>\n<\/div><\/div>\n<div class='col-lg'>                    <\/div>\n<\/p><\/div>\n<\/div>\n<\/div>\n<div class=\"acfd-block acfd-block__twocolumns mb-asm-2 container-fluid px-0 bg-default\">\n<div class=\"acfd-twocolumns\">\n<div class=\"row\">\n<div class='col-lg-9 mb-4'>\n<div class=\"acfd-block acfd-block__text container-fluid px-0 bg-default\">\n<div class=\"acfd-text\">\n<p>Masse komfort og kraft n\u00e5r sn\u00f8en skal ryddes \u2013 ikke rart DELUXE-serien er en av v\u00e5re bestselgere \u00e5r etter \u00e5r. Den gj\u00f8r vinteren litt enklere \u00e5 h\u00e5ndtere, gang p\u00e5 gang. Med standard <strong>Auto-Turn\u2122-styring<\/strong> er den lett \u00e5 man\u00f8vrere og kontrollere. Serien kommer i flere st\u00f8rrelser og med et utvalg kraftige Ariens AX-motorer, slik at du enkelt finner den <strong>Sno-Thro<sup>&reg;<\/sup><\/strong>-modellen som passer best til din eiendom.<\/p>\n<p><strong>Full kontroll, h\u00f8y ytelse og rikelig med kraft.<\/strong><br \/>\nDELUXE 24-sn\u00f8freseren h\u00e5ndterer store mengder sn\u00f8 med letthet.<\/p>\n<ul>\n<li>Ryddebredde: 60 cm (24&#8243;)<\/li>\n<li>Maksimal kapasitet: 56 tonn sn\u00f8 i timen<\/li>\n<li>Kraftig 254 cc Ariens AX-motor<\/li>\n<li>Elektrisk start med 230 V<\/li>\n<li>Kaster sn\u00f8 opptil 15 meter (50 fot)<\/li>\n<li>36 cm (14&#8243;) stor freser og impeller<\/li>\n<li>H\u00f8yt freserhus p\u00e5 53 cm for dyp sn\u00f8<\/li>\n<li><strong>Auto-Turn<\/strong>-styring uten spaker eller brytere<\/li>\n<li>L\u00e5sbart h\u00e5ndtak for bruk med \u00e9n h\u00e5nd<\/li>\n<\/ul>\n<\/div>\n<\/div><\/div>\n<div class='col-lg'>                    <\/div>\n<\/p><\/div>\n<\/div>\n<\/div>\n<div class=\"acfd-block acfd-block__category mb-asm-3 container-fluid px-0 bg-default\">\n<div class=\"acfd-product-categories\">\n<h2 class=\"text-left mb-3\">\n        Eins\u00e4tze    <\/h2>\n<div class=\"product-categories_wrapper\">\n         <span\n                data-description=\"The patented Ariens AutoTurn<sup>&reg;<\/sup> steering system prevents a drive wheel or RapidTrak\u2122 track from spinning. At the same time, it allows easy steering of the machine by automatically releasing one drive side when steering. All Ariens snow blowers, except the CLASSIC model, are equipped with AutoTurn.\"                class=\"product-category-single\"> AutoTurn<sup>&reg;<\/sup>                <sup><i class=\"fa fa-info-circle\" aria-hidden=\"true\"><\/i><\/sup>            <\/span>  <span\n                data-description=\"A 230 volt connection allows you to start the machine at the touch of a button. Standard on all models.\"                class=\"product-category-single\"> Electric start                <sup><i class=\"fa fa-info-circle\" aria-hidden=\"true\"><\/i><\/sup>            <\/span>     <\/div>\n<\/div>\n<\/div>\n<div class=\"acfd-block acfd-block__twocolumns container-fluid container-fluid--force px-0 bg-default\">\n<div class=\"acfd-twocolumns\">\n<div class=\"row\">\n<div class='col-lg-12 mb-4'>\n<div class=\"acfd-product-advantages--wrapper\">\n<h2 class=\"h1 bigger text-color-black text-center mb-5\">\n        Features &#038; Benefits    <\/h2>\n<div class=\"acfd-product-advantages\">\n<div class=\"row\">\n<div class=\"col-md-6 mb-4 content\">\n                    <span class=\"d-block h5 text-color-brand mb-1\">35.6 cm impeller<\/span><\/p>\n<p>The 35.6 cm steel impeller offers exceptional performance in all snow conditions. It throws snow from 0.9 to 15.2 meters.<\/p>\n<\/p><\/div>\n<div class=\"col-md-6 mb4 image\"  style=\"background-image:url(https:\/\/www.ariens.eu\/no\/wp-content\/uploads\/sites\/7\/2024\/05\/deluxe-30-herofeature1.webp)\">\n                <\/div>\n<\/p><\/div>\n<div class=\"row\">\n<div class=\"col-md-6 mb-4 content\">\n                    <span class=\"d-block h5 text-color-brand mb-1\">Cast-iron gear case<\/span><\/p>\n<p>The gearbox of the auger is a highly stressed part. We put a lot of effort into making it particularly stable. Because it is so stable, we also give a 5-year guarantee on it.<\/p>\n<\/p><\/div>\n<div class=\"col-md-6 mb4 image\"  style=\"background-image:url(https:\/\/www.ariens.eu\/no\/wp-content\/uploads\/sites\/7\/2024\/05\/compact-24.webp)\">\n                <\/div>\n<\/p><\/div>\n<div class=\"row\">\n<div class=\"col-md-6 mb-4 content\">\n                    <span class=\"d-block h5 text-color-brand mb-1\">Dual belt drive<\/span><\/p>\n<p>This Ariens system uses two belts instead of one to efficiently utilize engine torque and clear more snow. A dual belt system means that overall belt wear is less and snow can be thrown further.<\/p>\n<\/p><\/div>\n<div class=\"col-md-6 mb4 image\"  style=\"background-image:url(https:\/\/www.ariens.eu\/no\/wp-content\/uploads\/sites\/7\/2024\/05\/herofeature3.webp)\">\n                <\/div>\n<\/p><\/div>\n<div class=\"row\">\n<div class=\"col-md-6 mb-4 content\">\n                    <span class=\"d-block h5 text-color-brand mb-1\">Auto-Turn steering<\/span><\/p>\n<p>Effortless zero-degree turning radius &#8211; for smooth, precise and consistent turning maneuvers that save you time. Minimum effort required to steer.<\/p>\n<\/p><\/div>\n<div class=\"col-md-6 mb4 image\"  style=\"background-image:url(https:\/\/www.ariens.eu\/no\/wp-content\/uploads\/sites\/7\/2024\/05\/deluxe-30-thumbnailfeature1.webp)\">\n                <\/div>\n<\/p><\/div>\n<div class=\"row\">\n<div class=\"col-md-6 mb-4 content\">\n                    <span class=\"d-block h5 text-color-brand mb-1\">Large snow tires<\/span><\/p>\n<p>41cm (16\u2033) tires provide agility and ideal grip for better performance when things get slippery.<\/p>\n<\/p><\/div>\n<div class=\"col-md-6 mb4 image\"  style=\"background-image:url(https:\/\/www.ariens.eu\/no\/wp-content\/uploads\/sites\/7\/2024\/05\/deluxe-30-thumbnailfeature2.webp)\">\n                <\/div>\n<\/p><\/div>\n<div class=\"row\">\n<div class=\"col-md-6 mb-4 content\">\n                    <span class=\"d-block h5 text-color-brand mb-1\">Heavy duty construction<\/span><\/p>\n<p>Handlebars, dashboard, housing, multidirectional chute and even the skid shoes are made of 100% steel.<\/p>\n<\/p><\/div>\n<div class=\"col-md-6 mb4 image\"  style=\"background-image:url(https:\/\/www.ariens.eu\/no\/wp-content\/uploads\/sites\/7\/2024\/05\/deluxe-30-thumbnailfeature3.webp)\">\n                <\/div>\n<\/p><\/div>\n<\/p><\/div>\n<\/div><\/div>\n<div class='col-lg'>                    <\/div>\n<\/p><\/div>\n<\/div>\n<\/div>\n","protected":false},"excerpt":{"rendered":"<p>Kraft som leverer \u2013 uten kompromisser. V\u00e5r bestselger. Masse komfort og kraft n\u00e5r sn\u00f8en skal ryddes \u2013 ikke rart DELUXE-serien er en av v\u00e5re bestselgere \u00e5r etter \u00e5r. Den gj\u00f8r vinteren litt enklere \u00e5 h\u00e5ndtere, gang p\u00e5 gang. Med standard Auto-Turn\u2122-styring er den lett \u00e5 man\u00f8vrere og kontrollere. Serien kommer i flere st\u00f8rrelser og med [&hellip;]<\/p>\n","protected":false},"featured_media":4616,"comment_status":"open","ping_status":"closed","template":"","meta":{"_acf_changed":false,"_relevanssi_hide_post":"","_relevanssi_hide_content":"","_relevanssi_pin_for_all":"","_relevanssi_pin_keywords":"","_relevanssi_unpin_keywords":"","_relevanssi_related_keywords":"","_relevanssi_related_include_ids":"","_relevanssi_related_exclude_ids":"","_relevanssi_related_no_append":"","_relevanssi_related_not_related":"","_relevanssi_related_posts":"","_relevanssi_noindex_reason":""},"product_brand":[],"product_cat":[15],"product_tag":[],"class_list":{"0":"post-2310","1":"product","2":"type-product","3":"status-publish","4":"has-post-thumbnail","6":"product_variant-deluxe-serien","7":"product_usage_areas-kommuner-og-driftsavdelinger","8":"product_usage_areas-vinterservice","10":"first","11":"instock","12":"shipping-taxable","13":"product-type-simple"},"acf":[],"yoast_head":"<!-- This site is optimized with the Yoast SEO plugin v27.3 - https:\/\/yoast.com\/product\/yoast-seo-wordpress\/ -->\n<title>DELUXE 24 - sn\u00f8freser | Ariens<\/title>\n<meta name=\"description\" content=\"Full kontroll, h\u00f8y ytelse og masse kraft. DELUXE 24-sn\u00f8freseren h\u00e5ndterer store mengder sn\u00f8 uten problemer.\" \/>\n<meta name=\"robots\" content=\"index, follow, max-snippet:-1, max-image-preview:large, max-video-preview:-1\" \/>\n<link rel=\"canonical\" href=\"https:\/\/www.ariens.eu\/no\/product\/snofresere\/deluxe-serien\/deluxe-24\/\" \/>\n<meta property=\"og:locale\" content=\"nb_NO\" \/>\n<meta property=\"og:type\" content=\"article\" \/>\n<meta property=\"og:title\" content=\"DELUXE 24 - sn\u00f8freser | Ariens\" \/>\n<meta property=\"og:description\" content=\"Full kontroll, h\u00f8y ytelse og masse kraft. DELUXE 24-sn\u00f8freseren h\u00e5ndterer store mengder sn\u00f8 uten problemer.\" \/>\n<meta property=\"og:url\" content=\"https:\/\/www.ariens.eu\/no\/product\/snofresere\/deluxe-serien\/deluxe-24\/\" \/>\n<meta property=\"og:site_name\" content=\"Ariens | EMEAA\" \/>\n<meta property=\"article:modified_time\" content=\"2025-11-10T10:48:25+00:00\" \/>\n<meta property=\"og:image\" content=\"https:\/\/www.ariens.eu\/no\/wp-content\/uploads\/sites\/7\/2024\/06\/ariens-deluxe-24-snow-thrower-angle-view-front.webp\" \/>\n\t<meta property=\"og:image:width\" content=\"900\" \/>\n\t<meta property=\"og:image:height\" content=\"650\" \/>\n\t<meta property=\"og:image:type\" content=\"image\/webp\" \/>\n<meta name=\"twitter:card\" content=\"summary_large_image\" \/>\n<meta name=\"twitter:label1\" content=\"Ansl. lesetid\" \/>\n\t<meta name=\"twitter:data1\" content=\"2 minutter\" \/>\n<script type=\"application\/ld+json\" class=\"yoast-schema-graph\">{\"@context\":\"https:\\\/\\\/schema.org\",\"@graph\":[{\"@type\":\"WebPage\",\"@id\":\"https:\\\/\\\/www.ariens.eu\\\/no\\\/product\\\/snofresere\\\/deluxe-serien\\\/deluxe-24\\\/\",\"url\":\"https:\\\/\\\/www.ariens.eu\\\/no\\\/product\\\/snofresere\\\/deluxe-serien\\\/deluxe-24\\\/\",\"name\":\"DELUXE 24 - sn\u00f8freser | Ariens\",\"isPartOf\":{\"@id\":\"https:\\\/\\\/www.ariens.eu\\\/no\\\/#website\"},\"primaryImageOfPage\":{\"@id\":\"https:\\\/\\\/www.ariens.eu\\\/no\\\/product\\\/snofresere\\\/deluxe-serien\\\/deluxe-24\\\/#primaryimage\"},\"image\":{\"@id\":\"https:\\\/\\\/www.ariens.eu\\\/no\\\/product\\\/snofresere\\\/deluxe-serien\\\/deluxe-24\\\/#primaryimage\"},\"thumbnailUrl\":\"https:\\\/\\\/www.ariens.eu\\\/no\\\/wp-content\\\/uploads\\\/sites\\\/7\\\/2024\\\/06\\\/ariens-deluxe-24-snow-thrower-angle-view-front.webp\",\"datePublished\":\"2024-05-10T10:04:36+00:00\",\"dateModified\":\"2025-11-10T10:48:25+00:00\",\"description\":\"Full kontroll, h\u00f8y ytelse og masse kraft. DELUXE 24-sn\u00f8freseren h\u00e5ndterer store mengder sn\u00f8 uten problemer.\",\"breadcrumb\":{\"@id\":\"https:\\\/\\\/www.ariens.eu\\\/no\\\/product\\\/snofresere\\\/deluxe-serien\\\/deluxe-24\\\/#breadcrumb\"},\"inLanguage\":\"nb-NO\",\"potentialAction\":[{\"@type\":\"ReadAction\",\"target\":[\"https:\\\/\\\/www.ariens.eu\\\/no\\\/product\\\/snofresere\\\/deluxe-serien\\\/deluxe-24\\\/\"]}]},{\"@type\":\"ImageObject\",\"inLanguage\":\"nb-NO\",\"@id\":\"https:\\\/\\\/www.ariens.eu\\\/no\\\/product\\\/snofresere\\\/deluxe-serien\\\/deluxe-24\\\/#primaryimage\",\"url\":\"https:\\\/\\\/www.ariens.eu\\\/no\\\/wp-content\\\/uploads\\\/sites\\\/7\\\/2024\\\/06\\\/ariens-deluxe-24-snow-thrower-angle-view-front.webp\",\"contentUrl\":\"https:\\\/\\\/www.ariens.eu\\\/no\\\/wp-content\\\/uploads\\\/sites\\\/7\\\/2024\\\/06\\\/ariens-deluxe-24-snow-thrower-angle-view-front.webp\",\"width\":900,\"height\":650},{\"@type\":\"BreadcrumbList\",\"@id\":\"https:\\\/\\\/www.ariens.eu\\\/no\\\/product\\\/snofresere\\\/deluxe-serien\\\/deluxe-24\\\/#breadcrumb\",\"itemListElement\":[{\"@type\":\"ListItem\",\"position\":1,\"name\":\"Home\",\"item\":\"https:\\\/\\\/www.ariens.eu\\\/no\\\/\"},{\"@type\":\"ListItem\",\"position\":2,\"name\":\"Shop\",\"item\":\"https:\\\/\\\/www.ariens.eu\\\/no\\\/shop\\\/\"},{\"@type\":\"ListItem\",\"position\":3,\"name\":\"DELUXE 24\"}]},{\"@type\":\"WebSite\",\"@id\":\"https:\\\/\\\/www.ariens.eu\\\/no\\\/#website\",\"url\":\"https:\\\/\\\/www.ariens.eu\\\/no\\\/\",\"name\":\"Ariens | EMEAA\",\"description\":\"Powerful and reliable zero-turn mowers &amp; snow blowers for professional users and demanding private customers\",\"potentialAction\":[{\"@type\":\"SearchAction\",\"target\":{\"@type\":\"EntryPoint\",\"urlTemplate\":\"https:\\\/\\\/www.ariens.eu\\\/no\\\/?s={search_term_string}\"},\"query-input\":{\"@type\":\"PropertyValueSpecification\",\"valueRequired\":true,\"valueName\":\"search_term_string\"}}],\"inLanguage\":\"nb-NO\"}]}<\/script>\n<!-- \/ Yoast SEO plugin. -->","yoast_head_json":{"title":"DELUXE 24 - sn\u00f8freser | Ariens","description":"Full kontroll, h\u00f8y ytelse og masse kraft. DELUXE 24-sn\u00f8freseren h\u00e5ndterer store mengder sn\u00f8 uten problemer.","robots":{"index":"index","follow":"follow","max-snippet":"max-snippet:-1","max-image-preview":"max-image-preview:large","max-video-preview":"max-video-preview:-1"},"canonical":"https:\/\/www.ariens.eu\/no\/product\/snofresere\/deluxe-serien\/deluxe-24\/","og_locale":"nb_NO","og_type":"article","og_title":"DELUXE 24 - sn\u00f8freser | Ariens","og_description":"Full kontroll, h\u00f8y ytelse og masse kraft. DELUXE 24-sn\u00f8freseren h\u00e5ndterer store mengder sn\u00f8 uten problemer.","og_url":"https:\/\/www.ariens.eu\/no\/product\/snofresere\/deluxe-serien\/deluxe-24\/","og_site_name":"Ariens | EMEAA","article_modified_time":"2025-11-10T10:48:25+00:00","og_image":[{"width":900,"height":650,"url":"https:\/\/www.ariens.eu\/no\/wp-content\/uploads\/sites\/7\/2024\/06\/ariens-deluxe-24-snow-thrower-angle-view-front.webp","type":"image\/webp"}],"twitter_card":"summary_large_image","twitter_misc":{"Ansl. lesetid":"2 minutter"},"schema":{"@context":"https:\/\/schema.org","@graph":[{"@type":"WebPage","@id":"https:\/\/www.ariens.eu\/no\/product\/snofresere\/deluxe-serien\/deluxe-24\/","url":"https:\/\/www.ariens.eu\/no\/product\/snofresere\/deluxe-serien\/deluxe-24\/","name":"DELUXE 24 - sn\u00f8freser | Ariens","isPartOf":{"@id":"https:\/\/www.ariens.eu\/no\/#website"},"primaryImageOfPage":{"@id":"https:\/\/www.ariens.eu\/no\/product\/snofresere\/deluxe-serien\/deluxe-24\/#primaryimage"},"image":{"@id":"https:\/\/www.ariens.eu\/no\/product\/snofresere\/deluxe-serien\/deluxe-24\/#primaryimage"},"thumbnailUrl":"https:\/\/www.ariens.eu\/no\/wp-content\/uploads\/sites\/7\/2024\/06\/ariens-deluxe-24-snow-thrower-angle-view-front.webp","datePublished":"2024-05-10T10:04:36+00:00","dateModified":"2025-11-10T10:48:25+00:00","description":"Full kontroll, h\u00f8y ytelse og masse kraft. DELUXE 24-sn\u00f8freseren h\u00e5ndterer store mengder sn\u00f8 uten problemer.","breadcrumb":{"@id":"https:\/\/www.ariens.eu\/no\/product\/snofresere\/deluxe-serien\/deluxe-24\/#breadcrumb"},"inLanguage":"nb-NO","potentialAction":[{"@type":"ReadAction","target":["https:\/\/www.ariens.eu\/no\/product\/snofresere\/deluxe-serien\/deluxe-24\/"]}]},{"@type":"ImageObject","inLanguage":"nb-NO","@id":"https:\/\/www.ariens.eu\/no\/product\/snofresere\/deluxe-serien\/deluxe-24\/#primaryimage","url":"https:\/\/www.ariens.eu\/no\/wp-content\/uploads\/sites\/7\/2024\/06\/ariens-deluxe-24-snow-thrower-angle-view-front.webp","contentUrl":"https:\/\/www.ariens.eu\/no\/wp-content\/uploads\/sites\/7\/2024\/06\/ariens-deluxe-24-snow-thrower-angle-view-front.webp","width":900,"height":650},{"@type":"BreadcrumbList","@id":"https:\/\/www.ariens.eu\/no\/product\/snofresere\/deluxe-serien\/deluxe-24\/#breadcrumb","itemListElement":[{"@type":"ListItem","position":1,"name":"Home","item":"https:\/\/www.ariens.eu\/no\/"},{"@type":"ListItem","position":2,"name":"Shop","item":"https:\/\/www.ariens.eu\/no\/shop\/"},{"@type":"ListItem","position":3,"name":"DELUXE 24"}]},{"@type":"WebSite","@id":"https:\/\/www.ariens.eu\/no\/#website","url":"https:\/\/www.ariens.eu\/no\/","name":"Ariens | EMEAA","description":"Powerful and reliable zero-turn mowers &amp; snow blowers for professional users and demanding private customers","potentialAction":[{"@type":"SearchAction","target":{"@type":"EntryPoint","urlTemplate":"https:\/\/www.ariens.eu\/no\/?s={search_term_string}"},"query-input":{"@type":"PropertyValueSpecification","valueRequired":true,"valueName":"search_term_string"}}],"inLanguage":"nb-NO"}]}},"_links":{"self":[{"href":"https:\/\/www.ariens.eu\/no\/wp-json\/wp\/v2\/product\/2310","targetHints":{"allow":["GET"]}}],"collection":[{"href":"https:\/\/www.ariens.eu\/no\/wp-json\/wp\/v2\/product"}],"about":[{"href":"https:\/\/www.ariens.eu\/no\/wp-json\/wp\/v2\/types\/product"}],"replies":[{"embeddable":true,"href":"https:\/\/www.ariens.eu\/no\/wp-json\/wp\/v2\/comments?post=2310"}],"wp:featuredmedia":[{"embeddable":true,"href":"https:\/\/www.ariens.eu\/no\/wp-json\/wp\/v2\/media\/4616"}],"wp:attachment":[{"href":"https:\/\/www.ariens.eu\/no\/wp-json\/wp\/v2\/media?parent=2310"}],"wp:term":[{"taxonomy":"product_brand","embeddable":true,"href":"https:\/\/www.ariens.eu\/no\/wp-json\/wp\/v2\/product_brand?post=2310"},{"taxonomy":"product_cat","embeddable":true,"href":"https:\/\/www.ariens.eu\/no\/wp-json\/wp\/v2\/product_cat?post=2310"},{"taxonomy":"product_tag","embeddable":true,"href":"https:\/\/www.ariens.eu\/no\/wp-json\/wp\/v2\/product_tag?post=2310"}],"curies":[{"name":"wp","href":"https:\/\/api.w.org\/{rel}","templated":true}]}}