{"id":2316,"date":"2024-05-10T11:04:36","date_gmt":"2024-05-10T10:04:36","guid":{"rendered":"https:\/\/www.ariens.eu\/product\/v-plow-48-122-cm\/"},"modified":"2025-11-10T10:48:26","modified_gmt":"2025-11-10T10:48:26","slug":"v-plow-48-122-cm","status":"publish","type":"product","link":"https:\/\/www.ariens.eu\/no\/product\/snofresere\/tilbehor\/v-plow-48-122-cm","title":{"rendered":"V-PLOW 48&#8243; 122 cm"},"content":{"rendered":"<div class=\"acfd-block acfd-block__twocolumns mb-asm-1 container-fluid px-0 bg-default\">\n<div class=\"acfd-twocolumns\">\n<div class=\"row\">\n<div class='col-lg-9 mb-4 '>\n<div class=\"acfd-block acfd-block__headline mb-asm-1 container-fluid px-0 bg-default\">\n<div class=\"acfd-headline\" >\n<h2 class='h2 text-left li_black'>Allsidig og justerbar sn\u00f8plog \u2013 perfekt for \u00e5 skyve, rydde og samle sn\u00f8en i hauger.<\/h2>\n<\/p><\/div>\n<\/div>\n<div class=\"acfd-block acfd-block__text container-fluid px-0 bg-default\">\n<div class=\"acfd-text li_black\">\n<p>Opplev enest\u00e5ende allsidighet i sn\u00f8rydding med v\u00e5rt innovative flerfunksjonelle sn\u00f8plog-tilbeh\u00f8r. Dette unike redskapet tilbyr tre moduser for optimal sn\u00f8fjerning: V-plog, rett blad og skuffemodus, noe som gj\u00f8r det til et fleksibelt valg for alle vinterforhold.<\/p>\n<p>Den avanserte kantbladutformingen med trip-funksjon gir jevn pl\u00f8ying over ujevne overflater, noe som \u00f8ker effektiviteten. I tillegg har plogen flyte- og nedtrykkinnstillinger som beskytter b\u00e5de underlaget og brukeren, samtidig som den effektivt h\u00e5ndterer hardpakket sn\u00f8. For ekstra funksjonalitet kan <strong>6-tommers vingesett<\/strong> utvide bladets bredde, noe som gir bedre kontroll og presisjon langs plogkantene.<\/p>\n<p>Dette alt-i-ett-tilbeh\u00f8ret er ideelt for deg som trenger en p\u00e5litelig og flerfunksjonell sn\u00f8plog.<\/p>\n<\/div>\n<\/div><\/div>\n<div class='col-lg'>                    <\/div>\n<\/p><\/div>\n<\/div>\n<\/div>\n","protected":false},"excerpt":{"rendered":"<p>Allsidig og justerbar sn\u00f8plog \u2013 perfekt for \u00e5 skyve, rydde og samle sn\u00f8en i hauger. Opplev enest\u00e5ende allsidighet i sn\u00f8rydding med v\u00e5rt innovative flerfunksjonelle sn\u00f8plog-tilbeh\u00f8r. Dette unike redskapet tilbyr tre moduser for optimal sn\u00f8fjerning: V-plog, rett blad og skuffemodus, noe som gj\u00f8r det til et fleksibelt valg for alle vinterforhold. Den avanserte kantbladutformingen med trip-funksjon [&hellip;]<\/p>\n","protected":false},"featured_media":3025,"comment_status":"open","ping_status":"closed","template":"","meta":{"_acf_changed":false,"_relevanssi_hide_post":"","_relevanssi_hide_content":"","_relevanssi_pin_for_all":"","_relevanssi_pin_keywords":"","_relevanssi_unpin_keywords":"","_relevanssi_related_keywords":"","_relevanssi_related_include_ids":"","_relevanssi_related_exclude_ids":"","_relevanssi_related_no_append":"","_relevanssi_related_not_related":"","_relevanssi_related_posts":"","_relevanssi_noindex_reason":""},"product_brand":[],"product_cat":[15],"product_tag":[],"class_list":{"0":"post-2316","1":"product","2":"type-product","3":"status-publish","4":"has-post-thumbnail","6":"product_variant-tilbehor","7":"product_usage_areas-vinterservice","9":"first","10":"instock","11":"shipping-taxable","12":"product-type-simple"},"acf":[],"yoast_head":"<!-- This site is optimized with the Yoast SEO plugin v27.3 - https:\/\/yoast.com\/product\/yoast-seo-wordpress\/ -->\n<title>V-plog tilbeh\u00f8r - MAMMOTH\u2122 850 Series | Ariens<\/title>\n<meta name=\"description\" content=\"Optimaliser sn\u00f8ryddingen med v\u00e5rt allsidige tilbeh\u00f8r: V-plog, rett blad og skuffemodus. Jevn, trygg og presis sn\u00f8fjerning. Inkluderer 6&quot; vingesett.\" \/>\n<meta name=\"robots\" content=\"index, follow, max-snippet:-1, max-image-preview:large, max-video-preview:-1\" \/>\n<link rel=\"canonical\" href=\"https:\/\/www.ariens.eu\/no\/product\/snofresere\/tilbehor\/v-plow-48-122-cm\/\" \/>\n<meta property=\"og:locale\" content=\"nb_NO\" \/>\n<meta property=\"og:type\" content=\"article\" \/>\n<meta property=\"og:title\" content=\"V-plog tilbeh\u00f8r - MAMMOTH\u2122 850 Series | Ariens\" \/>\n<meta property=\"og:description\" content=\"Optimaliser sn\u00f8ryddingen med v\u00e5rt allsidige tilbeh\u00f8r: V-plog, rett blad og skuffemodus. Jevn, trygg og presis sn\u00f8fjerning. Inkluderer 6&quot; vingesett.\" \/>\n<meta property=\"og:url\" content=\"https:\/\/www.ariens.eu\/no\/product\/snofresere\/tilbehor\/v-plow-48-122-cm\/\" \/>\n<meta property=\"og:site_name\" content=\"Ariens | EMEAA\" \/>\n<meta property=\"article:modified_time\" content=\"2025-11-10T10:48:26+00:00\" \/>\n<meta property=\"og:image\" content=\"https:\/\/www.ariens.eu\/no\/wp-content\/uploads\/sites\/7\/2024\/05\/951001_Mammoth_V-Plow_F-4000x3000-2d96997-scaled.webp\" \/>\n\t<meta property=\"og:image:width\" content=\"2560\" \/>\n\t<meta property=\"og:image:height\" content=\"1920\" \/>\n\t<meta property=\"og:image:type\" content=\"image\/webp\" \/>\n<meta name=\"twitter:card\" content=\"summary_large_image\" \/>\n<meta name=\"twitter:label1\" content=\"Ansl. lesetid\" \/>\n\t<meta name=\"twitter:data1\" content=\"1 minutt\" \/>\n<script type=\"application\/ld+json\" class=\"yoast-schema-graph\">{\"@context\":\"https:\\\/\\\/schema.org\",\"@graph\":[{\"@type\":\"WebPage\",\"@id\":\"https:\\\/\\\/www.ariens.eu\\\/no\\\/product\\\/snofresere\\\/tilbehor\\\/v-plow-48-122-cm\\\/\",\"url\":\"https:\\\/\\\/www.ariens.eu\\\/no\\\/product\\\/snofresere\\\/tilbehor\\\/v-plow-48-122-cm\\\/\",\"name\":\"V-plog tilbeh\u00f8r - MAMMOTH\u2122 850 Series | Ariens\",\"isPartOf\":{\"@id\":\"https:\\\/\\\/www.ariens.eu\\\/no\\\/#website\"},\"primaryImageOfPage\":{\"@id\":\"https:\\\/\\\/www.ariens.eu\\\/no\\\/product\\\/snofresere\\\/tilbehor\\\/v-plow-48-122-cm\\\/#primaryimage\"},\"image\":{\"@id\":\"https:\\\/\\\/www.ariens.eu\\\/no\\\/product\\\/snofresere\\\/tilbehor\\\/v-plow-48-122-cm\\\/#primaryimage\"},\"thumbnailUrl\":\"https:\\\/\\\/www.ariens.eu\\\/no\\\/wp-content\\\/uploads\\\/sites\\\/7\\\/2024\\\/05\\\/951001_Mammoth_V-Plow_F-4000x3000-2d96997-scaled.webp\",\"datePublished\":\"2024-05-10T10:04:36+00:00\",\"dateModified\":\"2025-11-10T10:48:26+00:00\",\"description\":\"Optimaliser sn\u00f8ryddingen med v\u00e5rt allsidige tilbeh\u00f8r: V-plog, rett blad og skuffemodus. Jevn, trygg og presis sn\u00f8fjerning. Inkluderer 6\\\" vingesett.\",\"breadcrumb\":{\"@id\":\"https:\\\/\\\/www.ariens.eu\\\/no\\\/product\\\/snofresere\\\/tilbehor\\\/v-plow-48-122-cm\\\/#breadcrumb\"},\"inLanguage\":\"nb-NO\",\"potentialAction\":[{\"@type\":\"ReadAction\",\"target\":[\"https:\\\/\\\/www.ariens.eu\\\/no\\\/product\\\/snofresere\\\/tilbehor\\\/v-plow-48-122-cm\\\/\"]}]},{\"@type\":\"ImageObject\",\"inLanguage\":\"nb-NO\",\"@id\":\"https:\\\/\\\/www.ariens.eu\\\/no\\\/product\\\/snofresere\\\/tilbehor\\\/v-plow-48-122-cm\\\/#primaryimage\",\"url\":\"https:\\\/\\\/www.ariens.eu\\\/no\\\/wp-content\\\/uploads\\\/sites\\\/7\\\/2024\\\/05\\\/951001_Mammoth_V-Plow_F-4000x3000-2d96997-scaled.webp\",\"contentUrl\":\"https:\\\/\\\/www.ariens.eu\\\/no\\\/wp-content\\\/uploads\\\/sites\\\/7\\\/2024\\\/05\\\/951001_Mammoth_V-Plow_F-4000x3000-2d96997-scaled.webp\",\"width\":2560,\"height\":1920},{\"@type\":\"BreadcrumbList\",\"@id\":\"https:\\\/\\\/www.ariens.eu\\\/no\\\/product\\\/snofresere\\\/tilbehor\\\/v-plow-48-122-cm\\\/#breadcrumb\",\"itemListElement\":[{\"@type\":\"ListItem\",\"position\":1,\"name\":\"Home\",\"item\":\"https:\\\/\\\/www.ariens.eu\\\/no\\\/\"},{\"@type\":\"ListItem\",\"position\":2,\"name\":\"Shop\",\"item\":\"https:\\\/\\\/www.ariens.eu\\\/no\\\/shop\\\/\"},{\"@type\":\"ListItem\",\"position\":3,\"name\":\"V-PLOG 48&#8243; 122 cm\"}]},{\"@type\":\"WebSite\",\"@id\":\"https:\\\/\\\/www.ariens.eu\\\/no\\\/#website\",\"url\":\"https:\\\/\\\/www.ariens.eu\\\/no\\\/\",\"name\":\"Ariens | EMEAA\",\"description\":\"Powerful and reliable zero-turn mowers &amp; snow blowers for professional users and demanding private customers\",\"potentialAction\":[{\"@type\":\"SearchAction\",\"target\":{\"@type\":\"EntryPoint\",\"urlTemplate\":\"https:\\\/\\\/www.ariens.eu\\\/no\\\/?s={search_term_string}\"},\"query-input\":{\"@type\":\"PropertyValueSpecification\",\"valueRequired\":true,\"valueName\":\"search_term_string\"}}],\"inLanguage\":\"nb-NO\"}]}<\/script>\n<!-- \/ Yoast SEO plugin. -->","yoast_head_json":{"title":"V-plog tilbeh\u00f8r - MAMMOTH\u2122 850 Series | Ariens","description":"Optimaliser sn\u00f8ryddingen med v\u00e5rt allsidige tilbeh\u00f8r: V-plog, rett blad og skuffemodus. Jevn, trygg og presis sn\u00f8fjerning. Inkluderer 6\" vingesett.","robots":{"index":"index","follow":"follow","max-snippet":"max-snippet:-1","max-image-preview":"max-image-preview:large","max-video-preview":"max-video-preview:-1"},"canonical":"https:\/\/www.ariens.eu\/no\/product\/snofresere\/tilbehor\/v-plow-48-122-cm\/","og_locale":"nb_NO","og_type":"article","og_title":"V-plog tilbeh\u00f8r - MAMMOTH\u2122 850 Series | Ariens","og_description":"Optimaliser sn\u00f8ryddingen med v\u00e5rt allsidige tilbeh\u00f8r: V-plog, rett blad og skuffemodus. Jevn, trygg og presis sn\u00f8fjerning. Inkluderer 6\" vingesett.","og_url":"https:\/\/www.ariens.eu\/no\/product\/snofresere\/tilbehor\/v-plow-48-122-cm\/","og_site_name":"Ariens | EMEAA","article_modified_time":"2025-11-10T10:48:26+00:00","og_image":[{"width":2560,"height":1920,"url":"https:\/\/www.ariens.eu\/no\/wp-content\/uploads\/sites\/7\/2024\/05\/951001_Mammoth_V-Plow_F-4000x3000-2d96997-scaled.webp","type":"image\/webp"}],"twitter_card":"summary_large_image","twitter_misc":{"Ansl. lesetid":"1 minutt"},"schema":{"@context":"https:\/\/schema.org","@graph":[{"@type":"WebPage","@id":"https:\/\/www.ariens.eu\/no\/product\/snofresere\/tilbehor\/v-plow-48-122-cm\/","url":"https:\/\/www.ariens.eu\/no\/product\/snofresere\/tilbehor\/v-plow-48-122-cm\/","name":"V-plog tilbeh\u00f8r - MAMMOTH\u2122 850 Series | Ariens","isPartOf":{"@id":"https:\/\/www.ariens.eu\/no\/#website"},"primaryImageOfPage":{"@id":"https:\/\/www.ariens.eu\/no\/product\/snofresere\/tilbehor\/v-plow-48-122-cm\/#primaryimage"},"image":{"@id":"https:\/\/www.ariens.eu\/no\/product\/snofresere\/tilbehor\/v-plow-48-122-cm\/#primaryimage"},"thumbnailUrl":"https:\/\/www.ariens.eu\/no\/wp-content\/uploads\/sites\/7\/2024\/05\/951001_Mammoth_V-Plow_F-4000x3000-2d96997-scaled.webp","datePublished":"2024-05-10T10:04:36+00:00","dateModified":"2025-11-10T10:48:26+00:00","description":"Optimaliser sn\u00f8ryddingen med v\u00e5rt allsidige tilbeh\u00f8r: V-plog, rett blad og skuffemodus. Jevn, trygg og presis sn\u00f8fjerning. Inkluderer 6\" vingesett.","breadcrumb":{"@id":"https:\/\/www.ariens.eu\/no\/product\/snofresere\/tilbehor\/v-plow-48-122-cm\/#breadcrumb"},"inLanguage":"nb-NO","potentialAction":[{"@type":"ReadAction","target":["https:\/\/www.ariens.eu\/no\/product\/snofresere\/tilbehor\/v-plow-48-122-cm\/"]}]},{"@type":"ImageObject","inLanguage":"nb-NO","@id":"https:\/\/www.ariens.eu\/no\/product\/snofresere\/tilbehor\/v-plow-48-122-cm\/#primaryimage","url":"https:\/\/www.ariens.eu\/no\/wp-content\/uploads\/sites\/7\/2024\/05\/951001_Mammoth_V-Plow_F-4000x3000-2d96997-scaled.webp","contentUrl":"https:\/\/www.ariens.eu\/no\/wp-content\/uploads\/sites\/7\/2024\/05\/951001_Mammoth_V-Plow_F-4000x3000-2d96997-scaled.webp","width":2560,"height":1920},{"@type":"BreadcrumbList","@id":"https:\/\/www.ariens.eu\/no\/product\/snofresere\/tilbehor\/v-plow-48-122-cm\/#breadcrumb","itemListElement":[{"@type":"ListItem","position":1,"name":"Home","item":"https:\/\/www.ariens.eu\/no\/"},{"@type":"ListItem","position":2,"name":"Shop","item":"https:\/\/www.ariens.eu\/no\/shop\/"},{"@type":"ListItem","position":3,"name":"V-PLOG 48&#8243; 122 cm"}]},{"@type":"WebSite","@id":"https:\/\/www.ariens.eu\/no\/#website","url":"https:\/\/www.ariens.eu\/no\/","name":"Ariens | EMEAA","description":"Powerful and reliable zero-turn mowers &amp; snow blowers for professional users and demanding private customers","potentialAction":[{"@type":"SearchAction","target":{"@type":"EntryPoint","urlTemplate":"https:\/\/www.ariens.eu\/no\/?s={search_term_string}"},"query-input":{"@type":"PropertyValueSpecification","valueRequired":true,"valueName":"search_term_string"}}],"inLanguage":"nb-NO"}]}},"_links":{"self":[{"href":"https:\/\/www.ariens.eu\/no\/wp-json\/wp\/v2\/product\/2316","targetHints":{"allow":["GET"]}}],"collection":[{"href":"https:\/\/www.ariens.eu\/no\/wp-json\/wp\/v2\/product"}],"about":[{"href":"https:\/\/www.ariens.eu\/no\/wp-json\/wp\/v2\/types\/product"}],"replies":[{"embeddable":true,"href":"https:\/\/www.ariens.eu\/no\/wp-json\/wp\/v2\/comments?post=2316"}],"wp:featuredmedia":[{"embeddable":true,"href":"https:\/\/www.ariens.eu\/no\/wp-json\/wp\/v2\/media\/3025"}],"wp:attachment":[{"href":"https:\/\/www.ariens.eu\/no\/wp-json\/wp\/v2\/media?parent=2316"}],"wp:term":[{"taxonomy":"product_brand","embeddable":true,"href":"https:\/\/www.ariens.eu\/no\/wp-json\/wp\/v2\/product_brand?post=2316"},{"taxonomy":"product_cat","embeddable":true,"href":"https:\/\/www.ariens.eu\/no\/wp-json\/wp\/v2\/product_cat?post=2316"},{"taxonomy":"product_tag","embeddable":true,"href":"https:\/\/www.ariens.eu\/no\/wp-json\/wp\/v2\/product_tag?post=2316"}],"curies":[{"name":"wp","href":"https:\/\/api.w.org\/{rel}","templated":true}]}}