{"id":2317,"date":"2024-05-10T11:04:36","date_gmt":"2024-05-10T10:04:36","guid":{"rendered":"https:\/\/www.ariens.eu\/product\/snow-blade-48-122-cm\/"},"modified":"2026-01-06T12:15:06","modified_gmt":"2026-01-06T12:15:06","slug":"snow-blade-48-122-cm","status":"publish","type":"product","link":"https:\/\/www.ariens.eu\/no\/product\/snofresere\/tilbehor\/snow-blade-48-122-cm","title":{"rendered":"SNOW BLADE 48&#8243; 122 cm"},"content":{"rendered":"<div class=\"acfd-block acfd-block__twocolumns mb-asm-1 container-fluid px-0 bg-default\">\n<div class=\"acfd-twocolumns\">\n<div class=\"row\">\n<div class='col-lg-9 mb-4 '>\n<div class=\"acfd-block acfd-block__headline mb-asm-1 container-fluid px-0 bg-default\">\n<div class=\"acfd-headline\" >\n<h2 class='h2 text-left li_black'>Rask og enkel sn\u00f8rydding.<\/h2>\n<\/p><\/div>\n<\/div>\n<div class=\"acfd-block acfd-block__text container-fluid px-0 bg-default\">\n<div class=\"acfd-text li_black\">\n<p>Opplev effektiv sn\u00f8fjerning med <strong>MAMMOTH\u2122 sn\u00f8skj\u00e6r<\/strong>, bygget i robust 48&#8243; st\u00e5l. Skj\u00e6ret fjerner raskt b\u00e5de sn\u00f8 og slaps, og etterlater en ren og trygg overflate. Sn\u00f8skj\u00e6ret er kompatibelt med det innovative <strong>Snowzilla\u2122-festesystemet<\/strong>, som gj\u00f8r det mulig \u00e5 montere eller demontere tilbeh\u00f8ret p\u00e5 bare 30 sekunder \u2013 av \u00e9n person. Styringen skjer enkelt via en elektrisk joystick p\u00e5 dashbordet, som gir presis man\u00f8vrering. Du kan regulere flyt, legge ned trykk eller svinge skj\u00e6ret opptil 30 grader til h\u00f8yre eller venstre for optimal sn\u00f8rydding. Hvert sn\u00f8skj\u00e6r leveres med en slitesterk st\u00e5lskj\u00e6rekant for lang levetid. Et uunnv\u00e6rlig redskap for effektiv sn\u00f8h\u00e5ndtering med <strong>MAMMOTH\u2122 850<\/strong>.<\/p>\n<\/div>\n<\/div><\/div>\n<div class='col-lg'>                    <\/div>\n<\/p><\/div>\n<\/div>\n<\/div>\n","protected":false},"excerpt":{"rendered":"<p>Rask og enkel sn\u00f8rydding. Opplev effektiv sn\u00f8fjerning med MAMMOTH\u2122 sn\u00f8skj\u00e6r, bygget i robust 48&#8243; st\u00e5l. Skj\u00e6ret fjerner raskt b\u00e5de sn\u00f8 og slaps, og etterlater en ren og trygg overflate. Sn\u00f8skj\u00e6ret er kompatibelt med det innovative Snowzilla\u2122-festesystemet, som gj\u00f8r det mulig \u00e5 montere eller demontere tilbeh\u00f8ret p\u00e5 bare 30 sekunder \u2013 av \u00e9n person. Styringen skjer [&hellip;]<\/p>\n","protected":false},"featured_media":4653,"comment_status":"open","ping_status":"closed","template":"","meta":{"_acf_changed":false,"_relevanssi_hide_post":"","_relevanssi_hide_content":"","_relevanssi_pin_for_all":"","_relevanssi_pin_keywords":"","_relevanssi_unpin_keywords":"","_relevanssi_related_keywords":"","_relevanssi_related_include_ids":"","_relevanssi_related_exclude_ids":"","_relevanssi_related_no_append":"","_relevanssi_related_not_related":"","_relevanssi_related_posts":"","_relevanssi_noindex_reason":""},"product_brand":[],"product_cat":[15],"product_tag":[],"class_list":{"0":"post-2317","1":"product","2":"type-product","3":"status-publish","4":"has-post-thumbnail","6":"product_variant-tilbehor","7":"product_usage_areas-vinterservice","9":"first","10":"instock","11":"shipping-taxable","12":"product-type-simple"},"acf":[],"yoast_head":"<!-- This site is optimized with the Yoast SEO plugin v27.3 - https:\/\/yoast.com\/product\/yoast-seo-wordpress\/ -->\n<title>Sn\u00f8skj\u00e6r 122 cm \u2013 MAMMOTH\u2122 850-serien | Ariens<\/title>\n<meta name=\"description\" content=\"MAMMOTH 850 sn\u00f8skj\u00e6r 122 cm st\u00e5l fjerner sn\u00f8 og slaps raskt og presist. Elektrisk joystickstyring og Snowzilla-festesystem gir effektiv sn\u00f8rydding.\" \/>\n<meta name=\"robots\" content=\"index, follow, max-snippet:-1, max-image-preview:large, max-video-preview:-1\" \/>\n<link rel=\"canonical\" href=\"https:\/\/www.ariens.eu\/no\/product\/snofresere\/tilbehor\/snow-blade-48-122-cm\/\" \/>\n<meta property=\"og:locale\" content=\"nb_NO\" \/>\n<meta property=\"og:type\" content=\"article\" \/>\n<meta property=\"og:title\" content=\"Sn\u00f8skj\u00e6r 122 cm \u2013 MAMMOTH\u2122 850-serien | Ariens\" \/>\n<meta property=\"og:description\" content=\"MAMMOTH 850 sn\u00f8skj\u00e6r 122 cm st\u00e5l fjerner sn\u00f8 og slaps raskt og presist. Elektrisk joystickstyring og Snowzilla-festesystem gir effektiv sn\u00f8rydding.\" \/>\n<meta property=\"og:url\" content=\"https:\/\/www.ariens.eu\/no\/product\/snofresere\/tilbehor\/snow-blade-48-122-cm\/\" \/>\n<meta property=\"og:site_name\" content=\"Ariens | EMEAA\" \/>\n<meta property=\"article:modified_time\" content=\"2026-01-06T12:15:06+00:00\" \/>\n<meta property=\"og:image\" content=\"https:\/\/www.ariens.eu\/no\/wp-content\/uploads\/sites\/7\/2024\/06\/951001-Mammoth-48in_Blade_FL34-4000x3000-2d96997-1-scaled.webp\" \/>\n\t<meta property=\"og:image:width\" content=\"2560\" \/>\n\t<meta property=\"og:image:height\" content=\"1920\" \/>\n\t<meta property=\"og:image:type\" content=\"image\/webp\" \/>\n<meta name=\"twitter:card\" content=\"summary_large_image\" \/>\n<meta name=\"twitter:label1\" content=\"Ansl. lesetid\" \/>\n\t<meta name=\"twitter:data1\" content=\"1 minutt\" \/>\n<script type=\"application\/ld+json\" class=\"yoast-schema-graph\">{\"@context\":\"https:\\\/\\\/schema.org\",\"@graph\":[{\"@type\":\"WebPage\",\"@id\":\"https:\\\/\\\/www.ariens.eu\\\/no\\\/product\\\/snofresere\\\/tilbehor\\\/snow-blade-48-122-cm\\\/\",\"url\":\"https:\\\/\\\/www.ariens.eu\\\/no\\\/product\\\/snofresere\\\/tilbehor\\\/snow-blade-48-122-cm\\\/\",\"name\":\"Sn\u00f8skj\u00e6r 122 cm \u2013 MAMMOTH\u2122 850-serien | Ariens\",\"isPartOf\":{\"@id\":\"https:\\\/\\\/www.ariens.eu\\\/no\\\/#website\"},\"primaryImageOfPage\":{\"@id\":\"https:\\\/\\\/www.ariens.eu\\\/no\\\/product\\\/snofresere\\\/tilbehor\\\/snow-blade-48-122-cm\\\/#primaryimage\"},\"image\":{\"@id\":\"https:\\\/\\\/www.ariens.eu\\\/no\\\/product\\\/snofresere\\\/tilbehor\\\/snow-blade-48-122-cm\\\/#primaryimage\"},\"thumbnailUrl\":\"https:\\\/\\\/www.ariens.eu\\\/no\\\/wp-content\\\/uploads\\\/sites\\\/7\\\/2024\\\/06\\\/951001-Mammoth-48in_Blade_FL34-4000x3000-2d96997-1-scaled.webp\",\"datePublished\":\"2024-05-10T10:04:36+00:00\",\"dateModified\":\"2026-01-06T12:15:06+00:00\",\"description\":\"MAMMOTH 850 sn\u00f8skj\u00e6r 122 cm st\u00e5l fjerner sn\u00f8 og slaps raskt og presist. Elektrisk joystickstyring og Snowzilla-festesystem gir effektiv sn\u00f8rydding.\",\"breadcrumb\":{\"@id\":\"https:\\\/\\\/www.ariens.eu\\\/no\\\/product\\\/snofresere\\\/tilbehor\\\/snow-blade-48-122-cm\\\/#breadcrumb\"},\"inLanguage\":\"nb-NO\",\"potentialAction\":[{\"@type\":\"ReadAction\",\"target\":[\"https:\\\/\\\/www.ariens.eu\\\/no\\\/product\\\/snofresere\\\/tilbehor\\\/snow-blade-48-122-cm\\\/\"]}]},{\"@type\":\"ImageObject\",\"inLanguage\":\"nb-NO\",\"@id\":\"https:\\\/\\\/www.ariens.eu\\\/no\\\/product\\\/snofresere\\\/tilbehor\\\/snow-blade-48-122-cm\\\/#primaryimage\",\"url\":\"https:\\\/\\\/www.ariens.eu\\\/no\\\/wp-content\\\/uploads\\\/sites\\\/7\\\/2024\\\/06\\\/951001-Mammoth-48in_Blade_FL34-4000x3000-2d96997-1-scaled.webp\",\"contentUrl\":\"https:\\\/\\\/www.ariens.eu\\\/no\\\/wp-content\\\/uploads\\\/sites\\\/7\\\/2024\\\/06\\\/951001-Mammoth-48in_Blade_FL34-4000x3000-2d96997-1-scaled.webp\",\"width\":2560,\"height\":1920},{\"@type\":\"BreadcrumbList\",\"@id\":\"https:\\\/\\\/www.ariens.eu\\\/no\\\/product\\\/snofresere\\\/tilbehor\\\/snow-blade-48-122-cm\\\/#breadcrumb\",\"itemListElement\":[{\"@type\":\"ListItem\",\"position\":1,\"name\":\"Home\",\"item\":\"https:\\\/\\\/www.ariens.eu\\\/no\\\/\"},{\"@type\":\"ListItem\",\"position\":2,\"name\":\"Shop\",\"item\":\"https:\\\/\\\/www.ariens.eu\\\/no\\\/shop\\\/\"},{\"@type\":\"ListItem\",\"position\":3,\"name\":\"SN\u00d8SKJ\u00c6R 48&#8243; 122 cm\"}]},{\"@type\":\"WebSite\",\"@id\":\"https:\\\/\\\/www.ariens.eu\\\/no\\\/#website\",\"url\":\"https:\\\/\\\/www.ariens.eu\\\/no\\\/\",\"name\":\"Ariens | EMEAA\",\"description\":\"Powerful and reliable zero-turn mowers &amp; snow blowers for professional users and demanding private customers\",\"potentialAction\":[{\"@type\":\"SearchAction\",\"target\":{\"@type\":\"EntryPoint\",\"urlTemplate\":\"https:\\\/\\\/www.ariens.eu\\\/no\\\/?s={search_term_string}\"},\"query-input\":{\"@type\":\"PropertyValueSpecification\",\"valueRequired\":true,\"valueName\":\"search_term_string\"}}],\"inLanguage\":\"nb-NO\"}]}<\/script>\n<!-- \/ Yoast SEO plugin. -->","yoast_head_json":{"title":"Sn\u00f8skj\u00e6r 122 cm \u2013 MAMMOTH\u2122 850-serien | Ariens","description":"MAMMOTH 850 sn\u00f8skj\u00e6r 122 cm st\u00e5l fjerner sn\u00f8 og slaps raskt og presist. Elektrisk joystickstyring og Snowzilla-festesystem gir effektiv sn\u00f8rydding.","robots":{"index":"index","follow":"follow","max-snippet":"max-snippet:-1","max-image-preview":"max-image-preview:large","max-video-preview":"max-video-preview:-1"},"canonical":"https:\/\/www.ariens.eu\/no\/product\/snofresere\/tilbehor\/snow-blade-48-122-cm\/","og_locale":"nb_NO","og_type":"article","og_title":"Sn\u00f8skj\u00e6r 122 cm \u2013 MAMMOTH\u2122 850-serien | Ariens","og_description":"MAMMOTH 850 sn\u00f8skj\u00e6r 122 cm st\u00e5l fjerner sn\u00f8 og slaps raskt og presist. Elektrisk joystickstyring og Snowzilla-festesystem gir effektiv sn\u00f8rydding.","og_url":"https:\/\/www.ariens.eu\/no\/product\/snofresere\/tilbehor\/snow-blade-48-122-cm\/","og_site_name":"Ariens | EMEAA","article_modified_time":"2026-01-06T12:15:06+00:00","og_image":[{"width":2560,"height":1920,"url":"https:\/\/www.ariens.eu\/no\/wp-content\/uploads\/sites\/7\/2024\/06\/951001-Mammoth-48in_Blade_FL34-4000x3000-2d96997-1-scaled.webp","type":"image\/webp"}],"twitter_card":"summary_large_image","twitter_misc":{"Ansl. lesetid":"1 minutt"},"schema":{"@context":"https:\/\/schema.org","@graph":[{"@type":"WebPage","@id":"https:\/\/www.ariens.eu\/no\/product\/snofresere\/tilbehor\/snow-blade-48-122-cm\/","url":"https:\/\/www.ariens.eu\/no\/product\/snofresere\/tilbehor\/snow-blade-48-122-cm\/","name":"Sn\u00f8skj\u00e6r 122 cm \u2013 MAMMOTH\u2122 850-serien | Ariens","isPartOf":{"@id":"https:\/\/www.ariens.eu\/no\/#website"},"primaryImageOfPage":{"@id":"https:\/\/www.ariens.eu\/no\/product\/snofresere\/tilbehor\/snow-blade-48-122-cm\/#primaryimage"},"image":{"@id":"https:\/\/www.ariens.eu\/no\/product\/snofresere\/tilbehor\/snow-blade-48-122-cm\/#primaryimage"},"thumbnailUrl":"https:\/\/www.ariens.eu\/no\/wp-content\/uploads\/sites\/7\/2024\/06\/951001-Mammoth-48in_Blade_FL34-4000x3000-2d96997-1-scaled.webp","datePublished":"2024-05-10T10:04:36+00:00","dateModified":"2026-01-06T12:15:06+00:00","description":"MAMMOTH 850 sn\u00f8skj\u00e6r 122 cm st\u00e5l fjerner sn\u00f8 og slaps raskt og presist. Elektrisk joystickstyring og Snowzilla-festesystem gir effektiv sn\u00f8rydding.","breadcrumb":{"@id":"https:\/\/www.ariens.eu\/no\/product\/snofresere\/tilbehor\/snow-blade-48-122-cm\/#breadcrumb"},"inLanguage":"nb-NO","potentialAction":[{"@type":"ReadAction","target":["https:\/\/www.ariens.eu\/no\/product\/snofresere\/tilbehor\/snow-blade-48-122-cm\/"]}]},{"@type":"ImageObject","inLanguage":"nb-NO","@id":"https:\/\/www.ariens.eu\/no\/product\/snofresere\/tilbehor\/snow-blade-48-122-cm\/#primaryimage","url":"https:\/\/www.ariens.eu\/no\/wp-content\/uploads\/sites\/7\/2024\/06\/951001-Mammoth-48in_Blade_FL34-4000x3000-2d96997-1-scaled.webp","contentUrl":"https:\/\/www.ariens.eu\/no\/wp-content\/uploads\/sites\/7\/2024\/06\/951001-Mammoth-48in_Blade_FL34-4000x3000-2d96997-1-scaled.webp","width":2560,"height":1920},{"@type":"BreadcrumbList","@id":"https:\/\/www.ariens.eu\/no\/product\/snofresere\/tilbehor\/snow-blade-48-122-cm\/#breadcrumb","itemListElement":[{"@type":"ListItem","position":1,"name":"Home","item":"https:\/\/www.ariens.eu\/no\/"},{"@type":"ListItem","position":2,"name":"Shop","item":"https:\/\/www.ariens.eu\/no\/shop\/"},{"@type":"ListItem","position":3,"name":"SN\u00d8SKJ\u00c6R 48&#8243; 122 cm"}]},{"@type":"WebSite","@id":"https:\/\/www.ariens.eu\/no\/#website","url":"https:\/\/www.ariens.eu\/no\/","name":"Ariens | EMEAA","description":"Powerful and reliable zero-turn mowers &amp; snow blowers for professional users and demanding private customers","potentialAction":[{"@type":"SearchAction","target":{"@type":"EntryPoint","urlTemplate":"https:\/\/www.ariens.eu\/no\/?s={search_term_string}"},"query-input":{"@type":"PropertyValueSpecification","valueRequired":true,"valueName":"search_term_string"}}],"inLanguage":"nb-NO"}]}},"_links":{"self":[{"href":"https:\/\/www.ariens.eu\/no\/wp-json\/wp\/v2\/product\/2317","targetHints":{"allow":["GET"]}}],"collection":[{"href":"https:\/\/www.ariens.eu\/no\/wp-json\/wp\/v2\/product"}],"about":[{"href":"https:\/\/www.ariens.eu\/no\/wp-json\/wp\/v2\/types\/product"}],"replies":[{"embeddable":true,"href":"https:\/\/www.ariens.eu\/no\/wp-json\/wp\/v2\/comments?post=2317"}],"wp:featuredmedia":[{"embeddable":true,"href":"https:\/\/www.ariens.eu\/no\/wp-json\/wp\/v2\/media\/4653"}],"wp:attachment":[{"href":"https:\/\/www.ariens.eu\/no\/wp-json\/wp\/v2\/media?parent=2317"}],"wp:term":[{"taxonomy":"product_brand","embeddable":true,"href":"https:\/\/www.ariens.eu\/no\/wp-json\/wp\/v2\/product_brand?post=2317"},{"taxonomy":"product_cat","embeddable":true,"href":"https:\/\/www.ariens.eu\/no\/wp-json\/wp\/v2\/product_cat?post=2317"},{"taxonomy":"product_tag","embeddable":true,"href":"https:\/\/www.ariens.eu\/no\/wp-json\/wp\/v2\/product_tag?post=2317"}],"curies":[{"name":"wp","href":"https:\/\/api.w.org\/{rel}","templated":true}]}}