{"id":2318,"date":"2024-05-10T11:04:36","date_gmt":"2024-05-10T10:04:36","guid":{"rendered":"https:\/\/www.ariens.eu\/product\/power-brush-44-112-cm\/"},"modified":"2026-01-06T12:22:20","modified_gmt":"2026-01-06T12:22:20","slug":"power-brush-44-112-cm","status":"publish","type":"product","link":"https:\/\/www.ariens.eu\/no\/product\/snofresere\/tilbehor\/power-brush-44-112-cm","title":{"rendered":"POWER BRUSH 44&#8243; 112 cm"},"content":{"rendered":"<div class=\"acfd-block acfd-block__twocolumns mb-asm-1 container-fluid px-0 bg-default\">\n<div class=\"acfd-twocolumns\">\n<div class=\"row\">\n<div class='col-lg-9 mb-4 '>\n<div class=\"acfd-block acfd-block__headline mb-asm-1 container-fluid px-0 bg-default\">\n<div class=\"acfd-headline\" >\n<h2 class='h2 text-left li_black'>Utviklet for effektiv rydding av nysn\u00f8<\/h2>\n<\/p><\/div>\n<\/div>\n<div class=\"acfd-block acfd-block__text container-fluid px-0 bg-default\">\n<div class=\"acfd-text li_black\">\n<p><strong>44&#8243; B\u00f8rste<\/strong> er en l\u00f8sning i toppklasse for grundig overflaterengj\u00f8ring. Den er ideell for omr\u00e5der med nulltoleranse for sn\u00f8 og s\u00f8rger for at det ryddes helt ned til underlaget.<\/p>\n<p>B\u00f8rsten er utstyrt med innovative, individuelle skiver i polymerbust, som gir lang levetid og enkel vedlikehold &#8211; slitte skiver kan raskt byttes ut. Med en lengde p\u00e5 42&#8243;, bredde p\u00e5 48&#8243; og h\u00f8yde p\u00e5 26,5&#8243; gir den effektiv dekning. Vekten p\u00e5 197 kg gj\u00f8r den robust, men fortsatt h\u00e5ndterbar. B\u00f8rsten har en maksimal dreievinkel p\u00e5 40 grader for presis styring, og en imponerende rotasjonshastighet p\u00e5 220 o\/min som gir rask og effektiv rydding. Et uunnv\u00e6rlig redskap for alle som trenger presis og grundig rengj\u00f8ring av overflater.<\/p>\n<\/div>\n<\/div><\/div>\n<div class='col-lg'>                    <\/div>\n<\/p><\/div>\n<\/div>\n<\/div>\n<div class=\"acfd-block acfd-block__twocolumns container-fluid px-0 bg-default\">\n<div class=\"acfd-twocolumns\">\n<div class=\"row\">\n<div class='col-lg-9 mb-4 '>                    <\/div>\n<div class='col-lg'>                    <\/div>\n<\/p><\/div>\n<\/div>\n<\/div>\n","protected":false},"excerpt":{"rendered":"<p>Utviklet for effektiv rydding av nysn\u00f8 44&#8243; B\u00f8rste er en l\u00f8sning i toppklasse for grundig overflaterengj\u00f8ring. Den er ideell for omr\u00e5der med nulltoleranse for sn\u00f8 og s\u00f8rger for at det ryddes helt ned til underlaget. B\u00f8rsten er utstyrt med innovative, individuelle skiver i polymerbust, som gir lang levetid og enkel vedlikehold &#8211; slitte skiver kan [&hellip;]<\/p>\n","protected":false},"featured_media":4655,"comment_status":"open","ping_status":"closed","template":"","meta":{"_acf_changed":false,"_relevanssi_hide_post":"","_relevanssi_hide_content":"","_relevanssi_pin_for_all":"","_relevanssi_pin_keywords":"","_relevanssi_unpin_keywords":"","_relevanssi_related_keywords":"","_relevanssi_related_include_ids":"","_relevanssi_related_exclude_ids":"","_relevanssi_related_no_append":"","_relevanssi_related_not_related":"","_relevanssi_related_posts":"","_relevanssi_noindex_reason":""},"product_brand":[],"product_cat":[15],"product_tag":[],"class_list":{"0":"post-2318","1":"product","2":"type-product","3":"status-publish","4":"has-post-thumbnail","6":"product_variant-tilbehor","7":"product_usage_areas-vinterservice","9":"first","10":"instock","11":"shipping-taxable","12":"product-type-simple"},"acf":[],"yoast_head":"<!-- This site is optimized with the Yoast SEO plugin v27.3 - https:\/\/yoast.com\/product\/yoast-seo-wordpress\/ -->\n<title>44&quot; B\u00f8rste \u2013 MAMMOTH\u2122 850-serien | Ariens<\/title>\n<meta name=\"description\" content=\"Ariens 44&quot; B\u00f8rste i MAMMOTH 850-serien rydder nysn\u00f8 helt ned til underlaget. Utskiftbare polymerbust og 220 o\/min gir presis og effektiv sn\u00f8rydding.\" \/>\n<meta name=\"robots\" content=\"index, follow, max-snippet:-1, max-image-preview:large, max-video-preview:-1\" \/>\n<link rel=\"canonical\" href=\"https:\/\/www.ariens.eu\/no\/product\/snofresere\/tilbehor\/power-brush-44-112-cm\/\" \/>\n<meta property=\"og:locale\" content=\"nb_NO\" \/>\n<meta property=\"og:type\" content=\"article\" \/>\n<meta property=\"og:title\" content=\"44&quot; B\u00f8rste \u2013 MAMMOTH\u2122 850-serien | Ariens\" \/>\n<meta property=\"og:description\" content=\"Ariens 44&quot; B\u00f8rste i MAMMOTH 850-serien rydder nysn\u00f8 helt ned til underlaget. Utskiftbare polymerbust og 220 o\/min gir presis og effektiv sn\u00f8rydding.\" \/>\n<meta property=\"og:url\" content=\"https:\/\/www.ariens.eu\/no\/product\/snofresere\/tilbehor\/power-brush-44-112-cm\/\" \/>\n<meta property=\"og:site_name\" content=\"Ariens | EMEAA\" \/>\n<meta property=\"article:modified_time\" content=\"2026-01-06T12:22:20+00:00\" \/>\n<meta property=\"og:image\" content=\"https:\/\/www.ariens.eu\/no\/wp-content\/uploads\/sites\/7\/2024\/06\/951001-Mammoth-44in_Brush_FL34-scaled.webp\" \/>\n\t<meta property=\"og:image:width\" content=\"2560\" \/>\n\t<meta property=\"og:image:height\" content=\"1920\" \/>\n\t<meta property=\"og:image:type\" content=\"image\/webp\" \/>\n<meta name=\"twitter:card\" content=\"summary_large_image\" \/>\n<meta name=\"twitter:label1\" content=\"Ansl. lesetid\" \/>\n\t<meta name=\"twitter:data1\" content=\"1 minutt\" \/>\n<script type=\"application\/ld+json\" class=\"yoast-schema-graph\">{\"@context\":\"https:\\\/\\\/schema.org\",\"@graph\":[{\"@type\":\"WebPage\",\"@id\":\"https:\\\/\\\/www.ariens.eu\\\/no\\\/product\\\/snofresere\\\/tilbehor\\\/power-brush-44-112-cm\\\/\",\"url\":\"https:\\\/\\\/www.ariens.eu\\\/no\\\/product\\\/snofresere\\\/tilbehor\\\/power-brush-44-112-cm\\\/\",\"name\":\"44\\\" B\u00f8rste \u2013 MAMMOTH\u2122 850-serien | Ariens\",\"isPartOf\":{\"@id\":\"https:\\\/\\\/www.ariens.eu\\\/no\\\/#website\"},\"primaryImageOfPage\":{\"@id\":\"https:\\\/\\\/www.ariens.eu\\\/no\\\/product\\\/snofresere\\\/tilbehor\\\/power-brush-44-112-cm\\\/#primaryimage\"},\"image\":{\"@id\":\"https:\\\/\\\/www.ariens.eu\\\/no\\\/product\\\/snofresere\\\/tilbehor\\\/power-brush-44-112-cm\\\/#primaryimage\"},\"thumbnailUrl\":\"https:\\\/\\\/www.ariens.eu\\\/no\\\/wp-content\\\/uploads\\\/sites\\\/7\\\/2024\\\/06\\\/951001-Mammoth-44in_Brush_FL34-scaled.webp\",\"datePublished\":\"2024-05-10T10:04:36+00:00\",\"dateModified\":\"2026-01-06T12:22:20+00:00\",\"description\":\"Ariens 44\\\" B\u00f8rste i MAMMOTH 850-serien rydder nysn\u00f8 helt ned til underlaget. Utskiftbare polymerbust og 220 o\\\/min gir presis og effektiv sn\u00f8rydding.\",\"breadcrumb\":{\"@id\":\"https:\\\/\\\/www.ariens.eu\\\/no\\\/product\\\/snofresere\\\/tilbehor\\\/power-brush-44-112-cm\\\/#breadcrumb\"},\"inLanguage\":\"nb-NO\",\"potentialAction\":[{\"@type\":\"ReadAction\",\"target\":[\"https:\\\/\\\/www.ariens.eu\\\/no\\\/product\\\/snofresere\\\/tilbehor\\\/power-brush-44-112-cm\\\/\"]}]},{\"@type\":\"ImageObject\",\"inLanguage\":\"nb-NO\",\"@id\":\"https:\\\/\\\/www.ariens.eu\\\/no\\\/product\\\/snofresere\\\/tilbehor\\\/power-brush-44-112-cm\\\/#primaryimage\",\"url\":\"https:\\\/\\\/www.ariens.eu\\\/no\\\/wp-content\\\/uploads\\\/sites\\\/7\\\/2024\\\/06\\\/951001-Mammoth-44in_Brush_FL34-scaled.webp\",\"contentUrl\":\"https:\\\/\\\/www.ariens.eu\\\/no\\\/wp-content\\\/uploads\\\/sites\\\/7\\\/2024\\\/06\\\/951001-Mammoth-44in_Brush_FL34-scaled.webp\",\"width\":2560,\"height\":1920},{\"@type\":\"BreadcrumbList\",\"@id\":\"https:\\\/\\\/www.ariens.eu\\\/no\\\/product\\\/snofresere\\\/tilbehor\\\/power-brush-44-112-cm\\\/#breadcrumb\",\"itemListElement\":[{\"@type\":\"ListItem\",\"position\":1,\"name\":\"Home\",\"item\":\"https:\\\/\\\/www.ariens.eu\\\/no\\\/\"},{\"@type\":\"ListItem\",\"position\":2,\"name\":\"Shop\",\"item\":\"https:\\\/\\\/www.ariens.eu\\\/no\\\/shop\\\/\"},{\"@type\":\"ListItem\",\"position\":3,\"name\":\"B\u00d8RSTE 44&#8243; 112 cm\"}]},{\"@type\":\"WebSite\",\"@id\":\"https:\\\/\\\/www.ariens.eu\\\/no\\\/#website\",\"url\":\"https:\\\/\\\/www.ariens.eu\\\/no\\\/\",\"name\":\"Ariens | EMEAA\",\"description\":\"Powerful and reliable zero-turn mowers &amp; snow blowers for professional users and demanding private customers\",\"potentialAction\":[{\"@type\":\"SearchAction\",\"target\":{\"@type\":\"EntryPoint\",\"urlTemplate\":\"https:\\\/\\\/www.ariens.eu\\\/no\\\/?s={search_term_string}\"},\"query-input\":{\"@type\":\"PropertyValueSpecification\",\"valueRequired\":true,\"valueName\":\"search_term_string\"}}],\"inLanguage\":\"nb-NO\"}]}<\/script>\n<!-- \/ Yoast SEO plugin. -->","yoast_head_json":{"title":"44\" B\u00f8rste \u2013 MAMMOTH\u2122 850-serien | Ariens","description":"Ariens 44\" B\u00f8rste i MAMMOTH 850-serien rydder nysn\u00f8 helt ned til underlaget. Utskiftbare polymerbust og 220 o\/min gir presis og effektiv sn\u00f8rydding.","robots":{"index":"index","follow":"follow","max-snippet":"max-snippet:-1","max-image-preview":"max-image-preview:large","max-video-preview":"max-video-preview:-1"},"canonical":"https:\/\/www.ariens.eu\/no\/product\/snofresere\/tilbehor\/power-brush-44-112-cm\/","og_locale":"nb_NO","og_type":"article","og_title":"44\" B\u00f8rste \u2013 MAMMOTH\u2122 850-serien | Ariens","og_description":"Ariens 44\" B\u00f8rste i MAMMOTH 850-serien rydder nysn\u00f8 helt ned til underlaget. Utskiftbare polymerbust og 220 o\/min gir presis og effektiv sn\u00f8rydding.","og_url":"https:\/\/www.ariens.eu\/no\/product\/snofresere\/tilbehor\/power-brush-44-112-cm\/","og_site_name":"Ariens | EMEAA","article_modified_time":"2026-01-06T12:22:20+00:00","og_image":[{"width":2560,"height":1920,"url":"https:\/\/www.ariens.eu\/no\/wp-content\/uploads\/sites\/7\/2024\/06\/951001-Mammoth-44in_Brush_FL34-scaled.webp","type":"image\/webp"}],"twitter_card":"summary_large_image","twitter_misc":{"Ansl. lesetid":"1 minutt"},"schema":{"@context":"https:\/\/schema.org","@graph":[{"@type":"WebPage","@id":"https:\/\/www.ariens.eu\/no\/product\/snofresere\/tilbehor\/power-brush-44-112-cm\/","url":"https:\/\/www.ariens.eu\/no\/product\/snofresere\/tilbehor\/power-brush-44-112-cm\/","name":"44\" B\u00f8rste \u2013 MAMMOTH\u2122 850-serien | Ariens","isPartOf":{"@id":"https:\/\/www.ariens.eu\/no\/#website"},"primaryImageOfPage":{"@id":"https:\/\/www.ariens.eu\/no\/product\/snofresere\/tilbehor\/power-brush-44-112-cm\/#primaryimage"},"image":{"@id":"https:\/\/www.ariens.eu\/no\/product\/snofresere\/tilbehor\/power-brush-44-112-cm\/#primaryimage"},"thumbnailUrl":"https:\/\/www.ariens.eu\/no\/wp-content\/uploads\/sites\/7\/2024\/06\/951001-Mammoth-44in_Brush_FL34-scaled.webp","datePublished":"2024-05-10T10:04:36+00:00","dateModified":"2026-01-06T12:22:20+00:00","description":"Ariens 44\" B\u00f8rste i MAMMOTH 850-serien rydder nysn\u00f8 helt ned til underlaget. Utskiftbare polymerbust og 220 o\/min gir presis og effektiv sn\u00f8rydding.","breadcrumb":{"@id":"https:\/\/www.ariens.eu\/no\/product\/snofresere\/tilbehor\/power-brush-44-112-cm\/#breadcrumb"},"inLanguage":"nb-NO","potentialAction":[{"@type":"ReadAction","target":["https:\/\/www.ariens.eu\/no\/product\/snofresere\/tilbehor\/power-brush-44-112-cm\/"]}]},{"@type":"ImageObject","inLanguage":"nb-NO","@id":"https:\/\/www.ariens.eu\/no\/product\/snofresere\/tilbehor\/power-brush-44-112-cm\/#primaryimage","url":"https:\/\/www.ariens.eu\/no\/wp-content\/uploads\/sites\/7\/2024\/06\/951001-Mammoth-44in_Brush_FL34-scaled.webp","contentUrl":"https:\/\/www.ariens.eu\/no\/wp-content\/uploads\/sites\/7\/2024\/06\/951001-Mammoth-44in_Brush_FL34-scaled.webp","width":2560,"height":1920},{"@type":"BreadcrumbList","@id":"https:\/\/www.ariens.eu\/no\/product\/snofresere\/tilbehor\/power-brush-44-112-cm\/#breadcrumb","itemListElement":[{"@type":"ListItem","position":1,"name":"Home","item":"https:\/\/www.ariens.eu\/no\/"},{"@type":"ListItem","position":2,"name":"Shop","item":"https:\/\/www.ariens.eu\/no\/shop\/"},{"@type":"ListItem","position":3,"name":"B\u00d8RSTE 44&#8243; 112 cm"}]},{"@type":"WebSite","@id":"https:\/\/www.ariens.eu\/no\/#website","url":"https:\/\/www.ariens.eu\/no\/","name":"Ariens | EMEAA","description":"Powerful and reliable zero-turn mowers &amp; snow blowers for professional users and demanding private customers","potentialAction":[{"@type":"SearchAction","target":{"@type":"EntryPoint","urlTemplate":"https:\/\/www.ariens.eu\/no\/?s={search_term_string}"},"query-input":{"@type":"PropertyValueSpecification","valueRequired":true,"valueName":"search_term_string"}}],"inLanguage":"nb-NO"}]}},"_links":{"self":[{"href":"https:\/\/www.ariens.eu\/no\/wp-json\/wp\/v2\/product\/2318","targetHints":{"allow":["GET"]}}],"collection":[{"href":"https:\/\/www.ariens.eu\/no\/wp-json\/wp\/v2\/product"}],"about":[{"href":"https:\/\/www.ariens.eu\/no\/wp-json\/wp\/v2\/types\/product"}],"replies":[{"embeddable":true,"href":"https:\/\/www.ariens.eu\/no\/wp-json\/wp\/v2\/comments?post=2318"}],"wp:featuredmedia":[{"embeddable":true,"href":"https:\/\/www.ariens.eu\/no\/wp-json\/wp\/v2\/media\/4655"}],"wp:attachment":[{"href":"https:\/\/www.ariens.eu\/no\/wp-json\/wp\/v2\/media?parent=2318"}],"wp:term":[{"taxonomy":"product_brand","embeddable":true,"href":"https:\/\/www.ariens.eu\/no\/wp-json\/wp\/v2\/product_brand?post=2318"},{"taxonomy":"product_cat","embeddable":true,"href":"https:\/\/www.ariens.eu\/no\/wp-json\/wp\/v2\/product_cat?post=2318"},{"taxonomy":"product_tag","embeddable":true,"href":"https:\/\/www.ariens.eu\/no\/wp-json\/wp\/v2\/product_tag?post=2318"}],"curies":[{"name":"wp","href":"https:\/\/api.w.org\/{rel}","templated":true}]}}