{"id":2322,"date":"2024-05-10T11:04:36","date_gmt":"2024-05-10T10:04:36","guid":{"rendered":"https:\/\/www.ariens.eu\/product\/brine-sprayer-69-119-cm\/"},"modified":"2026-01-06T09:58:28","modified_gmt":"2026-01-06T09:58:28","slug":"brine-sprayer-69-119-cm","status":"publish","type":"product","link":"https:\/\/www.ariens.eu\/no\/product\/snofresere\/tilbehor\/brine-sprayer-69-119-cm","title":{"rendered":"BRINE SPRAYER 69 &#8211; 119 cm"},"content":{"rendered":"<div class=\"acfd-block acfd-block__twocolumns mb-asm-1 container-fluid px-0 bg-default\">\n<div class=\"acfd-twocolumns\">\n<div class=\"row\">\n<div class='col-lg-9 mb-4 '>\n<div class=\"acfd-block acfd-block__headline mb-asm-1 container-fluid px-0 bg-default\">\n<div class=\"acfd-headline\" >\n<h2 class='h2 text-left li_black'>Variabel spredningsbredde. P\u00e5litelig avising.<\/h2>\n<\/p><\/div>\n<\/div>\n<div class=\"acfd-block acfd-block__text container-fluid px-0 bg-default\">\n<div class=\"acfd-text li_black\">\n<p>Saltsprederen til <strong>MAMMOTH\u2122 850-serien<\/strong> er en komplett l\u00f8sning for effektiv isbekjempelse. Den er utstyrt med fem dyser, en h\u00e5ndholdt spraylanse og en 75-liters tank for saltl\u00f8sning, som sikrer effektiv avising under alle forhold. Hele settet leveres med n\u00f8dvendige slanger, pumper og dyser for enkel montering. Sprederen har en justerbar arbeidsbredde fra minimum 68,5 cm til maksimum 119,4 cm, noe som gir fleksible bruksomr\u00e5der. Den leverer en kapasitet p\u00e5 4,35 l\/min ved 1 bar og 7,68 l\/min ved 2,7 bar, og har integrert regulering for presis dosering. Med den h\u00e5ndholdte lansen kan du p\u00e5f\u00f8re direkte p\u00e5 utsatte omr\u00e5der. Saltsprederen er ideell b\u00e5de for profesjonell og privat bruk &#8211; et p\u00e5litelig valg for effektiv iskontroll.<\/p>\n<\/div>\n<\/div><\/div>\n<div class='col-lg'>                    <\/div>\n<\/p><\/div>\n<\/div>\n<\/div>\n","protected":false},"excerpt":{"rendered":"<p>Variabel spredningsbredde. P\u00e5litelig avising. Saltsprederen til MAMMOTH\u2122 850-serien er en komplett l\u00f8sning for effektiv isbekjempelse. Den er utstyrt med fem dyser, en h\u00e5ndholdt spraylanse og en 75-liters tank for saltl\u00f8sning, som sikrer effektiv avising under alle forhold. Hele settet leveres med n\u00f8dvendige slanger, pumper og dyser for enkel montering. Sprederen har en justerbar arbeidsbredde fra [&hellip;]<\/p>\n","protected":false},"featured_media":4670,"comment_status":"open","ping_status":"closed","template":"","meta":{"_acf_changed":false,"_relevanssi_hide_post":"","_relevanssi_hide_content":"","_relevanssi_pin_for_all":"","_relevanssi_pin_keywords":"","_relevanssi_unpin_keywords":"","_relevanssi_related_keywords":"","_relevanssi_related_include_ids":"","_relevanssi_related_exclude_ids":"","_relevanssi_related_no_append":"","_relevanssi_related_not_related":"","_relevanssi_related_posts":"","_relevanssi_noindex_reason":""},"product_brand":[],"product_cat":[15],"product_tag":[],"class_list":{"0":"post-2322","1":"product","2":"type-product","3":"status-publish","4":"has-post-thumbnail","6":"product_variant-tilbehor","7":"product_usage_areas-vinterservice","9":"first","10":"instock","11":"shipping-taxable","12":"product-type-simple"},"acf":[],"yoast_head":"<!-- This site is optimized with the Yoast SEO plugin v27.3 - https:\/\/yoast.com\/product\/yoast-seo-wordpress\/ -->\n<title>Saltspreder \u2013 MAMMOTH\u2122 850-serien | Ariens<\/title>\n<meta name=\"description\" content=\"Saltspreder til Ariens MAMMOTH 850 med 75 liters tank, fem dyser og h\u00e5ndholdt lanse. Variabel bredde fra 68 til 119 cm gir effektiv iskontroll.\" \/>\n<meta name=\"robots\" content=\"index, follow, max-snippet:-1, max-image-preview:large, max-video-preview:-1\" \/>\n<link rel=\"canonical\" href=\"https:\/\/www.ariens.eu\/no\/product\/snofresere\/tilbehor\/brine-sprayer-69-119-cm\/\" \/>\n<meta property=\"og:locale\" content=\"nb_NO\" \/>\n<meta property=\"og:type\" content=\"article\" \/>\n<meta property=\"og:title\" content=\"Saltspreder \u2013 MAMMOTH\u2122 850-serien | Ariens\" \/>\n<meta property=\"og:description\" content=\"Saltspreder til Ariens MAMMOTH 850 med 75 liters tank, fem dyser og h\u00e5ndholdt lanse. Variabel bredde fra 68 til 119 cm gir effektiv iskontroll.\" \/>\n<meta property=\"og:url\" content=\"https:\/\/www.ariens.eu\/no\/product\/snofresere\/tilbehor\/brine-sprayer-69-119-cm\/\" \/>\n<meta property=\"og:site_name\" content=\"Ariens | EMEAA\" \/>\n<meta property=\"article:modified_time\" content=\"2026-01-06T09:58:28+00:00\" \/>\n<meta property=\"og:image\" content=\"https:\/\/www.ariens.eu\/no\/wp-content\/uploads\/sites\/7\/2024\/06\/mammoth-brine.webp\" \/>\n\t<meta property=\"og:image:width\" content=\"475\" \/>\n\t<meta property=\"og:image:height\" content=\"475\" \/>\n\t<meta property=\"og:image:type\" content=\"image\/webp\" \/>\n<meta name=\"twitter:card\" content=\"summary_large_image\" \/>\n<meta name=\"twitter:label1\" content=\"Ansl. lesetid\" \/>\n\t<meta name=\"twitter:data1\" content=\"1 minutt\" \/>\n<script type=\"application\/ld+json\" class=\"yoast-schema-graph\">{\"@context\":\"https:\\\/\\\/schema.org\",\"@graph\":[{\"@type\":\"WebPage\",\"@id\":\"https:\\\/\\\/www.ariens.eu\\\/no\\\/product\\\/snofresere\\\/tilbehor\\\/brine-sprayer-69-119-cm\\\/\",\"url\":\"https:\\\/\\\/www.ariens.eu\\\/no\\\/product\\\/snofresere\\\/tilbehor\\\/brine-sprayer-69-119-cm\\\/\",\"name\":\"Saltspreder \u2013 MAMMOTH\u2122 850-serien | Ariens\",\"isPartOf\":{\"@id\":\"https:\\\/\\\/www.ariens.eu\\\/no\\\/#website\"},\"primaryImageOfPage\":{\"@id\":\"https:\\\/\\\/www.ariens.eu\\\/no\\\/product\\\/snofresere\\\/tilbehor\\\/brine-sprayer-69-119-cm\\\/#primaryimage\"},\"image\":{\"@id\":\"https:\\\/\\\/www.ariens.eu\\\/no\\\/product\\\/snofresere\\\/tilbehor\\\/brine-sprayer-69-119-cm\\\/#primaryimage\"},\"thumbnailUrl\":\"https:\\\/\\\/www.ariens.eu\\\/no\\\/wp-content\\\/uploads\\\/sites\\\/7\\\/2024\\\/06\\\/mammoth-brine.webp\",\"datePublished\":\"2024-05-10T10:04:36+00:00\",\"dateModified\":\"2026-01-06T09:58:28+00:00\",\"description\":\"Saltspreder til Ariens MAMMOTH 850 med 75 liters tank, fem dyser og h\u00e5ndholdt lanse. Variabel bredde fra 68 til 119 cm gir effektiv iskontroll.\",\"breadcrumb\":{\"@id\":\"https:\\\/\\\/www.ariens.eu\\\/no\\\/product\\\/snofresere\\\/tilbehor\\\/brine-sprayer-69-119-cm\\\/#breadcrumb\"},\"inLanguage\":\"nb-NO\",\"potentialAction\":[{\"@type\":\"ReadAction\",\"target\":[\"https:\\\/\\\/www.ariens.eu\\\/no\\\/product\\\/snofresere\\\/tilbehor\\\/brine-sprayer-69-119-cm\\\/\"]}]},{\"@type\":\"ImageObject\",\"inLanguage\":\"nb-NO\",\"@id\":\"https:\\\/\\\/www.ariens.eu\\\/no\\\/product\\\/snofresere\\\/tilbehor\\\/brine-sprayer-69-119-cm\\\/#primaryimage\",\"url\":\"https:\\\/\\\/www.ariens.eu\\\/no\\\/wp-content\\\/uploads\\\/sites\\\/7\\\/2024\\\/06\\\/mammoth-brine.webp\",\"contentUrl\":\"https:\\\/\\\/www.ariens.eu\\\/no\\\/wp-content\\\/uploads\\\/sites\\\/7\\\/2024\\\/06\\\/mammoth-brine.webp\",\"width\":475,\"height\":475},{\"@type\":\"BreadcrumbList\",\"@id\":\"https:\\\/\\\/www.ariens.eu\\\/no\\\/product\\\/snofresere\\\/tilbehor\\\/brine-sprayer-69-119-cm\\\/#breadcrumb\",\"itemListElement\":[{\"@type\":\"ListItem\",\"position\":1,\"name\":\"Home\",\"item\":\"https:\\\/\\\/www.ariens.eu\\\/no\\\/\"},{\"@type\":\"ListItem\",\"position\":2,\"name\":\"Shop\",\"item\":\"https:\\\/\\\/www.ariens.eu\\\/no\\\/shop\\\/\"},{\"@type\":\"ListItem\",\"position\":3,\"name\":\"SALTSPREDER 69 &#8211; 119 cm\"}]},{\"@type\":\"WebSite\",\"@id\":\"https:\\\/\\\/www.ariens.eu\\\/no\\\/#website\",\"url\":\"https:\\\/\\\/www.ariens.eu\\\/no\\\/\",\"name\":\"Ariens | EMEAA\",\"description\":\"Powerful and reliable zero-turn mowers &amp; snow blowers for professional users and demanding private customers\",\"potentialAction\":[{\"@type\":\"SearchAction\",\"target\":{\"@type\":\"EntryPoint\",\"urlTemplate\":\"https:\\\/\\\/www.ariens.eu\\\/no\\\/?s={search_term_string}\"},\"query-input\":{\"@type\":\"PropertyValueSpecification\",\"valueRequired\":true,\"valueName\":\"search_term_string\"}}],\"inLanguage\":\"nb-NO\"}]}<\/script>\n<!-- \/ Yoast SEO plugin. -->","yoast_head_json":{"title":"Saltspreder \u2013 MAMMOTH\u2122 850-serien | Ariens","description":"Saltspreder til Ariens MAMMOTH 850 med 75 liters tank, fem dyser og h\u00e5ndholdt lanse. Variabel bredde fra 68 til 119 cm gir effektiv iskontroll.","robots":{"index":"index","follow":"follow","max-snippet":"max-snippet:-1","max-image-preview":"max-image-preview:large","max-video-preview":"max-video-preview:-1"},"canonical":"https:\/\/www.ariens.eu\/no\/product\/snofresere\/tilbehor\/brine-sprayer-69-119-cm\/","og_locale":"nb_NO","og_type":"article","og_title":"Saltspreder \u2013 MAMMOTH\u2122 850-serien | Ariens","og_description":"Saltspreder til Ariens MAMMOTH 850 med 75 liters tank, fem dyser og h\u00e5ndholdt lanse. Variabel bredde fra 68 til 119 cm gir effektiv iskontroll.","og_url":"https:\/\/www.ariens.eu\/no\/product\/snofresere\/tilbehor\/brine-sprayer-69-119-cm\/","og_site_name":"Ariens | EMEAA","article_modified_time":"2026-01-06T09:58:28+00:00","og_image":[{"width":475,"height":475,"url":"https:\/\/www.ariens.eu\/no\/wp-content\/uploads\/sites\/7\/2024\/06\/mammoth-brine.webp","type":"image\/webp"}],"twitter_card":"summary_large_image","twitter_misc":{"Ansl. lesetid":"1 minutt"},"schema":{"@context":"https:\/\/schema.org","@graph":[{"@type":"WebPage","@id":"https:\/\/www.ariens.eu\/no\/product\/snofresere\/tilbehor\/brine-sprayer-69-119-cm\/","url":"https:\/\/www.ariens.eu\/no\/product\/snofresere\/tilbehor\/brine-sprayer-69-119-cm\/","name":"Saltspreder \u2013 MAMMOTH\u2122 850-serien | Ariens","isPartOf":{"@id":"https:\/\/www.ariens.eu\/no\/#website"},"primaryImageOfPage":{"@id":"https:\/\/www.ariens.eu\/no\/product\/snofresere\/tilbehor\/brine-sprayer-69-119-cm\/#primaryimage"},"image":{"@id":"https:\/\/www.ariens.eu\/no\/product\/snofresere\/tilbehor\/brine-sprayer-69-119-cm\/#primaryimage"},"thumbnailUrl":"https:\/\/www.ariens.eu\/no\/wp-content\/uploads\/sites\/7\/2024\/06\/mammoth-brine.webp","datePublished":"2024-05-10T10:04:36+00:00","dateModified":"2026-01-06T09:58:28+00:00","description":"Saltspreder til Ariens MAMMOTH 850 med 75 liters tank, fem dyser og h\u00e5ndholdt lanse. Variabel bredde fra 68 til 119 cm gir effektiv iskontroll.","breadcrumb":{"@id":"https:\/\/www.ariens.eu\/no\/product\/snofresere\/tilbehor\/brine-sprayer-69-119-cm\/#breadcrumb"},"inLanguage":"nb-NO","potentialAction":[{"@type":"ReadAction","target":["https:\/\/www.ariens.eu\/no\/product\/snofresere\/tilbehor\/brine-sprayer-69-119-cm\/"]}]},{"@type":"ImageObject","inLanguage":"nb-NO","@id":"https:\/\/www.ariens.eu\/no\/product\/snofresere\/tilbehor\/brine-sprayer-69-119-cm\/#primaryimage","url":"https:\/\/www.ariens.eu\/no\/wp-content\/uploads\/sites\/7\/2024\/06\/mammoth-brine.webp","contentUrl":"https:\/\/www.ariens.eu\/no\/wp-content\/uploads\/sites\/7\/2024\/06\/mammoth-brine.webp","width":475,"height":475},{"@type":"BreadcrumbList","@id":"https:\/\/www.ariens.eu\/no\/product\/snofresere\/tilbehor\/brine-sprayer-69-119-cm\/#breadcrumb","itemListElement":[{"@type":"ListItem","position":1,"name":"Home","item":"https:\/\/www.ariens.eu\/no\/"},{"@type":"ListItem","position":2,"name":"Shop","item":"https:\/\/www.ariens.eu\/no\/shop\/"},{"@type":"ListItem","position":3,"name":"SALTSPREDER 69 &#8211; 119 cm"}]},{"@type":"WebSite","@id":"https:\/\/www.ariens.eu\/no\/#website","url":"https:\/\/www.ariens.eu\/no\/","name":"Ariens | EMEAA","description":"Powerful and reliable zero-turn mowers &amp; snow blowers for professional users and demanding private customers","potentialAction":[{"@type":"SearchAction","target":{"@type":"EntryPoint","urlTemplate":"https:\/\/www.ariens.eu\/no\/?s={search_term_string}"},"query-input":{"@type":"PropertyValueSpecification","valueRequired":true,"valueName":"search_term_string"}}],"inLanguage":"nb-NO"}]}},"_links":{"self":[{"href":"https:\/\/www.ariens.eu\/no\/wp-json\/wp\/v2\/product\/2322","targetHints":{"allow":["GET"]}}],"collection":[{"href":"https:\/\/www.ariens.eu\/no\/wp-json\/wp\/v2\/product"}],"about":[{"href":"https:\/\/www.ariens.eu\/no\/wp-json\/wp\/v2\/types\/product"}],"replies":[{"embeddable":true,"href":"https:\/\/www.ariens.eu\/no\/wp-json\/wp\/v2\/comments?post=2322"}],"wp:featuredmedia":[{"embeddable":true,"href":"https:\/\/www.ariens.eu\/no\/wp-json\/wp\/v2\/media\/4670"}],"wp:attachment":[{"href":"https:\/\/www.ariens.eu\/no\/wp-json\/wp\/v2\/media?parent=2322"}],"wp:term":[{"taxonomy":"product_brand","embeddable":true,"href":"https:\/\/www.ariens.eu\/no\/wp-json\/wp\/v2\/product_brand?post=2322"},{"taxonomy":"product_cat","embeddable":true,"href":"https:\/\/www.ariens.eu\/no\/wp-json\/wp\/v2\/product_cat?post=2322"},{"taxonomy":"product_tag","embeddable":true,"href":"https:\/\/www.ariens.eu\/no\/wp-json\/wp\/v2\/product_tag?post=2322"}],"curies":[{"name":"wp","href":"https:\/\/api.w.org\/{rel}","templated":true}]}}