{"id":2326,"date":"2024-05-10T11:04:36","date_gmt":"2024-05-10T10:04:36","guid":{"rendered":"https:\/\/www.ariens.eu\/product\/ikon-xd-42-kawasaki\/"},"modified":"2025-11-04T14:33:30","modified_gmt":"2025-11-04T14:33:30","slug":"ikon-xd-42","status":"publish","type":"product","link":"https:\/\/www.ariens.eu\/no\/product\/zero-turn-klippere\/zero-turn-ikon-serien\/ikon-xd-42","title":{"rendered":"IKON XD 42"},"content":{"rendered":"<div class=\"acfd-block acfd-block__headline mb-asm-1 container-fluid px-0 bg-default\">\n<div class=\"acfd-headline\" >\n<h2 class='h2 text-left'>Komfort og ytelse for store hager<\/h2>\n<\/p><\/div>\n<\/div>\n<div class=\"acfd-block acfd-block__twocolumns mb-asm-2 container-fluid px-0 bg-default\">\n<div class=\"acfd-twocolumns\">\n<div class=\"row\">\n<div class='col-lg-9 mb-4'>\n<div class=\"acfd-block acfd-block__text container-fluid px-0 bg-default\">\n<div class=\"acfd-text\">\n<p>Laget for hager i alle st\u00f8rrelser og fullpakket med funksjoner fra sine st\u00f8rre s\u00f8sken. Nyt \u00f8kt komfort og ytelse med <strong>IKON XD 42<\/strong>. Med en f\u00f8rsteklasses Kawasaki-motor, en klippebredde p\u00e5 107 cm, en robust rammekonstruksjon i st\u00e5l og h\u00f8y komfort, er denne gressklipperen det ideelle valget for mellomstore plener og hager \u2013 \u00e5r etter \u00e5r.<\/p>\n<ul>\n<li><strong>Klippeaggregat:<\/strong> 107 cm (42&#8243;) sveist konstruksjon laget av 11-gauge st\u00e5l<\/li>\n<li><strong>Motor:<\/strong> Kawasaki<sup>&reg;<\/sup> FR651 726cc for kraft og p\u00e5litelighet<\/li>\n<li><strong>Klippeh\u00f8ydejustering:<\/strong> Dreieknapp med 13 forskjellige h\u00f8ydeinnstillinger<\/li>\n<li><strong>Ramme:<\/strong> R\u00f8rformet st\u00e5lkonstruksjon for ekstra holdbarhet<\/li>\n<li><strong>Sete:<\/strong> Komfortabelt h\u00f8yrygget sete med armlener og polstrede kontrollarmer<\/li>\n<li><strong>Tilbeh\u00f8r:<\/strong> Et bredt utvalg av tilleggsutstyr er tilgjengelig<\/li>\n<li><strong>Garanti:<\/strong> 3 \u00e5r eller 300 timer<\/li>\n<\/ul>\n<\/div>\n<\/div><\/div>\n<div class='col-lg'>                    <\/div>\n<\/p><\/div>\n<\/div>\n<\/div>\n<div class=\"acfd-block acfd-block__category mb-asm-3 container-fluid px-0 bg-default\">\n<div class=\"acfd-product-categories\">\n<h2 class=\"text-left mb-3\">\n        Eins\u00e4tze    <\/h2>\n<div class=\"product-categories_wrapper\">\n         <span\n                data-description=\"Are you a service provider, janitorial service or do you have to regularly maintain larger areas? Then a semi-professional machine offers you the performance and durability to reliably complete your mowing work.\"                class=\"product-category-single\"> Semi-Pro                <sup><i class=\"fa fa-info-circle\" aria-hidden=\"true\"><\/i><\/sup>            <\/span>  <span\n                data-description=\"Do you have a beautiful lawn in your garden or around your property? Do you want to maintain your lawn regularly from mid-March? Depending on the cutting width, our mowers can handle all garden sizes.\"                class=\"product-category-single\"> Private                <sup><i class=\"fa fa-info-circle\" aria-hidden=\"true\"><\/i><\/sup>            <\/span>  <span\n                data-description=\"Our mowers are equipped with high-quality Kawasaki<sup>&reg;<\/sup> or Ariens engines. They deliver above-average performance and reliability.\"                class=\"product-category-single\"> Petrol                <sup><i class=\"fa fa-info-circle\" aria-hidden=\"true\"><\/i><\/sup>            <\/span>  <span\n                data-description=\"When using a suitable mulching kit in your mower, the side discharge is no longer necessary. The clippings are finely shredded and evenly distributed to the rear of the lawn. Any fertilizer applied remains on the surface and the fine grass particles disappear almost invisibly into the lawn.\"                class=\"product-category-single\"> Optional mulching kit                <sup><i class=\"fa fa-info-circle\" aria-hidden=\"true\"><\/i><\/sup>            <\/span>  <span\n                data-description=\"Ariens ride-on mowers offer a high level of comfort. We use high-quality seats from the entry-level model upwards. Ample legroom and ergonomic controls are standard.\"                class=\"product-category-single\"> Ride-On (sitting)                <sup><i class=\"fa fa-info-circle\" aria-hidden=\"true\"><\/i><\/sup>            <\/span>  <span\n                data-description=\"With the APEX and ZENITH models, you have the choice between side discharge and rear discharge mower decks. A side discharge mower deck ejects the clippings via a side opening and a deflector. The powerful airflow then distributes it over a large area. An optional mulching kit can be installed in side discharge mower decks. When a mulching kit is used, the clippings are finely shredded and ejected to the rear. The side discharge and deflector are then closed or removed.\"                class=\"product-category-single\"> Side discharge                <sup><i class=\"fa fa-info-circle\" aria-hidden=\"true\"><\/i><\/sup>            <\/span>  <span\n                data-description=\"All Ariens mowers are suitable for flat lawns. Select your cutting width according to the size of your area and any limiting narrow areas.\"                class=\"product-category-single\"> Flat terrain                <sup><i class=\"fa fa-info-circle\" aria-hidden=\"true\"><\/i><\/sup>            <\/span>  <span\n                data-description=\"Ariens mowers cope well with undulating terrain. For undulating terrain, choose narrower cutting decks for a more uniform cutting pattern.\"                class=\"product-category-single\"> Undulating terrain                <sup><i class=\"fa fa-info-circle\" aria-hidden=\"true\"><\/i><\/sup>            <\/span>  <span\n                data-description=\"It is best to choose a machine with wide wheels. Do not exceed the specified safety limit of 15\u00b0 incline for ride-on mowers and 20\u00b0 for stand-on mowers. On undulating terrain, choose narrower cutting decks for a more uniform cutting pattern. The ZENITH model has a roll-over protection as standard. It can be retrofitted to the APEX.\"                class=\"product-category-single\"> Hilly terrain                <sup><i class=\"fa fa-info-circle\" aria-hidden=\"true\"><\/i><\/sup>            <\/span>  <span\n                data-description=\"Zero-turn mowers are not just for large areas. The EDGE model with a cutting width of 86 cm is suitable for areas from approx. 800 m\u00b2 and narrow passages.\"                class=\"product-category-single\"> Small areas                <sup><i class=\"fa fa-info-circle\" aria-hidden=\"true\"><\/i><\/sup>            <\/span>  <span\n                data-description=\"Use mowing widths of 107 cm and 122 cm on medium to large lawns.\"                class=\"product-category-single\"> Medium-sized areas                <sup><i class=\"fa fa-info-circle\" aria-hidden=\"true\"><\/i><\/sup>            <\/span>     <\/div>\n<\/div>\n<\/div>\n<div class=\"acfd-block acfd-block__twocolumns mb-asm-2 container-fluid container-fluid--force px-0 bg-default\">\n<div class=\"acfd-twocolumns\">\n<div class=\"row\">\n<div class='col-lg-12 mb-4'>\n<div class=\"acfd-product-advantages--wrapper\">\n<h2 class=\"h1 bigger text-color-black text-center mb-5\">\n        Features &#038; Benefits    <\/h2>\n<div class=\"acfd-product-advantages\">\n<div class=\"row\">\n<div class=\"col-md-6 mb-4 content\">\n                    <span class=\"d-block h5 text-color-brand mb-1\">Commercial-style deck<\/span><\/p>\n<p>10.2 cm deep, made of 2.9 mm thick sheet steel with reinforced edge and 4-point suspension. Powerful air flow and extra large ejection for a clean cut. Anti-scalp rollers prevent contact with the ground.<\/p>\n<\/p><\/div>\n<div class=\"col-md-6 mb4 image\"  style=\"background-image:url(https:\/\/www.ariens.eu\/no\/wp-content\/uploads\/sites\/7\/2024\/05\/icon-xd-deck.webp)\">\n                <\/div>\n<\/p><\/div>\n<div class=\"row\">\n<div class=\"col-md-6 mb-4 content\">\n                    <span class=\"d-block h5 text-color-brand mb-1\">Comfort seat<\/span><\/p>\n<p>The comfortable, adjustable seat with high backrest makes longer mowing intervals less tiring.<\/p>\n<\/p><\/div>\n<div class=\"col-md-6 mb4 image\"  style=\"background-image:url(https:\/\/www.ariens.eu\/no\/wp-content\/uploads\/sites\/7\/2024\/05\/ariens-ikon-xd-zero-turn-plush-seat-with-armrests-1.webp)\">\n                <\/div>\n<\/p><\/div>\n<div class=\"row\">\n<div class=\"col-md-6 mb-4 content\">\n                    <span class=\"d-block h5 text-color-brand mb-1\">Large tyres<\/span><\/p>\n<p>The large-diameter tyres with a wide footprint offer excellent traction and a smooth and comfortable ride.<\/p>\n<\/p><\/div>\n<div class=\"col-md-6 mb4 image\"  style=\"background-image:url(https:\/\/www.ariens.eu\/no\/wp-content\/uploads\/sites\/7\/2024\/05\/ariens-ikon-xd-zero-turn-large-tyres-1.webp)\">\n                <\/div>\n<\/p><\/div>\n<div class=\"row\">\n<div class=\"col-md-6 mb-4 content\">\n                    <span class=\"d-block h5 text-color-brand mb-1\">Integrated hydrostatic wheel motors<\/span><\/p>\n<p>The continuously variable, hydrostatic drive (combination of oil pump, oil motor and mechanical gearbox in one housing) delivers an enormous torque of 291 Nm and ensures smooth driving and the most precise reactions. It is also maintenance-free.<\/p>\n<\/p><\/div>\n<div class=\"col-md-6 mb4 image\"  style=\"background-image:url(https:\/\/www.ariens.eu\/no\/wp-content\/uploads\/sites\/7\/2024\/05\/ariens-ikon-xd-zero-turn-hydro-gear-ezt-transaxles-1.webp)\">\n                <\/div>\n<\/p><\/div>\n<div class=\"row\">\n<div class=\"col-md-6 mb-4 content\">\n                    <span class=\"d-block h5 text-color-brand mb-1\">Rotary selector switch for cutting height adjustment<\/span><\/p>\n<p>Ergonomic quick selector switch for the 13 cutting heights &#8211; from 3.8 cm to 11.4 cm. Convenient lifting of the cutting deck using the foot pedal.<\/p>\n<\/p><\/div>\n<div class=\"col-md-6 mb4 image\"  style=\"background-image:url(https:\/\/www.ariens.eu\/no\/wp-content\/uploads\/sites\/7\/2024\/05\/ariens-ikon-xd-zero-turn-cutting-height-dial-adjustment-1.jpg)\">\n                <\/div>\n<\/p><\/div>\n<div class=\"row\">\n<div class=\"col-md-6 mb-4 content\">\n                    <span class=\"d-block h5 text-color-brand mb-1\">Premium engines<\/span><\/p>\n<p>The name Kawasaki stands for absolute reliability, high performance and durability when it comes to engines. 726 cm\u00b3 OHV 4-stroke engine. Max. 15.4 kW (20.6 hp)\/3,600 rpm.<\/p>\n<\/p><\/div>\n<div class=\"col-md-6 mb4 image\"  style=\"background-image:url(https:\/\/www.ariens.eu\/no\/wp-content\/uploads\/sites\/7\/2024\/05\/ariens-ikon-xd-zero-turn-kawasaki-engine-1.webp)\">\n                <\/div>\n<\/p><\/div>\n<\/p><\/div>\n<\/div><\/div>\n<div class='col-lg'>                    <\/div>\n<\/p><\/div>\n<\/div>\n<\/div>\n","protected":false},"excerpt":{"rendered":"<p>Komfort og ytelse for store hager Laget for hager i alle st\u00f8rrelser og fullpakket med funksjoner fra sine st\u00f8rre s\u00f8sken. Nyt \u00f8kt komfort og ytelse med IKON XD 42. Med en f\u00f8rsteklasses Kawasaki-motor, en klippebredde p\u00e5 107 cm, en robust rammekonstruksjon i st\u00e5l og h\u00f8y komfort, er denne gressklipperen det ideelle valget for mellomstore plener [&hellip;]<\/p>\n","protected":false},"featured_media":4451,"comment_status":"open","ping_status":"closed","template":"","meta":{"_acf_changed":false,"_relevanssi_hide_post":"","_relevanssi_hide_content":"","_relevanssi_pin_for_all":"","_relevanssi_pin_keywords":"","_relevanssi_unpin_keywords":"","_relevanssi_related_keywords":"","_relevanssi_related_include_ids":"","_relevanssi_related_exclude_ids":"","_relevanssi_related_no_append":"","_relevanssi_related_not_related":"","_relevanssi_related_posts":"","_relevanssi_noindex_reason":""},"product_brand":[],"product_cat":[15],"product_tag":[],"class_list":{"0":"post-2326","1":"product","2":"type-product","3":"status-publish","4":"has-post-thumbnail","6":"product_variant-zero-turn-ikon-serien","7":"product_usage_areas-fritidsomrader","8":"product_usage_areas-private-hager","9":"product_usage_areas-vaktmestertjenester","11":"first","12":"instock","13":"shipping-taxable","14":"product-type-simple"},"acf":[],"yoast_head":"<!-- This site is optimized with the Yoast SEO plugin v27.3 - https:\/\/yoast.com\/product\/yoast-seo-wordpress\/ -->\n<title>IKON XD 42 \u2013 Ideell for mellomstore plener | Ariens Zero-Turn-klipper<\/title>\n<meta name=\"description\" content=\"With a premium Kawasaki 726cc engine and 107cm (42&quot;) fully fabricated cutter deck, an IKON XD 42 zero-turn is perfect for medium sized lawns.\" \/>\n<meta name=\"robots\" content=\"index, follow, max-snippet:-1, max-image-preview:large, max-video-preview:-1\" \/>\n<link rel=\"canonical\" href=\"https:\/\/www.ariens.eu\/no\/product\/zero-turn-klippere\/zero-turn-ikon-serien\/ikon-xd-42\/\" \/>\n<meta property=\"og:locale\" content=\"nb_NO\" \/>\n<meta property=\"og:type\" content=\"article\" \/>\n<meta property=\"og:title\" content=\"IKON XD 42 \u2013 Ideell for mellomstore plener | Ariens Zero-Turn-klipper\" \/>\n<meta property=\"og:description\" content=\"With a premium Kawasaki 726cc engine and 107cm (42&quot;) fully fabricated cutter deck, an IKON XD 42 zero-turn is perfect for medium sized lawns.\" \/>\n<meta property=\"og:url\" content=\"https:\/\/www.ariens.eu\/no\/product\/zero-turn-klippere\/zero-turn-ikon-serien\/ikon-xd-42\/\" \/>\n<meta property=\"og:site_name\" content=\"Ariens | EMEAA\" \/>\n<meta property=\"article:modified_time\" content=\"2025-11-04T14:33:30+00:00\" \/>\n<meta property=\"og:image\" content=\"https:\/\/www.ariens.eu\/no\/wp-content\/uploads\/sites\/7\/2024\/06\/2022-ariens-ikon-xd-42-zero-turn-front-left-768x555-1.png\" \/>\n\t<meta property=\"og:image:width\" content=\"768\" \/>\n\t<meta property=\"og:image:height\" content=\"555\" \/>\n\t<meta property=\"og:image:type\" content=\"image\/png\" \/>\n<meta name=\"twitter:card\" content=\"summary_large_image\" \/>\n<meta name=\"twitter:label1\" content=\"Ansl. lesetid\" \/>\n\t<meta name=\"twitter:data1\" content=\"2 minutter\" \/>\n<script type=\"application\/ld+json\" class=\"yoast-schema-graph\">{\"@context\":\"https:\\\/\\\/schema.org\",\"@graph\":[{\"@type\":\"WebPage\",\"@id\":\"https:\\\/\\\/www.ariens.eu\\\/no\\\/product\\\/zero-turn-klippere\\\/zero-turn-ikon-serien\\\/ikon-xd-42\\\/\",\"url\":\"https:\\\/\\\/www.ariens.eu\\\/no\\\/product\\\/zero-turn-klippere\\\/zero-turn-ikon-serien\\\/ikon-xd-42\\\/\",\"name\":\"IKON XD 42 \u2013 Ideell for mellomstore plener | Ariens Zero-Turn-klipper\",\"isPartOf\":{\"@id\":\"https:\\\/\\\/www.ariens.eu\\\/no\\\/#website\"},\"primaryImageOfPage\":{\"@id\":\"https:\\\/\\\/www.ariens.eu\\\/no\\\/product\\\/zero-turn-klippere\\\/zero-turn-ikon-serien\\\/ikon-xd-42\\\/#primaryimage\"},\"image\":{\"@id\":\"https:\\\/\\\/www.ariens.eu\\\/no\\\/product\\\/zero-turn-klippere\\\/zero-turn-ikon-serien\\\/ikon-xd-42\\\/#primaryimage\"},\"thumbnailUrl\":\"https:\\\/\\\/www.ariens.eu\\\/no\\\/wp-content\\\/uploads\\\/sites\\\/7\\\/2024\\\/06\\\/2022-ariens-ikon-xd-42-zero-turn-front-left-768x555-1.png\",\"datePublished\":\"2024-05-10T10:04:36+00:00\",\"dateModified\":\"2025-11-04T14:33:30+00:00\",\"description\":\"With a premium Kawasaki 726cc engine and 107cm (42\\\") fully fabricated cutter deck, an IKON XD 42 zero-turn is perfect for medium sized lawns.\",\"breadcrumb\":{\"@id\":\"https:\\\/\\\/www.ariens.eu\\\/no\\\/product\\\/zero-turn-klippere\\\/zero-turn-ikon-serien\\\/ikon-xd-42\\\/#breadcrumb\"},\"inLanguage\":\"nb-NO\",\"potentialAction\":[{\"@type\":\"ReadAction\",\"target\":[\"https:\\\/\\\/www.ariens.eu\\\/no\\\/product\\\/zero-turn-klippere\\\/zero-turn-ikon-serien\\\/ikon-xd-42\\\/\"]}]},{\"@type\":\"ImageObject\",\"inLanguage\":\"nb-NO\",\"@id\":\"https:\\\/\\\/www.ariens.eu\\\/no\\\/product\\\/zero-turn-klippere\\\/zero-turn-ikon-serien\\\/ikon-xd-42\\\/#primaryimage\",\"url\":\"https:\\\/\\\/www.ariens.eu\\\/no\\\/wp-content\\\/uploads\\\/sites\\\/7\\\/2024\\\/06\\\/2022-ariens-ikon-xd-42-zero-turn-front-left-768x555-1.png\",\"contentUrl\":\"https:\\\/\\\/www.ariens.eu\\\/no\\\/wp-content\\\/uploads\\\/sites\\\/7\\\/2024\\\/06\\\/2022-ariens-ikon-xd-42-zero-turn-front-left-768x555-1.png\",\"width\":768,\"height\":555},{\"@type\":\"BreadcrumbList\",\"@id\":\"https:\\\/\\\/www.ariens.eu\\\/no\\\/product\\\/zero-turn-klippere\\\/zero-turn-ikon-serien\\\/ikon-xd-42\\\/#breadcrumb\",\"itemListElement\":[{\"@type\":\"ListItem\",\"position\":1,\"name\":\"Home\",\"item\":\"https:\\\/\\\/www.ariens.eu\\\/no\\\/\"},{\"@type\":\"ListItem\",\"position\":2,\"name\":\"Shop\",\"item\":\"https:\\\/\\\/www.ariens.eu\\\/no\\\/shop\\\/\"},{\"@type\":\"ListItem\",\"position\":3,\"name\":\"IKON XD 42\"}]},{\"@type\":\"WebSite\",\"@id\":\"https:\\\/\\\/www.ariens.eu\\\/no\\\/#website\",\"url\":\"https:\\\/\\\/www.ariens.eu\\\/no\\\/\",\"name\":\"Ariens | EMEAA\",\"description\":\"Powerful and reliable zero-turn mowers &amp; snow blowers for professional users and demanding private customers\",\"potentialAction\":[{\"@type\":\"SearchAction\",\"target\":{\"@type\":\"EntryPoint\",\"urlTemplate\":\"https:\\\/\\\/www.ariens.eu\\\/no\\\/?s={search_term_string}\"},\"query-input\":{\"@type\":\"PropertyValueSpecification\",\"valueRequired\":true,\"valueName\":\"search_term_string\"}}],\"inLanguage\":\"nb-NO\"}]}<\/script>\n<!-- \/ Yoast SEO plugin. -->","yoast_head_json":{"title":"IKON XD 42 \u2013 Ideell for mellomstore plener | Ariens Zero-Turn-klipper","description":"With a premium Kawasaki 726cc engine and 107cm (42\") fully fabricated cutter deck, an IKON XD 42 zero-turn is perfect for medium sized lawns.","robots":{"index":"index","follow":"follow","max-snippet":"max-snippet:-1","max-image-preview":"max-image-preview:large","max-video-preview":"max-video-preview:-1"},"canonical":"https:\/\/www.ariens.eu\/no\/product\/zero-turn-klippere\/zero-turn-ikon-serien\/ikon-xd-42\/","og_locale":"nb_NO","og_type":"article","og_title":"IKON XD 42 \u2013 Ideell for mellomstore plener | Ariens Zero-Turn-klipper","og_description":"With a premium Kawasaki 726cc engine and 107cm (42\") fully fabricated cutter deck, an IKON XD 42 zero-turn is perfect for medium sized lawns.","og_url":"https:\/\/www.ariens.eu\/no\/product\/zero-turn-klippere\/zero-turn-ikon-serien\/ikon-xd-42\/","og_site_name":"Ariens | EMEAA","article_modified_time":"2025-11-04T14:33:30+00:00","og_image":[{"width":768,"height":555,"url":"https:\/\/www.ariens.eu\/no\/wp-content\/uploads\/sites\/7\/2024\/06\/2022-ariens-ikon-xd-42-zero-turn-front-left-768x555-1.png","type":"image\/png"}],"twitter_card":"summary_large_image","twitter_misc":{"Ansl. lesetid":"2 minutter"},"schema":{"@context":"https:\/\/schema.org","@graph":[{"@type":"WebPage","@id":"https:\/\/www.ariens.eu\/no\/product\/zero-turn-klippere\/zero-turn-ikon-serien\/ikon-xd-42\/","url":"https:\/\/www.ariens.eu\/no\/product\/zero-turn-klippere\/zero-turn-ikon-serien\/ikon-xd-42\/","name":"IKON XD 42 \u2013 Ideell for mellomstore plener | Ariens Zero-Turn-klipper","isPartOf":{"@id":"https:\/\/www.ariens.eu\/no\/#website"},"primaryImageOfPage":{"@id":"https:\/\/www.ariens.eu\/no\/product\/zero-turn-klippere\/zero-turn-ikon-serien\/ikon-xd-42\/#primaryimage"},"image":{"@id":"https:\/\/www.ariens.eu\/no\/product\/zero-turn-klippere\/zero-turn-ikon-serien\/ikon-xd-42\/#primaryimage"},"thumbnailUrl":"https:\/\/www.ariens.eu\/no\/wp-content\/uploads\/sites\/7\/2024\/06\/2022-ariens-ikon-xd-42-zero-turn-front-left-768x555-1.png","datePublished":"2024-05-10T10:04:36+00:00","dateModified":"2025-11-04T14:33:30+00:00","description":"With a premium Kawasaki 726cc engine and 107cm (42\") fully fabricated cutter deck, an IKON XD 42 zero-turn is perfect for medium sized lawns.","breadcrumb":{"@id":"https:\/\/www.ariens.eu\/no\/product\/zero-turn-klippere\/zero-turn-ikon-serien\/ikon-xd-42\/#breadcrumb"},"inLanguage":"nb-NO","potentialAction":[{"@type":"ReadAction","target":["https:\/\/www.ariens.eu\/no\/product\/zero-turn-klippere\/zero-turn-ikon-serien\/ikon-xd-42\/"]}]},{"@type":"ImageObject","inLanguage":"nb-NO","@id":"https:\/\/www.ariens.eu\/no\/product\/zero-turn-klippere\/zero-turn-ikon-serien\/ikon-xd-42\/#primaryimage","url":"https:\/\/www.ariens.eu\/no\/wp-content\/uploads\/sites\/7\/2024\/06\/2022-ariens-ikon-xd-42-zero-turn-front-left-768x555-1.png","contentUrl":"https:\/\/www.ariens.eu\/no\/wp-content\/uploads\/sites\/7\/2024\/06\/2022-ariens-ikon-xd-42-zero-turn-front-left-768x555-1.png","width":768,"height":555},{"@type":"BreadcrumbList","@id":"https:\/\/www.ariens.eu\/no\/product\/zero-turn-klippere\/zero-turn-ikon-serien\/ikon-xd-42\/#breadcrumb","itemListElement":[{"@type":"ListItem","position":1,"name":"Home","item":"https:\/\/www.ariens.eu\/no\/"},{"@type":"ListItem","position":2,"name":"Shop","item":"https:\/\/www.ariens.eu\/no\/shop\/"},{"@type":"ListItem","position":3,"name":"IKON XD 42"}]},{"@type":"WebSite","@id":"https:\/\/www.ariens.eu\/no\/#website","url":"https:\/\/www.ariens.eu\/no\/","name":"Ariens | EMEAA","description":"Powerful and reliable zero-turn mowers &amp; snow blowers for professional users and demanding private customers","potentialAction":[{"@type":"SearchAction","target":{"@type":"EntryPoint","urlTemplate":"https:\/\/www.ariens.eu\/no\/?s={search_term_string}"},"query-input":{"@type":"PropertyValueSpecification","valueRequired":true,"valueName":"search_term_string"}}],"inLanguage":"nb-NO"}]}},"_links":{"self":[{"href":"https:\/\/www.ariens.eu\/no\/wp-json\/wp\/v2\/product\/2326","targetHints":{"allow":["GET"]}}],"collection":[{"href":"https:\/\/www.ariens.eu\/no\/wp-json\/wp\/v2\/product"}],"about":[{"href":"https:\/\/www.ariens.eu\/no\/wp-json\/wp\/v2\/types\/product"}],"replies":[{"embeddable":true,"href":"https:\/\/www.ariens.eu\/no\/wp-json\/wp\/v2\/comments?post=2326"}],"wp:featuredmedia":[{"embeddable":true,"href":"https:\/\/www.ariens.eu\/no\/wp-json\/wp\/v2\/media\/4451"}],"wp:attachment":[{"href":"https:\/\/www.ariens.eu\/no\/wp-json\/wp\/v2\/media?parent=2326"}],"wp:term":[{"taxonomy":"product_brand","embeddable":true,"href":"https:\/\/www.ariens.eu\/no\/wp-json\/wp\/v2\/product_brand?post=2326"},{"taxonomy":"product_cat","embeddable":true,"href":"https:\/\/www.ariens.eu\/no\/wp-json\/wp\/v2\/product_cat?post=2326"},{"taxonomy":"product_tag","embeddable":true,"href":"https:\/\/www.ariens.eu\/no\/wp-json\/wp\/v2\/product_tag?post=2326"}],"curies":[{"name":"wp","href":"https:\/\/api.w.org\/{rel}","templated":true}]}}