{"id":2334,"date":"2024-05-10T11:04:36","date_gmt":"2024-05-10T10:04:36","guid":{"rendered":"https:\/\/www.ariens.eu\/product\/zenith-52r\/"},"modified":"2026-02-25T10:42:38","modified_gmt":"2026-02-25T10:42:38","slug":"zenith-52r","status":"publish","type":"product","link":"https:\/\/www.ariens.eu\/no\/product\/zero-turn-klippere\/zenith-serien\/zenith-52r","title":{"rendered":"ZENITH 52R"},"content":{"rendered":"<div class=\"acfd-block acfd-block__headline mb-asm-1 container-fluid px-0 bg-default\">\n<div class=\"acfd-headline\" >\n<h2 class='h2 text-left li_black'>Kraft og brukervennlighet som kommunale brukere ettersp\u00f8r \u2013 med bakutkast<\/h2>\n<\/p><\/div>\n<\/div>\n<div class=\"acfd-block acfd-block__twocolumns mb-asm-1 container-fluid container-fluid--force px-0 bg-default\">\n<div class=\"acfd-twocolumns\">\n<div class=\"row\">\n<div class='col-lg-9 mb-4 '>\n<div class=\"acfd-block acfd-block__text container-fluid px-0 bg-default\">\n<div class=\"acfd-text li_black\">\n<p>All v\u00e5r erfaring samlet i \u00e9n maskin for daglig, profesjonell og kommunal bruk. Maksimal ytelse, slitestyrke og komfort. En maskin du kan stole p\u00e5 &#8211; hver dag.<\/p>\n<p>ZENITH 52R er utstyrt med bakutkast som kaster gresset bakover, mellom hjulene. Den er utstyrt med en profesjonell Kawasaki FX730V-motor med dobbelt luftfilter. Dempet forhjulsgaffel og et dempet, justerbart komfortsete gir maksimal kj\u00f8rekomfort. Profesjonelt klippebord med 132 cm klippebredde. Kan ogs\u00e5 brukes med sideutkast eller mulchingsett. ROPS er standard, og maskinen leveres med profesjonell garanti.<\/p>\n<ul>\n<li>ZENITH 52R har et 132 cm (52&#8243;) bakutkast, sveiset klippebord i kraftig 10-gauge st\u00e5l<\/li>\n<li>Utstyrt med en profesjonell 726 cm\u00b3 Kawasaki<sup>&reg;<\/sup> FX730V V-Twin motor<\/li>\n<li>Helsveiset ramme i st\u00e5l &#8211; bransjeledende styrke og holdbarhet<\/li>\n<li>Constant Belt Tension (CBT)-system som forlenger reimens levetid<\/li>\n<li>Dempet forhjulsgaffel og dempet komfortsete for en jevnere kj\u00f8reopplevelse<\/li>\n<li>ROPS montert som standard for \u00f8kt f\u00f8rerbeskyttelse<\/li>\n<li>Fotbetjent l\u00f8ftesystem for klippdekket, med 15 h\u00f8yder.<\/li>\n<li>Bredt utvalg av tilgjengelig tilbeh\u00f8r<\/li>\n<li>4 \u00e5rs eller 750 timers garanti<\/li>\n<\/ul>\n<\/div>\n<\/div><\/div>\n<div class='col-lg'>                    <\/div>\n<\/p><\/div>\n<\/div>\n<\/div>\n<div class=\"acfd-block acfd-block__category mb-asm-3 container-fluid px-0 bg-default\">\n<div class=\"acfd-product-categories\">\n<h2 class=\"text-left mb-3\">\n        Eins\u00e4tze    <\/h2>\n<div class=\"product-categories_wrapper\">\n         <span\n                data-description=\"Klipper du i mange timer - eller kanskje i dagevis og ukevis av gangen? Bruker du maskinen kommersielt og tjener penger p\u00e5 den? Da trenger du en ekstra driftssikker og komfortabel maskin med slitesterke komponenter.\"                class=\"product-category-single\"> Profesjonell bruk                <sup><i class=\"fa fa-info-circle\" aria-hidden=\"true\"><\/i><\/sup>            <\/span>  <span\n                data-description=\"V\u00e5re gressklippere er utstyrt med motorer fra Kawasaki<sup>&reg;<\/sup> eller Ariens av h\u00f8y kvalitet. De leverer ytelse og driftssikkerhet over gjennomsnittet.\"                class=\"product-category-single\"> Bensin                <sup><i class=\"fa fa-info-circle\" aria-hidden=\"true\"><\/i><\/sup>            <\/span>  <span\n                data-description=\"Ariens sitteklippere byr p\u00e5 h\u00f8y komfort. Vi bruker seter av h\u00f8y kvalitet allerede fra innstegsmodellene. God benplass og ergonomiske betjeningsorganer er standard.\"                class=\"product-category-single\"> Sitteklipper                <sup><i class=\"fa fa-info-circle\" aria-hidden=\"true\"><\/i><\/sup>            <\/span>  <span\n                data-description=\"Med APEX- og ZENITH-modellene kan du velge mellom sideutkast eller bakutkast. Et bakutkast er lukket p\u00e5 siden og kaster gresset ut bakover. Fordelen er at avklippet ikke havner p\u00e5 stier eller bed, og at h\u00f8yere gress kan klippes bedre enn med et mulchingsett. Bakutkast brukes ofte i kommunal drift.\"                class=\"product-category-single\"> Bakutkast                <sup><i class=\"fa fa-info-circle\" aria-hidden=\"true\"><\/i><\/sup>            <\/span>  <span\n                data-description=\"Alle Ariens gressklippere er godt egnet til flate plener. Velg klippebredde ut fra st\u00f8rrelsen p\u00e5 arealet og eventuelle trange passasjer som kan begrense maskinbredden.\"                class=\"product-category-single\"> Flatt terreng                <sup><i class=\"fa fa-info-circle\" aria-hidden=\"true\"><\/i><\/sup>            <\/span>  <span\n                data-description=\"Ariens gressklippere h\u00e5ndterer ujevnt terreng godt. P\u00e5 ujevnt underlag anbefales smalere klippebredder for et mer jevnt klipperesultat.\"                class=\"product-category-single\"> Ujevnt terreng                <sup><i class=\"fa fa-info-circle\" aria-hidden=\"true\"><\/i><\/sup>            <\/span>  <span\n                data-description=\"Det anbefales \u00e5 velge en maskin med brede hjul. Ikke overskrid den angitte sikkerhetsgrensen p\u00e5 15\u00b0 helling for sitteklippere og 20\u00b0 for st\u00e5ende klippere. P\u00e5 ujevnt terreng b\u00f8r du velge et smalere klippeaggregat for et mer jevnt klipperesultat. ZENITH-modellen leveres med veltesikring (ROPS) som standard, og dette kan ettermonteres p\u00e5 APEX.\"                class=\"product-category-single\"> Kupert terreng                <sup><i class=\"fa fa-info-circle\" aria-hidden=\"true\"><\/i><\/sup>            <\/span>  <span\n                data-description=\"Klippeaggregater med 132 cm og 152 cm bredde brukes effektivt p\u00e5 store flater.\"                class=\"product-category-single\"> Store arealer                <sup><i class=\"fa fa-info-circle\" aria-hidden=\"true\"><\/i><\/sup>            <\/span>     <\/div>\n<\/div>\n<\/div>\n<div class=\"acfd-block acfd-block__twocolumns mb-asm-2 container-fluid container-fluid--force px-0 bg-default\">\n<div class=\"acfd-twocolumns\">\n<div class=\"row\">\n<div class='col-lg-12 mb-4 '>\n<div class=\"acfd-product-advantages--wrapper\">\n<h2 class=\"h1 bigger text-color-black text-center mb-5\">\n        Features &#038; Benefits    <\/h2>\n<div class=\"acfd-product-advantages\">\n<div class=\"row\">\n<div class=\"col-md-6 mb-4 content\">\n                    <span class=\"d-block h5 text-color-brand mb-1\">Industry-leading frame design<\/span><\/p>\n<p>Large-dimensioned tubular frame and as few weld seams as possible, thanks to automotive bending technology, carry the loads of the machine with unrivalled strength and stability.<\/p>\n<\/p><\/div>\n<div class=\"col-md-6 mb4 image\"  style=\"background-image:url(https:\/\/www.ariens.eu\/no\/wp-content\/uploads\/sites\/7\/2024\/05\/frame.webp)\">\n                <\/div>\n<\/p><\/div>\n<div class=\"row\">\n<div class=\"col-md-6 mb-4 content\">\n                    <span class=\"d-block h5 text-color-brand mb-1\">Professional mowing deck<\/span><\/p>\n<p>ZENITH mower decks are suspended from four fixed points. Once adjusted, they maintain their level position even over uneven ground. A 13 mm steel edge protects the front and sides. The blade spindles are made of cold forged aluminium. These are more vibration resistant than castings and run up to 12\u00b0C cooler than steel spindles. With a depth of 14 cm, the deck allows a strong airflow for optimal cutting. Choose from side- or rear ejection mower decks.<\/p>\n<\/p><\/div>\n<div class=\"col-md-6 mb4 image\"  style=\"background-image:url(https:\/\/www.ariens.eu\/no\/wp-content\/uploads\/sites\/7\/2024\/05\/grade-deck.webp)\">\n                <\/div>\n<\/p><\/div>\n<div class=\"row\">\n<div class=\"col-md-6 mb-4 content\">\n                    <span class=\"d-block h5 text-color-brand mb-1\">Automatic belt tensioner system<\/span><\/p>\n<p>The automatic CBT (Constant Belt Tension) technology keeps the belt tension of the mower deck constant at all times. This increases the service life of the belt, compensates for wear and prevents belt slippage for a consistently high-quality cutting pattern.<\/p>\n<\/p><\/div>\n<div class=\"col-md-6 mb4 image\"  style=\"background-image:url(https:\/\/www.ariens.eu\/no\/wp-content\/uploads\/sites\/7\/2024\/05\/apex-feature-3.webp)\">\n                <\/div>\n<\/p><\/div>\n<div class=\"row\">\n<div class=\"col-md-6 mb-4 content\">\n                    <span class=\"d-block h5 text-color-brand mb-1\">ROPS<\/span><\/p>\n<p>The standard rollover protection system with safety belt (ROPS) offers additional protection for the driver. It is foldable and ergonomically tilted backwards to prevent painful bumping of the elbow while driving.<\/p>\n<\/p><\/div>\n<div class=\"col-md-6 mb4 image\"  style=\"background-image:url(https:\/\/www.ariens.eu\/no\/wp-content\/uploads\/sites\/7\/2024\/05\/ariens-zenith-zero-turn-feature5-rops.webp)\">\n                <\/div>\n<\/p><\/div>\n<div class=\"row\">\n<div class=\"col-md-6 mb-4 content\">\n                    <span class=\"d-block h5 text-color-brand mb-1\">Mower deck lifting by foot pedal<\/span><\/p>\n<p>The solid cutting deck is raised conveniently and effortlessly using a foot pedal. To select one of the 15 cutting heights from 3.8 &#8211; 12.7 cm, a metal plug is inserted into the respective recess in the display.<\/p>\n<\/p><\/div>\n<div class=\"col-md-6 mb4 image\"  style=\"background-image:url(https:\/\/www.ariens.eu\/no\/wp-content\/uploads\/sites\/7\/2024\/05\/ariens-apex-zero-turn-deck-lift.webp)\">\n                <\/div>\n<\/p><\/div>\n<div class=\"row\">\n<div class=\"col-md-6 mb-4 content\">\n                    <span class=\"d-block h5 text-color-brand mb-1\">Fully adjustable comfort seat<\/span><\/p>\n<p>Maximum driving comfort is essential for working productively and safely for hours on end. Keeping hard shocks and vibrations away from the driver is particularly important for his well-being and health. The hydro-pneumatic suspension of the driver&#8217;s seat can be precisely adjusted to the driver&#8217;s body weight. Adjustable armrests and a high backrest allow the driver to find their ideal sitting position. <\/p>\n<\/p><\/div>\n<div class=\"col-md-6 mb4 image\"  style=\"background-image:url(https:\/\/www.ariens.eu\/no\/wp-content\/uploads\/sites\/7\/2024\/05\/ariens-zenith-zero-turn-suspension-seat.webp)\">\n                <\/div>\n<\/p><\/div>\n<\/p><\/div>\n<\/div><\/div>\n<div class='col-lg'>                    <\/div>\n<\/p><\/div>\n<\/div>\n<\/div>\n","protected":false},"excerpt":{"rendered":"<p>Kraft og brukervennlighet som kommunale brukere ettersp\u00f8r \u2013 med bakutkast All v\u00e5r erfaring samlet i \u00e9n maskin for daglig, profesjonell og kommunal bruk. Maksimal ytelse, slitestyrke og komfort. En maskin du kan stole p\u00e5 &#8211; hver dag. ZENITH 52R er utstyrt med bakutkast som kaster gresset bakover, mellom hjulene. Den er utstyrt med en profesjonell [&hellip;]<\/p>\n","protected":false},"featured_media":4480,"comment_status":"open","ping_status":"closed","template":"","meta":{"_acf_changed":false,"_relevanssi_hide_post":"","_relevanssi_hide_content":"","_relevanssi_pin_for_all":"","_relevanssi_pin_keywords":"","_relevanssi_unpin_keywords":"","_relevanssi_related_keywords":"","_relevanssi_related_include_ids":"","_relevanssi_related_exclude_ids":"","_relevanssi_related_no_append":"","_relevanssi_related_not_related":"","_relevanssi_related_posts":"","_relevanssi_noindex_reason":""},"product_brand":[],"product_cat":[15],"product_tag":[],"class_list":{"0":"post-2334","1":"product","2":"type-product","3":"status-publish","4":"has-post-thumbnail","6":"product_variant-zenith-serien","7":"product_usage_areas-entreprenorer","8":"product_usage_areas-fritidsomrader","9":"product_usage_areas-kommuner-og-driftsavdelinger","10":"product_usage_areas-vaktmestertjenester","12":"first","13":"instock","14":"shipping-taxable","15":"product-type-simple"},"acf":[],"yoast_head":"<!-- This site is optimized with the Yoast SEO plugin v27.3 - https:\/\/yoast.com\/product\/yoast-seo-wordpress\/ -->\n<title>ZENITH 52R \u2013 profesjonell Zero-Turn med bakutkast | Ariens<\/title>\n<meta name=\"description\" content=\"Ariens ZENITH 52R bakutkast klipper med Kawasaki FX730V 726 cm\u00b3 motor og 132 cm bredde er det profesjonelle valget for daglig bruk.\" \/>\n<meta name=\"robots\" content=\"index, follow, max-snippet:-1, max-image-preview:large, max-video-preview:-1\" \/>\n<link rel=\"canonical\" href=\"https:\/\/www.ariens.eu\/no\/product\/zero-turn-klippere\/zenith-serien\/zenith-52r\/\" \/>\n<meta property=\"og:locale\" content=\"nb_NO\" \/>\n<meta property=\"og:type\" content=\"article\" \/>\n<meta property=\"og:title\" content=\"ZENITH 52R \u2013 profesjonell Zero-Turn med bakutkast | Ariens\" \/>\n<meta property=\"og:description\" content=\"Ariens ZENITH 52R bakutkast klipper med Kawasaki FX730V 726 cm\u00b3 motor og 132 cm bredde er det profesjonelle valget for daglig bruk.\" \/>\n<meta property=\"og:url\" content=\"https:\/\/www.ariens.eu\/no\/product\/zero-turn-klippere\/zenith-serien\/zenith-52r\/\" \/>\n<meta property=\"og:site_name\" content=\"Ariens | EMEAA\" \/>\n<meta property=\"article:modified_time\" content=\"2026-02-25T10:42:38+00:00\" \/>\n<meta property=\"og:image\" content=\"https:\/\/www.ariens.eu\/no\/wp-content\/uploads\/sites\/7\/2024\/06\/ariens-zenith-52r-rear-discharge-zero-turn-front-left-768x555-1.webp\" \/>\n\t<meta property=\"og:image:width\" content=\"768\" \/>\n\t<meta property=\"og:image:height\" content=\"555\" \/>\n\t<meta property=\"og:image:type\" content=\"image\/webp\" \/>\n<meta name=\"twitter:card\" content=\"summary_large_image\" \/>\n<meta name=\"twitter:label1\" content=\"Ansl. lesetid\" \/>\n\t<meta name=\"twitter:data1\" content=\"4 minutter\" \/>\n<script type=\"application\/ld+json\" class=\"yoast-schema-graph\">{\"@context\":\"https:\\\/\\\/schema.org\",\"@graph\":[{\"@type\":\"WebPage\",\"@id\":\"https:\\\/\\\/www.ariens.eu\\\/no\\\/product\\\/zero-turn-klippere\\\/zenith-serien\\\/zenith-52r\\\/\",\"url\":\"https:\\\/\\\/www.ariens.eu\\\/no\\\/product\\\/zero-turn-klippere\\\/zenith-serien\\\/zenith-52r\\\/\",\"name\":\"ZENITH 52R \u2013 profesjonell Zero-Turn med bakutkast | Ariens\",\"isPartOf\":{\"@id\":\"https:\\\/\\\/www.ariens.eu\\\/no\\\/#website\"},\"primaryImageOfPage\":{\"@id\":\"https:\\\/\\\/www.ariens.eu\\\/no\\\/product\\\/zero-turn-klippere\\\/zenith-serien\\\/zenith-52r\\\/#primaryimage\"},\"image\":{\"@id\":\"https:\\\/\\\/www.ariens.eu\\\/no\\\/product\\\/zero-turn-klippere\\\/zenith-serien\\\/zenith-52r\\\/#primaryimage\"},\"thumbnailUrl\":\"https:\\\/\\\/www.ariens.eu\\\/no\\\/wp-content\\\/uploads\\\/sites\\\/7\\\/2024\\\/06\\\/ariens-zenith-52r-rear-discharge-zero-turn-front-left-768x555-1.webp\",\"datePublished\":\"2024-05-10T10:04:36+00:00\",\"dateModified\":\"2026-02-25T10:42:38+00:00\",\"description\":\"Ariens ZENITH 52R bakutkast klipper med Kawasaki FX730V 726 cm\u00b3 motor og 132 cm bredde er det profesjonelle valget for daglig bruk.\",\"breadcrumb\":{\"@id\":\"https:\\\/\\\/www.ariens.eu\\\/no\\\/product\\\/zero-turn-klippere\\\/zenith-serien\\\/zenith-52r\\\/#breadcrumb\"},\"inLanguage\":\"nb-NO\",\"potentialAction\":[{\"@type\":\"ReadAction\",\"target\":[\"https:\\\/\\\/www.ariens.eu\\\/no\\\/product\\\/zero-turn-klippere\\\/zenith-serien\\\/zenith-52r\\\/\"]}]},{\"@type\":\"ImageObject\",\"inLanguage\":\"nb-NO\",\"@id\":\"https:\\\/\\\/www.ariens.eu\\\/no\\\/product\\\/zero-turn-klippere\\\/zenith-serien\\\/zenith-52r\\\/#primaryimage\",\"url\":\"https:\\\/\\\/www.ariens.eu\\\/no\\\/wp-content\\\/uploads\\\/sites\\\/7\\\/2024\\\/06\\\/ariens-zenith-52r-rear-discharge-zero-turn-front-left-768x555-1.webp\",\"contentUrl\":\"https:\\\/\\\/www.ariens.eu\\\/no\\\/wp-content\\\/uploads\\\/sites\\\/7\\\/2024\\\/06\\\/ariens-zenith-52r-rear-discharge-zero-turn-front-left-768x555-1.webp\",\"width\":768,\"height\":555},{\"@type\":\"BreadcrumbList\",\"@id\":\"https:\\\/\\\/www.ariens.eu\\\/no\\\/product\\\/zero-turn-klippere\\\/zenith-serien\\\/zenith-52r\\\/#breadcrumb\",\"itemListElement\":[{\"@type\":\"ListItem\",\"position\":1,\"name\":\"Home\",\"item\":\"https:\\\/\\\/www.ariens.eu\\\/no\\\/\"},{\"@type\":\"ListItem\",\"position\":2,\"name\":\"Shop\",\"item\":\"https:\\\/\\\/www.ariens.eu\\\/no\\\/shop\\\/\"},{\"@type\":\"ListItem\",\"position\":3,\"name\":\"ZENITH 52R\"}]},{\"@type\":\"WebSite\",\"@id\":\"https:\\\/\\\/www.ariens.eu\\\/no\\\/#website\",\"url\":\"https:\\\/\\\/www.ariens.eu\\\/no\\\/\",\"name\":\"Ariens | EMEAA\",\"description\":\"Powerful and reliable zero-turn mowers &amp; snow blowers for professional users and demanding private customers\",\"potentialAction\":[{\"@type\":\"SearchAction\",\"target\":{\"@type\":\"EntryPoint\",\"urlTemplate\":\"https:\\\/\\\/www.ariens.eu\\\/no\\\/?s={search_term_string}\"},\"query-input\":{\"@type\":\"PropertyValueSpecification\",\"valueRequired\":true,\"valueName\":\"search_term_string\"}}],\"inLanguage\":\"nb-NO\"}]}<\/script>\n<!-- \/ Yoast SEO plugin. -->","yoast_head_json":{"title":"ZENITH 52R \u2013 profesjonell Zero-Turn med bakutkast | Ariens","description":"Ariens ZENITH 52R bakutkast klipper med Kawasaki FX730V 726 cm\u00b3 motor og 132 cm bredde er det profesjonelle valget for daglig bruk.","robots":{"index":"index","follow":"follow","max-snippet":"max-snippet:-1","max-image-preview":"max-image-preview:large","max-video-preview":"max-video-preview:-1"},"canonical":"https:\/\/www.ariens.eu\/no\/product\/zero-turn-klippere\/zenith-serien\/zenith-52r\/","og_locale":"nb_NO","og_type":"article","og_title":"ZENITH 52R \u2013 profesjonell Zero-Turn med bakutkast | Ariens","og_description":"Ariens ZENITH 52R bakutkast klipper med Kawasaki FX730V 726 cm\u00b3 motor og 132 cm bredde er det profesjonelle valget for daglig bruk.","og_url":"https:\/\/www.ariens.eu\/no\/product\/zero-turn-klippere\/zenith-serien\/zenith-52r\/","og_site_name":"Ariens | EMEAA","article_modified_time":"2026-02-25T10:42:38+00:00","og_image":[{"width":768,"height":555,"url":"https:\/\/www.ariens.eu\/no\/wp-content\/uploads\/sites\/7\/2024\/06\/ariens-zenith-52r-rear-discharge-zero-turn-front-left-768x555-1.webp","type":"image\/webp"}],"twitter_card":"summary_large_image","twitter_misc":{"Ansl. lesetid":"4 minutter"},"schema":{"@context":"https:\/\/schema.org","@graph":[{"@type":"WebPage","@id":"https:\/\/www.ariens.eu\/no\/product\/zero-turn-klippere\/zenith-serien\/zenith-52r\/","url":"https:\/\/www.ariens.eu\/no\/product\/zero-turn-klippere\/zenith-serien\/zenith-52r\/","name":"ZENITH 52R \u2013 profesjonell Zero-Turn med bakutkast | Ariens","isPartOf":{"@id":"https:\/\/www.ariens.eu\/no\/#website"},"primaryImageOfPage":{"@id":"https:\/\/www.ariens.eu\/no\/product\/zero-turn-klippere\/zenith-serien\/zenith-52r\/#primaryimage"},"image":{"@id":"https:\/\/www.ariens.eu\/no\/product\/zero-turn-klippere\/zenith-serien\/zenith-52r\/#primaryimage"},"thumbnailUrl":"https:\/\/www.ariens.eu\/no\/wp-content\/uploads\/sites\/7\/2024\/06\/ariens-zenith-52r-rear-discharge-zero-turn-front-left-768x555-1.webp","datePublished":"2024-05-10T10:04:36+00:00","dateModified":"2026-02-25T10:42:38+00:00","description":"Ariens ZENITH 52R bakutkast klipper med Kawasaki FX730V 726 cm\u00b3 motor og 132 cm bredde er det profesjonelle valget for daglig bruk.","breadcrumb":{"@id":"https:\/\/www.ariens.eu\/no\/product\/zero-turn-klippere\/zenith-serien\/zenith-52r\/#breadcrumb"},"inLanguage":"nb-NO","potentialAction":[{"@type":"ReadAction","target":["https:\/\/www.ariens.eu\/no\/product\/zero-turn-klippere\/zenith-serien\/zenith-52r\/"]}]},{"@type":"ImageObject","inLanguage":"nb-NO","@id":"https:\/\/www.ariens.eu\/no\/product\/zero-turn-klippere\/zenith-serien\/zenith-52r\/#primaryimage","url":"https:\/\/www.ariens.eu\/no\/wp-content\/uploads\/sites\/7\/2024\/06\/ariens-zenith-52r-rear-discharge-zero-turn-front-left-768x555-1.webp","contentUrl":"https:\/\/www.ariens.eu\/no\/wp-content\/uploads\/sites\/7\/2024\/06\/ariens-zenith-52r-rear-discharge-zero-turn-front-left-768x555-1.webp","width":768,"height":555},{"@type":"BreadcrumbList","@id":"https:\/\/www.ariens.eu\/no\/product\/zero-turn-klippere\/zenith-serien\/zenith-52r\/#breadcrumb","itemListElement":[{"@type":"ListItem","position":1,"name":"Home","item":"https:\/\/www.ariens.eu\/no\/"},{"@type":"ListItem","position":2,"name":"Shop","item":"https:\/\/www.ariens.eu\/no\/shop\/"},{"@type":"ListItem","position":3,"name":"ZENITH 52R"}]},{"@type":"WebSite","@id":"https:\/\/www.ariens.eu\/no\/#website","url":"https:\/\/www.ariens.eu\/no\/","name":"Ariens | EMEAA","description":"Powerful and reliable zero-turn mowers &amp; snow blowers for professional users and demanding private customers","potentialAction":[{"@type":"SearchAction","target":{"@type":"EntryPoint","urlTemplate":"https:\/\/www.ariens.eu\/no\/?s={search_term_string}"},"query-input":{"@type":"PropertyValueSpecification","valueRequired":true,"valueName":"search_term_string"}}],"inLanguage":"nb-NO"}]}},"_links":{"self":[{"href":"https:\/\/www.ariens.eu\/no\/wp-json\/wp\/v2\/product\/2334","targetHints":{"allow":["GET"]}}],"collection":[{"href":"https:\/\/www.ariens.eu\/no\/wp-json\/wp\/v2\/product"}],"about":[{"href":"https:\/\/www.ariens.eu\/no\/wp-json\/wp\/v2\/types\/product"}],"replies":[{"embeddable":true,"href":"https:\/\/www.ariens.eu\/no\/wp-json\/wp\/v2\/comments?post=2334"}],"wp:featuredmedia":[{"embeddable":true,"href":"https:\/\/www.ariens.eu\/no\/wp-json\/wp\/v2\/media\/4480"}],"wp:attachment":[{"href":"https:\/\/www.ariens.eu\/no\/wp-json\/wp\/v2\/media?parent=2334"}],"wp:term":[{"taxonomy":"product_brand","embeddable":true,"href":"https:\/\/www.ariens.eu\/no\/wp-json\/wp\/v2\/product_brand?post=2334"},{"taxonomy":"product_cat","embeddable":true,"href":"https:\/\/www.ariens.eu\/no\/wp-json\/wp\/v2\/product_cat?post=2334"},{"taxonomy":"product_tag","embeddable":true,"href":"https:\/\/www.ariens.eu\/no\/wp-json\/wp\/v2\/product_tag?post=2334"}],"curies":[{"name":"wp","href":"https:\/\/api.w.org\/{rel}","templated":true}]}}