{"id":2340,"date":"2024-05-10T11:04:36","date_gmt":"2024-05-10T10:04:36","guid":{"rendered":"https:\/\/www.ariens.eu\/product\/zenith-e-52r\/"},"modified":"2025-11-10T10:49:00","modified_gmt":"2025-11-10T10:49:00","slug":"zenith-e-52r","status":"publish","type":"product","link":"https:\/\/www.ariens.eu\/no\/product\/zero-turn-klippere\/zenith-e-serien\/zenith-e-52r","title":{"rendered":"ZENITH E 52R"},"content":{"rendered":"<div class=\"acfd-block acfd-block__twocolumns container-fluid px-0 bg-default\">\n<div class=\"acfd-twocolumns\">\n<div class=\"row\">\n<div class='col-lg-9 mb-4 '>\n<div class=\"acfd-block acfd-block__headline container-fluid px-0 bg-default\">\n<div class=\"acfd-headline\" >\n<h2 class='h2 text-left li_black'>Zero-Turn klipper med bakutkast og utskiftbart batteri &#8211; laget for \u00e5 klippe hele dagen<\/h2>\n<\/p><\/div>\n<\/div><\/div>\n<div class='col-lg'>                    <\/div>\n<\/p><\/div>\n<\/div>\n<\/div>\n<div class=\"acfd-block acfd-block__twocolumns mb-asm-2 container-fluid px-0 bg-default\">\n<div class=\"acfd-twocolumns\">\n<div class=\"row\">\n<div class='col-lg-9 mb-4 '>\n<div class=\"acfd-block acfd-block__text container-fluid px-0 bg-default\">\n<div class=\"acfd-text li_black\">\n<p>\u00c5 sette batterier i en klipper er \u00e9n ting. \u00c5 oppn\u00e5 ytelse, holdbarhet og driftssikkerhet p\u00e5 niv\u00e5 med en gjennompr\u00f8vd profesjonell bensinmodell er noe helt annet. V\u00e5re modeller med FusionCore utskiftbart batterisystem oppfyller dette kravet.<\/p>\n<p>ZENITH E 52R er den f\u00f8rste profesjonelle elektriske Zero-Turn klipperen med utskiftbare batterier. Bygget for \u00e5 klippe store plener en hel dag. Med bakutkast ledes gresset bakover mellom hjulene, slik at det ikke havner p\u00e5 gangveier eller i blomsterbed. Justerbart komfortsete gir maksimal kj\u00f8rekomfort. Klippdekket har en bredde p\u00e5 132 cm og er konstruert for profesjonell bruk. ROPS som standard, og garanti tilpasset profesjonell drift.<\/p>\n<ul>\n<li>Utstyrt med fire utskiftbare FusionCore litium-ion 56V DC, 4 kWh batterier<\/li>\n<li>Patent-pending spindelteknologi, konstruert for \u00e5 absorbere kraftige st\u00f8t<\/li>\n<li>Opptil fem timers kontinuerlig klipping per lading (avhengig av forhold)<\/li>\n<li>Ladetid 5,3\u201312 timer (avhengig av lader)<\/li>\n<li>Profesjonelt bakutkastklippebord p\u00e5 132 cm (52&#8243;), laget i kraftig 7-gauge st\u00e5l<\/li>\n<li>Helsveiset ramme &#8211; bransjeledende styrke og stabilitet<\/li>\n<li>ROPS montert som standard for \u00f8kt f\u00f8rerbeskyttelse<\/li>\n<li>Fotbetjent l\u00f8ftesystem for klippdekket, med 15 h\u00f8yder<\/li>\n<li>H\u00f8yt ryggst\u00f8tte og fullt dempet komfortsete<\/li>\n<li>Bredt utvalg av tilbeh\u00f8r tilgjengelig<\/li>\n<li>5 \u00e5rs eller 1500 timers garanti \/ 3 \u00e5rs batterigaranti \u2013 ingen timebegrensning de to f\u00f8rste \u00e5rene<\/li>\n<\/ul>\n<\/div>\n<\/div><\/div>\n<div class='col-lg'>                    <\/div>\n<\/p><\/div>\n<\/div>\n<\/div>\n<div class=\"acfd-block acfd-block__category mb-asm-3 container-fluid px-0 bg-default\">\n<div class=\"acfd-product-categories\">\n<h2 class=\"text-left mb-3\">\n        Eins\u00e4tze    <\/h2>\n<div class=\"product-categories_wrapper\">\n         <span\n                data-description=\"Klipper du i mange timer - eller kanskje i dagevis og ukevis av gangen? Bruker du maskinen kommersielt og tjener penger p\u00e5 den? Da trenger du en ekstra driftssikker og komfortabel maskin med slitesterke komponenter.\"                class=\"product-category-single\"> Profesjonell bruk                <sup><i class=\"fa fa-info-circle\" aria-hidden=\"true\"><\/i><\/sup>            <\/span>  <span\n                data-description=\"Moderne batteriteknologi gir n\u00e5 samme ytelse og rekkevidde som bensinmodeller.\"                class=\"product-category-single\"> Elektrisk                <sup><i class=\"fa fa-info-circle\" aria-hidden=\"true\"><\/i><\/sup>            <\/span>  <span\n                data-description=\"Ariens sitteklippere byr p\u00e5 h\u00f8y komfort. Vi bruker seter av h\u00f8y kvalitet allerede fra innstegsmodellene. God benplass og ergonomiske betjeningsorganer er standard.\"                class=\"product-category-single\"> Sitteklipper                <sup><i class=\"fa fa-info-circle\" aria-hidden=\"true\"><\/i><\/sup>            <\/span>  <span\n                data-description=\"Med APEX- og ZENITH-modellene kan du velge mellom sideutkast eller bakutkast. Et bakutkast er lukket p\u00e5 siden og kaster gresset ut bakover. Fordelen er at avklippet ikke havner p\u00e5 stier eller bed, og at h\u00f8yere gress kan klippes bedre enn med et mulchingsett. Bakutkast brukes ofte i kommunal drift.\"                class=\"product-category-single\"> Bakutkast                <sup><i class=\"fa fa-info-circle\" aria-hidden=\"true\"><\/i><\/sup>            <\/span>  <span\n                data-description=\"Alle Ariens gressklippere er godt egnet til flate plener. Velg klippebredde ut fra st\u00f8rrelsen p\u00e5 arealet og eventuelle trange passasjer som kan begrense maskinbredden.\"                class=\"product-category-single\"> Flatt terreng                <sup><i class=\"fa fa-info-circle\" aria-hidden=\"true\"><\/i><\/sup>            <\/span>  <span\n                data-description=\"Ariens gressklippere h\u00e5ndterer ujevnt terreng godt. P\u00e5 ujevnt underlag anbefales smalere klippebredder for et mer jevnt klipperesultat.\"                class=\"product-category-single\"> Ujevnt terreng                <sup><i class=\"fa fa-info-circle\" aria-hidden=\"true\"><\/i><\/sup>            <\/span>  <span\n                data-description=\"Det anbefales \u00e5 velge en maskin med brede hjul. Ikke overskrid den angitte sikkerhetsgrensen p\u00e5 15\u00b0 helling for sitteklippere og 20\u00b0 for st\u00e5ende klippere. P\u00e5 ujevnt terreng b\u00f8r du velge et smalere klippeaggregat for et mer jevnt klipperesultat. ZENITH-modellen leveres med veltesikring (ROPS) som standard, og dette kan ettermonteres p\u00e5 APEX.\"                class=\"product-category-single\"> Kupert terreng                <sup><i class=\"fa fa-info-circle\" aria-hidden=\"true\"><\/i><\/sup>            <\/span>  <span\n                data-description=\"Klippeaggregater med 132 cm og 152 cm bredde brukes effektivt p\u00e5 store flater.\"                class=\"product-category-single\"> Store arealer                <sup><i class=\"fa fa-info-circle\" aria-hidden=\"true\"><\/i><\/sup>            <\/span>     <\/div>\n<\/div>\n<\/div>\n<div class=\"acfd-block acfd-block__twocolumns mb-asm-2 container-fluid container-fluid--force px-0 bg-default\">\n<div class=\"acfd-twocolumns\">\n<div class=\"row\">\n<div class='col-lg-12 mb-4 '>\n<div class=\"acfd-product-advantages--wrapper\">\n<h2 class=\"h1 bigger text-color-black text-center mb-5\">\n        Features &#038; Benefits    <\/h2>\n<div class=\"acfd-product-advantages\">\n<div class=\"row\">\n<div class=\"col-md-6 mb-4 content\">\n                    <span class=\"d-block h5 text-color-brand mb-1\">FusionCore Li-Ion battery system<\/span><\/p>\n<p>The battery system of the ZENITH E consists of four interchangeable battery packs, each weighing 22.5 kg. The capacity of each individual Fusion Li-ion battery pack is 4 kWh.  Total capacity: 4 x 4 kWh = 16 kWh. The ZENITH E can mow with just two battery packs and drive with just one.<\/p>\n<p>With four battery packs, you can mow for a maximum of 5 hours. After that, they can be replaced with full batteries in a matter of seconds.  The charging time for four battery packs, with optional quick charger, is only 5:20 hours!<\/p>\n<\/p><\/div>\n<div class=\"col-md-6 mb4 image\"  style=\"background-image:url(https:\/\/www.ariens.eu\/no\/wp-content\/uploads\/sites\/7\/2024\/05\/ariens-arrow-e-battery-stand-on-fusioncore-batteries.webp)\">\n                <\/div>\n<\/p><\/div>\n<div class=\"row\">\n<div class=\"col-md-6 mb-4 content\">\n                    <span class=\"d-block h5 text-color-brand mb-1\">Intelligent load balancing<\/span><\/p>\n<p>Ce syst\u00e8me en attente de brevet permet \u00e0 la ZENITH E de compenser les diff\u00e9rences de puissance des batteries. Elle ne pr\u00e9l\u00e8ve de l&#8217;\u00e9nergie sur les batteries pleines que jusqu&#8217;\u00e0 ce qu&#8217;elles atteignent le m\u00eame niveau de charge que les batteries moins charg\u00e9es. L&#8217;\u00e9nergie est d&#8217;abord pr\u00e9lev\u00e9e sur les batteries enti\u00e8rement charg\u00e9es, avant d&#8217;\u00eatre ensuite pr\u00e9lev\u00e9e de mani\u00e8re \u00e9gale sur les quatre batteries, ce qui permet d&#8217;obtenir une puissance constante qui pr\u00e9serve les cellules.<\/p>\n<\/p><\/div>\n<div class=\"col-md-6 mb4 image\"  style=\"background-image:url(https:\/\/www.ariens.eu\/no\/wp-content\/uploads\/sites\/7\/2024\/05\/ariens-zenith-e-zero-turn-feature2-battery-load-balancing.webp)\">\n                <\/div>\n<\/p><\/div>\n<div class=\"row\">\n<div class=\"col-md-6 mb-4 content\">\n                    <span class=\"d-block h5 text-color-brand mb-1\">Proprietary electric transaxles<\/span><\/p>\n<p>Two independently operating, brushless electric motors with extra strong magnets, increased number of windings and recuperation function when braking. Objective: Low heat generation and long service life.<\/p>\n<p>Coupling the electric motors with a planetary gearbox with double reduction.<br \/>\nObjective: The same smooth, jerk-free ride as a professional zero-turn mower with a petrol engine and hydrostat. Result: Drive the ZENITH E once and compare for yourself!<\/p>\n<\/p><\/div>\n<div class=\"col-md-6 mb4 image\"  style=\"background-image:url(https:\/\/www.ariens.eu\/no\/wp-content\/uploads\/sites\/7\/2024\/05\/ariens-zenith-e-zero-turn-feature3-brushless-electric-drive-motor-transaxles.webp)\">\n                <\/div>\n<\/p><\/div>\n<div class=\"row\">\n<div class=\"col-md-6 mb-4 content\">\n                    <span class=\"d-block h5 text-color-brand mb-1\">Professional mowing deck<\/span><\/p>\n<p>The mowing deck is the most heavily loaded component of a mower. Stability is particularly important here. The ZENITH E has a 14 cm deep, fully welded mowing deck made of 4.5 mm thick sheet steel, 20 mm steel edge, enclosed anti-scalp wheels and a welded 4-point suspension. The FUSIONCORE electric blade motors deliver a maximum of 3 x 3,500 watts when required. To protect the motor in the event of collisions, the blades are mounted on a slip clutch. This significantly reduces hard impacts on the motor. The air flow of the new X-Factor III mower deck with side discharge is optimised for the cleanest cut and lowest noise level.<\/p>\n<\/p><\/div>\n<div class=\"col-md-6 mb4 image\"  style=\"background-image:url(https:\/\/www.ariens.eu\/no\/wp-content\/uploads\/sites\/7\/2024\/05\/ariens-zenith-e-zero-turn-feature4-commercial-10-gauge-steel-deck.webp)\">\n                <\/div>\n<\/p><\/div>\n<div class=\"row\">\n<div class=\"col-md-6 mb-4 content\">\n                    <span class=\"d-block h5 text-color-brand mb-1\">Fully adjustable comfort seat<\/span><\/p>\n<p>Maximum driving comfort is essential for working productively and safely for hours on end. Keeping hard shocks and vibrations away from the driver is particularly important for his well-being and health. The hydro-pneumatic suspension of the driver&#8217;s seat can be precisely adjusted to the driver&#8217;s body weight. Adjustable armrests and a high backrest allow the driver to find their ideal sitting position. <\/p>\n<\/p><\/div>\n<div class=\"col-md-6 mb4 image\"  style=\"background-image:url(https:\/\/www.ariens.eu\/no\/wp-content\/uploads\/sites\/7\/2024\/05\/ariens-zenith-zero-turn-suspension-seat.webp)\">\n                <\/div>\n<\/p><\/div>\n<div class=\"row\">\n<div class=\"col-md-6 mb-4 content\">\n                    <span class=\"d-block h5 text-color-brand mb-1\">ROPS<\/span><\/p>\n<p>The standard rollover protection system with safety belt (ROPS) offers additional protection for the driver. It is foldable and ergonomically tilted backwards to prevent painful bumping of the elbow while driving.<\/p>\n<\/p><\/div>\n<div class=\"col-md-6 mb4 image\"  style=\"background-image:url(https:\/\/www.ariens.eu\/no\/wp-content\/uploads\/sites\/7\/2024\/05\/ariens-zenith-zero-turn-feature5-rops.webp)\">\n                <\/div>\n<\/p><\/div>\n<\/p><\/div>\n<\/div><\/div>\n<div class='col-lg'>                    <\/div>\n<\/p><\/div>\n<\/div>\n<\/div>\n","protected":false},"excerpt":{"rendered":"<p>Zero-Turn klipper med bakutkast og utskiftbart batteri &#8211; laget for \u00e5 klippe hele dagen \u00c5 sette batterier i en klipper er \u00e9n ting. \u00c5 oppn\u00e5 ytelse, holdbarhet og driftssikkerhet p\u00e5 niv\u00e5 med en gjennompr\u00f8vd profesjonell bensinmodell er noe helt annet. V\u00e5re modeller med FusionCore utskiftbart batterisystem oppfyller dette kravet. ZENITH E 52R er den f\u00f8rste [&hellip;]<\/p>\n","protected":false},"featured_media":4685,"comment_status":"open","ping_status":"closed","template":"","meta":{"_acf_changed":false,"_relevanssi_hide_post":"","_relevanssi_hide_content":"","_relevanssi_pin_for_all":"","_relevanssi_pin_keywords":"","_relevanssi_unpin_keywords":"","_relevanssi_related_keywords":"","_relevanssi_related_include_ids":"","_relevanssi_related_exclude_ids":"","_relevanssi_related_no_append":"","_relevanssi_related_not_related":"","_relevanssi_related_posts":"","_relevanssi_noindex_reason":""},"product_brand":[],"product_cat":[15],"product_tag":[],"class_list":{"0":"post-2340","1":"product","2":"type-product","3":"status-publish","4":"has-post-thumbnail","6":"product_variant-zenith-e-serien","7":"product_usage_areas-entreprenorer","8":"product_usage_areas-kommuner-og-driftsavdelinger","10":"first","11":"instock","12":"shipping-taxable","13":"product-type-simple"},"acf":[],"yoast_head":"<!-- This site is optimized with the Yoast SEO plugin v27.3 - https:\/\/yoast.com\/product\/yoast-seo-wordpress\/ -->\n<title>ZENITH E 52R \u2013 batteridrevet Zero-Turn klipper | Ariens<\/title>\n<meta name=\"description\" content=\"ZENITH E 52R er en profesjonell, batteridrevet Zero-Turn klipper med 132 cm bakutkast klippdekk. Ideell i st\u00f8y- og utslippsf\u00f8lsomme omr\u00e5der.\" \/>\n<meta name=\"robots\" content=\"index, follow, max-snippet:-1, max-image-preview:large, max-video-preview:-1\" \/>\n<link rel=\"canonical\" href=\"https:\/\/www.ariens.eu\/no\/product\/zero-turn-klippere\/zenith-e-serien\/zenith-e-52r\/\" \/>\n<meta property=\"og:locale\" content=\"nb_NO\" \/>\n<meta property=\"og:type\" content=\"article\" \/>\n<meta property=\"og:title\" content=\"ZENITH E 52R \u2013 batteridrevet Zero-Turn klipper | Ariens\" \/>\n<meta property=\"og:description\" content=\"ZENITH E 52R er en profesjonell, batteridrevet Zero-Turn klipper med 132 cm bakutkast klippdekk. Ideell i st\u00f8y- og utslippsf\u00f8lsomme omr\u00e5der.\" \/>\n<meta property=\"og:url\" content=\"https:\/\/www.ariens.eu\/no\/product\/zero-turn-klippere\/zenith-e-serien\/zenith-e-52r\/\" \/>\n<meta property=\"og:site_name\" content=\"Ariens | EMEAA\" \/>\n<meta property=\"article:modified_time\" content=\"2025-11-10T10:49:00+00:00\" \/>\n<meta property=\"og:image\" content=\"https:\/\/www.ariens.eu\/no\/wp-content\/uploads\/sites\/7\/2024\/06\/ariens-zenithe-52r-rear-discharge-battery-zero-turn-front-left-768x555-1.webp\" \/>\n\t<meta property=\"og:image:width\" content=\"768\" \/>\n\t<meta property=\"og:image:height\" content=\"555\" \/>\n\t<meta property=\"og:image:type\" content=\"image\/webp\" \/>\n<meta name=\"twitter:card\" content=\"summary_large_image\" \/>\n<meta name=\"twitter:label1\" content=\"Ansl. lesetid\" \/>\n\t<meta name=\"twitter:data1\" content=\"4 minutter\" \/>\n<script type=\"application\/ld+json\" class=\"yoast-schema-graph\">{\"@context\":\"https:\\\/\\\/schema.org\",\"@graph\":[{\"@type\":\"WebPage\",\"@id\":\"https:\\\/\\\/www.ariens.eu\\\/no\\\/product\\\/zero-turn-klippere\\\/zenith-e-serien\\\/zenith-e-52r\\\/\",\"url\":\"https:\\\/\\\/www.ariens.eu\\\/no\\\/product\\\/zero-turn-klippere\\\/zenith-e-serien\\\/zenith-e-52r\\\/\",\"name\":\"ZENITH E 52R \u2013 batteridrevet Zero-Turn klipper | Ariens\",\"isPartOf\":{\"@id\":\"https:\\\/\\\/www.ariens.eu\\\/no\\\/#website\"},\"primaryImageOfPage\":{\"@id\":\"https:\\\/\\\/www.ariens.eu\\\/no\\\/product\\\/zero-turn-klippere\\\/zenith-e-serien\\\/zenith-e-52r\\\/#primaryimage\"},\"image\":{\"@id\":\"https:\\\/\\\/www.ariens.eu\\\/no\\\/product\\\/zero-turn-klippere\\\/zenith-e-serien\\\/zenith-e-52r\\\/#primaryimage\"},\"thumbnailUrl\":\"https:\\\/\\\/www.ariens.eu\\\/no\\\/wp-content\\\/uploads\\\/sites\\\/7\\\/2024\\\/06\\\/ariens-zenithe-52r-rear-discharge-battery-zero-turn-front-left-768x555-1.webp\",\"datePublished\":\"2024-05-10T10:04:36+00:00\",\"dateModified\":\"2025-11-10T10:49:00+00:00\",\"description\":\"ZENITH E 52R er en profesjonell, batteridrevet Zero-Turn klipper med 132 cm bakutkast klippdekk. Ideell i st\u00f8y- og utslippsf\u00f8lsomme omr\u00e5der.\",\"breadcrumb\":{\"@id\":\"https:\\\/\\\/www.ariens.eu\\\/no\\\/product\\\/zero-turn-klippere\\\/zenith-e-serien\\\/zenith-e-52r\\\/#breadcrumb\"},\"inLanguage\":\"nb-NO\",\"potentialAction\":[{\"@type\":\"ReadAction\",\"target\":[\"https:\\\/\\\/www.ariens.eu\\\/no\\\/product\\\/zero-turn-klippere\\\/zenith-e-serien\\\/zenith-e-52r\\\/\"]}]},{\"@type\":\"ImageObject\",\"inLanguage\":\"nb-NO\",\"@id\":\"https:\\\/\\\/www.ariens.eu\\\/no\\\/product\\\/zero-turn-klippere\\\/zenith-e-serien\\\/zenith-e-52r\\\/#primaryimage\",\"url\":\"https:\\\/\\\/www.ariens.eu\\\/no\\\/wp-content\\\/uploads\\\/sites\\\/7\\\/2024\\\/06\\\/ariens-zenithe-52r-rear-discharge-battery-zero-turn-front-left-768x555-1.webp\",\"contentUrl\":\"https:\\\/\\\/www.ariens.eu\\\/no\\\/wp-content\\\/uploads\\\/sites\\\/7\\\/2024\\\/06\\\/ariens-zenithe-52r-rear-discharge-battery-zero-turn-front-left-768x555-1.webp\",\"width\":768,\"height\":555},{\"@type\":\"BreadcrumbList\",\"@id\":\"https:\\\/\\\/www.ariens.eu\\\/no\\\/product\\\/zero-turn-klippere\\\/zenith-e-serien\\\/zenith-e-52r\\\/#breadcrumb\",\"itemListElement\":[{\"@type\":\"ListItem\",\"position\":1,\"name\":\"Home\",\"item\":\"https:\\\/\\\/www.ariens.eu\\\/no\\\/\"},{\"@type\":\"ListItem\",\"position\":2,\"name\":\"Shop\",\"item\":\"https:\\\/\\\/www.ariens.eu\\\/no\\\/shop\\\/\"},{\"@type\":\"ListItem\",\"position\":3,\"name\":\"ZENITH E 52R\"}]},{\"@type\":\"WebSite\",\"@id\":\"https:\\\/\\\/www.ariens.eu\\\/no\\\/#website\",\"url\":\"https:\\\/\\\/www.ariens.eu\\\/no\\\/\",\"name\":\"Ariens | EMEAA\",\"description\":\"Powerful and reliable zero-turn mowers &amp; snow blowers for professional users and demanding private customers\",\"potentialAction\":[{\"@type\":\"SearchAction\",\"target\":{\"@type\":\"EntryPoint\",\"urlTemplate\":\"https:\\\/\\\/www.ariens.eu\\\/no\\\/?s={search_term_string}\"},\"query-input\":{\"@type\":\"PropertyValueSpecification\",\"valueRequired\":true,\"valueName\":\"search_term_string\"}}],\"inLanguage\":\"nb-NO\"}]}<\/script>\n<!-- \/ Yoast SEO plugin. -->","yoast_head_json":{"title":"ZENITH E 52R \u2013 batteridrevet Zero-Turn klipper | Ariens","description":"ZENITH E 52R er en profesjonell, batteridrevet Zero-Turn klipper med 132 cm bakutkast klippdekk. Ideell i st\u00f8y- og utslippsf\u00f8lsomme omr\u00e5der.","robots":{"index":"index","follow":"follow","max-snippet":"max-snippet:-1","max-image-preview":"max-image-preview:large","max-video-preview":"max-video-preview:-1"},"canonical":"https:\/\/www.ariens.eu\/no\/product\/zero-turn-klippere\/zenith-e-serien\/zenith-e-52r\/","og_locale":"nb_NO","og_type":"article","og_title":"ZENITH E 52R \u2013 batteridrevet Zero-Turn klipper | Ariens","og_description":"ZENITH E 52R er en profesjonell, batteridrevet Zero-Turn klipper med 132 cm bakutkast klippdekk. Ideell i st\u00f8y- og utslippsf\u00f8lsomme omr\u00e5der.","og_url":"https:\/\/www.ariens.eu\/no\/product\/zero-turn-klippere\/zenith-e-serien\/zenith-e-52r\/","og_site_name":"Ariens | EMEAA","article_modified_time":"2025-11-10T10:49:00+00:00","og_image":[{"width":768,"height":555,"url":"https:\/\/www.ariens.eu\/no\/wp-content\/uploads\/sites\/7\/2024\/06\/ariens-zenithe-52r-rear-discharge-battery-zero-turn-front-left-768x555-1.webp","type":"image\/webp"}],"twitter_card":"summary_large_image","twitter_misc":{"Ansl. lesetid":"4 minutter"},"schema":{"@context":"https:\/\/schema.org","@graph":[{"@type":"WebPage","@id":"https:\/\/www.ariens.eu\/no\/product\/zero-turn-klippere\/zenith-e-serien\/zenith-e-52r\/","url":"https:\/\/www.ariens.eu\/no\/product\/zero-turn-klippere\/zenith-e-serien\/zenith-e-52r\/","name":"ZENITH E 52R \u2013 batteridrevet Zero-Turn klipper | Ariens","isPartOf":{"@id":"https:\/\/www.ariens.eu\/no\/#website"},"primaryImageOfPage":{"@id":"https:\/\/www.ariens.eu\/no\/product\/zero-turn-klippere\/zenith-e-serien\/zenith-e-52r\/#primaryimage"},"image":{"@id":"https:\/\/www.ariens.eu\/no\/product\/zero-turn-klippere\/zenith-e-serien\/zenith-e-52r\/#primaryimage"},"thumbnailUrl":"https:\/\/www.ariens.eu\/no\/wp-content\/uploads\/sites\/7\/2024\/06\/ariens-zenithe-52r-rear-discharge-battery-zero-turn-front-left-768x555-1.webp","datePublished":"2024-05-10T10:04:36+00:00","dateModified":"2025-11-10T10:49:00+00:00","description":"ZENITH E 52R er en profesjonell, batteridrevet Zero-Turn klipper med 132 cm bakutkast klippdekk. Ideell i st\u00f8y- og utslippsf\u00f8lsomme omr\u00e5der.","breadcrumb":{"@id":"https:\/\/www.ariens.eu\/no\/product\/zero-turn-klippere\/zenith-e-serien\/zenith-e-52r\/#breadcrumb"},"inLanguage":"nb-NO","potentialAction":[{"@type":"ReadAction","target":["https:\/\/www.ariens.eu\/no\/product\/zero-turn-klippere\/zenith-e-serien\/zenith-e-52r\/"]}]},{"@type":"ImageObject","inLanguage":"nb-NO","@id":"https:\/\/www.ariens.eu\/no\/product\/zero-turn-klippere\/zenith-e-serien\/zenith-e-52r\/#primaryimage","url":"https:\/\/www.ariens.eu\/no\/wp-content\/uploads\/sites\/7\/2024\/06\/ariens-zenithe-52r-rear-discharge-battery-zero-turn-front-left-768x555-1.webp","contentUrl":"https:\/\/www.ariens.eu\/no\/wp-content\/uploads\/sites\/7\/2024\/06\/ariens-zenithe-52r-rear-discharge-battery-zero-turn-front-left-768x555-1.webp","width":768,"height":555},{"@type":"BreadcrumbList","@id":"https:\/\/www.ariens.eu\/no\/product\/zero-turn-klippere\/zenith-e-serien\/zenith-e-52r\/#breadcrumb","itemListElement":[{"@type":"ListItem","position":1,"name":"Home","item":"https:\/\/www.ariens.eu\/no\/"},{"@type":"ListItem","position":2,"name":"Shop","item":"https:\/\/www.ariens.eu\/no\/shop\/"},{"@type":"ListItem","position":3,"name":"ZENITH E 52R"}]},{"@type":"WebSite","@id":"https:\/\/www.ariens.eu\/no\/#website","url":"https:\/\/www.ariens.eu\/no\/","name":"Ariens | EMEAA","description":"Powerful and reliable zero-turn mowers &amp; snow blowers for professional users and demanding private customers","potentialAction":[{"@type":"SearchAction","target":{"@type":"EntryPoint","urlTemplate":"https:\/\/www.ariens.eu\/no\/?s={search_term_string}"},"query-input":{"@type":"PropertyValueSpecification","valueRequired":true,"valueName":"search_term_string"}}],"inLanguage":"nb-NO"}]}},"_links":{"self":[{"href":"https:\/\/www.ariens.eu\/no\/wp-json\/wp\/v2\/product\/2340","targetHints":{"allow":["GET"]}}],"collection":[{"href":"https:\/\/www.ariens.eu\/no\/wp-json\/wp\/v2\/product"}],"about":[{"href":"https:\/\/www.ariens.eu\/no\/wp-json\/wp\/v2\/types\/product"}],"replies":[{"embeddable":true,"href":"https:\/\/www.ariens.eu\/no\/wp-json\/wp\/v2\/comments?post=2340"}],"wp:featuredmedia":[{"embeddable":true,"href":"https:\/\/www.ariens.eu\/no\/wp-json\/wp\/v2\/media\/4685"}],"wp:attachment":[{"href":"https:\/\/www.ariens.eu\/no\/wp-json\/wp\/v2\/media?parent=2340"}],"wp:term":[{"taxonomy":"product_brand","embeddable":true,"href":"https:\/\/www.ariens.eu\/no\/wp-json\/wp\/v2\/product_brand?post=2340"},{"taxonomy":"product_cat","embeddable":true,"href":"https:\/\/www.ariens.eu\/no\/wp-json\/wp\/v2\/product_cat?post=2340"},{"taxonomy":"product_tag","embeddable":true,"href":"https:\/\/www.ariens.eu\/no\/wp-json\/wp\/v2\/product_tag?post=2340"}],"curies":[{"name":"wp","href":"https:\/\/api.w.org\/{rel}","templated":true}]}}