{"id":2343,"date":"2024-05-10T11:04:36","date_gmt":"2024-05-10T10:04:36","guid":{"rendered":"https:\/\/www.ariens.eu\/product\/arrow-32\/"},"modified":"2026-02-25T10:36:24","modified_gmt":"2026-02-25T10:36:24","slug":"arrow-32","status":"publish","type":"product","link":"https:\/\/www.ariens.eu\/no\/product\/zero-turn-klippere\/arrow-serien\/arrow-32","title":{"rendered":"ARROW 32"},"content":{"rendered":"<div class=\"acfd-block acfd-block__twocolumns mb-asm-1 container-fluid px-0 bg-default\">\n<div class=\"acfd-twocolumns\">\n<div class=\"row\">\n<div class='col-lg-9 mb-4 '>\n<div class=\"acfd-block acfd-block__headline container-fluid px-0 bg-default\">\n<div class=\"acfd-headline\" >\n<h2 class='h2 text-left li_black'>V\u00e5r mest smidige og komptakte Zero-Turn klipper. Ideell n\u00e5r plassen er knapp.<\/h2>\n<\/p><\/div>\n<\/div><\/div>\n<div class='col-lg'>                    <\/div>\n<\/p><\/div>\n<\/div>\n<\/div>\n<div class=\"acfd-block acfd-block__twocolumns mb-asm-2 container-fluid px-0 bg-default\">\n<div class=\"acfd-twocolumns\">\n<div class=\"row\">\n<div class='col-lg-9 mb-4 '>\n<div class=\"acfd-block acfd-block__text container-fluid px-0 bg-default\">\n<div class=\"acfd-text li_black\">\n<p>Stand-on Zero-Turn klippere kombinerer tempo og oversikt. Dette gj\u00f8r dem kompakte, smidige og plassbesparende. Den oppreiste arbeidsstillingen avlaster rygg og skuldre gjennom hele arbeidsdagen.<\/p>\n<p>Med Kawasaki FS600 som standard og et 81 cm (32&#8243;) klippdekk er <strong>ARROW 32<\/strong> et profesjonelt valg for klipping der man\u00f8vrering og kompakt format er avgj\u00f8rende.<\/p>\n<ul>\n<li><strong>ARROW 32 har<\/strong> et sveiset 81 cm (32&#8243;) klippdekk i kraftig 7-gauge st\u00e5l<\/li>\n<li>Utstyrt med <strong>Kawasaki<sup>&reg;<\/sup> FS600 V-Twin 600 cm\u00b3<\/strong> motor<\/li>\n<li>Tommelutl\u00f8ser og <strong>vertikal pin-selektor<\/strong> med <strong>15 klippeh\u00f8yder<\/strong><\/li>\n<li>Bredt utvalg av tilbeh\u00f8r tilgjengelig<\/li>\n<li><strong>5 \u00e5rs eller 1000 timers garanti<\/strong> \u2013 ingen timebegrensning de to f\u00f8rste \u00e5rene<\/li>\n<\/ul>\n<\/div>\n<\/div><\/div>\n<div class='col-lg'>                    <\/div>\n<\/p><\/div>\n<\/div>\n<\/div>\n<div class=\"acfd-block acfd-block__category mb-asm-3 container-fluid px-0 bg-default\">\n<div class=\"acfd-product-categories\">\n<h2 class=\"text-left mb-3\">\n        Eins\u00e4tze    <\/h2>\n<div class=\"product-categories_wrapper\">\n         <span\n                data-description=\"Do you mow for many hours or even days or weeks at a time? Do you use your machine commercially and earn your money with it? Then you need a particularly reliable and comfortable machine with durable components.\"                class=\"product-category-single\"> PRO                <sup><i class=\"fa fa-info-circle\" aria-hidden=\"true\"><\/i><\/sup>            <\/span>  <span\n                data-description=\"Our mowers are equipped with high-quality Kawasaki<sup>&reg;<\/sup> or Ariens engines. They deliver above-average performance and reliability.\"                class=\"product-category-single\"> Petrol                <sup><i class=\"fa fa-info-circle\" aria-hidden=\"true\"><\/i><\/sup>            <\/span>  <span\n                data-description=\"When using a suitable mulching kit in your mower, the side discharge is no longer necessary. The clippings are finely shredded and evenly distributed to the rear of the lawn. Any fertilizer applied remains on the surface and the fine grass particles disappear almost invisibly into the lawn.\"                class=\"product-category-single\"> Optional mulching kit                <sup><i class=\"fa fa-info-circle\" aria-hidden=\"true\"><\/i><\/sup>            <\/span>  <span\n                data-description=\"\u00c5 klippe st\u00e5ende gir en rekke fordeler. Blant dem er at f\u00f8reren har full oversikt over hele klippebredden og f\u00e5r sv\u00e6rt h\u00f8y man\u00f8vrerbarhet med disse kompakte maskinene. Brukere med ryggproblemer drar nytte av den ergonomiske arbeidsstillingen. Daglig transport og lagring blir betydelig enklere, og av- og p\u00e5stigning tar bare sekunder. Stand-on klippere er ogs\u00e5 ideelle i smale passasjer og gjennom hageporter.\"                class=\"product-category-single\"> Stand-on                <sup><i class=\"fa fa-info-circle\" aria-hidden=\"true\"><\/i><\/sup>            <\/span>  <span\n                data-description=\"With the APEX and ZENITH models, you have the choice between side discharge and rear discharge mower decks. A side discharge mower deck ejects the clippings via a side opening and a deflector. The powerful airflow then distributes it over a large area. An optional mulching kit can be installed in side discharge mower decks. When a mulching kit is used, the clippings are finely shredded and ejected to the rear. The side discharge and deflector are then closed or removed.\"                class=\"product-category-single\"> Side discharge                <sup><i class=\"fa fa-info-circle\" aria-hidden=\"true\"><\/i><\/sup>            <\/span>  <span\n                data-description=\"Alle Ariens-pl\u00e6neklippere er velegnede til flade gr\u00e6spl\u00e6ner. V\u00e6lg din klippebredde i henhold til st\u00f8rrelsen p\u00e5 dit omr\u00e5de og eventuelle begr\u00e6nsende smalle omr\u00e5der.\"                class=\"product-category-single\"> Fladt terr\u00e6n                <sup><i class=\"fa fa-info-circle\" aria-hidden=\"true\"><\/i><\/sup>            <\/span>  <span\n                data-description=\"Ariens-pl\u00e6neklippere klarer sig godt p\u00e5 uj\u00e6vnt terr\u00e6n. Til uj\u00e6vnt terr\u00e6n skal du v\u00e6lge smallere klippeaggregater for at opn\u00e5 et mere ensartet klippem\u00f8nster.\"                class=\"product-category-single\"> Uj\u00e6vnt terr\u00e6n                <sup><i class=\"fa fa-info-circle\" aria-hidden=\"true\"><\/i><\/sup>            <\/span>  <span\n                data-description=\"Det anbefales \u00e5 velge en maskin med brede hjul. Ikke overskrid den angitte sikkerhetsgrensen p\u00e5 15\u00b0 helling for sitteklippere og 20\u00b0 for st\u00e5ende klippere. P\u00e5 ujevnt terreng b\u00f8r du velge et smalere klippeaggregat for et mer jevnt klipperesultat. ZENITH-modellen leveres med veltesikring (ROPS) som standard, og dette kan ettermonteres p\u00e5 APEX.\"                class=\"product-category-single\"> Kupert terreng                <sup><i class=\"fa fa-info-circle\" aria-hidden=\"true\"><\/i><\/sup>            <\/span>  <span\n                data-description=\"Use mowing widths of 107 cm and 122 cm on medium to large lawns.\"                class=\"product-category-single\"> Medium-sized areas                <sup><i class=\"fa fa-info-circle\" aria-hidden=\"true\"><\/i><\/sup>            <\/span>  <span\n                data-description=\"Mowing decks 132 cm and 152 cm wide are used effectively on large areas.\"                class=\"product-category-single\"> Large areas                <sup><i class=\"fa fa-info-circle\" aria-hidden=\"true\"><\/i><\/sup>            <\/span>     <\/div>\n<\/div>\n<\/div>\n<div class=\"acfd-block acfd-block__twocolumns mb-asm-2 container-fluid container-fluid--force px-0 bg-default\">\n<div class=\"acfd-twocolumns\">\n<div class=\"row\">\n<div class='col-lg-12 mb-4 '>\n<div class=\"acfd-product-advantages--wrapper\">\n<h2 class=\"h1 bigger text-color-black text-center mb-5\">\n        Features &#038; Benefits    <\/h2>\n<div class=\"acfd-product-advantages\">\n<div class=\"row\">\n<div class=\"col-md-6 mb-4 content\">\n                    <span class=\"d-block h5 text-color-brand mb-1\">Easy access and high manoeuvrability<\/span><\/p>\n<p>Both the 81 cm (32\u2033) and 91 cm (36\u2033) mowing decks provide access to hard-to-reach mowing areas and make it easier to work in confined spaces. Mounting and dismounting takes just seconds.<\/p>\n<\/p><\/div>\n<div class=\"col-md-6 mb4 image\"  style=\"background-image:url(https:\/\/www.ariens.eu\/no\/wp-content\/uploads\/sites\/7\/2024\/05\/ariens-arrow-standon-zero-turn-narrow-footprint-easy-access.webp)\">\n                <\/div>\n<\/p><\/div>\n<div class=\"row\">\n<div class=\"col-md-6 mb-4 content\">\n                    <span class=\"d-block h5 text-color-brand mb-1\">Folding platform<\/span><\/p>\n<p>The upright position of the driver on the platform offers the user a better view of the cutting deck than with a ride-on mower. Vibrations and impacts on the operator&#8217;s back are reduced &#8211; a working day is less stressful. The platform&#8217;s folding mechanism allows a quick transformation from a \u2018stand-on\u2019 to a \u2018walk-behind\u2019 mower, giving the user maximum versatility in narrow and low passages.<\/p>\n<\/p><\/div>\n<div class=\"col-md-6 mb4 image\"  style=\"background-image:url(https:\/\/www.ariens.eu\/no\/wp-content\/uploads\/sites\/7\/2024\/05\/ariens-arrow-standon-zero-turn-flip-up-suspension-platform.webp)\">\n                <\/div>\n<\/p><\/div>\n<div class=\"row\">\n<div class=\"col-md-6 mb-4 content\">\n                    <span class=\"d-block h5 text-color-brand mb-1\">Adjustable speed control<\/span><\/p>\n<p>Enables the driver to limit the maximum speed of the machine in confined working environments.<\/p>\n<\/p><\/div>\n<div class=\"col-md-6 mb4 image\"  style=\"background-image:url(https:\/\/www.ariens.eu\/no\/wp-content\/uploads\/sites\/7\/2024\/05\/ariens-arrow-standon-zero-turn-cruise-bar.webp)\">\n                <\/div>\n<\/p><\/div>\n<div class=\"row\">\n<div class=\"col-md-6 mb-4 content\">\n                    <span class=\"d-block h5 text-color-brand mb-1\">Operating elements<\/span><\/p>\n<p>All functions are within easy reach and ergonomically controllable from the driver&#8217;s position.<\/p>\n<\/p><\/div>\n<div class=\"col-md-6 mb4 image\"  style=\"background-image:url(https:\/\/www.ariens.eu\/no\/wp-content\/uploads\/sites\/7\/2024\/05\/ariens-arrow-standon-zero-turn-ergonomic-control-panel.webp)\">\n                <\/div>\n<\/p><\/div>\n<div class=\"row\">\n<div class=\"col-md-6 mb-4 content\">\n                    <span class=\"d-block h5 text-color-brand mb-1\">Cutting height adjustment<\/span><\/p>\n<p>Less effort required to raise the mower deck, a combination of foot pedal and hand lever and a vertical pin system make it easier to adjust the cutting height.<\/p>\n<\/p><\/div>\n<div class=\"col-md-6 mb4 image\"  style=\"background-image:url(https:\/\/www.ariens.eu\/no\/wp-content\/uploads\/sites\/7\/2024\/05\/ariens-arrow-standon-zero-turn-easy-deck-height-adjustment.webp)\">\n                <\/div>\n<\/p><\/div>\n<div class=\"row\">\n<div class=\"col-md-6 mb-4 content\">\n                    <span class=\"d-block h5 text-color-brand mb-1\">Premium engine<\/span><\/p>\n<p>A Kawasaki FS600 V-Twin premium engine provides power, performance and fuel efficiency.<\/p>\n<\/p><\/div>\n<div class=\"col-md-6 mb4 image\"  style=\"background-image:url(https:\/\/www.ariens.eu\/no\/wp-content\/uploads\/sites\/7\/2024\/05\/ariens-arrow-standon-zero-turn-kawasaki-engine.webp)\">\n                <\/div>\n<\/p><\/div>\n<div class=\"row\">\n<div class=\"col-md-6 mb-4 content\">\n                    <span class=\"d-block h5 text-color-brand mb-1\">Lower center of gravity<\/span><\/p>\n<p>The geometry and weight distribution ensure greater stability on inclines and a more pleasant feeling of safety for the rider.<\/p>\n<\/p><\/div>\n<div class=\"col-md-6 mb4 image\"  style=\"background-image:url(https:\/\/www.ariens.eu\/no\/wp-content\/uploads\/sites\/7\/2024\/05\/ariens-arrow-standon-zero-turn-lowered-centre-of-gravity.webp)\">\n                <\/div>\n<\/p><\/div>\n<\/p><\/div>\n<\/div><\/div>\n<div class='col-lg'>                    <\/div>\n<\/p><\/div>\n<\/div>\n<\/div>\n","protected":false},"excerpt":{"rendered":"<p>V\u00e5r mest smidige og komptakte Zero-Turn klipper. Ideell n\u00e5r plassen er knapp. Stand-on Zero-Turn klippere kombinerer tempo og oversikt. Dette gj\u00f8r dem kompakte, smidige og plassbesparende. Den oppreiste arbeidsstillingen avlaster rygg og skuldre gjennom hele arbeidsdagen. Med Kawasaki FS600 som standard og et 81 cm (32&#8243;) klippdekk er ARROW 32 et profesjonelt valg for klipping [&hellip;]<\/p>\n","protected":false},"featured_media":4536,"comment_status":"open","ping_status":"closed","template":"","meta":{"_acf_changed":false,"_relevanssi_hide_post":"","_relevanssi_hide_content":"","_relevanssi_pin_for_all":"","_relevanssi_pin_keywords":"","_relevanssi_unpin_keywords":"","_relevanssi_related_keywords":"","_relevanssi_related_include_ids":"","_relevanssi_related_exclude_ids":"","_relevanssi_related_no_append":"","_relevanssi_related_not_related":"","_relevanssi_related_posts":"","_relevanssi_noindex_reason":""},"product_brand":[],"product_cat":[15],"product_tag":[],"class_list":{"0":"post-2343","1":"product","2":"type-product","3":"status-publish","4":"has-post-thumbnail","6":"product_variant-arrow-serien","7":"product_usage_areas-entreprenorer","8":"product_usage_areas-fritidsomrader","9":"product_usage_areas-kommuner-og-driftsavdelinger","10":"product_usage_areas-vaktmestertjenester","12":"first","13":"instock","14":"shipping-taxable","15":"product-type-simple"},"acf":[],"yoast_head":"<!-- This site is optimized with the Yoast SEO plugin v27.3 - https:\/\/yoast.com\/product\/yoast-seo-wordpress\/ -->\n<title>ARROW 32 \u2013 stand-on Zero-Turn klipper | Ariens<\/title>\n<meta name=\"description\" content=\"Med Kawasaki FS600 motor og 81 cm klippdekk er Ariens ARROW 32 stand-on klipper et profesjonelt valg for klipping i trange og krevende omr\u00e5der.\" \/>\n<meta name=\"robots\" content=\"index, follow, max-snippet:-1, max-image-preview:large, max-video-preview:-1\" \/>\n<link rel=\"canonical\" href=\"https:\/\/www.ariens.eu\/no\/product\/zero-turn-klippere\/arrow-serien\/arrow-32\/\" \/>\n<meta property=\"og:locale\" content=\"nb_NO\" \/>\n<meta property=\"og:type\" content=\"article\" \/>\n<meta property=\"og:title\" content=\"ARROW 32 \u2013 stand-on Zero-Turn klipper | Ariens\" \/>\n<meta property=\"og:description\" content=\"Med Kawasaki FS600 motor og 81 cm klippdekk er Ariens ARROW 32 stand-on klipper et profesjonelt valg for klipping i trange og krevende omr\u00e5der.\" \/>\n<meta property=\"og:url\" content=\"https:\/\/www.ariens.eu\/no\/product\/zero-turn-klippere\/arrow-serien\/arrow-32\/\" \/>\n<meta property=\"og:site_name\" content=\"Ariens | EMEAA\" \/>\n<meta property=\"article:modified_time\" content=\"2026-02-25T10:36:24+00:00\" \/>\n<meta property=\"og:image\" content=\"https:\/\/www.ariens.eu\/no\/wp-content\/uploads\/sites\/7\/2024\/06\/ariens-arrow-32-stand-on-zero-turn-front-view-34.webp\" \/>\n\t<meta property=\"og:image:width\" content=\"900\" \/>\n\t<meta property=\"og:image:height\" content=\"650\" \/>\n\t<meta property=\"og:image:type\" content=\"image\/webp\" \/>\n<meta name=\"twitter:card\" content=\"summary_large_image\" \/>\n<meta name=\"twitter:label1\" content=\"Ansl. lesetid\" \/>\n\t<meta name=\"twitter:data1\" content=\"2 minutter\" \/>\n<script type=\"application\/ld+json\" class=\"yoast-schema-graph\">{\"@context\":\"https:\\\/\\\/schema.org\",\"@graph\":[{\"@type\":\"WebPage\",\"@id\":\"https:\\\/\\\/www.ariens.eu\\\/no\\\/product\\\/zero-turn-klippere\\\/arrow-serien\\\/arrow-32\\\/\",\"url\":\"https:\\\/\\\/www.ariens.eu\\\/no\\\/product\\\/zero-turn-klippere\\\/arrow-serien\\\/arrow-32\\\/\",\"name\":\"ARROW 32 \u2013 stand-on Zero-Turn klipper | Ariens\",\"isPartOf\":{\"@id\":\"https:\\\/\\\/www.ariens.eu\\\/no\\\/#website\"},\"primaryImageOfPage\":{\"@id\":\"https:\\\/\\\/www.ariens.eu\\\/no\\\/product\\\/zero-turn-klippere\\\/arrow-serien\\\/arrow-32\\\/#primaryimage\"},\"image\":{\"@id\":\"https:\\\/\\\/www.ariens.eu\\\/no\\\/product\\\/zero-turn-klippere\\\/arrow-serien\\\/arrow-32\\\/#primaryimage\"},\"thumbnailUrl\":\"https:\\\/\\\/www.ariens.eu\\\/no\\\/wp-content\\\/uploads\\\/sites\\\/7\\\/2024\\\/06\\\/ariens-arrow-32-stand-on-zero-turn-front-view-34.webp\",\"datePublished\":\"2024-05-10T10:04:36+00:00\",\"dateModified\":\"2026-02-25T10:36:24+00:00\",\"description\":\"Med Kawasaki FS600 motor og 81 cm klippdekk er Ariens ARROW 32 stand-on klipper et profesjonelt valg for klipping i trange og krevende omr\u00e5der.\",\"breadcrumb\":{\"@id\":\"https:\\\/\\\/www.ariens.eu\\\/no\\\/product\\\/zero-turn-klippere\\\/arrow-serien\\\/arrow-32\\\/#breadcrumb\"},\"inLanguage\":\"nb-NO\",\"potentialAction\":[{\"@type\":\"ReadAction\",\"target\":[\"https:\\\/\\\/www.ariens.eu\\\/no\\\/product\\\/zero-turn-klippere\\\/arrow-serien\\\/arrow-32\\\/\"]}]},{\"@type\":\"ImageObject\",\"inLanguage\":\"nb-NO\",\"@id\":\"https:\\\/\\\/www.ariens.eu\\\/no\\\/product\\\/zero-turn-klippere\\\/arrow-serien\\\/arrow-32\\\/#primaryimage\",\"url\":\"https:\\\/\\\/www.ariens.eu\\\/no\\\/wp-content\\\/uploads\\\/sites\\\/7\\\/2024\\\/06\\\/ariens-arrow-32-stand-on-zero-turn-front-view-34.webp\",\"contentUrl\":\"https:\\\/\\\/www.ariens.eu\\\/no\\\/wp-content\\\/uploads\\\/sites\\\/7\\\/2024\\\/06\\\/ariens-arrow-32-stand-on-zero-turn-front-view-34.webp\",\"width\":900,\"height\":650},{\"@type\":\"BreadcrumbList\",\"@id\":\"https:\\\/\\\/www.ariens.eu\\\/no\\\/product\\\/zero-turn-klippere\\\/arrow-serien\\\/arrow-32\\\/#breadcrumb\",\"itemListElement\":[{\"@type\":\"ListItem\",\"position\":1,\"name\":\"Home\",\"item\":\"https:\\\/\\\/www.ariens.eu\\\/no\\\/\"},{\"@type\":\"ListItem\",\"position\":2,\"name\":\"Shop\",\"item\":\"https:\\\/\\\/www.ariens.eu\\\/no\\\/shop\\\/\"},{\"@type\":\"ListItem\",\"position\":3,\"name\":\"ARROW 32\"}]},{\"@type\":\"WebSite\",\"@id\":\"https:\\\/\\\/www.ariens.eu\\\/no\\\/#website\",\"url\":\"https:\\\/\\\/www.ariens.eu\\\/no\\\/\",\"name\":\"Ariens | EMEAA\",\"description\":\"Powerful and reliable zero-turn mowers &amp; snow blowers for professional users and demanding private customers\",\"potentialAction\":[{\"@type\":\"SearchAction\",\"target\":{\"@type\":\"EntryPoint\",\"urlTemplate\":\"https:\\\/\\\/www.ariens.eu\\\/no\\\/?s={search_term_string}\"},\"query-input\":{\"@type\":\"PropertyValueSpecification\",\"valueRequired\":true,\"valueName\":\"search_term_string\"}}],\"inLanguage\":\"nb-NO\"}]}<\/script>\n<!-- \/ Yoast SEO plugin. -->","yoast_head_json":{"title":"ARROW 32 \u2013 stand-on Zero-Turn klipper | Ariens","description":"Med Kawasaki FS600 motor og 81 cm klippdekk er Ariens ARROW 32 stand-on klipper et profesjonelt valg for klipping i trange og krevende omr\u00e5der.","robots":{"index":"index","follow":"follow","max-snippet":"max-snippet:-1","max-image-preview":"max-image-preview:large","max-video-preview":"max-video-preview:-1"},"canonical":"https:\/\/www.ariens.eu\/no\/product\/zero-turn-klippere\/arrow-serien\/arrow-32\/","og_locale":"nb_NO","og_type":"article","og_title":"ARROW 32 \u2013 stand-on Zero-Turn klipper | Ariens","og_description":"Med Kawasaki FS600 motor og 81 cm klippdekk er Ariens ARROW 32 stand-on klipper et profesjonelt valg for klipping i trange og krevende omr\u00e5der.","og_url":"https:\/\/www.ariens.eu\/no\/product\/zero-turn-klippere\/arrow-serien\/arrow-32\/","og_site_name":"Ariens | EMEAA","article_modified_time":"2026-02-25T10:36:24+00:00","og_image":[{"width":900,"height":650,"url":"https:\/\/www.ariens.eu\/no\/wp-content\/uploads\/sites\/7\/2024\/06\/ariens-arrow-32-stand-on-zero-turn-front-view-34.webp","type":"image\/webp"}],"twitter_card":"summary_large_image","twitter_misc":{"Ansl. lesetid":"2 minutter"},"schema":{"@context":"https:\/\/schema.org","@graph":[{"@type":"WebPage","@id":"https:\/\/www.ariens.eu\/no\/product\/zero-turn-klippere\/arrow-serien\/arrow-32\/","url":"https:\/\/www.ariens.eu\/no\/product\/zero-turn-klippere\/arrow-serien\/arrow-32\/","name":"ARROW 32 \u2013 stand-on Zero-Turn klipper | Ariens","isPartOf":{"@id":"https:\/\/www.ariens.eu\/no\/#website"},"primaryImageOfPage":{"@id":"https:\/\/www.ariens.eu\/no\/product\/zero-turn-klippere\/arrow-serien\/arrow-32\/#primaryimage"},"image":{"@id":"https:\/\/www.ariens.eu\/no\/product\/zero-turn-klippere\/arrow-serien\/arrow-32\/#primaryimage"},"thumbnailUrl":"https:\/\/www.ariens.eu\/no\/wp-content\/uploads\/sites\/7\/2024\/06\/ariens-arrow-32-stand-on-zero-turn-front-view-34.webp","datePublished":"2024-05-10T10:04:36+00:00","dateModified":"2026-02-25T10:36:24+00:00","description":"Med Kawasaki FS600 motor og 81 cm klippdekk er Ariens ARROW 32 stand-on klipper et profesjonelt valg for klipping i trange og krevende omr\u00e5der.","breadcrumb":{"@id":"https:\/\/www.ariens.eu\/no\/product\/zero-turn-klippere\/arrow-serien\/arrow-32\/#breadcrumb"},"inLanguage":"nb-NO","potentialAction":[{"@type":"ReadAction","target":["https:\/\/www.ariens.eu\/no\/product\/zero-turn-klippere\/arrow-serien\/arrow-32\/"]}]},{"@type":"ImageObject","inLanguage":"nb-NO","@id":"https:\/\/www.ariens.eu\/no\/product\/zero-turn-klippere\/arrow-serien\/arrow-32\/#primaryimage","url":"https:\/\/www.ariens.eu\/no\/wp-content\/uploads\/sites\/7\/2024\/06\/ariens-arrow-32-stand-on-zero-turn-front-view-34.webp","contentUrl":"https:\/\/www.ariens.eu\/no\/wp-content\/uploads\/sites\/7\/2024\/06\/ariens-arrow-32-stand-on-zero-turn-front-view-34.webp","width":900,"height":650},{"@type":"BreadcrumbList","@id":"https:\/\/www.ariens.eu\/no\/product\/zero-turn-klippere\/arrow-serien\/arrow-32\/#breadcrumb","itemListElement":[{"@type":"ListItem","position":1,"name":"Home","item":"https:\/\/www.ariens.eu\/no\/"},{"@type":"ListItem","position":2,"name":"Shop","item":"https:\/\/www.ariens.eu\/no\/shop\/"},{"@type":"ListItem","position":3,"name":"ARROW 32"}]},{"@type":"WebSite","@id":"https:\/\/www.ariens.eu\/no\/#website","url":"https:\/\/www.ariens.eu\/no\/","name":"Ariens | EMEAA","description":"Powerful and reliable zero-turn mowers &amp; snow blowers for professional users and demanding private customers","potentialAction":[{"@type":"SearchAction","target":{"@type":"EntryPoint","urlTemplate":"https:\/\/www.ariens.eu\/no\/?s={search_term_string}"},"query-input":{"@type":"PropertyValueSpecification","valueRequired":true,"valueName":"search_term_string"}}],"inLanguage":"nb-NO"}]}},"_links":{"self":[{"href":"https:\/\/www.ariens.eu\/no\/wp-json\/wp\/v2\/product\/2343","targetHints":{"allow":["GET"]}}],"collection":[{"href":"https:\/\/www.ariens.eu\/no\/wp-json\/wp\/v2\/product"}],"about":[{"href":"https:\/\/www.ariens.eu\/no\/wp-json\/wp\/v2\/types\/product"}],"replies":[{"embeddable":true,"href":"https:\/\/www.ariens.eu\/no\/wp-json\/wp\/v2\/comments?post=2343"}],"wp:featuredmedia":[{"embeddable":true,"href":"https:\/\/www.ariens.eu\/no\/wp-json\/wp\/v2\/media\/4536"}],"wp:attachment":[{"href":"https:\/\/www.ariens.eu\/no\/wp-json\/wp\/v2\/media?parent=2343"}],"wp:term":[{"taxonomy":"product_brand","embeddable":true,"href":"https:\/\/www.ariens.eu\/no\/wp-json\/wp\/v2\/product_brand?post=2343"},{"taxonomy":"product_cat","embeddable":true,"href":"https:\/\/www.ariens.eu\/no\/wp-json\/wp\/v2\/product_cat?post=2343"},{"taxonomy":"product_tag","embeddable":true,"href":"https:\/\/www.ariens.eu\/no\/wp-json\/wp\/v2\/product_tag?post=2343"}],"curies":[{"name":"wp","href":"https:\/\/api.w.org\/{rel}","templated":true}]}}