{"id":4921,"date":"2024-11-20T09:34:05","date_gmt":"2024-11-20T09:34:05","guid":{"rendered":"https:\/\/www.ariens.eu\/no\/?post_type=product&#038;p=4921"},"modified":"2026-02-25T10:38:51","modified_gmt":"2026-02-25T10:38:51","slug":"ikon-42","status":"publish","type":"product","link":"https:\/\/www.ariens.eu\/no\/product\/zero-turn-klippere\/ikon-serien\/ikon-42","title":{"rendered":"IKON 42"},"content":{"rendered":"<div class=\"acfd-block acfd-block__headline mb-asm-1 container-fluid px-0 bg-default\">\n<div class=\"acfd-headline\" >\n<h2 class='h2 text-left li_black'>Kvalitet skapt i detaljene.<\/h2>\n<\/p><\/div>\n<\/div>\n<div class=\"acfd-block acfd-block__text container-fluid px-0 bg-default\">\n<div class=\"acfd-text li_black\">\n<p>Den nyeste og raskeste m\u00e5ten \u00e5 klippe plenen p\u00e5 &#8211; uansett hvor stor hagen er. Nye Ariens IKON setter ny standard for klipperesultat, komfort og funksjoner.<\/p>\n<\/div>\n<\/div>\n<div class=\"acfd-block acfd-block__text mb-asm-2 container-fluid px-0 bg-default\">\n<div class=\"acfd-text li_black\">\n<p>Den nye Ariens IKON er mer enn bare en oppgradert modell. Den definerer en ny klasse klippere for private storbrukere og semiprofesjonelle.<\/p>\n<p>Da AriensCo feiret 90 \u00e5r, ble IKON-serien med Zero-Turn klippere gjennomg\u00e5tt fra grunnen av. Og alt vi har l\u00e6rt gjennom \u00e5rene er n\u00e5 tatt inn i en komplett redesign av serien.<\/p>\n<p>V\u00e5re ingeni\u00f8rer har g\u00e5tt gjennom hver eneste komponent. Velpr\u00f8vde l\u00f8sninger er beholdt, mens alt annet er forbedret, oppgradert eller helt fornyet. Resultatet er en Ariens IKON som visker ut skillet mellom en klipper for privat bruk og en profesjonell maskin. Med bransjeledende design og ytelse skiller den seg tydelig ut fra resten. Opplev den selv.<\/p>\n<\/div>\n<\/div>\n<div class=\"acfd-block acfd-block__category mb-asm-3 container-fluid px-0 bg-default\">\n<div class=\"acfd-product-categories\">\n<h2 class=\"text-left mb-3\">\n        Eins\u00e4tze    <\/h2>\n<div class=\"product-categories_wrapper\">\n         <span\n                data-description=\"Er du tjenesteleverand\u00f8r, vaktmester eller har du ansvar for regelmessig vedlikehold av st\u00f8rre arealer? Da gir en semiprofesjonell maskin deg ytelsen og slitestyrken du trenger for \u00e5 fullf\u00f8re klippejobben p\u00e5litelig.\"                class=\"product-category-single\"> Semiprofesjonell                <sup><i class=\"fa fa-info-circle\" aria-hidden=\"true\"><\/i><\/sup>            <\/span>  <span\n                data-description=\"Har du en flott plen i hagen eller rundt eiendommen? \u00d8nsker du \u00e5 holde den velstelt fra midten av mars og gjennom hele sesongen? V\u00e5re gressklippere finnes i ulike klippebredder, slik at du enkelt kan finne en modell som passer perfekt - uansett hagest\u00f8rrelse.\"                class=\"product-category-single\"> Privatbruk                <sup><i class=\"fa fa-info-circle\" aria-hidden=\"true\"><\/i><\/sup>            <\/span>  <span\n                data-description=\"V\u00e5re gressklippere er utstyrt med motorer fra Kawasaki<sup>&reg;<\/sup> eller Ariens av h\u00f8y kvalitet. De leverer ytelse og driftssikkerhet over gjennomsnittet.\"                class=\"product-category-single\"> Bensin                <sup><i class=\"fa fa-info-circle\" aria-hidden=\"true\"><\/i><\/sup>            <\/span>  <span\n                data-description=\"N\u00e5r du bruker et mulchingsett i gressklipperen, er sideutkast ikke lenger n\u00f8dvendig. Gresset finhakkes og fordeles jevnt bakover p\u00e5 plenen. Eventuell gj\u00f8dsel som er tilf\u00f8rt blir liggende p\u00e5 overflaten, mens de fine gresspartiklene forsvinner nesten usynlig ned i plenen.\"                class=\"product-category-single\"> Mulchingsett (tilleggsutstyr)                <sup><i class=\"fa fa-info-circle\" aria-hidden=\"true\"><\/i><\/sup>            <\/span>  <span\n                data-description=\"Ariens sitteklippere byr p\u00e5 h\u00f8y komfort. Vi bruker seter av h\u00f8y kvalitet allerede fra innstegsmodellene. God benplass og ergonomiske betjeningsorganer er standard.\"                class=\"product-category-single\"> Sitteklipper                <sup><i class=\"fa fa-info-circle\" aria-hidden=\"true\"><\/i><\/sup>            <\/span>  <span\n                data-description=\"Med APEX- og ZENITH-modellene kan du velge mellom sideutkast og bakutkast. Et sideutkast kaster gresset ut gjennom en \u00e5pning p\u00e5 siden med en deflektor. Den kraftige luftstr\u00f8mmen sprer deretter avklippet over et stort omr\u00e5de. Et mulchingsett (tilleggsutstyr) kan monteres p\u00e5 sideutkast. N\u00e5r et mulchingsett brukes, finhakkes gresset og kastes ut bakover. Sideutkast og deflektor blir da lukket eller fjernet.\"                class=\"product-category-single\"> Sideutkast                <sup><i class=\"fa fa-info-circle\" aria-hidden=\"true\"><\/i><\/sup>            <\/span>  <span\n                data-description=\"Alle Ariens gressklippere er godt egnet til flate plener. Velg klippebredde ut fra st\u00f8rrelsen p\u00e5 arealet og eventuelle trange passasjer som kan begrense maskinbredden.\"                class=\"product-category-single\"> Flatt terreng                <sup><i class=\"fa fa-info-circle\" aria-hidden=\"true\"><\/i><\/sup>            <\/span>  <span\n                data-description=\"Ariens gressklippere h\u00e5ndterer ujevnt terreng godt. P\u00e5 ujevnt underlag anbefales smalere klippebredder for et mer jevnt klipperesultat.\"                class=\"product-category-single\"> Ujevnt terreng                <sup><i class=\"fa fa-info-circle\" aria-hidden=\"true\"><\/i><\/sup>            <\/span>  <span\n                data-description=\"Det anbefales \u00e5 velge en maskin med brede hjul. Ikke overskrid den angitte sikkerhetsgrensen p\u00e5 15\u00b0 helling for sitteklippere og 20\u00b0 for st\u00e5ende klippere. P\u00e5 ujevnt terreng b\u00f8r du velge et smalere klippeaggregat for et mer jevnt klipperesultat. ZENITH-modellen leveres med veltesikring (ROPS) som standard, og dette kan ettermonteres p\u00e5 APEX.\"                class=\"product-category-single\"> Kupert terreng                <sup><i class=\"fa fa-info-circle\" aria-hidden=\"true\"><\/i><\/sup>            <\/span>  <span\n                data-description=\"Klippeaggregater med 132 cm og 152 cm bredde brukes effektivt p\u00e5 store flater.\"                class=\"product-category-single\"> Store arealer                <sup><i class=\"fa fa-info-circle\" aria-hidden=\"true\"><\/i><\/sup>            <\/span>     <\/div>\n<\/div>\n<\/div>\n<div class=\"acfd-block acfd-block__media mb-asm-1 container-fluid px-0 bg-default\">\n<div class=\"acfd-media\">\n<div class=\"initial-hidden\" data-type=\"youtube\" data-video-id=\"https:\/\/www.youtube.com\/watch?v=hUcrbaaPg1c\"\n                        data-autoplay=\"false\"><\/div>\n<div class=\"bg-16-9 media-placeholder-content-wrapper\">\n<div class=\"media-thumbnail-description media-embed-wrapper\">\n<div class=\"description-wrapper\">\n                                    To view this video, please accept cookies from external media                                    <\/p>\n<div class=\"consent-configuration-wrapper\">\n                                        <button id=\"liOpenCookieSettings\" class=\"li-open-cookie-settings\">Change Cookie Preferences<\/button>                                    <\/div>\n<\/p><\/div>\n<\/p><\/div>\n<div class=\"media-embed-wrapper\">\n                                <img decoding=\"async\" src=\"https:\/\/img.youtube.com\/vi\/hUcrbaaPg1c\/0.jpg\" alt=\"Youtube Video Thumbnail\"\/>\n                            <\/div>\n<\/p><\/div>\n<\/p><\/div>\n<\/div>\n<div class=\"acfd-block acfd-block__twocolumns container-fluid px-0 bg-default\">\n<div class=\"acfd-twocolumns\">\n<div class=\"row\">\n<div class='col-lg-12 mb-4 '>\n<div class=\"acfd-product-advantages--wrapper\">\n<h2 class=\"h1 bigger text-color-black text-center mb-5\">\n        Features &#038; Benefits    <\/h2>\n<div class=\"acfd-product-advantages\">\n<div class=\"row\">\n<div class=\"col-md-6 mb-4 content\">\n                    <span class=\"d-block h5 text-color-brand mb-1\">Stability and durability:<\/span><\/p>\n<p>As with the professional series, the IKON has a fully welded tubular frame.<\/p>\n<\/p><\/div>\n<div class=\"col-md-6 mb4 image\" >\n                <\/div>\n<\/p><\/div>\n<div class=\"row\">\n<div class=\"col-md-6 mb-4 content\">\n                    <span class=\"d-block h5 text-color-brand mb-1\">Power reserves and reliability<\/span><\/p>\n<p>The Kawasaki<sup>&reg;<\/sup> FR engine series on the IKON is the top benchmark in its class. It delivers the power and performance needed in the toughest conditions.<\/p>\n<\/p><\/div>\n<div class=\"col-md-6 mb4 image\" >\n                <\/div>\n<\/p><\/div>\n<div class=\"row\">\n<div class=\"col-md-6 mb-4 content\">\n                    <span class=\"d-block h5 text-color-brand mb-1\">Carefree wheel drive<\/span><\/p>\n<p>The two separate hydrostatic EZT<sup>&reg;<\/sup> wheel motors from HYDRO-GEAR<sup>&reg;<\/sup> are service-free and guarantee a smooth driving experience.<\/p>\n<\/p><\/div>\n<div class=\"col-md-6 mb4 image\" >\n                <\/div>\n<\/p><\/div>\n<div class=\"row\">\n<div class=\"col-md-6 mb-4 content\">\n                    <span class=\"d-block h5 text-color-brand mb-1\">New ENVY mower deck<\/span><\/p>\n<p>The mowing deck is the most heavily loaded component of a mower. Stability is particularly important here: The new ENVY mower deck has improved air flow and an enlarged discharge. Lying grass is lifted higher and cut perfectly. With 4-point suspension for permanent fixation and parallelism. Furthermore, Blade spindles made of forged aluminium. Cooler running and more impact and vibration resistant than cast spindles. Standard in the course of the 2025 season on APEX and ZENITH &amp; the new IKON.<\/p>\n<\/p><\/div>\n<div class=\"col-md-6 mb4 image\" >\n                <\/div>\n<\/p><\/div>\n<\/p><\/div>\n<\/div><\/div>\n<div class='col-lg'>                    <\/div>\n<\/p><\/div>\n<\/div>\n<\/div>\n","protected":false},"excerpt":{"rendered":"<p>Den nyeste og raskeste m\u00e5ten \u00e5 klippe plenen p\u00e5 &#8211; uansett hvor stor hagen er. Nye Ariens IKON setter ny standard for klipperesultat, komfort og funksjoner.<\/p>\n","protected":false},"featured_media":4928,"comment_status":"open","ping_status":"closed","template":"","meta":{"_acf_changed":false,"_relevanssi_hide_post":"","_relevanssi_hide_content":"","_relevanssi_pin_for_all":"","_relevanssi_pin_keywords":"","_relevanssi_unpin_keywords":"","_relevanssi_related_keywords":"","_relevanssi_related_include_ids":"","_relevanssi_related_exclude_ids":"","_relevanssi_related_no_append":"","_relevanssi_related_not_related":"","_relevanssi_related_posts":"","_relevanssi_noindex_reason":""},"product_brand":[],"product_cat":[15],"product_tag":[],"class_list":{"0":"post-4921","1":"product","2":"type-product","3":"status-publish","4":"has-post-thumbnail","6":"product_variant-ikon-serien","7":"product_usage_areas-entreprenorer","8":"product_usage_areas-fritidsomrader","9":"product_usage_areas-kommuner-og-driftsavdelinger","10":"product_usage_areas-vaktmestertjenester","12":"first","13":"instock","14":"shipping-taxable","15":"product-type-simple"},"acf":[],"yoast_head":"<!-- This site is optimized with the Yoast SEO plugin v27.3 - https:\/\/yoast.com\/product\/yoast-seo-wordpress\/ -->\n<title>Ariens IKON 42 \u2013 ny Zero-Turn klipper | Ariens<\/title>\n<meta name=\"description\" content=\"Ariens IKON 42 Zero-Turn klipper setter ny standard for klipperesultat, komfort og design. Utviklet for b\u00e5de privat og semiprofesjonell bruk.\" \/>\n<meta name=\"robots\" content=\"index, follow, max-snippet:-1, max-image-preview:large, max-video-preview:-1\" \/>\n<link rel=\"canonical\" href=\"https:\/\/www.ariens.eu\/no\/product\/zero-turn-klippere\/ikon-serien\/ikon-42\/\" \/>\n<meta property=\"og:locale\" content=\"nb_NO\" \/>\n<meta property=\"og:type\" content=\"article\" \/>\n<meta property=\"og:title\" content=\"Ariens IKON 42 \u2013 ny Zero-Turn klipper | Ariens\" \/>\n<meta property=\"og:description\" content=\"Ariens IKON 42 Zero-Turn klipper setter ny standard for klipperesultat, komfort og design. Utviklet for b\u00e5de privat og semiprofesjonell bruk.\" \/>\n<meta property=\"og:url\" content=\"https:\/\/www.ariens.eu\/no\/product\/zero-turn-klippere\/ikon-serien\/ikon-42\/\" \/>\n<meta property=\"og:site_name\" content=\"Ariens | EMEAA\" \/>\n<meta property=\"article:modified_time\" content=\"2026-02-25T10:38:51+00:00\" \/>\n<meta property=\"og:image\" content=\"https:\/\/www.ariens.eu\/no\/wp-content\/uploads\/sites\/7\/2024\/11\/ariens-ikon-42-sd.png\" \/>\n\t<meta property=\"og:image:width\" content=\"1008\" \/>\n\t<meta property=\"og:image:height\" content=\"750\" \/>\n\t<meta property=\"og:image:type\" content=\"image\/png\" \/>\n<meta name=\"twitter:card\" content=\"summary_large_image\" \/>\n<meta name=\"twitter:label1\" content=\"Ansl. lesetid\" \/>\n\t<meta name=\"twitter:data1\" content=\"3 minutter\" \/>\n<script type=\"application\/ld+json\" class=\"yoast-schema-graph\">{\"@context\":\"https:\\\/\\\/schema.org\",\"@graph\":[{\"@type\":\"WebPage\",\"@id\":\"https:\\\/\\\/www.ariens.eu\\\/no\\\/product\\\/zero-turn-klippere\\\/ikon-serien\\\/ikon-42\\\/\",\"url\":\"https:\\\/\\\/www.ariens.eu\\\/no\\\/product\\\/zero-turn-klippere\\\/ikon-serien\\\/ikon-42\\\/\",\"name\":\"Ariens IKON 42 \u2013 ny Zero-Turn klipper | Ariens\",\"isPartOf\":{\"@id\":\"https:\\\/\\\/www.ariens.eu\\\/no\\\/#website\"},\"primaryImageOfPage\":{\"@id\":\"https:\\\/\\\/www.ariens.eu\\\/no\\\/product\\\/zero-turn-klippere\\\/ikon-serien\\\/ikon-42\\\/#primaryimage\"},\"image\":{\"@id\":\"https:\\\/\\\/www.ariens.eu\\\/no\\\/product\\\/zero-turn-klippere\\\/ikon-serien\\\/ikon-42\\\/#primaryimage\"},\"thumbnailUrl\":\"https:\\\/\\\/www.ariens.eu\\\/no\\\/wp-content\\\/uploads\\\/sites\\\/7\\\/2024\\\/11\\\/ariens-ikon-42-sd.png\",\"datePublished\":\"2024-11-20T09:34:05+00:00\",\"dateModified\":\"2026-02-25T10:38:51+00:00\",\"description\":\"Ariens IKON 42 Zero-Turn klipper setter ny standard for klipperesultat, komfort og design. Utviklet for b\u00e5de privat og semiprofesjonell bruk.\",\"breadcrumb\":{\"@id\":\"https:\\\/\\\/www.ariens.eu\\\/no\\\/product\\\/zero-turn-klippere\\\/ikon-serien\\\/ikon-42\\\/#breadcrumb\"},\"inLanguage\":\"nb-NO\",\"potentialAction\":[{\"@type\":\"ReadAction\",\"target\":[\"https:\\\/\\\/www.ariens.eu\\\/no\\\/product\\\/zero-turn-klippere\\\/ikon-serien\\\/ikon-42\\\/\"]}]},{\"@type\":\"ImageObject\",\"inLanguage\":\"nb-NO\",\"@id\":\"https:\\\/\\\/www.ariens.eu\\\/no\\\/product\\\/zero-turn-klippere\\\/ikon-serien\\\/ikon-42\\\/#primaryimage\",\"url\":\"https:\\\/\\\/www.ariens.eu\\\/no\\\/wp-content\\\/uploads\\\/sites\\\/7\\\/2024\\\/11\\\/ariens-ikon-42-sd.png\",\"contentUrl\":\"https:\\\/\\\/www.ariens.eu\\\/no\\\/wp-content\\\/uploads\\\/sites\\\/7\\\/2024\\\/11\\\/ariens-ikon-42-sd.png\",\"width\":1008,\"height\":750},{\"@type\":\"BreadcrumbList\",\"@id\":\"https:\\\/\\\/www.ariens.eu\\\/no\\\/product\\\/zero-turn-klippere\\\/ikon-serien\\\/ikon-42\\\/#breadcrumb\",\"itemListElement\":[{\"@type\":\"ListItem\",\"position\":1,\"name\":\"Home\",\"item\":\"https:\\\/\\\/www.ariens.eu\\\/no\\\/\"},{\"@type\":\"ListItem\",\"position\":2,\"name\":\"Shop\",\"item\":\"https:\\\/\\\/www.ariens.eu\\\/no\\\/shop\\\/\"},{\"@type\":\"ListItem\",\"position\":3,\"name\":\"IKON 42\"}]},{\"@type\":\"WebSite\",\"@id\":\"https:\\\/\\\/www.ariens.eu\\\/no\\\/#website\",\"url\":\"https:\\\/\\\/www.ariens.eu\\\/no\\\/\",\"name\":\"Ariens | EMEAA\",\"description\":\"Powerful and reliable zero-turn mowers &amp; snow blowers for professional users and demanding private customers\",\"potentialAction\":[{\"@type\":\"SearchAction\",\"target\":{\"@type\":\"EntryPoint\",\"urlTemplate\":\"https:\\\/\\\/www.ariens.eu\\\/no\\\/?s={search_term_string}\"},\"query-input\":{\"@type\":\"PropertyValueSpecification\",\"valueRequired\":true,\"valueName\":\"search_term_string\"}}],\"inLanguage\":\"nb-NO\"}]}<\/script>\n<!-- \/ Yoast SEO plugin. -->","yoast_head_json":{"title":"Ariens IKON 42 \u2013 ny Zero-Turn klipper | Ariens","description":"Ariens IKON 42 Zero-Turn klipper setter ny standard for klipperesultat, komfort og design. Utviklet for b\u00e5de privat og semiprofesjonell bruk.","robots":{"index":"index","follow":"follow","max-snippet":"max-snippet:-1","max-image-preview":"max-image-preview:large","max-video-preview":"max-video-preview:-1"},"canonical":"https:\/\/www.ariens.eu\/no\/product\/zero-turn-klippere\/ikon-serien\/ikon-42\/","og_locale":"nb_NO","og_type":"article","og_title":"Ariens IKON 42 \u2013 ny Zero-Turn klipper | Ariens","og_description":"Ariens IKON 42 Zero-Turn klipper setter ny standard for klipperesultat, komfort og design. Utviklet for b\u00e5de privat og semiprofesjonell bruk.","og_url":"https:\/\/www.ariens.eu\/no\/product\/zero-turn-klippere\/ikon-serien\/ikon-42\/","og_site_name":"Ariens | EMEAA","article_modified_time":"2026-02-25T10:38:51+00:00","og_image":[{"width":1008,"height":750,"url":"https:\/\/www.ariens.eu\/no\/wp-content\/uploads\/sites\/7\/2024\/11\/ariens-ikon-42-sd.png","type":"image\/png"}],"twitter_card":"summary_large_image","twitter_misc":{"Ansl. lesetid":"3 minutter"},"schema":{"@context":"https:\/\/schema.org","@graph":[{"@type":"WebPage","@id":"https:\/\/www.ariens.eu\/no\/product\/zero-turn-klippere\/ikon-serien\/ikon-42\/","url":"https:\/\/www.ariens.eu\/no\/product\/zero-turn-klippere\/ikon-serien\/ikon-42\/","name":"Ariens IKON 42 \u2013 ny Zero-Turn klipper | Ariens","isPartOf":{"@id":"https:\/\/www.ariens.eu\/no\/#website"},"primaryImageOfPage":{"@id":"https:\/\/www.ariens.eu\/no\/product\/zero-turn-klippere\/ikon-serien\/ikon-42\/#primaryimage"},"image":{"@id":"https:\/\/www.ariens.eu\/no\/product\/zero-turn-klippere\/ikon-serien\/ikon-42\/#primaryimage"},"thumbnailUrl":"https:\/\/www.ariens.eu\/no\/wp-content\/uploads\/sites\/7\/2024\/11\/ariens-ikon-42-sd.png","datePublished":"2024-11-20T09:34:05+00:00","dateModified":"2026-02-25T10:38:51+00:00","description":"Ariens IKON 42 Zero-Turn klipper setter ny standard for klipperesultat, komfort og design. Utviklet for b\u00e5de privat og semiprofesjonell bruk.","breadcrumb":{"@id":"https:\/\/www.ariens.eu\/no\/product\/zero-turn-klippere\/ikon-serien\/ikon-42\/#breadcrumb"},"inLanguage":"nb-NO","potentialAction":[{"@type":"ReadAction","target":["https:\/\/www.ariens.eu\/no\/product\/zero-turn-klippere\/ikon-serien\/ikon-42\/"]}]},{"@type":"ImageObject","inLanguage":"nb-NO","@id":"https:\/\/www.ariens.eu\/no\/product\/zero-turn-klippere\/ikon-serien\/ikon-42\/#primaryimage","url":"https:\/\/www.ariens.eu\/no\/wp-content\/uploads\/sites\/7\/2024\/11\/ariens-ikon-42-sd.png","contentUrl":"https:\/\/www.ariens.eu\/no\/wp-content\/uploads\/sites\/7\/2024\/11\/ariens-ikon-42-sd.png","width":1008,"height":750},{"@type":"BreadcrumbList","@id":"https:\/\/www.ariens.eu\/no\/product\/zero-turn-klippere\/ikon-serien\/ikon-42\/#breadcrumb","itemListElement":[{"@type":"ListItem","position":1,"name":"Home","item":"https:\/\/www.ariens.eu\/no\/"},{"@type":"ListItem","position":2,"name":"Shop","item":"https:\/\/www.ariens.eu\/no\/shop\/"},{"@type":"ListItem","position":3,"name":"IKON 42"}]},{"@type":"WebSite","@id":"https:\/\/www.ariens.eu\/no\/#website","url":"https:\/\/www.ariens.eu\/no\/","name":"Ariens | EMEAA","description":"Powerful and reliable zero-turn mowers &amp; snow blowers for professional users and demanding private customers","potentialAction":[{"@type":"SearchAction","target":{"@type":"EntryPoint","urlTemplate":"https:\/\/www.ariens.eu\/no\/?s={search_term_string}"},"query-input":{"@type":"PropertyValueSpecification","valueRequired":true,"valueName":"search_term_string"}}],"inLanguage":"nb-NO"}]}},"_links":{"self":[{"href":"https:\/\/www.ariens.eu\/no\/wp-json\/wp\/v2\/product\/4921","targetHints":{"allow":["GET"]}}],"collection":[{"href":"https:\/\/www.ariens.eu\/no\/wp-json\/wp\/v2\/product"}],"about":[{"href":"https:\/\/www.ariens.eu\/no\/wp-json\/wp\/v2\/types\/product"}],"replies":[{"embeddable":true,"href":"https:\/\/www.ariens.eu\/no\/wp-json\/wp\/v2\/comments?post=4921"}],"wp:featuredmedia":[{"embeddable":true,"href":"https:\/\/www.ariens.eu\/no\/wp-json\/wp\/v2\/media\/4928"}],"wp:attachment":[{"href":"https:\/\/www.ariens.eu\/no\/wp-json\/wp\/v2\/media?parent=4921"}],"wp:term":[{"taxonomy":"product_brand","embeddable":true,"href":"https:\/\/www.ariens.eu\/no\/wp-json\/wp\/v2\/product_brand?post=4921"},{"taxonomy":"product_cat","embeddable":true,"href":"https:\/\/www.ariens.eu\/no\/wp-json\/wp\/v2\/product_cat?post=4921"},{"taxonomy":"product_tag","embeddable":true,"href":"https:\/\/www.ariens.eu\/no\/wp-json\/wp\/v2\/product_tag?post=4921"}],"curies":[{"name":"wp","href":"https:\/\/api.w.org\/{rel}","templated":true}]}}