{"id":2064,"date":"2024-05-03T07:52:20","date_gmt":"2024-05-03T06:52:20","guid":{"rendered":"https:\/\/www.ariens.eu\/?page_id=2064"},"modified":"2026-01-07T08:38:00","modified_gmt":"2026-01-07T08:38:00","slug":"about-ariens","status":"publish","type":"page","link":"https:\/\/www.ariens.eu\/se\/company\/about-ariens\/","title":{"rendered":"Om Ariens"},"content":{"rendered":"","protected":false},"excerpt":{"rendered":"","protected":false},"author":7,"featured_media":0,"parent":2051,"menu_order":0,"comment_status":"closed","ping_status":"closed","template":"","meta":{"_acf_changed":false,"_relevanssi_hide_post":"","_relevanssi_hide_content":"","_relevanssi_pin_for_all":"","_relevanssi_pin_keywords":"","_relevanssi_unpin_keywords":"","_relevanssi_related_keywords":"","_relevanssi_related_include_ids":"","_relevanssi_related_exclude_ids":"","_relevanssi_related_no_append":"","_relevanssi_related_not_related":"","_relevanssi_related_posts":"","_relevanssi_noindex_reason":"","footnotes":""},"acf":[],"yoast_head":"<!-- This site is optimized with the Yoast SEO plugin v23.0 - https:\/\/yoast.com\/wordpress\/plugins\/seo\/ -->\n<title>Om Ariens \u2013 Att s\u00e4tta v\u00e5rt namn p\u00e5 varje maskin<\/title>\n<meta name=\"description\" content=\"L\u00e4s mer om Ariens - ett familje\u00e4gt f\u00f6retag med \u00f6ver 90 \u00e5rs erfarenhet av Zero-Turn-klippare och sn\u00f6slungor i v\u00e4rldsklass, byggda utan kompromisser.\" \/>\n<meta name=\"robots\" content=\"index, follow, max-snippet:-1, max-image-preview:large, max-video-preview:-1\" \/>\n<link rel=\"canonical\" href=\"https:\/\/www.ariens.eu\/se\/company\/about-ariens\/\" \/>\n<meta property=\"og:locale\" content=\"sv_SE\" \/>\n<meta property=\"og:type\" content=\"article\" \/>\n<meta property=\"og:title\" content=\"Om Ariens \u2013 Att s\u00e4tta v\u00e5rt namn p\u00e5 varje maskin\" \/>\n<meta property=\"og:description\" content=\"L\u00e4s mer om Ariens - ett familje\u00e4gt f\u00f6retag med \u00f6ver 90 \u00e5rs erfarenhet av Zero-Turn-klippare och sn\u00f6slungor i v\u00e4rldsklass, byggda utan kompromisser.\" \/>\n<meta property=\"og:url\" content=\"https:\/\/www.ariens.eu\/se\/company\/about-ariens\/\" \/>\n<meta property=\"og:site_name\" content=\"Ariens | EMEAA\" \/>\n<meta property=\"article:modified_time\" content=\"2026-01-07T08:38:00+00:00\" \/>\n<meta property=\"og:image\" content=\"https:\/\/www.ariens.eu\/se\/wp-content\/uploads\/sites\/8\/2024\/05\/Facivon_Ariens-logo.png\" \/>\n\t<meta property=\"og:image:width\" content=\"300\" \/>\n\t<meta property=\"og:image:height\" content=\"300\" \/>\n\t<meta property=\"og:image:type\" content=\"image\/png\" \/>\n<meta name=\"twitter:card\" content=\"summary_large_image\" \/>\n<script type=\"application\/ld+json\" class=\"yoast-schema-graph\">{\"@context\":\"https:\/\/schema.org\",\"@graph\":[{\"@type\":\"WebPage\",\"@id\":\"https:\/\/www.ariens.eu\/se\/company\/about-ariens\/\",\"url\":\"https:\/\/www.ariens.eu\/se\/company\/about-ariens\/\",\"name\":\"Om Ariens \u2013 Att s\u00e4tta v\u00e5rt namn p\u00e5 varje maskin\",\"isPartOf\":{\"@id\":\"https:\/\/www.ariens.eu\/se\/#website\"},\"datePublished\":\"2024-05-03T06:52:20+00:00\",\"dateModified\":\"2026-01-07T08:38:00+00:00\",\"description\":\"L\u00e4s mer om Ariens - ett familje\u00e4gt f\u00f6retag med \u00f6ver 90 \u00e5rs erfarenhet av Zero-Turn-klippare och sn\u00f6slungor i v\u00e4rldsklass, byggda utan kompromisser.\",\"breadcrumb\":{\"@id\":\"https:\/\/www.ariens.eu\/se\/company\/about-ariens\/#breadcrumb\"},\"inLanguage\":\"sv-SE\",\"potentialAction\":[{\"@type\":\"ReadAction\",\"target\":[\"https:\/\/www.ariens.eu\/se\/company\/about-ariens\/\"]}]},{\"@type\":\"BreadcrumbList\",\"@id\":\"https:\/\/www.ariens.eu\/se\/company\/about-ariens\/#breadcrumb\",\"itemListElement\":[{\"@type\":\"ListItem\",\"position\":1,\"name\":\"Home\",\"item\":\"https:\/\/www.ariens.eu\/se\/\"},{\"@type\":\"ListItem\",\"position\":2,\"name\":\"F\u00f6retag\",\"item\":\"https:\/\/www.ariens.eu\/se\/company\/\"},{\"@type\":\"ListItem\",\"position\":3,\"name\":\"Om Ariens\"}]},{\"@type\":\"WebSite\",\"@id\":\"https:\/\/www.ariens.eu\/se\/#website\",\"url\":\"https:\/\/www.ariens.eu\/se\/\",\"name\":\"Ariens | EMEAA\",\"description\":\"Powerful and reliable zero-turn mowers &amp; snow blowers for professional users and demanding private customers\",\"potentialAction\":[{\"@type\":\"SearchAction\",\"target\":{\"@type\":\"EntryPoint\",\"urlTemplate\":\"https:\/\/www.ariens.eu\/se\/?s={search_term_string}\"},\"query-input\":\"required name=search_term_string\"}],\"inLanguage\":\"sv-SE\"}]}<\/script>\n<!-- \/ Yoast SEO plugin. -->","yoast_head_json":{"title":"Om Ariens \u2013 Att s\u00e4tta v\u00e5rt namn p\u00e5 varje maskin","description":"L\u00e4s mer om Ariens - ett familje\u00e4gt f\u00f6retag med \u00f6ver 90 \u00e5rs erfarenhet av Zero-Turn-klippare och sn\u00f6slungor i v\u00e4rldsklass, byggda utan kompromisser.","robots":{"index":"index","follow":"follow","max-snippet":"max-snippet:-1","max-image-preview":"max-image-preview:large","max-video-preview":"max-video-preview:-1"},"canonical":"https:\/\/www.ariens.eu\/se\/company\/about-ariens\/","og_locale":"sv_SE","og_type":"article","og_title":"Om Ariens \u2013 Att s\u00e4tta v\u00e5rt namn p\u00e5 varje maskin","og_description":"L\u00e4s mer om Ariens - ett familje\u00e4gt f\u00f6retag med \u00f6ver 90 \u00e5rs erfarenhet av Zero-Turn-klippare och sn\u00f6slungor i v\u00e4rldsklass, byggda utan kompromisser.","og_url":"https:\/\/www.ariens.eu\/se\/company\/about-ariens\/","og_site_name":"Ariens | EMEAA","article_modified_time":"2026-01-07T08:38:00+00:00","og_image":[{"width":300,"height":300,"url":"https:\/\/www.ariens.eu\/se\/wp-content\/uploads\/sites\/8\/2024\/05\/Facivon_Ariens-logo.png","type":"image\/png"}],"twitter_card":"summary_large_image","schema":{"@context":"https:\/\/schema.org","@graph":[{"@type":"WebPage","@id":"https:\/\/www.ariens.eu\/se\/company\/about-ariens\/","url":"https:\/\/www.ariens.eu\/se\/company\/about-ariens\/","name":"Om Ariens \u2013 Att s\u00e4tta v\u00e5rt namn p\u00e5 varje maskin","isPartOf":{"@id":"https:\/\/www.ariens.eu\/se\/#website"},"datePublished":"2024-05-03T06:52:20+00:00","dateModified":"2026-01-07T08:38:00+00:00","description":"L\u00e4s mer om Ariens - ett familje\u00e4gt f\u00f6retag med \u00f6ver 90 \u00e5rs erfarenhet av Zero-Turn-klippare och sn\u00f6slungor i v\u00e4rldsklass, byggda utan kompromisser.","breadcrumb":{"@id":"https:\/\/www.ariens.eu\/se\/company\/about-ariens\/#breadcrumb"},"inLanguage":"sv-SE","potentialAction":[{"@type":"ReadAction","target":["https:\/\/www.ariens.eu\/se\/company\/about-ariens\/"]}]},{"@type":"BreadcrumbList","@id":"https:\/\/www.ariens.eu\/se\/company\/about-ariens\/#breadcrumb","itemListElement":[{"@type":"ListItem","position":1,"name":"Home","item":"https:\/\/www.ariens.eu\/se\/"},{"@type":"ListItem","position":2,"name":"F\u00f6retag","item":"https:\/\/www.ariens.eu\/se\/company\/"},{"@type":"ListItem","position":3,"name":"Om Ariens"}]},{"@type":"WebSite","@id":"https:\/\/www.ariens.eu\/se\/#website","url":"https:\/\/www.ariens.eu\/se\/","name":"Ariens | EMEAA","description":"Powerful and reliable zero-turn mowers &amp; snow blowers for professional users and demanding private customers","potentialAction":[{"@type":"SearchAction","target":{"@type":"EntryPoint","urlTemplate":"https:\/\/www.ariens.eu\/se\/?s={search_term_string}"},"query-input":"required name=search_term_string"}],"inLanguage":"sv-SE"}]}},"_links":{"self":[{"href":"https:\/\/www.ariens.eu\/se\/wp-json\/wp\/v2\/pages\/2064"}],"collection":[{"href":"https:\/\/www.ariens.eu\/se\/wp-json\/wp\/v2\/pages"}],"about":[{"href":"https:\/\/www.ariens.eu\/se\/wp-json\/wp\/v2\/types\/page"}],"author":[{"embeddable":true,"href":"https:\/\/www.ariens.eu\/se\/wp-json\/wp\/v2\/users\/7"}],"replies":[{"embeddable":true,"href":"https:\/\/www.ariens.eu\/se\/wp-json\/wp\/v2\/comments?post=2064"}],"version-history":[{"count":8,"href":"https:\/\/www.ariens.eu\/se\/wp-json\/wp\/v2\/pages\/2064\/revisions"}],"predecessor-version":[{"id":4920,"href":"https:\/\/www.ariens.eu\/se\/wp-json\/wp\/v2\/pages\/2064\/revisions\/4920"}],"up":[{"embeddable":true,"href":"https:\/\/www.ariens.eu\/se\/wp-json\/wp\/v2\/pages\/2051"}],"wp:attachment":[{"href":"https:\/\/www.ariens.eu\/se\/wp-json\/wp\/v2\/media?parent=2064"}],"curies":[{"name":"wp","href":"https:\/\/api.w.org\/{rel}","templated":true}]}}