{"id":2134,"date":"2024-05-06T21:24:49","date_gmt":"2024-05-06T20:24:49","guid":{"rendered":"https:\/\/www.ariens.eu\/?page_id=2134"},"modified":"2026-01-07T08:58:13","modified_gmt":"2026-01-07T08:58:13","slug":"career","status":"publish","type":"page","link":"https:\/\/www.ariens.eu\/se\/company\/career\/","title":{"rendered":"Karri\u00e4r"},"content":{"rendered":"","protected":false},"excerpt":{"rendered":"","protected":false},"author":7,"featured_media":0,"parent":2051,"menu_order":0,"comment_status":"closed","ping_status":"closed","template":"","meta":{"_acf_changed":false,"_relevanssi_hide_post":"","_relevanssi_hide_content":"","_relevanssi_pin_for_all":"","_relevanssi_pin_keywords":"","_relevanssi_unpin_keywords":"","_relevanssi_related_keywords":"","_relevanssi_related_include_ids":"","_relevanssi_related_exclude_ids":"","_relevanssi_related_no_append":"","_relevanssi_related_not_related":"","_relevanssi_related_posts":"","_relevanssi_noindex_reason":"","footnotes":""},"class_list":["post-2134","page","type-page","status-publish","hentry"],"acf":[],"yoast_head":"<!-- This site is optimized with the Yoast SEO plugin v27.3 - https:\/\/yoast.com\/product\/yoast-seo-wordpress\/ -->\n<title>Karri\u00e4r hos AriensCo \u2013 Ett globalt f\u00f6retag med sm\u00e5stadens r\u00f6tter<\/title>\n<meta name=\"description\" content=\"Uppt\u00e4ck karri\u00e4rm\u00f6jligheter hos AriensCo \u2013 ett globalt familjef\u00f6retag med starka v\u00e4rderingar, engagerade medarbetare och l\u00e5ng tradition av kvalitet.\" \/>\n<meta name=\"robots\" content=\"index, follow, max-snippet:-1, max-image-preview:large, max-video-preview:-1\" \/>\n<link rel=\"canonical\" href=\"https:\/\/www.ariens.eu\/se\/company\/career\/\" \/>\n<meta property=\"og:locale\" content=\"sv_SE\" \/>\n<meta property=\"og:type\" content=\"article\" \/>\n<meta property=\"og:title\" content=\"Karri\u00e4r hos AriensCo \u2013 Ett globalt f\u00f6retag med sm\u00e5stadens r\u00f6tter\" \/>\n<meta property=\"og:description\" content=\"Uppt\u00e4ck karri\u00e4rm\u00f6jligheter hos AriensCo \u2013 ett globalt familjef\u00f6retag med starka v\u00e4rderingar, engagerade medarbetare och l\u00e5ng tradition av kvalitet.\" \/>\n<meta property=\"og:url\" content=\"https:\/\/www.ariens.eu\/se\/company\/career\/\" \/>\n<meta property=\"og:site_name\" content=\"Ariens | EMEAA\" \/>\n<meta property=\"article:modified_time\" content=\"2026-01-07T08:58:13+00:00\" \/>\n<meta property=\"og:image\" content=\"https:\/\/www.ariens.eu\/se\/wp-content\/uploads\/sites\/8\/2024\/05\/Facivon_Ariens-logo.png\" \/>\n\t<meta property=\"og:image:width\" content=\"300\" \/>\n\t<meta property=\"og:image:height\" content=\"300\" \/>\n\t<meta property=\"og:image:type\" content=\"image\/png\" \/>\n<meta name=\"twitter:card\" content=\"summary_large_image\" \/>\n<script type=\"application\/ld+json\" class=\"yoast-schema-graph\">{\"@context\":\"https:\\\/\\\/schema.org\",\"@graph\":[{\"@type\":\"WebPage\",\"@id\":\"https:\\\/\\\/www.ariens.eu\\\/se\\\/company\\\/career\\\/\",\"url\":\"https:\\\/\\\/www.ariens.eu\\\/se\\\/company\\\/career\\\/\",\"name\":\"Karri\u00e4r hos AriensCo \u2013 Ett globalt f\u00f6retag med sm\u00e5stadens r\u00f6tter\",\"isPartOf\":{\"@id\":\"https:\\\/\\\/www.ariens.eu\\\/se\\\/#website\"},\"datePublished\":\"2024-05-06T20:24:49+00:00\",\"dateModified\":\"2026-01-07T08:58:13+00:00\",\"description\":\"Uppt\u00e4ck karri\u00e4rm\u00f6jligheter hos AriensCo \u2013 ett globalt familjef\u00f6retag med starka v\u00e4rderingar, engagerade medarbetare och l\u00e5ng tradition av kvalitet.\",\"breadcrumb\":{\"@id\":\"https:\\\/\\\/www.ariens.eu\\\/se\\\/company\\\/career\\\/#breadcrumb\"},\"inLanguage\":\"sv-SE\",\"potentialAction\":[{\"@type\":\"ReadAction\",\"target\":[\"https:\\\/\\\/www.ariens.eu\\\/se\\\/company\\\/career\\\/\"]}]},{\"@type\":\"BreadcrumbList\",\"@id\":\"https:\\\/\\\/www.ariens.eu\\\/se\\\/company\\\/career\\\/#breadcrumb\",\"itemListElement\":[{\"@type\":\"ListItem\",\"position\":1,\"name\":\"Home\",\"item\":\"https:\\\/\\\/www.ariens.eu\\\/se\\\/\"},{\"@type\":\"ListItem\",\"position\":2,\"name\":\"F\u00f6retag\",\"item\":\"https:\\\/\\\/www.ariens.eu\\\/se\\\/company\\\/\"},{\"@type\":\"ListItem\",\"position\":3,\"name\":\"Karri\u00e4r\"}]},{\"@type\":\"WebSite\",\"@id\":\"https:\\\/\\\/www.ariens.eu\\\/se\\\/#website\",\"url\":\"https:\\\/\\\/www.ariens.eu\\\/se\\\/\",\"name\":\"Ariens | EMEAA\",\"description\":\"Powerful and reliable zero-turn mowers &amp; snow blowers for professional users and demanding private customers\",\"potentialAction\":[{\"@type\":\"SearchAction\",\"target\":{\"@type\":\"EntryPoint\",\"urlTemplate\":\"https:\\\/\\\/www.ariens.eu\\\/se\\\/?s={search_term_string}\"},\"query-input\":{\"@type\":\"PropertyValueSpecification\",\"valueRequired\":true,\"valueName\":\"search_term_string\"}}],\"inLanguage\":\"sv-SE\"}]}<\/script>\n<!-- \/ Yoast SEO plugin. -->","yoast_head_json":{"title":"Karri\u00e4r hos AriensCo \u2013 Ett globalt f\u00f6retag med sm\u00e5stadens r\u00f6tter","description":"Uppt\u00e4ck karri\u00e4rm\u00f6jligheter hos AriensCo \u2013 ett globalt familjef\u00f6retag med starka v\u00e4rderingar, engagerade medarbetare och l\u00e5ng tradition av kvalitet.","robots":{"index":"index","follow":"follow","max-snippet":"max-snippet:-1","max-image-preview":"max-image-preview:large","max-video-preview":"max-video-preview:-1"},"canonical":"https:\/\/www.ariens.eu\/se\/company\/career\/","og_locale":"sv_SE","og_type":"article","og_title":"Karri\u00e4r hos AriensCo \u2013 Ett globalt f\u00f6retag med sm\u00e5stadens r\u00f6tter","og_description":"Uppt\u00e4ck karri\u00e4rm\u00f6jligheter hos AriensCo \u2013 ett globalt familjef\u00f6retag med starka v\u00e4rderingar, engagerade medarbetare och l\u00e5ng tradition av kvalitet.","og_url":"https:\/\/www.ariens.eu\/se\/company\/career\/","og_site_name":"Ariens | EMEAA","article_modified_time":"2026-01-07T08:58:13+00:00","og_image":[{"width":300,"height":300,"url":"https:\/\/www.ariens.eu\/se\/wp-content\/uploads\/sites\/8\/2024\/05\/Facivon_Ariens-logo.png","type":"image\/png"}],"twitter_card":"summary_large_image","schema":{"@context":"https:\/\/schema.org","@graph":[{"@type":"WebPage","@id":"https:\/\/www.ariens.eu\/se\/company\/career\/","url":"https:\/\/www.ariens.eu\/se\/company\/career\/","name":"Karri\u00e4r hos AriensCo \u2013 Ett globalt f\u00f6retag med sm\u00e5stadens r\u00f6tter","isPartOf":{"@id":"https:\/\/www.ariens.eu\/se\/#website"},"datePublished":"2024-05-06T20:24:49+00:00","dateModified":"2026-01-07T08:58:13+00:00","description":"Uppt\u00e4ck karri\u00e4rm\u00f6jligheter hos AriensCo \u2013 ett globalt familjef\u00f6retag med starka v\u00e4rderingar, engagerade medarbetare och l\u00e5ng tradition av kvalitet.","breadcrumb":{"@id":"https:\/\/www.ariens.eu\/se\/company\/career\/#breadcrumb"},"inLanguage":"sv-SE","potentialAction":[{"@type":"ReadAction","target":["https:\/\/www.ariens.eu\/se\/company\/career\/"]}]},{"@type":"BreadcrumbList","@id":"https:\/\/www.ariens.eu\/se\/company\/career\/#breadcrumb","itemListElement":[{"@type":"ListItem","position":1,"name":"Home","item":"https:\/\/www.ariens.eu\/se\/"},{"@type":"ListItem","position":2,"name":"F\u00f6retag","item":"https:\/\/www.ariens.eu\/se\/company\/"},{"@type":"ListItem","position":3,"name":"Karri\u00e4r"}]},{"@type":"WebSite","@id":"https:\/\/www.ariens.eu\/se\/#website","url":"https:\/\/www.ariens.eu\/se\/","name":"Ariens | EMEAA","description":"Powerful and reliable zero-turn mowers &amp; snow blowers for professional users and demanding private customers","potentialAction":[{"@type":"SearchAction","target":{"@type":"EntryPoint","urlTemplate":"https:\/\/www.ariens.eu\/se\/?s={search_term_string}"},"query-input":{"@type":"PropertyValueSpecification","valueRequired":true,"valueName":"search_term_string"}}],"inLanguage":"sv-SE"}]}},"_links":{"self":[{"href":"https:\/\/www.ariens.eu\/se\/wp-json\/wp\/v2\/pages\/2134","targetHints":{"allow":["GET"]}}],"collection":[{"href":"https:\/\/www.ariens.eu\/se\/wp-json\/wp\/v2\/pages"}],"about":[{"href":"https:\/\/www.ariens.eu\/se\/wp-json\/wp\/v2\/types\/page"}],"author":[{"embeddable":true,"href":"https:\/\/www.ariens.eu\/se\/wp-json\/wp\/v2\/users\/7"}],"replies":[{"embeddable":true,"href":"https:\/\/www.ariens.eu\/se\/wp-json\/wp\/v2\/comments?post=2134"}],"version-history":[{"count":7,"href":"https:\/\/www.ariens.eu\/se\/wp-json\/wp\/v2\/pages\/2134\/revisions"}],"predecessor-version":[{"id":4922,"href":"https:\/\/www.ariens.eu\/se\/wp-json\/wp\/v2\/pages\/2134\/revisions\/4922"}],"up":[{"embeddable":true,"href":"https:\/\/www.ariens.eu\/se\/wp-json\/wp\/v2\/pages\/2051"}],"wp:attachment":[{"href":"https:\/\/www.ariens.eu\/se\/wp-json\/wp\/v2\/media?parent=2134"}],"curies":[{"name":"wp","href":"https:\/\/api.w.org\/{rel}","templated":true}]}}