{"id":2303,"date":"2024-05-10T11:04:35","date_gmt":"2024-05-10T10:04:35","guid":{"rendered":"https:\/\/www.ariens.eu\/product\/mammoth-850\/"},"modified":"2026-01-06T12:10:25","modified_gmt":"2026-01-06T12:10:25","slug":"mammoth-850","status":"publish","type":"product","link":"https:\/\/www.ariens.eu\/se\/product\/ariens-snoslungor-efi-rapidtrak\/mammoth-850-serien\/mammoth-850","title":{"rendered":"MAMMOTH 850"},"content":{"rendered":"<div class=\"acfd-block acfd-block__twocolumns mb-asm-1 container bg-default\">\n<div class=\"acfd-twocolumns\">\n<div class=\"row\">\n<div class='col-lg-9 mb-4 '>\n<div class=\"acfd-block acfd-block__headline container-fluid px-0 bg-default\">\n<div class=\"acfd-headline\" >\n<h2 class='h2 text-left li_black'>Den m\u00e5ngsidiga redskapsb\u00e4raren f\u00f6r vinterservice.<\/h2>\n<\/p><\/div>\n<\/div><\/div>\n<div class='col-lg'>                    <\/div>\n<\/p><\/div>\n<\/div>\n<\/div>\n<div class=\"acfd-block acfd-block__twocolumns mb-asm-2 container bg-default\">\n<div class=\"acfd-twocolumns\">\n<div class=\"row\">\n<div class='col-lg-9 mb-4 '>\n<div class=\"acfd-block acfd-block__text container-fluid px-0 bg-default\">\n<div class=\"acfd-text li_black\">\n<p>Ariens MAMMOTH\u2122-serie \u00e4r ett f\u00f6rstklassigt, tungt arbetsfordon f\u00f6r sn\u00f6r\u00f6jning, utvecklat f\u00f6r de mest kr\u00e4vande uppgifterna. Utrustad med en kraftfull Kawasaki 850V-EFI-motor p\u00e5 28,5 hk levererar den o\u00f6vertr\u00e4ffad effektivitet och styrka vid sn\u00f6r\u00f6jning. Fyrhjulsdriften i kombination med robusta 22&#8243; Terra-trac-d\u00e4ck ger exceptionellt grepp och man\u00f6vrerbarhet i utmanande vintermilj\u00f6er.<\/p>\n<p>Mammoth-serien erbjuder ett brett utbud av redskap, s\u00e5som plogblad och sn\u00f6slungor, anpassade f\u00f6r olika typer av sn\u00f6r\u00f6jningsuppdrag. Denna kombination av m\u00e5ngsidighet och kraft g\u00f6r MAMMOTH 850 till ett sj\u00e4lvklart val f\u00f6r professionell och kommersiell sn\u00f6r\u00f6jning.<\/p>\n<p><strong>Kraftfull motor:<\/strong> Utrustad med en Kawasaki 850V-EFI-motor p\u00e5 28,5 hk f\u00f6r effektiv och h\u00f6gpresterande sn\u00f6r\u00f6jning.<\/p>\n<p><strong>Avancerat grepp:<\/strong> Fyrhjulsdrift i kombination med 22&#8243; Terra-trac-d\u00e4ck ger \u00f6verl\u00e4gsen man\u00f6vrerbarhet i sn\u00f6iga f\u00f6rh\u00e5llanden.<\/p>\n<p><strong>M\u00e5ngsidiga redskap:<\/strong> Erbjuder ett brett urval av redskap, inklusive plogblad och sn\u00f6slungor, perfekt anpassade f\u00f6r olika typer av sn\u00f6r\u00f6jningsarbeten.<\/p>\n<\/div>\n<\/div><\/div>\n<div class='col-lg'>                    <\/div>\n<\/p><\/div>\n<\/div>\n<\/div>\n<div class=\"acfd-block acfd-block__twocolumns mb-asm-2 container-fluid container-fluid--force px-0 bg-default\">\n<div class=\"acfd-twocolumns\">\n<div class=\"row\">\n<div class='col-lg-12 mb-4 '>\n<div class=\"acfd-product-advantages--wrapper\">\n<h2 class=\"h1 bigger text-color-black text-center mb-5\">\n        Merkmale &#038; Vorteile    <\/h2>\n<div class=\"acfd-product-advantages\">\n<div class=\"row\">\n<div class=\"col-md-6 mb-4 content\">\n                    <span class=\"d-block h5 text-color-brand mb-1\">Best-in-class engine<\/span><\/p>\n<p>29.5 hp Kawasaki 850V-EFI engine, and Electronic Fuel Injection for cold days and reliable starting.<\/p>\n<\/p><\/div>\n<div class=\"col-md-6 mb4 image\"  style=\"background-image:url(https:\/\/www.ariens.eu\/se\/wp-content\/uploads\/sites\/8\/2024\/05\/mammoth-herofeature1-efi-engine.png)\">\n                <\/div>\n<\/p><\/div>\n<div class=\"row\">\n<div class=\"col-md-6 mb-4 content\">\n                    <span class=\"d-block h5 text-color-brand mb-1\">Four-wheel driven power<\/span><\/p>\n<p>Parker HP2 Pumps and Parker Engines provide power and control to all four wheels.<\/p>\n<\/p><\/div>\n<div class=\"col-md-6 mb4 image\"  style=\"background-image:url(https:\/\/www.ariens.eu\/se\/wp-content\/uploads\/sites\/8\/2024\/05\/mammoth-herofeature2-all-wheel-drive.png)\">\n                <\/div>\n<\/p><\/div>\n<div class=\"row\">\n<div class=\"col-md-6 mb-4 content\">\n                    <span class=\"d-block h5 text-color-brand mb-1\">Convenient dash layout<\/span><\/p>\n<p>Controls are at your fingertips. One hand drives while the other works the attachment joystick. Heated hand grips come standard.<\/p>\n<\/p><\/div>\n<div class=\"col-md-6 mb4 image\"  style=\"background-image:url(https:\/\/www.ariens.eu\/se\/wp-content\/uploads\/sites\/8\/2024\/05\/Thumb_Controls_and_Adjust_Speed_Controls.png)\">\n                <\/div>\n<\/p><\/div>\n<\/p><\/div>\n<\/div><\/div>\n<div class='col-lg'>                    <\/div>\n<\/p><\/div>\n<\/div>\n<\/div>\n","protected":false},"excerpt":{"rendered":"<p>Den m\u00e5ngsidiga redskapsb\u00e4raren f\u00f6r vinterservice. Ariens MAMMOTH\u2122-serie \u00e4r ett f\u00f6rstklassigt, tungt arbetsfordon f\u00f6r sn\u00f6r\u00f6jning, utvecklat f\u00f6r de mest kr\u00e4vande uppgifterna. Utrustad med en kraftfull Kawasaki 850V-EFI-motor p\u00e5 28,5 hk levererar den o\u00f6vertr\u00e4ffad effektivitet och styrka vid sn\u00f6r\u00f6jning. Fyrhjulsdriften i kombination med robusta 22&#8243; Terra-trac-d\u00e4ck ger exceptionellt grepp och man\u00f6vrerbarhet i utmanande vintermilj\u00f6er. Mammoth-serien erbjuder ett [&hellip;]<\/p>\n","protected":false},"featured_media":2698,"comment_status":"open","ping_status":"closed","template":"","meta":{"_acf_changed":false,"_relevanssi_hide_post":"","_relevanssi_hide_content":"","_relevanssi_pin_for_all":"","_relevanssi_pin_keywords":"","_relevanssi_unpin_keywords":"","_relevanssi_related_keywords":"","_relevanssi_related_include_ids":"","_relevanssi_related_exclude_ids":"","_relevanssi_related_no_append":"","_relevanssi_related_not_related":"","_relevanssi_related_posts":"","_relevanssi_noindex_reason":""},"product_brand":[],"product_cat":[15],"product_tag":[],"class_list":{"0":"post-2303","1":"product","2":"type-product","3":"status-publish","4":"has-post-thumbnail","6":"product_variant-mammoth-850-serien","7":"product_usage_areas-kommuner-och-driftgardar","8":"product_usage_areas-vinter-service","10":"first","11":"instock","12":"shipping-taxable","13":"product-type-simple"},"acf":[],"yoast_head":"<!-- This site is optimized with the Yoast SEO plugin v27.3 - https:\/\/yoast.com\/product\/yoast-seo-wordpress\/ -->\n<title>Ariens MAMMOTH 850 f\u00f6r professionell vinterservice<\/title>\n<meta name=\"description\" content=\"Ariens MAMMOTH 850 med Kawasaki 850V-EFI-motor, fyrhjulsdrift och flexibla redskap ger kraftfull och effektiv sn\u00f6r\u00f6jning f\u00f6r professionellt bruk.\" \/>\n<meta name=\"robots\" content=\"index, follow, max-snippet:-1, max-image-preview:large, max-video-preview:-1\" \/>\n<link rel=\"canonical\" href=\"https:\/\/www.ariens.eu\/se\/product\/ariens-snoslungor-efi-rapidtrak\/mammoth-850-serien\/mammoth-850\/\" \/>\n<meta property=\"og:locale\" content=\"sv_SE\" \/>\n<meta property=\"og:type\" content=\"article\" \/>\n<meta property=\"og:title\" content=\"Ariens MAMMOTH 850 f\u00f6r professionell vinterservice\" \/>\n<meta property=\"og:description\" content=\"Ariens MAMMOTH 850 med Kawasaki 850V-EFI-motor, fyrhjulsdrift och flexibla redskap ger kraftfull och effektiv sn\u00f6r\u00f6jning f\u00f6r professionellt bruk.\" \/>\n<meta property=\"og:url\" content=\"https:\/\/www.ariens.eu\/se\/product\/ariens-snoslungor-efi-rapidtrak\/mammoth-850-serien\/mammoth-850\/\" \/>\n<meta property=\"og:site_name\" content=\"Ariens | EMEAA\" \/>\n<meta property=\"article:modified_time\" content=\"2026-01-06T12:10:25+00:00\" \/>\n<meta property=\"og:image\" content=\"https:\/\/www.ariens.eu\/se\/wp-content\/uploads\/sites\/8\/2024\/05\/951001-Mammoth-Standalone_FL34L-4000x3000-2d96997-2.webp\" \/>\n\t<meta property=\"og:image:width\" content=\"1280\" \/>\n\t<meta property=\"og:image:height\" content=\"960\" \/>\n\t<meta property=\"og:image:type\" content=\"image\/webp\" \/>\n<meta name=\"twitter:card\" content=\"summary_large_image\" \/>\n<meta name=\"twitter:label1\" content=\"Ber\u00e4knad l\u00e4stid\" \/>\n\t<meta name=\"twitter:data1\" content=\"2 minuter\" \/>\n<script type=\"application\/ld+json\" class=\"yoast-schema-graph\">{\"@context\":\"https:\\\/\\\/schema.org\",\"@graph\":[{\"@type\":\"WebPage\",\"@id\":\"https:\\\/\\\/www.ariens.eu\\\/se\\\/product\\\/ariens-snoslungor-efi-rapidtrak\\\/mammoth-850-serien\\\/mammoth-850\\\/\",\"url\":\"https:\\\/\\\/www.ariens.eu\\\/se\\\/product\\\/ariens-snoslungor-efi-rapidtrak\\\/mammoth-850-serien\\\/mammoth-850\\\/\",\"name\":\"Ariens MAMMOTH 850 f\u00f6r professionell vinterservice\",\"isPartOf\":{\"@id\":\"https:\\\/\\\/www.ariens.eu\\\/se\\\/#website\"},\"primaryImageOfPage\":{\"@id\":\"https:\\\/\\\/www.ariens.eu\\\/se\\\/product\\\/ariens-snoslungor-efi-rapidtrak\\\/mammoth-850-serien\\\/mammoth-850\\\/#primaryimage\"},\"image\":{\"@id\":\"https:\\\/\\\/www.ariens.eu\\\/se\\\/product\\\/ariens-snoslungor-efi-rapidtrak\\\/mammoth-850-serien\\\/mammoth-850\\\/#primaryimage\"},\"thumbnailUrl\":\"https:\\\/\\\/www.ariens.eu\\\/se\\\/wp-content\\\/uploads\\\/sites\\\/8\\\/2024\\\/05\\\/951001-Mammoth-Standalone_FL34L-4000x3000-2d96997-2.webp\",\"datePublished\":\"2024-05-10T10:04:35+00:00\",\"dateModified\":\"2026-01-06T12:10:25+00:00\",\"description\":\"Ariens MAMMOTH 850 med Kawasaki 850V-EFI-motor, fyrhjulsdrift och flexibla redskap ger kraftfull och effektiv sn\u00f6r\u00f6jning f\u00f6r professionellt bruk.\",\"breadcrumb\":{\"@id\":\"https:\\\/\\\/www.ariens.eu\\\/se\\\/product\\\/ariens-snoslungor-efi-rapidtrak\\\/mammoth-850-serien\\\/mammoth-850\\\/#breadcrumb\"},\"inLanguage\":\"sv-SE\",\"potentialAction\":[{\"@type\":\"ReadAction\",\"target\":[\"https:\\\/\\\/www.ariens.eu\\\/se\\\/product\\\/ariens-snoslungor-efi-rapidtrak\\\/mammoth-850-serien\\\/mammoth-850\\\/\"]}]},{\"@type\":\"ImageObject\",\"inLanguage\":\"sv-SE\",\"@id\":\"https:\\\/\\\/www.ariens.eu\\\/se\\\/product\\\/ariens-snoslungor-efi-rapidtrak\\\/mammoth-850-serien\\\/mammoth-850\\\/#primaryimage\",\"url\":\"https:\\\/\\\/www.ariens.eu\\\/se\\\/wp-content\\\/uploads\\\/sites\\\/8\\\/2024\\\/05\\\/951001-Mammoth-Standalone_FL34L-4000x3000-2d96997-2.webp\",\"contentUrl\":\"https:\\\/\\\/www.ariens.eu\\\/se\\\/wp-content\\\/uploads\\\/sites\\\/8\\\/2024\\\/05\\\/951001-Mammoth-Standalone_FL34L-4000x3000-2d96997-2.webp\",\"width\":1280,\"height\":960},{\"@type\":\"BreadcrumbList\",\"@id\":\"https:\\\/\\\/www.ariens.eu\\\/se\\\/product\\\/ariens-snoslungor-efi-rapidtrak\\\/mammoth-850-serien\\\/mammoth-850\\\/#breadcrumb\",\"itemListElement\":[{\"@type\":\"ListItem\",\"position\":1,\"name\":\"Home\",\"item\":\"https:\\\/\\\/www.ariens.eu\\\/se\\\/\"},{\"@type\":\"ListItem\",\"position\":2,\"name\":\"Shop\",\"item\":\"https:\\\/\\\/www.ariens.eu\\\/se\\\/shop\\\/\"},{\"@type\":\"ListItem\",\"position\":3,\"name\":\"MAMMOTH 850\"}]},{\"@type\":\"WebSite\",\"@id\":\"https:\\\/\\\/www.ariens.eu\\\/se\\\/#website\",\"url\":\"https:\\\/\\\/www.ariens.eu\\\/se\\\/\",\"name\":\"Ariens | EMEAA\",\"description\":\"Powerful and reliable zero-turn mowers &amp; snow blowers for professional users and demanding private customers\",\"potentialAction\":[{\"@type\":\"SearchAction\",\"target\":{\"@type\":\"EntryPoint\",\"urlTemplate\":\"https:\\\/\\\/www.ariens.eu\\\/se\\\/?s={search_term_string}\"},\"query-input\":{\"@type\":\"PropertyValueSpecification\",\"valueRequired\":true,\"valueName\":\"search_term_string\"}}],\"inLanguage\":\"sv-SE\"}]}<\/script>\n<!-- \/ Yoast SEO plugin. -->","yoast_head_json":{"title":"Ariens MAMMOTH 850 f\u00f6r professionell vinterservice","description":"Ariens MAMMOTH 850 med Kawasaki 850V-EFI-motor, fyrhjulsdrift och flexibla redskap ger kraftfull och effektiv sn\u00f6r\u00f6jning f\u00f6r professionellt bruk.","robots":{"index":"index","follow":"follow","max-snippet":"max-snippet:-1","max-image-preview":"max-image-preview:large","max-video-preview":"max-video-preview:-1"},"canonical":"https:\/\/www.ariens.eu\/se\/product\/ariens-snoslungor-efi-rapidtrak\/mammoth-850-serien\/mammoth-850\/","og_locale":"sv_SE","og_type":"article","og_title":"Ariens MAMMOTH 850 f\u00f6r professionell vinterservice","og_description":"Ariens MAMMOTH 850 med Kawasaki 850V-EFI-motor, fyrhjulsdrift och flexibla redskap ger kraftfull och effektiv sn\u00f6r\u00f6jning f\u00f6r professionellt bruk.","og_url":"https:\/\/www.ariens.eu\/se\/product\/ariens-snoslungor-efi-rapidtrak\/mammoth-850-serien\/mammoth-850\/","og_site_name":"Ariens | EMEAA","article_modified_time":"2026-01-06T12:10:25+00:00","og_image":[{"width":1280,"height":960,"url":"https:\/\/www.ariens.eu\/se\/wp-content\/uploads\/sites\/8\/2024\/05\/951001-Mammoth-Standalone_FL34L-4000x3000-2d96997-2.webp","type":"image\/webp"}],"twitter_card":"summary_large_image","twitter_misc":{"Ber\u00e4knad l\u00e4stid":"2 minuter"},"schema":{"@context":"https:\/\/schema.org","@graph":[{"@type":"WebPage","@id":"https:\/\/www.ariens.eu\/se\/product\/ariens-snoslungor-efi-rapidtrak\/mammoth-850-serien\/mammoth-850\/","url":"https:\/\/www.ariens.eu\/se\/product\/ariens-snoslungor-efi-rapidtrak\/mammoth-850-serien\/mammoth-850\/","name":"Ariens MAMMOTH 850 f\u00f6r professionell vinterservice","isPartOf":{"@id":"https:\/\/www.ariens.eu\/se\/#website"},"primaryImageOfPage":{"@id":"https:\/\/www.ariens.eu\/se\/product\/ariens-snoslungor-efi-rapidtrak\/mammoth-850-serien\/mammoth-850\/#primaryimage"},"image":{"@id":"https:\/\/www.ariens.eu\/se\/product\/ariens-snoslungor-efi-rapidtrak\/mammoth-850-serien\/mammoth-850\/#primaryimage"},"thumbnailUrl":"https:\/\/www.ariens.eu\/se\/wp-content\/uploads\/sites\/8\/2024\/05\/951001-Mammoth-Standalone_FL34L-4000x3000-2d96997-2.webp","datePublished":"2024-05-10T10:04:35+00:00","dateModified":"2026-01-06T12:10:25+00:00","description":"Ariens MAMMOTH 850 med Kawasaki 850V-EFI-motor, fyrhjulsdrift och flexibla redskap ger kraftfull och effektiv sn\u00f6r\u00f6jning f\u00f6r professionellt bruk.","breadcrumb":{"@id":"https:\/\/www.ariens.eu\/se\/product\/ariens-snoslungor-efi-rapidtrak\/mammoth-850-serien\/mammoth-850\/#breadcrumb"},"inLanguage":"sv-SE","potentialAction":[{"@type":"ReadAction","target":["https:\/\/www.ariens.eu\/se\/product\/ariens-snoslungor-efi-rapidtrak\/mammoth-850-serien\/mammoth-850\/"]}]},{"@type":"ImageObject","inLanguage":"sv-SE","@id":"https:\/\/www.ariens.eu\/se\/product\/ariens-snoslungor-efi-rapidtrak\/mammoth-850-serien\/mammoth-850\/#primaryimage","url":"https:\/\/www.ariens.eu\/se\/wp-content\/uploads\/sites\/8\/2024\/05\/951001-Mammoth-Standalone_FL34L-4000x3000-2d96997-2.webp","contentUrl":"https:\/\/www.ariens.eu\/se\/wp-content\/uploads\/sites\/8\/2024\/05\/951001-Mammoth-Standalone_FL34L-4000x3000-2d96997-2.webp","width":1280,"height":960},{"@type":"BreadcrumbList","@id":"https:\/\/www.ariens.eu\/se\/product\/ariens-snoslungor-efi-rapidtrak\/mammoth-850-serien\/mammoth-850\/#breadcrumb","itemListElement":[{"@type":"ListItem","position":1,"name":"Home","item":"https:\/\/www.ariens.eu\/se\/"},{"@type":"ListItem","position":2,"name":"Shop","item":"https:\/\/www.ariens.eu\/se\/shop\/"},{"@type":"ListItem","position":3,"name":"MAMMOTH 850"}]},{"@type":"WebSite","@id":"https:\/\/www.ariens.eu\/se\/#website","url":"https:\/\/www.ariens.eu\/se\/","name":"Ariens | EMEAA","description":"Powerful and reliable zero-turn mowers &amp; snow blowers for professional users and demanding private customers","potentialAction":[{"@type":"SearchAction","target":{"@type":"EntryPoint","urlTemplate":"https:\/\/www.ariens.eu\/se\/?s={search_term_string}"},"query-input":{"@type":"PropertyValueSpecification","valueRequired":true,"valueName":"search_term_string"}}],"inLanguage":"sv-SE"}]}},"_links":{"self":[{"href":"https:\/\/www.ariens.eu\/se\/wp-json\/wp\/v2\/product\/2303","targetHints":{"allow":["GET"]}}],"collection":[{"href":"https:\/\/www.ariens.eu\/se\/wp-json\/wp\/v2\/product"}],"about":[{"href":"https:\/\/www.ariens.eu\/se\/wp-json\/wp\/v2\/types\/product"}],"replies":[{"embeddable":true,"href":"https:\/\/www.ariens.eu\/se\/wp-json\/wp\/v2\/comments?post=2303"}],"wp:featuredmedia":[{"embeddable":true,"href":"https:\/\/www.ariens.eu\/se\/wp-json\/wp\/v2\/media\/2698"}],"wp:attachment":[{"href":"https:\/\/www.ariens.eu\/se\/wp-json\/wp\/v2\/media?parent=2303"}],"wp:term":[{"taxonomy":"product_brand","embeddable":true,"href":"https:\/\/www.ariens.eu\/se\/wp-json\/wp\/v2\/product_brand?post=2303"},{"taxonomy":"product_cat","embeddable":true,"href":"https:\/\/www.ariens.eu\/se\/wp-json\/wp\/v2\/product_cat?post=2303"},{"taxonomy":"product_tag","embeddable":true,"href":"https:\/\/www.ariens.eu\/se\/wp-json\/wp\/v2\/product_tag?post=2303"}],"curies":[{"name":"wp","href":"https:\/\/api.w.org\/{rel}","templated":true}]}}