{"id":2307,"date":"2024-05-10T11:04:35","date_gmt":"2024-05-10T10:04:35","guid":{"rendered":"https:\/\/www.ariens.eu\/product\/hydro-pro-32-kranken-edition\/"},"modified":"2026-01-06T09:31:29","modified_gmt":"2026-01-06T09:31:29","slug":"hydro-pro-32-rapidtrak-kraken-edition","status":"publish","type":"product","link":"https:\/\/www.ariens.eu\/se\/product\/ariens-snoslungor-efi-rapidtrak\/professional-serien\/hydro-pro-32-rapidtrak-kraken-edition","title":{"rendered":"HYDRO PRO 32 RAPIDTRAK KRAKEN EDITION"},"content":{"rendered":"<div class=\"acfd-block acfd-block__twocolumns mb-asm-1 container-fluid px-0 bg-default\">\n<div class=\"acfd-twocolumns\">\n<div class=\"row\">\n<div class='col-lg-9 mb-4 '>\n<div class=\"acfd-block acfd-block__headline container-fluid px-0 bg-default\">\n<div class=\"acfd-headline\" >\n<h2 class='h2 text-left li_black'>Det mest komfortabla s\u00e4ttet att r\u00f6ja enorma m\u00e4ngder sn\u00f6<\/h2>\n<\/p><\/div>\n<\/div><\/div>\n<div class='col-lg'>                    <\/div>\n<\/p><\/div>\n<\/div>\n<\/div>\n<div class=\"acfd-block acfd-block__twocolumns mb-asm-2 container-fluid px-0 bg-default\">\n<div class=\"acfd-twocolumns\">\n<div class=\"row\">\n<div class='col-lg-9 mb-4 '>\n<div class=\"acfd-block acfd-block__text container-fluid px-0 bg-default\">\n<div class=\"acfd-text li_black\">\n<p>Miljarder sn\u00f6flingor mot en maskin. Det l\u00e5ter helt rimligt. Den h\u00e4r maskinen t\u00e4mjer de vildaste sn\u00f6stormarna utan anstr\u00e4ngning. De djupaste och tyngsta sn\u00f6m\u00e4ngderna f\u00e5r ge vika i samma \u00f6gonblick som du startar den kraftfulla 420 cm\u00b3-motorn. Du beh\u00f6ver inte vara proffs f\u00f6r att \u00e4ga en &#8211; bara viljan att flytta s\u00e5 mycket sn\u00f6 som m\u00f6jligt p\u00e5 s\u00e5 kort tid som m\u00f6jligt. Ta steget upp och kasta sn\u00f6 som proffsen.<\/p>\n<p>Har du ett verkligt sn\u00f6problem? D\u00e5 \u00e4r HYDRO PRO 32 RAPIDTRAK\u2122 KRAKEN EDITION helt r\u00e4tt maskin f\u00f6r dig.<\/p>\n<ul>\n<li><strong>Elektrisk bandaktuator:<\/strong> V\u00e4xla snabbt mellan hjul-, band- och dig-in-l\u00e4ge med ett knapptryck.<\/li>\n<li><strong>Elektrisk utkastsstyrning med tumjoystick:<\/strong> Justera utkastriktningen utan att sl\u00e4ppa greppet.<\/li>\n<li><strong>360\u00b0 LED-belysning:<\/strong> Lys upp natten med en 53 cm (21&#8243;) LED-ljusramp, LED-ljus vid utkastet och ned\u00e5triktad LED-belysning som lyser upp marken runt maskinen.<\/li>\n<li><strong>Auto-Turn\u2122 styrning:<\/strong> Smidig styrning med noll sv\u00e4ngradie.<\/li>\n<li><strong>Impeller:<\/strong> En kraftig impeller p\u00e5 36 cm (14&#8243;) som effektivt tuggar i sig och kastar bort stora m\u00e4ngder sn\u00f6.<\/li>\n<li><strong>Hydrostatisk drift:<\/strong> Justera hastigheten stegl\u00f6st med en enkel spakr\u00f6relse.<\/li>\n<li><strong>F\u00f6rst\u00e4rkta styren:<\/strong> Stora maskiner kr\u00e4ver kraftiga styren. Dessa \u00e4r helt i st\u00e5l och fullt f\u00f6rst\u00e4rkta.<\/li>\n<li><strong>Uppv\u00e4rmda handtag:<\/strong> H\u00e5ll h\u00e4nderna varma och bekv\u00e4ma med v\u00e5ra premiumhandv\u00e4rmare.<\/li>\n<li><strong>Kastprestanda:<\/strong> Kasta sn\u00f6n s\u00e5 n\u00e4ra som cirka en meter eller upp till 18 meter.<\/li>\n<li><strong>Ariens<sup>&reg;<\/sup> AX420 EFI-motor:<\/strong> V\u00e5r motor med elektronisk br\u00e4nsleinsprutning startar l\u00e4tt och levererar kraftfull sn\u00f6r\u00f6jning med l\u00e4gre br\u00e4nslef\u00f6rbrukning.<\/li>\n<\/ul>\n<\/div>\n<\/div><\/div>\n<div class='col-lg'>                    <\/div>\n<\/p><\/div>\n<\/div>\n<\/div>\n<div class=\"acfd-block acfd-block__category mb-asm-3 container-fluid px-0 bg-default\">\n<div class=\"acfd-product-categories\">\n<h2 class=\"text-left mb-3\">\n        Eins\u00e4tze    <\/h2>\n<div class=\"product-categories_wrapper\">\n         <span\n                data-description=\"The patented RapidTrak\u2122 track drive has the best traction on packed and fresh snow. The track is adjustable. It can be used like a wheel drive for easy steering, as a track drive for maximum traction and in dig-in mode for maximum pressure on the scraper bar and for clearing large mountains of snow. Wheel drive with spike snow chains is recommended on icy surfaces.\"                class=\"product-category-single\"> RapidTrak\u2122                <sup><i class=\"fa fa-info-circle\" aria-hidden=\"true\"><\/i><\/sup>            <\/span>  <span\n                data-description=\"Det patenterte Ariens AutoTurn<sup>&reg;<\/sup> styresystemet forhindrer at et drivhjul eller et RapidTrak\u2122-belte spinner. Samtidig gir det enkel styring av maskinen ved automatisk \u00e5 frikoble den ene drivsiden n\u00e5r du svinger. Alle Ariens sn\u00f8fresere, bortsett fra CLASSIC-modellen, er utstyrt med AutoTurn.\"                class=\"product-category-single\"> AutoTurn<sup>&reg;<\/sup>                <sup><i class=\"fa fa-info-circle\" aria-hidden=\"true\"><\/i><\/sup>            <\/span>  <span\n                data-description=\"SHO stands for Super-High-Output. The high-performance blower wheel on the PLATINUM and PROFESSIONAL models creates more snow per hour and throws it further.\"                class=\"product-category-single\"> SHO blower wheel                <sup><i class=\"fa fa-info-circle\" aria-hidden=\"true\"><\/i><\/sup>            <\/span>  <span\n                data-description=\"A 230 volt connection allows you to start the machine at the touch of a button. Standard on all models.\"                class=\"product-category-single\"> Electric start                <sup><i class=\"fa fa-info-circle\" aria-hidden=\"true\"><\/i><\/sup>            <\/span>     <\/div>\n<\/div>\n<\/div>\n<div class=\"acfd-block acfd-block__twocolumns container-fluid container-fluid--force px-0 bg-default\">\n<div class=\"acfd-twocolumns\">\n<div class=\"row\">\n<div class='col-lg-12 mb-4 '>\n<div class=\"acfd-product-advantages--wrapper\">\n<h2 class=\"h1 bigger text-color-black text-center mb-5\">\n        Merkmale &#038; Vorteile    <\/h2>\n<div class=\"acfd-product-advantages\">\n<div class=\"row\">\n<div class=\"col-md-6 mb-4 content\">\n                    <span class=\"d-block h5 text-color-brand mb-1\">Hydrostatic drive<\/span><\/p>\n<p>Stepless speed adjustment while driving. Simply adjust using the control lever.<\/p>\n<\/p><\/div>\n<div class=\"col-md-6 mb4 image\"  style=\"background-image:url(https:\/\/www.ariens.eu\/se\/wp-content\/uploads\/sites\/8\/2024\/05\/Hydrostatic_Drive_03-scaled.webp)\">\n                <\/div>\n<\/p><\/div>\n<div class=\"row\">\n<div class=\"col-md-6 mb-4 content\">\n                    <span class=\"d-block h5 text-color-brand mb-1\">35,5 cm h\u00f8yytelsesimpeller<\/span><\/p>\n<p>Ariens SHO-teknologi (Super High Output) gir maksimal ytelse. Det kraftige viftehjulet kaster sn\u00f8en ut raskere fra freseren og s\u00f8rger for h\u00f8y kapasitet. Ytelsen er imponerende &#8211; opptil 90 tonn sn\u00f8 per time.<\/p>\n<\/p><\/div>\n<div class=\"col-md-6 mb4 image\"  style=\"background-image:url(https:\/\/www.ariens.eu\/se\/wp-content\/uploads\/sites\/8\/2024\/05\/SHO_Impeller.webp)\">\n                <\/div>\n<\/p><\/div>\n<div class=\"row\">\n<div class=\"col-md-6 mb-4 content\">\n                    <span class=\"d-block h5 text-color-brand mb-1\">Bright LED Light<\/span><\/p>\n<p>Ultra-bright LED light as standard on all models in the Professional series. Precise clearing in the morning, evening and at night.<\/p>\n<\/p><\/div>\n<div class=\"col-md-6 mb4 image\"  style=\"background-image:url(https:\/\/www.ariens.eu\/se\/wp-content\/uploads\/sites\/8\/2024\/05\/LED_LIGHT_Solo-1.webp)\">\n                <\/div>\n<\/p><\/div>\n<div class=\"row\">\n<div class=\"col-md-6 mb-4 content\">\n                    <span class=\"d-block h5 text-color-brand mb-1\">Auto-turn steering<\/span><\/p>\n<p>Drive straight ahead with the rear axle locked for maximum grip. As soon as you steer the machine, the axle is unlocked and turning on the spot is child&#8217;s play. A patented invention from Ariens.<\/p>\n<\/p><\/div>\n<div class=\"col-md-6 mb4 image\"  style=\"background-image:url(https:\/\/www.ariens.eu\/se\/wp-content\/uploads\/sites\/8\/2024\/05\/feature6ars_fb_profe-2.png)\">\n                <\/div>\n<\/p><\/div>\n<div class=\"row\">\n<div class=\"col-md-6 mb-4 content\">\n                    <span class=\"d-block h5 text-color-brand mb-1\">Ariens<sup>&reg;<\/sup> AX420 EFI engine<\/span><\/p>\n<p>Powerful engine with Electronic Fuel Injection (EFI) that starts easily even in the harshest conditions. High performance, economical fuel consumption and faster power delivery.<\/p>\n<\/p><\/div>\n<div class=\"col-md-6 mb4 image\"  style=\"background-image:url(https:\/\/www.ariens.eu\/se\/wp-content\/uploads\/sites\/8\/2024\/05\/Electric_start.webp)\">\n                <\/div>\n<\/p><\/div>\n<div class=\"row\">\n<div class=\"col-md-6 mb-4 content\">\n                    <span class=\"d-block h5 text-color-brand mb-1\">Reinforced steel handlebars<\/span><\/p>\n<p>Tough machines need strong and sturdy handlebars. These are 100% steel and fully reinforced.<\/p>\n<\/p><\/div>\n<div class=\"col-md-6 mb4 image\"  style=\"background-image:url(https:\/\/www.ariens.eu\/se\/wp-content\/uploads\/sites\/8\/2024\/05\/Reinforced_Handlebars_02-scaled.webp)\">\n                <\/div>\n<\/p><\/div>\n<\/p><\/div>\n<\/div><\/div>\n<div class='col-lg'>                    <\/div>\n<\/p><\/div>\n<\/div>\n<\/div>\n","protected":false},"excerpt":{"rendered":"<p>Det mest komfortabla s\u00e4ttet att r\u00f6ja enorma m\u00e4ngder sn\u00f6 Miljarder sn\u00f6flingor mot en maskin. Det l\u00e5ter helt rimligt. Den h\u00e4r maskinen t\u00e4mjer de vildaste sn\u00f6stormarna utan anstr\u00e4ngning. De djupaste och tyngsta sn\u00f6m\u00e4ngderna f\u00e5r ge vika i samma \u00f6gonblick som du startar den kraftfulla 420 cm\u00b3-motorn. Du beh\u00f6ver inte vara proffs f\u00f6r att \u00e4ga en &#8211; [&hellip;]<\/p>\n","protected":false},"featured_media":4591,"comment_status":"open","ping_status":"closed","template":"","meta":{"_acf_changed":false,"_relevanssi_hide_post":"","_relevanssi_hide_content":"","_relevanssi_pin_for_all":"","_relevanssi_pin_keywords":"","_relevanssi_unpin_keywords":"","_relevanssi_related_keywords":"","_relevanssi_related_include_ids":"","_relevanssi_related_exclude_ids":"","_relevanssi_related_no_append":"","_relevanssi_related_not_related":"","_relevanssi_related_posts":"","_relevanssi_noindex_reason":""},"product_brand":[],"product_cat":[15],"product_tag":[],"class_list":{"0":"post-2307","1":"product","2":"type-product","3":"status-publish","4":"has-post-thumbnail","6":"product_variant-professional-serien","7":"product_usage_areas-kommuner-och-driftgardar","8":"product_usage_areas-vinter-service","10":"first","11":"instock","12":"shipping-taxable","13":"product-type-simple"},"acf":[],"yoast_head":"<!-- This site is optimized with the Yoast SEO plugin v27.3 - https:\/\/yoast.com\/product\/yoast-seo-wordpress\/ -->\n<title>Ariens PRO 32 RAPIDTRAK KRAKEN EDITION sn\u00f6slung<\/title>\n<meta name=\"description\" content=\"Ariens HYDRO PRO 32 RAPIDTRAK sn\u00f6slunga med AX420 EFI-motor, hydrostatisk drift och maximal komfort \u00e4r byggd f\u00f6r extrema sn\u00f6m\u00e4ngder.\" \/>\n<meta name=\"robots\" content=\"index, follow, max-snippet:-1, max-image-preview:large, max-video-preview:-1\" \/>\n<link rel=\"canonical\" href=\"https:\/\/www.ariens.eu\/se\/product\/ariens-snoslungor-efi-rapidtrak\/professional-serien\/hydro-pro-32-rapidtrak-kraken-edition\/\" \/>\n<meta property=\"og:locale\" content=\"sv_SE\" \/>\n<meta property=\"og:type\" content=\"article\" \/>\n<meta property=\"og:title\" content=\"Ariens PRO 32 RAPIDTRAK KRAKEN EDITION sn\u00f6slung\" \/>\n<meta property=\"og:description\" content=\"Ariens HYDRO PRO 32 RAPIDTRAK sn\u00f6slunga med AX420 EFI-motor, hydrostatisk drift och maximal komfort \u00e4r byggd f\u00f6r extrema sn\u00f6m\u00e4ngder.\" \/>\n<meta property=\"og:url\" content=\"https:\/\/www.ariens.eu\/se\/product\/ariens-snoslungor-efi-rapidtrak\/professional-serien\/hydro-pro-32-rapidtrak-kraken-edition\/\" \/>\n<meta property=\"og:site_name\" content=\"Ariens | EMEAA\" \/>\n<meta property=\"article:modified_time\" content=\"2026-01-06T09:31:29+00:00\" \/>\n<meta property=\"og:image\" content=\"https:\/\/www.ariens.eu\/se\/wp-content\/uploads\/sites\/8\/2024\/06\/ariens-professional-rapidtrak-thekraken-special-edition-snow-thrower-angle-view-front34.webp\" \/>\n\t<meta property=\"og:image:width\" content=\"900\" \/>\n\t<meta property=\"og:image:height\" content=\"650\" \/>\n\t<meta property=\"og:image:type\" content=\"image\/webp\" \/>\n<meta name=\"twitter:card\" content=\"summary_large_image\" \/>\n<meta name=\"twitter:label1\" content=\"Ber\u00e4knad l\u00e4stid\" \/>\n\t<meta name=\"twitter:data1\" content=\"3 minuter\" \/>\n<script type=\"application\/ld+json\" class=\"yoast-schema-graph\">{\"@context\":\"https:\\\/\\\/schema.org\",\"@graph\":[{\"@type\":\"WebPage\",\"@id\":\"https:\\\/\\\/www.ariens.eu\\\/se\\\/product\\\/ariens-snoslungor-efi-rapidtrak\\\/professional-serien\\\/hydro-pro-32-rapidtrak-kraken-edition\\\/\",\"url\":\"https:\\\/\\\/www.ariens.eu\\\/se\\\/product\\\/ariens-snoslungor-efi-rapidtrak\\\/professional-serien\\\/hydro-pro-32-rapidtrak-kraken-edition\\\/\",\"name\":\"Ariens PRO 32 RAPIDTRAK KRAKEN EDITION sn\u00f6slung\",\"isPartOf\":{\"@id\":\"https:\\\/\\\/www.ariens.eu\\\/se\\\/#website\"},\"primaryImageOfPage\":{\"@id\":\"https:\\\/\\\/www.ariens.eu\\\/se\\\/product\\\/ariens-snoslungor-efi-rapidtrak\\\/professional-serien\\\/hydro-pro-32-rapidtrak-kraken-edition\\\/#primaryimage\"},\"image\":{\"@id\":\"https:\\\/\\\/www.ariens.eu\\\/se\\\/product\\\/ariens-snoslungor-efi-rapidtrak\\\/professional-serien\\\/hydro-pro-32-rapidtrak-kraken-edition\\\/#primaryimage\"},\"thumbnailUrl\":\"https:\\\/\\\/www.ariens.eu\\\/se\\\/wp-content\\\/uploads\\\/sites\\\/8\\\/2024\\\/06\\\/ariens-professional-rapidtrak-thekraken-special-edition-snow-thrower-angle-view-front34.webp\",\"datePublished\":\"2024-05-10T10:04:35+00:00\",\"dateModified\":\"2026-01-06T09:31:29+00:00\",\"description\":\"Ariens HYDRO PRO 32 RAPIDTRAK sn\u00f6slunga med AX420 EFI-motor, hydrostatisk drift och maximal komfort \u00e4r byggd f\u00f6r extrema sn\u00f6m\u00e4ngder.\",\"breadcrumb\":{\"@id\":\"https:\\\/\\\/www.ariens.eu\\\/se\\\/product\\\/ariens-snoslungor-efi-rapidtrak\\\/professional-serien\\\/hydro-pro-32-rapidtrak-kraken-edition\\\/#breadcrumb\"},\"inLanguage\":\"sv-SE\",\"potentialAction\":[{\"@type\":\"ReadAction\",\"target\":[\"https:\\\/\\\/www.ariens.eu\\\/se\\\/product\\\/ariens-snoslungor-efi-rapidtrak\\\/professional-serien\\\/hydro-pro-32-rapidtrak-kraken-edition\\\/\"]}]},{\"@type\":\"ImageObject\",\"inLanguage\":\"sv-SE\",\"@id\":\"https:\\\/\\\/www.ariens.eu\\\/se\\\/product\\\/ariens-snoslungor-efi-rapidtrak\\\/professional-serien\\\/hydro-pro-32-rapidtrak-kraken-edition\\\/#primaryimage\",\"url\":\"https:\\\/\\\/www.ariens.eu\\\/se\\\/wp-content\\\/uploads\\\/sites\\\/8\\\/2024\\\/06\\\/ariens-professional-rapidtrak-thekraken-special-edition-snow-thrower-angle-view-front34.webp\",\"contentUrl\":\"https:\\\/\\\/www.ariens.eu\\\/se\\\/wp-content\\\/uploads\\\/sites\\\/8\\\/2024\\\/06\\\/ariens-professional-rapidtrak-thekraken-special-edition-snow-thrower-angle-view-front34.webp\",\"width\":900,\"height\":650},{\"@type\":\"BreadcrumbList\",\"@id\":\"https:\\\/\\\/www.ariens.eu\\\/se\\\/product\\\/ariens-snoslungor-efi-rapidtrak\\\/professional-serien\\\/hydro-pro-32-rapidtrak-kraken-edition\\\/#breadcrumb\",\"itemListElement\":[{\"@type\":\"ListItem\",\"position\":1,\"name\":\"Home\",\"item\":\"https:\\\/\\\/www.ariens.eu\\\/se\\\/\"},{\"@type\":\"ListItem\",\"position\":2,\"name\":\"Shop\",\"item\":\"https:\\\/\\\/www.ariens.eu\\\/se\\\/shop\\\/\"},{\"@type\":\"ListItem\",\"position\":3,\"name\":\"HYDRO PRO 32 RAPIDTRAK KRAKEN EDITION\"}]},{\"@type\":\"WebSite\",\"@id\":\"https:\\\/\\\/www.ariens.eu\\\/se\\\/#website\",\"url\":\"https:\\\/\\\/www.ariens.eu\\\/se\\\/\",\"name\":\"Ariens | EMEAA\",\"description\":\"Powerful and reliable zero-turn mowers &amp; snow blowers for professional users and demanding private customers\",\"potentialAction\":[{\"@type\":\"SearchAction\",\"target\":{\"@type\":\"EntryPoint\",\"urlTemplate\":\"https:\\\/\\\/www.ariens.eu\\\/se\\\/?s={search_term_string}\"},\"query-input\":{\"@type\":\"PropertyValueSpecification\",\"valueRequired\":true,\"valueName\":\"search_term_string\"}}],\"inLanguage\":\"sv-SE\"}]}<\/script>\n<!-- \/ Yoast SEO plugin. -->","yoast_head_json":{"title":"Ariens PRO 32 RAPIDTRAK KRAKEN EDITION sn\u00f6slung","description":"Ariens HYDRO PRO 32 RAPIDTRAK sn\u00f6slunga med AX420 EFI-motor, hydrostatisk drift och maximal komfort \u00e4r byggd f\u00f6r extrema sn\u00f6m\u00e4ngder.","robots":{"index":"index","follow":"follow","max-snippet":"max-snippet:-1","max-image-preview":"max-image-preview:large","max-video-preview":"max-video-preview:-1"},"canonical":"https:\/\/www.ariens.eu\/se\/product\/ariens-snoslungor-efi-rapidtrak\/professional-serien\/hydro-pro-32-rapidtrak-kraken-edition\/","og_locale":"sv_SE","og_type":"article","og_title":"Ariens PRO 32 RAPIDTRAK KRAKEN EDITION sn\u00f6slung","og_description":"Ariens HYDRO PRO 32 RAPIDTRAK sn\u00f6slunga med AX420 EFI-motor, hydrostatisk drift och maximal komfort \u00e4r byggd f\u00f6r extrema sn\u00f6m\u00e4ngder.","og_url":"https:\/\/www.ariens.eu\/se\/product\/ariens-snoslungor-efi-rapidtrak\/professional-serien\/hydro-pro-32-rapidtrak-kraken-edition\/","og_site_name":"Ariens | EMEAA","article_modified_time":"2026-01-06T09:31:29+00:00","og_image":[{"width":900,"height":650,"url":"https:\/\/www.ariens.eu\/se\/wp-content\/uploads\/sites\/8\/2024\/06\/ariens-professional-rapidtrak-thekraken-special-edition-snow-thrower-angle-view-front34.webp","type":"image\/webp"}],"twitter_card":"summary_large_image","twitter_misc":{"Ber\u00e4knad l\u00e4stid":"3 minuter"},"schema":{"@context":"https:\/\/schema.org","@graph":[{"@type":"WebPage","@id":"https:\/\/www.ariens.eu\/se\/product\/ariens-snoslungor-efi-rapidtrak\/professional-serien\/hydro-pro-32-rapidtrak-kraken-edition\/","url":"https:\/\/www.ariens.eu\/se\/product\/ariens-snoslungor-efi-rapidtrak\/professional-serien\/hydro-pro-32-rapidtrak-kraken-edition\/","name":"Ariens PRO 32 RAPIDTRAK KRAKEN EDITION sn\u00f6slung","isPartOf":{"@id":"https:\/\/www.ariens.eu\/se\/#website"},"primaryImageOfPage":{"@id":"https:\/\/www.ariens.eu\/se\/product\/ariens-snoslungor-efi-rapidtrak\/professional-serien\/hydro-pro-32-rapidtrak-kraken-edition\/#primaryimage"},"image":{"@id":"https:\/\/www.ariens.eu\/se\/product\/ariens-snoslungor-efi-rapidtrak\/professional-serien\/hydro-pro-32-rapidtrak-kraken-edition\/#primaryimage"},"thumbnailUrl":"https:\/\/www.ariens.eu\/se\/wp-content\/uploads\/sites\/8\/2024\/06\/ariens-professional-rapidtrak-thekraken-special-edition-snow-thrower-angle-view-front34.webp","datePublished":"2024-05-10T10:04:35+00:00","dateModified":"2026-01-06T09:31:29+00:00","description":"Ariens HYDRO PRO 32 RAPIDTRAK sn\u00f6slunga med AX420 EFI-motor, hydrostatisk drift och maximal komfort \u00e4r byggd f\u00f6r extrema sn\u00f6m\u00e4ngder.","breadcrumb":{"@id":"https:\/\/www.ariens.eu\/se\/product\/ariens-snoslungor-efi-rapidtrak\/professional-serien\/hydro-pro-32-rapidtrak-kraken-edition\/#breadcrumb"},"inLanguage":"sv-SE","potentialAction":[{"@type":"ReadAction","target":["https:\/\/www.ariens.eu\/se\/product\/ariens-snoslungor-efi-rapidtrak\/professional-serien\/hydro-pro-32-rapidtrak-kraken-edition\/"]}]},{"@type":"ImageObject","inLanguage":"sv-SE","@id":"https:\/\/www.ariens.eu\/se\/product\/ariens-snoslungor-efi-rapidtrak\/professional-serien\/hydro-pro-32-rapidtrak-kraken-edition\/#primaryimage","url":"https:\/\/www.ariens.eu\/se\/wp-content\/uploads\/sites\/8\/2024\/06\/ariens-professional-rapidtrak-thekraken-special-edition-snow-thrower-angle-view-front34.webp","contentUrl":"https:\/\/www.ariens.eu\/se\/wp-content\/uploads\/sites\/8\/2024\/06\/ariens-professional-rapidtrak-thekraken-special-edition-snow-thrower-angle-view-front34.webp","width":900,"height":650},{"@type":"BreadcrumbList","@id":"https:\/\/www.ariens.eu\/se\/product\/ariens-snoslungor-efi-rapidtrak\/professional-serien\/hydro-pro-32-rapidtrak-kraken-edition\/#breadcrumb","itemListElement":[{"@type":"ListItem","position":1,"name":"Home","item":"https:\/\/www.ariens.eu\/se\/"},{"@type":"ListItem","position":2,"name":"Shop","item":"https:\/\/www.ariens.eu\/se\/shop\/"},{"@type":"ListItem","position":3,"name":"HYDRO PRO 32 RAPIDTRAK KRAKEN EDITION"}]},{"@type":"WebSite","@id":"https:\/\/www.ariens.eu\/se\/#website","url":"https:\/\/www.ariens.eu\/se\/","name":"Ariens | EMEAA","description":"Powerful and reliable zero-turn mowers &amp; snow blowers for professional users and demanding private customers","potentialAction":[{"@type":"SearchAction","target":{"@type":"EntryPoint","urlTemplate":"https:\/\/www.ariens.eu\/se\/?s={search_term_string}"},"query-input":{"@type":"PropertyValueSpecification","valueRequired":true,"valueName":"search_term_string"}}],"inLanguage":"sv-SE"}]}},"_links":{"self":[{"href":"https:\/\/www.ariens.eu\/se\/wp-json\/wp\/v2\/product\/2307","targetHints":{"allow":["GET"]}}],"collection":[{"href":"https:\/\/www.ariens.eu\/se\/wp-json\/wp\/v2\/product"}],"about":[{"href":"https:\/\/www.ariens.eu\/se\/wp-json\/wp\/v2\/types\/product"}],"replies":[{"embeddable":true,"href":"https:\/\/www.ariens.eu\/se\/wp-json\/wp\/v2\/comments?post=2307"}],"wp:featuredmedia":[{"embeddable":true,"href":"https:\/\/www.ariens.eu\/se\/wp-json\/wp\/v2\/media\/4591"}],"wp:attachment":[{"href":"https:\/\/www.ariens.eu\/se\/wp-json\/wp\/v2\/media?parent=2307"}],"wp:term":[{"taxonomy":"product_brand","embeddable":true,"href":"https:\/\/www.ariens.eu\/se\/wp-json\/wp\/v2\/product_brand?post=2307"},{"taxonomy":"product_cat","embeddable":true,"href":"https:\/\/www.ariens.eu\/se\/wp-json\/wp\/v2\/product_cat?post=2307"},{"taxonomy":"product_tag","embeddable":true,"href":"https:\/\/www.ariens.eu\/se\/wp-json\/wp\/v2\/product_tag?post=2307"}],"curies":[{"name":"wp","href":"https:\/\/api.w.org\/{rel}","templated":true}]}}