{"id":2312,"date":"2024-05-10T11:04:36","date_gmt":"2024-05-10T10:04:36","guid":{"rendered":"https:\/\/www.ariens.eu\/product\/deluxe-28-rapidtrak\/"},"modified":"2025-11-10T10:48:27","modified_gmt":"2025-11-10T10:48:27","slug":"deluxe-28-rapidtrak","status":"publish","type":"product","link":"https:\/\/www.ariens.eu\/se\/product\/ariens-snoslungor-efi-rapidtrak\/ariens-deluxe-snoslunga\/deluxe-28-rapidtrak","title":{"rendered":"DELUXE 28 RAPIDTRAK"},"content":{"rendered":"<div class=\"acfd-block acfd-block__twocolumns mb-asm-1 container-fluid px-0 bg-default\">\n<div class=\"acfd-twocolumns\">\n<div class=\"row\">\n<div class='col-lg-9 mb-4 '>\n<div class=\"acfd-block acfd-block__headline container-fluid px-0 bg-default\">\n<div class=\"acfd-headline\" >\n<h2 class='h2 text-left li_black'>Kraftfull drivning och h\u00f6gt tryck fr\u00e5n skrapst\u00e5let p\u00e5 packad sn\u00f6<\/h2>\n<\/p><\/div>\n<\/div><\/div>\n<div class='col-lg'>                    <\/div>\n<\/p><\/div>\n<\/div>\n<\/div>\n<div class=\"acfd-block acfd-block__twocolumns mb-asm-2 container-fluid px-0 bg-default\">\n<div class=\"acfd-twocolumns\">\n<div class=\"row\">\n<div class='col-lg-9 mb-4 '>\n<div class=\"acfd-block acfd-block__text container-fluid px-0 bg-default\">\n<div class=\"acfd-text li_black\">\n<p>Det \u00e4r inte konstigt att DELUXE-serien st\u00e4ndigt \u00e4r en av v\u00e5ra b\u00e4sts\u00e4ljare. Den tar helt enkelt vintern ner ett par niv\u00e5er varje g\u00e5ng. Maskinerna \u00e4r l\u00e4tta att man\u00f6vrera och kontrollera med standardfunktionen Auto-Turn\u2122. Med flera storlekar och kraftfulla Ariens AX-motorer att v\u00e4lja mellan \u00e4r det enkelt att hitta r\u00e4tt Sno-Thro<sup>&reg;<\/sup> f\u00f6r din fastighet.<\/p>\n<p>Med Deluxe 28 RapidTrak kan du r\u00f6ja sn\u00f6 utan kompromisser \u2013 \u00e4ven i kr\u00e4vande terr\u00e4ng. Det justerbara banddrivsystemet kan k\u00f6ra och sv\u00e4nga som en hjulmaskin, driva fram\u00e5t som ett bandfordon och, vid behov, gr\u00e4va sig in i sn\u00f6vallar utan problem.<\/p>\n<ul>\n<li>Arbetsbredd: 71 cm (28&#8243;) \u2013 flyttar upp till 65 ton sn\u00f6 per timme<\/li>\n<li>Kraftfull 291 cm\u00b3 Ariens AX-motor<\/li>\n<li>230 V elstart<\/li>\n<li>Kastar sn\u00f6n upp till 15,2 meter<\/li>\n<li>Skruv och impeller med diameter p\u00e5 36 cm (14&#8243;)<\/li>\n<li>H\u00f6gt intagshus p\u00e5 53 cm f\u00f6r djup sn\u00f6<\/li>\n<li>Auto-Turn\u2122 styrning utan avtryckare<\/li>\n<li>Sammankopplade reglage f\u00f6r enhandsk\u00f6rning<\/li>\n<li>Ariens exklusiva RapidTrak\u2122-teknik klarar alla typer av underlag och v\u00e4xlar enkelt mellan hjul-, band- och &#8221;gr\u00e4v&#8221;-funktion<\/li>\n<\/ul>\n<\/div>\n<\/div><\/div>\n<div class='col-lg'>                    <\/div>\n<\/p><\/div>\n<\/div>\n<\/div>\n<div class=\"acfd-block acfd-block__category mb-asm-3 container-fluid px-0 bg-default\">\n<div class=\"acfd-product-categories\">\n<h2 class=\"text-left mb-3\">\n        Eins\u00e4tze    <\/h2>\n<div class=\"product-categories_wrapper\">\n         <span\n                data-description=\"The patented RapidTrak\u2122 track drive has the best traction on packed and fresh snow. The track is adjustable. It can be used like a wheel drive for easy steering, as a track drive for maximum traction and in dig-in mode for maximum pressure on the scraper bar and for clearing large mountains of snow. Wheel drive with spike snow chains is recommended on icy surfaces.\"                class=\"product-category-single\"> RapidTrak\u2122                <sup><i class=\"fa fa-info-circle\" aria-hidden=\"true\"><\/i><\/sup>            <\/span>  <span\n                data-description=\"Det patenterte Ariens AutoTurn<sup>&reg;<\/sup> styresystemet forhindrer at et drivhjul eller et RapidTrak\u2122-belte spinner. Samtidig gir det enkel styring av maskinen ved automatisk \u00e5 frikoble den ene drivsiden n\u00e5r du svinger. Alle Ariens sn\u00f8fresere, bortsett fra CLASSIC-modellen, er utstyrt med AutoTurn.\"                class=\"product-category-single\"> AutoTurn<sup>&reg;<\/sup>                <sup><i class=\"fa fa-info-circle\" aria-hidden=\"true\"><\/i><\/sup>            <\/span>  <span\n                data-description=\"A 230 volt connection allows you to start the machine at the touch of a button. Standard on all models.\"                class=\"product-category-single\"> Electric start                <sup><i class=\"fa fa-info-circle\" aria-hidden=\"true\"><\/i><\/sup>            <\/span>     <\/div>\n<\/div>\n<\/div>\n<div class=\"acfd-block acfd-block__twocolumns mb-asm-2 container-fluid container-fluid--force px-0 bg-default\">\n<div class=\"acfd-twocolumns\">\n<div class=\"row\">\n<div class='col-lg-12 mb-4 '>\n<div class=\"acfd-product-advantages--wrapper\">\n<h2 class=\"h1 bigger text-color-black text-center mb-5\">\n        Merkmale &#038; Vorteile    <\/h2>\n<div class=\"acfd-product-advantages\">\n<div class=\"row\">\n<div class=\"col-md-6 mb-4 content\">\n                    <span class=\"d-block h5 text-color-brand mb-1\">35.6 cm impeller<\/span><\/p>\n<p>The 35.6 cm steel impeller offers exceptional performance in all snow conditions. It throws snow from 0.9 to 15.2 meters.<\/p>\n<\/p><\/div>\n<div class=\"col-md-6 mb4 image\"  style=\"background-image:url(https:\/\/www.ariens.eu\/se\/wp-content\/uploads\/sites\/8\/2024\/05\/deluxe-30-herofeature1.webp)\">\n                <\/div>\n<\/p><\/div>\n<div class=\"row\">\n<div class=\"col-md-6 mb-4 content\">\n                    <span class=\"d-block h5 text-color-brand mb-1\">Gjutj\u00e4rnsv\u00e4xell\u00e5da<\/span><\/p>\n<p>Sn\u00e4ckskruvens v\u00e4xell\u00e5da \u00e4r en h\u00e5rt belastad del. Vi har lagt stor vikt vid att g\u00f6ra den s\u00e4rskilt stabil. Tack vare dess h\u00e5llbarhet erbjuder vi \u00e4ven 5 \u00e5rs garanti p\u00e5 den.<\/p>\n<\/p><\/div>\n<div class=\"col-md-6 mb4 image\"  style=\"background-image:url(https:\/\/www.ariens.eu\/se\/wp-content\/uploads\/sites\/8\/2024\/05\/compact-24.webp)\">\n                <\/div>\n<\/p><\/div>\n<div class=\"row\">\n<div class=\"col-md-6 mb-4 content\">\n                    <span class=\"d-block h5 text-color-brand mb-1\">Dual belt drive<\/span><\/p>\n<p>This Ariens system uses two belts instead of one to efficiently utilize engine torque and clear more snow. A dual belt system means that overall belt wear is less and snow can be thrown further.<\/p>\n<\/p><\/div>\n<div class=\"col-md-6 mb4 image\"  style=\"background-image:url(https:\/\/www.ariens.eu\/se\/wp-content\/uploads\/sites\/8\/2024\/05\/herofeature3.webp)\">\n                <\/div>\n<\/p><\/div>\n<div class=\"row\">\n<div class=\"col-md-6 mb-4 content\">\n                    <span class=\"d-block h5 text-color-brand mb-1\">Auto-Turn steering<\/span><\/p>\n<p>Effortless zero-degree turning radius &#8211; for smooth, precise and consistent turning maneuvers that save you time. Minimum effort required to steer.<\/p>\n<\/p><\/div>\n<div class=\"col-md-6 mb4 image\"  style=\"background-image:url(https:\/\/www.ariens.eu\/se\/wp-content\/uploads\/sites\/8\/2024\/05\/deluxe-30-thumbnailfeature1.webp)\">\n                <\/div>\n<\/p><\/div>\n<div class=\"row\">\n<div class=\"col-md-6 mb-4 content\">\n                    <span class=\"d-block h5 text-color-brand mb-1\">Store sn\u00f8dekk<\/span><\/p>\n<p>41 cm (16&#8243;) dekk gir god man\u00f8vrerbarhet og optimalt grep for bedre ytelse p\u00e5 glatte underlag.<\/p>\n<\/p><\/div>\n<div class=\"col-md-6 mb4 image\"  style=\"background-image:url(https:\/\/www.ariens.eu\/se\/wp-content\/uploads\/sites\/8\/2024\/05\/deluxe-30-thumbnailfeature2.webp)\">\n                <\/div>\n<\/p><\/div>\n<div class=\"row\">\n<div class=\"col-md-6 mb-4 content\">\n                    <span class=\"d-block h5 text-color-brand mb-1\">Heavy duty construction<\/span><\/p>\n<p>Handlebars, dashboard, housing, multidirectional chute and even the skid shoes are made of 100% steel.<\/p>\n<\/p><\/div>\n<div class=\"col-md-6 mb4 image\"  style=\"background-image:url(https:\/\/www.ariens.eu\/se\/wp-content\/uploads\/sites\/8\/2024\/05\/deluxe-30-thumbnailfeature3.webp)\">\n                <\/div>\n<\/p><\/div>\n<\/p><\/div>\n<\/div><\/div>\n<div class='col-lg'>                    <\/div>\n<\/p><\/div>\n<\/div>\n<\/div>\n","protected":false},"excerpt":{"rendered":"<p>Kraftfull drivning och h\u00f6gt tryck fr\u00e5n skrapst\u00e5let p\u00e5 packad sn\u00f6 Det \u00e4r inte konstigt att DELUXE-serien st\u00e4ndigt \u00e4r en av v\u00e5ra b\u00e4sts\u00e4ljare. Den tar helt enkelt vintern ner ett par niv\u00e5er varje g\u00e5ng. Maskinerna \u00e4r l\u00e4tta att man\u00f6vrera och kontrollera med standardfunktionen Auto-Turn\u2122. Med flera storlekar och kraftfulla Ariens AX-motorer att v\u00e4lja mellan \u00e4r det [&hellip;]<\/p>\n","protected":false},"featured_media":4631,"comment_status":"open","ping_status":"closed","template":"","meta":{"_acf_changed":false,"_relevanssi_hide_post":"","_relevanssi_hide_content":"","_relevanssi_pin_for_all":"","_relevanssi_pin_keywords":"","_relevanssi_unpin_keywords":"","_relevanssi_related_keywords":"","_relevanssi_related_include_ids":"","_relevanssi_related_exclude_ids":"","_relevanssi_related_no_append":"","_relevanssi_related_not_related":"","_relevanssi_related_posts":"","_relevanssi_noindex_reason":""},"product_brand":[],"product_cat":[15],"product_tag":[],"class_list":{"0":"post-2312","1":"product","2":"type-product","3":"status-publish","4":"has-post-thumbnail","6":"product_variant-ariens-deluxe-snoslunga","7":"product_usage_areas-kommuner-och-driftgardar","8":"product_usage_areas-vinter-service","10":"first","11":"instock","12":"shipping-taxable","13":"product-type-simple"},"acf":[],"yoast_head":"<!-- This site is optimized with the Yoast SEO plugin v27.3 - https:\/\/yoast.com\/product\/yoast-seo-wordpress\/ -->\n<title>Ariens DELUXE 28 RAPIDTRAK sn\u00f6slunga<\/title>\n<meta name=\"description\" content=\"Ariens DELUXE 28 RAPIDTRAK sn\u00f6slunga med AX 291 cm\u00b3-motor, RapidTrak\u2122 och Auto-Turn\u2122 ger kraft, grepp och effektiv sn\u00f6r\u00f6jning i all terr\u00e4ng.\" \/>\n<meta name=\"robots\" content=\"index, follow, max-snippet:-1, max-image-preview:large, max-video-preview:-1\" \/>\n<link rel=\"canonical\" href=\"https:\/\/www.ariens.eu\/se\/product\/ariens-snoslungor-efi-rapidtrak\/ariens-deluxe-snoslunga\/deluxe-28-rapidtrak\/\" \/>\n<meta property=\"og:locale\" content=\"sv_SE\" \/>\n<meta property=\"og:type\" content=\"article\" \/>\n<meta property=\"og:title\" content=\"Ariens DELUXE 28 RAPIDTRAK sn\u00f6slunga\" \/>\n<meta property=\"og:description\" content=\"Ariens DELUXE 28 RAPIDTRAK sn\u00f6slunga med AX 291 cm\u00b3-motor, RapidTrak\u2122 och Auto-Turn\u2122 ger kraft, grepp och effektiv sn\u00f6r\u00f6jning i all terr\u00e4ng.\" \/>\n<meta property=\"og:url\" content=\"https:\/\/www.ariens.eu\/se\/product\/ariens-snoslungor-efi-rapidtrak\/ariens-deluxe-snoslunga\/deluxe-28-rapidtrak\/\" \/>\n<meta property=\"og:site_name\" content=\"Ariens | EMEAA\" \/>\n<meta property=\"article:modified_time\" content=\"2025-11-10T10:48:27+00:00\" \/>\n<meta property=\"og:image\" content=\"https:\/\/www.ariens.eu\/se\/wp-content\/uploads\/sites\/8\/2024\/06\/921330_Deluxe_28_RapidTrak_FL34-scaled.webp\" \/>\n\t<meta property=\"og:image:width\" content=\"2560\" \/>\n\t<meta property=\"og:image:height\" content=\"1920\" \/>\n\t<meta property=\"og:image:type\" content=\"image\/webp\" \/>\n<meta name=\"twitter:card\" content=\"summary_large_image\" \/>\n<meta name=\"twitter:label1\" content=\"Ber\u00e4knad l\u00e4stid\" \/>\n\t<meta name=\"twitter:data1\" content=\"2 minuter\" \/>\n<script type=\"application\/ld+json\" class=\"yoast-schema-graph\">{\"@context\":\"https:\\\/\\\/schema.org\",\"@graph\":[{\"@type\":\"WebPage\",\"@id\":\"https:\\\/\\\/www.ariens.eu\\\/se\\\/product\\\/ariens-snoslungor-efi-rapidtrak\\\/ariens-deluxe-snoslunga\\\/deluxe-28-rapidtrak\\\/\",\"url\":\"https:\\\/\\\/www.ariens.eu\\\/se\\\/product\\\/ariens-snoslungor-efi-rapidtrak\\\/ariens-deluxe-snoslunga\\\/deluxe-28-rapidtrak\\\/\",\"name\":\"Ariens DELUXE 28 RAPIDTRAK sn\u00f6slunga\",\"isPartOf\":{\"@id\":\"https:\\\/\\\/www.ariens.eu\\\/se\\\/#website\"},\"primaryImageOfPage\":{\"@id\":\"https:\\\/\\\/www.ariens.eu\\\/se\\\/product\\\/ariens-snoslungor-efi-rapidtrak\\\/ariens-deluxe-snoslunga\\\/deluxe-28-rapidtrak\\\/#primaryimage\"},\"image\":{\"@id\":\"https:\\\/\\\/www.ariens.eu\\\/se\\\/product\\\/ariens-snoslungor-efi-rapidtrak\\\/ariens-deluxe-snoslunga\\\/deluxe-28-rapidtrak\\\/#primaryimage\"},\"thumbnailUrl\":\"https:\\\/\\\/www.ariens.eu\\\/se\\\/wp-content\\\/uploads\\\/sites\\\/8\\\/2024\\\/06\\\/921330_Deluxe_28_RapidTrak_FL34-scaled.webp\",\"datePublished\":\"2024-05-10T10:04:36+00:00\",\"dateModified\":\"2025-11-10T10:48:27+00:00\",\"description\":\"Ariens DELUXE 28 RAPIDTRAK sn\u00f6slunga med AX 291 cm\u00b3-motor, RapidTrak\u2122 och Auto-Turn\u2122 ger kraft, grepp och effektiv sn\u00f6r\u00f6jning i all terr\u00e4ng.\",\"breadcrumb\":{\"@id\":\"https:\\\/\\\/www.ariens.eu\\\/se\\\/product\\\/ariens-snoslungor-efi-rapidtrak\\\/ariens-deluxe-snoslunga\\\/deluxe-28-rapidtrak\\\/#breadcrumb\"},\"inLanguage\":\"sv-SE\",\"potentialAction\":[{\"@type\":\"ReadAction\",\"target\":[\"https:\\\/\\\/www.ariens.eu\\\/se\\\/product\\\/ariens-snoslungor-efi-rapidtrak\\\/ariens-deluxe-snoslunga\\\/deluxe-28-rapidtrak\\\/\"]}]},{\"@type\":\"ImageObject\",\"inLanguage\":\"sv-SE\",\"@id\":\"https:\\\/\\\/www.ariens.eu\\\/se\\\/product\\\/ariens-snoslungor-efi-rapidtrak\\\/ariens-deluxe-snoslunga\\\/deluxe-28-rapidtrak\\\/#primaryimage\",\"url\":\"https:\\\/\\\/www.ariens.eu\\\/se\\\/wp-content\\\/uploads\\\/sites\\\/8\\\/2024\\\/06\\\/921330_Deluxe_28_RapidTrak_FL34-scaled.webp\",\"contentUrl\":\"https:\\\/\\\/www.ariens.eu\\\/se\\\/wp-content\\\/uploads\\\/sites\\\/8\\\/2024\\\/06\\\/921330_Deluxe_28_RapidTrak_FL34-scaled.webp\",\"width\":2560,\"height\":1920},{\"@type\":\"BreadcrumbList\",\"@id\":\"https:\\\/\\\/www.ariens.eu\\\/se\\\/product\\\/ariens-snoslungor-efi-rapidtrak\\\/ariens-deluxe-snoslunga\\\/deluxe-28-rapidtrak\\\/#breadcrumb\",\"itemListElement\":[{\"@type\":\"ListItem\",\"position\":1,\"name\":\"Home\",\"item\":\"https:\\\/\\\/www.ariens.eu\\\/se\\\/\"},{\"@type\":\"ListItem\",\"position\":2,\"name\":\"Shop\",\"item\":\"https:\\\/\\\/www.ariens.eu\\\/se\\\/shop\\\/\"},{\"@type\":\"ListItem\",\"position\":3,\"name\":\"DELUXE 28 RAPIDTRAK\"}]},{\"@type\":\"WebSite\",\"@id\":\"https:\\\/\\\/www.ariens.eu\\\/se\\\/#website\",\"url\":\"https:\\\/\\\/www.ariens.eu\\\/se\\\/\",\"name\":\"Ariens | EMEAA\",\"description\":\"Powerful and reliable zero-turn mowers &amp; snow blowers for professional users and demanding private customers\",\"potentialAction\":[{\"@type\":\"SearchAction\",\"target\":{\"@type\":\"EntryPoint\",\"urlTemplate\":\"https:\\\/\\\/www.ariens.eu\\\/se\\\/?s={search_term_string}\"},\"query-input\":{\"@type\":\"PropertyValueSpecification\",\"valueRequired\":true,\"valueName\":\"search_term_string\"}}],\"inLanguage\":\"sv-SE\"}]}<\/script>\n<!-- \/ Yoast SEO plugin. -->","yoast_head_json":{"title":"Ariens DELUXE 28 RAPIDTRAK sn\u00f6slunga","description":"Ariens DELUXE 28 RAPIDTRAK sn\u00f6slunga med AX 291 cm\u00b3-motor, RapidTrak\u2122 och Auto-Turn\u2122 ger kraft, grepp och effektiv sn\u00f6r\u00f6jning i all terr\u00e4ng.","robots":{"index":"index","follow":"follow","max-snippet":"max-snippet:-1","max-image-preview":"max-image-preview:large","max-video-preview":"max-video-preview:-1"},"canonical":"https:\/\/www.ariens.eu\/se\/product\/ariens-snoslungor-efi-rapidtrak\/ariens-deluxe-snoslunga\/deluxe-28-rapidtrak\/","og_locale":"sv_SE","og_type":"article","og_title":"Ariens DELUXE 28 RAPIDTRAK sn\u00f6slunga","og_description":"Ariens DELUXE 28 RAPIDTRAK sn\u00f6slunga med AX 291 cm\u00b3-motor, RapidTrak\u2122 och Auto-Turn\u2122 ger kraft, grepp och effektiv sn\u00f6r\u00f6jning i all terr\u00e4ng.","og_url":"https:\/\/www.ariens.eu\/se\/product\/ariens-snoslungor-efi-rapidtrak\/ariens-deluxe-snoslunga\/deluxe-28-rapidtrak\/","og_site_name":"Ariens | EMEAA","article_modified_time":"2025-11-10T10:48:27+00:00","og_image":[{"width":2560,"height":1920,"url":"https:\/\/www.ariens.eu\/se\/wp-content\/uploads\/sites\/8\/2024\/06\/921330_Deluxe_28_RapidTrak_FL34-scaled.webp","type":"image\/webp"}],"twitter_card":"summary_large_image","twitter_misc":{"Ber\u00e4knad l\u00e4stid":"2 minuter"},"schema":{"@context":"https:\/\/schema.org","@graph":[{"@type":"WebPage","@id":"https:\/\/www.ariens.eu\/se\/product\/ariens-snoslungor-efi-rapidtrak\/ariens-deluxe-snoslunga\/deluxe-28-rapidtrak\/","url":"https:\/\/www.ariens.eu\/se\/product\/ariens-snoslungor-efi-rapidtrak\/ariens-deluxe-snoslunga\/deluxe-28-rapidtrak\/","name":"Ariens DELUXE 28 RAPIDTRAK sn\u00f6slunga","isPartOf":{"@id":"https:\/\/www.ariens.eu\/se\/#website"},"primaryImageOfPage":{"@id":"https:\/\/www.ariens.eu\/se\/product\/ariens-snoslungor-efi-rapidtrak\/ariens-deluxe-snoslunga\/deluxe-28-rapidtrak\/#primaryimage"},"image":{"@id":"https:\/\/www.ariens.eu\/se\/product\/ariens-snoslungor-efi-rapidtrak\/ariens-deluxe-snoslunga\/deluxe-28-rapidtrak\/#primaryimage"},"thumbnailUrl":"https:\/\/www.ariens.eu\/se\/wp-content\/uploads\/sites\/8\/2024\/06\/921330_Deluxe_28_RapidTrak_FL34-scaled.webp","datePublished":"2024-05-10T10:04:36+00:00","dateModified":"2025-11-10T10:48:27+00:00","description":"Ariens DELUXE 28 RAPIDTRAK sn\u00f6slunga med AX 291 cm\u00b3-motor, RapidTrak\u2122 och Auto-Turn\u2122 ger kraft, grepp och effektiv sn\u00f6r\u00f6jning i all terr\u00e4ng.","breadcrumb":{"@id":"https:\/\/www.ariens.eu\/se\/product\/ariens-snoslungor-efi-rapidtrak\/ariens-deluxe-snoslunga\/deluxe-28-rapidtrak\/#breadcrumb"},"inLanguage":"sv-SE","potentialAction":[{"@type":"ReadAction","target":["https:\/\/www.ariens.eu\/se\/product\/ariens-snoslungor-efi-rapidtrak\/ariens-deluxe-snoslunga\/deluxe-28-rapidtrak\/"]}]},{"@type":"ImageObject","inLanguage":"sv-SE","@id":"https:\/\/www.ariens.eu\/se\/product\/ariens-snoslungor-efi-rapidtrak\/ariens-deluxe-snoslunga\/deluxe-28-rapidtrak\/#primaryimage","url":"https:\/\/www.ariens.eu\/se\/wp-content\/uploads\/sites\/8\/2024\/06\/921330_Deluxe_28_RapidTrak_FL34-scaled.webp","contentUrl":"https:\/\/www.ariens.eu\/se\/wp-content\/uploads\/sites\/8\/2024\/06\/921330_Deluxe_28_RapidTrak_FL34-scaled.webp","width":2560,"height":1920},{"@type":"BreadcrumbList","@id":"https:\/\/www.ariens.eu\/se\/product\/ariens-snoslungor-efi-rapidtrak\/ariens-deluxe-snoslunga\/deluxe-28-rapidtrak\/#breadcrumb","itemListElement":[{"@type":"ListItem","position":1,"name":"Home","item":"https:\/\/www.ariens.eu\/se\/"},{"@type":"ListItem","position":2,"name":"Shop","item":"https:\/\/www.ariens.eu\/se\/shop\/"},{"@type":"ListItem","position":3,"name":"DELUXE 28 RAPIDTRAK"}]},{"@type":"WebSite","@id":"https:\/\/www.ariens.eu\/se\/#website","url":"https:\/\/www.ariens.eu\/se\/","name":"Ariens | EMEAA","description":"Powerful and reliable zero-turn mowers &amp; snow blowers for professional users and demanding private customers","potentialAction":[{"@type":"SearchAction","target":{"@type":"EntryPoint","urlTemplate":"https:\/\/www.ariens.eu\/se\/?s={search_term_string}"},"query-input":{"@type":"PropertyValueSpecification","valueRequired":true,"valueName":"search_term_string"}}],"inLanguage":"sv-SE"}]}},"_links":{"self":[{"href":"https:\/\/www.ariens.eu\/se\/wp-json\/wp\/v2\/product\/2312","targetHints":{"allow":["GET"]}}],"collection":[{"href":"https:\/\/www.ariens.eu\/se\/wp-json\/wp\/v2\/product"}],"about":[{"href":"https:\/\/www.ariens.eu\/se\/wp-json\/wp\/v2\/types\/product"}],"replies":[{"embeddable":true,"href":"https:\/\/www.ariens.eu\/se\/wp-json\/wp\/v2\/comments?post=2312"}],"wp:featuredmedia":[{"embeddable":true,"href":"https:\/\/www.ariens.eu\/se\/wp-json\/wp\/v2\/media\/4631"}],"wp:attachment":[{"href":"https:\/\/www.ariens.eu\/se\/wp-json\/wp\/v2\/media?parent=2312"}],"wp:term":[{"taxonomy":"product_brand","embeddable":true,"href":"https:\/\/www.ariens.eu\/se\/wp-json\/wp\/v2\/product_brand?post=2312"},{"taxonomy":"product_cat","embeddable":true,"href":"https:\/\/www.ariens.eu\/se\/wp-json\/wp\/v2\/product_cat?post=2312"},{"taxonomy":"product_tag","embeddable":true,"href":"https:\/\/www.ariens.eu\/se\/wp-json\/wp\/v2\/product_tag?post=2312"}],"curies":[{"name":"wp","href":"https:\/\/api.w.org\/{rel}","templated":true}]}}