{"id":2313,"date":"2024-05-10T11:04:36","date_gmt":"2024-05-10T10:04:36","guid":{"rendered":"https:\/\/www.ariens.eu\/product\/compact-24\/"},"modified":"2025-11-10T10:48:27","modified_gmt":"2025-11-10T10:48:27","slug":"compact-24","status":"publish","type":"product","link":"https:\/\/www.ariens.eu\/se\/product\/ariens-snoslungor-efi-rapidtrak\/compact-serien\/compact-24","title":{"rendered":"COMPACT 24"},"content":{"rendered":"<div class=\"acfd-block acfd-block__twocolumns mb-asm-1 container-fluid px-0 bg-default\">\n<div class=\"acfd-twocolumns\">\n<div class=\"row\">\n<div class='col-lg-9 mb-4 '>\n<div class=\"acfd-block acfd-block__headline container-fluid px-0 bg-default\">\n<div class=\"acfd-headline\" >\n<h2 class='h2 text-left li_black'>Klar f\u00f6r anv\u00e4ndning p\u00e5 bara n\u00e5gra minuter. Bekv\u00e4m med elstart.<\/h2>\n<\/p><\/div>\n<\/div><\/div>\n<div class='col-lg'>                    <\/div>\n<\/p><\/div>\n<\/div>\n<\/div>\n<div class=\"acfd-block acfd-block__twocolumns mb-asm-2 container-fluid px-0 bg-default\">\n<div class=\"acfd-twocolumns\">\n<div class=\"row\">\n<div class='col-lg-9 mb-4 '>\n<div class=\"acfd-block acfd-block__text container-fluid px-0 bg-default\">\n<div class=\"acfd-text li_black\">\n<p>Ta dig an sn\u00f6n med kraft. L\u00e5t dig inte luras av storleken \u2013 i varje Ariens<sup>&reg;<\/sup> COMPACT finns gott om styrka. Den \u00e4r konstruerad f\u00f6r att vara l\u00e4tt att ta fram f\u00f6r ett tunt lager sn\u00f6, men tillr\u00e4ckligt p\u00e5litlig f\u00f6r att hantera upp till 52 ton i timmen. COMPACT-serien \u00e4r skapad f\u00f6r smidig man\u00f6vrering utan att kompromissa med Ariens legendariska kraft.<\/p>\n<p>COMPACT 24 har kompakta m\u00e5tt men imponerande kapacitet. Med AUTO-TURN\u2122 \u00e4r den otroligt l\u00e4tt att styra. Den \u00e4r byggd helt i metall och utrustad med en precisionsv\u00e4xell\u00e5da. Den kastar sn\u00f6n fr\u00e5n 0,9 till 12,2 meter, beroende p\u00e5 sn\u00f6f\u00f6rh\u00e5llandena.<\/p>\n<ul>\n<li>Arbetsbredd: 61 cm (24&#8243;) \u2013 flyttar upp till 54 ton sn\u00f6 per timme<\/li>\n<li>Drivs av en p\u00e5litlig Ariens AX 208 cm\u00b3-motor med elstart<\/li>\n<li>Tandad st\u00e5lskruv p\u00e5 27,9 cm (11&#8243;) f\u00f6r effektiv prestanda i alla sn\u00f6f\u00f6rh\u00e5llanden<\/li>\n<li>Garanti: 90 dagar kommersiellt bruk \/ 3 \u00e5r f\u00f6r privat bruk<\/li>\n<\/ul>\n<\/div>\n<\/div><\/div>\n<div class='col-lg'>                    <\/div>\n<\/p><\/div>\n<\/div>\n<\/div>\n<div class=\"acfd-block acfd-block__category mb-asm-3 container-fluid px-0 bg-default\">\n<div class=\"acfd-product-categories\">\n<h2 class=\"text-left mb-3\">\n        Eins\u00e4tze    <\/h2>\n<div class=\"product-categories_wrapper\">\n         <span\n                data-description=\"Det patenterte Ariens AutoTurn<sup>&reg;<\/sup> styresystemet forhindrer at et drivhjul eller et RapidTrak\u2122-belte spinner. Samtidig gir det enkel styring av maskinen ved automatisk \u00e5 frikoble den ene drivsiden n\u00e5r du svinger. Alle Ariens sn\u00f8fresere, bortsett fra CLASSIC-modellen, er utstyrt med AutoTurn.\"                class=\"product-category-single\"> AutoTurn<sup>&reg;<\/sup>                <sup><i class=\"fa fa-info-circle\" aria-hidden=\"true\"><\/i><\/sup>            <\/span>  <span\n                data-description=\"A 230 volt connection allows you to start the machine at the touch of a button. Standard on all models.\"                class=\"product-category-single\"> Electric start                <sup><i class=\"fa fa-info-circle\" aria-hidden=\"true\"><\/i><\/sup>            <\/span>     <\/div>\n<\/div>\n<\/div>\n<div class=\"acfd-block acfd-block__twocolumns container-fluid container-fluid--force px-0 bg-default\">\n<div class=\"acfd-twocolumns\">\n<div class=\"row\">\n<div class='col-lg-12 mb-4 '>\n<div class=\"acfd-product-advantages--wrapper\">\n<h2 class=\"h1 bigger text-color-black text-center mb-5\">\n        Merkmale &#038; Vorteile    <\/h2>\n<div class=\"acfd-product-advantages\">\n<div class=\"row\">\n<div class=\"col-md-6 mb-4 content\">\n                    <span class=\"d-block h5 text-color-brand mb-1\">All-steel construction<\/span><\/p>\n<p>Sturdy, welded steel sheet with pressed beads and reinforced edges are the secret behind the long service life of Ariens snow blowers.<\/p>\n<\/p><\/div>\n<div class=\"col-md-6 mb4 image\"  style=\"background-image:url(https:\/\/www.ariens.eu\/se\/wp-content\/uploads\/sites\/8\/2024\/05\/all-steal-construction.webp)\">\n                <\/div>\n<\/p><\/div>\n<div class=\"row\">\n<div class=\"col-md-6 mb-4 content\">\n                    <span class=\"d-block h5 text-color-brand mb-1\">Auto-turn steering<\/span><\/p>\n<p>Drive straight ahead with the rear axle locked for maximum grip. As soon as you steer the machine, the axle is unlocked and turning on the spot is child&#8217;s play. A patented invention from Ariens.<\/p>\n<\/p><\/div>\n<div class=\"col-md-6 mb4 image\"  style=\"background-image:url(https:\/\/www.ariens.eu\/se\/wp-content\/uploads\/sites\/8\/2024\/05\/feature6ars_fb_profe-2.png)\">\n                <\/div>\n<\/p><\/div>\n<div class=\"row\">\n<div class=\"col-md-6 mb-4 content\">\n                    <span class=\"d-block h5 text-color-brand mb-1\">Electric start<\/span><\/p>\n<p>You can start the Compact models either with the rope starter or conveniently by pressing a button on the electric starter, which is connected to a 230 V socket. Very convenient at low temperatures.<\/p>\n<\/p><\/div>\n<div class=\"col-md-6 mb4 image\"  style=\"background-image:url(https:\/\/www.ariens.eu\/se\/wp-content\/uploads\/sites\/8\/2024\/05\/Electric_Start-1.webp)\">\n                <\/div>\n<\/p><\/div>\n<div class=\"row\">\n<div class=\"col-md-6 mb-4 content\">\n                    <span class=\"d-block h5 text-color-brand mb-1\">Gjutj\u00e4rnsv\u00e4xell\u00e5da<\/span><\/p>\n<p>Sn\u00e4ckskruvens v\u00e4xell\u00e5da \u00e4r en h\u00e5rt belastad del. Vi har lagt stor vikt vid att g\u00f6ra den s\u00e4rskilt stabil. Tack vare dess h\u00e5llbarhet erbjuder vi \u00e4ven 5 \u00e5rs garanti p\u00e5 den.<\/p>\n<\/p><\/div>\n<div class=\"col-md-6 mb4 image\"  style=\"background-image:url(https:\/\/www.ariens.eu\/se\/wp-content\/uploads\/sites\/8\/2024\/05\/compact-24.webp)\">\n                <\/div>\n<\/p><\/div>\n<div class=\"row\">\n<div class=\"col-md-6 mb-4 content\">\n                    <span class=\"d-block h5 text-color-brand mb-1\">Sn\u00f8dekk med h\u00f8y gripeevne<\/span><\/p>\n<p>Spesialm\u00f8nstret sn\u00f8profil gir maksimal trekkraft. Diameter 38 cm (15&#8243;).<\/p>\n<\/p><\/div>\n<div class=\"col-md-6 mb4 image\"  style=\"background-image:url(https:\/\/www.ariens.eu\/se\/wp-content\/uploads\/sites\/8\/2024\/05\/15in_Tires-scaled.webp)\">\n                <\/div>\n<\/p><\/div>\n<\/p><\/div>\n<\/div><\/div>\n<div class='col-lg'>                    <\/div>\n<\/p><\/div>\n<\/div>\n<\/div>\n","protected":false},"excerpt":{"rendered":"<p>Klar f\u00f6r anv\u00e4ndning p\u00e5 bara n\u00e5gra minuter. Bekv\u00e4m med elstart. Ta dig an sn\u00f6n med kraft. L\u00e5t dig inte luras av storleken \u2013 i varje Ariens&reg; COMPACT finns gott om styrka. Den \u00e4r konstruerad f\u00f6r att vara l\u00e4tt att ta fram f\u00f6r ett tunt lager sn\u00f6, men tillr\u00e4ckligt p\u00e5litlig f\u00f6r att hantera upp till 52 [&hellip;]<\/p>\n","protected":false},"featured_media":4634,"comment_status":"open","ping_status":"closed","template":"","meta":{"_acf_changed":false,"_relevanssi_hide_post":"","_relevanssi_hide_content":"","_relevanssi_pin_for_all":"","_relevanssi_pin_keywords":"","_relevanssi_unpin_keywords":"","_relevanssi_related_keywords":"","_relevanssi_related_include_ids":"","_relevanssi_related_exclude_ids":"","_relevanssi_related_no_append":"","_relevanssi_related_not_related":"","_relevanssi_related_posts":"","_relevanssi_noindex_reason":""},"product_brand":[],"product_cat":[15],"product_tag":[],"class_list":{"0":"post-2313","1":"product","2":"type-product","3":"status-publish","4":"has-post-thumbnail","6":"product_variant-compact-serien","7":"product_usage_areas-kommuner-och-driftgardar","8":"product_usage_areas-vinter-service","10":"first","11":"instock","12":"shipping-taxable","13":"product-type-simple"},"acf":[],"yoast_head":"<!-- This site is optimized with the Yoast SEO plugin v27.3 - https:\/\/yoast.com\/product\/yoast-seo-wordpress\/ -->\n<title>Ariens COMPACT 24 sn\u00f6slunga<\/title>\n<meta name=\"description\" content=\"Ariens COMPACT 24 sn\u00f6slunga med AX 208 cm\u00b3-motor, AUTO-TURN och 61 cm arbetsbredd ger smidig, kraftfull sn\u00f6r\u00f6jning f\u00f6r sm\u00e5 och medelstora ytor.\" \/>\n<meta name=\"robots\" content=\"index, follow, max-snippet:-1, max-image-preview:large, max-video-preview:-1\" \/>\n<link rel=\"canonical\" href=\"https:\/\/www.ariens.eu\/se\/product\/ariens-snoslungor-efi-rapidtrak\/compact-serien\/compact-24\/\" \/>\n<meta property=\"og:locale\" content=\"sv_SE\" \/>\n<meta property=\"og:type\" content=\"article\" \/>\n<meta property=\"og:title\" content=\"Ariens COMPACT 24 sn\u00f6slunga\" \/>\n<meta property=\"og:description\" content=\"Ariens COMPACT 24 sn\u00f6slunga med AX 208 cm\u00b3-motor, AUTO-TURN och 61 cm arbetsbredd ger smidig, kraftfull sn\u00f6r\u00f6jning f\u00f6r sm\u00e5 och medelstora ytor.\" \/>\n<meta property=\"og:url\" content=\"https:\/\/www.ariens.eu\/se\/product\/ariens-snoslungor-efi-rapidtrak\/compact-serien\/compact-24\/\" \/>\n<meta property=\"og:site_name\" content=\"Ariens | EMEAA\" \/>\n<meta property=\"article:modified_time\" content=\"2025-11-10T10:48:27+00:00\" \/>\n<meta property=\"og:image\" content=\"https:\/\/www.ariens.eu\/se\/wp-content\/uploads\/sites\/8\/2024\/06\/ariens-compact-snow-thrower-angle-view-front34-3.webp\" \/>\n\t<meta property=\"og:image:width\" content=\"900\" \/>\n\t<meta property=\"og:image:height\" content=\"650\" \/>\n\t<meta property=\"og:image:type\" content=\"image\/webp\" \/>\n<meta name=\"twitter:card\" content=\"summary_large_image\" \/>\n<meta name=\"twitter:label1\" content=\"Ber\u00e4knad l\u00e4stid\" \/>\n\t<meta name=\"twitter:data1\" content=\"2 minuter\" \/>\n<script type=\"application\/ld+json\" class=\"yoast-schema-graph\">{\"@context\":\"https:\\\/\\\/schema.org\",\"@graph\":[{\"@type\":\"WebPage\",\"@id\":\"https:\\\/\\\/www.ariens.eu\\\/se\\\/product\\\/ariens-snoslungor-efi-rapidtrak\\\/compact-serien\\\/compact-24\\\/\",\"url\":\"https:\\\/\\\/www.ariens.eu\\\/se\\\/product\\\/ariens-snoslungor-efi-rapidtrak\\\/compact-serien\\\/compact-24\\\/\",\"name\":\"Ariens COMPACT 24 sn\u00f6slunga\",\"isPartOf\":{\"@id\":\"https:\\\/\\\/www.ariens.eu\\\/se\\\/#website\"},\"primaryImageOfPage\":{\"@id\":\"https:\\\/\\\/www.ariens.eu\\\/se\\\/product\\\/ariens-snoslungor-efi-rapidtrak\\\/compact-serien\\\/compact-24\\\/#primaryimage\"},\"image\":{\"@id\":\"https:\\\/\\\/www.ariens.eu\\\/se\\\/product\\\/ariens-snoslungor-efi-rapidtrak\\\/compact-serien\\\/compact-24\\\/#primaryimage\"},\"thumbnailUrl\":\"https:\\\/\\\/www.ariens.eu\\\/se\\\/wp-content\\\/uploads\\\/sites\\\/8\\\/2024\\\/06\\\/ariens-compact-snow-thrower-angle-view-front34-3.webp\",\"datePublished\":\"2024-05-10T10:04:36+00:00\",\"dateModified\":\"2025-11-10T10:48:27+00:00\",\"description\":\"Ariens COMPACT 24 sn\u00f6slunga med AX 208 cm\u00b3-motor, AUTO-TURN och 61 cm arbetsbredd ger smidig, kraftfull sn\u00f6r\u00f6jning f\u00f6r sm\u00e5 och medelstora ytor.\",\"breadcrumb\":{\"@id\":\"https:\\\/\\\/www.ariens.eu\\\/se\\\/product\\\/ariens-snoslungor-efi-rapidtrak\\\/compact-serien\\\/compact-24\\\/#breadcrumb\"},\"inLanguage\":\"sv-SE\",\"potentialAction\":[{\"@type\":\"ReadAction\",\"target\":[\"https:\\\/\\\/www.ariens.eu\\\/se\\\/product\\\/ariens-snoslungor-efi-rapidtrak\\\/compact-serien\\\/compact-24\\\/\"]}]},{\"@type\":\"ImageObject\",\"inLanguage\":\"sv-SE\",\"@id\":\"https:\\\/\\\/www.ariens.eu\\\/se\\\/product\\\/ariens-snoslungor-efi-rapidtrak\\\/compact-serien\\\/compact-24\\\/#primaryimage\",\"url\":\"https:\\\/\\\/www.ariens.eu\\\/se\\\/wp-content\\\/uploads\\\/sites\\\/8\\\/2024\\\/06\\\/ariens-compact-snow-thrower-angle-view-front34-3.webp\",\"contentUrl\":\"https:\\\/\\\/www.ariens.eu\\\/se\\\/wp-content\\\/uploads\\\/sites\\\/8\\\/2024\\\/06\\\/ariens-compact-snow-thrower-angle-view-front34-3.webp\",\"width\":900,\"height\":650},{\"@type\":\"BreadcrumbList\",\"@id\":\"https:\\\/\\\/www.ariens.eu\\\/se\\\/product\\\/ariens-snoslungor-efi-rapidtrak\\\/compact-serien\\\/compact-24\\\/#breadcrumb\",\"itemListElement\":[{\"@type\":\"ListItem\",\"position\":1,\"name\":\"Home\",\"item\":\"https:\\\/\\\/www.ariens.eu\\\/se\\\/\"},{\"@type\":\"ListItem\",\"position\":2,\"name\":\"Shop\",\"item\":\"https:\\\/\\\/www.ariens.eu\\\/se\\\/shop\\\/\"},{\"@type\":\"ListItem\",\"position\":3,\"name\":\"COMPACT 24\"}]},{\"@type\":\"WebSite\",\"@id\":\"https:\\\/\\\/www.ariens.eu\\\/se\\\/#website\",\"url\":\"https:\\\/\\\/www.ariens.eu\\\/se\\\/\",\"name\":\"Ariens | EMEAA\",\"description\":\"Powerful and reliable zero-turn mowers &amp; snow blowers for professional users and demanding private customers\",\"potentialAction\":[{\"@type\":\"SearchAction\",\"target\":{\"@type\":\"EntryPoint\",\"urlTemplate\":\"https:\\\/\\\/www.ariens.eu\\\/se\\\/?s={search_term_string}\"},\"query-input\":{\"@type\":\"PropertyValueSpecification\",\"valueRequired\":true,\"valueName\":\"search_term_string\"}}],\"inLanguage\":\"sv-SE\"}]}<\/script>\n<!-- \/ Yoast SEO plugin. -->","yoast_head_json":{"title":"Ariens COMPACT 24 sn\u00f6slunga","description":"Ariens COMPACT 24 sn\u00f6slunga med AX 208 cm\u00b3-motor, AUTO-TURN och 61 cm arbetsbredd ger smidig, kraftfull sn\u00f6r\u00f6jning f\u00f6r sm\u00e5 och medelstora ytor.","robots":{"index":"index","follow":"follow","max-snippet":"max-snippet:-1","max-image-preview":"max-image-preview:large","max-video-preview":"max-video-preview:-1"},"canonical":"https:\/\/www.ariens.eu\/se\/product\/ariens-snoslungor-efi-rapidtrak\/compact-serien\/compact-24\/","og_locale":"sv_SE","og_type":"article","og_title":"Ariens COMPACT 24 sn\u00f6slunga","og_description":"Ariens COMPACT 24 sn\u00f6slunga med AX 208 cm\u00b3-motor, AUTO-TURN och 61 cm arbetsbredd ger smidig, kraftfull sn\u00f6r\u00f6jning f\u00f6r sm\u00e5 och medelstora ytor.","og_url":"https:\/\/www.ariens.eu\/se\/product\/ariens-snoslungor-efi-rapidtrak\/compact-serien\/compact-24\/","og_site_name":"Ariens | EMEAA","article_modified_time":"2025-11-10T10:48:27+00:00","og_image":[{"width":900,"height":650,"url":"https:\/\/www.ariens.eu\/se\/wp-content\/uploads\/sites\/8\/2024\/06\/ariens-compact-snow-thrower-angle-view-front34-3.webp","type":"image\/webp"}],"twitter_card":"summary_large_image","twitter_misc":{"Ber\u00e4knad l\u00e4stid":"2 minuter"},"schema":{"@context":"https:\/\/schema.org","@graph":[{"@type":"WebPage","@id":"https:\/\/www.ariens.eu\/se\/product\/ariens-snoslungor-efi-rapidtrak\/compact-serien\/compact-24\/","url":"https:\/\/www.ariens.eu\/se\/product\/ariens-snoslungor-efi-rapidtrak\/compact-serien\/compact-24\/","name":"Ariens COMPACT 24 sn\u00f6slunga","isPartOf":{"@id":"https:\/\/www.ariens.eu\/se\/#website"},"primaryImageOfPage":{"@id":"https:\/\/www.ariens.eu\/se\/product\/ariens-snoslungor-efi-rapidtrak\/compact-serien\/compact-24\/#primaryimage"},"image":{"@id":"https:\/\/www.ariens.eu\/se\/product\/ariens-snoslungor-efi-rapidtrak\/compact-serien\/compact-24\/#primaryimage"},"thumbnailUrl":"https:\/\/www.ariens.eu\/se\/wp-content\/uploads\/sites\/8\/2024\/06\/ariens-compact-snow-thrower-angle-view-front34-3.webp","datePublished":"2024-05-10T10:04:36+00:00","dateModified":"2025-11-10T10:48:27+00:00","description":"Ariens COMPACT 24 sn\u00f6slunga med AX 208 cm\u00b3-motor, AUTO-TURN och 61 cm arbetsbredd ger smidig, kraftfull sn\u00f6r\u00f6jning f\u00f6r sm\u00e5 och medelstora ytor.","breadcrumb":{"@id":"https:\/\/www.ariens.eu\/se\/product\/ariens-snoslungor-efi-rapidtrak\/compact-serien\/compact-24\/#breadcrumb"},"inLanguage":"sv-SE","potentialAction":[{"@type":"ReadAction","target":["https:\/\/www.ariens.eu\/se\/product\/ariens-snoslungor-efi-rapidtrak\/compact-serien\/compact-24\/"]}]},{"@type":"ImageObject","inLanguage":"sv-SE","@id":"https:\/\/www.ariens.eu\/se\/product\/ariens-snoslungor-efi-rapidtrak\/compact-serien\/compact-24\/#primaryimage","url":"https:\/\/www.ariens.eu\/se\/wp-content\/uploads\/sites\/8\/2024\/06\/ariens-compact-snow-thrower-angle-view-front34-3.webp","contentUrl":"https:\/\/www.ariens.eu\/se\/wp-content\/uploads\/sites\/8\/2024\/06\/ariens-compact-snow-thrower-angle-view-front34-3.webp","width":900,"height":650},{"@type":"BreadcrumbList","@id":"https:\/\/www.ariens.eu\/se\/product\/ariens-snoslungor-efi-rapidtrak\/compact-serien\/compact-24\/#breadcrumb","itemListElement":[{"@type":"ListItem","position":1,"name":"Home","item":"https:\/\/www.ariens.eu\/se\/"},{"@type":"ListItem","position":2,"name":"Shop","item":"https:\/\/www.ariens.eu\/se\/shop\/"},{"@type":"ListItem","position":3,"name":"COMPACT 24"}]},{"@type":"WebSite","@id":"https:\/\/www.ariens.eu\/se\/#website","url":"https:\/\/www.ariens.eu\/se\/","name":"Ariens | EMEAA","description":"Powerful and reliable zero-turn mowers &amp; snow blowers for professional users and demanding private customers","potentialAction":[{"@type":"SearchAction","target":{"@type":"EntryPoint","urlTemplate":"https:\/\/www.ariens.eu\/se\/?s={search_term_string}"},"query-input":{"@type":"PropertyValueSpecification","valueRequired":true,"valueName":"search_term_string"}}],"inLanguage":"sv-SE"}]}},"_links":{"self":[{"href":"https:\/\/www.ariens.eu\/se\/wp-json\/wp\/v2\/product\/2313","targetHints":{"allow":["GET"]}}],"collection":[{"href":"https:\/\/www.ariens.eu\/se\/wp-json\/wp\/v2\/product"}],"about":[{"href":"https:\/\/www.ariens.eu\/se\/wp-json\/wp\/v2\/types\/product"}],"replies":[{"embeddable":true,"href":"https:\/\/www.ariens.eu\/se\/wp-json\/wp\/v2\/comments?post=2313"}],"wp:featuredmedia":[{"embeddable":true,"href":"https:\/\/www.ariens.eu\/se\/wp-json\/wp\/v2\/media\/4634"}],"wp:attachment":[{"href":"https:\/\/www.ariens.eu\/se\/wp-json\/wp\/v2\/media?parent=2313"}],"wp:term":[{"taxonomy":"product_brand","embeddable":true,"href":"https:\/\/www.ariens.eu\/se\/wp-json\/wp\/v2\/product_brand?post=2313"},{"taxonomy":"product_cat","embeddable":true,"href":"https:\/\/www.ariens.eu\/se\/wp-json\/wp\/v2\/product_cat?post=2313"},{"taxonomy":"product_tag","embeddable":true,"href":"https:\/\/www.ariens.eu\/se\/wp-json\/wp\/v2\/product_tag?post=2313"}],"curies":[{"name":"wp","href":"https:\/\/api.w.org\/{rel}","templated":true}]}}