{"id":2318,"date":"2024-05-10T11:04:36","date_gmt":"2024-05-10T10:04:36","guid":{"rendered":"https:\/\/www.ariens.eu\/product\/power-brush-44-112-cm\/"},"modified":"2026-01-06T12:22:17","modified_gmt":"2026-01-06T12:22:17","slug":"ariens-borste-112-cm-for-mammoth-850-serien","status":"publish","type":"product","link":"https:\/\/www.ariens.eu\/se\/product\/ariens-snoslungor-efi-rapidtrak\/tillbehor-soslungor\/ariens-borste-112-cm-for-mammoth-850-serien","title":{"rendered":"POWER BRUSH 44&#8243; 112 cm"},"content":{"rendered":"<div class=\"acfd-block acfd-block__twocolumns mb-asm-1 container-fluid px-0 bg-default\">\n<div class=\"acfd-twocolumns\">\n<div class=\"row\">\n<div class='col-lg-9 mb-4 '>\n<div class=\"acfd-block acfd-block__headline mb-asm-1 container-fluid px-0 bg-default\">\n<div class=\"acfd-headline\" >\n<h2 class='h2 text-left li_black'>Maximal sn\u00f6r\u00f6jningseffekt vid nysn\u00f6<\/h2>\n<\/p><\/div>\n<\/div>\n<div class=\"acfd-block acfd-block__text container-fluid px-0 bg-default\">\n<div class=\"acfd-text li_black\">\n<p>Den 44&#8243; borsten \u00e4r en f\u00f6rstklassig l\u00f6sning f\u00f6r grundlig reng\u00f6ring av ytor. Den \u00e4r idealisk f\u00f6r omr\u00e5den med nolltolerans, d\u00e4r kravet \u00e4r att ytan ska reng\u00f6ras helt ner till underlaget. Borsten avl\u00e4gsnar effektivt nysn\u00f6 och l\u00e4mnar en ren och s\u00e4ker yta.<\/p>\n<p>Borsten \u00e4r utrustad med innovativa, individuella borstskivor i polymermaterial som ger l\u00e5ng livsl\u00e4ngd och f\u00f6renklar underh\u00e5llet, eftersom slitna borstskivor enkelt kan bytas ut. Med m\u00e5tten 42 tum i l\u00e4ngd, 48 tum i bredd och 26,5 tum i h\u00f6jd \u00e4r den konstruerad f\u00f6r effektiv t\u00e4ckning av stora ytor. Med en vikt p\u00e5 435 lbs \u00e4r den robust men samtidigt hanterbar.<\/p>\n<p>Borsten har en maximal sv\u00e4ngvinkel p\u00e5 40 grader, vilket ger effektiv riktningskontroll vid arbete. Den h\u00f6ga rotationshastigheten p\u00e5 220 varv per minut s\u00e4kerst\u00e4ller snabb och effektiv reng\u00f6ring. Detta redskap \u00e4r oumb\u00e4rligt f\u00f6r exakt och helt\u00e4ckande ytreng\u00f6ring under vinterf\u00f6rh\u00e5llanden.<\/p>\n<\/div>\n<\/div><\/div>\n<div class='col-lg'>                    <\/div>\n<\/p><\/div>\n<\/div>\n<\/div>\n<div class=\"acfd-block acfd-block__twocolumns container-fluid px-0 bg-default\">\n<div class=\"acfd-twocolumns\">\n<div class=\"row\">\n<div class='col-lg-9 mb-4 '>                    <\/div>\n<div class='col-lg'>                    <\/div>\n<\/p><\/div>\n<\/div>\n<\/div>\n","protected":false},"excerpt":{"rendered":"<p>Maximal sn\u00f6r\u00f6jningseffekt vid nysn\u00f6 Den 44&#8243; borsten \u00e4r en f\u00f6rstklassig l\u00f6sning f\u00f6r grundlig reng\u00f6ring av ytor. Den \u00e4r idealisk f\u00f6r omr\u00e5den med nolltolerans, d\u00e4r kravet \u00e4r att ytan ska reng\u00f6ras helt ner till underlaget. Borsten avl\u00e4gsnar effektivt nysn\u00f6 och l\u00e4mnar en ren och s\u00e4ker yta. Borsten \u00e4r utrustad med innovativa, individuella borstskivor i polymermaterial som [&hellip;]<\/p>\n","protected":false},"featured_media":4658,"comment_status":"open","ping_status":"closed","template":"","meta":{"_acf_changed":false,"_relevanssi_hide_post":"","_relevanssi_hide_content":"","_relevanssi_pin_for_all":"","_relevanssi_pin_keywords":"","_relevanssi_unpin_keywords":"","_relevanssi_related_keywords":"","_relevanssi_related_include_ids":"","_relevanssi_related_exclude_ids":"","_relevanssi_related_no_append":"","_relevanssi_related_not_related":"","_relevanssi_related_posts":"","_relevanssi_noindex_reason":""},"product_brand":[],"product_cat":[15],"product_tag":[],"class_list":{"0":"post-2318","1":"product","2":"type-product","3":"status-publish","4":"has-post-thumbnail","6":"product_variant-tillbehor-soslungor","7":"product_usage_areas-vinter-service","9":"first","10":"instock","11":"shipping-taxable","12":"product-type-simple"},"acf":[],"yoast_head":"<!-- This site is optimized with the Yoast SEO plugin v27.3 - https:\/\/yoast.com\/product\/yoast-seo-wordpress\/ -->\n<title>Ariens borste MAMMOTH 850<\/title>\n<meta name=\"description\" content=\"Ariens borste 112 cm f\u00f6r MAMMOTH\u2122 850-serien ger effektiv reng\u00f6ring ner till ytan med utbytbara borstskivor och h\u00f6g rotationshastighet.\" \/>\n<meta name=\"robots\" content=\"index, follow, max-snippet:-1, max-image-preview:large, max-video-preview:-1\" \/>\n<link rel=\"canonical\" href=\"https:\/\/www.ariens.eu\/se\/product\/ariens-snoslungor-efi-rapidtrak\/tillbehor-soslungor\/ariens-borste-112-cm-for-mammoth-850-serien\/\" \/>\n<meta property=\"og:locale\" content=\"sv_SE\" \/>\n<meta property=\"og:type\" content=\"article\" \/>\n<meta property=\"og:title\" content=\"Ariens borste MAMMOTH 850\" \/>\n<meta property=\"og:description\" content=\"Ariens borste 112 cm f\u00f6r MAMMOTH\u2122 850-serien ger effektiv reng\u00f6ring ner till ytan med utbytbara borstskivor och h\u00f6g rotationshastighet.\" \/>\n<meta property=\"og:url\" content=\"https:\/\/www.ariens.eu\/se\/product\/ariens-snoslungor-efi-rapidtrak\/tillbehor-soslungor\/ariens-borste-112-cm-for-mammoth-850-serien\/\" \/>\n<meta property=\"og:site_name\" content=\"Ariens | EMEAA\" \/>\n<meta property=\"article:modified_time\" content=\"2026-01-06T12:22:17+00:00\" \/>\n<meta property=\"og:image\" content=\"https:\/\/www.ariens.eu\/se\/wp-content\/uploads\/sites\/8\/2024\/06\/951001-Mammoth-44in_Brush_FL34-scaled.webp\" \/>\n\t<meta property=\"og:image:width\" content=\"2560\" \/>\n\t<meta property=\"og:image:height\" content=\"1920\" \/>\n\t<meta property=\"og:image:type\" content=\"image\/webp\" \/>\n<meta name=\"twitter:card\" content=\"summary_large_image\" \/>\n<meta name=\"twitter:label1\" content=\"Ber\u00e4knad l\u00e4stid\" \/>\n\t<meta name=\"twitter:data1\" content=\"1 minut\" \/>\n<script type=\"application\/ld+json\" class=\"yoast-schema-graph\">{\"@context\":\"https:\\\/\\\/schema.org\",\"@graph\":[{\"@type\":\"WebPage\",\"@id\":\"https:\\\/\\\/www.ariens.eu\\\/se\\\/product\\\/ariens-snoslungor-efi-rapidtrak\\\/tillbehor-soslungor\\\/ariens-borste-112-cm-for-mammoth-850-serien\\\/\",\"url\":\"https:\\\/\\\/www.ariens.eu\\\/se\\\/product\\\/ariens-snoslungor-efi-rapidtrak\\\/tillbehor-soslungor\\\/ariens-borste-112-cm-for-mammoth-850-serien\\\/\",\"name\":\"Ariens borste MAMMOTH 850\",\"isPartOf\":{\"@id\":\"https:\\\/\\\/www.ariens.eu\\\/se\\\/#website\"},\"primaryImageOfPage\":{\"@id\":\"https:\\\/\\\/www.ariens.eu\\\/se\\\/product\\\/ariens-snoslungor-efi-rapidtrak\\\/tillbehor-soslungor\\\/ariens-borste-112-cm-for-mammoth-850-serien\\\/#primaryimage\"},\"image\":{\"@id\":\"https:\\\/\\\/www.ariens.eu\\\/se\\\/product\\\/ariens-snoslungor-efi-rapidtrak\\\/tillbehor-soslungor\\\/ariens-borste-112-cm-for-mammoth-850-serien\\\/#primaryimage\"},\"thumbnailUrl\":\"https:\\\/\\\/www.ariens.eu\\\/se\\\/wp-content\\\/uploads\\\/sites\\\/8\\\/2024\\\/06\\\/951001-Mammoth-44in_Brush_FL34-scaled.webp\",\"datePublished\":\"2024-05-10T10:04:36+00:00\",\"dateModified\":\"2026-01-06T12:22:17+00:00\",\"description\":\"Ariens borste 112 cm f\u00f6r MAMMOTH\u2122 850-serien ger effektiv reng\u00f6ring ner till ytan med utbytbara borstskivor och h\u00f6g rotationshastighet.\",\"breadcrumb\":{\"@id\":\"https:\\\/\\\/www.ariens.eu\\\/se\\\/product\\\/ariens-snoslungor-efi-rapidtrak\\\/tillbehor-soslungor\\\/ariens-borste-112-cm-for-mammoth-850-serien\\\/#breadcrumb\"},\"inLanguage\":\"sv-SE\",\"potentialAction\":[{\"@type\":\"ReadAction\",\"target\":[\"https:\\\/\\\/www.ariens.eu\\\/se\\\/product\\\/ariens-snoslungor-efi-rapidtrak\\\/tillbehor-soslungor\\\/ariens-borste-112-cm-for-mammoth-850-serien\\\/\"]}]},{\"@type\":\"ImageObject\",\"inLanguage\":\"sv-SE\",\"@id\":\"https:\\\/\\\/www.ariens.eu\\\/se\\\/product\\\/ariens-snoslungor-efi-rapidtrak\\\/tillbehor-soslungor\\\/ariens-borste-112-cm-for-mammoth-850-serien\\\/#primaryimage\",\"url\":\"https:\\\/\\\/www.ariens.eu\\\/se\\\/wp-content\\\/uploads\\\/sites\\\/8\\\/2024\\\/06\\\/951001-Mammoth-44in_Brush_FL34-scaled.webp\",\"contentUrl\":\"https:\\\/\\\/www.ariens.eu\\\/se\\\/wp-content\\\/uploads\\\/sites\\\/8\\\/2024\\\/06\\\/951001-Mammoth-44in_Brush_FL34-scaled.webp\",\"width\":2560,\"height\":1920},{\"@type\":\"BreadcrumbList\",\"@id\":\"https:\\\/\\\/www.ariens.eu\\\/se\\\/product\\\/ariens-snoslungor-efi-rapidtrak\\\/tillbehor-soslungor\\\/ariens-borste-112-cm-for-mammoth-850-serien\\\/#breadcrumb\",\"itemListElement\":[{\"@type\":\"ListItem\",\"position\":1,\"name\":\"Home\",\"item\":\"https:\\\/\\\/www.ariens.eu\\\/se\\\/\"},{\"@type\":\"ListItem\",\"position\":2,\"name\":\"Shop\",\"item\":\"https:\\\/\\\/www.ariens.eu\\\/se\\\/shop\\\/\"},{\"@type\":\"ListItem\",\"position\":3,\"name\":\"POWER BRUSH 44&#8243; 112 cm\"}]},{\"@type\":\"WebSite\",\"@id\":\"https:\\\/\\\/www.ariens.eu\\\/se\\\/#website\",\"url\":\"https:\\\/\\\/www.ariens.eu\\\/se\\\/\",\"name\":\"Ariens | EMEAA\",\"description\":\"Powerful and reliable zero-turn mowers &amp; snow blowers for professional users and demanding private customers\",\"potentialAction\":[{\"@type\":\"SearchAction\",\"target\":{\"@type\":\"EntryPoint\",\"urlTemplate\":\"https:\\\/\\\/www.ariens.eu\\\/se\\\/?s={search_term_string}\"},\"query-input\":{\"@type\":\"PropertyValueSpecification\",\"valueRequired\":true,\"valueName\":\"search_term_string\"}}],\"inLanguage\":\"sv-SE\"}]}<\/script>\n<!-- \/ Yoast SEO plugin. -->","yoast_head_json":{"title":"Ariens borste MAMMOTH 850","description":"Ariens borste 112 cm f\u00f6r MAMMOTH\u2122 850-serien ger effektiv reng\u00f6ring ner till ytan med utbytbara borstskivor och h\u00f6g rotationshastighet.","robots":{"index":"index","follow":"follow","max-snippet":"max-snippet:-1","max-image-preview":"max-image-preview:large","max-video-preview":"max-video-preview:-1"},"canonical":"https:\/\/www.ariens.eu\/se\/product\/ariens-snoslungor-efi-rapidtrak\/tillbehor-soslungor\/ariens-borste-112-cm-for-mammoth-850-serien\/","og_locale":"sv_SE","og_type":"article","og_title":"Ariens borste MAMMOTH 850","og_description":"Ariens borste 112 cm f\u00f6r MAMMOTH\u2122 850-serien ger effektiv reng\u00f6ring ner till ytan med utbytbara borstskivor och h\u00f6g rotationshastighet.","og_url":"https:\/\/www.ariens.eu\/se\/product\/ariens-snoslungor-efi-rapidtrak\/tillbehor-soslungor\/ariens-borste-112-cm-for-mammoth-850-serien\/","og_site_name":"Ariens | EMEAA","article_modified_time":"2026-01-06T12:22:17+00:00","og_image":[{"width":2560,"height":1920,"url":"https:\/\/www.ariens.eu\/se\/wp-content\/uploads\/sites\/8\/2024\/06\/951001-Mammoth-44in_Brush_FL34-scaled.webp","type":"image\/webp"}],"twitter_card":"summary_large_image","twitter_misc":{"Ber\u00e4knad l\u00e4stid":"1 minut"},"schema":{"@context":"https:\/\/schema.org","@graph":[{"@type":"WebPage","@id":"https:\/\/www.ariens.eu\/se\/product\/ariens-snoslungor-efi-rapidtrak\/tillbehor-soslungor\/ariens-borste-112-cm-for-mammoth-850-serien\/","url":"https:\/\/www.ariens.eu\/se\/product\/ariens-snoslungor-efi-rapidtrak\/tillbehor-soslungor\/ariens-borste-112-cm-for-mammoth-850-serien\/","name":"Ariens borste MAMMOTH 850","isPartOf":{"@id":"https:\/\/www.ariens.eu\/se\/#website"},"primaryImageOfPage":{"@id":"https:\/\/www.ariens.eu\/se\/product\/ariens-snoslungor-efi-rapidtrak\/tillbehor-soslungor\/ariens-borste-112-cm-for-mammoth-850-serien\/#primaryimage"},"image":{"@id":"https:\/\/www.ariens.eu\/se\/product\/ariens-snoslungor-efi-rapidtrak\/tillbehor-soslungor\/ariens-borste-112-cm-for-mammoth-850-serien\/#primaryimage"},"thumbnailUrl":"https:\/\/www.ariens.eu\/se\/wp-content\/uploads\/sites\/8\/2024\/06\/951001-Mammoth-44in_Brush_FL34-scaled.webp","datePublished":"2024-05-10T10:04:36+00:00","dateModified":"2026-01-06T12:22:17+00:00","description":"Ariens borste 112 cm f\u00f6r MAMMOTH\u2122 850-serien ger effektiv reng\u00f6ring ner till ytan med utbytbara borstskivor och h\u00f6g rotationshastighet.","breadcrumb":{"@id":"https:\/\/www.ariens.eu\/se\/product\/ariens-snoslungor-efi-rapidtrak\/tillbehor-soslungor\/ariens-borste-112-cm-for-mammoth-850-serien\/#breadcrumb"},"inLanguage":"sv-SE","potentialAction":[{"@type":"ReadAction","target":["https:\/\/www.ariens.eu\/se\/product\/ariens-snoslungor-efi-rapidtrak\/tillbehor-soslungor\/ariens-borste-112-cm-for-mammoth-850-serien\/"]}]},{"@type":"ImageObject","inLanguage":"sv-SE","@id":"https:\/\/www.ariens.eu\/se\/product\/ariens-snoslungor-efi-rapidtrak\/tillbehor-soslungor\/ariens-borste-112-cm-for-mammoth-850-serien\/#primaryimage","url":"https:\/\/www.ariens.eu\/se\/wp-content\/uploads\/sites\/8\/2024\/06\/951001-Mammoth-44in_Brush_FL34-scaled.webp","contentUrl":"https:\/\/www.ariens.eu\/se\/wp-content\/uploads\/sites\/8\/2024\/06\/951001-Mammoth-44in_Brush_FL34-scaled.webp","width":2560,"height":1920},{"@type":"BreadcrumbList","@id":"https:\/\/www.ariens.eu\/se\/product\/ariens-snoslungor-efi-rapidtrak\/tillbehor-soslungor\/ariens-borste-112-cm-for-mammoth-850-serien\/#breadcrumb","itemListElement":[{"@type":"ListItem","position":1,"name":"Home","item":"https:\/\/www.ariens.eu\/se\/"},{"@type":"ListItem","position":2,"name":"Shop","item":"https:\/\/www.ariens.eu\/se\/shop\/"},{"@type":"ListItem","position":3,"name":"POWER BRUSH 44&#8243; 112 cm"}]},{"@type":"WebSite","@id":"https:\/\/www.ariens.eu\/se\/#website","url":"https:\/\/www.ariens.eu\/se\/","name":"Ariens | EMEAA","description":"Powerful and reliable zero-turn mowers &amp; snow blowers for professional users and demanding private customers","potentialAction":[{"@type":"SearchAction","target":{"@type":"EntryPoint","urlTemplate":"https:\/\/www.ariens.eu\/se\/?s={search_term_string}"},"query-input":{"@type":"PropertyValueSpecification","valueRequired":true,"valueName":"search_term_string"}}],"inLanguage":"sv-SE"}]}},"_links":{"self":[{"href":"https:\/\/www.ariens.eu\/se\/wp-json\/wp\/v2\/product\/2318","targetHints":{"allow":["GET"]}}],"collection":[{"href":"https:\/\/www.ariens.eu\/se\/wp-json\/wp\/v2\/product"}],"about":[{"href":"https:\/\/www.ariens.eu\/se\/wp-json\/wp\/v2\/types\/product"}],"replies":[{"embeddable":true,"href":"https:\/\/www.ariens.eu\/se\/wp-json\/wp\/v2\/comments?post=2318"}],"wp:featuredmedia":[{"embeddable":true,"href":"https:\/\/www.ariens.eu\/se\/wp-json\/wp\/v2\/media\/4658"}],"wp:attachment":[{"href":"https:\/\/www.ariens.eu\/se\/wp-json\/wp\/v2\/media?parent=2318"}],"wp:term":[{"taxonomy":"product_brand","embeddable":true,"href":"https:\/\/www.ariens.eu\/se\/wp-json\/wp\/v2\/product_brand?post=2318"},{"taxonomy":"product_cat","embeddable":true,"href":"https:\/\/www.ariens.eu\/se\/wp-json\/wp\/v2\/product_cat?post=2318"},{"taxonomy":"product_tag","embeddable":true,"href":"https:\/\/www.ariens.eu\/se\/wp-json\/wp\/v2\/product_tag?post=2318"}],"curies":[{"name":"wp","href":"https:\/\/api.w.org\/{rel}","templated":true}]}}