{"id":2319,"date":"2024-05-10T11:04:36","date_gmt":"2024-05-10T10:04:36","guid":{"rendered":"https:\/\/www.ariens.eu\/product\/snow-thrower-36-91-cm\/"},"modified":"2026-01-06T12:17:30","modified_gmt":"2026-01-06T12:17:30","slug":"snowblower-36-91-cm","status":"publish","type":"product","link":"https:\/\/www.ariens.eu\/se\/product\/ariens-snoslungor-efi-rapidtrak\/tillbehor-soslungor\/snowblower-36-91-cm","title":{"rendered":"SN\u00d6SLUNGA 36&#8243; \/ 91 cm"},"content":{"rendered":"<div class=\"acfd-block acfd-block__twocolumns container-fluid px-0 bg-default\">\n<div class=\"acfd-twocolumns\">\n<div class=\"row\">\n<div class='col-lg-9 mb-4 '>\n<div class=\"acfd-block acfd-block__headline mb-asm-1 container-fluid px-0 bg-default\">\n<div class=\"acfd-headline\" >\n<h2 class='h2 text-left li_black'>Extrem r\u00f6jnings- och kastprestanda<\/h2>\n<\/p><\/div>\n<\/div>\n<div class=\"acfd-block acfd-block__text container-fluid px-0 bg-default\">\n<div class=\"acfd-text li_black\">\n<p>F\u00f6rst\u00e4rk din sn\u00f6r\u00f6jningskapacitet med denna h\u00f6gpresterande sn\u00f6slunga i helst\u00e5lkonstruktion med 36&#8243; arbetsbredd, utvecklad f\u00f6r Ariens MAMMOTH\u2122 850 som frist\u00e5ende maskin. Detta redskap \u00e4r en l\u00e5ngkastande sn\u00f6slunga, konstruerad f\u00f6r tunga arbetsuppgifter och klarar att kasta sn\u00f6n upp till 18 meter med imponerande effektivitet.<\/p>\n<p>Sn\u00f6slungan \u00e4r utrustad med intuitiv joystickstyrning f\u00f6r exakt och smidig man\u00f6vrering samt robusta skrapblad och medar i st\u00e5l. Den l\u00e4mpar sig lika v\u00e4l f\u00f6r privat som professionell anv\u00e4ndning och f\u00f6rvandlar MAMMOTH\u2122 850 till ett kraftfullt verktyg f\u00f6r sn\u00f6r\u00f6jning under extrema vinterf\u00f6rh\u00e5llanden.<\/p>\n<\/div>\n<\/div><\/div>\n<div class='col-lg'>                    <\/div>\n<\/p><\/div>\n<\/div>\n<\/div>\n","protected":false},"excerpt":{"rendered":"<p>Extrem r\u00f6jnings- och kastprestanda F\u00f6rst\u00e4rk din sn\u00f6r\u00f6jningskapacitet med denna h\u00f6gpresterande sn\u00f6slunga i helst\u00e5lkonstruktion med 36&#8243; arbetsbredd, utvecklad f\u00f6r Ariens MAMMOTH\u2122 850 som frist\u00e5ende maskin. Detta redskap \u00e4r en l\u00e5ngkastande sn\u00f6slunga, konstruerad f\u00f6r tunga arbetsuppgifter och klarar att kasta sn\u00f6n upp till 18 meter med imponerande effektivitet. Sn\u00f6slungan \u00e4r utrustad med intuitiv joystickstyrning f\u00f6r exakt och [&hellip;]<\/p>\n","protected":false},"featured_media":4664,"comment_status":"open","ping_status":"closed","template":"","meta":{"_acf_changed":false,"_relevanssi_hide_post":"","_relevanssi_hide_content":"","_relevanssi_pin_for_all":"","_relevanssi_pin_keywords":"","_relevanssi_unpin_keywords":"","_relevanssi_related_keywords":"","_relevanssi_related_include_ids":"","_relevanssi_related_exclude_ids":"","_relevanssi_related_no_append":"","_relevanssi_related_not_related":"","_relevanssi_related_posts":"","_relevanssi_noindex_reason":""},"product_brand":[],"product_cat":[15],"product_tag":[],"class_list":{"0":"post-2319","1":"product","2":"type-product","3":"status-publish","4":"has-post-thumbnail","6":"product_variant-tillbehor-soslungor","7":"product_usage_areas-vinter-service","9":"first","10":"instock","11":"shipping-taxable","12":"product-type-simple"},"acf":[],"yoast_head":"<!-- This site is optimized with the Yoast SEO plugin v27.3 - https:\/\/yoast.com\/product\/yoast-seo-wordpress\/ -->\n<title>Ariens sn\u00f6slunga 91 cm f\u00f6r MAMMOTH\u2122 850-serien<\/title>\n<meta name=\"description\" content=\"Ariens sn\u00f6slunga 91 cm f\u00f6r MAMMOTH\u2122 850-serien i helst\u00e5lkonstruktion ger extrem kastl\u00e4ngd, exakt joystickstyrning och kraftfull sn\u00f6r\u00f6jning.\" \/>\n<meta name=\"robots\" content=\"index, follow, max-snippet:-1, max-image-preview:large, max-video-preview:-1\" \/>\n<link rel=\"canonical\" href=\"https:\/\/www.ariens.eu\/se\/product\/ariens-snoslungor-efi-rapidtrak\/tillbehor-soslungor\/snowblower-36-91-cm\/\" \/>\n<meta property=\"og:locale\" content=\"sv_SE\" \/>\n<meta property=\"og:type\" content=\"article\" \/>\n<meta property=\"og:title\" content=\"Ariens sn\u00f6slunga 91 cm f\u00f6r MAMMOTH\u2122 850-serien\" \/>\n<meta property=\"og:description\" content=\"Ariens sn\u00f6slunga 91 cm f\u00f6r MAMMOTH\u2122 850-serien i helst\u00e5lkonstruktion ger extrem kastl\u00e4ngd, exakt joystickstyrning och kraftfull sn\u00f6r\u00f6jning.\" \/>\n<meta property=\"og:url\" content=\"https:\/\/www.ariens.eu\/se\/product\/ariens-snoslungor-efi-rapidtrak\/tillbehor-soslungor\/snowblower-36-91-cm\/\" \/>\n<meta property=\"og:site_name\" content=\"Ariens | EMEAA\" \/>\n<meta property=\"article:modified_time\" content=\"2026-01-06T12:17:30+00:00\" \/>\n<meta property=\"og:image\" content=\"https:\/\/www.ariens.eu\/se\/wp-content\/uploads\/sites\/8\/2024\/06\/851301-Ariens-Mammoth-48-Snow-Blower_Front_3-4.png\" \/>\n\t<meta property=\"og:image:width\" content=\"2560\" \/>\n\t<meta property=\"og:image:height\" content=\"1920\" \/>\n\t<meta property=\"og:image:type\" content=\"image\/png\" \/>\n<meta name=\"twitter:card\" content=\"summary_large_image\" \/>\n<meta name=\"twitter:label1\" content=\"Ber\u00e4knad l\u00e4stid\" \/>\n\t<meta name=\"twitter:data1\" content=\"1 minut\" \/>\n<script type=\"application\/ld+json\" class=\"yoast-schema-graph\">{\"@context\":\"https:\\\/\\\/schema.org\",\"@graph\":[{\"@type\":\"WebPage\",\"@id\":\"https:\\\/\\\/www.ariens.eu\\\/se\\\/product\\\/ariens-snoslungor-efi-rapidtrak\\\/tillbehor-soslungor\\\/snowblower-36-91-cm\\\/\",\"url\":\"https:\\\/\\\/www.ariens.eu\\\/se\\\/product\\\/ariens-snoslungor-efi-rapidtrak\\\/tillbehor-soslungor\\\/snowblower-36-91-cm\\\/\",\"name\":\"Ariens sn\u00f6slunga 91 cm f\u00f6r MAMMOTH\u2122 850-serien\",\"isPartOf\":{\"@id\":\"https:\\\/\\\/www.ariens.eu\\\/se\\\/#website\"},\"primaryImageOfPage\":{\"@id\":\"https:\\\/\\\/www.ariens.eu\\\/se\\\/product\\\/ariens-snoslungor-efi-rapidtrak\\\/tillbehor-soslungor\\\/snowblower-36-91-cm\\\/#primaryimage\"},\"image\":{\"@id\":\"https:\\\/\\\/www.ariens.eu\\\/se\\\/product\\\/ariens-snoslungor-efi-rapidtrak\\\/tillbehor-soslungor\\\/snowblower-36-91-cm\\\/#primaryimage\"},\"thumbnailUrl\":\"https:\\\/\\\/www.ariens.eu\\\/se\\\/wp-content\\\/uploads\\\/sites\\\/8\\\/2024\\\/06\\\/851301-Ariens-Mammoth-48-Snow-Blower_Front_3-4.png\",\"datePublished\":\"2024-05-10T10:04:36+00:00\",\"dateModified\":\"2026-01-06T12:17:30+00:00\",\"description\":\"Ariens sn\u00f6slunga 91 cm f\u00f6r MAMMOTH\u2122 850-serien i helst\u00e5lkonstruktion ger extrem kastl\u00e4ngd, exakt joystickstyrning och kraftfull sn\u00f6r\u00f6jning.\",\"breadcrumb\":{\"@id\":\"https:\\\/\\\/www.ariens.eu\\\/se\\\/product\\\/ariens-snoslungor-efi-rapidtrak\\\/tillbehor-soslungor\\\/snowblower-36-91-cm\\\/#breadcrumb\"},\"inLanguage\":\"sv-SE\",\"potentialAction\":[{\"@type\":\"ReadAction\",\"target\":[\"https:\\\/\\\/www.ariens.eu\\\/se\\\/product\\\/ariens-snoslungor-efi-rapidtrak\\\/tillbehor-soslungor\\\/snowblower-36-91-cm\\\/\"]}]},{\"@type\":\"ImageObject\",\"inLanguage\":\"sv-SE\",\"@id\":\"https:\\\/\\\/www.ariens.eu\\\/se\\\/product\\\/ariens-snoslungor-efi-rapidtrak\\\/tillbehor-soslungor\\\/snowblower-36-91-cm\\\/#primaryimage\",\"url\":\"https:\\\/\\\/www.ariens.eu\\\/se\\\/wp-content\\\/uploads\\\/sites\\\/8\\\/2024\\\/06\\\/851301-Ariens-Mammoth-48-Snow-Blower_Front_3-4.png\",\"contentUrl\":\"https:\\\/\\\/www.ariens.eu\\\/se\\\/wp-content\\\/uploads\\\/sites\\\/8\\\/2024\\\/06\\\/851301-Ariens-Mammoth-48-Snow-Blower_Front_3-4.png\",\"width\":2560,\"height\":1920},{\"@type\":\"BreadcrumbList\",\"@id\":\"https:\\\/\\\/www.ariens.eu\\\/se\\\/product\\\/ariens-snoslungor-efi-rapidtrak\\\/tillbehor-soslungor\\\/snowblower-36-91-cm\\\/#breadcrumb\",\"itemListElement\":[{\"@type\":\"ListItem\",\"position\":1,\"name\":\"Home\",\"item\":\"https:\\\/\\\/www.ariens.eu\\\/se\\\/\"},{\"@type\":\"ListItem\",\"position\":2,\"name\":\"Shop\",\"item\":\"https:\\\/\\\/www.ariens.eu\\\/se\\\/shop\\\/\"},{\"@type\":\"ListItem\",\"position\":3,\"name\":\"SN\u00d6SLUNGA 36&#8243; \\\/ 91 cm\"}]},{\"@type\":\"WebSite\",\"@id\":\"https:\\\/\\\/www.ariens.eu\\\/se\\\/#website\",\"url\":\"https:\\\/\\\/www.ariens.eu\\\/se\\\/\",\"name\":\"Ariens | EMEAA\",\"description\":\"Powerful and reliable zero-turn mowers &amp; snow blowers for professional users and demanding private customers\",\"potentialAction\":[{\"@type\":\"SearchAction\",\"target\":{\"@type\":\"EntryPoint\",\"urlTemplate\":\"https:\\\/\\\/www.ariens.eu\\\/se\\\/?s={search_term_string}\"},\"query-input\":{\"@type\":\"PropertyValueSpecification\",\"valueRequired\":true,\"valueName\":\"search_term_string\"}}],\"inLanguage\":\"sv-SE\"}]}<\/script>\n<!-- \/ Yoast SEO plugin. -->","yoast_head_json":{"title":"Ariens sn\u00f6slunga 91 cm f\u00f6r MAMMOTH\u2122 850-serien","description":"Ariens sn\u00f6slunga 91 cm f\u00f6r MAMMOTH\u2122 850-serien i helst\u00e5lkonstruktion ger extrem kastl\u00e4ngd, exakt joystickstyrning och kraftfull sn\u00f6r\u00f6jning.","robots":{"index":"index","follow":"follow","max-snippet":"max-snippet:-1","max-image-preview":"max-image-preview:large","max-video-preview":"max-video-preview:-1"},"canonical":"https:\/\/www.ariens.eu\/se\/product\/ariens-snoslungor-efi-rapidtrak\/tillbehor-soslungor\/snowblower-36-91-cm\/","og_locale":"sv_SE","og_type":"article","og_title":"Ariens sn\u00f6slunga 91 cm f\u00f6r MAMMOTH\u2122 850-serien","og_description":"Ariens sn\u00f6slunga 91 cm f\u00f6r MAMMOTH\u2122 850-serien i helst\u00e5lkonstruktion ger extrem kastl\u00e4ngd, exakt joystickstyrning och kraftfull sn\u00f6r\u00f6jning.","og_url":"https:\/\/www.ariens.eu\/se\/product\/ariens-snoslungor-efi-rapidtrak\/tillbehor-soslungor\/snowblower-36-91-cm\/","og_site_name":"Ariens | EMEAA","article_modified_time":"2026-01-06T12:17:30+00:00","og_image":[{"width":2560,"height":1920,"url":"https:\/\/www.ariens.eu\/se\/wp-content\/uploads\/sites\/8\/2024\/06\/851301-Ariens-Mammoth-48-Snow-Blower_Front_3-4.png","type":"image\/png"}],"twitter_card":"summary_large_image","twitter_misc":{"Ber\u00e4knad l\u00e4stid":"1 minut"},"schema":{"@context":"https:\/\/schema.org","@graph":[{"@type":"WebPage","@id":"https:\/\/www.ariens.eu\/se\/product\/ariens-snoslungor-efi-rapidtrak\/tillbehor-soslungor\/snowblower-36-91-cm\/","url":"https:\/\/www.ariens.eu\/se\/product\/ariens-snoslungor-efi-rapidtrak\/tillbehor-soslungor\/snowblower-36-91-cm\/","name":"Ariens sn\u00f6slunga 91 cm f\u00f6r MAMMOTH\u2122 850-serien","isPartOf":{"@id":"https:\/\/www.ariens.eu\/se\/#website"},"primaryImageOfPage":{"@id":"https:\/\/www.ariens.eu\/se\/product\/ariens-snoslungor-efi-rapidtrak\/tillbehor-soslungor\/snowblower-36-91-cm\/#primaryimage"},"image":{"@id":"https:\/\/www.ariens.eu\/se\/product\/ariens-snoslungor-efi-rapidtrak\/tillbehor-soslungor\/snowblower-36-91-cm\/#primaryimage"},"thumbnailUrl":"https:\/\/www.ariens.eu\/se\/wp-content\/uploads\/sites\/8\/2024\/06\/851301-Ariens-Mammoth-48-Snow-Blower_Front_3-4.png","datePublished":"2024-05-10T10:04:36+00:00","dateModified":"2026-01-06T12:17:30+00:00","description":"Ariens sn\u00f6slunga 91 cm f\u00f6r MAMMOTH\u2122 850-serien i helst\u00e5lkonstruktion ger extrem kastl\u00e4ngd, exakt joystickstyrning och kraftfull sn\u00f6r\u00f6jning.","breadcrumb":{"@id":"https:\/\/www.ariens.eu\/se\/product\/ariens-snoslungor-efi-rapidtrak\/tillbehor-soslungor\/snowblower-36-91-cm\/#breadcrumb"},"inLanguage":"sv-SE","potentialAction":[{"@type":"ReadAction","target":["https:\/\/www.ariens.eu\/se\/product\/ariens-snoslungor-efi-rapidtrak\/tillbehor-soslungor\/snowblower-36-91-cm\/"]}]},{"@type":"ImageObject","inLanguage":"sv-SE","@id":"https:\/\/www.ariens.eu\/se\/product\/ariens-snoslungor-efi-rapidtrak\/tillbehor-soslungor\/snowblower-36-91-cm\/#primaryimage","url":"https:\/\/www.ariens.eu\/se\/wp-content\/uploads\/sites\/8\/2024\/06\/851301-Ariens-Mammoth-48-Snow-Blower_Front_3-4.png","contentUrl":"https:\/\/www.ariens.eu\/se\/wp-content\/uploads\/sites\/8\/2024\/06\/851301-Ariens-Mammoth-48-Snow-Blower_Front_3-4.png","width":2560,"height":1920},{"@type":"BreadcrumbList","@id":"https:\/\/www.ariens.eu\/se\/product\/ariens-snoslungor-efi-rapidtrak\/tillbehor-soslungor\/snowblower-36-91-cm\/#breadcrumb","itemListElement":[{"@type":"ListItem","position":1,"name":"Home","item":"https:\/\/www.ariens.eu\/se\/"},{"@type":"ListItem","position":2,"name":"Shop","item":"https:\/\/www.ariens.eu\/se\/shop\/"},{"@type":"ListItem","position":3,"name":"SN\u00d6SLUNGA 36&#8243; \/ 91 cm"}]},{"@type":"WebSite","@id":"https:\/\/www.ariens.eu\/se\/#website","url":"https:\/\/www.ariens.eu\/se\/","name":"Ariens | EMEAA","description":"Powerful and reliable zero-turn mowers &amp; snow blowers for professional users and demanding private customers","potentialAction":[{"@type":"SearchAction","target":{"@type":"EntryPoint","urlTemplate":"https:\/\/www.ariens.eu\/se\/?s={search_term_string}"},"query-input":{"@type":"PropertyValueSpecification","valueRequired":true,"valueName":"search_term_string"}}],"inLanguage":"sv-SE"}]}},"_links":{"self":[{"href":"https:\/\/www.ariens.eu\/se\/wp-json\/wp\/v2\/product\/2319","targetHints":{"allow":["GET"]}}],"collection":[{"href":"https:\/\/www.ariens.eu\/se\/wp-json\/wp\/v2\/product"}],"about":[{"href":"https:\/\/www.ariens.eu\/se\/wp-json\/wp\/v2\/types\/product"}],"replies":[{"embeddable":true,"href":"https:\/\/www.ariens.eu\/se\/wp-json\/wp\/v2\/comments?post=2319"}],"wp:featuredmedia":[{"embeddable":true,"href":"https:\/\/www.ariens.eu\/se\/wp-json\/wp\/v2\/media\/4664"}],"wp:attachment":[{"href":"https:\/\/www.ariens.eu\/se\/wp-json\/wp\/v2\/media?parent=2319"}],"wp:term":[{"taxonomy":"product_brand","embeddable":true,"href":"https:\/\/www.ariens.eu\/se\/wp-json\/wp\/v2\/product_brand?post=2319"},{"taxonomy":"product_cat","embeddable":true,"href":"https:\/\/www.ariens.eu\/se\/wp-json\/wp\/v2\/product_cat?post=2319"},{"taxonomy":"product_tag","embeddable":true,"href":"https:\/\/www.ariens.eu\/se\/wp-json\/wp\/v2\/product_tag?post=2319"}],"curies":[{"name":"wp","href":"https:\/\/api.w.org\/{rel}","templated":true}]}}