{"id":2321,"date":"2024-05-10T11:04:36","date_gmt":"2024-05-10T10:04:36","guid":{"rendered":"https:\/\/www.ariens.eu\/product\/salt-spreader-113-cm\/"},"modified":"2026-01-06T12:25:17","modified_gmt":"2026-01-06T12:25:17","slug":"ariens-saltspridare-for-mammoth-850-serien","status":"publish","type":"product","link":"https:\/\/www.ariens.eu\/se\/product\/ariens-snoslungor-efi-rapidtrak\/tillbehor-soslungor\/ariens-saltspridare-for-mammoth-850-serien","title":{"rendered":"SALT\/SAND SPRIDARE 113 cm"},"content":{"rendered":"<div class=\"acfd-block acfd-block__twocolumns mb-asm-1 container-fluid px-0 bg-default\">\n<div class=\"acfd-twocolumns\">\n<div class=\"row\">\n<div class='col-lg-9 mb-4 '>\n<div class=\"acfd-block acfd-block__headline mb-asm-1 container-fluid px-0 bg-default\">\n<div class=\"acfd-headline\" >\n<h2 class='h2 text-left li_black'>Maximal trafiks\u00e4kerhet genom effektiv saltspridning<\/h2>\n<\/p><\/div>\n<\/div>\n<div class=\"acfd-block acfd-block__text container-fluid px-0 bg-default\">\n<div class=\"acfd-text li_black\">\n<p>Effektiv vinterv\u00e4gh\u00e5llning med denna saltspridare \u2013 en bakmonterad fallspridare i premiumklass. Utvecklad f\u00f6r b\u00e5de saltning och sandning och utrustad med en klassledande kapacitet p\u00e5 2,0 kubikfot, vilket g\u00f6r att du t\u00e4cker st\u00f6rre ytor med f\u00e4rre p\u00e5fyllningar.<\/p>\n<p>Den praktiska kontrollpanelen, monterad p\u00e5 instrumentpanelen, ger f\u00f6raren snabb och enkel \u00e5tkomst till alla reglage och bidrar till h\u00f6g effektivitet och smidig hantering. Saltspridaren m\u00e4ter 63,9 tum i l\u00e4ngd, 44,8 tum i bredd och 30,2 tum i h\u00f6jd, vilket g\u00f6r den v\u00e4l anpassad f\u00f6r m\u00e5nga olika anv\u00e4ndningsomr\u00e5den. Den har en monterad vikt p\u00e5 191,2 lbs och klarar en maximal lastvikt p\u00e5 upp till 350 lbs. Med en spridningsbredd som kan justeras mellan 30 och 36 tum erbjuder den flexibel applicering efter behov.<\/p>\n<p>Saltspridaren \u00e4r idealisk f\u00f6r b\u00e5de professionell och privat anv\u00e4ndning och \u00e4r en p\u00e5litlig l\u00f6sning f\u00f6r effektiv halkbek\u00e4mpning p\u00e5 v\u00e4gar, uppfarter och g\u00e5ngytor under vinterf\u00f6rh\u00e5llanden.<\/p>\n<\/div>\n<\/div><\/div>\n<div class='col-lg'>                    <\/div>\n<\/p><\/div>\n<\/div>\n<\/div>\n","protected":false},"excerpt":{"rendered":"<p>Maximal trafiks\u00e4kerhet genom effektiv saltspridning Effektiv vinterv\u00e4gh\u00e5llning med denna saltspridare \u2013 en bakmonterad fallspridare i premiumklass. Utvecklad f\u00f6r b\u00e5de saltning och sandning och utrustad med en klassledande kapacitet p\u00e5 2,0 kubikfot, vilket g\u00f6r att du t\u00e4cker st\u00f6rre ytor med f\u00e4rre p\u00e5fyllningar. Den praktiska kontrollpanelen, monterad p\u00e5 instrumentpanelen, ger f\u00f6raren snabb och enkel \u00e5tkomst till alla [&hellip;]<\/p>\n","protected":false},"featured_media":4671,"comment_status":"open","ping_status":"closed","template":"","meta":{"_acf_changed":false,"_relevanssi_hide_post":"","_relevanssi_hide_content":"","_relevanssi_pin_for_all":"","_relevanssi_pin_keywords":"","_relevanssi_unpin_keywords":"","_relevanssi_related_keywords":"","_relevanssi_related_include_ids":"","_relevanssi_related_exclude_ids":"","_relevanssi_related_no_append":"","_relevanssi_related_not_related":"","_relevanssi_related_posts":"","_relevanssi_noindex_reason":""},"product_brand":[],"product_cat":[15],"product_tag":[],"class_list":{"0":"post-2321","1":"product","2":"type-product","3":"status-publish","4":"has-post-thumbnail","6":"product_variant-tillbehor-soslungor","7":"product_usage_areas-vinter-service","9":"first","10":"instock","11":"shipping-taxable","12":"product-type-simple"},"acf":[],"yoast_head":"<!-- This site is optimized with the Yoast SEO plugin v27.3 - https:\/\/yoast.com\/product\/yoast-seo-wordpress\/ -->\n<title>Ariens saltspridare MAMMOTH 850<\/title>\n<meta name=\"description\" content=\"Ariens saltspridare f\u00f6r MAMMOTH\u2122 850-serien ger effektiv halkbek\u00e4mpning med justerbar spridningsbredd och h\u00f6g kapacitet f\u00f6r vinterunderh\u00e5ll.\" \/>\n<meta name=\"robots\" content=\"index, follow, max-snippet:-1, max-image-preview:large, max-video-preview:-1\" \/>\n<link rel=\"canonical\" href=\"https:\/\/www.ariens.eu\/se\/product\/ariens-snoslungor-efi-rapidtrak\/tillbehor-soslungor\/ariens-saltspridare-for-mammoth-850-serien\/\" \/>\n<meta property=\"og:locale\" content=\"sv_SE\" \/>\n<meta property=\"og:type\" content=\"article\" \/>\n<meta property=\"og:title\" content=\"Ariens saltspridare MAMMOTH 850\" \/>\n<meta property=\"og:description\" content=\"Ariens saltspridare f\u00f6r MAMMOTH\u2122 850-serien ger effektiv halkbek\u00e4mpning med justerbar spridningsbredd och h\u00f6g kapacitet f\u00f6r vinterunderh\u00e5ll.\" \/>\n<meta property=\"og:url\" content=\"https:\/\/www.ariens.eu\/se\/product\/ariens-snoslungor-efi-rapidtrak\/tillbehor-soslungor\/ariens-saltspridare-for-mammoth-850-serien\/\" \/>\n<meta property=\"og:site_name\" content=\"Ariens | EMEAA\" \/>\n<meta property=\"article:modified_time\" content=\"2026-01-06T12:25:17+00:00\" \/>\n<meta property=\"og:image\" content=\"https:\/\/www.ariens.eu\/se\/wp-content\/uploads\/sites\/8\/2024\/06\/951001-Mammoth-Salt_Spreader_BL34-4-2.webp\" \/>\n\t<meta property=\"og:image:width\" content=\"1900\" \/>\n\t<meta property=\"og:image:height\" content=\"1560\" \/>\n\t<meta property=\"og:image:type\" content=\"image\/webp\" \/>\n<meta name=\"twitter:card\" content=\"summary_large_image\" \/>\n<meta name=\"twitter:label1\" content=\"Ber\u00e4knad l\u00e4stid\" \/>\n\t<meta name=\"twitter:data1\" content=\"1 minut\" \/>\n<script type=\"application\/ld+json\" class=\"yoast-schema-graph\">{\"@context\":\"https:\\\/\\\/schema.org\",\"@graph\":[{\"@type\":\"WebPage\",\"@id\":\"https:\\\/\\\/www.ariens.eu\\\/se\\\/product\\\/ariens-snoslungor-efi-rapidtrak\\\/tillbehor-soslungor\\\/ariens-saltspridare-for-mammoth-850-serien\\\/\",\"url\":\"https:\\\/\\\/www.ariens.eu\\\/se\\\/product\\\/ariens-snoslungor-efi-rapidtrak\\\/tillbehor-soslungor\\\/ariens-saltspridare-for-mammoth-850-serien\\\/\",\"name\":\"Ariens saltspridare MAMMOTH 850\",\"isPartOf\":{\"@id\":\"https:\\\/\\\/www.ariens.eu\\\/se\\\/#website\"},\"primaryImageOfPage\":{\"@id\":\"https:\\\/\\\/www.ariens.eu\\\/se\\\/product\\\/ariens-snoslungor-efi-rapidtrak\\\/tillbehor-soslungor\\\/ariens-saltspridare-for-mammoth-850-serien\\\/#primaryimage\"},\"image\":{\"@id\":\"https:\\\/\\\/www.ariens.eu\\\/se\\\/product\\\/ariens-snoslungor-efi-rapidtrak\\\/tillbehor-soslungor\\\/ariens-saltspridare-for-mammoth-850-serien\\\/#primaryimage\"},\"thumbnailUrl\":\"https:\\\/\\\/www.ariens.eu\\\/se\\\/wp-content\\\/uploads\\\/sites\\\/8\\\/2024\\\/06\\\/951001-Mammoth-Salt_Spreader_BL34-4-2.webp\",\"datePublished\":\"2024-05-10T10:04:36+00:00\",\"dateModified\":\"2026-01-06T12:25:17+00:00\",\"description\":\"Ariens saltspridare f\u00f6r MAMMOTH\u2122 850-serien ger effektiv halkbek\u00e4mpning med justerbar spridningsbredd och h\u00f6g kapacitet f\u00f6r vinterunderh\u00e5ll.\",\"breadcrumb\":{\"@id\":\"https:\\\/\\\/www.ariens.eu\\\/se\\\/product\\\/ariens-snoslungor-efi-rapidtrak\\\/tillbehor-soslungor\\\/ariens-saltspridare-for-mammoth-850-serien\\\/#breadcrumb\"},\"inLanguage\":\"sv-SE\",\"potentialAction\":[{\"@type\":\"ReadAction\",\"target\":[\"https:\\\/\\\/www.ariens.eu\\\/se\\\/product\\\/ariens-snoslungor-efi-rapidtrak\\\/tillbehor-soslungor\\\/ariens-saltspridare-for-mammoth-850-serien\\\/\"]}]},{\"@type\":\"ImageObject\",\"inLanguage\":\"sv-SE\",\"@id\":\"https:\\\/\\\/www.ariens.eu\\\/se\\\/product\\\/ariens-snoslungor-efi-rapidtrak\\\/tillbehor-soslungor\\\/ariens-saltspridare-for-mammoth-850-serien\\\/#primaryimage\",\"url\":\"https:\\\/\\\/www.ariens.eu\\\/se\\\/wp-content\\\/uploads\\\/sites\\\/8\\\/2024\\\/06\\\/951001-Mammoth-Salt_Spreader_BL34-4-2.webp\",\"contentUrl\":\"https:\\\/\\\/www.ariens.eu\\\/se\\\/wp-content\\\/uploads\\\/sites\\\/8\\\/2024\\\/06\\\/951001-Mammoth-Salt_Spreader_BL34-4-2.webp\",\"width\":1900,\"height\":1560},{\"@type\":\"BreadcrumbList\",\"@id\":\"https:\\\/\\\/www.ariens.eu\\\/se\\\/product\\\/ariens-snoslungor-efi-rapidtrak\\\/tillbehor-soslungor\\\/ariens-saltspridare-for-mammoth-850-serien\\\/#breadcrumb\",\"itemListElement\":[{\"@type\":\"ListItem\",\"position\":1,\"name\":\"Home\",\"item\":\"https:\\\/\\\/www.ariens.eu\\\/se\\\/\"},{\"@type\":\"ListItem\",\"position\":2,\"name\":\"Shop\",\"item\":\"https:\\\/\\\/www.ariens.eu\\\/se\\\/shop\\\/\"},{\"@type\":\"ListItem\",\"position\":3,\"name\":\"SALT\\\/SAND SPRIDARE 113 cm\"}]},{\"@type\":\"WebSite\",\"@id\":\"https:\\\/\\\/www.ariens.eu\\\/se\\\/#website\",\"url\":\"https:\\\/\\\/www.ariens.eu\\\/se\\\/\",\"name\":\"Ariens | EMEAA\",\"description\":\"Powerful and reliable zero-turn mowers &amp; snow blowers for professional users and demanding private customers\",\"potentialAction\":[{\"@type\":\"SearchAction\",\"target\":{\"@type\":\"EntryPoint\",\"urlTemplate\":\"https:\\\/\\\/www.ariens.eu\\\/se\\\/?s={search_term_string}\"},\"query-input\":{\"@type\":\"PropertyValueSpecification\",\"valueRequired\":true,\"valueName\":\"search_term_string\"}}],\"inLanguage\":\"sv-SE\"}]}<\/script>\n<!-- \/ Yoast SEO plugin. -->","yoast_head_json":{"title":"Ariens saltspridare MAMMOTH 850","description":"Ariens saltspridare f\u00f6r MAMMOTH\u2122 850-serien ger effektiv halkbek\u00e4mpning med justerbar spridningsbredd och h\u00f6g kapacitet f\u00f6r vinterunderh\u00e5ll.","robots":{"index":"index","follow":"follow","max-snippet":"max-snippet:-1","max-image-preview":"max-image-preview:large","max-video-preview":"max-video-preview:-1"},"canonical":"https:\/\/www.ariens.eu\/se\/product\/ariens-snoslungor-efi-rapidtrak\/tillbehor-soslungor\/ariens-saltspridare-for-mammoth-850-serien\/","og_locale":"sv_SE","og_type":"article","og_title":"Ariens saltspridare MAMMOTH 850","og_description":"Ariens saltspridare f\u00f6r MAMMOTH\u2122 850-serien ger effektiv halkbek\u00e4mpning med justerbar spridningsbredd och h\u00f6g kapacitet f\u00f6r vinterunderh\u00e5ll.","og_url":"https:\/\/www.ariens.eu\/se\/product\/ariens-snoslungor-efi-rapidtrak\/tillbehor-soslungor\/ariens-saltspridare-for-mammoth-850-serien\/","og_site_name":"Ariens | EMEAA","article_modified_time":"2026-01-06T12:25:17+00:00","og_image":[{"width":1900,"height":1560,"url":"https:\/\/www.ariens.eu\/se\/wp-content\/uploads\/sites\/8\/2024\/06\/951001-Mammoth-Salt_Spreader_BL34-4-2.webp","type":"image\/webp"}],"twitter_card":"summary_large_image","twitter_misc":{"Ber\u00e4knad l\u00e4stid":"1 minut"},"schema":{"@context":"https:\/\/schema.org","@graph":[{"@type":"WebPage","@id":"https:\/\/www.ariens.eu\/se\/product\/ariens-snoslungor-efi-rapidtrak\/tillbehor-soslungor\/ariens-saltspridare-for-mammoth-850-serien\/","url":"https:\/\/www.ariens.eu\/se\/product\/ariens-snoslungor-efi-rapidtrak\/tillbehor-soslungor\/ariens-saltspridare-for-mammoth-850-serien\/","name":"Ariens saltspridare MAMMOTH 850","isPartOf":{"@id":"https:\/\/www.ariens.eu\/se\/#website"},"primaryImageOfPage":{"@id":"https:\/\/www.ariens.eu\/se\/product\/ariens-snoslungor-efi-rapidtrak\/tillbehor-soslungor\/ariens-saltspridare-for-mammoth-850-serien\/#primaryimage"},"image":{"@id":"https:\/\/www.ariens.eu\/se\/product\/ariens-snoslungor-efi-rapidtrak\/tillbehor-soslungor\/ariens-saltspridare-for-mammoth-850-serien\/#primaryimage"},"thumbnailUrl":"https:\/\/www.ariens.eu\/se\/wp-content\/uploads\/sites\/8\/2024\/06\/951001-Mammoth-Salt_Spreader_BL34-4-2.webp","datePublished":"2024-05-10T10:04:36+00:00","dateModified":"2026-01-06T12:25:17+00:00","description":"Ariens saltspridare f\u00f6r MAMMOTH\u2122 850-serien ger effektiv halkbek\u00e4mpning med justerbar spridningsbredd och h\u00f6g kapacitet f\u00f6r vinterunderh\u00e5ll.","breadcrumb":{"@id":"https:\/\/www.ariens.eu\/se\/product\/ariens-snoslungor-efi-rapidtrak\/tillbehor-soslungor\/ariens-saltspridare-for-mammoth-850-serien\/#breadcrumb"},"inLanguage":"sv-SE","potentialAction":[{"@type":"ReadAction","target":["https:\/\/www.ariens.eu\/se\/product\/ariens-snoslungor-efi-rapidtrak\/tillbehor-soslungor\/ariens-saltspridare-for-mammoth-850-serien\/"]}]},{"@type":"ImageObject","inLanguage":"sv-SE","@id":"https:\/\/www.ariens.eu\/se\/product\/ariens-snoslungor-efi-rapidtrak\/tillbehor-soslungor\/ariens-saltspridare-for-mammoth-850-serien\/#primaryimage","url":"https:\/\/www.ariens.eu\/se\/wp-content\/uploads\/sites\/8\/2024\/06\/951001-Mammoth-Salt_Spreader_BL34-4-2.webp","contentUrl":"https:\/\/www.ariens.eu\/se\/wp-content\/uploads\/sites\/8\/2024\/06\/951001-Mammoth-Salt_Spreader_BL34-4-2.webp","width":1900,"height":1560},{"@type":"BreadcrumbList","@id":"https:\/\/www.ariens.eu\/se\/product\/ariens-snoslungor-efi-rapidtrak\/tillbehor-soslungor\/ariens-saltspridare-for-mammoth-850-serien\/#breadcrumb","itemListElement":[{"@type":"ListItem","position":1,"name":"Home","item":"https:\/\/www.ariens.eu\/se\/"},{"@type":"ListItem","position":2,"name":"Shop","item":"https:\/\/www.ariens.eu\/se\/shop\/"},{"@type":"ListItem","position":3,"name":"SALT\/SAND SPRIDARE 113 cm"}]},{"@type":"WebSite","@id":"https:\/\/www.ariens.eu\/se\/#website","url":"https:\/\/www.ariens.eu\/se\/","name":"Ariens | EMEAA","description":"Powerful and reliable zero-turn mowers &amp; snow blowers for professional users and demanding private customers","potentialAction":[{"@type":"SearchAction","target":{"@type":"EntryPoint","urlTemplate":"https:\/\/www.ariens.eu\/se\/?s={search_term_string}"},"query-input":{"@type":"PropertyValueSpecification","valueRequired":true,"valueName":"search_term_string"}}],"inLanguage":"sv-SE"}]}},"_links":{"self":[{"href":"https:\/\/www.ariens.eu\/se\/wp-json\/wp\/v2\/product\/2321","targetHints":{"allow":["GET"]}}],"collection":[{"href":"https:\/\/www.ariens.eu\/se\/wp-json\/wp\/v2\/product"}],"about":[{"href":"https:\/\/www.ariens.eu\/se\/wp-json\/wp\/v2\/types\/product"}],"replies":[{"embeddable":true,"href":"https:\/\/www.ariens.eu\/se\/wp-json\/wp\/v2\/comments?post=2321"}],"wp:featuredmedia":[{"embeddable":true,"href":"https:\/\/www.ariens.eu\/se\/wp-json\/wp\/v2\/media\/4671"}],"wp:attachment":[{"href":"https:\/\/www.ariens.eu\/se\/wp-json\/wp\/v2\/media?parent=2321"}],"wp:term":[{"taxonomy":"product_brand","embeddable":true,"href":"https:\/\/www.ariens.eu\/se\/wp-json\/wp\/v2\/product_brand?post=2321"},{"taxonomy":"product_cat","embeddable":true,"href":"https:\/\/www.ariens.eu\/se\/wp-json\/wp\/v2\/product_cat?post=2321"},{"taxonomy":"product_tag","embeddable":true,"href":"https:\/\/www.ariens.eu\/se\/wp-json\/wp\/v2\/product_tag?post=2321"}],"curies":[{"name":"wp","href":"https:\/\/api.w.org\/{rel}","templated":true}]}}