{"id":2322,"date":"2024-05-10T11:04:36","date_gmt":"2024-05-10T10:04:36","guid":{"rendered":"https:\/\/www.ariens.eu\/product\/brine-sprayer-69-119-cm\/"},"modified":"2026-01-06T09:58:25","modified_gmt":"2026-01-06T09:58:25","slug":"brine-sprayer-69-119-cm","status":"publish","type":"product","link":"https:\/\/www.ariens.eu\/se\/product\/ariens-snoslungor-efi-rapidtrak\/tillbehor-soslungor\/brine-sprayer-69-119-cm","title":{"rendered":"SALTLAKESPRIDARE 69 &#8211; 119 cm"},"content":{"rendered":"<div class=\"acfd-block acfd-block__twocolumns mb-asm-1 container-fluid px-0 bg-default\">\n<div class=\"acfd-twocolumns\">\n<div class=\"row\">\n<div class='col-lg-9 mb-4 '>\n<div class=\"acfd-block acfd-block__headline mb-asm-1 container-fluid px-0 bg-default\">\n<div class=\"acfd-headline\" >\n<h2 class='h2 text-left li_black'>Variabel arbetsbredd. Tillf\u00f6rlitlig avisning.<\/h2>\n<\/p><\/div>\n<\/div>\n<div class=\"acfd-block acfd-block__text container-fluid px-0 bg-default\">\n<div class=\"acfd-text li_black\">\n<p>Saltlakespridare f\u00f6r MAMMOTH\u2122 850-serien \u00e4r en komplett l\u00f6sning f\u00f6r effektiv isbek\u00e4mpning. Denna saltlakespridare \u00e4r utrustad med fem sprutmunstycken, en handh\u00e5llen sprutlanse och en 20-gallons tank f\u00f6r saltlake, vilket s\u00e4kerst\u00e4ller effektiv halkbek\u00e4mpning under alla f\u00f6rh\u00e5llanden.<\/p>\n<p>Det kompletta kitet inneh\u00e5ller alla n\u00f6dv\u00e4ndiga slangar, pumpar och munstycken f\u00f6r en smidig installation. Med en minsta arbetsbredd p\u00e5 27 tum (68,58 cm) och en maximal bredd p\u00e5 47 tum (119,38 cm) erbjuder spridaren flexibel applicering. Saltlakespridaren har en sprutkapacitet p\u00e5 1,15 gpm vid 15 psi och 2,03 gpm vid 40 psi, i kombination med fl\u00f6desreglering f\u00f6r exakt dosering. Den handh\u00e5llna sprutlansern m\u00f6jligg\u00f6r riktad applicering d\u00e4r det beh\u00f6vs som mest.<\/p>\n<p>Saltlakespridaren \u00e4r l\u00e4mpad f\u00f6r b\u00e5de professionell och privat anv\u00e4ndning och \u00e4r ett effektivt verktyg f\u00f6r f\u00f6rebyggande och aktiv isbek\u00e4mpning.<\/p>\n<\/div>\n<\/div><\/div>\n<div class='col-lg'>                    <\/div>\n<\/p><\/div>\n<\/div>\n<\/div>\n","protected":false},"excerpt":{"rendered":"<p>Variabel arbetsbredd. Tillf\u00f6rlitlig avisning. Saltlakespridare f\u00f6r MAMMOTH\u2122 850-serien \u00e4r en komplett l\u00f6sning f\u00f6r effektiv isbek\u00e4mpning. Denna saltlakespridare \u00e4r utrustad med fem sprutmunstycken, en handh\u00e5llen sprutlanse och en 20-gallons tank f\u00f6r saltlake, vilket s\u00e4kerst\u00e4ller effektiv halkbek\u00e4mpning under alla f\u00f6rh\u00e5llanden. Det kompletta kitet inneh\u00e5ller alla n\u00f6dv\u00e4ndiga slangar, pumpar och munstycken f\u00f6r en smidig installation. Med en minsta [&hellip;]<\/p>\n","protected":false},"featured_media":4672,"comment_status":"open","ping_status":"closed","template":"","meta":{"_acf_changed":false,"_relevanssi_hide_post":"","_relevanssi_hide_content":"","_relevanssi_pin_for_all":"","_relevanssi_pin_keywords":"","_relevanssi_unpin_keywords":"","_relevanssi_related_keywords":"","_relevanssi_related_include_ids":"","_relevanssi_related_exclude_ids":"","_relevanssi_related_no_append":"","_relevanssi_related_not_related":"","_relevanssi_related_posts":"","_relevanssi_noindex_reason":""},"product_brand":[],"product_cat":[15],"product_tag":[],"class_list":{"0":"post-2322","1":"product","2":"type-product","3":"status-publish","4":"has-post-thumbnail","6":"product_variant-tillbehor-soslungor","7":"product_usage_areas-vinter-service","9":"first","10":"instock","11":"shipping-taxable","12":"product-type-simple"},"acf":[],"yoast_head":"<!-- This site is optimized with the Yoast SEO plugin v27.3 - https:\/\/yoast.com\/product\/yoast-seo-wordpress\/ -->\n<title>Ariens saltlakespridare f\u00f6r MAMMOTH\u2122 850-serien<\/title>\n<meta name=\"description\" content=\"Ariens saltlakespridare f\u00f6r MAMMOTH\u2122 850-serien med fem sprutmunstycken, 20-gallons tank och sprutlanse ger effektiv och exakt halkbek\u00e4mpning.\" \/>\n<meta name=\"robots\" content=\"index, follow, max-snippet:-1, max-image-preview:large, max-video-preview:-1\" \/>\n<link rel=\"canonical\" href=\"https:\/\/www.ariens.eu\/se\/product\/ariens-snoslungor-efi-rapidtrak\/tillbehor-soslungor\/brine-sprayer-69-119-cm\/\" \/>\n<meta property=\"og:locale\" content=\"sv_SE\" \/>\n<meta property=\"og:type\" content=\"article\" \/>\n<meta property=\"og:title\" content=\"Ariens saltlakespridare f\u00f6r MAMMOTH\u2122 850-serien\" \/>\n<meta property=\"og:description\" content=\"Ariens saltlakespridare f\u00f6r MAMMOTH\u2122 850-serien med fem sprutmunstycken, 20-gallons tank och sprutlanse ger effektiv och exakt halkbek\u00e4mpning.\" \/>\n<meta property=\"og:url\" content=\"https:\/\/www.ariens.eu\/se\/product\/ariens-snoslungor-efi-rapidtrak\/tillbehor-soslungor\/brine-sprayer-69-119-cm\/\" \/>\n<meta property=\"og:site_name\" content=\"Ariens | EMEAA\" \/>\n<meta property=\"article:modified_time\" content=\"2026-01-06T09:58:25+00:00\" \/>\n<meta property=\"og:image\" content=\"https:\/\/www.ariens.eu\/se\/wp-content\/uploads\/sites\/8\/2024\/06\/mammoth-brine.webp\" \/>\n\t<meta property=\"og:image:width\" content=\"475\" \/>\n\t<meta property=\"og:image:height\" content=\"475\" \/>\n\t<meta property=\"og:image:type\" content=\"image\/webp\" \/>\n<meta name=\"twitter:card\" content=\"summary_large_image\" \/>\n<meta name=\"twitter:label1\" content=\"Ber\u00e4knad l\u00e4stid\" \/>\n\t<meta name=\"twitter:data1\" content=\"1 minut\" \/>\n<script type=\"application\/ld+json\" class=\"yoast-schema-graph\">{\"@context\":\"https:\\\/\\\/schema.org\",\"@graph\":[{\"@type\":\"WebPage\",\"@id\":\"https:\\\/\\\/www.ariens.eu\\\/se\\\/product\\\/ariens-snoslungor-efi-rapidtrak\\\/tillbehor-soslungor\\\/brine-sprayer-69-119-cm\\\/\",\"url\":\"https:\\\/\\\/www.ariens.eu\\\/se\\\/product\\\/ariens-snoslungor-efi-rapidtrak\\\/tillbehor-soslungor\\\/brine-sprayer-69-119-cm\\\/\",\"name\":\"Ariens saltlakespridare f\u00f6r MAMMOTH\u2122 850-serien\",\"isPartOf\":{\"@id\":\"https:\\\/\\\/www.ariens.eu\\\/se\\\/#website\"},\"primaryImageOfPage\":{\"@id\":\"https:\\\/\\\/www.ariens.eu\\\/se\\\/product\\\/ariens-snoslungor-efi-rapidtrak\\\/tillbehor-soslungor\\\/brine-sprayer-69-119-cm\\\/#primaryimage\"},\"image\":{\"@id\":\"https:\\\/\\\/www.ariens.eu\\\/se\\\/product\\\/ariens-snoslungor-efi-rapidtrak\\\/tillbehor-soslungor\\\/brine-sprayer-69-119-cm\\\/#primaryimage\"},\"thumbnailUrl\":\"https:\\\/\\\/www.ariens.eu\\\/se\\\/wp-content\\\/uploads\\\/sites\\\/8\\\/2024\\\/06\\\/mammoth-brine.webp\",\"datePublished\":\"2024-05-10T10:04:36+00:00\",\"dateModified\":\"2026-01-06T09:58:25+00:00\",\"description\":\"Ariens saltlakespridare f\u00f6r MAMMOTH\u2122 850-serien med fem sprutmunstycken, 20-gallons tank och sprutlanse ger effektiv och exakt halkbek\u00e4mpning.\",\"breadcrumb\":{\"@id\":\"https:\\\/\\\/www.ariens.eu\\\/se\\\/product\\\/ariens-snoslungor-efi-rapidtrak\\\/tillbehor-soslungor\\\/brine-sprayer-69-119-cm\\\/#breadcrumb\"},\"inLanguage\":\"sv-SE\",\"potentialAction\":[{\"@type\":\"ReadAction\",\"target\":[\"https:\\\/\\\/www.ariens.eu\\\/se\\\/product\\\/ariens-snoslungor-efi-rapidtrak\\\/tillbehor-soslungor\\\/brine-sprayer-69-119-cm\\\/\"]}]},{\"@type\":\"ImageObject\",\"inLanguage\":\"sv-SE\",\"@id\":\"https:\\\/\\\/www.ariens.eu\\\/se\\\/product\\\/ariens-snoslungor-efi-rapidtrak\\\/tillbehor-soslungor\\\/brine-sprayer-69-119-cm\\\/#primaryimage\",\"url\":\"https:\\\/\\\/www.ariens.eu\\\/se\\\/wp-content\\\/uploads\\\/sites\\\/8\\\/2024\\\/06\\\/mammoth-brine.webp\",\"contentUrl\":\"https:\\\/\\\/www.ariens.eu\\\/se\\\/wp-content\\\/uploads\\\/sites\\\/8\\\/2024\\\/06\\\/mammoth-brine.webp\",\"width\":475,\"height\":475},{\"@type\":\"BreadcrumbList\",\"@id\":\"https:\\\/\\\/www.ariens.eu\\\/se\\\/product\\\/ariens-snoslungor-efi-rapidtrak\\\/tillbehor-soslungor\\\/brine-sprayer-69-119-cm\\\/#breadcrumb\",\"itemListElement\":[{\"@type\":\"ListItem\",\"position\":1,\"name\":\"Home\",\"item\":\"https:\\\/\\\/www.ariens.eu\\\/se\\\/\"},{\"@type\":\"ListItem\",\"position\":2,\"name\":\"Shop\",\"item\":\"https:\\\/\\\/www.ariens.eu\\\/se\\\/shop\\\/\"},{\"@type\":\"ListItem\",\"position\":3,\"name\":\"SALTLAKESPRIDARE 69 &#8211; 119 cm\"}]},{\"@type\":\"WebSite\",\"@id\":\"https:\\\/\\\/www.ariens.eu\\\/se\\\/#website\",\"url\":\"https:\\\/\\\/www.ariens.eu\\\/se\\\/\",\"name\":\"Ariens | EMEAA\",\"description\":\"Powerful and reliable zero-turn mowers &amp; snow blowers for professional users and demanding private customers\",\"potentialAction\":[{\"@type\":\"SearchAction\",\"target\":{\"@type\":\"EntryPoint\",\"urlTemplate\":\"https:\\\/\\\/www.ariens.eu\\\/se\\\/?s={search_term_string}\"},\"query-input\":{\"@type\":\"PropertyValueSpecification\",\"valueRequired\":true,\"valueName\":\"search_term_string\"}}],\"inLanguage\":\"sv-SE\"}]}<\/script>\n<!-- \/ Yoast SEO plugin. -->","yoast_head_json":{"title":"Ariens saltlakespridare f\u00f6r MAMMOTH\u2122 850-serien","description":"Ariens saltlakespridare f\u00f6r MAMMOTH\u2122 850-serien med fem sprutmunstycken, 20-gallons tank och sprutlanse ger effektiv och exakt halkbek\u00e4mpning.","robots":{"index":"index","follow":"follow","max-snippet":"max-snippet:-1","max-image-preview":"max-image-preview:large","max-video-preview":"max-video-preview:-1"},"canonical":"https:\/\/www.ariens.eu\/se\/product\/ariens-snoslungor-efi-rapidtrak\/tillbehor-soslungor\/brine-sprayer-69-119-cm\/","og_locale":"sv_SE","og_type":"article","og_title":"Ariens saltlakespridare f\u00f6r MAMMOTH\u2122 850-serien","og_description":"Ariens saltlakespridare f\u00f6r MAMMOTH\u2122 850-serien med fem sprutmunstycken, 20-gallons tank och sprutlanse ger effektiv och exakt halkbek\u00e4mpning.","og_url":"https:\/\/www.ariens.eu\/se\/product\/ariens-snoslungor-efi-rapidtrak\/tillbehor-soslungor\/brine-sprayer-69-119-cm\/","og_site_name":"Ariens | EMEAA","article_modified_time":"2026-01-06T09:58:25+00:00","og_image":[{"width":475,"height":475,"url":"https:\/\/www.ariens.eu\/se\/wp-content\/uploads\/sites\/8\/2024\/06\/mammoth-brine.webp","type":"image\/webp"}],"twitter_card":"summary_large_image","twitter_misc":{"Ber\u00e4knad l\u00e4stid":"1 minut"},"schema":{"@context":"https:\/\/schema.org","@graph":[{"@type":"WebPage","@id":"https:\/\/www.ariens.eu\/se\/product\/ariens-snoslungor-efi-rapidtrak\/tillbehor-soslungor\/brine-sprayer-69-119-cm\/","url":"https:\/\/www.ariens.eu\/se\/product\/ariens-snoslungor-efi-rapidtrak\/tillbehor-soslungor\/brine-sprayer-69-119-cm\/","name":"Ariens saltlakespridare f\u00f6r MAMMOTH\u2122 850-serien","isPartOf":{"@id":"https:\/\/www.ariens.eu\/se\/#website"},"primaryImageOfPage":{"@id":"https:\/\/www.ariens.eu\/se\/product\/ariens-snoslungor-efi-rapidtrak\/tillbehor-soslungor\/brine-sprayer-69-119-cm\/#primaryimage"},"image":{"@id":"https:\/\/www.ariens.eu\/se\/product\/ariens-snoslungor-efi-rapidtrak\/tillbehor-soslungor\/brine-sprayer-69-119-cm\/#primaryimage"},"thumbnailUrl":"https:\/\/www.ariens.eu\/se\/wp-content\/uploads\/sites\/8\/2024\/06\/mammoth-brine.webp","datePublished":"2024-05-10T10:04:36+00:00","dateModified":"2026-01-06T09:58:25+00:00","description":"Ariens saltlakespridare f\u00f6r MAMMOTH\u2122 850-serien med fem sprutmunstycken, 20-gallons tank och sprutlanse ger effektiv och exakt halkbek\u00e4mpning.","breadcrumb":{"@id":"https:\/\/www.ariens.eu\/se\/product\/ariens-snoslungor-efi-rapidtrak\/tillbehor-soslungor\/brine-sprayer-69-119-cm\/#breadcrumb"},"inLanguage":"sv-SE","potentialAction":[{"@type":"ReadAction","target":["https:\/\/www.ariens.eu\/se\/product\/ariens-snoslungor-efi-rapidtrak\/tillbehor-soslungor\/brine-sprayer-69-119-cm\/"]}]},{"@type":"ImageObject","inLanguage":"sv-SE","@id":"https:\/\/www.ariens.eu\/se\/product\/ariens-snoslungor-efi-rapidtrak\/tillbehor-soslungor\/brine-sprayer-69-119-cm\/#primaryimage","url":"https:\/\/www.ariens.eu\/se\/wp-content\/uploads\/sites\/8\/2024\/06\/mammoth-brine.webp","contentUrl":"https:\/\/www.ariens.eu\/se\/wp-content\/uploads\/sites\/8\/2024\/06\/mammoth-brine.webp","width":475,"height":475},{"@type":"BreadcrumbList","@id":"https:\/\/www.ariens.eu\/se\/product\/ariens-snoslungor-efi-rapidtrak\/tillbehor-soslungor\/brine-sprayer-69-119-cm\/#breadcrumb","itemListElement":[{"@type":"ListItem","position":1,"name":"Home","item":"https:\/\/www.ariens.eu\/se\/"},{"@type":"ListItem","position":2,"name":"Shop","item":"https:\/\/www.ariens.eu\/se\/shop\/"},{"@type":"ListItem","position":3,"name":"SALTLAKESPRIDARE 69 &#8211; 119 cm"}]},{"@type":"WebSite","@id":"https:\/\/www.ariens.eu\/se\/#website","url":"https:\/\/www.ariens.eu\/se\/","name":"Ariens | EMEAA","description":"Powerful and reliable zero-turn mowers &amp; snow blowers for professional users and demanding private customers","potentialAction":[{"@type":"SearchAction","target":{"@type":"EntryPoint","urlTemplate":"https:\/\/www.ariens.eu\/se\/?s={search_term_string}"},"query-input":{"@type":"PropertyValueSpecification","valueRequired":true,"valueName":"search_term_string"}}],"inLanguage":"sv-SE"}]}},"_links":{"self":[{"href":"https:\/\/www.ariens.eu\/se\/wp-json\/wp\/v2\/product\/2322","targetHints":{"allow":["GET"]}}],"collection":[{"href":"https:\/\/www.ariens.eu\/se\/wp-json\/wp\/v2\/product"}],"about":[{"href":"https:\/\/www.ariens.eu\/se\/wp-json\/wp\/v2\/types\/product"}],"replies":[{"embeddable":true,"href":"https:\/\/www.ariens.eu\/se\/wp-json\/wp\/v2\/comments?post=2322"}],"wp:featuredmedia":[{"embeddable":true,"href":"https:\/\/www.ariens.eu\/se\/wp-json\/wp\/v2\/media\/4672"}],"wp:attachment":[{"href":"https:\/\/www.ariens.eu\/se\/wp-json\/wp\/v2\/media?parent=2322"}],"wp:term":[{"taxonomy":"product_brand","embeddable":true,"href":"https:\/\/www.ariens.eu\/se\/wp-json\/wp\/v2\/product_brand?post=2322"},{"taxonomy":"product_cat","embeddable":true,"href":"https:\/\/www.ariens.eu\/se\/wp-json\/wp\/v2\/product_cat?post=2322"},{"taxonomy":"product_tag","embeddable":true,"href":"https:\/\/www.ariens.eu\/se\/wp-json\/wp\/v2\/product_tag?post=2322"}],"curies":[{"name":"wp","href":"https:\/\/api.w.org\/{rel}","templated":true}]}}