{"id":2336,"date":"2024-05-10T11:04:36","date_gmt":"2024-05-10T10:04:36","guid":{"rendered":"https:\/\/www.ariens.eu\/product\/zenith-60r\/"},"modified":"2026-02-25T10:41:31","modified_gmt":"2026-02-25T10:41:31","slug":"zenith-60r","status":"publish","type":"product","link":"https:\/\/www.ariens.eu\/se\/product\/zero-turn-mowers\/ariens-zenith-professionell-klippare\/zenith-60r","title":{"rendered":"ZENITH 60R"},"content":{"rendered":"<div class=\"acfd-block acfd-block__twocolumns container-fluid px-0 bg-default\">\n<div class=\"acfd-twocolumns\">\n<div class=\"row\">\n<div class='col-lg-9 mb-4 '>\n<div class=\"acfd-block acfd-block__headline container-fluid px-0 bg-default\">\n<div class=\"acfd-headline\" >\n<h2 class='h2 text-left li_black'>Kraft och bekv\u00e4mlighet f\u00f6r professionella anv\u00e4ndare &#8211; med bakutkast<\/h2>\n<\/p><\/div>\n<\/div><\/div>\n<div class='col-lg'>                    <\/div>\n<\/p><\/div>\n<\/div>\n<\/div>\n<div class=\"acfd-block acfd-block__twocolumns mb-asm-1 container-fluid px-0 bg-default\">\n<div class=\"acfd-twocolumns\">\n<div class=\"row\">\n<div class='col-lg-9 mb-4 '>\n<div class=\"acfd-block acfd-block__text container-fluid px-0 bg-default\">\n<div class=\"acfd-text li_black\">\n<p>All v\u00e5r erfarenhet samlad i en maskin f\u00f6r daglig, professionell anv\u00e4ndning och arbete inom offentlig sektor. Maximal prestanda, h\u00e5llbarhet och komfort \u2013 du kan lita p\u00e5 den varje dag.<\/p>\n<p>Valet f\u00f6r verkliga klippproffs och stora ytor. Bokstaven R i ZENITH 60R st\u00e5r f\u00f6r &#8221;rear-discharge&#8221; \u2013 gr\u00e4set matas ut bak\u00e5t mellan hjulen. F\u00f6rdel: inget klippmaterial p\u00e5 g\u00e5ngar eller i rabatter. Kawasaki FX730V 726 cc V-Twin-motor med dubbelt luftfilter. Fj\u00e4drande framgafflar och justerbar, st\u00f6td\u00e4mpad komfortsits f\u00f6r h\u00f6gsta k\u00f6rkomfort. Professionellt klippd\u00e4ck med 152 cm klippbredd, sidoutkast eller valfri mulch-sats. ROPS-skyddsbygel och professionell garanti som standard.<\/p>\n<ul>\n<li>152 cm (60&#8243;) svetsat bakutkastd\u00e4ck tillverkat av kraftigt 10-gauge-st\u00e5l.<\/li>\n<li>Professionell Kawasaki FX730V V-Twin 726 cc-motor.<\/li>\n<li>Helsvetsad ram av st\u00e5lr\u00f6r med branschledande h\u00e5llbarhet.<\/li>\n<li>Constant Belt Tension (CBT)-system som f\u00f6rl\u00e4nger remmens livsl\u00e4ngd.<\/li>\n<li>ROPS-skyddsbygel som standard f\u00f6r \u00f6kad s\u00e4kerhet.<\/li>\n<li>Fj\u00e4drande framgafflar och fullt fj\u00e4drad sits f\u00f6r j\u00e4mnare k\u00f6rning.<\/li>\n<li>Fotman\u00f6vrerad h\u00f6jdjustering med 15 klippl\u00e4gen.<\/li>\n<li>Tillbeh\u00f6r finns tillg\u00e4ngliga f\u00f6r ut\u00f6kad funktionalitet.<\/li>\n<li>4 \u00e5rs eller 750 timmars garanti ing\u00e5r.<\/li>\n<\/ul>\n<\/div>\n<\/div><\/div>\n<div class='col-lg'>                    <\/div>\n<\/p><\/div>\n<\/div>\n<\/div>\n<div class=\"acfd-block acfd-block__category mb-asm-3 container-fluid px-0 bg-default\">\n<div class=\"acfd-product-categories\">\n<h2 class=\"text-left mb-3\">\n        Eins\u00e4tze    <\/h2>\n<div class=\"product-categories_wrapper\">\n         <span\n                data-description=\"Do you mow for many hours or even days or weeks at a time? Do you use your machine commercially and earn your money with it? Then you need a particularly reliable and comfortable machine with durable components.\"                class=\"product-category-single\"> PRO                <sup><i class=\"fa fa-info-circle\" aria-hidden=\"true\"><\/i><\/sup>            <\/span>  <span\n                data-description=\"Our mowers are equipped with high-quality Kawasaki<sup>&reg;<\/sup> or Ariens engines. They deliver above-average performance and reliability.\"                class=\"product-category-single\"> Petrol                <sup><i class=\"fa fa-info-circle\" aria-hidden=\"true\"><\/i><\/sup>            <\/span>  <span\n                data-description=\"Ariens ride-on mowers offer a high level of comfort. We use high-quality seats from the entry-level model upwards. Ample legroom and ergonomic controls are standard.\"                class=\"product-category-single\"> Ride-On (sitting)                <sup><i class=\"fa fa-info-circle\" aria-hidden=\"true\"><\/i><\/sup>            <\/span>  <span\n                data-description=\"Med APEX- og ZENITH-modellerne kan du v\u00e6lge mellem pl\u00e6neklippere med sideudkast og bagudkast. En pl\u00e6neklipper med bagudkast er lukket i siden og kaster det afklippede gr\u00e6s bagud. Fordelen er, at der ikke kastes gr\u00e6s p\u00e5 stier eller bede, og at der i mods\u00e6tning til et bioklipss\u00e6t ogs\u00e5 kan klippes h\u00f8jt gr\u00e6s. Pl\u00e6neklippere med bagudkast bruges ofte i den kommunale sektor.\"                class=\"product-category-single\"> Rear discharge                <sup><i class=\"fa fa-info-circle\" aria-hidden=\"true\"><\/i><\/sup>            <\/span>  <span\n                data-description=\"Alle Ariens-pl\u00e6neklippere er velegnede til flade gr\u00e6spl\u00e6ner. V\u00e6lg din klippebredde i henhold til st\u00f8rrelsen p\u00e5 dit omr\u00e5de og eventuelle begr\u00e6nsende smalle omr\u00e5der.\"                class=\"product-category-single\"> Fladt terr\u00e6n                <sup><i class=\"fa fa-info-circle\" aria-hidden=\"true\"><\/i><\/sup>            <\/span>  <span\n                data-description=\"Ariens-pl\u00e6neklippere klarer sig godt p\u00e5 uj\u00e6vnt terr\u00e6n. Til uj\u00e6vnt terr\u00e6n skal du v\u00e6lge smallere klippeaggregater for at opn\u00e5 et mere ensartet klippem\u00f8nster.\"                class=\"product-category-single\"> Uj\u00e6vnt terr\u00e6n                <sup><i class=\"fa fa-info-circle\" aria-hidden=\"true\"><\/i><\/sup>            <\/span>  <span\n                data-description=\"Det anbefales \u00e5 velge en maskin med brede hjul. Ikke overskrid den angitte sikkerhetsgrensen p\u00e5 15\u00b0 helling for sitteklippere og 20\u00b0 for st\u00e5ende klippere. P\u00e5 ujevnt terreng b\u00f8r du velge et smalere klippeaggregat for et mer jevnt klipperesultat. ZENITH-modellen leveres med veltesikring (ROPS) som standard, og dette kan ettermonteres p\u00e5 APEX.\"                class=\"product-category-single\"> Kupert terreng                <sup><i class=\"fa fa-info-circle\" aria-hidden=\"true\"><\/i><\/sup>            <\/span>     <\/div>\n<\/div>\n<\/div>\n<div class=\"acfd-block acfd-block__twocolumns container-fluid px-0 bg-default\">\n<div class=\"acfd-twocolumns\">\n<div class=\"row\">\n<div class='col-lg-12 mb-4 '>\n<div class=\"acfd-product-advantages--wrapper\">\n<h2 class=\"h1 bigger text-color-black text-center mb-5\">\n        Merkmale &#038; Vorteile    <\/h2>\n<div class=\"acfd-product-advantages\">\n<div class=\"row\">\n<div class=\"col-md-6 mb-4 content\">\n                    <span class=\"d-block h5 text-color-brand mb-1\">Industry-leading frame design<\/span><\/p>\n<p>Large-dimensioned tubular frame and as few weld seams as possible, thanks to automotive bending technology, carry the loads of the machine with unrivalled strength and stability.<\/p>\n<\/p><\/div>\n<div class=\"col-md-6 mb4 image\"  style=\"background-image:url(https:\/\/www.ariens.eu\/se\/wp-content\/uploads\/sites\/8\/2024\/05\/frame.webp)\">\n                <\/div>\n<\/p><\/div>\n<div class=\"row\">\n<div class=\"col-md-6 mb-4 content\">\n                    <span class=\"d-block h5 text-color-brand mb-1\">Professional mowing deck<\/span><\/p>\n<p>ZENITH mower decks are suspended from four fixed points. Once adjusted, they maintain their level position even over uneven ground. A 13 mm steel edge protects the front and sides. The blade spindles are made of cold forged aluminium. These are more vibration resistant than castings and run up to 12\u00b0C cooler than steel spindles. With a depth of 14 cm, the deck allows a strong airflow for optimal cutting. Choose from side- or rear ejection mower decks.<\/p>\n<\/p><\/div>\n<div class=\"col-md-6 mb4 image\"  style=\"background-image:url(https:\/\/www.ariens.eu\/se\/wp-content\/uploads\/sites\/8\/2024\/05\/grade-deck.webp)\">\n                <\/div>\n<\/p><\/div>\n<div class=\"row\">\n<div class=\"col-md-6 mb-4 content\">\n                    <span class=\"d-block h5 text-color-brand mb-1\">Automatic belt tensioner system<\/span><\/p>\n<p>The automatic CBT (Constant Belt Tension) technology keeps the belt tension of the mower deck constant at all times. This increases the service life of the belt, compensates for wear and prevents belt slippage for a consistently high-quality cutting pattern.<\/p>\n<\/p><\/div>\n<div class=\"col-md-6 mb4 image\"  style=\"background-image:url(https:\/\/www.ariens.eu\/se\/wp-content\/uploads\/sites\/8\/2024\/05\/apex-feature-3.webp)\">\n                <\/div>\n<\/p><\/div>\n<div class=\"row\">\n<div class=\"col-md-6 mb-4 content\">\n                    <span class=\"d-block h5 text-color-brand mb-1\">ROPS<\/span><\/p>\n<p>The standard rollover protection system with safety belt (ROPS) offers additional protection for the driver. It is foldable and ergonomically tilted backwards to prevent painful bumping of the elbow while driving.<\/p>\n<\/p><\/div>\n<div class=\"col-md-6 mb4 image\"  style=\"background-image:url(https:\/\/www.ariens.eu\/se\/wp-content\/uploads\/sites\/8\/2024\/05\/ariens-zenith-zero-turn-feature5-rops.webp)\">\n                <\/div>\n<\/p><\/div>\n<div class=\"row\">\n<div class=\"col-md-6 mb-4 content\">\n                    <span class=\"d-block h5 text-color-brand mb-1\">Mower deck lifting by foot pedal<\/span><\/p>\n<p>The solid cutting deck is raised conveniently and effortlessly using a foot pedal. To select one of the 15 cutting heights from 3.8 &#8211; 12.7 cm, a metal plug is inserted into the respective recess in the display.<\/p>\n<\/p><\/div>\n<div class=\"col-md-6 mb4 image\"  style=\"background-image:url(https:\/\/www.ariens.eu\/se\/wp-content\/uploads\/sites\/8\/2024\/05\/ariens-apex-zero-turn-deck-lift.webp)\">\n                <\/div>\n<\/p><\/div>\n<div class=\"row\">\n<div class=\"col-md-6 mb-4 content\">\n                    <span class=\"d-block h5 text-color-brand mb-1\">Fully adjustable comfort seat<\/span><\/p>\n<p>Maximum driving comfort is essential for working productively and safely for hours on end. Keeping hard shocks and vibrations away from the driver is particularly important for his well-being and health. The hydro-pneumatic suspension of the driver&#8217;s seat can be precisely adjusted to the driver&#8217;s body weight. Adjustable armrests and a high backrest allow the driver to find their ideal sitting position. <\/p>\n<\/p><\/div>\n<div class=\"col-md-6 mb4 image\"  style=\"background-image:url(https:\/\/www.ariens.eu\/se\/wp-content\/uploads\/sites\/8\/2024\/05\/ariens-zenith-zero-turn-suspension-seat.webp)\">\n                <\/div>\n<\/p><\/div>\n<\/p><\/div>\n<\/div><\/div>\n<div class='col-lg'>                    <\/div>\n<\/p><\/div>\n<\/div>\n<\/div>\n","protected":false},"excerpt":{"rendered":"<p>Kraft och bekv\u00e4mlighet f\u00f6r professionella anv\u00e4ndare &#8211; med bakutkast All v\u00e5r erfarenhet samlad i en maskin f\u00f6r daglig, professionell anv\u00e4ndning och arbete inom offentlig sektor. Maximal prestanda, h\u00e5llbarhet och komfort \u2013 du kan lita p\u00e5 den varje dag. Valet f\u00f6r verkliga klippproffs och stora ytor. Bokstaven R i ZENITH 60R st\u00e5r f\u00f6r &#8221;rear-discharge&#8221; \u2013 gr\u00e4set [&hellip;]<\/p>\n","protected":false},"featured_media":4678,"comment_status":"open","ping_status":"closed","template":"","meta":{"_acf_changed":false,"_relevanssi_hide_post":"","_relevanssi_hide_content":"","_relevanssi_pin_for_all":"","_relevanssi_pin_keywords":"","_relevanssi_unpin_keywords":"","_relevanssi_related_keywords":"","_relevanssi_related_include_ids":"","_relevanssi_related_exclude_ids":"","_relevanssi_related_no_append":"","_relevanssi_related_not_related":"","_relevanssi_related_posts":"","_relevanssi_noindex_reason":""},"product_brand":[],"product_cat":[15],"product_tag":[],"class_list":{"0":"post-2336","1":"product","2":"type-product","3":"status-publish","4":"has-post-thumbnail","6":"product_variant-ariens-zenith-professionell-klippare","7":"product_usage_areas-kommuner-och-driftgardar","8":"product_usage_areas-tjansteleverantorer","9":"product_usage_areas-vaktmastartjanster","11":"first","12":"instock","13":"shipping-taxable","14":"product-type-simple"},"acf":[],"yoast_head":"<!-- This site is optimized with the Yoast SEO plugin v27.3 - https:\/\/yoast.com\/product\/yoast-seo-wordpress\/ -->\n<title>Ariens ZENITH 60R Zero-Turn-klippare<\/title>\n<meta name=\"description\" content=\"Ariens ZENITH 60R Zero-Turn-klippare med Kawasaki FX730V 726 cc-motor och 152 cm bakutkastd\u00e4ck ger kraftfull, exakt klippning f\u00f6r stora ytor.\" \/>\n<meta name=\"robots\" content=\"index, follow, max-snippet:-1, max-image-preview:large, max-video-preview:-1\" \/>\n<link rel=\"canonical\" href=\"https:\/\/www.ariens.eu\/se\/product\/zero-turn-mowers\/ariens-zenith-professionell-klippare\/zenith-60r\/\" \/>\n<meta property=\"og:locale\" content=\"sv_SE\" \/>\n<meta property=\"og:type\" content=\"article\" \/>\n<meta property=\"og:title\" content=\"Ariens ZENITH 60R Zero-Turn-klippare\" \/>\n<meta property=\"og:description\" content=\"Ariens ZENITH 60R Zero-Turn-klippare med Kawasaki FX730V 726 cc-motor och 152 cm bakutkastd\u00e4ck ger kraftfull, exakt klippning f\u00f6r stora ytor.\" \/>\n<meta property=\"og:url\" content=\"https:\/\/www.ariens.eu\/se\/product\/zero-turn-mowers\/ariens-zenith-professionell-klippare\/zenith-60r\/\" \/>\n<meta property=\"og:site_name\" content=\"Ariens | EMEAA\" \/>\n<meta property=\"article:modified_time\" content=\"2026-02-25T10:41:31+00:00\" \/>\n<meta property=\"og:image\" content=\"https:\/\/www.ariens.eu\/se\/wp-content\/uploads\/sites\/8\/2024\/06\/ariens-zenith-60r-rear-discharge-zero-turn-front-left-768x555-1.webp\" \/>\n\t<meta property=\"og:image:width\" content=\"768\" \/>\n\t<meta property=\"og:image:height\" content=\"555\" \/>\n\t<meta property=\"og:image:type\" content=\"image\/webp\" \/>\n<meta name=\"twitter:card\" content=\"summary_large_image\" \/>\n<meta name=\"twitter:label1\" content=\"Ber\u00e4knad l\u00e4stid\" \/>\n\t<meta name=\"twitter:data1\" content=\"3 minuter\" \/>\n<script type=\"application\/ld+json\" class=\"yoast-schema-graph\">{\"@context\":\"https:\\\/\\\/schema.org\",\"@graph\":[{\"@type\":\"WebPage\",\"@id\":\"https:\\\/\\\/www.ariens.eu\\\/se\\\/product\\\/zero-turn-mowers\\\/ariens-zenith-professionell-klippare\\\/zenith-60r\\\/\",\"url\":\"https:\\\/\\\/www.ariens.eu\\\/se\\\/product\\\/zero-turn-mowers\\\/ariens-zenith-professionell-klippare\\\/zenith-60r\\\/\",\"name\":\"Ariens ZENITH 60R Zero-Turn-klippare\",\"isPartOf\":{\"@id\":\"https:\\\/\\\/www.ariens.eu\\\/se\\\/#website\"},\"primaryImageOfPage\":{\"@id\":\"https:\\\/\\\/www.ariens.eu\\\/se\\\/product\\\/zero-turn-mowers\\\/ariens-zenith-professionell-klippare\\\/zenith-60r\\\/#primaryimage\"},\"image\":{\"@id\":\"https:\\\/\\\/www.ariens.eu\\\/se\\\/product\\\/zero-turn-mowers\\\/ariens-zenith-professionell-klippare\\\/zenith-60r\\\/#primaryimage\"},\"thumbnailUrl\":\"https:\\\/\\\/www.ariens.eu\\\/se\\\/wp-content\\\/uploads\\\/sites\\\/8\\\/2024\\\/06\\\/ariens-zenith-60r-rear-discharge-zero-turn-front-left-768x555-1.webp\",\"datePublished\":\"2024-05-10T10:04:36+00:00\",\"dateModified\":\"2026-02-25T10:41:31+00:00\",\"description\":\"Ariens ZENITH 60R Zero-Turn-klippare med Kawasaki FX730V 726 cc-motor och 152 cm bakutkastd\u00e4ck ger kraftfull, exakt klippning f\u00f6r stora ytor.\",\"breadcrumb\":{\"@id\":\"https:\\\/\\\/www.ariens.eu\\\/se\\\/product\\\/zero-turn-mowers\\\/ariens-zenith-professionell-klippare\\\/zenith-60r\\\/#breadcrumb\"},\"inLanguage\":\"sv-SE\",\"potentialAction\":[{\"@type\":\"ReadAction\",\"target\":[\"https:\\\/\\\/www.ariens.eu\\\/se\\\/product\\\/zero-turn-mowers\\\/ariens-zenith-professionell-klippare\\\/zenith-60r\\\/\"]}]},{\"@type\":\"ImageObject\",\"inLanguage\":\"sv-SE\",\"@id\":\"https:\\\/\\\/www.ariens.eu\\\/se\\\/product\\\/zero-turn-mowers\\\/ariens-zenith-professionell-klippare\\\/zenith-60r\\\/#primaryimage\",\"url\":\"https:\\\/\\\/www.ariens.eu\\\/se\\\/wp-content\\\/uploads\\\/sites\\\/8\\\/2024\\\/06\\\/ariens-zenith-60r-rear-discharge-zero-turn-front-left-768x555-1.webp\",\"contentUrl\":\"https:\\\/\\\/www.ariens.eu\\\/se\\\/wp-content\\\/uploads\\\/sites\\\/8\\\/2024\\\/06\\\/ariens-zenith-60r-rear-discharge-zero-turn-front-left-768x555-1.webp\",\"width\":768,\"height\":555},{\"@type\":\"BreadcrumbList\",\"@id\":\"https:\\\/\\\/www.ariens.eu\\\/se\\\/product\\\/zero-turn-mowers\\\/ariens-zenith-professionell-klippare\\\/zenith-60r\\\/#breadcrumb\",\"itemListElement\":[{\"@type\":\"ListItem\",\"position\":1,\"name\":\"Home\",\"item\":\"https:\\\/\\\/www.ariens.eu\\\/se\\\/\"},{\"@type\":\"ListItem\",\"position\":2,\"name\":\"Shop\",\"item\":\"https:\\\/\\\/www.ariens.eu\\\/se\\\/shop\\\/\"},{\"@type\":\"ListItem\",\"position\":3,\"name\":\"ZENITH 60R\"}]},{\"@type\":\"WebSite\",\"@id\":\"https:\\\/\\\/www.ariens.eu\\\/se\\\/#website\",\"url\":\"https:\\\/\\\/www.ariens.eu\\\/se\\\/\",\"name\":\"Ariens | EMEAA\",\"description\":\"Powerful and reliable zero-turn mowers &amp; snow blowers for professional users and demanding private customers\",\"potentialAction\":[{\"@type\":\"SearchAction\",\"target\":{\"@type\":\"EntryPoint\",\"urlTemplate\":\"https:\\\/\\\/www.ariens.eu\\\/se\\\/?s={search_term_string}\"},\"query-input\":{\"@type\":\"PropertyValueSpecification\",\"valueRequired\":true,\"valueName\":\"search_term_string\"}}],\"inLanguage\":\"sv-SE\"}]}<\/script>\n<!-- \/ Yoast SEO plugin. -->","yoast_head_json":{"title":"Ariens ZENITH 60R Zero-Turn-klippare","description":"Ariens ZENITH 60R Zero-Turn-klippare med Kawasaki FX730V 726 cc-motor och 152 cm bakutkastd\u00e4ck ger kraftfull, exakt klippning f\u00f6r stora ytor.","robots":{"index":"index","follow":"follow","max-snippet":"max-snippet:-1","max-image-preview":"max-image-preview:large","max-video-preview":"max-video-preview:-1"},"canonical":"https:\/\/www.ariens.eu\/se\/product\/zero-turn-mowers\/ariens-zenith-professionell-klippare\/zenith-60r\/","og_locale":"sv_SE","og_type":"article","og_title":"Ariens ZENITH 60R Zero-Turn-klippare","og_description":"Ariens ZENITH 60R Zero-Turn-klippare med Kawasaki FX730V 726 cc-motor och 152 cm bakutkastd\u00e4ck ger kraftfull, exakt klippning f\u00f6r stora ytor.","og_url":"https:\/\/www.ariens.eu\/se\/product\/zero-turn-mowers\/ariens-zenith-professionell-klippare\/zenith-60r\/","og_site_name":"Ariens | EMEAA","article_modified_time":"2026-02-25T10:41:31+00:00","og_image":[{"width":768,"height":555,"url":"https:\/\/www.ariens.eu\/se\/wp-content\/uploads\/sites\/8\/2024\/06\/ariens-zenith-60r-rear-discharge-zero-turn-front-left-768x555-1.webp","type":"image\/webp"}],"twitter_card":"summary_large_image","twitter_misc":{"Ber\u00e4knad l\u00e4stid":"3 minuter"},"schema":{"@context":"https:\/\/schema.org","@graph":[{"@type":"WebPage","@id":"https:\/\/www.ariens.eu\/se\/product\/zero-turn-mowers\/ariens-zenith-professionell-klippare\/zenith-60r\/","url":"https:\/\/www.ariens.eu\/se\/product\/zero-turn-mowers\/ariens-zenith-professionell-klippare\/zenith-60r\/","name":"Ariens ZENITH 60R Zero-Turn-klippare","isPartOf":{"@id":"https:\/\/www.ariens.eu\/se\/#website"},"primaryImageOfPage":{"@id":"https:\/\/www.ariens.eu\/se\/product\/zero-turn-mowers\/ariens-zenith-professionell-klippare\/zenith-60r\/#primaryimage"},"image":{"@id":"https:\/\/www.ariens.eu\/se\/product\/zero-turn-mowers\/ariens-zenith-professionell-klippare\/zenith-60r\/#primaryimage"},"thumbnailUrl":"https:\/\/www.ariens.eu\/se\/wp-content\/uploads\/sites\/8\/2024\/06\/ariens-zenith-60r-rear-discharge-zero-turn-front-left-768x555-1.webp","datePublished":"2024-05-10T10:04:36+00:00","dateModified":"2026-02-25T10:41:31+00:00","description":"Ariens ZENITH 60R Zero-Turn-klippare med Kawasaki FX730V 726 cc-motor och 152 cm bakutkastd\u00e4ck ger kraftfull, exakt klippning f\u00f6r stora ytor.","breadcrumb":{"@id":"https:\/\/www.ariens.eu\/se\/product\/zero-turn-mowers\/ariens-zenith-professionell-klippare\/zenith-60r\/#breadcrumb"},"inLanguage":"sv-SE","potentialAction":[{"@type":"ReadAction","target":["https:\/\/www.ariens.eu\/se\/product\/zero-turn-mowers\/ariens-zenith-professionell-klippare\/zenith-60r\/"]}]},{"@type":"ImageObject","inLanguage":"sv-SE","@id":"https:\/\/www.ariens.eu\/se\/product\/zero-turn-mowers\/ariens-zenith-professionell-klippare\/zenith-60r\/#primaryimage","url":"https:\/\/www.ariens.eu\/se\/wp-content\/uploads\/sites\/8\/2024\/06\/ariens-zenith-60r-rear-discharge-zero-turn-front-left-768x555-1.webp","contentUrl":"https:\/\/www.ariens.eu\/se\/wp-content\/uploads\/sites\/8\/2024\/06\/ariens-zenith-60r-rear-discharge-zero-turn-front-left-768x555-1.webp","width":768,"height":555},{"@type":"BreadcrumbList","@id":"https:\/\/www.ariens.eu\/se\/product\/zero-turn-mowers\/ariens-zenith-professionell-klippare\/zenith-60r\/#breadcrumb","itemListElement":[{"@type":"ListItem","position":1,"name":"Home","item":"https:\/\/www.ariens.eu\/se\/"},{"@type":"ListItem","position":2,"name":"Shop","item":"https:\/\/www.ariens.eu\/se\/shop\/"},{"@type":"ListItem","position":3,"name":"ZENITH 60R"}]},{"@type":"WebSite","@id":"https:\/\/www.ariens.eu\/se\/#website","url":"https:\/\/www.ariens.eu\/se\/","name":"Ariens | EMEAA","description":"Powerful and reliable zero-turn mowers &amp; snow blowers for professional users and demanding private customers","potentialAction":[{"@type":"SearchAction","target":{"@type":"EntryPoint","urlTemplate":"https:\/\/www.ariens.eu\/se\/?s={search_term_string}"},"query-input":{"@type":"PropertyValueSpecification","valueRequired":true,"valueName":"search_term_string"}}],"inLanguage":"sv-SE"}]}},"_links":{"self":[{"href":"https:\/\/www.ariens.eu\/se\/wp-json\/wp\/v2\/product\/2336","targetHints":{"allow":["GET"]}}],"collection":[{"href":"https:\/\/www.ariens.eu\/se\/wp-json\/wp\/v2\/product"}],"about":[{"href":"https:\/\/www.ariens.eu\/se\/wp-json\/wp\/v2\/types\/product"}],"replies":[{"embeddable":true,"href":"https:\/\/www.ariens.eu\/se\/wp-json\/wp\/v2\/comments?post=2336"}],"wp:featuredmedia":[{"embeddable":true,"href":"https:\/\/www.ariens.eu\/se\/wp-json\/wp\/v2\/media\/4678"}],"wp:attachment":[{"href":"https:\/\/www.ariens.eu\/se\/wp-json\/wp\/v2\/media?parent=2336"}],"wp:term":[{"taxonomy":"product_brand","embeddable":true,"href":"https:\/\/www.ariens.eu\/se\/wp-json\/wp\/v2\/product_brand?post=2336"},{"taxonomy":"product_cat","embeddable":true,"href":"https:\/\/www.ariens.eu\/se\/wp-json\/wp\/v2\/product_cat?post=2336"},{"taxonomy":"product_tag","embeddable":true,"href":"https:\/\/www.ariens.eu\/se\/wp-json\/wp\/v2\/product_tag?post=2336"}],"curies":[{"name":"wp","href":"https:\/\/api.w.org\/{rel}","templated":true}]}}