{"id":2337,"date":"2024-05-10T11:04:36","date_gmt":"2024-05-10T10:04:36","guid":{"rendered":"https:\/\/www.ariens.eu\/product\/zenith-e-48\/"},"modified":"2025-11-10T10:49:03","modified_gmt":"2025-11-10T10:49:03","slug":"zenith-e-48","status":"publish","type":"product","link":"https:\/\/www.ariens.eu\/se\/product\/zero-turn-mowers\/ariens-zenith-e-batteridriven-klippare\/zenith-e-48","title":{"rendered":"ZENITH E 48"},"content":{"rendered":"<div class=\"acfd-block acfd-block__twocolumns container-fluid px-0 bg-default\">\n<div class=\"acfd-twocolumns\">\n<div class=\"row\">\n<div class='col-lg-8 mb-4 '>\n<div class=\"acfd-block acfd-block__headline container-fluid px-0 bg-default\">\n<div class=\"acfd-headline\" >\n<h2 class='h2 text-left li_black'>Professionell batteridriven Zero-Turn-klippare i kompakt format &#8211; perfekt f\u00f6r ytor med m\u00e5nga hinder och oj\u00e4mna underlag.<\/h2>\n<\/p><\/div>\n<\/div><\/div>\n<div class='col-lg'>                    <\/div>\n<\/p><\/div>\n<\/div>\n<\/div>\n<div class=\"acfd-block acfd-block__twocolumns mb-asm-1 container-fluid px-0 bg-default\">\n<div class=\"acfd-twocolumns\">\n<div class=\"row\">\n<div class='col-lg-8 mb-4 '>\n<div class=\"acfd-block acfd-block__text container-fluid px-0 bg-default\">\n<div class=\"acfd-text li_black\">\n<p>Att installera batterier i en klippare \u00e4r en sak. Att uppn\u00e5 samma prestanda, h\u00e5llbarhet och tillf\u00f6rlitlighet som en bepr\u00f6vad bensinmodell \u00e4r n\u00e5got helt annat. Ariens modeller med det utbytbara FusionCore-batterisystemet uppfyller dessa krav.<\/p>\n<p>ZENITH E 48 \u00e4r den f\u00f6rsta professionella elektriska Zero-Turn-klipparen med utbytbara batterier. Utvecklad f\u00f6r daglig klippning av medelstora till stora gr\u00e4sytor \u2013 en hel arbetsdag p\u00e5 en laddning. Med en klippbredd p\u00e5 122 cm \u00e4r den s\u00e4rskilt smidig mellan hinder och p\u00e5 oj\u00e4mna ytor. Levereras med professionell garanti.<\/p>\n<ul>\n<li>Drivs av fyra utbytbara FusionCore litiumjonbatterier (56 V DC, 4 kWh).<\/li>\n<li>Spindelteknik med patenterad design som absorberar kraftiga st\u00f6tar.<\/li>\n<li>Upp till fem timmars kontinuerlig klipptid per laddning (beroende p\u00e5 klippf\u00f6rh\u00e5llanden).<\/li>\n<li>Laddtid 5,3\u201312 timmar beroende p\u00e5 laddare.<\/li>\n<li>122 cm (48&#8243;) svetsat sidoutkastd\u00e4ck tillverkat av starkt 7-gauge-st\u00e5l.<\/li>\n<li>Helsvetsad ram med branschledande h\u00e5llfasthet.<\/li>\n<li>ROPS-skyddsbygel som standard.<\/li>\n<li>Fotman\u00f6vrerad h\u00f6jdjustering med 15 klippl\u00e4gen.<\/li>\n<li>Fullt fj\u00e4drad h\u00f6g ryggsits f\u00f6r h\u00f6gsta komfort.<\/li>\n<li>Tillbeh\u00f6r finns tillg\u00e4ngliga.<\/li>\n<li>5 \u00e5rs eller 1500 timmars garanti \/ 3 \u00e5rs batterigaranti \u2013 ingen timbegr\u00e4nsning under de f\u00f6rsta 2 \u00e5ren.<\/li>\n<\/ul>\n<\/div>\n<\/div><\/div>\n<div class='col-lg'>                    <\/div>\n<\/p><\/div>\n<\/div>\n<\/div>\n<div class=\"acfd-block acfd-block__category mb-asm-3 container-fluid px-0 bg-default\">\n<div class=\"acfd-product-categories\">\n<h2 class=\"text-left mb-3\">\n        Eins\u00e4tze    <\/h2>\n<div class=\"product-categories_wrapper\">\n         <span\n                data-description=\"Do you mow for many hours or even days or weeks at a time? Do you use your machine commercially and earn your money with it? Then you need a particularly reliable and comfortable machine with durable components.\"                class=\"product-category-single\"> PRO                <sup><i class=\"fa fa-info-circle\" aria-hidden=\"true\"><\/i><\/sup>            <\/span>  <span\n                data-description=\"State-of-the-art battery technology now enables the same performance and range as petrol models.\"                class=\"product-category-single\"> Electric                <sup><i class=\"fa fa-info-circle\" aria-hidden=\"true\"><\/i><\/sup>            <\/span>  <span\n                data-description=\"When using a suitable mulching kit in your mower, the side discharge is no longer necessary. The clippings are finely shredded and evenly distributed to the rear of the lawn. Any fertilizer applied remains on the surface and the fine grass particles disappear almost invisibly into the lawn.\"                class=\"product-category-single\"> Optional mulching kit                <sup><i class=\"fa fa-info-circle\" aria-hidden=\"true\"><\/i><\/sup>            <\/span>  <span\n                data-description=\"Ariens ride-on mowers offer a high level of comfort. We use high-quality seats from the entry-level model upwards. Ample legroom and ergonomic controls are standard.\"                class=\"product-category-single\"> Ride-On (sitting)                <sup><i class=\"fa fa-info-circle\" aria-hidden=\"true\"><\/i><\/sup>            <\/span>  <span\n                data-description=\"With the APEX and ZENITH models, you have the choice between side discharge and rear discharge mower decks. A side discharge mower deck ejects the clippings via a side opening and a deflector. The powerful airflow then distributes it over a large area. An optional mulching kit can be installed in side discharge mower decks. When a mulching kit is used, the clippings are finely shredded and ejected to the rear. The side discharge and deflector are then closed or removed.\"                class=\"product-category-single\"> Side discharge                <sup><i class=\"fa fa-info-circle\" aria-hidden=\"true\"><\/i><\/sup>            <\/span>  <span\n                data-description=\"Alle Ariens-pl\u00e6neklippere er velegnede til flade gr\u00e6spl\u00e6ner. V\u00e6lg din klippebredde i henhold til st\u00f8rrelsen p\u00e5 dit omr\u00e5de og eventuelle begr\u00e6nsende smalle omr\u00e5der.\"                class=\"product-category-single\"> Fladt terr\u00e6n                <sup><i class=\"fa fa-info-circle\" aria-hidden=\"true\"><\/i><\/sup>            <\/span>  <span\n                data-description=\"Ariens-pl\u00e6neklippere klarer sig godt p\u00e5 uj\u00e6vnt terr\u00e6n. Til uj\u00e6vnt terr\u00e6n skal du v\u00e6lge smallere klippeaggregater for at opn\u00e5 et mere ensartet klippem\u00f8nster.\"                class=\"product-category-single\"> Uj\u00e6vnt terr\u00e6n                <sup><i class=\"fa fa-info-circle\" aria-hidden=\"true\"><\/i><\/sup>            <\/span>  <span\n                data-description=\"Det anbefales \u00e5 velge en maskin med brede hjul. Ikke overskrid den angitte sikkerhetsgrensen p\u00e5 15\u00b0 helling for sitteklippere og 20\u00b0 for st\u00e5ende klippere. P\u00e5 ujevnt terreng b\u00f8r du velge et smalere klippeaggregat for et mer jevnt klipperesultat. ZENITH-modellen leveres med veltesikring (ROPS) som standard, og dette kan ettermonteres p\u00e5 APEX.\"                class=\"product-category-single\"> Kupert terreng                <sup><i class=\"fa fa-info-circle\" aria-hidden=\"true\"><\/i><\/sup>            <\/span>  <span\n                data-description=\"Use mowing widths of 107 cm and 122 cm on medium to large lawns.\"                class=\"product-category-single\"> Medium-sized areas                <sup><i class=\"fa fa-info-circle\" aria-hidden=\"true\"><\/i><\/sup>            <\/span>     <\/div>\n<\/div>\n<\/div>\n<div class=\"acfd-block acfd-block__twocolumns mb-asm-2 container-fluid container-fluid--force px-0 bg-default\">\n<div class=\"acfd-twocolumns\">\n<div class=\"row\">\n<div class='col-lg-12 mb-4 '>\n<div class=\"acfd-product-advantages--wrapper\">\n<h2 class=\"h1 bigger text-color-black text-center mb-5\">\n        Merkmale &#038; Vorteile    <\/h2>\n<div class=\"acfd-product-advantages\">\n<div class=\"row\">\n<div class=\"col-md-6 mb-4 content\">\n                    <span class=\"d-block h5 text-color-brand mb-1\">FusionCore Li-Ion battery system<\/span><\/p>\n<p>The battery system of the ZENITH E consists of four interchangeable battery packs, each weighing 22.5 kg. The capacity of each individual Fusion Li-ion battery pack is 4 kWh.  Total capacity: 4 x 4 kWh = 16 kWh. The ZENITH E can mow with just two battery packs and drive with just one.<\/p>\n<p>With four battery packs, you can mow for a maximum of 5 hours. After that, they can be replaced with full batteries in a matter of seconds.  The charging time for four battery packs, with optional quick charger, is only 5:20 hours!<\/p>\n<\/p><\/div>\n<div class=\"col-md-6 mb4 image\"  style=\"background-image:url(https:\/\/www.ariens.eu\/se\/wp-content\/uploads\/sites\/8\/2024\/05\/ariens-arrow-e-battery-stand-on-fusioncore-batteries.webp)\">\n                <\/div>\n<\/p><\/div>\n<div class=\"row\">\n<div class=\"col-md-6 mb-4 content\">\n                    <span class=\"d-block h5 text-color-brand mb-1\">Intelligent load balancing<\/span><\/p>\n<p>Ce syst\u00e8me en attente de brevet permet \u00e0 la ZENITH E de compenser les diff\u00e9rences de puissance des batteries. Elle ne pr\u00e9l\u00e8ve de l&#8217;\u00e9nergie sur les batteries pleines que jusqu&#8217;\u00e0 ce qu&#8217;elles atteignent le m\u00eame niveau de charge que les batteries moins charg\u00e9es. L&#8217;\u00e9nergie est d&#8217;abord pr\u00e9lev\u00e9e sur les batteries enti\u00e8rement charg\u00e9es, avant d&#8217;\u00eatre ensuite pr\u00e9lev\u00e9e de mani\u00e8re \u00e9gale sur les quatre batteries, ce qui permet d&#8217;obtenir une puissance constante qui pr\u00e9serve les cellules.<\/p>\n<\/p><\/div>\n<div class=\"col-md-6 mb4 image\"  style=\"background-image:url(https:\/\/www.ariens.eu\/se\/wp-content\/uploads\/sites\/8\/2024\/05\/ariens-zenith-e-zero-turn-feature2-battery-load-balancing.webp)\">\n                <\/div>\n<\/p><\/div>\n<div class=\"row\">\n<div class=\"col-md-6 mb-4 content\">\n                    <span class=\"d-block h5 text-color-brand mb-1\">Proprietary electric transaxles<\/span><\/p>\n<p>Two independently operating, brushless electric motors with extra strong magnets, increased number of windings and recuperation function when braking. Objective: Low heat generation and long service life.<\/p>\n<p>Coupling the electric motors with a planetary gearbox with double reduction.<br \/>\nObjective: The same smooth, jerk-free ride as a professional zero-turn mower with a petrol engine and hydrostat. Result: Drive the ZENITH E once and compare for yourself!<\/p>\n<\/p><\/div>\n<div class=\"col-md-6 mb4 image\"  style=\"background-image:url(https:\/\/www.ariens.eu\/se\/wp-content\/uploads\/sites\/8\/2024\/05\/ariens-zenith-e-zero-turn-feature3-brushless-electric-drive-motor-transaxles.webp)\">\n                <\/div>\n<\/p><\/div>\n<div class=\"row\">\n<div class=\"col-md-6 mb-4 content\">\n                    <span class=\"d-block h5 text-color-brand mb-1\">Professional mowing deck<\/span><\/p>\n<p>The mowing deck is the most heavily loaded component of a mower. Stability is particularly important here. The ZENITH E has a 14 cm deep, fully welded mowing deck made of 4.5 mm thick sheet steel, 20 mm steel edge, enclosed anti-scalp wheels and a welded 4-point suspension. The FUSIONCORE electric blade motors deliver a maximum of 3 x 3,500 watts when required. To protect the motor in the event of collisions, the blades are mounted on a slip clutch. This significantly reduces hard impacts on the motor. The air flow of the new X-Factor III mower deck with side discharge is optimised for the cleanest cut and lowest noise level.<\/p>\n<\/p><\/div>\n<div class=\"col-md-6 mb4 image\"  style=\"background-image:url(https:\/\/www.ariens.eu\/se\/wp-content\/uploads\/sites\/8\/2024\/05\/ariens-zenith-e-zero-turn-feature4-commercial-10-gauge-steel-deck.webp)\">\n                <\/div>\n<\/p><\/div>\n<div class=\"row\">\n<div class=\"col-md-6 mb-4 content\">\n                    <span class=\"d-block h5 text-color-brand mb-1\">Fully adjustable comfort seat<\/span><\/p>\n<p>Maximum driving comfort is essential for working productively and safely for hours on end. Keeping hard shocks and vibrations away from the driver is particularly important for his well-being and health. The hydro-pneumatic suspension of the driver&#8217;s seat can be precisely adjusted to the driver&#8217;s body weight. Adjustable armrests and a high backrest allow the driver to find their ideal sitting position. <\/p>\n<\/p><\/div>\n<div class=\"col-md-6 mb4 image\"  style=\"background-image:url(https:\/\/www.ariens.eu\/se\/wp-content\/uploads\/sites\/8\/2024\/05\/ariens-zenith-zero-turn-suspension-seat.webp)\">\n                <\/div>\n<\/p><\/div>\n<div class=\"row\">\n<div class=\"col-md-6 mb-4 content\">\n                    <span class=\"d-block h5 text-color-brand mb-1\">ROPS<\/span><\/p>\n<p>The standard rollover protection system with safety belt (ROPS) offers additional protection for the driver. It is foldable and ergonomically tilted backwards to prevent painful bumping of the elbow while driving.<\/p>\n<\/p><\/div>\n<div class=\"col-md-6 mb4 image\"  style=\"background-image:url(https:\/\/www.ariens.eu\/se\/wp-content\/uploads\/sites\/8\/2024\/05\/ariens-zenith-zero-turn-feature5-rops.webp)\">\n                <\/div>\n<\/p><\/div>\n<\/p><\/div>\n<\/div><\/div>\n<div class='col-lg'>                    <\/div>\n<\/p><\/div>\n<\/div>\n<\/div>\n","protected":false},"excerpt":{"rendered":"<p>Professionell batteridriven Zero-Turn-klippare i kompakt format &#8211; perfekt f\u00f6r ytor med m\u00e5nga hinder och oj\u00e4mna underlag. Att installera batterier i en klippare \u00e4r en sak. Att uppn\u00e5 samma prestanda, h\u00e5llbarhet och tillf\u00f6rlitlighet som en bepr\u00f6vad bensinmodell \u00e4r n\u00e5got helt annat. Ariens modeller med det utbytbara FusionCore-batterisystemet uppfyller dessa krav. ZENITH E 48 \u00e4r den f\u00f6rsta [&hellip;]<\/p>\n","protected":false},"featured_media":4497,"comment_status":"open","ping_status":"closed","template":"","meta":{"_acf_changed":false,"_relevanssi_hide_post":"","_relevanssi_hide_content":"","_relevanssi_pin_for_all":"","_relevanssi_pin_keywords":"","_relevanssi_unpin_keywords":"","_relevanssi_related_keywords":"","_relevanssi_related_include_ids":"","_relevanssi_related_exclude_ids":"","_relevanssi_related_no_append":"","_relevanssi_related_not_related":"","_relevanssi_related_posts":"","_relevanssi_noindex_reason":""},"product_brand":[],"product_cat":[15],"product_tag":[],"class_list":{"0":"post-2337","1":"product","2":"type-product","3":"status-publish","4":"has-post-thumbnail","6":"product_variant-ariens-zenith-e-batteridriven-klippare","7":"product_usage_areas-kommuner-och-driftgardar","8":"product_usage_areas-tjansteleverantorer","10":"first","11":"instock","12":"shipping-taxable","13":"product-type-simple"},"acf":[],"yoast_head":"<!-- This site is optimized with the Yoast SEO plugin v27.3 - https:\/\/yoast.com\/product\/yoast-seo-wordpress\/ -->\n<title>Ariens ZENITH E48 Zero-Turn-klippare<\/title>\n<meta name=\"description\" content=\"Ariens ZENITH E48 Zero-Turn-klippare med FusionCore-batterisystem och 122 cm svetsat d\u00e4ck ger professionell kraft, tyst drift och l\u00e5ng klipptid.\" \/>\n<meta name=\"robots\" content=\"index, follow, max-snippet:-1, max-image-preview:large, max-video-preview:-1\" \/>\n<link rel=\"canonical\" href=\"https:\/\/www.ariens.eu\/se\/product\/zero-turn-mowers\/ariens-zenith-e-batteridriven-klippare\/zenith-e-48\/\" \/>\n<meta property=\"og:locale\" content=\"sv_SE\" \/>\n<meta property=\"og:type\" content=\"article\" \/>\n<meta property=\"og:title\" content=\"Ariens ZENITH E48 Zero-Turn-klippare\" \/>\n<meta property=\"og:description\" content=\"Ariens ZENITH E48 Zero-Turn-klippare med FusionCore-batterisystem och 122 cm svetsat d\u00e4ck ger professionell kraft, tyst drift och l\u00e5ng klipptid.\" \/>\n<meta property=\"og:url\" content=\"https:\/\/www.ariens.eu\/se\/product\/zero-turn-mowers\/ariens-zenith-e-batteridriven-klippare\/zenith-e-48\/\" \/>\n<meta property=\"og:site_name\" content=\"Ariens | EMEAA\" \/>\n<meta property=\"article:modified_time\" content=\"2025-11-10T10:49:03+00:00\" \/>\n<meta property=\"og:image\" content=\"https:\/\/www.ariens.eu\/se\/wp-content\/uploads\/sites\/8\/2024\/06\/ariens-zenith-e-60-side-discharge-battery-zero-turn-front-left.webp\" \/>\n\t<meta property=\"og:image:width\" content=\"900\" \/>\n\t<meta property=\"og:image:height\" content=\"650\" \/>\n\t<meta property=\"og:image:type\" content=\"image\/webp\" \/>\n<meta name=\"twitter:card\" content=\"summary_large_image\" \/>\n<meta name=\"twitter:label1\" content=\"Ber\u00e4knad l\u00e4stid\" \/>\n\t<meta name=\"twitter:data1\" content=\"4 minuter\" \/>\n<script type=\"application\/ld+json\" class=\"yoast-schema-graph\">{\"@context\":\"https:\\\/\\\/schema.org\",\"@graph\":[{\"@type\":\"WebPage\",\"@id\":\"https:\\\/\\\/www.ariens.eu\\\/se\\\/product\\\/zero-turn-mowers\\\/ariens-zenith-e-batteridriven-klippare\\\/zenith-e-48\\\/\",\"url\":\"https:\\\/\\\/www.ariens.eu\\\/se\\\/product\\\/zero-turn-mowers\\\/ariens-zenith-e-batteridriven-klippare\\\/zenith-e-48\\\/\",\"name\":\"Ariens ZENITH E48 Zero-Turn-klippare\",\"isPartOf\":{\"@id\":\"https:\\\/\\\/www.ariens.eu\\\/se\\\/#website\"},\"primaryImageOfPage\":{\"@id\":\"https:\\\/\\\/www.ariens.eu\\\/se\\\/product\\\/zero-turn-mowers\\\/ariens-zenith-e-batteridriven-klippare\\\/zenith-e-48\\\/#primaryimage\"},\"image\":{\"@id\":\"https:\\\/\\\/www.ariens.eu\\\/se\\\/product\\\/zero-turn-mowers\\\/ariens-zenith-e-batteridriven-klippare\\\/zenith-e-48\\\/#primaryimage\"},\"thumbnailUrl\":\"https:\\\/\\\/www.ariens.eu\\\/se\\\/wp-content\\\/uploads\\\/sites\\\/8\\\/2024\\\/06\\\/ariens-zenith-e-60-side-discharge-battery-zero-turn-front-left.webp\",\"datePublished\":\"2024-05-10T10:04:36+00:00\",\"dateModified\":\"2025-11-10T10:49:03+00:00\",\"description\":\"Ariens ZENITH E48 Zero-Turn-klippare med FusionCore-batterisystem och 122 cm svetsat d\u00e4ck ger professionell kraft, tyst drift och l\u00e5ng klipptid.\",\"breadcrumb\":{\"@id\":\"https:\\\/\\\/www.ariens.eu\\\/se\\\/product\\\/zero-turn-mowers\\\/ariens-zenith-e-batteridriven-klippare\\\/zenith-e-48\\\/#breadcrumb\"},\"inLanguage\":\"sv-SE\",\"potentialAction\":[{\"@type\":\"ReadAction\",\"target\":[\"https:\\\/\\\/www.ariens.eu\\\/se\\\/product\\\/zero-turn-mowers\\\/ariens-zenith-e-batteridriven-klippare\\\/zenith-e-48\\\/\"]}]},{\"@type\":\"ImageObject\",\"inLanguage\":\"sv-SE\",\"@id\":\"https:\\\/\\\/www.ariens.eu\\\/se\\\/product\\\/zero-turn-mowers\\\/ariens-zenith-e-batteridriven-klippare\\\/zenith-e-48\\\/#primaryimage\",\"url\":\"https:\\\/\\\/www.ariens.eu\\\/se\\\/wp-content\\\/uploads\\\/sites\\\/8\\\/2024\\\/06\\\/ariens-zenith-e-60-side-discharge-battery-zero-turn-front-left.webp\",\"contentUrl\":\"https:\\\/\\\/www.ariens.eu\\\/se\\\/wp-content\\\/uploads\\\/sites\\\/8\\\/2024\\\/06\\\/ariens-zenith-e-60-side-discharge-battery-zero-turn-front-left.webp\",\"width\":900,\"height\":650},{\"@type\":\"BreadcrumbList\",\"@id\":\"https:\\\/\\\/www.ariens.eu\\\/se\\\/product\\\/zero-turn-mowers\\\/ariens-zenith-e-batteridriven-klippare\\\/zenith-e-48\\\/#breadcrumb\",\"itemListElement\":[{\"@type\":\"ListItem\",\"position\":1,\"name\":\"Home\",\"item\":\"https:\\\/\\\/www.ariens.eu\\\/se\\\/\"},{\"@type\":\"ListItem\",\"position\":2,\"name\":\"Shop\",\"item\":\"https:\\\/\\\/www.ariens.eu\\\/se\\\/shop\\\/\"},{\"@type\":\"ListItem\",\"position\":3,\"name\":\"ZENITH E 48\"}]},{\"@type\":\"WebSite\",\"@id\":\"https:\\\/\\\/www.ariens.eu\\\/se\\\/#website\",\"url\":\"https:\\\/\\\/www.ariens.eu\\\/se\\\/\",\"name\":\"Ariens | EMEAA\",\"description\":\"Powerful and reliable zero-turn mowers &amp; snow blowers for professional users and demanding private customers\",\"potentialAction\":[{\"@type\":\"SearchAction\",\"target\":{\"@type\":\"EntryPoint\",\"urlTemplate\":\"https:\\\/\\\/www.ariens.eu\\\/se\\\/?s={search_term_string}\"},\"query-input\":{\"@type\":\"PropertyValueSpecification\",\"valueRequired\":true,\"valueName\":\"search_term_string\"}}],\"inLanguage\":\"sv-SE\"}]}<\/script>\n<!-- \/ Yoast SEO plugin. -->","yoast_head_json":{"title":"Ariens ZENITH E48 Zero-Turn-klippare","description":"Ariens ZENITH E48 Zero-Turn-klippare med FusionCore-batterisystem och 122 cm svetsat d\u00e4ck ger professionell kraft, tyst drift och l\u00e5ng klipptid.","robots":{"index":"index","follow":"follow","max-snippet":"max-snippet:-1","max-image-preview":"max-image-preview:large","max-video-preview":"max-video-preview:-1"},"canonical":"https:\/\/www.ariens.eu\/se\/product\/zero-turn-mowers\/ariens-zenith-e-batteridriven-klippare\/zenith-e-48\/","og_locale":"sv_SE","og_type":"article","og_title":"Ariens ZENITH E48 Zero-Turn-klippare","og_description":"Ariens ZENITH E48 Zero-Turn-klippare med FusionCore-batterisystem och 122 cm svetsat d\u00e4ck ger professionell kraft, tyst drift och l\u00e5ng klipptid.","og_url":"https:\/\/www.ariens.eu\/se\/product\/zero-turn-mowers\/ariens-zenith-e-batteridriven-klippare\/zenith-e-48\/","og_site_name":"Ariens | EMEAA","article_modified_time":"2025-11-10T10:49:03+00:00","og_image":[{"width":900,"height":650,"url":"https:\/\/www.ariens.eu\/se\/wp-content\/uploads\/sites\/8\/2024\/06\/ariens-zenith-e-60-side-discharge-battery-zero-turn-front-left.webp","type":"image\/webp"}],"twitter_card":"summary_large_image","twitter_misc":{"Ber\u00e4knad l\u00e4stid":"4 minuter"},"schema":{"@context":"https:\/\/schema.org","@graph":[{"@type":"WebPage","@id":"https:\/\/www.ariens.eu\/se\/product\/zero-turn-mowers\/ariens-zenith-e-batteridriven-klippare\/zenith-e-48\/","url":"https:\/\/www.ariens.eu\/se\/product\/zero-turn-mowers\/ariens-zenith-e-batteridriven-klippare\/zenith-e-48\/","name":"Ariens ZENITH E48 Zero-Turn-klippare","isPartOf":{"@id":"https:\/\/www.ariens.eu\/se\/#website"},"primaryImageOfPage":{"@id":"https:\/\/www.ariens.eu\/se\/product\/zero-turn-mowers\/ariens-zenith-e-batteridriven-klippare\/zenith-e-48\/#primaryimage"},"image":{"@id":"https:\/\/www.ariens.eu\/se\/product\/zero-turn-mowers\/ariens-zenith-e-batteridriven-klippare\/zenith-e-48\/#primaryimage"},"thumbnailUrl":"https:\/\/www.ariens.eu\/se\/wp-content\/uploads\/sites\/8\/2024\/06\/ariens-zenith-e-60-side-discharge-battery-zero-turn-front-left.webp","datePublished":"2024-05-10T10:04:36+00:00","dateModified":"2025-11-10T10:49:03+00:00","description":"Ariens ZENITH E48 Zero-Turn-klippare med FusionCore-batterisystem och 122 cm svetsat d\u00e4ck ger professionell kraft, tyst drift och l\u00e5ng klipptid.","breadcrumb":{"@id":"https:\/\/www.ariens.eu\/se\/product\/zero-turn-mowers\/ariens-zenith-e-batteridriven-klippare\/zenith-e-48\/#breadcrumb"},"inLanguage":"sv-SE","potentialAction":[{"@type":"ReadAction","target":["https:\/\/www.ariens.eu\/se\/product\/zero-turn-mowers\/ariens-zenith-e-batteridriven-klippare\/zenith-e-48\/"]}]},{"@type":"ImageObject","inLanguage":"sv-SE","@id":"https:\/\/www.ariens.eu\/se\/product\/zero-turn-mowers\/ariens-zenith-e-batteridriven-klippare\/zenith-e-48\/#primaryimage","url":"https:\/\/www.ariens.eu\/se\/wp-content\/uploads\/sites\/8\/2024\/06\/ariens-zenith-e-60-side-discharge-battery-zero-turn-front-left.webp","contentUrl":"https:\/\/www.ariens.eu\/se\/wp-content\/uploads\/sites\/8\/2024\/06\/ariens-zenith-e-60-side-discharge-battery-zero-turn-front-left.webp","width":900,"height":650},{"@type":"BreadcrumbList","@id":"https:\/\/www.ariens.eu\/se\/product\/zero-turn-mowers\/ariens-zenith-e-batteridriven-klippare\/zenith-e-48\/#breadcrumb","itemListElement":[{"@type":"ListItem","position":1,"name":"Home","item":"https:\/\/www.ariens.eu\/se\/"},{"@type":"ListItem","position":2,"name":"Shop","item":"https:\/\/www.ariens.eu\/se\/shop\/"},{"@type":"ListItem","position":3,"name":"ZENITH E 48"}]},{"@type":"WebSite","@id":"https:\/\/www.ariens.eu\/se\/#website","url":"https:\/\/www.ariens.eu\/se\/","name":"Ariens | EMEAA","description":"Powerful and reliable zero-turn mowers &amp; snow blowers for professional users and demanding private customers","potentialAction":[{"@type":"SearchAction","target":{"@type":"EntryPoint","urlTemplate":"https:\/\/www.ariens.eu\/se\/?s={search_term_string}"},"query-input":{"@type":"PropertyValueSpecification","valueRequired":true,"valueName":"search_term_string"}}],"inLanguage":"sv-SE"}]}},"_links":{"self":[{"href":"https:\/\/www.ariens.eu\/se\/wp-json\/wp\/v2\/product\/2337","targetHints":{"allow":["GET"]}}],"collection":[{"href":"https:\/\/www.ariens.eu\/se\/wp-json\/wp\/v2\/product"}],"about":[{"href":"https:\/\/www.ariens.eu\/se\/wp-json\/wp\/v2\/types\/product"}],"replies":[{"embeddable":true,"href":"https:\/\/www.ariens.eu\/se\/wp-json\/wp\/v2\/comments?post=2337"}],"wp:featuredmedia":[{"embeddable":true,"href":"https:\/\/www.ariens.eu\/se\/wp-json\/wp\/v2\/media\/4497"}],"wp:attachment":[{"href":"https:\/\/www.ariens.eu\/se\/wp-json\/wp\/v2\/media?parent=2337"}],"wp:term":[{"taxonomy":"product_brand","embeddable":true,"href":"https:\/\/www.ariens.eu\/se\/wp-json\/wp\/v2\/product_brand?post=2337"},{"taxonomy":"product_cat","embeddable":true,"href":"https:\/\/www.ariens.eu\/se\/wp-json\/wp\/v2\/product_cat?post=2337"},{"taxonomy":"product_tag","embeddable":true,"href":"https:\/\/www.ariens.eu\/se\/wp-json\/wp\/v2\/product_tag?post=2337"}],"curies":[{"name":"wp","href":"https:\/\/api.w.org\/{rel}","templated":true}]}}