{"id":2348,"date":"2024-05-10T11:04:36","date_gmt":"2024-05-10T10:04:36","guid":{"rendered":"https:\/\/www.ariens.eu\/product\/arrow-e-52r\/"},"modified":"2025-11-10T10:49:04","modified_gmt":"2025-11-10T10:49:04","slug":"arrow-e-52r","status":"publish","type":"product","link":"https:\/\/www.ariens.eu\/se\/product\/zero-turn-mowers\/ariens-arrow-e\/arrow-e-52r","title":{"rendered":"ARROW E 52R"},"content":{"rendered":"<div class=\"acfd-block acfd-block__twocolumns mb-asm-1 container-fluid px-0 bg-default\">\n<div class=\"acfd-twocolumns\">\n<div class=\"row\">\n<div class='col-lg-9 mb-4 '>\n<div class=\"acfd-block acfd-block__headline container-fluid px-0 bg-default\">\n<div class=\"acfd-headline\" >\n<h2 class='h2 text-left li_black'>St\u00e5p\u00e5klippare med batteridrift, h\u00f6g kapacitet och nollutsl\u00e4pp<\/h2>\n<\/p><\/div>\n<\/div><\/div>\n<div class='col-lg'>                    <\/div>\n<\/p><\/div>\n<\/div>\n<\/div>\n<div class=\"acfd-block acfd-block__twocolumns mb-asm-2 container-fluid px-0 bg-default\">\n<div class=\"acfd-twocolumns\">\n<div class=\"row\">\n<div class='col-lg-9 mb-4 '>\n<div class=\"acfd-block acfd-block__text container-fluid px-0 bg-default\">\n<div class=\"acfd-text li_black\">\n<p>Stand-on-klippare \u00e4r bekv\u00e4ma och snabba \u2013 men framf\u00f6r allt kompakta, smidiga och yteffektiva. Din rygg och dina muskler kommer att tacka dig f\u00f6r den uppr\u00e4tta arbetsst\u00e4llningen.<\/p>\n<p>Ariens ARROW E 52R \u00e4r en fullt kommersiell, batteridriven Zero-Turn-klippare.<br \/>Med ett 132 cm (52&#8243;) bakutkastd\u00e4ck \u00e4r den konstruerad f\u00f6r anv\u00e4ndning i omr\u00e5den d\u00e4r buller och koldioxidutsl\u00e4pp m\u00e5ste h\u00e5llas p\u00e5 ett minimum.<\/p>\n<ul>\n<li>Drivs av fyra utbytbara FusionCore litiumjonbatterier (56 V DC, 4 kWh).<\/li>\n<li>Spindelteknik med patenterad design som minimerar skador vid st\u00f6tar.<\/li>\n<li>QuickSwap-batterisystem m\u00f6jligg\u00f6r heldagsklippning (beroende p\u00e5 klippf\u00f6rh\u00e5llanden).<\/li>\n<li>Laddtid 5,3\u201312 timmar beroende p\u00e5 laddare.<\/li>\n<li>132 cm (52&#8243;) svetsat bakutkastd\u00e4ck tillverkat av 4,5 mm st\u00e5l.<\/li>\n<li>Intuitiva reglage.<\/li>\n<li>Hopf\u00e4llbar plattform f\u00f6r maximal flexibilitet.<\/li>\n<li>ECO-l\u00e4ge f\u00f6r l\u00e4ngre batteritid.<\/li>\n<li>LED-display visar viktig information.<\/li>\n<li>Fotassisterad h\u00f6jdjustering av klippd\u00e4cket.<\/li>\n<li>5 \u00e5rs eller 1500 timmars garanti \/ 3 \u00e5rs batterigaranti.<\/li>\n<\/ul>\n<p>*Bilder och illustrationer visar exempel. Faktisk produkt kan skilja sig fr\u00e5n visad modell.<\/p>\n<\/div>\n<\/div><\/div>\n<div class='col-lg'>                    <\/div>\n<\/p><\/div>\n<\/div>\n<\/div>\n<div class=\"acfd-block acfd-block__category mb-asm-3 container-fluid px-0 bg-default\">\n<div class=\"acfd-product-categories\">\n<h2 class=\"text-left mb-3\">\n        Eins\u00e4tze    <\/h2>\n<div class=\"product-categories_wrapper\">\n         <span\n                data-description=\"Do you mow for many hours or even days or weeks at a time? Do you use your machine commercially and earn your money with it? Then you need a particularly reliable and comfortable machine with durable components.\"                class=\"product-category-single\"> PRO                <sup><i class=\"fa fa-info-circle\" aria-hidden=\"true\"><\/i><\/sup>            <\/span>  <span\n                data-description=\"State-of-the-art battery technology now enables the same performance and range as petrol models.\"                class=\"product-category-single\"> Electric                <sup><i class=\"fa fa-info-circle\" aria-hidden=\"true\"><\/i><\/sup>            <\/span>  <span\n                data-description=\"\u00c5 klippe st\u00e5ende gir en rekke fordeler. Blant dem er at f\u00f8reren har full oversikt over hele klippebredden og f\u00e5r sv\u00e6rt h\u00f8y man\u00f8vrerbarhet med disse kompakte maskinene. Brukere med ryggproblemer drar nytte av den ergonomiske arbeidsstillingen. Daglig transport og lagring blir betydelig enklere, og av- og p\u00e5stigning tar bare sekunder. Stand-on klippere er ogs\u00e5 ideelle i smale passasjer og gjennom hageporter.\"                class=\"product-category-single\"> Stand-on (st\u00e5ende plattform)                <sup><i class=\"fa fa-info-circle\" aria-hidden=\"true\"><\/i><\/sup>            <\/span>  <span\n                data-description=\"Med APEX- og ZENITH-modellerne kan du v\u00e6lge mellem pl\u00e6neklippere med sideudkast og bagudkast. En pl\u00e6neklipper med bagudkast er lukket i siden og kaster det afklippede gr\u00e6s bagud. Fordelen er, at der ikke kastes gr\u00e6s p\u00e5 stier eller bede, og at der i mods\u00e6tning til et bioklipss\u00e6t ogs\u00e5 kan klippes h\u00f8jt gr\u00e6s. Pl\u00e6neklippere med bagudkast bruges ofte i den kommunale sektor.\"                class=\"product-category-single\"> Rear discharge                <sup><i class=\"fa fa-info-circle\" aria-hidden=\"true\"><\/i><\/sup>            <\/span>  <span\n                data-description=\"Alle Ariens-pl\u00e6neklippere er velegnede til flade gr\u00e6spl\u00e6ner. V\u00e6lg din klippebredde i henhold til st\u00f8rrelsen p\u00e5 dit omr\u00e5de og eventuelle begr\u00e6nsende smalle omr\u00e5der.\"                class=\"product-category-single\"> Fladt terr\u00e6n                <sup><i class=\"fa fa-info-circle\" aria-hidden=\"true\"><\/i><\/sup>            <\/span>  <span\n                data-description=\"Ariens-pl\u00e6neklippere klarer sig godt p\u00e5 uj\u00e6vnt terr\u00e6n. Til uj\u00e6vnt terr\u00e6n skal du v\u00e6lge smallere klippeaggregater for at opn\u00e5 et mere ensartet klippem\u00f8nster.\"                class=\"product-category-single\"> Uj\u00e6vnt terr\u00e6n                <sup><i class=\"fa fa-info-circle\" aria-hidden=\"true\"><\/i><\/sup>            <\/span>  <span\n                data-description=\"Det anbefales \u00e5 velge en maskin med brede hjul. Ikke overskrid den angitte sikkerhetsgrensen p\u00e5 15\u00b0 helling for sitteklippere og 20\u00b0 for st\u00e5ende klippere. P\u00e5 ujevnt terreng b\u00f8r du velge et smalere klippeaggregat for et mer jevnt klipperesultat. ZENITH-modellen leveres med veltesikring (ROPS) som standard, og dette kan ettermonteres p\u00e5 APEX.\"                class=\"product-category-single\"> Kupert terreng                <sup><i class=\"fa fa-info-circle\" aria-hidden=\"true\"><\/i><\/sup>            <\/span>  <span\n                data-description=\"Mowing decks 132 cm and 152 cm wide are used effectively on large areas.\"                class=\"product-category-single\"> Large areas                <sup><i class=\"fa fa-info-circle\" aria-hidden=\"true\"><\/i><\/sup>            <\/span>     <\/div>\n<\/div>\n<\/div>\n<div class=\"acfd-block acfd-block__twocolumns mb-asm-2 container-fluid container-fluid--force px-0 bg-default\">\n<div class=\"acfd-twocolumns\">\n<div class=\"row\">\n<div class='col-lg-12 mb-4 '>\n<div class=\"acfd-product-advantages--wrapper\">\n<h2 class=\"h1 bigger text-color-black text-center mb-5\">\n        Merkmale &#038; Vorteile    <\/h2>\n<div class=\"acfd-product-advantages\">\n<div class=\"row\">\n<div class=\"col-md-6 mb-4 content\">\n                    <span class=\"d-block h5 text-color-brand mb-1\">Battery capacity<\/span><\/p>\n<p>4 individual 56V battery packs of 4 kWh each = 16 kWh total capacity. Premium Panasonic Li-NMC cells.<\/p>\n<\/p><\/div>\n<div class=\"col-md-6 mb4 image\"  style=\"background-image:url(https:\/\/www.ariens.eu\/se\/wp-content\/uploads\/sites\/8\/2024\/05\/ariens-arrow-e-battery-stand-on-fusioncore-batteries-1.webp)\">\n                <\/div>\n<\/p><\/div>\n<div class=\"row\">\n<div class=\"col-md-6 mb-4 content\">\n                    <span class=\"d-block h5 text-color-brand mb-1\">Quickswap battery change system<\/span><\/p>\n<p>The ARROW E uses the same four 56V battery packs as the ZENITH E. You can mow at full power even with just two batteries. Even a single battery is sufficient for transporting the machine. Fast charging of the four batteries from 0-100% in just 5:20 hours.<\/p>\n<\/p><\/div>\n<div class=\"col-md-6 mb4 image\"  style=\"background-image:url(https:\/\/www.ariens.eu\/se\/wp-content\/uploads\/sites\/8\/2024\/05\/ariens-arrow-e-battery-stand-on-quickswap-battery-system-1.webp)\">\n                <\/div>\n<\/p><\/div>\n<div class=\"row\">\n<div class=\"col-md-6 mb-4 content\">\n                    <span class=\"d-block h5 text-color-brand mb-1\">Brushless spindle motors with slipping clutch<\/span><\/p>\n<p>The high-performance spindle motors of the knives are equipped with a slip clutch. In the event of a collision with a foreign object, it allows the blade to &#8221;slip&#8221; and thus protect the motor from damage. If the worst comes to the worst, the cutter shafts and lower bearings can be replaced.<\/p>\n<\/p><\/div>\n<div class=\"col-md-6 mb4 image\"  style=\"background-image:url(https:\/\/www.ariens.eu\/se\/wp-content\/uploads\/sites\/8\/2024\/05\/ariens-arrow-e-battery-stand-on-spindle-motor-1.webp)\">\n                <\/div>\n<\/p><\/div>\n<div class=\"row\">\n<div class=\"col-md-6 mb-4 content\">\n                    <span class=\"d-block h5 text-color-brand mb-1\">Fotst\u00f6dd klippd\u00e4cksjustering<\/span><\/p>\n<p>Kvalitet har sin vikt. Det robusta klippd\u00e4cket p\u00e5 ARROW E \u00e4r tillverkat av 4,5 mm tjockt st\u00e5l. H\u00f6jden p\u00e5 d\u00e4cket justeras smidigt med ett kombinerat system av fotpedal och manuell lyft.<\/p>\n<\/p><\/div>\n<div class=\"col-md-6 mb4 image\"  style=\"background-image:url(https:\/\/www.ariens.eu\/se\/wp-content\/uploads\/sites\/8\/2024\/05\/ariens-arrow-e-battery-stand-on-dual-deck-lift-system.webp)\">\n                <\/div>\n<\/p><\/div>\n<div class=\"row\">\n<div class=\"col-md-6 mb-4 content\">\n                    <span class=\"d-block h5 text-color-brand mb-1\">Led display \/ interface<\/span><\/p>\n<p>The color LED display keeps you constantly up to date.<\/p>\n<p>\u2022 Charge status of all batteries<br \/>\n\u2022 Operating modes.<br \/>\n\u2022 Operating hours counter<br \/>\n\u2022 System diagnostics<br \/>\n\u2022 Fault messages<\/p>\n<p>No external device is required for diagnostics.<\/p>\n<\/p><\/div>\n<div class=\"col-md-6 mb4 image\"  style=\"background-image:url(https:\/\/www.ariens.eu\/se\/wp-content\/uploads\/sites\/8\/2024\/05\/ariens-arrow-e-battery-stand-on-display-1.webp)\">\n                <\/div>\n<\/p><\/div>\n<div class=\"row\">\n<div class=\"col-md-6 mb-4 content\">\n                    <span class=\"d-block h5 text-color-brand mb-1\">Eco-mode &#8211; don&#8217;t waste energy<\/span><\/p>\n<p>The ARROW E has an ECO mode switch. The highest blade speed is not required when the amount of clippings is low or the driving speed is slow. In this case, use the ECO mode to reduce the blade speed.<\/p>\n<\/p><\/div>\n<div class=\"col-md-6 mb4 image\"  style=\"background-image:url(https:\/\/www.ariens.eu\/se\/wp-content\/uploads\/sites\/8\/2024\/05\/ariens-arrow-e-battery-stand-on-eco-mode-button-1.webp)\">\n                <\/div>\n<\/p><\/div>\n<div class=\"row\">\n<div class=\"col-md-6 mb-4 content\">\n                    <span class=\"d-block h5 text-color-brand mb-1\">Folding driver&#8217;s platform<\/span><\/p>\n<p>The spring-mounted driver&#8217;s platform can be folded upwards for transportation. It can also be used when working under low-hanging branches or when driving on slopes of up to 20\u00b0. This turns the ARROW E into a walk-behind mower in no time. By the way: No suspension system in the world is as good as human legs. This is a major advantage of stand-on mowers for the health of the driver.<\/p>\n<\/p><\/div>\n<div class=\"col-md-6 mb4 image\"  style=\"background-image:url(https:\/\/www.ariens.eu\/se\/wp-content\/uploads\/sites\/8\/2024\/05\/ariens-arrow-e-battery-stand-on-flip-up-suspension-platform.webp)\">\n                <\/div>\n<\/p><\/div>\n<div class=\"row\">\n<div class=\"col-md-6 mb-4 content\">\n                    <span class=\"d-block h5 text-color-brand mb-1\">Intuitive controls<\/span><\/p>\n<p>All functions of the machine are clearly visible and within easy reach of the operator. The maximum travel speed can be limited via a quick action mechanism with magnetic plug. Also features electric parking brake and two driving speed levels.<\/p>\n<\/p><\/div>\n<div class=\"col-md-6 mb4 image\"  style=\"background-image:url(https:\/\/www.ariens.eu\/se\/wp-content\/uploads\/sites\/8\/2024\/05\/ariens-arrow-e-battery-stand-on-intuitive-controls.webp)\">\n                <\/div>\n<\/p><\/div>\n<\/p><\/div>\n<\/div><\/div>\n<div class='col-lg'>                    <\/div>\n<\/p><\/div>\n<\/div>\n<\/div>\n","protected":false},"excerpt":{"rendered":"<p>St\u00e5p\u00e5klippare med batteridrift, h\u00f6g kapacitet och nollutsl\u00e4pp Stand-on-klippare \u00e4r bekv\u00e4ma och snabba \u2013 men framf\u00f6r allt kompakta, smidiga och yteffektiva. Din rygg och dina muskler kommer att tacka dig f\u00f6r den uppr\u00e4tta arbetsst\u00e4llningen. Ariens ARROW E 52R \u00e4r en fullt kommersiell, batteridriven Zero-Turn-klippare.Med ett 132 cm (52&#8243;) bakutkastd\u00e4ck \u00e4r den konstruerad f\u00f6r anv\u00e4ndning i omr\u00e5den [&hellip;]<\/p>\n","protected":false},"featured_media":4565,"comment_status":"open","ping_status":"closed","template":"","meta":{"_acf_changed":false,"_relevanssi_hide_post":"","_relevanssi_hide_content":"","_relevanssi_pin_for_all":"","_relevanssi_pin_keywords":"","_relevanssi_unpin_keywords":"","_relevanssi_related_keywords":"","_relevanssi_related_include_ids":"","_relevanssi_related_exclude_ids":"","_relevanssi_related_no_append":"","_relevanssi_related_not_related":"","_relevanssi_related_posts":"","_relevanssi_noindex_reason":""},"product_brand":[],"product_cat":[15],"product_tag":[],"class_list":{"0":"post-2348","1":"product","2":"type-product","3":"status-publish","4":"has-post-thumbnail","6":"product_variant-ariens-arrow-e","7":"product_usage_areas-kommuner-och-driftgardar","8":"product_usage_areas-tjansteleverantorer","10":"first","11":"instock","12":"shipping-taxable","13":"product-type-simple"},"acf":[],"yoast_head":"<!-- This site is optimized with the Yoast SEO plugin v27.3 - https:\/\/yoast.com\/product\/yoast-seo-wordpress\/ -->\n<title>Ariens ARROW E 52R Zero-Turn st\u00e5p\u00e5klippare<\/title>\n<meta name=\"description\" content=\"Ariens ARROW E 52R Zero-Turn st\u00e5p\u00e5klippare med FusionCore-batterier och 132 cm bakutkastd\u00e4ck ger tyst, kraftfull och effektiv klippning med noll utsl\u00e4pp.\" \/>\n<meta name=\"robots\" content=\"index, follow, max-snippet:-1, max-image-preview:large, max-video-preview:-1\" \/>\n<link rel=\"canonical\" href=\"https:\/\/www.ariens.eu\/se\/product\/zero-turn-mowers\/ariens-arrow-e\/arrow-e-52r\/\" \/>\n<meta property=\"og:locale\" content=\"sv_SE\" \/>\n<meta property=\"og:type\" content=\"article\" \/>\n<meta property=\"og:title\" content=\"Ariens ARROW E 52R Zero-Turn st\u00e5p\u00e5klippare\" \/>\n<meta property=\"og:description\" content=\"Ariens ARROW E 52R Zero-Turn st\u00e5p\u00e5klippare med FusionCore-batterier och 132 cm bakutkastd\u00e4ck ger tyst, kraftfull och effektiv klippning med noll utsl\u00e4pp.\" \/>\n<meta property=\"og:url\" content=\"https:\/\/www.ariens.eu\/se\/product\/zero-turn-mowers\/ariens-arrow-e\/arrow-e-52r\/\" \/>\n<meta property=\"og:site_name\" content=\"Ariens | EMEAA\" \/>\n<meta property=\"article:modified_time\" content=\"2025-11-10T10:49:04+00:00\" \/>\n<meta property=\"og:image\" content=\"https:\/\/www.ariens.eu\/se\/wp-content\/uploads\/sites\/8\/2024\/06\/998304-Ariens-Arrow-E-48R-FL34-2560x1853-8f91da2-2.png\" \/>\n\t<meta property=\"og:image:width\" content=\"2559\" \/>\n\t<meta property=\"og:image:height\" content=\"1853\" \/>\n\t<meta property=\"og:image:type\" content=\"image\/png\" \/>\n<meta name=\"twitter:card\" content=\"summary_large_image\" \/>\n<meta name=\"twitter:label1\" content=\"Ber\u00e4knad l\u00e4stid\" \/>\n\t<meta name=\"twitter:data1\" content=\"3 minuter\" \/>\n<script type=\"application\/ld+json\" class=\"yoast-schema-graph\">{\"@context\":\"https:\\\/\\\/schema.org\",\"@graph\":[{\"@type\":\"WebPage\",\"@id\":\"https:\\\/\\\/www.ariens.eu\\\/se\\\/product\\\/zero-turn-mowers\\\/ariens-arrow-e\\\/arrow-e-52r\\\/\",\"url\":\"https:\\\/\\\/www.ariens.eu\\\/se\\\/product\\\/zero-turn-mowers\\\/ariens-arrow-e\\\/arrow-e-52r\\\/\",\"name\":\"Ariens ARROW E 52R Zero-Turn st\u00e5p\u00e5klippare\",\"isPartOf\":{\"@id\":\"https:\\\/\\\/www.ariens.eu\\\/se\\\/#website\"},\"primaryImageOfPage\":{\"@id\":\"https:\\\/\\\/www.ariens.eu\\\/se\\\/product\\\/zero-turn-mowers\\\/ariens-arrow-e\\\/arrow-e-52r\\\/#primaryimage\"},\"image\":{\"@id\":\"https:\\\/\\\/www.ariens.eu\\\/se\\\/product\\\/zero-turn-mowers\\\/ariens-arrow-e\\\/arrow-e-52r\\\/#primaryimage\"},\"thumbnailUrl\":\"https:\\\/\\\/www.ariens.eu\\\/se\\\/wp-content\\\/uploads\\\/sites\\\/8\\\/2024\\\/06\\\/998304-Ariens-Arrow-E-48R-FL34-2560x1853-8f91da2-2.png\",\"datePublished\":\"2024-05-10T10:04:36+00:00\",\"dateModified\":\"2025-11-10T10:49:04+00:00\",\"description\":\"Ariens ARROW E 52R Zero-Turn st\u00e5p\u00e5klippare med FusionCore-batterier och 132 cm bakutkastd\u00e4ck ger tyst, kraftfull och effektiv klippning med noll utsl\u00e4pp.\",\"breadcrumb\":{\"@id\":\"https:\\\/\\\/www.ariens.eu\\\/se\\\/product\\\/zero-turn-mowers\\\/ariens-arrow-e\\\/arrow-e-52r\\\/#breadcrumb\"},\"inLanguage\":\"sv-SE\",\"potentialAction\":[{\"@type\":\"ReadAction\",\"target\":[\"https:\\\/\\\/www.ariens.eu\\\/se\\\/product\\\/zero-turn-mowers\\\/ariens-arrow-e\\\/arrow-e-52r\\\/\"]}]},{\"@type\":\"ImageObject\",\"inLanguage\":\"sv-SE\",\"@id\":\"https:\\\/\\\/www.ariens.eu\\\/se\\\/product\\\/zero-turn-mowers\\\/ariens-arrow-e\\\/arrow-e-52r\\\/#primaryimage\",\"url\":\"https:\\\/\\\/www.ariens.eu\\\/se\\\/wp-content\\\/uploads\\\/sites\\\/8\\\/2024\\\/06\\\/998304-Ariens-Arrow-E-48R-FL34-2560x1853-8f91da2-2.png\",\"contentUrl\":\"https:\\\/\\\/www.ariens.eu\\\/se\\\/wp-content\\\/uploads\\\/sites\\\/8\\\/2024\\\/06\\\/998304-Ariens-Arrow-E-48R-FL34-2560x1853-8f91da2-2.png\",\"width\":2559,\"height\":1853},{\"@type\":\"BreadcrumbList\",\"@id\":\"https:\\\/\\\/www.ariens.eu\\\/se\\\/product\\\/zero-turn-mowers\\\/ariens-arrow-e\\\/arrow-e-52r\\\/#breadcrumb\",\"itemListElement\":[{\"@type\":\"ListItem\",\"position\":1,\"name\":\"Home\",\"item\":\"https:\\\/\\\/www.ariens.eu\\\/se\\\/\"},{\"@type\":\"ListItem\",\"position\":2,\"name\":\"Shop\",\"item\":\"https:\\\/\\\/www.ariens.eu\\\/se\\\/shop\\\/\"},{\"@type\":\"ListItem\",\"position\":3,\"name\":\"ARROW E 52R\"}]},{\"@type\":\"WebSite\",\"@id\":\"https:\\\/\\\/www.ariens.eu\\\/se\\\/#website\",\"url\":\"https:\\\/\\\/www.ariens.eu\\\/se\\\/\",\"name\":\"Ariens | EMEAA\",\"description\":\"Powerful and reliable zero-turn mowers &amp; snow blowers for professional users and demanding private customers\",\"potentialAction\":[{\"@type\":\"SearchAction\",\"target\":{\"@type\":\"EntryPoint\",\"urlTemplate\":\"https:\\\/\\\/www.ariens.eu\\\/se\\\/?s={search_term_string}\"},\"query-input\":{\"@type\":\"PropertyValueSpecification\",\"valueRequired\":true,\"valueName\":\"search_term_string\"}}],\"inLanguage\":\"sv-SE\"}]}<\/script>\n<!-- \/ Yoast SEO plugin. -->","yoast_head_json":{"title":"Ariens ARROW E 52R Zero-Turn st\u00e5p\u00e5klippare","description":"Ariens ARROW E 52R Zero-Turn st\u00e5p\u00e5klippare med FusionCore-batterier och 132 cm bakutkastd\u00e4ck ger tyst, kraftfull och effektiv klippning med noll utsl\u00e4pp.","robots":{"index":"index","follow":"follow","max-snippet":"max-snippet:-1","max-image-preview":"max-image-preview:large","max-video-preview":"max-video-preview:-1"},"canonical":"https:\/\/www.ariens.eu\/se\/product\/zero-turn-mowers\/ariens-arrow-e\/arrow-e-52r\/","og_locale":"sv_SE","og_type":"article","og_title":"Ariens ARROW E 52R Zero-Turn st\u00e5p\u00e5klippare","og_description":"Ariens ARROW E 52R Zero-Turn st\u00e5p\u00e5klippare med FusionCore-batterier och 132 cm bakutkastd\u00e4ck ger tyst, kraftfull och effektiv klippning med noll utsl\u00e4pp.","og_url":"https:\/\/www.ariens.eu\/se\/product\/zero-turn-mowers\/ariens-arrow-e\/arrow-e-52r\/","og_site_name":"Ariens | EMEAA","article_modified_time":"2025-11-10T10:49:04+00:00","og_image":[{"width":2559,"height":1853,"url":"https:\/\/www.ariens.eu\/se\/wp-content\/uploads\/sites\/8\/2024\/06\/998304-Ariens-Arrow-E-48R-FL34-2560x1853-8f91da2-2.png","type":"image\/png"}],"twitter_card":"summary_large_image","twitter_misc":{"Ber\u00e4knad l\u00e4stid":"3 minuter"},"schema":{"@context":"https:\/\/schema.org","@graph":[{"@type":"WebPage","@id":"https:\/\/www.ariens.eu\/se\/product\/zero-turn-mowers\/ariens-arrow-e\/arrow-e-52r\/","url":"https:\/\/www.ariens.eu\/se\/product\/zero-turn-mowers\/ariens-arrow-e\/arrow-e-52r\/","name":"Ariens ARROW E 52R Zero-Turn st\u00e5p\u00e5klippare","isPartOf":{"@id":"https:\/\/www.ariens.eu\/se\/#website"},"primaryImageOfPage":{"@id":"https:\/\/www.ariens.eu\/se\/product\/zero-turn-mowers\/ariens-arrow-e\/arrow-e-52r\/#primaryimage"},"image":{"@id":"https:\/\/www.ariens.eu\/se\/product\/zero-turn-mowers\/ariens-arrow-e\/arrow-e-52r\/#primaryimage"},"thumbnailUrl":"https:\/\/www.ariens.eu\/se\/wp-content\/uploads\/sites\/8\/2024\/06\/998304-Ariens-Arrow-E-48R-FL34-2560x1853-8f91da2-2.png","datePublished":"2024-05-10T10:04:36+00:00","dateModified":"2025-11-10T10:49:04+00:00","description":"Ariens ARROW E 52R Zero-Turn st\u00e5p\u00e5klippare med FusionCore-batterier och 132 cm bakutkastd\u00e4ck ger tyst, kraftfull och effektiv klippning med noll utsl\u00e4pp.","breadcrumb":{"@id":"https:\/\/www.ariens.eu\/se\/product\/zero-turn-mowers\/ariens-arrow-e\/arrow-e-52r\/#breadcrumb"},"inLanguage":"sv-SE","potentialAction":[{"@type":"ReadAction","target":["https:\/\/www.ariens.eu\/se\/product\/zero-turn-mowers\/ariens-arrow-e\/arrow-e-52r\/"]}]},{"@type":"ImageObject","inLanguage":"sv-SE","@id":"https:\/\/www.ariens.eu\/se\/product\/zero-turn-mowers\/ariens-arrow-e\/arrow-e-52r\/#primaryimage","url":"https:\/\/www.ariens.eu\/se\/wp-content\/uploads\/sites\/8\/2024\/06\/998304-Ariens-Arrow-E-48R-FL34-2560x1853-8f91da2-2.png","contentUrl":"https:\/\/www.ariens.eu\/se\/wp-content\/uploads\/sites\/8\/2024\/06\/998304-Ariens-Arrow-E-48R-FL34-2560x1853-8f91da2-2.png","width":2559,"height":1853},{"@type":"BreadcrumbList","@id":"https:\/\/www.ariens.eu\/se\/product\/zero-turn-mowers\/ariens-arrow-e\/arrow-e-52r\/#breadcrumb","itemListElement":[{"@type":"ListItem","position":1,"name":"Home","item":"https:\/\/www.ariens.eu\/se\/"},{"@type":"ListItem","position":2,"name":"Shop","item":"https:\/\/www.ariens.eu\/se\/shop\/"},{"@type":"ListItem","position":3,"name":"ARROW E 52R"}]},{"@type":"WebSite","@id":"https:\/\/www.ariens.eu\/se\/#website","url":"https:\/\/www.ariens.eu\/se\/","name":"Ariens | EMEAA","description":"Powerful and reliable zero-turn mowers &amp; snow blowers for professional users and demanding private customers","potentialAction":[{"@type":"SearchAction","target":{"@type":"EntryPoint","urlTemplate":"https:\/\/www.ariens.eu\/se\/?s={search_term_string}"},"query-input":{"@type":"PropertyValueSpecification","valueRequired":true,"valueName":"search_term_string"}}],"inLanguage":"sv-SE"}]}},"_links":{"self":[{"href":"https:\/\/www.ariens.eu\/se\/wp-json\/wp\/v2\/product\/2348","targetHints":{"allow":["GET"]}}],"collection":[{"href":"https:\/\/www.ariens.eu\/se\/wp-json\/wp\/v2\/product"}],"about":[{"href":"https:\/\/www.ariens.eu\/se\/wp-json\/wp\/v2\/types\/product"}],"replies":[{"embeddable":true,"href":"https:\/\/www.ariens.eu\/se\/wp-json\/wp\/v2\/comments?post=2348"}],"wp:featuredmedia":[{"embeddable":true,"href":"https:\/\/www.ariens.eu\/se\/wp-json\/wp\/v2\/media\/4565"}],"wp:attachment":[{"href":"https:\/\/www.ariens.eu\/se\/wp-json\/wp\/v2\/media?parent=2348"}],"wp:term":[{"taxonomy":"product_brand","embeddable":true,"href":"https:\/\/www.ariens.eu\/se\/wp-json\/wp\/v2\/product_brand?post=2348"},{"taxonomy":"product_cat","embeddable":true,"href":"https:\/\/www.ariens.eu\/se\/wp-json\/wp\/v2\/product_cat?post=2348"},{"taxonomy":"product_tag","embeddable":true,"href":"https:\/\/www.ariens.eu\/se\/wp-json\/wp\/v2\/product_tag?post=2348"}],"curies":[{"name":"wp","href":"https:\/\/api.w.org\/{rel}","templated":true}]}}