{"id":4766,"date":"2024-11-20T09:34:08","date_gmt":"2024-11-20T09:34:08","guid":{"rendered":"https:\/\/www.ariens.eu\/se\/?post_type=product&#038;p=4766"},"modified":"2026-02-25T10:38:51","modified_gmt":"2026-02-25T10:38:51","slug":"ikon-42","status":"publish","type":"product","link":"https:\/\/www.ariens.eu\/se\/product\/zero-turn-mowers\/ikon-series\/ikon-42","title":{"rendered":"IKON 42"},"content":{"rendered":"<div class=\"acfd-block acfd-block__headline mb-asm-1 container-fluid px-0 bg-default\">\n<div class=\"acfd-headline\" >\n<h2 class='h2 text-left li_black'>Genom summan av detaljerna.<\/h2>\n<\/p><\/div>\n<\/div>\n<div class=\"acfd-block acfd-block__text container-fluid px-0 bg-default\">\n<div class=\"acfd-text li_black\">\n<p>Det senaste och snabbaste s\u00e4ttet att klippa din gr\u00e4smatta. Oavsett hur stor din tr\u00e4dg\u00e5rd \u00e4r s\u00e4tter nya Ariens IKON en ny standard f\u00f6r klippm\u00f6nster, komfort och funktioner.<\/p>\n<\/div>\n<\/div>\n<div class=\"acfd-block acfd-block__text mb-asm-2 container-fluid px-0 bg-default\">\n<div class=\"acfd-text li_black\">\n<p>Nya Ariens IKON \u00e4r mer \u00e4n bara ny. Den skiljer sig inte bara fr\u00e5n sin f\u00f6reg\u00e5ngare \u2013 den \u00f6ppnar en helt ny klass av klippare f\u00f6r b\u00e5de privata och semiprofessionella anv\u00e4ndare.<\/p>\n<p>AriensCos 90-\u00e5rsjubileum blev startskottet f\u00f6r omarbetningen av Ariens IKON-familjen av Zero-Turn-klippare. All samlad erfarenhet fr\u00e5n tidigare \u00e5r har v\u00e4vts in i denna helt omkonstruerade, fullst\u00e4ndiga nyutveckling av Ariens IKON.<\/p>\n<p>V\u00e5ra konstruktionsingenj\u00f6rer har granskat varje komponent. Bepr\u00f6vade delar har beh\u00e5llits, och allt annat har reviderats, f\u00f6rb\u00e4ttrats eller f\u00f6rnyats. Nya Ariens IKON \u00e4r sv\u00e5r att placera i en kategori. Den suddar ut gr\u00e4nsen mellan en klippare f\u00f6r privata anv\u00e4ndare och en professionell maskin. Den banbrytande konstruktionen och prestandan skiljer den fr\u00e5n m\u00e4ngden. Uppt\u00e4ck den\u2026 sj\u00e4lv!<\/p>\n<\/div>\n<\/div>\n<div class=\"acfd-block acfd-block__category mb-asm-3 container-fluid px-0 bg-default\">\n<div class=\"acfd-product-categories\">\n<h2 class=\"text-left mb-3\">\n        Eins\u00e4tze    <\/h2>\n<div class=\"product-categories_wrapper\">\n         <span\n                data-description=\"Are you a service provider, janitorial service or do you have to regularly maintain larger areas? Then a semi-professional machine offers you the performance and durability to reliably complete your mowing work.\"                class=\"product-category-single\"> Semi-Pro                <sup><i class=\"fa fa-info-circle\" aria-hidden=\"true\"><\/i><\/sup>            <\/span>  <span\n                data-description=\"Do you have a beautiful lawn in your garden or around your property? Do you want to maintain your lawn regularly from mid-March? Depending on the cutting width, our mowers can handle all garden sizes.\"                class=\"product-category-single\"> Private                <sup><i class=\"fa fa-info-circle\" aria-hidden=\"true\"><\/i><\/sup>            <\/span>  <span\n                data-description=\"Our mowers are equipped with high-quality Kawasaki<sup>&reg;<\/sup> or Ariens engines. They deliver above-average performance and reliability.\"                class=\"product-category-single\"> Petrol                <sup><i class=\"fa fa-info-circle\" aria-hidden=\"true\"><\/i><\/sup>            <\/span>  <span\n                data-description=\"When using a suitable mulching kit in your mower, the side discharge is no longer necessary. The clippings are finely shredded and evenly distributed to the rear of the lawn. Any fertilizer applied remains on the surface and the fine grass particles disappear almost invisibly into the lawn.\"                class=\"product-category-single\"> Optional mulching kit                <sup><i class=\"fa fa-info-circle\" aria-hidden=\"true\"><\/i><\/sup>            <\/span>  <span\n                data-description=\"Ariens ride-on mowers offer a high level of comfort. We use high-quality seats from the entry-level model upwards. Ample legroom and ergonomic controls are standard.\"                class=\"product-category-single\"> Ride-On (sitting)                <sup><i class=\"fa fa-info-circle\" aria-hidden=\"true\"><\/i><\/sup>            <\/span>  <span\n                data-description=\"With the APEX and ZENITH models, you have the choice between side discharge and rear discharge mower decks. A side discharge mower deck ejects the clippings via a side opening and a deflector. The powerful airflow then distributes it over a large area. An optional mulching kit can be installed in side discharge mower decks. When a mulching kit is used, the clippings are finely shredded and ejected to the rear. The side discharge and deflector are then closed or removed.\"                class=\"product-category-single\"> Side discharge                <sup><i class=\"fa fa-info-circle\" aria-hidden=\"true\"><\/i><\/sup>            <\/span>  <span\n                data-description=\"Alle Ariens-pl\u00e6neklippere er velegnede til flade gr\u00e6spl\u00e6ner. V\u00e6lg din klippebredde i henhold til st\u00f8rrelsen p\u00e5 dit omr\u00e5de og eventuelle begr\u00e6nsende smalle omr\u00e5der.\"                class=\"product-category-single\"> Fladt terr\u00e6n                <sup><i class=\"fa fa-info-circle\" aria-hidden=\"true\"><\/i><\/sup>            <\/span>  <span\n                data-description=\"Ariens-pl\u00e6neklippere klarer sig godt p\u00e5 uj\u00e6vnt terr\u00e6n. Til uj\u00e6vnt terr\u00e6n skal du v\u00e6lge smallere klippeaggregater for at opn\u00e5 et mere ensartet klippem\u00f8nster.\"                class=\"product-category-single\"> Uj\u00e6vnt terr\u00e6n                <sup><i class=\"fa fa-info-circle\" aria-hidden=\"true\"><\/i><\/sup>            <\/span>  <span\n                data-description=\"Det anbefales \u00e5 velge en maskin med brede hjul. Ikke overskrid den angitte sikkerhetsgrensen p\u00e5 15\u00b0 helling for sitteklippere og 20\u00b0 for st\u00e5ende klippere. P\u00e5 ujevnt terreng b\u00f8r du velge et smalere klippeaggregat for et mer jevnt klipperesultat. ZENITH-modellen leveres med veltesikring (ROPS) som standard, og dette kan ettermonteres p\u00e5 APEX.\"                class=\"product-category-single\"> Kupert terreng                <sup><i class=\"fa fa-info-circle\" aria-hidden=\"true\"><\/i><\/sup>            <\/span>  <span\n                data-description=\"Mowing decks 132 cm and 152 cm wide are used effectively on large areas.\"                class=\"product-category-single\"> Large areas                <sup><i class=\"fa fa-info-circle\" aria-hidden=\"true\"><\/i><\/sup>            <\/span>     <\/div>\n<\/div>\n<\/div>\n<div class=\"acfd-block acfd-block__media mb-asm-1 container-fluid px-0 bg-default\">\n<div class=\"acfd-media\">\n<div class=\"initial-hidden\" data-type=\"youtube\" data-video-id=\"https:\/\/www.youtube.com\/watch?v=hUcrbaaPg1c\"\n                        data-autoplay=\"false\"><\/div>\n<div class=\"bg-16-9 media-placeholder-content-wrapper\">\n<div class=\"media-thumbnail-description media-embed-wrapper\">\n<div class=\"description-wrapper\">\n                                    Um dieses Video anzusehen, akzeptieren Sie bitte Cookies externer Medien.                                    <\/p>\n<div class=\"consent-configuration-wrapper\">\n                                        <button id=\"liOpenCookieSettings\" class=\"li-open-cookie-settings\">Change Cookie Preferences<\/button>                                    <\/div>\n<\/p><\/div>\n<\/p><\/div>\n<div class=\"media-embed-wrapper\">\n                                <img decoding=\"async\" src=\"https:\/\/img.youtube.com\/vi\/hUcrbaaPg1c\/0.jpg\" alt=\"Youtube Video Thumbnail\"\/>\n                            <\/div>\n<\/p><\/div>\n<\/p><\/div>\n<\/div>\n<div class=\"acfd-block acfd-block__twocolumns container-fluid px-0 bg-default\">\n<div class=\"acfd-twocolumns\">\n<div class=\"row\">\n<div class='col-lg-12 mb-4 '>\n<div class=\"acfd-product-advantages--wrapper\">\n<h2 class=\"h1 bigger text-color-black text-center mb-5\">\n        Merkmale &#038; Vorteile    <\/h2>\n<div class=\"acfd-product-advantages\">\n<div class=\"row\">\n<div class=\"col-md-6 mb-4 content\">\n                    <span class=\"d-block h5 text-color-brand mb-1\">Stability and durability:<\/span><\/p>\n<p>As with the professional series, the IKON has a fully welded tubular frame.<\/p>\n<\/p><\/div>\n<div class=\"col-md-6 mb4 image\" >\n                <\/div>\n<\/p><\/div>\n<div class=\"row\">\n<div class=\"col-md-6 mb-4 content\">\n                    <span class=\"d-block h5 text-color-brand mb-1\">Power reserves and reliability<\/span><\/p>\n<p>The Kawasaki<sup>&reg;<\/sup> FR engine series on the IKON is the top benchmark in its class. It delivers the power and performance needed in the toughest conditions.<\/p>\n<\/p><\/div>\n<div class=\"col-md-6 mb4 image\" >\n                <\/div>\n<\/p><\/div>\n<div class=\"row\">\n<div class=\"col-md-6 mb-4 content\">\n                    <span class=\"d-block h5 text-color-brand mb-1\">Carefree wheel drive<\/span><\/p>\n<p>The two separate hydrostatic EZT<sup>&reg;<\/sup> wheel motors from HYDRO-GEAR<sup>&reg;<\/sup> are service-free and guarantee a smooth driving experience.<\/p>\n<\/p><\/div>\n<div class=\"col-md-6 mb4 image\" >\n                <\/div>\n<\/p><\/div>\n<div class=\"row\">\n<div class=\"col-md-6 mb-4 content\">\n                    <span class=\"d-block h5 text-color-brand mb-1\">New ENVY mower deck<\/span><\/p>\n<p>The mowing deck is the most heavily loaded component of a mower. Stability is particularly important here: The new ENVY mower deck has improved air flow and an enlarged discharge. Lying grass is lifted higher and cut perfectly. With 4-point suspension for permanent fixation and parallelism. Furthermore, Blade spindles made of forged aluminium. Cooler running and more impact and vibration resistant than cast spindles. Standard in the course of the 2025 season on APEX and ZENITH &amp; the new IKON.<\/p>\n<\/p><\/div>\n<div class=\"col-md-6 mb4 image\" >\n                <\/div>\n<\/p><\/div>\n<\/p><\/div>\n<\/div><\/div>\n<div class='col-lg'>                    <\/div>\n<\/p><\/div>\n<\/div>\n<\/div>\n","protected":false},"excerpt":{"rendered":"<p>Det senaste och snabbaste s\u00e4ttet att klippa din gr\u00e4smatta. Oavsett hur stor din tr\u00e4dg\u00e5rd \u00e4r s\u00e4tter nya Ariens IKON en ny standard f\u00f6r klippm\u00f6nster, komfort och funktioner.<\/p>\n","protected":false},"featured_media":4773,"comment_status":"open","ping_status":"closed","template":"","meta":{"_acf_changed":false,"_relevanssi_hide_post":"","_relevanssi_hide_content":"","_relevanssi_pin_for_all":"","_relevanssi_pin_keywords":"","_relevanssi_unpin_keywords":"","_relevanssi_related_keywords":"","_relevanssi_related_include_ids":"","_relevanssi_related_exclude_ids":"","_relevanssi_related_no_append":"","_relevanssi_related_not_related":"","_relevanssi_related_posts":"","_relevanssi_noindex_reason":""},"product_brand":[],"product_cat":[15],"product_tag":[],"class_list":{"0":"post-4766","1":"product","2":"type-product","3":"status-publish","4":"has-post-thumbnail","6":"product_variant-ikon-series","7":"product_usage_areas-fritids-anlaggningar","8":"product_usage_areas-kommuner-och-driftgardar","9":"product_usage_areas-tjansteleverantorer","10":"product_usage_areas-vaktmastartjanster","12":"first","13":"instock","14":"shipping-taxable","15":"product-type-simple"},"acf":[],"yoast_head":"<!-- This site is optimized with the Yoast SEO plugin v27.3 - https:\/\/yoast.com\/product\/yoast-seo-wordpress\/ -->\n<title>Ariens IKON Zero-Turn-klippare<\/title>\n<meta name=\"description\" content=\"Ariens IKON Zero-Turn-klippare kombinerar ny design, h\u00f6g komfort och professionell prestanda - en helt ny klass av klippare f\u00f6r b\u00e5de privat och semiprofessionellt bruk.\" \/>\n<meta name=\"robots\" content=\"index, follow, max-snippet:-1, max-image-preview:large, max-video-preview:-1\" \/>\n<link rel=\"canonical\" href=\"https:\/\/www.ariens.eu\/se\/product\/zero-turn-mowers\/ikon-series\/ikon-42\/\" \/>\n<meta property=\"og:locale\" content=\"sv_SE\" \/>\n<meta property=\"og:type\" content=\"article\" \/>\n<meta property=\"og:title\" content=\"Ariens IKON Zero-Turn-klippare\" \/>\n<meta property=\"og:description\" content=\"Ariens IKON Zero-Turn-klippare kombinerar ny design, h\u00f6g komfort och professionell prestanda - en helt ny klass av klippare f\u00f6r b\u00e5de privat och semiprofessionellt bruk.\" \/>\n<meta property=\"og:url\" content=\"https:\/\/www.ariens.eu\/se\/product\/zero-turn-mowers\/ikon-series\/ikon-42\/\" \/>\n<meta property=\"og:site_name\" content=\"Ariens | EMEAA\" \/>\n<meta property=\"article:modified_time\" content=\"2026-02-25T10:38:51+00:00\" \/>\n<meta property=\"og:image\" content=\"https:\/\/www.ariens.eu\/se\/wp-content\/uploads\/sites\/8\/2024\/11\/ariens-ikon-42-sd.png\" \/>\n\t<meta property=\"og:image:width\" content=\"1008\" \/>\n\t<meta property=\"og:image:height\" content=\"750\" \/>\n\t<meta property=\"og:image:type\" content=\"image\/png\" \/>\n<meta name=\"twitter:card\" content=\"summary_large_image\" \/>\n<meta name=\"twitter:label1\" content=\"Ber\u00e4knad l\u00e4stid\" \/>\n\t<meta name=\"twitter:data1\" content=\"3 minuter\" \/>\n<script type=\"application\/ld+json\" class=\"yoast-schema-graph\">{\"@context\":\"https:\\\/\\\/schema.org\",\"@graph\":[{\"@type\":\"WebPage\",\"@id\":\"https:\\\/\\\/www.ariens.eu\\\/se\\\/product\\\/zero-turn-mowers\\\/ikon-series\\\/ikon-42\\\/\",\"url\":\"https:\\\/\\\/www.ariens.eu\\\/se\\\/product\\\/zero-turn-mowers\\\/ikon-series\\\/ikon-42\\\/\",\"name\":\"Ariens IKON Zero-Turn-klippare\",\"isPartOf\":{\"@id\":\"https:\\\/\\\/www.ariens.eu\\\/se\\\/#website\"},\"primaryImageOfPage\":{\"@id\":\"https:\\\/\\\/www.ariens.eu\\\/se\\\/product\\\/zero-turn-mowers\\\/ikon-series\\\/ikon-42\\\/#primaryimage\"},\"image\":{\"@id\":\"https:\\\/\\\/www.ariens.eu\\\/se\\\/product\\\/zero-turn-mowers\\\/ikon-series\\\/ikon-42\\\/#primaryimage\"},\"thumbnailUrl\":\"https:\\\/\\\/www.ariens.eu\\\/se\\\/wp-content\\\/uploads\\\/sites\\\/8\\\/2024\\\/11\\\/ariens-ikon-42-sd.png\",\"datePublished\":\"2024-11-20T09:34:08+00:00\",\"dateModified\":\"2026-02-25T10:38:51+00:00\",\"description\":\"Ariens IKON Zero-Turn-klippare kombinerar ny design, h\u00f6g komfort och professionell prestanda - en helt ny klass av klippare f\u00f6r b\u00e5de privat och semiprofessionellt bruk.\",\"breadcrumb\":{\"@id\":\"https:\\\/\\\/www.ariens.eu\\\/se\\\/product\\\/zero-turn-mowers\\\/ikon-series\\\/ikon-42\\\/#breadcrumb\"},\"inLanguage\":\"sv-SE\",\"potentialAction\":[{\"@type\":\"ReadAction\",\"target\":[\"https:\\\/\\\/www.ariens.eu\\\/se\\\/product\\\/zero-turn-mowers\\\/ikon-series\\\/ikon-42\\\/\"]}]},{\"@type\":\"ImageObject\",\"inLanguage\":\"sv-SE\",\"@id\":\"https:\\\/\\\/www.ariens.eu\\\/se\\\/product\\\/zero-turn-mowers\\\/ikon-series\\\/ikon-42\\\/#primaryimage\",\"url\":\"https:\\\/\\\/www.ariens.eu\\\/se\\\/wp-content\\\/uploads\\\/sites\\\/8\\\/2024\\\/11\\\/ariens-ikon-42-sd.png\",\"contentUrl\":\"https:\\\/\\\/www.ariens.eu\\\/se\\\/wp-content\\\/uploads\\\/sites\\\/8\\\/2024\\\/11\\\/ariens-ikon-42-sd.png\",\"width\":1008,\"height\":750},{\"@type\":\"BreadcrumbList\",\"@id\":\"https:\\\/\\\/www.ariens.eu\\\/se\\\/product\\\/zero-turn-mowers\\\/ikon-series\\\/ikon-42\\\/#breadcrumb\",\"itemListElement\":[{\"@type\":\"ListItem\",\"position\":1,\"name\":\"Home\",\"item\":\"https:\\\/\\\/www.ariens.eu\\\/se\\\/\"},{\"@type\":\"ListItem\",\"position\":2,\"name\":\"Shop\",\"item\":\"https:\\\/\\\/www.ariens.eu\\\/se\\\/shop\\\/\"},{\"@type\":\"ListItem\",\"position\":3,\"name\":\"IKON 42\"}]},{\"@type\":\"WebSite\",\"@id\":\"https:\\\/\\\/www.ariens.eu\\\/se\\\/#website\",\"url\":\"https:\\\/\\\/www.ariens.eu\\\/se\\\/\",\"name\":\"Ariens | EMEAA\",\"description\":\"Powerful and reliable zero-turn mowers &amp; snow blowers for professional users and demanding private customers\",\"potentialAction\":[{\"@type\":\"SearchAction\",\"target\":{\"@type\":\"EntryPoint\",\"urlTemplate\":\"https:\\\/\\\/www.ariens.eu\\\/se\\\/?s={search_term_string}\"},\"query-input\":{\"@type\":\"PropertyValueSpecification\",\"valueRequired\":true,\"valueName\":\"search_term_string\"}}],\"inLanguage\":\"sv-SE\"}]}<\/script>\n<!-- \/ Yoast SEO plugin. -->","yoast_head_json":{"title":"Ariens IKON Zero-Turn-klippare","description":"Ariens IKON Zero-Turn-klippare kombinerar ny design, h\u00f6g komfort och professionell prestanda - en helt ny klass av klippare f\u00f6r b\u00e5de privat och semiprofessionellt bruk.","robots":{"index":"index","follow":"follow","max-snippet":"max-snippet:-1","max-image-preview":"max-image-preview:large","max-video-preview":"max-video-preview:-1"},"canonical":"https:\/\/www.ariens.eu\/se\/product\/zero-turn-mowers\/ikon-series\/ikon-42\/","og_locale":"sv_SE","og_type":"article","og_title":"Ariens IKON Zero-Turn-klippare","og_description":"Ariens IKON Zero-Turn-klippare kombinerar ny design, h\u00f6g komfort och professionell prestanda - en helt ny klass av klippare f\u00f6r b\u00e5de privat och semiprofessionellt bruk.","og_url":"https:\/\/www.ariens.eu\/se\/product\/zero-turn-mowers\/ikon-series\/ikon-42\/","og_site_name":"Ariens | EMEAA","article_modified_time":"2026-02-25T10:38:51+00:00","og_image":[{"width":1008,"height":750,"url":"https:\/\/www.ariens.eu\/se\/wp-content\/uploads\/sites\/8\/2024\/11\/ariens-ikon-42-sd.png","type":"image\/png"}],"twitter_card":"summary_large_image","twitter_misc":{"Ber\u00e4knad l\u00e4stid":"3 minuter"},"schema":{"@context":"https:\/\/schema.org","@graph":[{"@type":"WebPage","@id":"https:\/\/www.ariens.eu\/se\/product\/zero-turn-mowers\/ikon-series\/ikon-42\/","url":"https:\/\/www.ariens.eu\/se\/product\/zero-turn-mowers\/ikon-series\/ikon-42\/","name":"Ariens IKON Zero-Turn-klippare","isPartOf":{"@id":"https:\/\/www.ariens.eu\/se\/#website"},"primaryImageOfPage":{"@id":"https:\/\/www.ariens.eu\/se\/product\/zero-turn-mowers\/ikon-series\/ikon-42\/#primaryimage"},"image":{"@id":"https:\/\/www.ariens.eu\/se\/product\/zero-turn-mowers\/ikon-series\/ikon-42\/#primaryimage"},"thumbnailUrl":"https:\/\/www.ariens.eu\/se\/wp-content\/uploads\/sites\/8\/2024\/11\/ariens-ikon-42-sd.png","datePublished":"2024-11-20T09:34:08+00:00","dateModified":"2026-02-25T10:38:51+00:00","description":"Ariens IKON Zero-Turn-klippare kombinerar ny design, h\u00f6g komfort och professionell prestanda - en helt ny klass av klippare f\u00f6r b\u00e5de privat och semiprofessionellt bruk.","breadcrumb":{"@id":"https:\/\/www.ariens.eu\/se\/product\/zero-turn-mowers\/ikon-series\/ikon-42\/#breadcrumb"},"inLanguage":"sv-SE","potentialAction":[{"@type":"ReadAction","target":["https:\/\/www.ariens.eu\/se\/product\/zero-turn-mowers\/ikon-series\/ikon-42\/"]}]},{"@type":"ImageObject","inLanguage":"sv-SE","@id":"https:\/\/www.ariens.eu\/se\/product\/zero-turn-mowers\/ikon-series\/ikon-42\/#primaryimage","url":"https:\/\/www.ariens.eu\/se\/wp-content\/uploads\/sites\/8\/2024\/11\/ariens-ikon-42-sd.png","contentUrl":"https:\/\/www.ariens.eu\/se\/wp-content\/uploads\/sites\/8\/2024\/11\/ariens-ikon-42-sd.png","width":1008,"height":750},{"@type":"BreadcrumbList","@id":"https:\/\/www.ariens.eu\/se\/product\/zero-turn-mowers\/ikon-series\/ikon-42\/#breadcrumb","itemListElement":[{"@type":"ListItem","position":1,"name":"Home","item":"https:\/\/www.ariens.eu\/se\/"},{"@type":"ListItem","position":2,"name":"Shop","item":"https:\/\/www.ariens.eu\/se\/shop\/"},{"@type":"ListItem","position":3,"name":"IKON 42"}]},{"@type":"WebSite","@id":"https:\/\/www.ariens.eu\/se\/#website","url":"https:\/\/www.ariens.eu\/se\/","name":"Ariens | EMEAA","description":"Powerful and reliable zero-turn mowers &amp; snow blowers for professional users and demanding private customers","potentialAction":[{"@type":"SearchAction","target":{"@type":"EntryPoint","urlTemplate":"https:\/\/www.ariens.eu\/se\/?s={search_term_string}"},"query-input":{"@type":"PropertyValueSpecification","valueRequired":true,"valueName":"search_term_string"}}],"inLanguage":"sv-SE"}]}},"_links":{"self":[{"href":"https:\/\/www.ariens.eu\/se\/wp-json\/wp\/v2\/product\/4766","targetHints":{"allow":["GET"]}}],"collection":[{"href":"https:\/\/www.ariens.eu\/se\/wp-json\/wp\/v2\/product"}],"about":[{"href":"https:\/\/www.ariens.eu\/se\/wp-json\/wp\/v2\/types\/product"}],"replies":[{"embeddable":true,"href":"https:\/\/www.ariens.eu\/se\/wp-json\/wp\/v2\/comments?post=4766"}],"wp:featuredmedia":[{"embeddable":true,"href":"https:\/\/www.ariens.eu\/se\/wp-json\/wp\/v2\/media\/4773"}],"wp:attachment":[{"href":"https:\/\/www.ariens.eu\/se\/wp-json\/wp\/v2\/media?parent=4766"}],"wp:term":[{"taxonomy":"product_brand","embeddable":true,"href":"https:\/\/www.ariens.eu\/se\/wp-json\/wp\/v2\/product_brand?post=4766"},{"taxonomy":"product_cat","embeddable":true,"href":"https:\/\/www.ariens.eu\/se\/wp-json\/wp\/v2\/product_cat?post=4766"},{"taxonomy":"product_tag","embeddable":true,"href":"https:\/\/www.ariens.eu\/se\/wp-json\/wp\/v2\/product_tag?post=4766"}],"curies":[{"name":"wp","href":"https:\/\/api.w.org\/{rel}","templated":true}]}}