{"id":1863,"date":"2024-04-30T14:30:11","date_gmt":"2024-04-30T13:30:11","guid":{"rendered":"https:\/\/www.ariens.eu\/?page_id=1863"},"modified":"2025-04-17T12:27:41","modified_gmt":"2025-04-17T11:27:41","slug":"recenzie-zakaznikov","status":"publish","type":"page","link":"https:\/\/www.ariens.eu\/sk\/novinky\/recenzie-zakaznikov\/","title":{"rendered":"Recenzie z\u00e1kazn\u00edkov"},"content":{"rendered":"","protected":false},"excerpt":{"rendered":"","protected":false},"author":7,"featured_media":0,"parent":1752,"menu_order":0,"comment_status":"closed","ping_status":"closed","template":"template-posts_archive.php","meta":{"_acf_changed":false,"_relevanssi_hide_post":"","_relevanssi_hide_content":"","_relevanssi_pin_for_all":"","_relevanssi_pin_keywords":"","_relevanssi_unpin_keywords":"","_relevanssi_related_keywords":"","_relevanssi_related_include_ids":"","_relevanssi_related_exclude_ids":"","_relevanssi_related_no_append":"","_relevanssi_related_not_related":"","_relevanssi_related_posts":"","_relevanssi_noindex_reason":"","footnotes":""},"class_list":["post-1863","page","type-page","status-publish","hentry"],"acf":[],"yoast_head":"<!-- This site is optimized with the Yoast SEO plugin v27.3 - https:\/\/yoast.com\/product\/yoast-seo-wordpress\/ -->\n<title>Recenzie z\u00e1kazn\u00edkov \u2013 Ariens<\/title>\n<meta name=\"description\" content=\"\u00daspech, ktor\u00fd dosiahnete s produktami ARIENS vo va\u0161ej pr\u00e1ci, je pre n\u00e1s najd\u00f4le\u017eitej\u0161\u00ed. Tu sa dozviete, \u010do hovoria na\u0161i z\u00e1kazn\u00edci.\" \/>\n<meta name=\"robots\" content=\"noindex, follow, max-snippet:-1, max-image-preview:large, max-video-preview:-1\" \/>\n<meta property=\"og:locale\" content=\"sk_SK\" \/>\n<meta property=\"og:type\" content=\"article\" \/>\n<meta property=\"og:title\" content=\"Recenzie z\u00e1kazn\u00edkov \u2013 Ariens\" \/>\n<meta property=\"og:description\" content=\"\u00daspech, ktor\u00fd dosiahnete s produktami ARIENS vo va\u0161ej pr\u00e1ci, je pre n\u00e1s najd\u00f4le\u017eitej\u0161\u00ed. Tu sa dozviete, \u010do hovoria na\u0161i z\u00e1kazn\u00edci.\" \/>\n<meta property=\"og:url\" content=\"https:\/\/www.ariens.eu\/sk\/novinky\/recenzie-zakaznikov\/\" \/>\n<meta property=\"og:site_name\" content=\"Ariens |\u00a0EMEAA\" \/>\n<meta property=\"article:modified_time\" content=\"2025-04-17T11:27:41+00:00\" \/>\n<meta property=\"og:image\" content=\"https:\/\/www.ariens.eu\/sk\/wp-content\/uploads\/sites\/18\/2024\/11\/google-search-image-ariens.jpg\" \/>\n\t<meta property=\"og:image:width\" content=\"1200\" \/>\n\t<meta property=\"og:image:height\" content=\"675\" \/>\n\t<meta property=\"og:image:type\" content=\"image\/jpeg\" \/>\n<meta name=\"twitter:card\" content=\"summary_large_image\" \/>\n<script type=\"application\/ld+json\" class=\"yoast-schema-graph\">{\"@context\":\"https:\\\/\\\/schema.org\",\"@graph\":[{\"@type\":\"WebPage\",\"@id\":\"https:\\\/\\\/www.ariens.eu\\\/sk\\\/novinky\\\/recenzie-zakaznikov\\\/\",\"url\":\"https:\\\/\\\/www.ariens.eu\\\/sk\\\/novinky\\\/recenzie-zakaznikov\\\/\",\"name\":\"Recenzie z\u00e1kazn\u00edkov \u2013 Ariens\",\"isPartOf\":{\"@id\":\"https:\\\/\\\/www.ariens.eu\\\/sk\\\/#website\"},\"datePublished\":\"2024-04-30T13:30:11+00:00\",\"dateModified\":\"2025-04-17T11:27:41+00:00\",\"description\":\"\u00daspech, ktor\u00fd dosiahnete s produktami ARIENS vo va\u0161ej pr\u00e1ci, je pre n\u00e1s najd\u00f4le\u017eitej\u0161\u00ed. Tu sa dozviete, \u010do hovoria na\u0161i z\u00e1kazn\u00edci.\",\"breadcrumb\":{\"@id\":\"https:\\\/\\\/www.ariens.eu\\\/sk\\\/novinky\\\/recenzie-zakaznikov\\\/#breadcrumb\"},\"inLanguage\":\"sk-SK\",\"potentialAction\":[{\"@type\":\"ReadAction\",\"target\":[\"https:\\\/\\\/www.ariens.eu\\\/sk\\\/novinky\\\/recenzie-zakaznikov\\\/\"]}]},{\"@type\":\"BreadcrumbList\",\"@id\":\"https:\\\/\\\/www.ariens.eu\\\/sk\\\/novinky\\\/recenzie-zakaznikov\\\/#breadcrumb\",\"itemListElement\":[{\"@type\":\"ListItem\",\"position\":1,\"name\":\"Home\",\"item\":\"https:\\\/\\\/www.ariens.eu\\\/sk\\\/\"},{\"@type\":\"ListItem\",\"position\":2,\"name\":\"Novinky\",\"item\":\"https:\\\/\\\/www.ariens.eu\\\/sk\\\/novinky\\\/\"},{\"@type\":\"ListItem\",\"position\":3,\"name\":\"Recenzie z\u00e1kazn\u00edkov\"}]},{\"@type\":\"WebSite\",\"@id\":\"https:\\\/\\\/www.ariens.eu\\\/sk\\\/#website\",\"url\":\"https:\\\/\\\/www.ariens.eu\\\/sk\\\/\",\"name\":\"Ariens | EMEAA\",\"description\":\"Powerful and reliable zero-turn mowers &amp; snow blowers for professional users and demanding private customers\",\"publisher\":{\"@id\":\"https:\\\/\\\/www.ariens.eu\\\/sk\\\/#organization\"},\"potentialAction\":[{\"@type\":\"SearchAction\",\"target\":{\"@type\":\"EntryPoint\",\"urlTemplate\":\"https:\\\/\\\/www.ariens.eu\\\/sk\\\/?s={search_term_string}\"},\"query-input\":{\"@type\":\"PropertyValueSpecification\",\"valueRequired\":true,\"valueName\":\"search_term_string\"}}],\"inLanguage\":\"sk-SK\"},{\"@type\":\"Organization\",\"@id\":\"https:\\\/\\\/www.ariens.eu\\\/sk\\\/#organization\",\"name\":\"AriensCo GmbH\",\"url\":\"https:\\\/\\\/www.ariens.eu\\\/sk\\\/\",\"logo\":{\"@type\":\"ImageObject\",\"inLanguage\":\"sk-SK\",\"@id\":\"https:\\\/\\\/www.ariens.eu\\\/sk\\\/#\\\/schema\\\/logo\\\/image\\\/\",\"url\":\"https:\\\/\\\/www.ariens.eu\\\/wp-content\\\/uploads\\\/2024\\\/11\\\/ariens-co-logo.jpg\",\"contentUrl\":\"https:\\\/\\\/www.ariens.eu\\\/wp-content\\\/uploads\\\/2024\\\/11\\\/ariens-co-logo.jpg\",\"width\":1000,\"height\":1000,\"caption\":\"AriensCo GmbH\"},\"image\":{\"@id\":\"https:\\\/\\\/www.ariens.eu\\\/sk\\\/#\\\/schema\\\/logo\\\/image\\\/\"}}]}<\/script>\n<!-- \/ Yoast SEO plugin. -->","yoast_head_json":{"title":"Recenzie z\u00e1kazn\u00edkov \u2013 Ariens","description":"\u00daspech, ktor\u00fd dosiahnete s produktami ARIENS vo va\u0161ej pr\u00e1ci, je pre n\u00e1s najd\u00f4le\u017eitej\u0161\u00ed. Tu sa dozviete, \u010do hovoria na\u0161i z\u00e1kazn\u00edci.","robots":{"index":"noindex","follow":"follow","max-snippet":"max-snippet:-1","max-image-preview":"max-image-preview:large","max-video-preview":"max-video-preview:-1"},"og_locale":"sk_SK","og_type":"article","og_title":"Recenzie z\u00e1kazn\u00edkov \u2013 Ariens","og_description":"\u00daspech, ktor\u00fd dosiahnete s produktami ARIENS vo va\u0161ej pr\u00e1ci, je pre n\u00e1s najd\u00f4le\u017eitej\u0161\u00ed. Tu sa dozviete, \u010do hovoria na\u0161i z\u00e1kazn\u00edci.","og_url":"https:\/\/www.ariens.eu\/sk\/novinky\/recenzie-zakaznikov\/","og_site_name":"Ariens |\u00a0EMEAA","article_modified_time":"2025-04-17T11:27:41+00:00","og_image":[{"width":1200,"height":675,"url":"https:\/\/www.ariens.eu\/sk\/wp-content\/uploads\/sites\/18\/2024\/11\/google-search-image-ariens.jpg","type":"image\/jpeg"}],"twitter_card":"summary_large_image","schema":{"@context":"https:\/\/schema.org","@graph":[{"@type":"WebPage","@id":"https:\/\/www.ariens.eu\/sk\/novinky\/recenzie-zakaznikov\/","url":"https:\/\/www.ariens.eu\/sk\/novinky\/recenzie-zakaznikov\/","name":"Recenzie z\u00e1kazn\u00edkov \u2013 Ariens","isPartOf":{"@id":"https:\/\/www.ariens.eu\/sk\/#website"},"datePublished":"2024-04-30T13:30:11+00:00","dateModified":"2025-04-17T11:27:41+00:00","description":"\u00daspech, ktor\u00fd dosiahnete s produktami ARIENS vo va\u0161ej pr\u00e1ci, je pre n\u00e1s najd\u00f4le\u017eitej\u0161\u00ed. Tu sa dozviete, \u010do hovoria na\u0161i z\u00e1kazn\u00edci.","breadcrumb":{"@id":"https:\/\/www.ariens.eu\/sk\/novinky\/recenzie-zakaznikov\/#breadcrumb"},"inLanguage":"sk-SK","potentialAction":[{"@type":"ReadAction","target":["https:\/\/www.ariens.eu\/sk\/novinky\/recenzie-zakaznikov\/"]}]},{"@type":"BreadcrumbList","@id":"https:\/\/www.ariens.eu\/sk\/novinky\/recenzie-zakaznikov\/#breadcrumb","itemListElement":[{"@type":"ListItem","position":1,"name":"Home","item":"https:\/\/www.ariens.eu\/sk\/"},{"@type":"ListItem","position":2,"name":"Novinky","item":"https:\/\/www.ariens.eu\/sk\/novinky\/"},{"@type":"ListItem","position":3,"name":"Recenzie z\u00e1kazn\u00edkov"}]},{"@type":"WebSite","@id":"https:\/\/www.ariens.eu\/sk\/#website","url":"https:\/\/www.ariens.eu\/sk\/","name":"Ariens | EMEAA","description":"Powerful and reliable zero-turn mowers &amp; snow blowers for professional users and demanding private customers","publisher":{"@id":"https:\/\/www.ariens.eu\/sk\/#organization"},"potentialAction":[{"@type":"SearchAction","target":{"@type":"EntryPoint","urlTemplate":"https:\/\/www.ariens.eu\/sk\/?s={search_term_string}"},"query-input":{"@type":"PropertyValueSpecification","valueRequired":true,"valueName":"search_term_string"}}],"inLanguage":"sk-SK"},{"@type":"Organization","@id":"https:\/\/www.ariens.eu\/sk\/#organization","name":"AriensCo GmbH","url":"https:\/\/www.ariens.eu\/sk\/","logo":{"@type":"ImageObject","inLanguage":"sk-SK","@id":"https:\/\/www.ariens.eu\/sk\/#\/schema\/logo\/image\/","url":"https:\/\/www.ariens.eu\/wp-content\/uploads\/2024\/11\/ariens-co-logo.jpg","contentUrl":"https:\/\/www.ariens.eu\/wp-content\/uploads\/2024\/11\/ariens-co-logo.jpg","width":1000,"height":1000,"caption":"AriensCo GmbH"},"image":{"@id":"https:\/\/www.ariens.eu\/sk\/#\/schema\/logo\/image\/"}}]}},"_links":{"self":[{"href":"https:\/\/www.ariens.eu\/sk\/wp-json\/wp\/v2\/pages\/1863","targetHints":{"allow":["GET"]}}],"collection":[{"href":"https:\/\/www.ariens.eu\/sk\/wp-json\/wp\/v2\/pages"}],"about":[{"href":"https:\/\/www.ariens.eu\/sk\/wp-json\/wp\/v2\/types\/page"}],"author":[{"embeddable":true,"href":"https:\/\/www.ariens.eu\/sk\/wp-json\/wp\/v2\/users\/7"}],"replies":[{"embeddable":true,"href":"https:\/\/www.ariens.eu\/sk\/wp-json\/wp\/v2\/comments?post=1863"}],"version-history":[{"count":7,"href":"https:\/\/www.ariens.eu\/sk\/wp-json\/wp\/v2\/pages\/1863\/revisions"}],"predecessor-version":[{"id":5429,"href":"https:\/\/www.ariens.eu\/sk\/wp-json\/wp\/v2\/pages\/1863\/revisions\/5429"}],"up":[{"embeddable":true,"href":"https:\/\/www.ariens.eu\/sk\/wp-json\/wp\/v2\/pages\/1752"}],"wp:attachment":[{"href":"https:\/\/www.ariens.eu\/sk\/wp-json\/wp\/v2\/media?parent=1863"}],"curies":[{"name":"wp","href":"https:\/\/api.w.org\/{rel}","templated":true}]}}