{"id":2134,"date":"2024-05-06T21:24:49","date_gmt":"2024-05-06T20:24:49","guid":{"rendered":"https:\/\/www.ariens.eu\/?page_id=2134"},"modified":"2025-09-19T11:52:46","modified_gmt":"2025-09-19T10:52:46","slug":"kariera","status":"publish","type":"page","link":"https:\/\/www.ariens.eu\/sk\/spolocnost\/kariera\/","title":{"rendered":"Kari\u00e9ra"},"content":{"rendered":"","protected":false},"excerpt":{"rendered":"","protected":false},"author":7,"featured_media":0,"parent":2051,"menu_order":0,"comment_status":"closed","ping_status":"closed","template":"","meta":{"_acf_changed":false,"_relevanssi_hide_post":"","_relevanssi_hide_content":"","_relevanssi_pin_for_all":"","_relevanssi_pin_keywords":"","_relevanssi_unpin_keywords":"","_relevanssi_related_keywords":"","_relevanssi_related_include_ids":"","_relevanssi_related_exclude_ids":"","_relevanssi_related_no_append":"","_relevanssi_related_not_related":"","_relevanssi_related_posts":"","_relevanssi_noindex_reason":"","footnotes":""},"class_list":["post-2134","page","type-page","status-publish","hentry"],"acf":[],"yoast_head":"<!-- This site is optimized with the Yoast SEO plugin v27.3 - https:\/\/yoast.com\/product\/yoast-seo-wordpress\/ -->\n<title>Kari\u00e9ra v AriensCo<\/title>\n<meta name=\"description\" content=\"Pripojte sa k t\u00edmu AriensCo! Kari\u00e9ra u n\u00e1s je viac ne\u017e pr\u00e1ca \u2013 je to z\u00e1v\u00e4zok k excelentnosti a objavovanie glob\u00e1lnej spolo\u010dnosti s malomestsk\u00fdmi kore\u0148mi.\" \/>\n<meta name=\"robots\" content=\"noindex, follow, max-snippet:-1, max-image-preview:large, max-video-preview:-1\" \/>\n<meta property=\"og:locale\" content=\"sk_SK\" \/>\n<meta property=\"og:type\" content=\"article\" \/>\n<meta property=\"og:title\" content=\"Kari\u00e9ra v AriensCo\" \/>\n<meta property=\"og:description\" content=\"Pripojte sa k t\u00edmu AriensCo! Kari\u00e9ra u n\u00e1s je viac ne\u017e pr\u00e1ca \u2013 je to z\u00e1v\u00e4zok k excelentnosti a objavovanie glob\u00e1lnej spolo\u010dnosti s malomestsk\u00fdmi kore\u0148mi.\" \/>\n<meta property=\"og:url\" content=\"https:\/\/www.ariens.eu\/sk\/spolocnost\/kariera\/\" \/>\n<meta property=\"og:site_name\" content=\"Ariens |\u00a0EMEAA\" \/>\n<meta property=\"article:modified_time\" content=\"2025-09-19T10:52:46+00:00\" \/>\n<meta property=\"og:image\" content=\"https:\/\/www.ariens.eu\/sk\/wp-content\/uploads\/sites\/18\/2024\/11\/google-search-image-ariens.jpg\" \/>\n\t<meta property=\"og:image:width\" content=\"1200\" \/>\n\t<meta property=\"og:image:height\" content=\"675\" \/>\n\t<meta property=\"og:image:type\" content=\"image\/jpeg\" \/>\n<meta name=\"twitter:card\" content=\"summary_large_image\" \/>\n<script type=\"application\/ld+json\" class=\"yoast-schema-graph\">{\"@context\":\"https:\\\/\\\/schema.org\",\"@graph\":[{\"@type\":\"WebPage\",\"@id\":\"https:\\\/\\\/www.ariens.eu\\\/sk\\\/spolocnost\\\/kariera\\\/\",\"url\":\"https:\\\/\\\/www.ariens.eu\\\/sk\\\/spolocnost\\\/kariera\\\/\",\"name\":\"Kari\u00e9ra v AriensCo\",\"isPartOf\":{\"@id\":\"https:\\\/\\\/www.ariens.eu\\\/sk\\\/#website\"},\"datePublished\":\"2024-05-06T20:24:49+00:00\",\"dateModified\":\"2025-09-19T10:52:46+00:00\",\"description\":\"Pripojte sa k t\u00edmu AriensCo! Kari\u00e9ra u n\u00e1s je viac ne\u017e pr\u00e1ca \u2013 je to z\u00e1v\u00e4zok k excelentnosti a objavovanie glob\u00e1lnej spolo\u010dnosti s malomestsk\u00fdmi kore\u0148mi.\",\"breadcrumb\":{\"@id\":\"https:\\\/\\\/www.ariens.eu\\\/sk\\\/spolocnost\\\/kariera\\\/#breadcrumb\"},\"inLanguage\":\"sk-SK\",\"potentialAction\":[{\"@type\":\"ReadAction\",\"target\":[\"https:\\\/\\\/www.ariens.eu\\\/sk\\\/spolocnost\\\/kariera\\\/\"]}]},{\"@type\":\"BreadcrumbList\",\"@id\":\"https:\\\/\\\/www.ariens.eu\\\/sk\\\/spolocnost\\\/kariera\\\/#breadcrumb\",\"itemListElement\":[{\"@type\":\"ListItem\",\"position\":1,\"name\":\"Home\",\"item\":\"https:\\\/\\\/www.ariens.eu\\\/sk\\\/\"},{\"@type\":\"ListItem\",\"position\":2,\"name\":\"Spolo\u010dnos\u0165\",\"item\":\"https:\\\/\\\/www.ariens.eu\\\/sk\\\/spolocnost\\\/\"},{\"@type\":\"ListItem\",\"position\":3,\"name\":\"Kari\u00e9ra\"}]},{\"@type\":\"WebSite\",\"@id\":\"https:\\\/\\\/www.ariens.eu\\\/sk\\\/#website\",\"url\":\"https:\\\/\\\/www.ariens.eu\\\/sk\\\/\",\"name\":\"Ariens | EMEAA\",\"description\":\"Powerful and reliable zero-turn mowers &amp; snow blowers for professional users and demanding private customers\",\"publisher\":{\"@id\":\"https:\\\/\\\/www.ariens.eu\\\/sk\\\/#organization\"},\"potentialAction\":[{\"@type\":\"SearchAction\",\"target\":{\"@type\":\"EntryPoint\",\"urlTemplate\":\"https:\\\/\\\/www.ariens.eu\\\/sk\\\/?s={search_term_string}\"},\"query-input\":{\"@type\":\"PropertyValueSpecification\",\"valueRequired\":true,\"valueName\":\"search_term_string\"}}],\"inLanguage\":\"sk-SK\"},{\"@type\":\"Organization\",\"@id\":\"https:\\\/\\\/www.ariens.eu\\\/sk\\\/#organization\",\"name\":\"AriensCo GmbH\",\"url\":\"https:\\\/\\\/www.ariens.eu\\\/sk\\\/\",\"logo\":{\"@type\":\"ImageObject\",\"inLanguage\":\"sk-SK\",\"@id\":\"https:\\\/\\\/www.ariens.eu\\\/sk\\\/#\\\/schema\\\/logo\\\/image\\\/\",\"url\":\"https:\\\/\\\/www.ariens.eu\\\/wp-content\\\/uploads\\\/2024\\\/11\\\/ariens-co-logo.jpg\",\"contentUrl\":\"https:\\\/\\\/www.ariens.eu\\\/wp-content\\\/uploads\\\/2024\\\/11\\\/ariens-co-logo.jpg\",\"width\":1000,\"height\":1000,\"caption\":\"AriensCo GmbH\"},\"image\":{\"@id\":\"https:\\\/\\\/www.ariens.eu\\\/sk\\\/#\\\/schema\\\/logo\\\/image\\\/\"}}]}<\/script>\n<!-- \/ Yoast SEO plugin. -->","yoast_head_json":{"title":"Kari\u00e9ra v AriensCo","description":"Pripojte sa k t\u00edmu AriensCo! Kari\u00e9ra u n\u00e1s je viac ne\u017e pr\u00e1ca \u2013 je to z\u00e1v\u00e4zok k excelentnosti a objavovanie glob\u00e1lnej spolo\u010dnosti s malomestsk\u00fdmi kore\u0148mi.","robots":{"index":"noindex","follow":"follow","max-snippet":"max-snippet:-1","max-image-preview":"max-image-preview:large","max-video-preview":"max-video-preview:-1"},"og_locale":"sk_SK","og_type":"article","og_title":"Kari\u00e9ra v AriensCo","og_description":"Pripojte sa k t\u00edmu AriensCo! Kari\u00e9ra u n\u00e1s je viac ne\u017e pr\u00e1ca \u2013 je to z\u00e1v\u00e4zok k excelentnosti a objavovanie glob\u00e1lnej spolo\u010dnosti s malomestsk\u00fdmi kore\u0148mi.","og_url":"https:\/\/www.ariens.eu\/sk\/spolocnost\/kariera\/","og_site_name":"Ariens |\u00a0EMEAA","article_modified_time":"2025-09-19T10:52:46+00:00","og_image":[{"width":1200,"height":675,"url":"https:\/\/www.ariens.eu\/sk\/wp-content\/uploads\/sites\/18\/2024\/11\/google-search-image-ariens.jpg","type":"image\/jpeg"}],"twitter_card":"summary_large_image","schema":{"@context":"https:\/\/schema.org","@graph":[{"@type":"WebPage","@id":"https:\/\/www.ariens.eu\/sk\/spolocnost\/kariera\/","url":"https:\/\/www.ariens.eu\/sk\/spolocnost\/kariera\/","name":"Kari\u00e9ra v AriensCo","isPartOf":{"@id":"https:\/\/www.ariens.eu\/sk\/#website"},"datePublished":"2024-05-06T20:24:49+00:00","dateModified":"2025-09-19T10:52:46+00:00","description":"Pripojte sa k t\u00edmu AriensCo! Kari\u00e9ra u n\u00e1s je viac ne\u017e pr\u00e1ca \u2013 je to z\u00e1v\u00e4zok k excelentnosti a objavovanie glob\u00e1lnej spolo\u010dnosti s malomestsk\u00fdmi kore\u0148mi.","breadcrumb":{"@id":"https:\/\/www.ariens.eu\/sk\/spolocnost\/kariera\/#breadcrumb"},"inLanguage":"sk-SK","potentialAction":[{"@type":"ReadAction","target":["https:\/\/www.ariens.eu\/sk\/spolocnost\/kariera\/"]}]},{"@type":"BreadcrumbList","@id":"https:\/\/www.ariens.eu\/sk\/spolocnost\/kariera\/#breadcrumb","itemListElement":[{"@type":"ListItem","position":1,"name":"Home","item":"https:\/\/www.ariens.eu\/sk\/"},{"@type":"ListItem","position":2,"name":"Spolo\u010dnos\u0165","item":"https:\/\/www.ariens.eu\/sk\/spolocnost\/"},{"@type":"ListItem","position":3,"name":"Kari\u00e9ra"}]},{"@type":"WebSite","@id":"https:\/\/www.ariens.eu\/sk\/#website","url":"https:\/\/www.ariens.eu\/sk\/","name":"Ariens | EMEAA","description":"Powerful and reliable zero-turn mowers &amp; snow blowers for professional users and demanding private customers","publisher":{"@id":"https:\/\/www.ariens.eu\/sk\/#organization"},"potentialAction":[{"@type":"SearchAction","target":{"@type":"EntryPoint","urlTemplate":"https:\/\/www.ariens.eu\/sk\/?s={search_term_string}"},"query-input":{"@type":"PropertyValueSpecification","valueRequired":true,"valueName":"search_term_string"}}],"inLanguage":"sk-SK"},{"@type":"Organization","@id":"https:\/\/www.ariens.eu\/sk\/#organization","name":"AriensCo GmbH","url":"https:\/\/www.ariens.eu\/sk\/","logo":{"@type":"ImageObject","inLanguage":"sk-SK","@id":"https:\/\/www.ariens.eu\/sk\/#\/schema\/logo\/image\/","url":"https:\/\/www.ariens.eu\/wp-content\/uploads\/2024\/11\/ariens-co-logo.jpg","contentUrl":"https:\/\/www.ariens.eu\/wp-content\/uploads\/2024\/11\/ariens-co-logo.jpg","width":1000,"height":1000,"caption":"AriensCo GmbH"},"image":{"@id":"https:\/\/www.ariens.eu\/sk\/#\/schema\/logo\/image\/"}}]}},"_links":{"self":[{"href":"https:\/\/www.ariens.eu\/sk\/wp-json\/wp\/v2\/pages\/2134","targetHints":{"allow":["GET"]}}],"collection":[{"href":"https:\/\/www.ariens.eu\/sk\/wp-json\/wp\/v2\/pages"}],"about":[{"href":"https:\/\/www.ariens.eu\/sk\/wp-json\/wp\/v2\/types\/page"}],"author":[{"embeddable":true,"href":"https:\/\/www.ariens.eu\/sk\/wp-json\/wp\/v2\/users\/7"}],"replies":[{"embeddable":true,"href":"https:\/\/www.ariens.eu\/sk\/wp-json\/wp\/v2\/comments?post=2134"}],"version-history":[{"count":7,"href":"https:\/\/www.ariens.eu\/sk\/wp-json\/wp\/v2\/pages\/2134\/revisions"}],"predecessor-version":[{"id":5937,"href":"https:\/\/www.ariens.eu\/sk\/wp-json\/wp\/v2\/pages\/2134\/revisions\/5937"}],"up":[{"embeddable":true,"href":"https:\/\/www.ariens.eu\/sk\/wp-json\/wp\/v2\/pages\/2051"}],"wp:attachment":[{"href":"https:\/\/www.ariens.eu\/sk\/wp-json\/wp\/v2\/media?parent=2134"}],"curies":[{"name":"wp","href":"https:\/\/api.w.org\/{rel}","templated":true}]}}