{"id":5862,"date":"2025-08-19T07:11:53","date_gmt":"2025-08-19T06:11:53","guid":{"rendered":"https:\/\/www.ariens.eu\/sk\/?page_id=5862"},"modified":"2026-03-04T10:07:43","modified_gmt":"2026-03-04T10:07:43","slug":"dakujeme","status":"publish","type":"page","link":"https:\/\/www.ariens.eu\/sk\/dakujeme\/","title":{"rendered":"\u010eakujeme"},"content":{"rendered":"","protected":false},"excerpt":{"rendered":"","protected":false},"author":10,"featured_media":5867,"parent":0,"menu_order":0,"comment_status":"closed","ping_status":"closed","template":"","meta":{"_acf_changed":false,"_relevanssi_hide_post":"","_relevanssi_hide_content":"","_relevanssi_pin_for_all":"","_relevanssi_pin_keywords":"","_relevanssi_unpin_keywords":"","_relevanssi_related_keywords":"","_relevanssi_related_include_ids":"","_relevanssi_related_exclude_ids":"","_relevanssi_related_no_append":"","_relevanssi_related_not_related":"","_relevanssi_related_posts":"","_relevanssi_noindex_reason":"","footnotes":""},"class_list":["post-5862","page","type-page","status-publish","has-post-thumbnail","hentry"],"acf":[],"yoast_head":"<!-- This site is optimized with the Yoast SEO plugin v27.3 - https:\/\/yoast.com\/product\/yoast-seo-wordpress\/ -->\n<title>\u010eakujeme, \u017ee ste kontaktovali spolo\u010dnos\u0165 Ariens | Dopyt prijat\u00fd<\/title>\n<meta name=\"description\" content=\"\u010eakujeme, \u017ee ste kontaktovali spolo\u010dnos\u0165 Ariens! V\u00e1\u0161 region\u00e1lny obchodn\u00fd mana\u017e\u00e9r pre\u0161tuduje v\u00e1\u0161 dopyt a \u010doskoro v\u00e1m poskytne pomoc.\" \/>\n<meta name=\"robots\" content=\"noindex, follow, max-snippet:-1, max-image-preview:large, max-video-preview:-1\" \/>\n<meta property=\"og:locale\" content=\"sk_SK\" \/>\n<meta property=\"og:type\" content=\"article\" \/>\n<meta property=\"og:title\" content=\"\u010eakujeme, \u017ee ste kontaktovali spolo\u010dnos\u0165 Ariens | Dopyt prijat\u00fd\" \/>\n<meta property=\"og:description\" content=\"\u010eakujeme, \u017ee ste kontaktovali spolo\u010dnos\u0165 Ariens! V\u00e1\u0161 region\u00e1lny obchodn\u00fd mana\u017e\u00e9r pre\u0161tuduje v\u00e1\u0161 dopyt a \u010doskoro v\u00e1m poskytne pomoc.\" \/>\n<meta property=\"og:url\" content=\"https:\/\/www.ariens.eu\/sk\/dakujeme\/\" \/>\n<meta property=\"og:site_name\" content=\"Ariens |\u00a0EMEAA\" \/>\n<meta property=\"article:modified_time\" content=\"2026-03-04T10:07:43+00:00\" \/>\n<meta property=\"og:image\" content=\"https:\/\/www.ariens.eu\/sk\/wp-content\/uploads\/sites\/18\/2025\/08\/ariens-thank-you-og-image.jpg\" \/>\n\t<meta property=\"og:image:width\" content=\"1200\" \/>\n\t<meta property=\"og:image:height\" content=\"630\" \/>\n\t<meta property=\"og:image:type\" content=\"image\/jpeg\" \/>\n<meta name=\"twitter:card\" content=\"summary_large_image\" \/>\n<meta name=\"twitter:label1\" content=\"Predpokladan\u00fd \u010das \u010d\u00edtania\" \/>\n\t<meta name=\"twitter:data1\" content=\"1 min\u00fata\" \/>\n<script type=\"application\/ld+json\" class=\"yoast-schema-graph\">{\"@context\":\"https:\\\/\\\/schema.org\",\"@graph\":[{\"@type\":\"WebPage\",\"@id\":\"https:\\\/\\\/www.ariens.eu\\\/sk\\\/dakujeme\\\/\",\"url\":\"https:\\\/\\\/www.ariens.eu\\\/sk\\\/dakujeme\\\/\",\"name\":\"\u010eakujeme, \u017ee ste kontaktovali spolo\u010dnos\u0165 Ariens | Dopyt prijat\u00fd\",\"isPartOf\":{\"@id\":\"https:\\\/\\\/www.ariens.eu\\\/sk\\\/#website\"},\"primaryImageOfPage\":{\"@id\":\"https:\\\/\\\/www.ariens.eu\\\/sk\\\/dakujeme\\\/#primaryimage\"},\"image\":{\"@id\":\"https:\\\/\\\/www.ariens.eu\\\/sk\\\/dakujeme\\\/#primaryimage\"},\"thumbnailUrl\":\"https:\\\/\\\/www.ariens.eu\\\/sk\\\/wp-content\\\/uploads\\\/sites\\\/18\\\/2025\\\/08\\\/ariens-thank-you-og-image.jpg\",\"datePublished\":\"2025-08-19T06:11:53+00:00\",\"dateModified\":\"2026-03-04T10:07:43+00:00\",\"description\":\"\u010eakujeme, \u017ee ste kontaktovali spolo\u010dnos\u0165 Ariens! V\u00e1\u0161 region\u00e1lny obchodn\u00fd mana\u017e\u00e9r pre\u0161tuduje v\u00e1\u0161 dopyt a \u010doskoro v\u00e1m poskytne pomoc.\",\"breadcrumb\":{\"@id\":\"https:\\\/\\\/www.ariens.eu\\\/sk\\\/dakujeme\\\/#breadcrumb\"},\"inLanguage\":\"sk-SK\",\"potentialAction\":[{\"@type\":\"ReadAction\",\"target\":[\"https:\\\/\\\/www.ariens.eu\\\/sk\\\/dakujeme\\\/\"]}]},{\"@type\":\"ImageObject\",\"inLanguage\":\"sk-SK\",\"@id\":\"https:\\\/\\\/www.ariens.eu\\\/sk\\\/dakujeme\\\/#primaryimage\",\"url\":\"https:\\\/\\\/www.ariens.eu\\\/sk\\\/wp-content\\\/uploads\\\/sites\\\/18\\\/2025\\\/08\\\/ariens-thank-you-og-image.jpg\",\"contentUrl\":\"https:\\\/\\\/www.ariens.eu\\\/sk\\\/wp-content\\\/uploads\\\/sites\\\/18\\\/2025\\\/08\\\/ariens-thank-you-og-image.jpg\",\"width\":1200,\"height\":630,\"caption\":\"3\\\/4 shot from the back of an Ariens Zero-turn mower\"},{\"@type\":\"BreadcrumbList\",\"@id\":\"https:\\\/\\\/www.ariens.eu\\\/sk\\\/dakujeme\\\/#breadcrumb\",\"itemListElement\":[{\"@type\":\"ListItem\",\"position\":1,\"name\":\"Home\",\"item\":\"https:\\\/\\\/www.ariens.eu\\\/sk\\\/\"},{\"@type\":\"ListItem\",\"position\":2,\"name\":\"\u010eakujeme\"}]},{\"@type\":\"WebSite\",\"@id\":\"https:\\\/\\\/www.ariens.eu\\\/sk\\\/#website\",\"url\":\"https:\\\/\\\/www.ariens.eu\\\/sk\\\/\",\"name\":\"Ariens | EMEAA\",\"description\":\"Powerful and reliable zero-turn mowers &amp; snow blowers for professional users and demanding private customers\",\"publisher\":{\"@id\":\"https:\\\/\\\/www.ariens.eu\\\/sk\\\/#organization\"},\"potentialAction\":[{\"@type\":\"SearchAction\",\"target\":{\"@type\":\"EntryPoint\",\"urlTemplate\":\"https:\\\/\\\/www.ariens.eu\\\/sk\\\/?s={search_term_string}\"},\"query-input\":{\"@type\":\"PropertyValueSpecification\",\"valueRequired\":true,\"valueName\":\"search_term_string\"}}],\"inLanguage\":\"sk-SK\"},{\"@type\":\"Organization\",\"@id\":\"https:\\\/\\\/www.ariens.eu\\\/sk\\\/#organization\",\"name\":\"AriensCo GmbH\",\"url\":\"https:\\\/\\\/www.ariens.eu\\\/sk\\\/\",\"logo\":{\"@type\":\"ImageObject\",\"inLanguage\":\"sk-SK\",\"@id\":\"https:\\\/\\\/www.ariens.eu\\\/sk\\\/#\\\/schema\\\/logo\\\/image\\\/\",\"url\":\"https:\\\/\\\/www.ariens.eu\\\/wp-content\\\/uploads\\\/2024\\\/11\\\/ariens-co-logo.jpg\",\"contentUrl\":\"https:\\\/\\\/www.ariens.eu\\\/wp-content\\\/uploads\\\/2024\\\/11\\\/ariens-co-logo.jpg\",\"width\":1000,\"height\":1000,\"caption\":\"AriensCo GmbH\"},\"image\":{\"@id\":\"https:\\\/\\\/www.ariens.eu\\\/sk\\\/#\\\/schema\\\/logo\\\/image\\\/\"}}]}<\/script>\n<!-- \/ Yoast SEO plugin. -->","yoast_head_json":{"title":"\u010eakujeme, \u017ee ste kontaktovali spolo\u010dnos\u0165 Ariens | Dopyt prijat\u00fd","description":"\u010eakujeme, \u017ee ste kontaktovali spolo\u010dnos\u0165 Ariens! V\u00e1\u0161 region\u00e1lny obchodn\u00fd mana\u017e\u00e9r pre\u0161tuduje v\u00e1\u0161 dopyt a \u010doskoro v\u00e1m poskytne pomoc.","robots":{"index":"noindex","follow":"follow","max-snippet":"max-snippet:-1","max-image-preview":"max-image-preview:large","max-video-preview":"max-video-preview:-1"},"og_locale":"sk_SK","og_type":"article","og_title":"\u010eakujeme, \u017ee ste kontaktovali spolo\u010dnos\u0165 Ariens | Dopyt prijat\u00fd","og_description":"\u010eakujeme, \u017ee ste kontaktovali spolo\u010dnos\u0165 Ariens! V\u00e1\u0161 region\u00e1lny obchodn\u00fd mana\u017e\u00e9r pre\u0161tuduje v\u00e1\u0161 dopyt a \u010doskoro v\u00e1m poskytne pomoc.","og_url":"https:\/\/www.ariens.eu\/sk\/dakujeme\/","og_site_name":"Ariens |\u00a0EMEAA","article_modified_time":"2026-03-04T10:07:43+00:00","og_image":[{"width":1200,"height":630,"url":"https:\/\/www.ariens.eu\/sk\/wp-content\/uploads\/sites\/18\/2025\/08\/ariens-thank-you-og-image.jpg","type":"image\/jpeg"}],"twitter_card":"summary_large_image","twitter_misc":{"Predpokladan\u00fd \u010das \u010d\u00edtania":"1 min\u00fata"},"schema":{"@context":"https:\/\/schema.org","@graph":[{"@type":"WebPage","@id":"https:\/\/www.ariens.eu\/sk\/dakujeme\/","url":"https:\/\/www.ariens.eu\/sk\/dakujeme\/","name":"\u010eakujeme, \u017ee ste kontaktovali spolo\u010dnos\u0165 Ariens | Dopyt prijat\u00fd","isPartOf":{"@id":"https:\/\/www.ariens.eu\/sk\/#website"},"primaryImageOfPage":{"@id":"https:\/\/www.ariens.eu\/sk\/dakujeme\/#primaryimage"},"image":{"@id":"https:\/\/www.ariens.eu\/sk\/dakujeme\/#primaryimage"},"thumbnailUrl":"https:\/\/www.ariens.eu\/sk\/wp-content\/uploads\/sites\/18\/2025\/08\/ariens-thank-you-og-image.jpg","datePublished":"2025-08-19T06:11:53+00:00","dateModified":"2026-03-04T10:07:43+00:00","description":"\u010eakujeme, \u017ee ste kontaktovali spolo\u010dnos\u0165 Ariens! V\u00e1\u0161 region\u00e1lny obchodn\u00fd mana\u017e\u00e9r pre\u0161tuduje v\u00e1\u0161 dopyt a \u010doskoro v\u00e1m poskytne pomoc.","breadcrumb":{"@id":"https:\/\/www.ariens.eu\/sk\/dakujeme\/#breadcrumb"},"inLanguage":"sk-SK","potentialAction":[{"@type":"ReadAction","target":["https:\/\/www.ariens.eu\/sk\/dakujeme\/"]}]},{"@type":"ImageObject","inLanguage":"sk-SK","@id":"https:\/\/www.ariens.eu\/sk\/dakujeme\/#primaryimage","url":"https:\/\/www.ariens.eu\/sk\/wp-content\/uploads\/sites\/18\/2025\/08\/ariens-thank-you-og-image.jpg","contentUrl":"https:\/\/www.ariens.eu\/sk\/wp-content\/uploads\/sites\/18\/2025\/08\/ariens-thank-you-og-image.jpg","width":1200,"height":630,"caption":"3\/4 shot from the back of an Ariens Zero-turn mower"},{"@type":"BreadcrumbList","@id":"https:\/\/www.ariens.eu\/sk\/dakujeme\/#breadcrumb","itemListElement":[{"@type":"ListItem","position":1,"name":"Home","item":"https:\/\/www.ariens.eu\/sk\/"},{"@type":"ListItem","position":2,"name":"\u010eakujeme"}]},{"@type":"WebSite","@id":"https:\/\/www.ariens.eu\/sk\/#website","url":"https:\/\/www.ariens.eu\/sk\/","name":"Ariens | EMEAA","description":"Powerful and reliable zero-turn mowers &amp; snow blowers for professional users and demanding private customers","publisher":{"@id":"https:\/\/www.ariens.eu\/sk\/#organization"},"potentialAction":[{"@type":"SearchAction","target":{"@type":"EntryPoint","urlTemplate":"https:\/\/www.ariens.eu\/sk\/?s={search_term_string}"},"query-input":{"@type":"PropertyValueSpecification","valueRequired":true,"valueName":"search_term_string"}}],"inLanguage":"sk-SK"},{"@type":"Organization","@id":"https:\/\/www.ariens.eu\/sk\/#organization","name":"AriensCo GmbH","url":"https:\/\/www.ariens.eu\/sk\/","logo":{"@type":"ImageObject","inLanguage":"sk-SK","@id":"https:\/\/www.ariens.eu\/sk\/#\/schema\/logo\/image\/","url":"https:\/\/www.ariens.eu\/wp-content\/uploads\/2024\/11\/ariens-co-logo.jpg","contentUrl":"https:\/\/www.ariens.eu\/wp-content\/uploads\/2024\/11\/ariens-co-logo.jpg","width":1000,"height":1000,"caption":"AriensCo GmbH"},"image":{"@id":"https:\/\/www.ariens.eu\/sk\/#\/schema\/logo\/image\/"}}]}},"_links":{"self":[{"href":"https:\/\/www.ariens.eu\/sk\/wp-json\/wp\/v2\/pages\/5862","targetHints":{"allow":["GET"]}}],"collection":[{"href":"https:\/\/www.ariens.eu\/sk\/wp-json\/wp\/v2\/pages"}],"about":[{"href":"https:\/\/www.ariens.eu\/sk\/wp-json\/wp\/v2\/types\/page"}],"author":[{"embeddable":true,"href":"https:\/\/www.ariens.eu\/sk\/wp-json\/wp\/v2\/users\/10"}],"replies":[{"embeddable":true,"href":"https:\/\/www.ariens.eu\/sk\/wp-json\/wp\/v2\/comments?post=5862"}],"version-history":[{"count":3,"href":"https:\/\/www.ariens.eu\/sk\/wp-json\/wp\/v2\/pages\/5862\/revisions"}],"predecessor-version":[{"id":6124,"href":"https:\/\/www.ariens.eu\/sk\/wp-json\/wp\/v2\/pages\/5862\/revisions\/6124"}],"wp:featuredmedia":[{"embeddable":true,"href":"https:\/\/www.ariens.eu\/sk\/wp-json\/wp\/v2\/media\/5867"}],"wp:attachment":[{"href":"https:\/\/www.ariens.eu\/sk\/wp-json\/wp\/v2\/media?parent=5862"}],"curies":[{"name":"wp","href":"https:\/\/api.w.org\/{rel}","templated":true}]}}