{"id":2303,"date":"2024-05-10T11:04:35","date_gmt":"2024-05-10T10:04:35","guid":{"rendered":"https:\/\/www.ariens.eu\/product\/mammoth-850\/"},"modified":"2026-01-06T12:10:30","modified_gmt":"2026-01-06T12:10:30","slug":"mammoth-850","status":"publish","type":"product","link":"https:\/\/www.ariens.eu\/sk\/product\/snezne-frezy\/seria-mammoth-850\/mammoth-850","title":{"rendered":"MAMMOTH 850"},"content":{"rendered":"<div class=\"acfd-block acfd-block__twocolumns mb-asm-1 container-fluid px-0 bg-default\">\n<div class=\"acfd-twocolumns\">\n<div class=\"row\">\n<div class='col-lg-9 mb-4'>\n<div class=\"acfd-block acfd-block__headline container-fluid px-0 bg-default\">\n<div class=\"acfd-headline\">\n<h2 class='h2 text-left'>V\u0161estrann\u00fd nosi\u010d pr\u00edslu\u0161enstva na zimn\u00fa \u00fadr\u017ebu<\/h2>\n<\/p><\/div>\n<\/div><\/div>\n<div class='col-lg'>                    <\/div>\n<\/p><\/div>\n<\/div>\n<\/div>\n<div class=\"acfd-block acfd-block__twocolumns mb-asm-2 container-fluid px-0 bg-default\">\n<div class=\"acfd-twocolumns\">\n<div class=\"row\">\n<div class='col-lg-9 mb-4'>\n<div class=\"acfd-block acfd-block__text container-fluid px-0 bg-default\">\n<div class=\"acfd-text\">\n<p>S\u00e9ria Ariens MAMMOTH<sup>TM<\/sup>\u00a0\u2013 \u0161pi\u010dkov\u00fd stroj na odh\u0155\u0148anie snehu, navrhnut\u00fd pre tie najn\u00e1ro\u010dnej\u0161ie \u00falohy. Vybaven\u00fd v\u00fdkonn\u00fdm motorom Kawasaki 850V-EFI s v\u00fdkonom 28,5 hp, poskytuje bezkonkuren\u010dn\u00fa efektivitu a silu pri odstra\u0148ovan\u00ed snehu. Pohon v\u0161etk\u00fdch kolies spolu s robustn\u00fdmi pneumatikami 22\u201d Terra-trac zabezpe\u010duje vynikaj\u00facu trakciu a man\u00e9vrovate\u013enos\u0165 aj v n\u00e1ro\u010dnom zasne\u017eenom ter\u00e9ne. S\u00e9ria Mammoth pon\u00faka r\u00f4zne pr\u00eddavn\u00e9 zariadenia, ako s\u00fa radlice a sne\u017en\u00e9 fr\u00e9zy, ktor\u00e9 pokr\u00fdvaj\u00fa v\u0161etky potreby odh\u0155\u0148ania snehu. T\u00e1to v\u0161estrannos\u0165 a v\u00fdkon robia zo s\u00e9rie Mammoth ide\u00e1lnu vo\u013ebu pre profesion\u00e1lne a komer\u010dn\u00e9 odh\u0155\u0148anie snehu.<\/p>\n<p><strong>V\u00fdkonn\u00fd motor:<\/strong> 28,5 hp Kawasaki 850V-EFI \u2013 efekt\u00edvne a v\u00fdkonn\u00e9 odh\u0155\u0148anie snehu.<\/p>\n<p><strong>Pokro\u010dil\u00e1 trakcia:<\/strong> Pohon v\u0161etk\u00fdch kolies a 22\u201d Terra-trac pneumatiky pre vynikaj\u00facu man\u00e9vrovate\u013enos\u0165 v snehu.<\/p>\n<p><strong>V\u0161estrann\u00e9 pr\u00eddavn\u00e9 zariadenia:<\/strong> Radlice, sne\u017en\u00e9 fr\u00e9zy a \u010fal\u0161ie n\u00e1stroje na r\u00f4zne \u00falohy odh\u0155\u0148ania snehu.<\/p>\n<\/div>\n<\/div><\/div>\n<div class='col-lg'>                    <\/div>\n<\/p><\/div>\n<\/div>\n<\/div>\n<div class=\"acfd-block acfd-block__twocolumns mb-asm-2 container-fluid container-fluid--force px-0 bg-default\">\n<div class=\"acfd-twocolumns\">\n<div class=\"row\">\n<div class='col-lg-12 mb-4'>\n<div class=\"acfd-product-advantages--wrapper\">\n<h2 class=\"h1 bigger text-color-black text-center mb-5\">\n        Merkmale &amp; Vorteile    <\/h2>\n<div class=\"acfd-product-advantages\">\n<div class=\"row\">\n<div class=\"col-md-6 mb-4 content\">\n                    <span class=\"d-block h5 text-color-brand mb-1\">Najlep\u0161\u00ed motor vo svojej triede<\/span><\/p>\n<p>29,5 hp motor Kawasaki 850V-EFI s elektronick\u00fdm vstrekovan\u00edm paliva (EFI) pre chladn\u00e9 dni a spo\u013eahliv\u00e9 \u0161tartovanie.<\/p>\n<\/p><\/div>\n<div class=\"col-md-6 mb4 image\" style=\"background-image:url(https:\/\/www.ariens.eu\/sk\/wp-content\/uploads\/sites\/18\/2024\/05\/mammoth-herofeature1-efi-engine.png)\">\n                <\/div>\n<\/p><\/div>\n<div class=\"row\">\n<div class=\"col-md-6 mb-4 content\">\n                    <span class=\"d-block h5 text-color-brand mb-1\">Pohon v\u0161etk\u00fdch \u0161tyroch kolies<\/span><\/p>\n<p>\u010cerpadl\u00e1 Parker HP2 a motory Parker zabezpe\u010duj\u00fa v\u00fdkon a kontrolu pre v\u0161etky \u0161tyri koles\u00e1.<\/p>\n<\/p><\/div>\n<div class=\"col-md-6 mb4 image\" style=\"background-image:url(https:\/\/www.ariens.eu\/sk\/wp-content\/uploads\/sites\/18\/2024\/05\/mammoth-herofeature2-all-wheel-drive.png)\">\n                <\/div>\n<\/p><\/div>\n<div class=\"row\">\n<div class=\"col-md-6 mb-4 content\">\n                    <span class=\"d-block h5 text-color-brand mb-1\">Pohodln\u00e9 usporiadanie ovl\u00e1dacieho panelu<\/span><\/p>\n<p>Ovl\u00e1dacie prvky m\u00e1te v\u017edy poruke. Jednou rukou riadite, zatia\u013e \u010do druhou ovl\u00e1date joystick pr\u00eddavn\u00e9ho zariadenia. Vyhrievan\u00e9 rukov\u00e4te s\u00fa \u0161tandardnou v\u00fdbavou.<\/p>\n<\/p><\/div>\n<div class=\"col-md-6 mb4 image\" style=\"background-image:url(https:\/\/www.ariens.eu\/sk\/wp-content\/uploads\/sites\/18\/2024\/05\/Thumb_Controls_and_Adjust_Speed_Controls.png)\">\n                <\/div>\n<\/p><\/div>\n<\/p><\/div>\n<\/div><\/div>\n<div class='col-lg'>                    <\/div>\n<\/p><\/div>\n<\/div>\n<\/div>\n","protected":false},"excerpt":{"rendered":"<p>V\u0161estrann\u00fd nosi\u010d pr\u00edslu\u0161enstva na zimn\u00fa \u00fadr\u017ebu S\u00e9ria Ariens MAMMOTHTM\u00a0\u2013 \u0161pi\u010dkov\u00fd stroj na odh\u0155\u0148anie snehu, navrhnut\u00fd pre tie najn\u00e1ro\u010dnej\u0161ie \u00falohy. Vybaven\u00fd v\u00fdkonn\u00fdm motorom Kawasaki 850V-EFI s v\u00fdkonom 28,5 hp, poskytuje bezkonkuren\u010dn\u00fa efektivitu a silu pri odstra\u0148ovan\u00ed snehu. Pohon v\u0161etk\u00fdch kolies spolu s robustn\u00fdmi pneumatikami 22\u201d Terra-trac zabezpe\u010duje vynikaj\u00facu trakciu a man\u00e9vrovate\u013enos\u0165 aj v n\u00e1ro\u010dnom zasne\u017eenom ter\u00e9ne. [&hellip;]<\/p>\n","protected":false},"featured_media":2698,"comment_status":"open","ping_status":"closed","template":"","meta":{"_acf_changed":false,"_relevanssi_hide_post":"","_relevanssi_hide_content":"","_relevanssi_pin_for_all":"","_relevanssi_pin_keywords":"","_relevanssi_unpin_keywords":"","_relevanssi_related_keywords":"","_relevanssi_related_include_ids":"","_relevanssi_related_exclude_ids":"","_relevanssi_related_no_append":"","_relevanssi_related_not_related":"","_relevanssi_related_posts":"","_relevanssi_noindex_reason":""},"product_brand":[],"product_cat":[15],"product_tag":[],"class_list":{"0":"post-2303","1":"product","2":"type-product","3":"status-publish","4":"has-post-thumbnail","6":"product_variant-seria-mammoth-850","7":"product_usage_areas-obce-a-technicke-sluzby","8":"product_usage_areas-zimna-udrzba","10":"first","11":"instock","12":"shipping-taxable","13":"product-type-simple"},"acf":[],"yoast_head":"<!-- This site is optimized with the Yoast SEO plugin v27.3 - https:\/\/yoast.com\/product\/yoast-seo-wordpress\/ -->\n<title>S\u00e9ria MAMMOTH\u2122 850 | Ariens<\/title>\n<meta name=\"description\" content=\"Objavte s\u00e9riu Mammoth: robustn\u00fd stroj na odh\u0155\u0148anie snehu s v\u00fdkonn\u00fdm motorom Kawasaki 28,5 hp, pohonom 4x4 a pneumatikami Terra-trac.\" \/>\n<meta name=\"robots\" content=\"noindex, follow, max-snippet:-1, max-image-preview:large, max-video-preview:-1\" \/>\n<meta property=\"og:locale\" content=\"sk_SK\" \/>\n<meta property=\"og:type\" content=\"article\" \/>\n<meta property=\"og:title\" content=\"S\u00e9ria MAMMOTH\u2122 850 | Ariens\" \/>\n<meta property=\"og:description\" content=\"Objavte s\u00e9riu Mammoth: robustn\u00fd stroj na odh\u0155\u0148anie snehu s v\u00fdkonn\u00fdm motorom Kawasaki 28,5 hp, pohonom 4x4 a pneumatikami Terra-trac.\" \/>\n<meta property=\"og:url\" content=\"https:\/\/www.ariens.eu\/sk\/product\/snezne-frezy\/seria-mammoth-850\/mammoth-850\/\" \/>\n<meta property=\"og:site_name\" content=\"Ariens |\u00a0EMEAA\" \/>\n<meta property=\"article:modified_time\" content=\"2026-01-06T12:10:30+00:00\" \/>\n<meta property=\"og:image\" content=\"https:\/\/www.ariens.eu\/sk\/wp-content\/uploads\/sites\/18\/2024\/05\/951001-Mammoth-Standalone_FL34L-4000x3000-2d96997-2.webp\" \/>\n\t<meta property=\"og:image:width\" content=\"1280\" \/>\n\t<meta property=\"og:image:height\" content=\"960\" \/>\n\t<meta property=\"og:image:type\" content=\"image\/webp\" \/>\n<meta name=\"twitter:card\" content=\"summary_large_image\" \/>\n<meta name=\"twitter:label1\" content=\"Predpokladan\u00fd \u010das \u010d\u00edtania\" \/>\n\t<meta name=\"twitter:data1\" content=\"2 min\u00faty\" \/>\n<script type=\"application\/ld+json\" class=\"yoast-schema-graph\">{\"@context\":\"https:\\\/\\\/schema.org\",\"@graph\":[{\"@type\":\"WebPage\",\"@id\":\"https:\\\/\\\/www.ariens.eu\\\/sk\\\/product\\\/snezne-frezy\\\/seria-mammoth-850\\\/mammoth-850\\\/\",\"url\":\"https:\\\/\\\/www.ariens.eu\\\/sk\\\/product\\\/snezne-frezy\\\/seria-mammoth-850\\\/mammoth-850\\\/\",\"name\":\"S\u00e9ria MAMMOTH\u2122 850 | Ariens\",\"isPartOf\":{\"@id\":\"https:\\\/\\\/www.ariens.eu\\\/sk\\\/#website\"},\"primaryImageOfPage\":{\"@id\":\"https:\\\/\\\/www.ariens.eu\\\/sk\\\/product\\\/snezne-frezy\\\/seria-mammoth-850\\\/mammoth-850\\\/#primaryimage\"},\"image\":{\"@id\":\"https:\\\/\\\/www.ariens.eu\\\/sk\\\/product\\\/snezne-frezy\\\/seria-mammoth-850\\\/mammoth-850\\\/#primaryimage\"},\"thumbnailUrl\":\"https:\\\/\\\/www.ariens.eu\\\/sk\\\/wp-content\\\/uploads\\\/sites\\\/18\\\/2024\\\/05\\\/951001-Mammoth-Standalone_FL34L-4000x3000-2d96997-2.webp\",\"datePublished\":\"2024-05-10T10:04:35+00:00\",\"dateModified\":\"2026-01-06T12:10:30+00:00\",\"description\":\"Objavte s\u00e9riu Mammoth: robustn\u00fd stroj na odh\u0155\u0148anie snehu s v\u00fdkonn\u00fdm motorom Kawasaki 28,5 hp, pohonom 4x4 a pneumatikami Terra-trac.\",\"breadcrumb\":{\"@id\":\"https:\\\/\\\/www.ariens.eu\\\/sk\\\/product\\\/snezne-frezy\\\/seria-mammoth-850\\\/mammoth-850\\\/#breadcrumb\"},\"inLanguage\":\"sk-SK\",\"potentialAction\":[{\"@type\":\"ReadAction\",\"target\":[\"https:\\\/\\\/www.ariens.eu\\\/sk\\\/product\\\/snezne-frezy\\\/seria-mammoth-850\\\/mammoth-850\\\/\"]}]},{\"@type\":\"ImageObject\",\"inLanguage\":\"sk-SK\",\"@id\":\"https:\\\/\\\/www.ariens.eu\\\/sk\\\/product\\\/snezne-frezy\\\/seria-mammoth-850\\\/mammoth-850\\\/#primaryimage\",\"url\":\"https:\\\/\\\/www.ariens.eu\\\/sk\\\/wp-content\\\/uploads\\\/sites\\\/18\\\/2024\\\/05\\\/951001-Mammoth-Standalone_FL34L-4000x3000-2d96997-2.webp\",\"contentUrl\":\"https:\\\/\\\/www.ariens.eu\\\/sk\\\/wp-content\\\/uploads\\\/sites\\\/18\\\/2024\\\/05\\\/951001-Mammoth-Standalone_FL34L-4000x3000-2d96997-2.webp\",\"width\":1280,\"height\":960},{\"@type\":\"BreadcrumbList\",\"@id\":\"https:\\\/\\\/www.ariens.eu\\\/sk\\\/product\\\/snezne-frezy\\\/seria-mammoth-850\\\/mammoth-850\\\/#breadcrumb\",\"itemListElement\":[{\"@type\":\"ListItem\",\"position\":1,\"name\":\"Home\",\"item\":\"https:\\\/\\\/www.ariens.eu\\\/sk\\\/\"},{\"@type\":\"ListItem\",\"position\":2,\"name\":\"Obchod\",\"item\":\"https:\\\/\\\/www.ariens.eu\\\/sk\\\/obchod\\\/\"},{\"@type\":\"ListItem\",\"position\":3,\"name\":\"MAMMOTH 850\"}]},{\"@type\":\"WebSite\",\"@id\":\"https:\\\/\\\/www.ariens.eu\\\/sk\\\/#website\",\"url\":\"https:\\\/\\\/www.ariens.eu\\\/sk\\\/\",\"name\":\"Ariens | EMEAA\",\"description\":\"Powerful and reliable zero-turn mowers &amp; snow blowers for professional users and demanding private customers\",\"publisher\":{\"@id\":\"https:\\\/\\\/www.ariens.eu\\\/sk\\\/#organization\"},\"potentialAction\":[{\"@type\":\"SearchAction\",\"target\":{\"@type\":\"EntryPoint\",\"urlTemplate\":\"https:\\\/\\\/www.ariens.eu\\\/sk\\\/?s={search_term_string}\"},\"query-input\":{\"@type\":\"PropertyValueSpecification\",\"valueRequired\":true,\"valueName\":\"search_term_string\"}}],\"inLanguage\":\"sk-SK\"},{\"@type\":\"Organization\",\"@id\":\"https:\\\/\\\/www.ariens.eu\\\/sk\\\/#organization\",\"name\":\"AriensCo GmbH\",\"url\":\"https:\\\/\\\/www.ariens.eu\\\/sk\\\/\",\"logo\":{\"@type\":\"ImageObject\",\"inLanguage\":\"sk-SK\",\"@id\":\"https:\\\/\\\/www.ariens.eu\\\/sk\\\/#\\\/schema\\\/logo\\\/image\\\/\",\"url\":\"https:\\\/\\\/www.ariens.eu\\\/wp-content\\\/uploads\\\/2024\\\/11\\\/ariens-co-logo.jpg\",\"contentUrl\":\"https:\\\/\\\/www.ariens.eu\\\/wp-content\\\/uploads\\\/2024\\\/11\\\/ariens-co-logo.jpg\",\"width\":1000,\"height\":1000,\"caption\":\"AriensCo GmbH\"},\"image\":{\"@id\":\"https:\\\/\\\/www.ariens.eu\\\/sk\\\/#\\\/schema\\\/logo\\\/image\\\/\"}}]}<\/script>\n<!-- \/ Yoast SEO plugin. -->","yoast_head_json":{"title":"S\u00e9ria MAMMOTH\u2122 850 | Ariens","description":"Objavte s\u00e9riu Mammoth: robustn\u00fd stroj na odh\u0155\u0148anie snehu s v\u00fdkonn\u00fdm motorom Kawasaki 28,5 hp, pohonom 4x4 a pneumatikami Terra-trac.","robots":{"index":"noindex","follow":"follow","max-snippet":"max-snippet:-1","max-image-preview":"max-image-preview:large","max-video-preview":"max-video-preview:-1"},"og_locale":"sk_SK","og_type":"article","og_title":"S\u00e9ria MAMMOTH\u2122 850 | Ariens","og_description":"Objavte s\u00e9riu Mammoth: robustn\u00fd stroj na odh\u0155\u0148anie snehu s v\u00fdkonn\u00fdm motorom Kawasaki 28,5 hp, pohonom 4x4 a pneumatikami Terra-trac.","og_url":"https:\/\/www.ariens.eu\/sk\/product\/snezne-frezy\/seria-mammoth-850\/mammoth-850\/","og_site_name":"Ariens |\u00a0EMEAA","article_modified_time":"2026-01-06T12:10:30+00:00","og_image":[{"width":1280,"height":960,"url":"https:\/\/www.ariens.eu\/sk\/wp-content\/uploads\/sites\/18\/2024\/05\/951001-Mammoth-Standalone_FL34L-4000x3000-2d96997-2.webp","type":"image\/webp"}],"twitter_card":"summary_large_image","twitter_misc":{"Predpokladan\u00fd \u010das \u010d\u00edtania":"2 min\u00faty"},"schema":{"@context":"https:\/\/schema.org","@graph":[{"@type":"WebPage","@id":"https:\/\/www.ariens.eu\/sk\/product\/snezne-frezy\/seria-mammoth-850\/mammoth-850\/","url":"https:\/\/www.ariens.eu\/sk\/product\/snezne-frezy\/seria-mammoth-850\/mammoth-850\/","name":"S\u00e9ria MAMMOTH\u2122 850 | Ariens","isPartOf":{"@id":"https:\/\/www.ariens.eu\/sk\/#website"},"primaryImageOfPage":{"@id":"https:\/\/www.ariens.eu\/sk\/product\/snezne-frezy\/seria-mammoth-850\/mammoth-850\/#primaryimage"},"image":{"@id":"https:\/\/www.ariens.eu\/sk\/product\/snezne-frezy\/seria-mammoth-850\/mammoth-850\/#primaryimage"},"thumbnailUrl":"https:\/\/www.ariens.eu\/sk\/wp-content\/uploads\/sites\/18\/2024\/05\/951001-Mammoth-Standalone_FL34L-4000x3000-2d96997-2.webp","datePublished":"2024-05-10T10:04:35+00:00","dateModified":"2026-01-06T12:10:30+00:00","description":"Objavte s\u00e9riu Mammoth: robustn\u00fd stroj na odh\u0155\u0148anie snehu s v\u00fdkonn\u00fdm motorom Kawasaki 28,5 hp, pohonom 4x4 a pneumatikami Terra-trac.","breadcrumb":{"@id":"https:\/\/www.ariens.eu\/sk\/product\/snezne-frezy\/seria-mammoth-850\/mammoth-850\/#breadcrumb"},"inLanguage":"sk-SK","potentialAction":[{"@type":"ReadAction","target":["https:\/\/www.ariens.eu\/sk\/product\/snezne-frezy\/seria-mammoth-850\/mammoth-850\/"]}]},{"@type":"ImageObject","inLanguage":"sk-SK","@id":"https:\/\/www.ariens.eu\/sk\/product\/snezne-frezy\/seria-mammoth-850\/mammoth-850\/#primaryimage","url":"https:\/\/www.ariens.eu\/sk\/wp-content\/uploads\/sites\/18\/2024\/05\/951001-Mammoth-Standalone_FL34L-4000x3000-2d96997-2.webp","contentUrl":"https:\/\/www.ariens.eu\/sk\/wp-content\/uploads\/sites\/18\/2024\/05\/951001-Mammoth-Standalone_FL34L-4000x3000-2d96997-2.webp","width":1280,"height":960},{"@type":"BreadcrumbList","@id":"https:\/\/www.ariens.eu\/sk\/product\/snezne-frezy\/seria-mammoth-850\/mammoth-850\/#breadcrumb","itemListElement":[{"@type":"ListItem","position":1,"name":"Home","item":"https:\/\/www.ariens.eu\/sk\/"},{"@type":"ListItem","position":2,"name":"Obchod","item":"https:\/\/www.ariens.eu\/sk\/obchod\/"},{"@type":"ListItem","position":3,"name":"MAMMOTH 850"}]},{"@type":"WebSite","@id":"https:\/\/www.ariens.eu\/sk\/#website","url":"https:\/\/www.ariens.eu\/sk\/","name":"Ariens | EMEAA","description":"Powerful and reliable zero-turn mowers &amp; snow blowers for professional users and demanding private customers","publisher":{"@id":"https:\/\/www.ariens.eu\/sk\/#organization"},"potentialAction":[{"@type":"SearchAction","target":{"@type":"EntryPoint","urlTemplate":"https:\/\/www.ariens.eu\/sk\/?s={search_term_string}"},"query-input":{"@type":"PropertyValueSpecification","valueRequired":true,"valueName":"search_term_string"}}],"inLanguage":"sk-SK"},{"@type":"Organization","@id":"https:\/\/www.ariens.eu\/sk\/#organization","name":"AriensCo GmbH","url":"https:\/\/www.ariens.eu\/sk\/","logo":{"@type":"ImageObject","inLanguage":"sk-SK","@id":"https:\/\/www.ariens.eu\/sk\/#\/schema\/logo\/image\/","url":"https:\/\/www.ariens.eu\/wp-content\/uploads\/2024\/11\/ariens-co-logo.jpg","contentUrl":"https:\/\/www.ariens.eu\/wp-content\/uploads\/2024\/11\/ariens-co-logo.jpg","width":1000,"height":1000,"caption":"AriensCo GmbH"},"image":{"@id":"https:\/\/www.ariens.eu\/sk\/#\/schema\/logo\/image\/"}}]}},"_links":{"self":[{"href":"https:\/\/www.ariens.eu\/sk\/wp-json\/wp\/v2\/product\/2303","targetHints":{"allow":["GET"]}}],"collection":[{"href":"https:\/\/www.ariens.eu\/sk\/wp-json\/wp\/v2\/product"}],"about":[{"href":"https:\/\/www.ariens.eu\/sk\/wp-json\/wp\/v2\/types\/product"}],"replies":[{"embeddable":true,"href":"https:\/\/www.ariens.eu\/sk\/wp-json\/wp\/v2\/comments?post=2303"}],"wp:featuredmedia":[{"embeddable":true,"href":"https:\/\/www.ariens.eu\/sk\/wp-json\/wp\/v2\/media\/2698"}],"wp:attachment":[{"href":"https:\/\/www.ariens.eu\/sk\/wp-json\/wp\/v2\/media?parent=2303"}],"wp:term":[{"taxonomy":"product_brand","embeddable":true,"href":"https:\/\/www.ariens.eu\/sk\/wp-json\/wp\/v2\/product_brand?post=2303"},{"taxonomy":"product_cat","embeddable":true,"href":"https:\/\/www.ariens.eu\/sk\/wp-json\/wp\/v2\/product_cat?post=2303"},{"taxonomy":"product_tag","embeddable":true,"href":"https:\/\/www.ariens.eu\/sk\/wp-json\/wp\/v2\/product_tag?post=2303"}],"curies":[{"name":"wp","href":"https:\/\/api.w.org\/{rel}","templated":true}]}}