{"id":2304,"date":"2024-05-10T11:04:35","date_gmt":"2024-05-10T10:04:35","guid":{"rendered":"https:\/\/www.ariens.eu\/product\/professional-28\/"},"modified":"2026-01-07T10:35:30","modified_gmt":"2026-01-07T10:35:30","slug":"professional-28","status":"publish","type":"product","link":"https:\/\/www.ariens.eu\/sk\/product\/snezne-frezy\/seria-professional\/professional-28","title":{"rendered":"PROFESSIONAL 28"},"content":{"rendered":"<div class=\"acfd-block acfd-block__twocolumns mb-asm-1 container-fluid px-0 bg-default\">\n<div class=\"acfd-twocolumns\">\n<div class=\"row\">\n<div class='col-lg-9 mb-4 '>\n<div class=\"acfd-block acfd-block__headline container-fluid px-0 bg-default\">\n<div class=\"acfd-headline\">\n<h2 class='h2 text-left li_black'>Robustn\u00fd stroj pre n\u00e1ro\u010dn\u00e9 a profesion\u00e1lne pou\u017eitie<\/h2>\n<\/p><\/div>\n<\/div><\/div>\n<div class='col-lg'>                    <\/div>\n<\/p><\/div>\n<\/div>\n<\/div>\n<div class=\"acfd-block acfd-block__twocolumns mb-asm-2 container-fluid px-0 bg-default\">\n<div class=\"acfd-twocolumns\">\n<div class=\"row\">\n<div class='col-lg-9 mb-4 '>\n<div class=\"acfd-block acfd-block__text container-fluid px-0 bg-default\">\n<div class=\"acfd-text li_black\">\n<p>Miliardy vlo\u010diek proti jedn\u00e9mu stroju. Asi tak to sed\u00ed. Snehov\u00e9 b\u00farky, ktor\u00e9 by in\u00fdch zasko\u010dili, zvl\u00e1dne \u013eahko. Najhlb\u0161ie a naj\u0165a\u017e\u0161ie sne\u017eenia s\u00fa porazen\u00e9 u\u017e pri prvom \u0161tarte motora s objemom 420 cm\u00b3. Nemus\u00edte by\u0165 profesion\u00e1l, aby ste odh\u0155\u0148ali ako prof\u00edci \u2013 sta\u010d\u00ed chu\u0165 zvl\u00e1dnu\u0165 \u010do najviac snehu za \u010do najkrat\u0161\u00ed \u010das.<\/p>\n<p>N\u00e1ro\u010dn\u00e9 pou\u017eitie a profesion\u00e1lne vlastnosti stroja Professional 28.<\/p>\n<ul>\n<li>\n<p><strong>\u0160irok\u00fd z\u00e1ber 71 cm (28&#8243;)<\/strong>, ktor\u00fd dok\u00e1\u017ee presun\u00fa\u0165 a\u017e 79 ton snehu za hodinu.<\/p>\n<\/li>\n<li>\n<p><strong>V\u00fdkonn\u00fd motor 420 cm\u00b3 Ariens AX EFI<\/strong> s elektrick\u00fdm \u0161tartom jedn\u00fdm stla\u010den\u00edm.<\/p>\n<\/li>\n<li>\n<p><strong>Extra vysok\u00e1 krycia kon\u0161trukcia<\/strong> pre hlbok\u00fd sneh.<\/p>\n<\/li>\n<li>\n<p><strong>Prepojen\u00e9 rukov\u00e4te<\/strong> umo\u017e\u0148uj\u00fa ovl\u00e1danie jednou rukou.<\/p>\n<\/li>\n<li>\n<p><strong>Pr\u00e9miov\u00e9 prvky ako \u0161tandard<\/strong>: LED svetl\u00e1, vyhrievan\u00e9 rukov\u00e4te, dia\u013ekovo ovl\u00e1dan\u00fd deflektor, profesion\u00e1lne klzn\u00e9 ly\u017einy.<\/p>\n<\/li>\n<li>\n<p><strong>Ur\u010den\u00e9 pre profesion\u00e1lne a komer\u010dn\u00e9 pou\u017eitie.<\/strong><\/p>\n<\/li>\n<\/ul>\n<\/div>\n<\/div><\/div>\n<div class='col-lg'>                    <\/div>\n<\/p><\/div>\n<\/div>\n<\/div>\n<div class=\"acfd-block acfd-block__category mb-asm-3 container-fluid px-0 bg-default\">\n<div class=\"acfd-product-categories\">\n<h2 class=\"text-left mb-3\">\n        Nasadenie    <\/h2>\n<div class=\"product-categories_wrapper\">\n         <span data-description=\"Det patenterte Ariens AutoTurn<sup>&reg;<\/sup> styresystemet forhindrer at et drivhjul eller et RapidTrak\u2122-belte spinner. Samtidig gir det enkel styring av maskinen ved automatisk \u00e5 frikoble den ene drivsiden n\u00e5r du svinger. Alle Ariens sn\u00f8fresere, bortsett fra CLASSIC-modellen, er utstyrt med AutoTurn.\" class=\"product-category-single\"> AutoTurn<sup>&reg;<\/sup>                <sup><i class=\"fa fa-info-circle\" aria-hidden=\"true\"><\/i><\/sup>            <\/span>  <span data-description=\"SHO stands for Super-High-Output. The high-performance blower wheel on the PLATINUM and PROFESSIONAL models creates more snow per hour and throws it further.\" class=\"product-category-single\"> SHO blower wheel                <sup><i class=\"fa fa-info-circle\" aria-hidden=\"true\"><\/i><\/sup>            <\/span>  <span data-description=\"A 230 volt connection allows you to start the machine at the touch of a button. Standard on all models.\" class=\"product-category-single\"> Electric start                <sup><i class=\"fa fa-info-circle\" aria-hidden=\"true\"><\/i><\/sup>            <\/span>     <\/div>\n<\/div>\n<\/div>\n<div class=\"acfd-block acfd-block__twocolumns mb-asm-2 container-fluid container-fluid--force px-0 bg-default\">\n<div class=\"acfd-twocolumns\">\n<div class=\"row\">\n<div class='col-lg-12 mb-4 '>\n<div class=\"acfd-product-advantages--wrapper\">\n<h2 class=\"h1 bigger text-color-black text-center mb-5\">\n        Vlastnosti a v\u00fdhody    <\/h2>\n<div class=\"acfd-product-advantages\">\n<div class=\"row\">\n<div class=\"col-md-6 mb-4 content\">\n                    <span class=\"d-block h5 text-color-brand mb-1\">Hydrostatic drive<\/span><\/p>\n<p>Stepless speed adjustment while driving. Simply adjust using the control lever.<\/p>\n<\/p><\/div>\n<div class=\"col-md-6 mb4 image\" style=\"background-image:url(https:\/\/www.ariens.eu\/sk\/wp-content\/uploads\/sites\/18\/2024\/05\/Hydrostatic_Drive_03-scaled.webp)\">\n                <\/div>\n<\/p><\/div>\n<div class=\"row\">\n<div class=\"col-md-6 mb-4 content\">\n                    <span class=\"d-block h5 text-color-brand mb-1\">35,5 cm h\u00f8yytelsesimpeller<\/span><\/p>\n<p>Ariens SHO-teknologi (Super High Output) gir maksimal ytelse. Det kraftige viftehjulet kaster sn\u00f8en ut raskere fra freseren og s\u00f8rger for h\u00f8y kapasitet. Ytelsen er imponerende &#8211; opptil 90 tonn sn\u00f8 per time.<\/p>\n<\/p><\/div>\n<div class=\"col-md-6 mb4 image\" style=\"background-image:url(https:\/\/www.ariens.eu\/sk\/wp-content\/uploads\/sites\/18\/2024\/05\/SHO_Impeller.webp)\">\n                <\/div>\n<\/p><\/div>\n<div class=\"row\">\n<div class=\"col-md-6 mb-4 content\">\n                    <span class=\"d-block h5 text-color-brand mb-1\">Bright LED Light<\/span><\/p>\n<p>Ultra-bright LED light as standard on all models in the Professional series. Precise clearing in the morning, evening and at night.<\/p>\n<\/p><\/div>\n<div class=\"col-md-6 mb4 image\" style=\"background-image:url(https:\/\/www.ariens.eu\/sk\/wp-content\/uploads\/sites\/18\/2024\/05\/LED_LIGHT_Solo-1.webp)\">\n                <\/div>\n<\/p><\/div>\n<div class=\"row\">\n<div class=\"col-md-6 mb-4 content\">\n                    <span class=\"d-block h5 text-color-brand mb-1\">Auto-turn steering<\/span><\/p>\n<p>Drive straight ahead with the rear axle locked for maximum grip. As soon as you steer the machine, the axle is unlocked and turning on the spot is child&#8217;s play. A patented invention from Ariens.<\/p>\n<\/p><\/div>\n<div class=\"col-md-6 mb4 image\" style=\"background-image:url(https:\/\/www.ariens.eu\/sk\/wp-content\/uploads\/sites\/18\/2024\/05\/feature6ars_fb_profe-2.png)\">\n                <\/div>\n<\/p><\/div>\n<div class=\"row\">\n<div class=\"col-md-6 mb-4 content\">\n                    <span class=\"d-block h5 text-color-brand mb-1\">Ariens<sup>&reg;<\/sup> AX420 EFI engine<\/span><\/p>\n<p>Powerful engine with Electronic Fuel Injection (EFI) that starts easily even in the harshest conditions. High performance, economical fuel consumption and faster power delivery.<\/p>\n<\/p><\/div>\n<div class=\"col-md-6 mb4 image\" style=\"background-image:url(https:\/\/www.ariens.eu\/sk\/wp-content\/uploads\/sites\/18\/2024\/05\/Electric_start.webp)\">\n                <\/div>\n<\/p><\/div>\n<div class=\"row\">\n<div class=\"col-md-6 mb-4 content\">\n                    <span class=\"d-block h5 text-color-brand mb-1\">Reinforced steel handlebars<\/span><\/p>\n<p>Tough machines need strong and sturdy handlebars. These are 100% steel and fully reinforced.<\/p>\n<\/p><\/div>\n<div class=\"col-md-6 mb4 image\" style=\"background-image:url(https:\/\/www.ariens.eu\/sk\/wp-content\/uploads\/sites\/18\/2024\/05\/Reinforced_Handlebars_02-scaled.webp)\">\n                <\/div>\n<\/p><\/div>\n<\/p><\/div>\n<\/div><\/div>\n<div class='col-lg'>                    <\/div>\n<\/p><\/div>\n<\/div>\n<\/div>\n","protected":false},"excerpt":{"rendered":"<p>Robustn\u00fd stroj pre n\u00e1ro\u010dn\u00e9 a profesion\u00e1lne pou\u017eitie Miliardy vlo\u010diek proti jedn\u00e9mu stroju. Asi tak to sed\u00ed. Snehov\u00e9 b\u00farky, ktor\u00e9 by in\u00fdch zasko\u010dili, zvl\u00e1dne \u013eahko. Najhlb\u0161ie a naj\u0165a\u017e\u0161ie sne\u017eenia s\u00fa porazen\u00e9 u\u017e pri prvom \u0161tarte motora s objemom 420 cm\u00b3. Nemus\u00edte by\u0165 profesion\u00e1l, aby ste odh\u0155\u0148ali ako prof\u00edci \u2013 sta\u010d\u00ed chu\u0165 zvl\u00e1dnu\u0165 \u010do najviac snehu za [&hellip;]<\/p>\n","protected":false},"featured_media":2691,"comment_status":"open","ping_status":"closed","template":"","meta":{"_acf_changed":false,"_relevanssi_hide_post":"","_relevanssi_hide_content":"","_relevanssi_pin_for_all":"","_relevanssi_pin_keywords":"","_relevanssi_unpin_keywords":"","_relevanssi_related_keywords":"","_relevanssi_related_include_ids":"","_relevanssi_related_exclude_ids":"","_relevanssi_related_no_append":"","_relevanssi_related_not_related":"","_relevanssi_related_posts":"","_relevanssi_noindex_reason":""},"product_brand":[],"product_cat":[15],"product_tag":[],"class_list":{"0":"post-2304","1":"product","2":"type-product","3":"status-publish","4":"has-post-thumbnail","6":"product_variant-seria-professional","7":"product_usage_areas-obce-a-technicke-sluzby","8":"product_usage_areas-zimna-udrzba","10":"first","11":"instock","12":"shipping-taxable","13":"product-type-simple"},"acf":[],"yoast_head":"<!-- This site is optimized with the Yoast SEO plugin v27.3 - https:\/\/yoast.com\/product\/yoast-seo-wordpress\/ -->\n<title>PROFESSIONAL 28 \u2013 Sne\u017en\u00e1 fr\u00e9za | Ariens<\/title>\n<meta name=\"description\" content=\"\u0160irok\u00fd z\u00e1ber 71 cm (28\u2033), ktor\u00fd pres\u00fava a\u017e 79 ton snehu za hodinu. Robustn\u00fd stroj pre n\u00e1ro\u010dn\u00e9 a profesion\u00e1lne pou\u017eitie.\" \/>\n<meta name=\"robots\" content=\"noindex, follow, max-snippet:-1, max-image-preview:large, max-video-preview:-1\" \/>\n<meta property=\"og:locale\" content=\"sk_SK\" \/>\n<meta property=\"og:type\" content=\"article\" \/>\n<meta property=\"og:title\" content=\"PROFESSIONAL 28 \u2013 Sne\u017en\u00e1 fr\u00e9za | Ariens\" \/>\n<meta property=\"og:description\" content=\"\u0160irok\u00fd z\u00e1ber 71 cm (28\u2033), ktor\u00fd pres\u00fava a\u017e 79 ton snehu za hodinu. Robustn\u00fd stroj pre n\u00e1ro\u010dn\u00e9 a profesion\u00e1lne pou\u017eitie.\" \/>\n<meta property=\"og:url\" content=\"https:\/\/www.ariens.eu\/sk\/product\/snezne-frezy\/seria-professional\/professional-28\/\" \/>\n<meta property=\"og:site_name\" content=\"Ariens |\u00a0EMEAA\" \/>\n<meta property=\"article:modified_time\" content=\"2026-01-07T10:35:30+00:00\" \/>\n<meta property=\"og:image\" content=\"https:\/\/www.ariens.eu\/sk\/wp-content\/uploads\/sites\/18\/2024\/05\/ariens-professional-28-two-stage-snow-thrower-front34-768x555-3.webp\" \/>\n\t<meta property=\"og:image:width\" content=\"768\" \/>\n\t<meta property=\"og:image:height\" content=\"555\" \/>\n\t<meta property=\"og:image:type\" content=\"image\/webp\" \/>\n<meta name=\"twitter:card\" content=\"summary_large_image\" \/>\n<meta name=\"twitter:label1\" content=\"Predpokladan\u00fd \u010das \u010d\u00edtania\" \/>\n\t<meta name=\"twitter:data1\" content=\"2 min\u00faty\" \/>\n<script type=\"application\/ld+json\" class=\"yoast-schema-graph\">{\"@context\":\"https:\\\/\\\/schema.org\",\"@graph\":[{\"@type\":\"WebPage\",\"@id\":\"https:\\\/\\\/www.ariens.eu\\\/sk\\\/product\\\/snezne-frezy\\\/seria-professional\\\/professional-28\\\/\",\"url\":\"https:\\\/\\\/www.ariens.eu\\\/sk\\\/product\\\/snezne-frezy\\\/seria-professional\\\/professional-28\\\/\",\"name\":\"PROFESSIONAL 28 \u2013 Sne\u017en\u00e1 fr\u00e9za | Ariens\",\"isPartOf\":{\"@id\":\"https:\\\/\\\/www.ariens.eu\\\/sk\\\/#website\"},\"primaryImageOfPage\":{\"@id\":\"https:\\\/\\\/www.ariens.eu\\\/sk\\\/product\\\/snezne-frezy\\\/seria-professional\\\/professional-28\\\/#primaryimage\"},\"image\":{\"@id\":\"https:\\\/\\\/www.ariens.eu\\\/sk\\\/product\\\/snezne-frezy\\\/seria-professional\\\/professional-28\\\/#primaryimage\"},\"thumbnailUrl\":\"https:\\\/\\\/www.ariens.eu\\\/sk\\\/wp-content\\\/uploads\\\/sites\\\/18\\\/2024\\\/05\\\/ariens-professional-28-two-stage-snow-thrower-front34-768x555-3.webp\",\"datePublished\":\"2024-05-10T10:04:35+00:00\",\"dateModified\":\"2026-01-07T10:35:30+00:00\",\"description\":\"\u0160irok\u00fd z\u00e1ber 71 cm (28\u2033), ktor\u00fd pres\u00fava a\u017e 79 ton snehu za hodinu. Robustn\u00fd stroj pre n\u00e1ro\u010dn\u00e9 a profesion\u00e1lne pou\u017eitie.\",\"breadcrumb\":{\"@id\":\"https:\\\/\\\/www.ariens.eu\\\/sk\\\/product\\\/snezne-frezy\\\/seria-professional\\\/professional-28\\\/#breadcrumb\"},\"inLanguage\":\"sk-SK\",\"potentialAction\":[{\"@type\":\"ReadAction\",\"target\":[\"https:\\\/\\\/www.ariens.eu\\\/sk\\\/product\\\/snezne-frezy\\\/seria-professional\\\/professional-28\\\/\"]}]},{\"@type\":\"ImageObject\",\"inLanguage\":\"sk-SK\",\"@id\":\"https:\\\/\\\/www.ariens.eu\\\/sk\\\/product\\\/snezne-frezy\\\/seria-professional\\\/professional-28\\\/#primaryimage\",\"url\":\"https:\\\/\\\/www.ariens.eu\\\/sk\\\/wp-content\\\/uploads\\\/sites\\\/18\\\/2024\\\/05\\\/ariens-professional-28-two-stage-snow-thrower-front34-768x555-3.webp\",\"contentUrl\":\"https:\\\/\\\/www.ariens.eu\\\/sk\\\/wp-content\\\/uploads\\\/sites\\\/18\\\/2024\\\/05\\\/ariens-professional-28-two-stage-snow-thrower-front34-768x555-3.webp\",\"width\":768,\"height\":555},{\"@type\":\"BreadcrumbList\",\"@id\":\"https:\\\/\\\/www.ariens.eu\\\/sk\\\/product\\\/snezne-frezy\\\/seria-professional\\\/professional-28\\\/#breadcrumb\",\"itemListElement\":[{\"@type\":\"ListItem\",\"position\":1,\"name\":\"Home\",\"item\":\"https:\\\/\\\/www.ariens.eu\\\/sk\\\/\"},{\"@type\":\"ListItem\",\"position\":2,\"name\":\"Obchod\",\"item\":\"https:\\\/\\\/www.ariens.eu\\\/sk\\\/obchod\\\/\"},{\"@type\":\"ListItem\",\"position\":3,\"name\":\"PROFESSIONAL 28\"}]},{\"@type\":\"WebSite\",\"@id\":\"https:\\\/\\\/www.ariens.eu\\\/sk\\\/#website\",\"url\":\"https:\\\/\\\/www.ariens.eu\\\/sk\\\/\",\"name\":\"Ariens | EMEAA\",\"description\":\"Powerful and reliable zero-turn mowers &amp; snow blowers for professional users and demanding private customers\",\"publisher\":{\"@id\":\"https:\\\/\\\/www.ariens.eu\\\/sk\\\/#organization\"},\"potentialAction\":[{\"@type\":\"SearchAction\",\"target\":{\"@type\":\"EntryPoint\",\"urlTemplate\":\"https:\\\/\\\/www.ariens.eu\\\/sk\\\/?s={search_term_string}\"},\"query-input\":{\"@type\":\"PropertyValueSpecification\",\"valueRequired\":true,\"valueName\":\"search_term_string\"}}],\"inLanguage\":\"sk-SK\"},{\"@type\":\"Organization\",\"@id\":\"https:\\\/\\\/www.ariens.eu\\\/sk\\\/#organization\",\"name\":\"AriensCo GmbH\",\"url\":\"https:\\\/\\\/www.ariens.eu\\\/sk\\\/\",\"logo\":{\"@type\":\"ImageObject\",\"inLanguage\":\"sk-SK\",\"@id\":\"https:\\\/\\\/www.ariens.eu\\\/sk\\\/#\\\/schema\\\/logo\\\/image\\\/\",\"url\":\"https:\\\/\\\/www.ariens.eu\\\/wp-content\\\/uploads\\\/2024\\\/11\\\/ariens-co-logo.jpg\",\"contentUrl\":\"https:\\\/\\\/www.ariens.eu\\\/wp-content\\\/uploads\\\/2024\\\/11\\\/ariens-co-logo.jpg\",\"width\":1000,\"height\":1000,\"caption\":\"AriensCo GmbH\"},\"image\":{\"@id\":\"https:\\\/\\\/www.ariens.eu\\\/sk\\\/#\\\/schema\\\/logo\\\/image\\\/\"}}]}<\/script>\n<!-- \/ Yoast SEO plugin. -->","yoast_head_json":{"title":"PROFESSIONAL 28 \u2013 Sne\u017en\u00e1 fr\u00e9za | Ariens","description":"\u0160irok\u00fd z\u00e1ber 71 cm (28\u2033), ktor\u00fd pres\u00fava a\u017e 79 ton snehu za hodinu. Robustn\u00fd stroj pre n\u00e1ro\u010dn\u00e9 a profesion\u00e1lne pou\u017eitie.","robots":{"index":"noindex","follow":"follow","max-snippet":"max-snippet:-1","max-image-preview":"max-image-preview:large","max-video-preview":"max-video-preview:-1"},"og_locale":"sk_SK","og_type":"article","og_title":"PROFESSIONAL 28 \u2013 Sne\u017en\u00e1 fr\u00e9za | Ariens","og_description":"\u0160irok\u00fd z\u00e1ber 71 cm (28\u2033), ktor\u00fd pres\u00fava a\u017e 79 ton snehu za hodinu. Robustn\u00fd stroj pre n\u00e1ro\u010dn\u00e9 a profesion\u00e1lne pou\u017eitie.","og_url":"https:\/\/www.ariens.eu\/sk\/product\/snezne-frezy\/seria-professional\/professional-28\/","og_site_name":"Ariens |\u00a0EMEAA","article_modified_time":"2026-01-07T10:35:30+00:00","og_image":[{"width":768,"height":555,"url":"https:\/\/www.ariens.eu\/sk\/wp-content\/uploads\/sites\/18\/2024\/05\/ariens-professional-28-two-stage-snow-thrower-front34-768x555-3.webp","type":"image\/webp"}],"twitter_card":"summary_large_image","twitter_misc":{"Predpokladan\u00fd \u010das \u010d\u00edtania":"2 min\u00faty"},"schema":{"@context":"https:\/\/schema.org","@graph":[{"@type":"WebPage","@id":"https:\/\/www.ariens.eu\/sk\/product\/snezne-frezy\/seria-professional\/professional-28\/","url":"https:\/\/www.ariens.eu\/sk\/product\/snezne-frezy\/seria-professional\/professional-28\/","name":"PROFESSIONAL 28 \u2013 Sne\u017en\u00e1 fr\u00e9za | Ariens","isPartOf":{"@id":"https:\/\/www.ariens.eu\/sk\/#website"},"primaryImageOfPage":{"@id":"https:\/\/www.ariens.eu\/sk\/product\/snezne-frezy\/seria-professional\/professional-28\/#primaryimage"},"image":{"@id":"https:\/\/www.ariens.eu\/sk\/product\/snezne-frezy\/seria-professional\/professional-28\/#primaryimage"},"thumbnailUrl":"https:\/\/www.ariens.eu\/sk\/wp-content\/uploads\/sites\/18\/2024\/05\/ariens-professional-28-two-stage-snow-thrower-front34-768x555-3.webp","datePublished":"2024-05-10T10:04:35+00:00","dateModified":"2026-01-07T10:35:30+00:00","description":"\u0160irok\u00fd z\u00e1ber 71 cm (28\u2033), ktor\u00fd pres\u00fava a\u017e 79 ton snehu za hodinu. Robustn\u00fd stroj pre n\u00e1ro\u010dn\u00e9 a profesion\u00e1lne pou\u017eitie.","breadcrumb":{"@id":"https:\/\/www.ariens.eu\/sk\/product\/snezne-frezy\/seria-professional\/professional-28\/#breadcrumb"},"inLanguage":"sk-SK","potentialAction":[{"@type":"ReadAction","target":["https:\/\/www.ariens.eu\/sk\/product\/snezne-frezy\/seria-professional\/professional-28\/"]}]},{"@type":"ImageObject","inLanguage":"sk-SK","@id":"https:\/\/www.ariens.eu\/sk\/product\/snezne-frezy\/seria-professional\/professional-28\/#primaryimage","url":"https:\/\/www.ariens.eu\/sk\/wp-content\/uploads\/sites\/18\/2024\/05\/ariens-professional-28-two-stage-snow-thrower-front34-768x555-3.webp","contentUrl":"https:\/\/www.ariens.eu\/sk\/wp-content\/uploads\/sites\/18\/2024\/05\/ariens-professional-28-two-stage-snow-thrower-front34-768x555-3.webp","width":768,"height":555},{"@type":"BreadcrumbList","@id":"https:\/\/www.ariens.eu\/sk\/product\/snezne-frezy\/seria-professional\/professional-28\/#breadcrumb","itemListElement":[{"@type":"ListItem","position":1,"name":"Home","item":"https:\/\/www.ariens.eu\/sk\/"},{"@type":"ListItem","position":2,"name":"Obchod","item":"https:\/\/www.ariens.eu\/sk\/obchod\/"},{"@type":"ListItem","position":3,"name":"PROFESSIONAL 28"}]},{"@type":"WebSite","@id":"https:\/\/www.ariens.eu\/sk\/#website","url":"https:\/\/www.ariens.eu\/sk\/","name":"Ariens | EMEAA","description":"Powerful and reliable zero-turn mowers &amp; snow blowers for professional users and demanding private customers","publisher":{"@id":"https:\/\/www.ariens.eu\/sk\/#organization"},"potentialAction":[{"@type":"SearchAction","target":{"@type":"EntryPoint","urlTemplate":"https:\/\/www.ariens.eu\/sk\/?s={search_term_string}"},"query-input":{"@type":"PropertyValueSpecification","valueRequired":true,"valueName":"search_term_string"}}],"inLanguage":"sk-SK"},{"@type":"Organization","@id":"https:\/\/www.ariens.eu\/sk\/#organization","name":"AriensCo GmbH","url":"https:\/\/www.ariens.eu\/sk\/","logo":{"@type":"ImageObject","inLanguage":"sk-SK","@id":"https:\/\/www.ariens.eu\/sk\/#\/schema\/logo\/image\/","url":"https:\/\/www.ariens.eu\/wp-content\/uploads\/2024\/11\/ariens-co-logo.jpg","contentUrl":"https:\/\/www.ariens.eu\/wp-content\/uploads\/2024\/11\/ariens-co-logo.jpg","width":1000,"height":1000,"caption":"AriensCo GmbH"},"image":{"@id":"https:\/\/www.ariens.eu\/sk\/#\/schema\/logo\/image\/"}}]}},"_links":{"self":[{"href":"https:\/\/www.ariens.eu\/sk\/wp-json\/wp\/v2\/product\/2304","targetHints":{"allow":["GET"]}}],"collection":[{"href":"https:\/\/www.ariens.eu\/sk\/wp-json\/wp\/v2\/product"}],"about":[{"href":"https:\/\/www.ariens.eu\/sk\/wp-json\/wp\/v2\/types\/product"}],"replies":[{"embeddable":true,"href":"https:\/\/www.ariens.eu\/sk\/wp-json\/wp\/v2\/comments?post=2304"}],"wp:featuredmedia":[{"embeddable":true,"href":"https:\/\/www.ariens.eu\/sk\/wp-json\/wp\/v2\/media\/2691"}],"wp:attachment":[{"href":"https:\/\/www.ariens.eu\/sk\/wp-json\/wp\/v2\/media?parent=2304"}],"wp:term":[{"taxonomy":"product_brand","embeddable":true,"href":"https:\/\/www.ariens.eu\/sk\/wp-json\/wp\/v2\/product_brand?post=2304"},{"taxonomy":"product_cat","embeddable":true,"href":"https:\/\/www.ariens.eu\/sk\/wp-json\/wp\/v2\/product_cat?post=2304"},{"taxonomy":"product_tag","embeddable":true,"href":"https:\/\/www.ariens.eu\/sk\/wp-json\/wp\/v2\/product_tag?post=2304"}],"curies":[{"name":"wp","href":"https:\/\/api.w.org\/{rel}","templated":true}]}}