{"id":2307,"date":"2024-05-10T11:04:35","date_gmt":"2024-05-10T10:04:35","guid":{"rendered":"https:\/\/www.ariens.eu\/product\/hydro-pro-32-kranken-edition\/"},"modified":"2026-01-06T09:31:34","modified_gmt":"2026-01-06T09:31:34","slug":"hydro-pro-32-rapidtrak-kraken-edition","status":"publish","type":"product","link":"https:\/\/www.ariens.eu\/sk\/product\/snezne-frezy\/seria-professional\/hydro-pro-32-rapidtrak-kraken-edition","title":{"rendered":"HYDRO PRO 32 RAPIDTRAK KRAKEN EDITION"},"content":{"rendered":"<div class=\"acfd-block acfd-block__twocolumns mb-asm-1 container-fluid px-0 bg-default\">\n<div class=\"acfd-twocolumns\">\n<div class=\"row\">\n<div class='col-lg-9 mb-4'>\n<div class=\"acfd-block acfd-block__headline container-fluid px-0 bg-default\">\n<div class=\"acfd-headline\">\n<h2 class='h2 text-left'>Najpohodlnej\u0161ie \u010distenie snehu v hor\u00e1ch<\/h2>\n<\/p><\/div>\n<\/div><\/div>\n<div class='col-lg'>                    <\/div>\n<\/p><\/div>\n<\/div>\n<\/div>\n<div class=\"acfd-block acfd-block__twocolumns mb-asm-2 container-fluid px-0 bg-default\">\n<div class=\"acfd-twocolumns\">\n<div class=\"row\">\n<div class='col-lg-9 mb-4'>\n<div class=\"acfd-block acfd-block__text container-fluid px-0 bg-default\">\n<div class=\"acfd-text\">\n<p>Billi\u00f3ny vlo\u010diek versus jeden stroj. Presne tak. \u013dahko si porad\u00ed aj s t\u00fdmi najdivokej\u0161\u00edmi sne\u017en\u00fdmi b\u00farkami. Najhlb\u0161ie a naj\u0165a\u017e\u0161ie snehov\u00e9 zr\u00e1\u017eky nepre\u017eij\u00fa, ke\u010f na\u0161tartujete tento 420cc motor. Nemus\u00edte by\u0165 profesion\u00e1l, sta\u010d\u00ed v\u00e1m t\u00fa\u017eba odh\u0155\u0148a\u0165 sneh \u010do najr\u00fdchlej\u0161ie. Cho\u010fte do toho a odh\u0155\u0148ajte sneh ako prof\u00edci.<\/p>\n<p>M\u00e1te naozaj probl\u00e9m so snehom? HYDRO PRO 32 RAPIDTRAK\u2122 KRAKEN EDITION je stvoren\u00fd pr\u00e1ve pre v\u00e1s.<\/p>\n<ul>\n<li><strong>Elektrick\u00fd pohon p\u00e1sov:<\/strong> R\u00fdchlo prep\u00ednajte medzi kolieskov\u00fdm, p\u00e1sov\u00fdm a \u201edig-in\u201c re\u017eimom stla\u010den\u00edm tla\u010didla.<\/li>\n<li><strong>Elektricky ovl\u00e1dan\u00fd vyhadzovac\u00ed kom\u00edn (s joystickom):<\/strong> Pohybujte klapkou bez toho, aby ste museli h\u00fdba\u0165 celou rukou.<\/li>\n<li><strong>360\u00b0 LED osvetlenie:<\/strong> Roz\u017eiarte noc s 53 cm (21\u201d) LED sveteln\u00fdm panelom, LED svetlami na vyhadzovacom kom\u00edne a LED osvetlen\u00edm smeruj\u00facim na zem okolo v\u00e1s.<\/li>\n<li><strong>Auto-turn riadenie:<\/strong> Jednoduch\u00e9 ot\u00e1\u010danie s nulov\u00fdm polomerom.<\/li>\n<li><strong>Impeller (odhadzova\u010d):<\/strong> Ve\u013ek\u00fd 36 cm (14\u201c) odhadzova\u010d \u013eahko pohlt\u00ed a odhod\u00ed obrovsk\u00e9 mno\u017estvo snehu.<\/li>\n<li><strong>Hydrostatick\u00fd pohon:<\/strong> Zvy\u0161ujte alebo zni\u017eujte r\u00fdchlos\u0165 posunom p\u00e1ky.<\/li>\n<li><strong>Vyztu\u017een\u00e9 oce\u013eov\u00e9 riadidl\u00e1:<\/strong> Ve\u013ek\u00e9 stroje potrebuj\u00fa pevn\u00e9, robustn\u00e9 riadidl\u00e1. Tieto s\u00fa 100 % oce\u013eov\u00e9 a plne vyztu\u017een\u00e9.<\/li>\n<li><strong>Vyhrievan\u00e9 rukov\u00e4te:<\/strong> Udr\u017eujte ruky v teple a pohodl\u00ed s na\u0161imi pr\u00e9miov\u00fdmi vyhrievan\u00fdmi rukov\u00e4\u0165ami.<\/li>\n<li><strong>V\u00fdkon odh\u0155\u0148ania:<\/strong> Odh\u0155\u0148ajte sneh a\u017e do vzdialenosti 18 metrov (60 st\u00f4p) alebo bl\u00edzko tri stopy.<\/li>\n<li><strong>Motor Ariens<sup>&reg;<\/sup> AX420 EFI:<\/strong> N\u00e1\u0161 motor s elektronick\u00fdm vstrekovan\u00edm paliva sa \u013eahko \u0161tartuje a zabezpe\u010duje vysok\u00fd v\u00fdkon pri odh\u0155\u0148an\u00ed snehu pri ni\u017e\u0161ej spotrebe paliva.<\/li>\n<\/ul>\n<\/div>\n<\/div><\/div>\n<div class='col-lg'>                    <\/div>\n<\/p><\/div>\n<\/div>\n<\/div>\n<div class=\"acfd-block acfd-block__category mb-asm-3 container-fluid px-0 bg-default\">\n<div class=\"acfd-product-categories\">\n<h2 class=\"text-left mb-3\">\n        Eins\u00e4tze    <\/h2>\n<div class=\"product-categories_wrapper\">\n         <span data-description=\"Patentovan\u00fd pohon RapidTrak\u2122 s p\u00e1smi poskytuje najlep\u0161\u00ed z\u00e1ber na utla\u010denom aj \u010derstvom snehu. P\u00e1s je nastavite\u013en\u00fd. M\u00f4\u017ee sa pou\u017e\u00edva\u0165 ako pohon na koles\u00e1ch pre jednoduch\u00e9 riadenie, ako pohon na p\u00e1sy pre maxim\u00e1lny z\u00e1ber a v re\u017eime \u201edig-in\u201c pre maxim\u00e1lny tlak na \u0161krabku a odstra\u0148ovanie ve\u013ek\u00fdch hrom\u00e1d snehu. Na \u013eadov\u00fdch povrchoch sa odpor\u00fa\u010da pohon na koles\u00e1ch s re\u0165azami so \u0161picami.\" class=\"product-category-single\"> RapidTrak\u2122                <sup><i class=\"fa fa-info-circle\" aria-hidden=\"true\"><\/i><\/sup>            <\/span>  <span data-description=\"Patentovan\u00fd riadiaci syst\u00e9m Ariens AutoTurn<sup>&reg;<\/sup> zabra\u0148uje pret\u00e1\u010daniu hnacieho kolesa alebo p\u00e1su RapidTrak\u2122. Z\u00e1rove\u0148 umo\u017e\u0148uje jednoduch\u00e9 ovl\u00e1danie stroja t\u00fdm, \u017ee pri zat\u00e1\u010dan\u00ed automaticky uvo\u013en\u00ed jednu stranu pohonu. V\u0161etky sne\u017en\u00e9 fr\u00e9zy Ariens, s v\u00fdnimkou modelu CLASSIC, s\u00fa vybaven\u00e9 syst\u00e9mom AutoTurn<sup>&reg;<\/sup>.\" class=\"product-category-single\"> AutoTurn<sup>&reg;<\/sup>                <sup><i class=\"fa fa-info-circle\" aria-hidden=\"true\"><\/i><\/sup>            <\/span>  <span data-description=\"SHO znamen\u00e1 \u201eSuper-High-Output\u201c (mimoriadne vysok\u00fd v\u00fdkon). V\u00fdkonn\u00e9 vyhadzovacie koleso SHO pri modeloch PLATINUM a PROFESSIONAL spracuje viac snehu za hodinu a odhadzuje ho do v\u00e4\u010d\u0161ej vzdialenosti.\" class=\"product-category-single\"> Vyhadzovacie koleso SHO                <sup><i class=\"fa fa-info-circle\" aria-hidden=\"true\"><\/i><\/sup>            <\/span>  <span data-description=\"Pripojenie na 230 voltov umo\u017e\u0148uje spusti\u0165 stroj stla\u010den\u00edm jedin\u00e9ho tla\u010didla. \u0160tandard na v\u0161etk\u00fdch modeloch.\" class=\"product-category-single\"> Elektrick\u00fd \u0161tart                <sup><i class=\"fa fa-info-circle\" aria-hidden=\"true\"><\/i><\/sup>            <\/span>     <\/div>\n<\/div>\n<\/div>\n<div class=\"acfd-block acfd-block__twocolumns container-fluid container-fluid--force px-0 bg-default\">\n<div class=\"acfd-twocolumns\">\n<div class=\"row\">\n<div class='col-lg-12 mb-4'>\n<div class=\"acfd-product-advantages--wrapper\">\n<h2 class=\"h1 bigger text-color-black text-center mb-5\">\n        Merkmale &amp; Vorteile    <\/h2>\n<div class=\"acfd-product-advantages\">\n<div class=\"row\">\n<div class=\"col-md-6 mb-4 content\">\n                    <span class=\"d-block h5 text-color-brand mb-1\">Hydrostatick\u00fd pohon<\/span><\/p>\n<p>Plynul\u00e9 nastavenie r\u00fdchlosti po\u010das jazdy. Jednoducho nastavite\u013en\u00e9 pomocou ovl\u00e1dacej p\u00e1ky.<\/p>\n<\/p><\/div>\n<div class=\"col-md-6 mb4 image\" style=\"background-image:url(https:\/\/www.ariens.eu\/sk\/wp-content\/uploads\/sites\/18\/2024\/05\/Hydrostatic_Drive_03-scaled.webp)\">\n                <\/div>\n<\/p><\/div>\n<div class=\"row\">\n<div class=\"col-md-6 mb-4 content\">\n                    <span class=\"d-block h5 text-color-brand mb-1\">35,5 cm vysokov\u00fdkonn\u00e9 vyhadzovacie koleso<\/span><\/p>\n<p>Technol\u00f3gia Ariens SHO znamen\u00e1 \u201eSuper High Output\u201c, teda mimoriadne vysok\u00fd v\u00fdkon. Jednoducho povedan\u00e9: vyhadzovacie koleso je obzvl\u00e1\u0161\u0165 v\u00fdkonn\u00e9 a r\u00fdchlej\u0161ie odstra\u0148uje sneh spracovan\u00fd predn\u00fdm fr\u00e9zovac\u00edm \u00fastrojenstvom. Maxim\u00e1lny v\u00fdkon a\u017e 90 ton za hodinu.<\/p>\n<\/p><\/div>\n<div class=\"col-md-6 mb4 image\" style=\"background-image:url(https:\/\/www.ariens.eu\/sk\/wp-content\/uploads\/sites\/18\/2024\/05\/SHO_Impeller.webp)\">\n                <\/div>\n<\/p><\/div>\n<div class=\"row\">\n<div class=\"col-md-6 mb-4 content\">\n                    <span class=\"d-block h5 text-color-brand mb-1\">Jasn\u00e9 LED osvetlenie<\/span><\/p>\n<p>Ultra jasn\u00e9 LED svetlo je \u0161tandardom pri v\u0161etk\u00fdch modeloch s\u00e9rie Professional. Umo\u017e\u0148uje presn\u00e9 odstra\u0148ovanie snehu r\u00e1no, ve\u010der aj v noci.<\/p>\n<\/p><\/div>\n<div class=\"col-md-6 mb4 image\" style=\"background-image:url(https:\/\/www.ariens.eu\/sk\/wp-content\/uploads\/sites\/18\/2024\/05\/LED_LIGHT_Solo-1.webp)\">\n                <\/div>\n<\/p><\/div>\n<div class=\"row\">\n<div class=\"col-md-6 mb-4 content\">\n                    <span class=\"d-block h5 text-color-brand mb-1\">Syst\u00e9m riadenia Auto-Turn<\/span><\/p>\n<p>Jazdite priamo vpred so zadnou n\u00e1pravou zamknutou pre maxim\u00e1lny z\u00e1ber. Hne\u010f ako za\u010dnete riadi\u0165, n\u00e1prava sa odblokuje a ot\u00e1\u010danie na mieste je hra\u010dkou. Patentovan\u00fd vyn\u00e1lez od Ariens.<\/p>\n<\/p><\/div>\n<div class=\"col-md-6 mb4 image\" style=\"background-image:url(https:\/\/www.ariens.eu\/sk\/wp-content\/uploads\/sites\/18\/2024\/05\/feature6ars_fb_profe-2.png)\">\n                <\/div>\n<\/p><\/div>\n<div class=\"row\">\n<div class=\"col-md-6 mb-4 content\">\n                    <span class=\"d-block h5 text-color-brand mb-1\">Motor Ariens<sup>&reg;<\/sup> AX420 EFI<\/span><\/p>\n<p>V\u00fdkonn\u00fd motor s elektronick\u00fdm vstrekovan\u00edm paliva (EFI), ktor\u00fd sa \u013eahko \u0161tartuje aj v t\u00fdch najn\u00e1ro\u010dnej\u0161\u00edch podmienkach. Vysok\u00fd v\u00fdkon, \u00fasporn\u00e1 spotreba paliva a r\u00fdchlej\u0161\u00ed pr\u00edsun energie.<\/p>\n<\/p><\/div>\n<div class=\"col-md-6 mb4 image\" style=\"background-image:url(https:\/\/www.ariens.eu\/sk\/wp-content\/uploads\/sites\/18\/2024\/05\/Electric_start.webp)\">\n                <\/div>\n<\/p><\/div>\n<div class=\"row\">\n<div class=\"col-md-6 mb-4 content\">\n                    <span class=\"d-block h5 text-color-brand mb-1\">Spevnen\u00e9 oce\u013eov\u00e9 riadidl\u00e1<\/span><\/p>\n<p>Odoln\u00e9 stroje si vy\u017eaduj\u00fa pevn\u00e9 a robustn\u00e9 riadidl\u00e1. Tieto s\u00fa vyroben\u00e9 zo 100\u202f% ocele a plne spevnen\u00e9.<\/p>\n<\/p><\/div>\n<div class=\"col-md-6 mb4 image\" style=\"background-image:url(https:\/\/www.ariens.eu\/sk\/wp-content\/uploads\/sites\/18\/2024\/05\/Reinforced_Handlebars_02-scaled.webp)\">\n                <\/div>\n<\/p><\/div>\n<\/p><\/div>\n<\/div><\/div>\n<div class='col-lg'>                    <\/div>\n<\/p><\/div>\n<\/div>\n<\/div>\n","protected":false},"excerpt":{"rendered":"<p>Najpohodlnej\u0161ie \u010distenie snehu v hor\u00e1ch Billi\u00f3ny vlo\u010diek versus jeden stroj. Presne tak. \u013dahko si porad\u00ed aj s t\u00fdmi najdivokej\u0161\u00edmi sne\u017en\u00fdmi b\u00farkami. Najhlb\u0161ie a naj\u0165a\u017e\u0161ie snehov\u00e9 zr\u00e1\u017eky nepre\u017eij\u00fa, ke\u010f na\u0161tartujete tento 420cc motor. Nemus\u00edte by\u0165 profesion\u00e1l, sta\u010d\u00ed v\u00e1m t\u00fa\u017eba odh\u0155\u0148a\u0165 sneh \u010do najr\u00fdchlej\u0161ie. Cho\u010fte do toho a odh\u0155\u0148ajte sneh ako prof\u00edci. M\u00e1te naozaj probl\u00e9m so snehom? [&hellip;]<\/p>\n","protected":false},"featured_media":2694,"comment_status":"open","ping_status":"closed","template":"","meta":{"_acf_changed":false,"_relevanssi_hide_post":"","_relevanssi_hide_content":"","_relevanssi_pin_for_all":"","_relevanssi_pin_keywords":"","_relevanssi_unpin_keywords":"","_relevanssi_related_keywords":"","_relevanssi_related_include_ids":"","_relevanssi_related_exclude_ids":"","_relevanssi_related_no_append":"","_relevanssi_related_not_related":"","_relevanssi_related_posts":"","_relevanssi_noindex_reason":""},"product_brand":[],"product_cat":[15],"product_tag":[],"class_list":{"0":"post-2307","1":"product","2":"type-product","3":"status-publish","4":"has-post-thumbnail","6":"product_variant-seria-professional","7":"product_usage_areas-obce-a-technicke-sluzby","8":"product_usage_areas-zimna-udrzba","10":"first","11":"instock","12":"shipping-taxable","13":"product-type-simple"},"acf":[],"yoast_head":"<!-- This site is optimized with the Yoast SEO plugin v27.3 - https:\/\/yoast.com\/product\/yoast-seo-wordpress\/ -->\n<title>HYDRO PRO 32 RAPIDTRAK KRAKEN EDITION | Ariens<\/title>\n<meta name=\"description\" content=\"M\u00e1te skuto\u010dn\u00fd probl\u00e9m so snehom. Potom je HYDRO PRO 32 RAPIDTRAK KRAKEN EDITION presne pre v\u00e1s. Najkomfortnej\u0161\u00ed sp\u00f4sob, ako vy\u010disti\u0165 hory snehu.\" \/>\n<meta name=\"robots\" content=\"noindex, follow, max-snippet:-1, max-image-preview:large, max-video-preview:-1\" \/>\n<meta property=\"og:locale\" content=\"sk_SK\" \/>\n<meta property=\"og:type\" content=\"article\" \/>\n<meta property=\"og:title\" content=\"HYDRO PRO 32 RAPIDTRAK KRAKEN EDITION | Ariens\" \/>\n<meta property=\"og:description\" content=\"M\u00e1te skuto\u010dn\u00fd probl\u00e9m so snehom. Potom je HYDRO PRO 32 RAPIDTRAK KRAKEN EDITION presne pre v\u00e1s. Najkomfortnej\u0161\u00ed sp\u00f4sob, ako vy\u010disti\u0165 hory snehu.\" \/>\n<meta property=\"og:url\" content=\"https:\/\/www.ariens.eu\/sk\/product\/snezne-frezy\/seria-professional\/hydro-pro-32-rapidtrak-kraken-edition\/\" \/>\n<meta property=\"og:site_name\" content=\"Ariens |\u00a0EMEAA\" \/>\n<meta property=\"article:modified_time\" content=\"2026-01-06T09:31:34+00:00\" \/>\n<meta property=\"og:image\" content=\"https:\/\/www.ariens.eu\/sk\/wp-content\/uploads\/sites\/18\/2024\/05\/ariens-professional-rapidtrak-thekraken-special-edition-snow-thrower-angle-view-front34.webp\" \/>\n\t<meta property=\"og:image:width\" content=\"900\" \/>\n\t<meta property=\"og:image:height\" content=\"650\" \/>\n\t<meta property=\"og:image:type\" content=\"image\/webp\" \/>\n<meta name=\"twitter:card\" content=\"summary_large_image\" \/>\n<meta name=\"twitter:label1\" content=\"Predpokladan\u00fd \u010das \u010d\u00edtania\" \/>\n\t<meta name=\"twitter:data1\" content=\"3 min\u00faty\" \/>\n<script type=\"application\/ld+json\" class=\"yoast-schema-graph\">{\"@context\":\"https:\\\/\\\/schema.org\",\"@graph\":[{\"@type\":\"WebPage\",\"@id\":\"https:\\\/\\\/www.ariens.eu\\\/sk\\\/product\\\/snezne-frezy\\\/seria-professional\\\/hydro-pro-32-rapidtrak-kraken-edition\\\/\",\"url\":\"https:\\\/\\\/www.ariens.eu\\\/sk\\\/product\\\/snezne-frezy\\\/seria-professional\\\/hydro-pro-32-rapidtrak-kraken-edition\\\/\",\"name\":\"HYDRO PRO 32 RAPIDTRAK KRAKEN EDITION | Ariens\",\"isPartOf\":{\"@id\":\"https:\\\/\\\/www.ariens.eu\\\/sk\\\/#website\"},\"primaryImageOfPage\":{\"@id\":\"https:\\\/\\\/www.ariens.eu\\\/sk\\\/product\\\/snezne-frezy\\\/seria-professional\\\/hydro-pro-32-rapidtrak-kraken-edition\\\/#primaryimage\"},\"image\":{\"@id\":\"https:\\\/\\\/www.ariens.eu\\\/sk\\\/product\\\/snezne-frezy\\\/seria-professional\\\/hydro-pro-32-rapidtrak-kraken-edition\\\/#primaryimage\"},\"thumbnailUrl\":\"https:\\\/\\\/www.ariens.eu\\\/sk\\\/wp-content\\\/uploads\\\/sites\\\/18\\\/2024\\\/05\\\/ariens-professional-rapidtrak-thekraken-special-edition-snow-thrower-angle-view-front34.webp\",\"datePublished\":\"2024-05-10T10:04:35+00:00\",\"dateModified\":\"2026-01-06T09:31:34+00:00\",\"description\":\"M\u00e1te skuto\u010dn\u00fd probl\u00e9m so snehom. Potom je HYDRO PRO 32 RAPIDTRAK KRAKEN EDITION presne pre v\u00e1s. Najkomfortnej\u0161\u00ed sp\u00f4sob, ako vy\u010disti\u0165 hory snehu.\",\"breadcrumb\":{\"@id\":\"https:\\\/\\\/www.ariens.eu\\\/sk\\\/product\\\/snezne-frezy\\\/seria-professional\\\/hydro-pro-32-rapidtrak-kraken-edition\\\/#breadcrumb\"},\"inLanguage\":\"sk-SK\",\"potentialAction\":[{\"@type\":\"ReadAction\",\"target\":[\"https:\\\/\\\/www.ariens.eu\\\/sk\\\/product\\\/snezne-frezy\\\/seria-professional\\\/hydro-pro-32-rapidtrak-kraken-edition\\\/\"]}]},{\"@type\":\"ImageObject\",\"inLanguage\":\"sk-SK\",\"@id\":\"https:\\\/\\\/www.ariens.eu\\\/sk\\\/product\\\/snezne-frezy\\\/seria-professional\\\/hydro-pro-32-rapidtrak-kraken-edition\\\/#primaryimage\",\"url\":\"https:\\\/\\\/www.ariens.eu\\\/sk\\\/wp-content\\\/uploads\\\/sites\\\/18\\\/2024\\\/05\\\/ariens-professional-rapidtrak-thekraken-special-edition-snow-thrower-angle-view-front34.webp\",\"contentUrl\":\"https:\\\/\\\/www.ariens.eu\\\/sk\\\/wp-content\\\/uploads\\\/sites\\\/18\\\/2024\\\/05\\\/ariens-professional-rapidtrak-thekraken-special-edition-snow-thrower-angle-view-front34.webp\",\"width\":900,\"height\":650},{\"@type\":\"BreadcrumbList\",\"@id\":\"https:\\\/\\\/www.ariens.eu\\\/sk\\\/product\\\/snezne-frezy\\\/seria-professional\\\/hydro-pro-32-rapidtrak-kraken-edition\\\/#breadcrumb\",\"itemListElement\":[{\"@type\":\"ListItem\",\"position\":1,\"name\":\"Home\",\"item\":\"https:\\\/\\\/www.ariens.eu\\\/sk\\\/\"},{\"@type\":\"ListItem\",\"position\":2,\"name\":\"Obchod\",\"item\":\"https:\\\/\\\/www.ariens.eu\\\/sk\\\/obchod\\\/\"},{\"@type\":\"ListItem\",\"position\":3,\"name\":\"HYDRO PRO 32 RAPIDTRAK KRAKEN EDITION\"}]},{\"@type\":\"WebSite\",\"@id\":\"https:\\\/\\\/www.ariens.eu\\\/sk\\\/#website\",\"url\":\"https:\\\/\\\/www.ariens.eu\\\/sk\\\/\",\"name\":\"Ariens | EMEAA\",\"description\":\"Powerful and reliable zero-turn mowers &amp; snow blowers for professional users and demanding private customers\",\"publisher\":{\"@id\":\"https:\\\/\\\/www.ariens.eu\\\/sk\\\/#organization\"},\"potentialAction\":[{\"@type\":\"SearchAction\",\"target\":{\"@type\":\"EntryPoint\",\"urlTemplate\":\"https:\\\/\\\/www.ariens.eu\\\/sk\\\/?s={search_term_string}\"},\"query-input\":{\"@type\":\"PropertyValueSpecification\",\"valueRequired\":true,\"valueName\":\"search_term_string\"}}],\"inLanguage\":\"sk-SK\"},{\"@type\":\"Organization\",\"@id\":\"https:\\\/\\\/www.ariens.eu\\\/sk\\\/#organization\",\"name\":\"AriensCo GmbH\",\"url\":\"https:\\\/\\\/www.ariens.eu\\\/sk\\\/\",\"logo\":{\"@type\":\"ImageObject\",\"inLanguage\":\"sk-SK\",\"@id\":\"https:\\\/\\\/www.ariens.eu\\\/sk\\\/#\\\/schema\\\/logo\\\/image\\\/\",\"url\":\"https:\\\/\\\/www.ariens.eu\\\/wp-content\\\/uploads\\\/2024\\\/11\\\/ariens-co-logo.jpg\",\"contentUrl\":\"https:\\\/\\\/www.ariens.eu\\\/wp-content\\\/uploads\\\/2024\\\/11\\\/ariens-co-logo.jpg\",\"width\":1000,\"height\":1000,\"caption\":\"AriensCo GmbH\"},\"image\":{\"@id\":\"https:\\\/\\\/www.ariens.eu\\\/sk\\\/#\\\/schema\\\/logo\\\/image\\\/\"}}]}<\/script>\n<!-- \/ Yoast SEO plugin. -->","yoast_head_json":{"title":"HYDRO PRO 32 RAPIDTRAK KRAKEN EDITION | Ariens","description":"M\u00e1te skuto\u010dn\u00fd probl\u00e9m so snehom. Potom je HYDRO PRO 32 RAPIDTRAK KRAKEN EDITION presne pre v\u00e1s. Najkomfortnej\u0161\u00ed sp\u00f4sob, ako vy\u010disti\u0165 hory snehu.","robots":{"index":"noindex","follow":"follow","max-snippet":"max-snippet:-1","max-image-preview":"max-image-preview:large","max-video-preview":"max-video-preview:-1"},"og_locale":"sk_SK","og_type":"article","og_title":"HYDRO PRO 32 RAPIDTRAK KRAKEN EDITION | Ariens","og_description":"M\u00e1te skuto\u010dn\u00fd probl\u00e9m so snehom. Potom je HYDRO PRO 32 RAPIDTRAK KRAKEN EDITION presne pre v\u00e1s. Najkomfortnej\u0161\u00ed sp\u00f4sob, ako vy\u010disti\u0165 hory snehu.","og_url":"https:\/\/www.ariens.eu\/sk\/product\/snezne-frezy\/seria-professional\/hydro-pro-32-rapidtrak-kraken-edition\/","og_site_name":"Ariens |\u00a0EMEAA","article_modified_time":"2026-01-06T09:31:34+00:00","og_image":[{"width":900,"height":650,"url":"https:\/\/www.ariens.eu\/sk\/wp-content\/uploads\/sites\/18\/2024\/05\/ariens-professional-rapidtrak-thekraken-special-edition-snow-thrower-angle-view-front34.webp","type":"image\/webp"}],"twitter_card":"summary_large_image","twitter_misc":{"Predpokladan\u00fd \u010das \u010d\u00edtania":"3 min\u00faty"},"schema":{"@context":"https:\/\/schema.org","@graph":[{"@type":"WebPage","@id":"https:\/\/www.ariens.eu\/sk\/product\/snezne-frezy\/seria-professional\/hydro-pro-32-rapidtrak-kraken-edition\/","url":"https:\/\/www.ariens.eu\/sk\/product\/snezne-frezy\/seria-professional\/hydro-pro-32-rapidtrak-kraken-edition\/","name":"HYDRO PRO 32 RAPIDTRAK KRAKEN EDITION | Ariens","isPartOf":{"@id":"https:\/\/www.ariens.eu\/sk\/#website"},"primaryImageOfPage":{"@id":"https:\/\/www.ariens.eu\/sk\/product\/snezne-frezy\/seria-professional\/hydro-pro-32-rapidtrak-kraken-edition\/#primaryimage"},"image":{"@id":"https:\/\/www.ariens.eu\/sk\/product\/snezne-frezy\/seria-professional\/hydro-pro-32-rapidtrak-kraken-edition\/#primaryimage"},"thumbnailUrl":"https:\/\/www.ariens.eu\/sk\/wp-content\/uploads\/sites\/18\/2024\/05\/ariens-professional-rapidtrak-thekraken-special-edition-snow-thrower-angle-view-front34.webp","datePublished":"2024-05-10T10:04:35+00:00","dateModified":"2026-01-06T09:31:34+00:00","description":"M\u00e1te skuto\u010dn\u00fd probl\u00e9m so snehom. Potom je HYDRO PRO 32 RAPIDTRAK KRAKEN EDITION presne pre v\u00e1s. Najkomfortnej\u0161\u00ed sp\u00f4sob, ako vy\u010disti\u0165 hory snehu.","breadcrumb":{"@id":"https:\/\/www.ariens.eu\/sk\/product\/snezne-frezy\/seria-professional\/hydro-pro-32-rapidtrak-kraken-edition\/#breadcrumb"},"inLanguage":"sk-SK","potentialAction":[{"@type":"ReadAction","target":["https:\/\/www.ariens.eu\/sk\/product\/snezne-frezy\/seria-professional\/hydro-pro-32-rapidtrak-kraken-edition\/"]}]},{"@type":"ImageObject","inLanguage":"sk-SK","@id":"https:\/\/www.ariens.eu\/sk\/product\/snezne-frezy\/seria-professional\/hydro-pro-32-rapidtrak-kraken-edition\/#primaryimage","url":"https:\/\/www.ariens.eu\/sk\/wp-content\/uploads\/sites\/18\/2024\/05\/ariens-professional-rapidtrak-thekraken-special-edition-snow-thrower-angle-view-front34.webp","contentUrl":"https:\/\/www.ariens.eu\/sk\/wp-content\/uploads\/sites\/18\/2024\/05\/ariens-professional-rapidtrak-thekraken-special-edition-snow-thrower-angle-view-front34.webp","width":900,"height":650},{"@type":"BreadcrumbList","@id":"https:\/\/www.ariens.eu\/sk\/product\/snezne-frezy\/seria-professional\/hydro-pro-32-rapidtrak-kraken-edition\/#breadcrumb","itemListElement":[{"@type":"ListItem","position":1,"name":"Home","item":"https:\/\/www.ariens.eu\/sk\/"},{"@type":"ListItem","position":2,"name":"Obchod","item":"https:\/\/www.ariens.eu\/sk\/obchod\/"},{"@type":"ListItem","position":3,"name":"HYDRO PRO 32 RAPIDTRAK KRAKEN EDITION"}]},{"@type":"WebSite","@id":"https:\/\/www.ariens.eu\/sk\/#website","url":"https:\/\/www.ariens.eu\/sk\/","name":"Ariens | EMEAA","description":"Powerful and reliable zero-turn mowers &amp; snow blowers for professional users and demanding private customers","publisher":{"@id":"https:\/\/www.ariens.eu\/sk\/#organization"},"potentialAction":[{"@type":"SearchAction","target":{"@type":"EntryPoint","urlTemplate":"https:\/\/www.ariens.eu\/sk\/?s={search_term_string}"},"query-input":{"@type":"PropertyValueSpecification","valueRequired":true,"valueName":"search_term_string"}}],"inLanguage":"sk-SK"},{"@type":"Organization","@id":"https:\/\/www.ariens.eu\/sk\/#organization","name":"AriensCo GmbH","url":"https:\/\/www.ariens.eu\/sk\/","logo":{"@type":"ImageObject","inLanguage":"sk-SK","@id":"https:\/\/www.ariens.eu\/sk\/#\/schema\/logo\/image\/","url":"https:\/\/www.ariens.eu\/wp-content\/uploads\/2024\/11\/ariens-co-logo.jpg","contentUrl":"https:\/\/www.ariens.eu\/wp-content\/uploads\/2024\/11\/ariens-co-logo.jpg","width":1000,"height":1000,"caption":"AriensCo GmbH"},"image":{"@id":"https:\/\/www.ariens.eu\/sk\/#\/schema\/logo\/image\/"}}]}},"_links":{"self":[{"href":"https:\/\/www.ariens.eu\/sk\/wp-json\/wp\/v2\/product\/2307","targetHints":{"allow":["GET"]}}],"collection":[{"href":"https:\/\/www.ariens.eu\/sk\/wp-json\/wp\/v2\/product"}],"about":[{"href":"https:\/\/www.ariens.eu\/sk\/wp-json\/wp\/v2\/types\/product"}],"replies":[{"embeddable":true,"href":"https:\/\/www.ariens.eu\/sk\/wp-json\/wp\/v2\/comments?post=2307"}],"wp:featuredmedia":[{"embeddable":true,"href":"https:\/\/www.ariens.eu\/sk\/wp-json\/wp\/v2\/media\/2694"}],"wp:attachment":[{"href":"https:\/\/www.ariens.eu\/sk\/wp-json\/wp\/v2\/media?parent=2307"}],"wp:term":[{"taxonomy":"product_brand","embeddable":true,"href":"https:\/\/www.ariens.eu\/sk\/wp-json\/wp\/v2\/product_brand?post=2307"},{"taxonomy":"product_cat","embeddable":true,"href":"https:\/\/www.ariens.eu\/sk\/wp-json\/wp\/v2\/product_cat?post=2307"},{"taxonomy":"product_tag","embeddable":true,"href":"https:\/\/www.ariens.eu\/sk\/wp-json\/wp\/v2\/product_tag?post=2307"}],"curies":[{"name":"wp","href":"https:\/\/api.w.org\/{rel}","templated":true}]}}