{"id":2308,"date":"2024-05-10T11:04:35","date_gmt":"2024-05-10T10:04:35","guid":{"rendered":"https:\/\/www.ariens.eu\/product\/platinum-24-great-lakes-edition\/"},"modified":"2026-01-06T09:13:49","modified_gmt":"2026-01-06T09:13:49","slug":"platinum-24-great-lakes-edition","status":"publish","type":"product","link":"https:\/\/www.ariens.eu\/sk\/product\/snezne-frezy\/seria-platinum\/platinum-24-great-lakes-edition","title":{"rendered":"PLATINUM 24 GREAT LAKES EDITION"},"content":{"rendered":"<div class=\"acfd-block acfd-block__twocolumns mb-asm-1 container-fluid px-0 bg-default\">\n<div class=\"acfd-twocolumns\">\n<div class=\"row\">\n<div class='col-lg-9 mb-4'>\n<div class=\"acfd-block acfd-block__headline container-fluid px-0 bg-default\">\n<div class=\"acfd-headline\">\n<h2 class='h2 text-left li_black'>Pln\u00e1 sila aj do najv\u00e4\u010d\u0161ej zimy<\/h2>\n<\/p><\/div>\n<\/div><\/div>\n<div class='col-lg'>                    <\/div>\n<\/p><\/div>\n<\/div>\n<\/div>\n<div class=\"acfd-block acfd-block__twocolumns mb-asm-2 container-fluid px-0 bg-default\">\n<div class=\"acfd-twocolumns\">\n<div class=\"row\">\n<div class='col-lg-9 mb-4'>\n<div class=\"acfd-block acfd-block__text container-fluid px-0 bg-default\">\n<div class=\"acfd-text li_black\">\n<p>\u010cist\u00e1 sila proti snehu. Ke\u010f sa postav\u00edte za svoju sne\u017en\u00fa fr\u00e9zu PLATINUM, nebudete chcie\u0165 presta\u0165 \u2013 pr\u00edjazd po pr\u00edjazde. Tieto stroje s\u00fa stvoren\u00e9 na ve\u013ek\u00e9 objemy pr\u00e1ce, preto u\u017e v z\u00e1klade pon\u00fakaj\u00fa vyhrievan\u00e9 rukov\u00e4te a vysokov\u00fdkonn\u00e9 vrtule Super High Output (SHO). S\u00e9ria PLATINUM je vybaven\u00e1 mno\u017estvom \u010fal\u0161\u00edch funkci\u00ed, ktor\u00e9 dokonale pokryj\u00fa va\u0161e potreby pri odstra\u0148ovan\u00ed snehu.<\/p>\n<ul>\n<li>Navrhnut\u00e1 pre vysokohorsk\u00e9 podmienky, t\u00e1to ma\u0161ina s motorom EFI poskytne v\u00fdkon, ak\u00fd potrebujete \u2013 a e\u0161te prekon\u00e1 va\u0161e o\u010dak\u00e1vania.<\/li>\n<li>\n<p>369 cm\u00b3 motor Ariens AX EFI.<\/p>\n<\/li>\n<li>\n<p>\u0160irok\u00fd z\u00e1ber 61 cm (24\u201d), ktor\u00fd spracuje a\u017e 73 ton snehu za hodinu.<\/p>\n<\/li>\n<li>\n<p>Odmet snehu v rozsahu od 0,9 do 17 m.<\/p>\n<\/li>\n<li>\n<p>Pr\u00e9miov\u00e9 prvky ako LED sveteln\u00e1 li\u0161ta a reflektor, vyhrievan\u00e9 rukov\u00e4te, elektrick\u00e9 ovl\u00e1danie vyhadzovacieho kom\u00edna, elektrick\u00fd \u0161tart a jednoru\u010dn\u00e9 ovl\u00e1danie.<\/p>\n<\/li>\n<\/ul>\n<\/div>\n<\/div><\/div>\n<div class='col-lg'>                    <\/div>\n<\/p><\/div>\n<\/div>\n<\/div>\n<div class=\"acfd-block acfd-block__category mb-asm-3 container-fluid px-0 bg-default\">\n<div class=\"acfd-product-categories\">\n<h2 class=\"text-left mb-3\">\n        Eins\u00e4tze    <\/h2>\n<div class=\"product-categories_wrapper\">\n         <span data-description=\"Patentovan\u00fd riadiaci syst\u00e9m Ariens AutoTurn<sup>&reg;<\/sup> zabra\u0148uje pret\u00e1\u010daniu hnacieho kolesa alebo p\u00e1su RapidTrak\u2122. Z\u00e1rove\u0148 umo\u017e\u0148uje jednoduch\u00e9 ovl\u00e1danie stroja t\u00fdm, \u017ee pri zat\u00e1\u010dan\u00ed automaticky uvo\u013en\u00ed jednu stranu pohonu. V\u0161etky sne\u017en\u00e9 fr\u00e9zy Ariens, s v\u00fdnimkou modelu CLASSIC, s\u00fa vybaven\u00e9 syst\u00e9mom AutoTurn<sup>&reg;<\/sup>.\" class=\"product-category-single\"> AutoTurn<sup>&reg;<\/sup>                <sup><i class=\"fa fa-info-circle\" aria-hidden=\"true\"><\/i><\/sup>            <\/span>  <span data-description=\"SHO znamen\u00e1 \u201eSuper-High-Output\u201c (mimoriadne vysok\u00fd v\u00fdkon). V\u00fdkonn\u00e9 vyhadzovacie koleso SHO pri modeloch PLATINUM a PROFESSIONAL spracuje viac snehu za hodinu a odhadzuje ho do v\u00e4\u010d\u0161ej vzdialenosti.\" class=\"product-category-single\"> Vyhadzovacie koleso SHO                <sup><i class=\"fa fa-info-circle\" aria-hidden=\"true\"><\/i><\/sup>            <\/span>  <span data-description=\"Pripojenie na 230 voltov umo\u017e\u0148uje spusti\u0165 stroj stla\u010den\u00edm jedin\u00e9ho tla\u010didla. \u0160tandard na v\u0161etk\u00fdch modeloch.\" class=\"product-category-single\"> Elektrick\u00fd \u0161tart                <sup><i class=\"fa fa-info-circle\" aria-hidden=\"true\"><\/i><\/sup>            <\/span>     <\/div>\n<\/div>\n<\/div>\n<div class=\"acfd-block acfd-block__twocolumns container-fluid container-fluid--force px-0 bg-default\">\n<div class=\"acfd-twocolumns\">\n<div class=\"row\">\n<div class='col-lg-12 mb-4'>\n<div class=\"acfd-product-advantages--wrapper\">\n<h2 class=\"h1 bigger text-color-black text-center mb-5\">\n        Merkmale &amp; Vorteile    <\/h2>\n<div class=\"acfd-product-advantages\">\n<div class=\"row\">\n<div class=\"col-md-6 mb-4 content\">\n                    <span class=\"d-block h5 text-color-brand mb-1\">Vyhrievan\u00e9 rukov\u00e4te<\/span><\/p>\n<p>Vyhrievan\u00e9 rukov\u00e4te ovl\u00e1dan\u00e9 z palubnej dosky udr\u017eia va\u0161e ruky v teple, \u010do zvy\u0161uje kontrolu nad strojom a prin\u00e1\u0161a v\u00e4\u010d\u0161ie pohodlie aj pri dlh\u0161ej pr\u00e1ci.<\/p>\n<\/p><\/div>\n<div class=\"col-md-6 mb4 image\" style=\"background-image:url(https:\/\/www.ariens.eu\/sk\/wp-content\/uploads\/sites\/18\/2024\/05\/Heated_handgrips-scaled.webp)\">\n                <\/div>\n<\/p><\/div>\n<div class=\"row\">\n<div class=\"col-md-6 mb-4 content\">\n                    <span class=\"d-block h5 text-color-brand mb-1\">Syst\u00e9m riadenia Auto-Turn<\/span><\/p>\n<p>Jazdite priamo vpred so zadnou n\u00e1pravou zamknutou pre maxim\u00e1lny z\u00e1ber. Hne\u010f ako za\u010dnete riadi\u0165, n\u00e1prava sa odblokuje a ot\u00e1\u010danie na mieste je hra\u010dkou. Patentovan\u00fd vyn\u00e1lez od Ariens.<\/p>\n<\/p><\/div>\n<div class=\"col-md-6 mb4 image\" style=\"background-image:url(https:\/\/www.ariens.eu\/sk\/wp-content\/uploads\/sites\/18\/2024\/05\/feature6ars_fb_profe-2.png)\">\n                <\/div>\n<\/p><\/div>\n<div class=\"row\">\n<div class=\"col-md-6 mb-4 content\">\n                    <span class=\"d-block h5 text-color-brand mb-1\">Motor s elektronick\u00fdm vstrekovan\u00edm paliva (EFI)<\/span><\/p>\n<p>Motor s elektronick\u00fdm vstrekovan\u00edm paliva (EFI) sa \u013eah\u0161ie \u0161tartuje, m\u00e1 ni\u017e\u0161iu spotrebu paliva a r\u00fdchlej\u0161ie reaguje na zmeny v\u00fdkonu. \u0160tandardne dod\u00e1van\u00fd pri modeloch s\u00e9rie PLATINUM.<\/p>\n<\/p><\/div>\n<div class=\"col-md-6 mb4 image\" style=\"background-image:url(https:\/\/www.ariens.eu\/sk\/wp-content\/uploads\/sites\/18\/2024\/05\/EFI_ENGINE_Front-scaled.webp)\">\n                <\/div>\n<\/p><\/div>\n<div class=\"row\">\n<div class=\"col-md-6 mb-4 content\">\n                    <span class=\"d-block h5 text-color-brand mb-1\">LED svetlomet<\/span><\/p>\n<p>Extra siln\u00e9 osvetlenie je \u0161tandardnou v\u00fdbavou v\u0161etk\u00fdch modelov Platinum Series Sno-Thro<sup>&reg;<\/sup>.<\/p>\n<\/p><\/div>\n<div class=\"col-md-6 mb4 image\" style=\"background-image:url(https:\/\/www.ariens.eu\/sk\/wp-content\/uploads\/sites\/18\/2024\/05\/LED_LIGHT_Solo.webp)\">\n                <\/div>\n<\/p><\/div>\n<div class=\"row\">\n<div class=\"col-md-6 mb-4 content\">\n                    <span class=\"d-block h5 text-color-brand mb-1\">SHO vyhadzovacie koleso<\/span><\/p>\n<p>Technol\u00f3gia Ariens SHO znamen\u00e1 Super High Output (super vysok\u00fd v\u00fdkon). Jednoducho povedan\u00e9, obe\u017en\u00e9 koleso je mimoriadne siln\u00e9 a sneh odhadzuje z nadv\u00e4zuj\u00faceho mlyn\u010deka r\u00fdchlej\u0161ie a \u010falej. Maxim\u00e1lna kapacita a\u017e 83 ton za hodinu.<\/p>\n<\/p><\/div>\n<div class=\"col-md-6 mb4 image\" style=\"background-image:url(https:\/\/www.ariens.eu\/sk\/wp-content\/uploads\/sites\/18\/2024\/05\/SHO_Impeller.webp)\">\n                <\/div>\n<\/p><\/div>\n<div class=\"row\">\n<div class=\"col-md-6 mb-4 content\">\n                    <span class=\"d-block h5 text-color-brand mb-1\">Quick-Turn \u2013 r\u00fdchle ot\u00e1\u010danie vyhadzovacieho \u017e\u013eabu<\/span><\/p>\n<p>Oto\u010dte \u017e\u013eab okam\u017eite stla\u010den\u00edm tla\u010didla.<\/p>\n<\/p><\/div>\n<div class=\"col-md-6 mb4 image\" style=\"background-image:url(https:\/\/www.ariens.eu\/sk\/wp-content\/uploads\/sites\/18\/2024\/05\/Quick_turn_Chute_Rotation-scaled.webp)\">\n                <\/div>\n<\/p><\/div>\n<\/p><\/div>\n<\/div><\/div>\n<div class='col-lg'>                    <\/div>\n<\/p><\/div>\n<\/div>\n<\/div>\n","protected":false},"excerpt":{"rendered":"<p>Pln\u00e1 sila aj do najv\u00e4\u010d\u0161ej zimy \u010cist\u00e1 sila proti snehu. Ke\u010f sa postav\u00edte za svoju sne\u017en\u00fa fr\u00e9zu PLATINUM, nebudete chcie\u0165 presta\u0165 \u2013 pr\u00edjazd po pr\u00edjazde. Tieto stroje s\u00fa stvoren\u00e9 na ve\u013ek\u00e9 objemy pr\u00e1ce, preto u\u017e v z\u00e1klade pon\u00fakaj\u00fa vyhrievan\u00e9 rukov\u00e4te a vysokov\u00fdkonn\u00e9 vrtule Super High Output (SHO). S\u00e9ria PLATINUM je vybaven\u00e1 mno\u017estvom \u010fal\u0161\u00edch funkci\u00ed, ktor\u00e9 [&hellip;]<\/p>\n","protected":false},"featured_media":2696,"comment_status":"open","ping_status":"closed","template":"","meta":{"_acf_changed":false,"_relevanssi_hide_post":"","_relevanssi_hide_content":"","_relevanssi_pin_for_all":"","_relevanssi_pin_keywords":"","_relevanssi_unpin_keywords":"","_relevanssi_related_keywords":"","_relevanssi_related_include_ids":"","_relevanssi_related_exclude_ids":"","_relevanssi_related_no_append":"","_relevanssi_related_not_related":"","_relevanssi_related_posts":"","_relevanssi_noindex_reason":""},"product_brand":[],"product_cat":[15],"product_tag":[],"class_list":{"0":"post-2308","1":"product","2":"type-product","3":"status-publish","4":"has-post-thumbnail","6":"product_variant-seria-platinum","7":"product_usage_areas-obce-a-technicke-sluzby","8":"product_usage_areas-zimna-udrzba","10":"first","11":"instock","12":"shipping-taxable","13":"product-type-simple"},"acf":[],"yoast_head":"<!-- This site is optimized with the Yoast SEO plugin v27.3 - https:\/\/yoast.com\/product\/yoast-seo-wordpress\/ -->\n<title>PLATINUM 24 Great Lakes Edition \u2013 Sne\u017en\u00e1 fr\u00e9za | Ariens<\/title>\n<meta name=\"description\" content=\"Navrhnut\u00e1 pre vysokohorsk\u00e9 podmienky, t\u00e1to fr\u00e9za s motorom EFI poskytne v\u00fdkon, ktor\u00fd potrebujete, a e\u0161te prekon\u00e1 va\u0161e o\u010dak\u00e1vania.\" \/>\n<meta name=\"robots\" content=\"noindex, follow, max-snippet:-1, max-image-preview:large, max-video-preview:-1\" \/>\n<meta property=\"og:locale\" content=\"sk_SK\" \/>\n<meta property=\"og:type\" content=\"article\" \/>\n<meta property=\"og:title\" content=\"PLATINUM 24 Great Lakes Edition \u2013 Sne\u017en\u00e1 fr\u00e9za | Ariens\" \/>\n<meta property=\"og:description\" content=\"Navrhnut\u00e1 pre vysokohorsk\u00e9 podmienky, t\u00e1to fr\u00e9za s motorom EFI poskytne v\u00fdkon, ktor\u00fd potrebujete, a e\u0161te prekon\u00e1 va\u0161e o\u010dak\u00e1vania.\" \/>\n<meta property=\"og:url\" content=\"https:\/\/www.ariens.eu\/sk\/product\/snezne-frezy\/seria-platinum\/platinum-24-great-lakes-edition\/\" \/>\n<meta property=\"og:site_name\" content=\"Ariens |\u00a0EMEAA\" \/>\n<meta property=\"article:modified_time\" content=\"2026-01-06T09:13:49+00:00\" \/>\n<meta property=\"og:image\" content=\"https:\/\/www.ariens.eu\/sk\/wp-content\/uploads\/sites\/18\/2024\/05\/ariens-platinum-great-lakes-special-edition-snow-thrower-angle-view-front34-1.webp\" \/>\n\t<meta property=\"og:image:width\" content=\"900\" \/>\n\t<meta property=\"og:image:height\" content=\"650\" \/>\n\t<meta property=\"og:image:type\" content=\"image\/webp\" \/>\n<meta name=\"twitter:card\" content=\"summary_large_image\" \/>\n<meta name=\"twitter:label1\" content=\"Predpokladan\u00fd \u010das \u010d\u00edtania\" \/>\n\t<meta name=\"twitter:data1\" content=\"2 min\u00faty\" \/>\n<script type=\"application\/ld+json\" class=\"yoast-schema-graph\">{\"@context\":\"https:\\\/\\\/schema.org\",\"@graph\":[{\"@type\":\"WebPage\",\"@id\":\"https:\\\/\\\/www.ariens.eu\\\/sk\\\/product\\\/snezne-frezy\\\/seria-platinum\\\/platinum-24-great-lakes-edition\\\/\",\"url\":\"https:\\\/\\\/www.ariens.eu\\\/sk\\\/product\\\/snezne-frezy\\\/seria-platinum\\\/platinum-24-great-lakes-edition\\\/\",\"name\":\"PLATINUM 24 Great Lakes Edition \u2013 Sne\u017en\u00e1 fr\u00e9za | Ariens\",\"isPartOf\":{\"@id\":\"https:\\\/\\\/www.ariens.eu\\\/sk\\\/#website\"},\"primaryImageOfPage\":{\"@id\":\"https:\\\/\\\/www.ariens.eu\\\/sk\\\/product\\\/snezne-frezy\\\/seria-platinum\\\/platinum-24-great-lakes-edition\\\/#primaryimage\"},\"image\":{\"@id\":\"https:\\\/\\\/www.ariens.eu\\\/sk\\\/product\\\/snezne-frezy\\\/seria-platinum\\\/platinum-24-great-lakes-edition\\\/#primaryimage\"},\"thumbnailUrl\":\"https:\\\/\\\/www.ariens.eu\\\/sk\\\/wp-content\\\/uploads\\\/sites\\\/18\\\/2024\\\/05\\\/ariens-platinum-great-lakes-special-edition-snow-thrower-angle-view-front34-1.webp\",\"datePublished\":\"2024-05-10T10:04:35+00:00\",\"dateModified\":\"2026-01-06T09:13:49+00:00\",\"description\":\"Navrhnut\u00e1 pre vysokohorsk\u00e9 podmienky, t\u00e1to fr\u00e9za s motorom EFI poskytne v\u00fdkon, ktor\u00fd potrebujete, a e\u0161te prekon\u00e1 va\u0161e o\u010dak\u00e1vania.\",\"breadcrumb\":{\"@id\":\"https:\\\/\\\/www.ariens.eu\\\/sk\\\/product\\\/snezne-frezy\\\/seria-platinum\\\/platinum-24-great-lakes-edition\\\/#breadcrumb\"},\"inLanguage\":\"sk-SK\",\"potentialAction\":[{\"@type\":\"ReadAction\",\"target\":[\"https:\\\/\\\/www.ariens.eu\\\/sk\\\/product\\\/snezne-frezy\\\/seria-platinum\\\/platinum-24-great-lakes-edition\\\/\"]}]},{\"@type\":\"ImageObject\",\"inLanguage\":\"sk-SK\",\"@id\":\"https:\\\/\\\/www.ariens.eu\\\/sk\\\/product\\\/snezne-frezy\\\/seria-platinum\\\/platinum-24-great-lakes-edition\\\/#primaryimage\",\"url\":\"https:\\\/\\\/www.ariens.eu\\\/sk\\\/wp-content\\\/uploads\\\/sites\\\/18\\\/2024\\\/05\\\/ariens-platinum-great-lakes-special-edition-snow-thrower-angle-view-front34-1.webp\",\"contentUrl\":\"https:\\\/\\\/www.ariens.eu\\\/sk\\\/wp-content\\\/uploads\\\/sites\\\/18\\\/2024\\\/05\\\/ariens-platinum-great-lakes-special-edition-snow-thrower-angle-view-front34-1.webp\",\"width\":900,\"height\":650},{\"@type\":\"BreadcrumbList\",\"@id\":\"https:\\\/\\\/www.ariens.eu\\\/sk\\\/product\\\/snezne-frezy\\\/seria-platinum\\\/platinum-24-great-lakes-edition\\\/#breadcrumb\",\"itemListElement\":[{\"@type\":\"ListItem\",\"position\":1,\"name\":\"Home\",\"item\":\"https:\\\/\\\/www.ariens.eu\\\/sk\\\/\"},{\"@type\":\"ListItem\",\"position\":2,\"name\":\"Obchod\",\"item\":\"https:\\\/\\\/www.ariens.eu\\\/sk\\\/obchod\\\/\"},{\"@type\":\"ListItem\",\"position\":3,\"name\":\"PLATINUM 24 GREAT LAKES EDITION\"}]},{\"@type\":\"WebSite\",\"@id\":\"https:\\\/\\\/www.ariens.eu\\\/sk\\\/#website\",\"url\":\"https:\\\/\\\/www.ariens.eu\\\/sk\\\/\",\"name\":\"Ariens | EMEAA\",\"description\":\"Powerful and reliable zero-turn mowers &amp; snow blowers for professional users and demanding private customers\",\"publisher\":{\"@id\":\"https:\\\/\\\/www.ariens.eu\\\/sk\\\/#organization\"},\"potentialAction\":[{\"@type\":\"SearchAction\",\"target\":{\"@type\":\"EntryPoint\",\"urlTemplate\":\"https:\\\/\\\/www.ariens.eu\\\/sk\\\/?s={search_term_string}\"},\"query-input\":{\"@type\":\"PropertyValueSpecification\",\"valueRequired\":true,\"valueName\":\"search_term_string\"}}],\"inLanguage\":\"sk-SK\"},{\"@type\":\"Organization\",\"@id\":\"https:\\\/\\\/www.ariens.eu\\\/sk\\\/#organization\",\"name\":\"AriensCo GmbH\",\"url\":\"https:\\\/\\\/www.ariens.eu\\\/sk\\\/\",\"logo\":{\"@type\":\"ImageObject\",\"inLanguage\":\"sk-SK\",\"@id\":\"https:\\\/\\\/www.ariens.eu\\\/sk\\\/#\\\/schema\\\/logo\\\/image\\\/\",\"url\":\"https:\\\/\\\/www.ariens.eu\\\/wp-content\\\/uploads\\\/2024\\\/11\\\/ariens-co-logo.jpg\",\"contentUrl\":\"https:\\\/\\\/www.ariens.eu\\\/wp-content\\\/uploads\\\/2024\\\/11\\\/ariens-co-logo.jpg\",\"width\":1000,\"height\":1000,\"caption\":\"AriensCo GmbH\"},\"image\":{\"@id\":\"https:\\\/\\\/www.ariens.eu\\\/sk\\\/#\\\/schema\\\/logo\\\/image\\\/\"}}]}<\/script>\n<!-- \/ Yoast SEO plugin. -->","yoast_head_json":{"title":"PLATINUM 24 Great Lakes Edition \u2013 Sne\u017en\u00e1 fr\u00e9za | Ariens","description":"Navrhnut\u00e1 pre vysokohorsk\u00e9 podmienky, t\u00e1to fr\u00e9za s motorom EFI poskytne v\u00fdkon, ktor\u00fd potrebujete, a e\u0161te prekon\u00e1 va\u0161e o\u010dak\u00e1vania.","robots":{"index":"noindex","follow":"follow","max-snippet":"max-snippet:-1","max-image-preview":"max-image-preview:large","max-video-preview":"max-video-preview:-1"},"og_locale":"sk_SK","og_type":"article","og_title":"PLATINUM 24 Great Lakes Edition \u2013 Sne\u017en\u00e1 fr\u00e9za | Ariens","og_description":"Navrhnut\u00e1 pre vysokohorsk\u00e9 podmienky, t\u00e1to fr\u00e9za s motorom EFI poskytne v\u00fdkon, ktor\u00fd potrebujete, a e\u0161te prekon\u00e1 va\u0161e o\u010dak\u00e1vania.","og_url":"https:\/\/www.ariens.eu\/sk\/product\/snezne-frezy\/seria-platinum\/platinum-24-great-lakes-edition\/","og_site_name":"Ariens |\u00a0EMEAA","article_modified_time":"2026-01-06T09:13:49+00:00","og_image":[{"width":900,"height":650,"url":"https:\/\/www.ariens.eu\/sk\/wp-content\/uploads\/sites\/18\/2024\/05\/ariens-platinum-great-lakes-special-edition-snow-thrower-angle-view-front34-1.webp","type":"image\/webp"}],"twitter_card":"summary_large_image","twitter_misc":{"Predpokladan\u00fd \u010das \u010d\u00edtania":"2 min\u00faty"},"schema":{"@context":"https:\/\/schema.org","@graph":[{"@type":"WebPage","@id":"https:\/\/www.ariens.eu\/sk\/product\/snezne-frezy\/seria-platinum\/platinum-24-great-lakes-edition\/","url":"https:\/\/www.ariens.eu\/sk\/product\/snezne-frezy\/seria-platinum\/platinum-24-great-lakes-edition\/","name":"PLATINUM 24 Great Lakes Edition \u2013 Sne\u017en\u00e1 fr\u00e9za | Ariens","isPartOf":{"@id":"https:\/\/www.ariens.eu\/sk\/#website"},"primaryImageOfPage":{"@id":"https:\/\/www.ariens.eu\/sk\/product\/snezne-frezy\/seria-platinum\/platinum-24-great-lakes-edition\/#primaryimage"},"image":{"@id":"https:\/\/www.ariens.eu\/sk\/product\/snezne-frezy\/seria-platinum\/platinum-24-great-lakes-edition\/#primaryimage"},"thumbnailUrl":"https:\/\/www.ariens.eu\/sk\/wp-content\/uploads\/sites\/18\/2024\/05\/ariens-platinum-great-lakes-special-edition-snow-thrower-angle-view-front34-1.webp","datePublished":"2024-05-10T10:04:35+00:00","dateModified":"2026-01-06T09:13:49+00:00","description":"Navrhnut\u00e1 pre vysokohorsk\u00e9 podmienky, t\u00e1to fr\u00e9za s motorom EFI poskytne v\u00fdkon, ktor\u00fd potrebujete, a e\u0161te prekon\u00e1 va\u0161e o\u010dak\u00e1vania.","breadcrumb":{"@id":"https:\/\/www.ariens.eu\/sk\/product\/snezne-frezy\/seria-platinum\/platinum-24-great-lakes-edition\/#breadcrumb"},"inLanguage":"sk-SK","potentialAction":[{"@type":"ReadAction","target":["https:\/\/www.ariens.eu\/sk\/product\/snezne-frezy\/seria-platinum\/platinum-24-great-lakes-edition\/"]}]},{"@type":"ImageObject","inLanguage":"sk-SK","@id":"https:\/\/www.ariens.eu\/sk\/product\/snezne-frezy\/seria-platinum\/platinum-24-great-lakes-edition\/#primaryimage","url":"https:\/\/www.ariens.eu\/sk\/wp-content\/uploads\/sites\/18\/2024\/05\/ariens-platinum-great-lakes-special-edition-snow-thrower-angle-view-front34-1.webp","contentUrl":"https:\/\/www.ariens.eu\/sk\/wp-content\/uploads\/sites\/18\/2024\/05\/ariens-platinum-great-lakes-special-edition-snow-thrower-angle-view-front34-1.webp","width":900,"height":650},{"@type":"BreadcrumbList","@id":"https:\/\/www.ariens.eu\/sk\/product\/snezne-frezy\/seria-platinum\/platinum-24-great-lakes-edition\/#breadcrumb","itemListElement":[{"@type":"ListItem","position":1,"name":"Home","item":"https:\/\/www.ariens.eu\/sk\/"},{"@type":"ListItem","position":2,"name":"Obchod","item":"https:\/\/www.ariens.eu\/sk\/obchod\/"},{"@type":"ListItem","position":3,"name":"PLATINUM 24 GREAT LAKES EDITION"}]},{"@type":"WebSite","@id":"https:\/\/www.ariens.eu\/sk\/#website","url":"https:\/\/www.ariens.eu\/sk\/","name":"Ariens | EMEAA","description":"Powerful and reliable zero-turn mowers &amp; snow blowers for professional users and demanding private customers","publisher":{"@id":"https:\/\/www.ariens.eu\/sk\/#organization"},"potentialAction":[{"@type":"SearchAction","target":{"@type":"EntryPoint","urlTemplate":"https:\/\/www.ariens.eu\/sk\/?s={search_term_string}"},"query-input":{"@type":"PropertyValueSpecification","valueRequired":true,"valueName":"search_term_string"}}],"inLanguage":"sk-SK"},{"@type":"Organization","@id":"https:\/\/www.ariens.eu\/sk\/#organization","name":"AriensCo GmbH","url":"https:\/\/www.ariens.eu\/sk\/","logo":{"@type":"ImageObject","inLanguage":"sk-SK","@id":"https:\/\/www.ariens.eu\/sk\/#\/schema\/logo\/image\/","url":"https:\/\/www.ariens.eu\/wp-content\/uploads\/2024\/11\/ariens-co-logo.jpg","contentUrl":"https:\/\/www.ariens.eu\/wp-content\/uploads\/2024\/11\/ariens-co-logo.jpg","width":1000,"height":1000,"caption":"AriensCo GmbH"},"image":{"@id":"https:\/\/www.ariens.eu\/sk\/#\/schema\/logo\/image\/"}}]}},"_links":{"self":[{"href":"https:\/\/www.ariens.eu\/sk\/wp-json\/wp\/v2\/product\/2308","targetHints":{"allow":["GET"]}}],"collection":[{"href":"https:\/\/www.ariens.eu\/sk\/wp-json\/wp\/v2\/product"}],"about":[{"href":"https:\/\/www.ariens.eu\/sk\/wp-json\/wp\/v2\/types\/product"}],"replies":[{"embeddable":true,"href":"https:\/\/www.ariens.eu\/sk\/wp-json\/wp\/v2\/comments?post=2308"}],"wp:featuredmedia":[{"embeddable":true,"href":"https:\/\/www.ariens.eu\/sk\/wp-json\/wp\/v2\/media\/2696"}],"wp:attachment":[{"href":"https:\/\/www.ariens.eu\/sk\/wp-json\/wp\/v2\/media?parent=2308"}],"wp:term":[{"taxonomy":"product_brand","embeddable":true,"href":"https:\/\/www.ariens.eu\/sk\/wp-json\/wp\/v2\/product_brand?post=2308"},{"taxonomy":"product_cat","embeddable":true,"href":"https:\/\/www.ariens.eu\/sk\/wp-json\/wp\/v2\/product_cat?post=2308"},{"taxonomy":"product_tag","embeddable":true,"href":"https:\/\/www.ariens.eu\/sk\/wp-json\/wp\/v2\/product_tag?post=2308"}],"curies":[{"name":"wp","href":"https:\/\/api.w.org\/{rel}","templated":true}]}}