{"id":2310,"date":"2024-05-10T11:04:36","date_gmt":"2024-05-10T10:04:36","guid":{"rendered":"https:\/\/www.ariens.eu\/product\/deluxe-24\/"},"modified":"2025-11-10T10:48:44","modified_gmt":"2025-11-10T10:48:44","slug":"deluxe-24","status":"publish","type":"product","link":"https:\/\/www.ariens.eu\/sk\/product\/snezne-frezy\/seria-deluxe\/deluxe-24","title":{"rendered":"DELUXE 24"},"content":{"rendered":"<div class=\"acfd-block acfd-block__twocolumns mb-asm-1 container-fluid px-0 bg-default\">\n<div class=\"acfd-twocolumns\">\n<div class=\"row\">\n<div class='col-lg-9 mb-4'>\n<div class=\"acfd-block acfd-block__headline container-fluid px-0 bg-default\">\n<div class=\"acfd-headline\">\n<h2 class='h2 text-left'>Priama sila pre bezkonkuren\u010dn\u00fd v\u00fdkon. N\u00e1\u0161 najpred\u00e1vanej\u0161\u00ed model<\/h2>\n<\/p><\/div>\n<\/div><\/div>\n<div class='col-lg'>                    <\/div>\n<\/p><\/div>\n<\/div>\n<\/div>\n<div class=\"acfd-block acfd-block__twocolumns mb-asm-2 container-fluid px-0 bg-default\">\n<div class=\"acfd-twocolumns\">\n<div class=\"row\">\n<div class='col-lg-9 mb-4'>\n<div class=\"acfd-block acfd-block__text container-fluid px-0 bg-default\">\n<div class=\"acfd-text\">\n<p>Ve\u013ea pohodlia a v\u00fdkonu pri odstra\u0148ovan\u00ed snehu. Niet divu, \u017ee s\u00e9ria DELUXE je neust\u00e1le jednou z na\u0161ich najpred\u00e1vanej\u0161\u00edch. Predsa len, bez probl\u00e9mov zvl\u00e1dne zimn\u00e9 podmienky. S\u00fa \u013eahko ovl\u00e1date\u013en\u00e9 a man\u00e9vrovate\u013en\u00e9 v\u010faka \u0161tandardn\u00e9mu riadeniu Auto-Turn\u2122. V\u010faka r\u00f4znym ve\u013ekostiam a v\u00fdberu v\u00fdkonn\u00fdch motorov Ariens AX je jednoduch\u00e9 n\u00e1js\u0165 ide\u00e1lnu fr\u00e9zu Sno-Thro<sup>&reg;<\/sup> pre v\u00e1\u0161 pozemok.<\/p>\n<p>Pln\u00e1 kontrola, pln\u00fd v\u00fdkon a dostatok sily. Sne\u017en\u00e1 fr\u00e9za DELUXE 24 \u013eahko zvl\u00e1da ve\u013ek\u00e9 mno\u017estvo snehu.<\/p>\n<ul>\n<li>\u0160\u00edrka z\u00e1beru: 60 cm (24&#8243;).<\/li>\n<li>Maxim\u00e1lny v\u00fdkon: 56 ton snehu za hodinu.<\/li>\n<li>V\u00fdkonn\u00fd motor Ariens AX s objemom 254 cm\u00b3.<\/li>\n<li>Elektrick\u00fd \u0161tart na 230 V.<\/li>\n<li>Vyhadzuje sneh a\u017e do vzdialenosti 15 metrov (50 st\u00f4p).<\/li>\n<li>Priemer \u0161neku a vrtule: 36 cm (14&#8243;).<\/li>\n<li>Vysok\u00fd kryt s v\u00fd\u0161kou 53 cm pre hlb\u0161\u00ed sneh.<\/li>\n<li>Auto-turn riadenie bez potreby sp\u00fa\u0161te.<\/li>\n<li>Prepojen\u00e9 rukov\u00e4te pre ovl\u00e1danie jednou rukou.<\/li>\n<\/ul>\n<\/div>\n<\/div><\/div>\n<div class='col-lg'>                    <\/div>\n<\/p><\/div>\n<\/div>\n<\/div>\n<div class=\"acfd-block acfd-block__category mb-asm-3 container-fluid px-0 bg-default\">\n<div class=\"acfd-product-categories\">\n<h2 class=\"text-left mb-3\">\n        Eins\u00e4tze    <\/h2>\n<div class=\"product-categories_wrapper\">\n         <span data-description=\"Patentovan\u00fd riadiaci syst\u00e9m Ariens AutoTurn<sup>&reg;<\/sup> zabra\u0148uje pret\u00e1\u010daniu hnacieho kolesa alebo p\u00e1su RapidTrak\u2122. Z\u00e1rove\u0148 umo\u017e\u0148uje jednoduch\u00e9 ovl\u00e1danie stroja t\u00fdm, \u017ee pri zat\u00e1\u010dan\u00ed automaticky uvo\u013en\u00ed jednu stranu pohonu. V\u0161etky sne\u017en\u00e9 fr\u00e9zy Ariens, s v\u00fdnimkou modelu CLASSIC, s\u00fa vybaven\u00e9 syst\u00e9mom AutoTurn<sup>&reg;<\/sup>.\" class=\"product-category-single\"> AutoTurn<sup>&reg;<\/sup>                <sup><i class=\"fa fa-info-circle\" aria-hidden=\"true\"><\/i><\/sup>            <\/span>  <span data-description=\"Pripojenie na 230 voltov umo\u017e\u0148uje spusti\u0165 stroj stla\u010den\u00edm jedin\u00e9ho tla\u010didla. \u0160tandard na v\u0161etk\u00fdch modeloch.\" class=\"product-category-single\"> Elektrick\u00fd \u0161tart                <sup><i class=\"fa fa-info-circle\" aria-hidden=\"true\"><\/i><\/sup>            <\/span>     <\/div>\n<\/div>\n<\/div>\n<div class=\"acfd-block acfd-block__twocolumns container-fluid container-fluid--force px-0 bg-default\">\n<div class=\"acfd-twocolumns\">\n<div class=\"row\">\n<div class='col-lg-12 mb-4'>\n<div class=\"acfd-product-advantages--wrapper\">\n<h2 class=\"h1 bigger text-color-black text-center mb-5\">\n        Merkmale &amp; Vorteile    <\/h2>\n<div class=\"acfd-product-advantages\">\n<div class=\"row\">\n<div class=\"col-md-6 mb-4 content\">\n                    <span class=\"d-block h5 text-color-brand mb-1\">35,6 cm vyhadzovacie koleso<\/span><\/p>\n<p>Oce\u013eov\u00e9 vyhadzovacie koleso s priemerom 35,6 cm poskytuje v\u00fdnimo\u010dn\u00fd v\u00fdkon za ka\u017ed\u00fdch snehov\u00fdch podmienok. Sneh odhadzuje do vzdialenosti od 0,9 a\u017e po 15,2 metra.<\/p>\n<\/p><\/div>\n<div class=\"col-md-6 mb4 image\" style=\"background-image:url(https:\/\/www.ariens.eu\/sk\/wp-content\/uploads\/sites\/18\/2024\/05\/deluxe-30-herofeature1.webp)\">\n                <\/div>\n<\/p><\/div>\n<div class=\"row\">\n<div class=\"col-md-6 mb-4 content\">\n                    <span class=\"d-block h5 text-color-brand mb-1\">Prevodov\u00e1 skri\u0148a z liatiny<\/span><\/p>\n<p>Prevodovka \u0161neku je mimoriadne nam\u00e1hanou s\u00fa\u010das\u0165ou. Venovali sme ve\u013ea \u00fasilia tomu, aby bola mimoriadne odoln\u00e1. Pr\u00e1ve v\u010faka jej stabilite na \u0148u poskytujeme aj 5-ro\u010dn\u00fa z\u00e1ruku.<\/p>\n<\/p><\/div>\n<div class=\"col-md-6 mb4 image\" style=\"background-image:url(https:\/\/www.ariens.eu\/sk\/wp-content\/uploads\/sites\/18\/2024\/05\/compact-24.webp)\">\n                <\/div>\n<\/p><\/div>\n<div class=\"row\">\n<div class=\"col-md-6 mb-4 content\">\n                    <span class=\"d-block h5 text-color-brand mb-1\">Dvojit\u00fd reme\u0148ov\u00fd pohon<\/span><\/p>\n<p>Tento syst\u00e9m od spolo\u010dnosti Ariens pou\u017e\u00edva namiesto jedn\u00e9ho reme\u0148a dva, aby efekt\u00edvne vyu\u017eil kr\u00fatiaci moment motora a odpratal viac snehu. Dvojit\u00fd reme\u0148ov\u00fd syst\u00e9m znamen\u00e1 men\u0161ie celkov\u00e9 opotrebovanie reme\u0148ov a schopnos\u0165 odhodi\u0165 sneh na v\u00e4\u010d\u0161iu vzdialenos\u0165.<\/p>\n<\/p><\/div>\n<div class=\"col-md-6 mb4 image\" style=\"background-image:url(https:\/\/www.ariens.eu\/sk\/wp-content\/uploads\/sites\/18\/2024\/05\/herofeature3.webp)\">\n                <\/div>\n<\/p><\/div>\n<div class=\"row\">\n<div class=\"col-md-6 mb-4 content\">\n                    <span class=\"d-block h5 text-color-brand mb-1\">Syst\u00e9m riadenia Auto-Turn<\/span><\/p>\n<p>Jednoduch\u00fd oto\u010dn\u00fd polomer 0 stup\u0148ov \u2013 pre plynul\u00e9, presn\u00e9 a konzistentn\u00e9 ot\u00e1\u010danie, ktor\u00e9 v\u00e1m u\u0161etr\u00ed \u010das. Na riadenie je potrebn\u00e9 minim\u00e1lne \u00fasilie.<\/p>\n<\/p><\/div>\n<div class=\"col-md-6 mb4 image\" style=\"background-image:url(https:\/\/www.ariens.eu\/sk\/wp-content\/uploads\/sites\/18\/2024\/05\/deluxe-30-thumbnailfeature1.webp)\">\n                <\/div>\n<\/p><\/div>\n<div class=\"row\">\n<div class=\"col-md-6 mb-4 content\">\n                    <span class=\"d-block h5 text-color-brand mb-1\">Ve\u013ek\u00e9 zimn\u00e9 pneumatiky<\/span><\/p>\n<p>Pneumatiky s priemerom 41 cm (16\u2033) zaru\u010duj\u00fa obratnos\u0165 a ide\u00e1lnu pri\u013enavos\u0165 pre lep\u0161\u00ed v\u00fdkon aj v klzk\u00fdch podmienkach.<\/p>\n<\/p><\/div>\n<div class=\"col-md-6 mb4 image\" style=\"background-image:url(https:\/\/www.ariens.eu\/sk\/wp-content\/uploads\/sites\/18\/2024\/05\/deluxe-30-thumbnailfeature2.webp)\">\n                <\/div>\n<\/p><\/div>\n<div class=\"row\">\n<div class=\"col-md-6 mb-4 content\">\n                    <span class=\"d-block h5 text-color-brand mb-1\">Robustn\u00e1 kon\u0161trukcia<\/span><\/p>\n<p>Riadidl\u00e1, palubn\u00e1 doska, kryt, viacn\u00e1sobne nastavite\u013en\u00fd v\u00fdvod snehu a dokonca aj klzn\u00e9 ly\u017einy s\u00fa vyroben\u00e9 zo 100 % ocele.<\/p>\n<\/p><\/div>\n<div class=\"col-md-6 mb4 image\" style=\"background-image:url(https:\/\/www.ariens.eu\/sk\/wp-content\/uploads\/sites\/18\/2024\/05\/deluxe-30-thumbnailfeature3.webp)\">\n                <\/div>\n<\/p><\/div>\n<\/p><\/div>\n<\/div><\/div>\n<div class='col-lg'>                    <\/div>\n<\/p><\/div>\n<\/div>\n<\/div>\n","protected":false},"excerpt":{"rendered":"<p>Priama sila pre bezkonkuren\u010dn\u00fd v\u00fdkon. N\u00e1\u0161 najpred\u00e1vanej\u0161\u00ed model Ve\u013ea pohodlia a v\u00fdkonu pri odstra\u0148ovan\u00ed snehu. Niet divu, \u017ee s\u00e9ria DELUXE je neust\u00e1le jednou z na\u0161ich najpred\u00e1vanej\u0161\u00edch. Predsa len, bez probl\u00e9mov zvl\u00e1dne zimn\u00e9 podmienky. S\u00fa \u013eahko ovl\u00e1date\u013en\u00e9 a man\u00e9vrovate\u013en\u00e9 v\u010faka \u0161tandardn\u00e9mu riadeniu Auto-Turn\u2122. V\u010faka r\u00f4znym ve\u013ekostiam a v\u00fdberu v\u00fdkonn\u00fdch motorov Ariens AX je jednoduch\u00e9 n\u00e1js\u0165 ide\u00e1lnu [&hellip;]<\/p>\n","protected":false},"featured_media":2686,"comment_status":"open","ping_status":"closed","template":"","meta":{"_acf_changed":false,"_relevanssi_hide_post":"","_relevanssi_hide_content":"","_relevanssi_pin_for_all":"","_relevanssi_pin_keywords":"","_relevanssi_unpin_keywords":"","_relevanssi_related_keywords":"","_relevanssi_related_include_ids":"","_relevanssi_related_exclude_ids":"","_relevanssi_related_no_append":"","_relevanssi_related_not_related":"","_relevanssi_related_posts":"","_relevanssi_noindex_reason":""},"product_brand":[],"product_cat":[15],"product_tag":[],"class_list":{"0":"post-2310","1":"product","2":"type-product","3":"status-publish","4":"has-post-thumbnail","6":"product_variant-seria-deluxe","7":"product_usage_areas-obce-a-technicke-sluzby","8":"product_usage_areas-zimna-udrzba","10":"first","11":"instock","12":"shipping-taxable","13":"product-type-simple"},"acf":[],"yoast_head":"<!-- This site is optimized with the Yoast SEO plugin v27.3 - https:\/\/yoast.com\/product\/yoast-seo-wordpress\/ -->\n<title>DELUXE 24 \u2013\u2060\u2060\u2060\u2060 Sne\u017en\u00e1 fr\u00e9za | Ariens<\/title>\n<meta name=\"description\" content=\"Pln\u00e1 kontrola, pln\u00fd v\u00fdkon a dostatok sily. Sne\u017en\u00e1 fr\u00e9za DELUXE 24 \u013eahko zvl\u00e1da ve\u013ek\u00e9 mno\u017estvo snehu.\" \/>\n<meta name=\"robots\" content=\"noindex, follow, max-snippet:-1, max-image-preview:large, max-video-preview:-1\" \/>\n<meta property=\"og:locale\" content=\"sk_SK\" \/>\n<meta property=\"og:type\" content=\"article\" \/>\n<meta property=\"og:title\" content=\"DELUXE 24 \u2013\u2060\u2060\u2060\u2060 Sne\u017en\u00e1 fr\u00e9za | Ariens\" \/>\n<meta property=\"og:description\" content=\"Pln\u00e1 kontrola, pln\u00fd v\u00fdkon a dostatok sily. Sne\u017en\u00e1 fr\u00e9za DELUXE 24 \u013eahko zvl\u00e1da ve\u013ek\u00e9 mno\u017estvo snehu.\" \/>\n<meta property=\"og:url\" content=\"https:\/\/www.ariens.eu\/sk\/product\/snezne-frezy\/seria-deluxe\/deluxe-24\/\" \/>\n<meta property=\"og:site_name\" content=\"Ariens |\u00a0EMEAA\" \/>\n<meta property=\"article:modified_time\" content=\"2025-11-10T10:48:44+00:00\" \/>\n<meta property=\"og:image\" content=\"https:\/\/www.ariens.eu\/sk\/wp-content\/uploads\/sites\/18\/2024\/05\/ariens-deluxe-24-snow-thrower-angle-view-front.webp\" \/>\n\t<meta property=\"og:image:width\" content=\"900\" \/>\n\t<meta property=\"og:image:height\" content=\"650\" \/>\n\t<meta property=\"og:image:type\" content=\"image\/webp\" \/>\n<meta name=\"twitter:card\" content=\"summary_large_image\" \/>\n<meta name=\"twitter:label1\" content=\"Predpokladan\u00fd \u010das \u010d\u00edtania\" \/>\n\t<meta name=\"twitter:data1\" content=\"2 min\u00faty\" \/>\n<script type=\"application\/ld+json\" class=\"yoast-schema-graph\">{\"@context\":\"https:\\\/\\\/schema.org\",\"@graph\":[{\"@type\":\"WebPage\",\"@id\":\"https:\\\/\\\/www.ariens.eu\\\/sk\\\/product\\\/snezne-frezy\\\/seria-deluxe\\\/deluxe-24\\\/\",\"url\":\"https:\\\/\\\/www.ariens.eu\\\/sk\\\/product\\\/snezne-frezy\\\/seria-deluxe\\\/deluxe-24\\\/\",\"name\":\"DELUXE 24 \u2013\u2060\u2060\u2060\u2060 Sne\u017en\u00e1 fr\u00e9za | Ariens\",\"isPartOf\":{\"@id\":\"https:\\\/\\\/www.ariens.eu\\\/sk\\\/#website\"},\"primaryImageOfPage\":{\"@id\":\"https:\\\/\\\/www.ariens.eu\\\/sk\\\/product\\\/snezne-frezy\\\/seria-deluxe\\\/deluxe-24\\\/#primaryimage\"},\"image\":{\"@id\":\"https:\\\/\\\/www.ariens.eu\\\/sk\\\/product\\\/snezne-frezy\\\/seria-deluxe\\\/deluxe-24\\\/#primaryimage\"},\"thumbnailUrl\":\"https:\\\/\\\/www.ariens.eu\\\/sk\\\/wp-content\\\/uploads\\\/sites\\\/18\\\/2024\\\/05\\\/ariens-deluxe-24-snow-thrower-angle-view-front.webp\",\"datePublished\":\"2024-05-10T10:04:36+00:00\",\"dateModified\":\"2025-11-10T10:48:44+00:00\",\"description\":\"Pln\u00e1 kontrola, pln\u00fd v\u00fdkon a dostatok sily. Sne\u017en\u00e1 fr\u00e9za DELUXE 24 \u013eahko zvl\u00e1da ve\u013ek\u00e9 mno\u017estvo snehu.\",\"breadcrumb\":{\"@id\":\"https:\\\/\\\/www.ariens.eu\\\/sk\\\/product\\\/snezne-frezy\\\/seria-deluxe\\\/deluxe-24\\\/#breadcrumb\"},\"inLanguage\":\"sk-SK\",\"potentialAction\":[{\"@type\":\"ReadAction\",\"target\":[\"https:\\\/\\\/www.ariens.eu\\\/sk\\\/product\\\/snezne-frezy\\\/seria-deluxe\\\/deluxe-24\\\/\"]}]},{\"@type\":\"ImageObject\",\"inLanguage\":\"sk-SK\",\"@id\":\"https:\\\/\\\/www.ariens.eu\\\/sk\\\/product\\\/snezne-frezy\\\/seria-deluxe\\\/deluxe-24\\\/#primaryimage\",\"url\":\"https:\\\/\\\/www.ariens.eu\\\/sk\\\/wp-content\\\/uploads\\\/sites\\\/18\\\/2024\\\/05\\\/ariens-deluxe-24-snow-thrower-angle-view-front.webp\",\"contentUrl\":\"https:\\\/\\\/www.ariens.eu\\\/sk\\\/wp-content\\\/uploads\\\/sites\\\/18\\\/2024\\\/05\\\/ariens-deluxe-24-snow-thrower-angle-view-front.webp\",\"width\":900,\"height\":650},{\"@type\":\"BreadcrumbList\",\"@id\":\"https:\\\/\\\/www.ariens.eu\\\/sk\\\/product\\\/snezne-frezy\\\/seria-deluxe\\\/deluxe-24\\\/#breadcrumb\",\"itemListElement\":[{\"@type\":\"ListItem\",\"position\":1,\"name\":\"Home\",\"item\":\"https:\\\/\\\/www.ariens.eu\\\/sk\\\/\"},{\"@type\":\"ListItem\",\"position\":2,\"name\":\"Obchod\",\"item\":\"https:\\\/\\\/www.ariens.eu\\\/sk\\\/obchod\\\/\"},{\"@type\":\"ListItem\",\"position\":3,\"name\":\"DELUXE 24\"}]},{\"@type\":\"WebSite\",\"@id\":\"https:\\\/\\\/www.ariens.eu\\\/sk\\\/#website\",\"url\":\"https:\\\/\\\/www.ariens.eu\\\/sk\\\/\",\"name\":\"Ariens | EMEAA\",\"description\":\"Powerful and reliable zero-turn mowers &amp; snow blowers for professional users and demanding private customers\",\"publisher\":{\"@id\":\"https:\\\/\\\/www.ariens.eu\\\/sk\\\/#organization\"},\"potentialAction\":[{\"@type\":\"SearchAction\",\"target\":{\"@type\":\"EntryPoint\",\"urlTemplate\":\"https:\\\/\\\/www.ariens.eu\\\/sk\\\/?s={search_term_string}\"},\"query-input\":{\"@type\":\"PropertyValueSpecification\",\"valueRequired\":true,\"valueName\":\"search_term_string\"}}],\"inLanguage\":\"sk-SK\"},{\"@type\":\"Organization\",\"@id\":\"https:\\\/\\\/www.ariens.eu\\\/sk\\\/#organization\",\"name\":\"AriensCo GmbH\",\"url\":\"https:\\\/\\\/www.ariens.eu\\\/sk\\\/\",\"logo\":{\"@type\":\"ImageObject\",\"inLanguage\":\"sk-SK\",\"@id\":\"https:\\\/\\\/www.ariens.eu\\\/sk\\\/#\\\/schema\\\/logo\\\/image\\\/\",\"url\":\"https:\\\/\\\/www.ariens.eu\\\/wp-content\\\/uploads\\\/2024\\\/11\\\/ariens-co-logo.jpg\",\"contentUrl\":\"https:\\\/\\\/www.ariens.eu\\\/wp-content\\\/uploads\\\/2024\\\/11\\\/ariens-co-logo.jpg\",\"width\":1000,\"height\":1000,\"caption\":\"AriensCo GmbH\"},\"image\":{\"@id\":\"https:\\\/\\\/www.ariens.eu\\\/sk\\\/#\\\/schema\\\/logo\\\/image\\\/\"}}]}<\/script>\n<!-- \/ Yoast SEO plugin. -->","yoast_head_json":{"title":"DELUXE 24 \u2013\u2060\u2060\u2060\u2060 Sne\u017en\u00e1 fr\u00e9za | Ariens","description":"Pln\u00e1 kontrola, pln\u00fd v\u00fdkon a dostatok sily. Sne\u017en\u00e1 fr\u00e9za DELUXE 24 \u013eahko zvl\u00e1da ve\u013ek\u00e9 mno\u017estvo snehu.","robots":{"index":"noindex","follow":"follow","max-snippet":"max-snippet:-1","max-image-preview":"max-image-preview:large","max-video-preview":"max-video-preview:-1"},"og_locale":"sk_SK","og_type":"article","og_title":"DELUXE 24 \u2013\u2060\u2060\u2060\u2060 Sne\u017en\u00e1 fr\u00e9za | Ariens","og_description":"Pln\u00e1 kontrola, pln\u00fd v\u00fdkon a dostatok sily. Sne\u017en\u00e1 fr\u00e9za DELUXE 24 \u013eahko zvl\u00e1da ve\u013ek\u00e9 mno\u017estvo snehu.","og_url":"https:\/\/www.ariens.eu\/sk\/product\/snezne-frezy\/seria-deluxe\/deluxe-24\/","og_site_name":"Ariens |\u00a0EMEAA","article_modified_time":"2025-11-10T10:48:44+00:00","og_image":[{"width":900,"height":650,"url":"https:\/\/www.ariens.eu\/sk\/wp-content\/uploads\/sites\/18\/2024\/05\/ariens-deluxe-24-snow-thrower-angle-view-front.webp","type":"image\/webp"}],"twitter_card":"summary_large_image","twitter_misc":{"Predpokladan\u00fd \u010das \u010d\u00edtania":"2 min\u00faty"},"schema":{"@context":"https:\/\/schema.org","@graph":[{"@type":"WebPage","@id":"https:\/\/www.ariens.eu\/sk\/product\/snezne-frezy\/seria-deluxe\/deluxe-24\/","url":"https:\/\/www.ariens.eu\/sk\/product\/snezne-frezy\/seria-deluxe\/deluxe-24\/","name":"DELUXE 24 \u2013\u2060\u2060\u2060\u2060 Sne\u017en\u00e1 fr\u00e9za | Ariens","isPartOf":{"@id":"https:\/\/www.ariens.eu\/sk\/#website"},"primaryImageOfPage":{"@id":"https:\/\/www.ariens.eu\/sk\/product\/snezne-frezy\/seria-deluxe\/deluxe-24\/#primaryimage"},"image":{"@id":"https:\/\/www.ariens.eu\/sk\/product\/snezne-frezy\/seria-deluxe\/deluxe-24\/#primaryimage"},"thumbnailUrl":"https:\/\/www.ariens.eu\/sk\/wp-content\/uploads\/sites\/18\/2024\/05\/ariens-deluxe-24-snow-thrower-angle-view-front.webp","datePublished":"2024-05-10T10:04:36+00:00","dateModified":"2025-11-10T10:48:44+00:00","description":"Pln\u00e1 kontrola, pln\u00fd v\u00fdkon a dostatok sily. Sne\u017en\u00e1 fr\u00e9za DELUXE 24 \u013eahko zvl\u00e1da ve\u013ek\u00e9 mno\u017estvo snehu.","breadcrumb":{"@id":"https:\/\/www.ariens.eu\/sk\/product\/snezne-frezy\/seria-deluxe\/deluxe-24\/#breadcrumb"},"inLanguage":"sk-SK","potentialAction":[{"@type":"ReadAction","target":["https:\/\/www.ariens.eu\/sk\/product\/snezne-frezy\/seria-deluxe\/deluxe-24\/"]}]},{"@type":"ImageObject","inLanguage":"sk-SK","@id":"https:\/\/www.ariens.eu\/sk\/product\/snezne-frezy\/seria-deluxe\/deluxe-24\/#primaryimage","url":"https:\/\/www.ariens.eu\/sk\/wp-content\/uploads\/sites\/18\/2024\/05\/ariens-deluxe-24-snow-thrower-angle-view-front.webp","contentUrl":"https:\/\/www.ariens.eu\/sk\/wp-content\/uploads\/sites\/18\/2024\/05\/ariens-deluxe-24-snow-thrower-angle-view-front.webp","width":900,"height":650},{"@type":"BreadcrumbList","@id":"https:\/\/www.ariens.eu\/sk\/product\/snezne-frezy\/seria-deluxe\/deluxe-24\/#breadcrumb","itemListElement":[{"@type":"ListItem","position":1,"name":"Home","item":"https:\/\/www.ariens.eu\/sk\/"},{"@type":"ListItem","position":2,"name":"Obchod","item":"https:\/\/www.ariens.eu\/sk\/obchod\/"},{"@type":"ListItem","position":3,"name":"DELUXE 24"}]},{"@type":"WebSite","@id":"https:\/\/www.ariens.eu\/sk\/#website","url":"https:\/\/www.ariens.eu\/sk\/","name":"Ariens | EMEAA","description":"Powerful and reliable zero-turn mowers &amp; snow blowers for professional users and demanding private customers","publisher":{"@id":"https:\/\/www.ariens.eu\/sk\/#organization"},"potentialAction":[{"@type":"SearchAction","target":{"@type":"EntryPoint","urlTemplate":"https:\/\/www.ariens.eu\/sk\/?s={search_term_string}"},"query-input":{"@type":"PropertyValueSpecification","valueRequired":true,"valueName":"search_term_string"}}],"inLanguage":"sk-SK"},{"@type":"Organization","@id":"https:\/\/www.ariens.eu\/sk\/#organization","name":"AriensCo GmbH","url":"https:\/\/www.ariens.eu\/sk\/","logo":{"@type":"ImageObject","inLanguage":"sk-SK","@id":"https:\/\/www.ariens.eu\/sk\/#\/schema\/logo\/image\/","url":"https:\/\/www.ariens.eu\/wp-content\/uploads\/2024\/11\/ariens-co-logo.jpg","contentUrl":"https:\/\/www.ariens.eu\/wp-content\/uploads\/2024\/11\/ariens-co-logo.jpg","width":1000,"height":1000,"caption":"AriensCo GmbH"},"image":{"@id":"https:\/\/www.ariens.eu\/sk\/#\/schema\/logo\/image\/"}}]}},"_links":{"self":[{"href":"https:\/\/www.ariens.eu\/sk\/wp-json\/wp\/v2\/product\/2310","targetHints":{"allow":["GET"]}}],"collection":[{"href":"https:\/\/www.ariens.eu\/sk\/wp-json\/wp\/v2\/product"}],"about":[{"href":"https:\/\/www.ariens.eu\/sk\/wp-json\/wp\/v2\/types\/product"}],"replies":[{"embeddable":true,"href":"https:\/\/www.ariens.eu\/sk\/wp-json\/wp\/v2\/comments?post=2310"}],"wp:featuredmedia":[{"embeddable":true,"href":"https:\/\/www.ariens.eu\/sk\/wp-json\/wp\/v2\/media\/2686"}],"wp:attachment":[{"href":"https:\/\/www.ariens.eu\/sk\/wp-json\/wp\/v2\/media?parent=2310"}],"wp:term":[{"taxonomy":"product_brand","embeddable":true,"href":"https:\/\/www.ariens.eu\/sk\/wp-json\/wp\/v2\/product_brand?post=2310"},{"taxonomy":"product_cat","embeddable":true,"href":"https:\/\/www.ariens.eu\/sk\/wp-json\/wp\/v2\/product_cat?post=2310"},{"taxonomy":"product_tag","embeddable":true,"href":"https:\/\/www.ariens.eu\/sk\/wp-json\/wp\/v2\/product_tag?post=2310"}],"curies":[{"name":"wp","href":"https:\/\/api.w.org\/{rel}","templated":true}]}}