{"id":2312,"date":"2024-05-10T11:04:36","date_gmt":"2024-05-10T10:04:36","guid":{"rendered":"https:\/\/www.ariens.eu\/product\/deluxe-28-rapidtrak\/"},"modified":"2026-01-07T10:04:59","modified_gmt":"2026-01-07T10:04:59","slug":"deluxe-28-rapidtrak","status":"publish","type":"product","link":"https:\/\/www.ariens.eu\/sk\/product\/snezne-frezy\/seria-deluxe\/deluxe-28-rapidtrak","title":{"rendered":"DELUXE 28 RAPIDTRAK"},"content":{"rendered":"<div class=\"acfd-block acfd-block__twocolumns mb-asm-1 container-fluid px-0 bg-default\">\n<div class=\"acfd-twocolumns\">\n<div class=\"row\">\n<div class='col-lg-9 mb-4 '>\n<div class=\"acfd-block acfd-block__headline container-fluid px-0 bg-default\">\n<div class=\"acfd-headline\">\n<h2 class='h2 text-left li_black'>V\u00fdkonn\u00fd pohon a vysok\u00fd pr\u00edtlak stieracej li\u0161ty na utla\u010den\u00fd sneh<\/h2>\n<\/p><\/div>\n<\/div><\/div>\n<div class='col-lg'>                    <\/div>\n<\/p><\/div>\n<\/div>\n<\/div>\n<div class=\"acfd-block acfd-block__twocolumns mb-asm-2 container-fluid px-0 bg-default\">\n<div class=\"acfd-twocolumns\">\n<div class=\"row\">\n<div class='col-lg-9 mb-4 '>\n<div class=\"acfd-block acfd-block__text container-fluid px-0 bg-default\">\n<div class=\"acfd-text li_black\">\n<p>Niet divu, \u017ee s\u00e9ria DELUXE patr\u00ed dlhodobo medzi na\u0161e najpred\u00e1vanej\u0161ie. Bez probl\u00e9mov si porad\u00ed so zimou a jej n\u00e1strahami. V\u010faka \u0161tandardn\u00e9mu riadeniu Auto-Turn\u2122 s\u00fa tieto stroje \u013eahko ovl\u00e1date\u013en\u00e9 a obratn\u00e9. S r\u00f4znymi ve\u013ekos\u0165ami a v\u00fdberom v\u00fdkonn\u00fdch motorov Ariens AX je jednoduch\u00e9 n\u00e1js\u0165 ide\u00e1lnu sne\u017en\u00fa fr\u00e9zu Sno-Thro<sup>&reg;<\/sup> pre v\u00e1\u0161 pozemok.<\/p>\n<p>S modelom Deluxe 28 RapidTrak odprat\u00e1te sneh bez kompromisov aj v n\u00e1ro\u010dnom ter\u00e9ne. Nastavite\u013en\u00fd p\u00e1sov\u00fd pohon dok\u00e1\u017ee jazdi\u0165 a zat\u00e1\u010da\u0165 ako koleso, tla\u010di\u0165 ako p\u00e1s a v pr\u00edpade potreby sa doslova zahryzn\u00fa\u0165 do hromady snehu.<\/p>\n<ul>\n<li>\u0160\u00edrka z\u00e1beru 71 cm (28&#8243;), ktor\u00e1 zvl\u00e1dne odprata\u0165 65 ton snehu za hodinu.<\/li>\n<li>V\u00fdkonn\u00fd motor Ariens AX s objemom 291 cm\u00b3.<\/li>\n<li>Elektrick\u00fd \u0161tart na 230 V.<\/li>\n<li>Vyhadzuje sneh a\u017e do vzdialenosti 15,2 metra (50 st\u00f4p).<\/li>\n<li>Priemer \u0161neku a vyhadzovacej vrtule: 36 cm (14&#8243;).<\/li>\n<li>Vysok\u00fd kryt s v\u00fd\u0161kou 53 cm pre hlb\u0161\u00ed sneh.<\/li>\n<li>Auto-turn riadenie bez potreby sp\u00fa\u0161te.<\/li>\n<li>Prepojen\u00e9 rukov\u00e4te pre ovl\u00e1danie jednou rukou.<\/li>\n<li>Exkluz\u00edvna technol\u00f3gia Ariens Rapidtrak\u2122, ktor\u00e1 si porad\u00ed s ak\u00fdmko\u013evek ter\u00e9nom a umo\u017e\u0148uje prep\u00ednanie medzi re\u017eimami koleso, p\u00e1s a \u201edig\u201c pre prenikanie do hlbok\u00e9ho snehu.<\/li>\n<\/ul>\n<\/div>\n<\/div><\/div>\n<div class='col-lg'>                    <\/div>\n<\/p><\/div>\n<\/div>\n<\/div>\n<div class=\"acfd-block acfd-block__category mb-asm-3 container-fluid px-0 bg-default\">\n<div class=\"acfd-product-categories\">\n<h2 class=\"text-left mb-3\">\n        Nasadenie    <\/h2>\n<div class=\"product-categories_wrapper\">\n         <span data-description=\"The patented RapidTrak\u2122 track drive has the best traction on packed and fresh snow. The track is adjustable. It can be used like a wheel drive for easy steering, as a track drive for maximum traction and in dig-in mode for maximum pressure on the scraper bar and for clearing large mountains of snow. Wheel drive with spike snow chains is recommended on icy surfaces.\" class=\"product-category-single\"> RapidTrak\u2122                <sup><i class=\"fa fa-info-circle\" aria-hidden=\"true\"><\/i><\/sup>            <\/span>  <span data-description=\"Det patenterte Ariens AutoTurn<sup>&reg;<\/sup> styresystemet forhindrer at et drivhjul eller et RapidTrak\u2122-belte spinner. Samtidig gir det enkel styring av maskinen ved automatisk \u00e5 frikoble den ene drivsiden n\u00e5r du svinger. Alle Ariens sn\u00f8fresere, bortsett fra CLASSIC-modellen, er utstyrt med AutoTurn.\" class=\"product-category-single\"> AutoTurn<sup>&reg;<\/sup>                <sup><i class=\"fa fa-info-circle\" aria-hidden=\"true\"><\/i><\/sup>            <\/span>  <span data-description=\"A 230 volt connection allows you to start the machine at the touch of a button. Standard on all models.\" class=\"product-category-single\"> Electric start                <sup><i class=\"fa fa-info-circle\" aria-hidden=\"true\"><\/i><\/sup>            <\/span>     <\/div>\n<\/div>\n<\/div>\n<div class=\"acfd-block acfd-block__twocolumns mb-asm-2 container-fluid container-fluid--force px-0 bg-default\">\n<div class=\"acfd-twocolumns\">\n<div class=\"row\">\n<div class='col-lg-12 mb-4 '>\n<div class=\"acfd-product-advantages--wrapper\">\n<h2 class=\"h1 bigger text-color-black text-center mb-5\">\n        Vlastnosti a v\u00fdhody    <\/h2>\n<div class=\"acfd-product-advantages\">\n<div class=\"row\">\n<div class=\"col-md-6 mb-4 content\">\n                    <span class=\"d-block h5 text-color-brand mb-1\">35.6 cm impeller<\/span><\/p>\n<p>The 35.6 cm steel impeller offers exceptional performance in all snow conditions. It throws snow from 0.9 to 15.2 meters.<\/p>\n<\/p><\/div>\n<div class=\"col-md-6 mb4 image\" style=\"background-image:url(https:\/\/www.ariens.eu\/sk\/wp-content\/uploads\/sites\/18\/2024\/05\/deluxe-30-herofeature1.webp)\">\n                <\/div>\n<\/p><\/div>\n<div class=\"row\">\n<div class=\"col-md-6 mb-4 content\">\n                    <span class=\"d-block h5 text-color-brand mb-1\">Prevodov\u00e1 skri\u0148a z liatiny<\/span><\/p>\n<p>Prevodovka \u0161neku je mimoriadne nam\u00e1hanou s\u00fa\u010das\u0165ou. Venovali sme ve\u013ea \u00fasilia tomu, aby bola mimoriadne odoln\u00e1. Pr\u00e1ve v\u010faka jej stabilite na \u0148u poskytujeme aj 5-ro\u010dn\u00fa z\u00e1ruku.<\/p>\n<\/p><\/div>\n<div class=\"col-md-6 mb4 image\" style=\"background-image:url(https:\/\/www.ariens.eu\/sk\/wp-content\/uploads\/sites\/18\/2024\/05\/compact-24.webp)\">\n                <\/div>\n<\/p><\/div>\n<div class=\"row\">\n<div class=\"col-md-6 mb-4 content\">\n                    <span class=\"d-block h5 text-color-brand mb-1\">Dual belt drive<\/span><\/p>\n<p>This Ariens system uses two belts instead of one to efficiently utilize engine torque and clear more snow. A dual belt system means that overall belt wear is less and snow can be thrown further.<\/p>\n<\/p><\/div>\n<div class=\"col-md-6 mb4 image\" style=\"background-image:url(https:\/\/www.ariens.eu\/sk\/wp-content\/uploads\/sites\/18\/2024\/05\/herofeature3.webp)\">\n                <\/div>\n<\/p><\/div>\n<div class=\"row\">\n<div class=\"col-md-6 mb-4 content\">\n                    <span class=\"d-block h5 text-color-brand mb-1\">Auto-Turn steering<\/span><\/p>\n<p>Effortless zero-degree turning radius &#8211; for smooth, precise and consistent turning maneuvers that save you time. Minimum effort required to steer.<\/p>\n<\/p><\/div>\n<div class=\"col-md-6 mb4 image\" style=\"background-image:url(https:\/\/www.ariens.eu\/sk\/wp-content\/uploads\/sites\/18\/2024\/05\/deluxe-30-thumbnailfeature1.webp)\">\n                <\/div>\n<\/p><\/div>\n<div class=\"row\">\n<div class=\"col-md-6 mb-4 content\">\n                    <span class=\"d-block h5 text-color-brand mb-1\">Store sn\u00f8dekk<\/span><\/p>\n<p>41 cm (16&#8243;) dekk gir god man\u00f8vrerbarhet og optimalt grep for bedre ytelse p\u00e5 glatte underlag.<\/p>\n<\/p><\/div>\n<div class=\"col-md-6 mb4 image\" style=\"background-image:url(https:\/\/www.ariens.eu\/sk\/wp-content\/uploads\/sites\/18\/2024\/05\/deluxe-30-thumbnailfeature2.webp)\">\n                <\/div>\n<\/p><\/div>\n<div class=\"row\">\n<div class=\"col-md-6 mb-4 content\">\n                    <span class=\"d-block h5 text-color-brand mb-1\">Heavy duty construction<\/span><\/p>\n<p>Handlebars, dashboard, housing, multidirectional chute and even the skid shoes are made of 100% steel.<\/p>\n<\/p><\/div>\n<div class=\"col-md-6 mb4 image\" style=\"background-image:url(https:\/\/www.ariens.eu\/sk\/wp-content\/uploads\/sites\/18\/2024\/05\/deluxe-30-thumbnailfeature3.webp)\">\n                <\/div>\n<\/p><\/div>\n<\/p><\/div>\n<\/div><\/div>\n<div class='col-lg'>                    <\/div>\n<\/p><\/div>\n<\/div>\n<\/div>\n","protected":false},"excerpt":{"rendered":"<p>V\u00fdkonn\u00fd pohon a vysok\u00fd pr\u00edtlak stieracej li\u0161ty na utla\u010den\u00fd sneh Niet divu, \u017ee s\u00e9ria DELUXE patr\u00ed dlhodobo medzi na\u0161e najpred\u00e1vanej\u0161ie. Bez probl\u00e9mov si porad\u00ed so zimou a jej n\u00e1strahami. V\u010faka \u0161tandardn\u00e9mu riadeniu Auto-Turn\u2122 s\u00fa tieto stroje \u013eahko ovl\u00e1date\u013en\u00e9 a obratn\u00e9. S r\u00f4znymi ve\u013ekos\u0165ami a v\u00fdberom v\u00fdkonn\u00fdch motorov Ariens AX je jednoduch\u00e9 n\u00e1js\u0165 ide\u00e1lnu sne\u017en\u00fa fr\u00e9zu [&hellip;]<\/p>\n","protected":false},"featured_media":3213,"comment_status":"open","ping_status":"closed","template":"","meta":{"_acf_changed":false,"_relevanssi_hide_post":"","_relevanssi_hide_content":"","_relevanssi_pin_for_all":"","_relevanssi_pin_keywords":"","_relevanssi_unpin_keywords":"","_relevanssi_related_keywords":"","_relevanssi_related_include_ids":"","_relevanssi_related_exclude_ids":"","_relevanssi_related_no_append":"","_relevanssi_related_not_related":"","_relevanssi_related_posts":"","_relevanssi_noindex_reason":""},"product_brand":[],"product_cat":[15],"product_tag":[],"class_list":{"0":"post-2312","1":"product","2":"type-product","3":"status-publish","4":"has-post-thumbnail","6":"product_variant-seria-deluxe","7":"product_usage_areas-obce-a-technicke-sluzby","8":"product_usage_areas-zimna-udrzba","10":"first","11":"instock","12":"shipping-taxable","13":"product-type-simple"},"acf":[],"yoast_head":"<!-- This site is optimized with the Yoast SEO plugin v27.3 - https:\/\/yoast.com\/product\/yoast-seo-wordpress\/ -->\n<title>DELUXE 28 RAPIDTRAK\u00ae \u2013 Sne\u017en\u00e1 fr\u00e9za | Ariens<\/title>\n<meta name=\"description\" content=\"Model Deluxe 28 RapidTrak poskytuje priamu silu a v\u00fdkon pr\u00e1ve vtedy, ke\u010f ich najviac potrebujete. Technol\u00f3gia Trak pom\u00e1ha zvl\u00e1da\u0165 n\u00e1ro\u010dn\u00fd ter\u00e9n.\" \/>\n<meta name=\"robots\" content=\"noindex, follow, max-snippet:-1, max-image-preview:large, max-video-preview:-1\" \/>\n<meta property=\"og:locale\" content=\"sk_SK\" \/>\n<meta property=\"og:type\" content=\"article\" \/>\n<meta property=\"og:title\" content=\"DELUXE 28 RAPIDTRAK\u00ae \u2013 Sne\u017en\u00e1 fr\u00e9za | Ariens\" \/>\n<meta property=\"og:description\" content=\"Model Deluxe 28 RapidTrak poskytuje priamu silu a v\u00fdkon pr\u00e1ve vtedy, ke\u010f ich najviac potrebujete. Technol\u00f3gia Trak pom\u00e1ha zvl\u00e1da\u0165 n\u00e1ro\u010dn\u00fd ter\u00e9n.\" \/>\n<meta property=\"og:url\" content=\"https:\/\/www.ariens.eu\/sk\/product\/snezne-frezy\/seria-deluxe\/deluxe-28-rapidtrak\/\" \/>\n<meta property=\"og:site_name\" content=\"Ariens |\u00a0EMEAA\" \/>\n<meta property=\"article:modified_time\" content=\"2026-01-07T10:04:59+00:00\" \/>\n<meta property=\"og:image\" content=\"https:\/\/www.ariens.eu\/sk\/wp-content\/uploads\/sites\/18\/2024\/05\/921330_Deluxe_28_RapidTrak_FL34-scaled.webp\" \/>\n\t<meta property=\"og:image:width\" content=\"2560\" \/>\n\t<meta property=\"og:image:height\" content=\"1920\" \/>\n\t<meta property=\"og:image:type\" content=\"image\/webp\" \/>\n<meta name=\"twitter:card\" content=\"summary_large_image\" \/>\n<meta name=\"twitter:label1\" content=\"Predpokladan\u00fd \u010das \u010d\u00edtania\" \/>\n\t<meta name=\"twitter:data1\" content=\"3 min\u00faty\" \/>\n<script type=\"application\/ld+json\" class=\"yoast-schema-graph\">{\"@context\":\"https:\\\/\\\/schema.org\",\"@graph\":[{\"@type\":\"WebPage\",\"@id\":\"https:\\\/\\\/www.ariens.eu\\\/sk\\\/product\\\/snezne-frezy\\\/seria-deluxe\\\/deluxe-28-rapidtrak\\\/\",\"url\":\"https:\\\/\\\/www.ariens.eu\\\/sk\\\/product\\\/snezne-frezy\\\/seria-deluxe\\\/deluxe-28-rapidtrak\\\/\",\"name\":\"DELUXE 28 RAPIDTRAK\u00ae \u2013 Sne\u017en\u00e1 fr\u00e9za | Ariens\",\"isPartOf\":{\"@id\":\"https:\\\/\\\/www.ariens.eu\\\/sk\\\/#website\"},\"primaryImageOfPage\":{\"@id\":\"https:\\\/\\\/www.ariens.eu\\\/sk\\\/product\\\/snezne-frezy\\\/seria-deluxe\\\/deluxe-28-rapidtrak\\\/#primaryimage\"},\"image\":{\"@id\":\"https:\\\/\\\/www.ariens.eu\\\/sk\\\/product\\\/snezne-frezy\\\/seria-deluxe\\\/deluxe-28-rapidtrak\\\/#primaryimage\"},\"thumbnailUrl\":\"https:\\\/\\\/www.ariens.eu\\\/sk\\\/wp-content\\\/uploads\\\/sites\\\/18\\\/2024\\\/05\\\/921330_Deluxe_28_RapidTrak_FL34-scaled.webp\",\"datePublished\":\"2024-05-10T10:04:36+00:00\",\"dateModified\":\"2026-01-07T10:04:59+00:00\",\"description\":\"Model Deluxe 28 RapidTrak poskytuje priamu silu a v\u00fdkon pr\u00e1ve vtedy, ke\u010f ich najviac potrebujete. Technol\u00f3gia Trak pom\u00e1ha zvl\u00e1da\u0165 n\u00e1ro\u010dn\u00fd ter\u00e9n.\",\"breadcrumb\":{\"@id\":\"https:\\\/\\\/www.ariens.eu\\\/sk\\\/product\\\/snezne-frezy\\\/seria-deluxe\\\/deluxe-28-rapidtrak\\\/#breadcrumb\"},\"inLanguage\":\"sk-SK\",\"potentialAction\":[{\"@type\":\"ReadAction\",\"target\":[\"https:\\\/\\\/www.ariens.eu\\\/sk\\\/product\\\/snezne-frezy\\\/seria-deluxe\\\/deluxe-28-rapidtrak\\\/\"]}]},{\"@type\":\"ImageObject\",\"inLanguage\":\"sk-SK\",\"@id\":\"https:\\\/\\\/www.ariens.eu\\\/sk\\\/product\\\/snezne-frezy\\\/seria-deluxe\\\/deluxe-28-rapidtrak\\\/#primaryimage\",\"url\":\"https:\\\/\\\/www.ariens.eu\\\/sk\\\/wp-content\\\/uploads\\\/sites\\\/18\\\/2024\\\/05\\\/921330_Deluxe_28_RapidTrak_FL34-scaled.webp\",\"contentUrl\":\"https:\\\/\\\/www.ariens.eu\\\/sk\\\/wp-content\\\/uploads\\\/sites\\\/18\\\/2024\\\/05\\\/921330_Deluxe_28_RapidTrak_FL34-scaled.webp\",\"width\":2560,\"height\":1920},{\"@type\":\"BreadcrumbList\",\"@id\":\"https:\\\/\\\/www.ariens.eu\\\/sk\\\/product\\\/snezne-frezy\\\/seria-deluxe\\\/deluxe-28-rapidtrak\\\/#breadcrumb\",\"itemListElement\":[{\"@type\":\"ListItem\",\"position\":1,\"name\":\"Home\",\"item\":\"https:\\\/\\\/www.ariens.eu\\\/sk\\\/\"},{\"@type\":\"ListItem\",\"position\":2,\"name\":\"Obchod\",\"item\":\"https:\\\/\\\/www.ariens.eu\\\/sk\\\/obchod\\\/\"},{\"@type\":\"ListItem\",\"position\":3,\"name\":\"DELUXE 28 RAPIDTRAK\"}]},{\"@type\":\"WebSite\",\"@id\":\"https:\\\/\\\/www.ariens.eu\\\/sk\\\/#website\",\"url\":\"https:\\\/\\\/www.ariens.eu\\\/sk\\\/\",\"name\":\"Ariens | EMEAA\",\"description\":\"Powerful and reliable zero-turn mowers &amp; snow blowers for professional users and demanding private customers\",\"publisher\":{\"@id\":\"https:\\\/\\\/www.ariens.eu\\\/sk\\\/#organization\"},\"potentialAction\":[{\"@type\":\"SearchAction\",\"target\":{\"@type\":\"EntryPoint\",\"urlTemplate\":\"https:\\\/\\\/www.ariens.eu\\\/sk\\\/?s={search_term_string}\"},\"query-input\":{\"@type\":\"PropertyValueSpecification\",\"valueRequired\":true,\"valueName\":\"search_term_string\"}}],\"inLanguage\":\"sk-SK\"},{\"@type\":\"Organization\",\"@id\":\"https:\\\/\\\/www.ariens.eu\\\/sk\\\/#organization\",\"name\":\"AriensCo GmbH\",\"url\":\"https:\\\/\\\/www.ariens.eu\\\/sk\\\/\",\"logo\":{\"@type\":\"ImageObject\",\"inLanguage\":\"sk-SK\",\"@id\":\"https:\\\/\\\/www.ariens.eu\\\/sk\\\/#\\\/schema\\\/logo\\\/image\\\/\",\"url\":\"https:\\\/\\\/www.ariens.eu\\\/wp-content\\\/uploads\\\/2024\\\/11\\\/ariens-co-logo.jpg\",\"contentUrl\":\"https:\\\/\\\/www.ariens.eu\\\/wp-content\\\/uploads\\\/2024\\\/11\\\/ariens-co-logo.jpg\",\"width\":1000,\"height\":1000,\"caption\":\"AriensCo GmbH\"},\"image\":{\"@id\":\"https:\\\/\\\/www.ariens.eu\\\/sk\\\/#\\\/schema\\\/logo\\\/image\\\/\"}}]}<\/script>\n<!-- \/ Yoast SEO plugin. -->","yoast_head_json":{"title":"DELUXE 28 RAPIDTRAK\u00ae \u2013 Sne\u017en\u00e1 fr\u00e9za | Ariens","description":"Model Deluxe 28 RapidTrak poskytuje priamu silu a v\u00fdkon pr\u00e1ve vtedy, ke\u010f ich najviac potrebujete. Technol\u00f3gia Trak pom\u00e1ha zvl\u00e1da\u0165 n\u00e1ro\u010dn\u00fd ter\u00e9n.","robots":{"index":"noindex","follow":"follow","max-snippet":"max-snippet:-1","max-image-preview":"max-image-preview:large","max-video-preview":"max-video-preview:-1"},"og_locale":"sk_SK","og_type":"article","og_title":"DELUXE 28 RAPIDTRAK\u00ae \u2013 Sne\u017en\u00e1 fr\u00e9za | Ariens","og_description":"Model Deluxe 28 RapidTrak poskytuje priamu silu a v\u00fdkon pr\u00e1ve vtedy, ke\u010f ich najviac potrebujete. Technol\u00f3gia Trak pom\u00e1ha zvl\u00e1da\u0165 n\u00e1ro\u010dn\u00fd ter\u00e9n.","og_url":"https:\/\/www.ariens.eu\/sk\/product\/snezne-frezy\/seria-deluxe\/deluxe-28-rapidtrak\/","og_site_name":"Ariens |\u00a0EMEAA","article_modified_time":"2026-01-07T10:04:59+00:00","og_image":[{"width":2560,"height":1920,"url":"https:\/\/www.ariens.eu\/sk\/wp-content\/uploads\/sites\/18\/2024\/05\/921330_Deluxe_28_RapidTrak_FL34-scaled.webp","type":"image\/webp"}],"twitter_card":"summary_large_image","twitter_misc":{"Predpokladan\u00fd \u010das \u010d\u00edtania":"3 min\u00faty"},"schema":{"@context":"https:\/\/schema.org","@graph":[{"@type":"WebPage","@id":"https:\/\/www.ariens.eu\/sk\/product\/snezne-frezy\/seria-deluxe\/deluxe-28-rapidtrak\/","url":"https:\/\/www.ariens.eu\/sk\/product\/snezne-frezy\/seria-deluxe\/deluxe-28-rapidtrak\/","name":"DELUXE 28 RAPIDTRAK\u00ae \u2013 Sne\u017en\u00e1 fr\u00e9za | Ariens","isPartOf":{"@id":"https:\/\/www.ariens.eu\/sk\/#website"},"primaryImageOfPage":{"@id":"https:\/\/www.ariens.eu\/sk\/product\/snezne-frezy\/seria-deluxe\/deluxe-28-rapidtrak\/#primaryimage"},"image":{"@id":"https:\/\/www.ariens.eu\/sk\/product\/snezne-frezy\/seria-deluxe\/deluxe-28-rapidtrak\/#primaryimage"},"thumbnailUrl":"https:\/\/www.ariens.eu\/sk\/wp-content\/uploads\/sites\/18\/2024\/05\/921330_Deluxe_28_RapidTrak_FL34-scaled.webp","datePublished":"2024-05-10T10:04:36+00:00","dateModified":"2026-01-07T10:04:59+00:00","description":"Model Deluxe 28 RapidTrak poskytuje priamu silu a v\u00fdkon pr\u00e1ve vtedy, ke\u010f ich najviac potrebujete. Technol\u00f3gia Trak pom\u00e1ha zvl\u00e1da\u0165 n\u00e1ro\u010dn\u00fd ter\u00e9n.","breadcrumb":{"@id":"https:\/\/www.ariens.eu\/sk\/product\/snezne-frezy\/seria-deluxe\/deluxe-28-rapidtrak\/#breadcrumb"},"inLanguage":"sk-SK","potentialAction":[{"@type":"ReadAction","target":["https:\/\/www.ariens.eu\/sk\/product\/snezne-frezy\/seria-deluxe\/deluxe-28-rapidtrak\/"]}]},{"@type":"ImageObject","inLanguage":"sk-SK","@id":"https:\/\/www.ariens.eu\/sk\/product\/snezne-frezy\/seria-deluxe\/deluxe-28-rapidtrak\/#primaryimage","url":"https:\/\/www.ariens.eu\/sk\/wp-content\/uploads\/sites\/18\/2024\/05\/921330_Deluxe_28_RapidTrak_FL34-scaled.webp","contentUrl":"https:\/\/www.ariens.eu\/sk\/wp-content\/uploads\/sites\/18\/2024\/05\/921330_Deluxe_28_RapidTrak_FL34-scaled.webp","width":2560,"height":1920},{"@type":"BreadcrumbList","@id":"https:\/\/www.ariens.eu\/sk\/product\/snezne-frezy\/seria-deluxe\/deluxe-28-rapidtrak\/#breadcrumb","itemListElement":[{"@type":"ListItem","position":1,"name":"Home","item":"https:\/\/www.ariens.eu\/sk\/"},{"@type":"ListItem","position":2,"name":"Obchod","item":"https:\/\/www.ariens.eu\/sk\/obchod\/"},{"@type":"ListItem","position":3,"name":"DELUXE 28 RAPIDTRAK"}]},{"@type":"WebSite","@id":"https:\/\/www.ariens.eu\/sk\/#website","url":"https:\/\/www.ariens.eu\/sk\/","name":"Ariens | EMEAA","description":"Powerful and reliable zero-turn mowers &amp; snow blowers for professional users and demanding private customers","publisher":{"@id":"https:\/\/www.ariens.eu\/sk\/#organization"},"potentialAction":[{"@type":"SearchAction","target":{"@type":"EntryPoint","urlTemplate":"https:\/\/www.ariens.eu\/sk\/?s={search_term_string}"},"query-input":{"@type":"PropertyValueSpecification","valueRequired":true,"valueName":"search_term_string"}}],"inLanguage":"sk-SK"},{"@type":"Organization","@id":"https:\/\/www.ariens.eu\/sk\/#organization","name":"AriensCo GmbH","url":"https:\/\/www.ariens.eu\/sk\/","logo":{"@type":"ImageObject","inLanguage":"sk-SK","@id":"https:\/\/www.ariens.eu\/sk\/#\/schema\/logo\/image\/","url":"https:\/\/www.ariens.eu\/wp-content\/uploads\/2024\/11\/ariens-co-logo.jpg","contentUrl":"https:\/\/www.ariens.eu\/wp-content\/uploads\/2024\/11\/ariens-co-logo.jpg","width":1000,"height":1000,"caption":"AriensCo GmbH"},"image":{"@id":"https:\/\/www.ariens.eu\/sk\/#\/schema\/logo\/image\/"}}]}},"_links":{"self":[{"href":"https:\/\/www.ariens.eu\/sk\/wp-json\/wp\/v2\/product\/2312","targetHints":{"allow":["GET"]}}],"collection":[{"href":"https:\/\/www.ariens.eu\/sk\/wp-json\/wp\/v2\/product"}],"about":[{"href":"https:\/\/www.ariens.eu\/sk\/wp-json\/wp\/v2\/types\/product"}],"replies":[{"embeddable":true,"href":"https:\/\/www.ariens.eu\/sk\/wp-json\/wp\/v2\/comments?post=2312"}],"wp:featuredmedia":[{"embeddable":true,"href":"https:\/\/www.ariens.eu\/sk\/wp-json\/wp\/v2\/media\/3213"}],"wp:attachment":[{"href":"https:\/\/www.ariens.eu\/sk\/wp-json\/wp\/v2\/media?parent=2312"}],"wp:term":[{"taxonomy":"product_brand","embeddable":true,"href":"https:\/\/www.ariens.eu\/sk\/wp-json\/wp\/v2\/product_brand?post=2312"},{"taxonomy":"product_cat","embeddable":true,"href":"https:\/\/www.ariens.eu\/sk\/wp-json\/wp\/v2\/product_cat?post=2312"},{"taxonomy":"product_tag","embeddable":true,"href":"https:\/\/www.ariens.eu\/sk\/wp-json\/wp\/v2\/product_tag?post=2312"}],"curies":[{"name":"wp","href":"https:\/\/api.w.org\/{rel}","templated":true}]}}