{"id":2313,"date":"2024-05-10T11:04:36","date_gmt":"2024-05-10T10:04:36","guid":{"rendered":"https:\/\/www.ariens.eu\/product\/compact-24\/"},"modified":"2025-11-10T10:48:44","modified_gmt":"2025-11-10T10:48:44","slug":"compact-24","status":"publish","type":"product","link":"https:\/\/www.ariens.eu\/sk\/product\/snezne-frezy\/seria-compact\/compact-24","title":{"rendered":"COMPACT 24"},"content":{"rendered":"<div class=\"acfd-block acfd-block__twocolumns mb-asm-1 container-fluid px-0 bg-default\">\n<div class=\"acfd-twocolumns\">\n<div class=\"row\">\n<div class='col-lg-9 mb-4'>\n<div class=\"acfd-block acfd-block__headline container-fluid px-0 bg-default\">\n<div class=\"acfd-headline\">\n<h2 class='h2 text-left'>Pripraven\u00e1 na pou\u017eitie u\u017e za p\u00e1r min\u00fat. Pohodln\u00e9 sp\u00fa\u0161\u0165anie pomocou elektrick\u00e9ho \u0161tart\u00e9ra<\/h2>\n<\/p><\/div>\n<\/div><\/div>\n<div class='col-lg'>                    <\/div>\n<\/p><\/div>\n<\/div>\n<\/div>\n<div class=\"acfd-block acfd-block__twocolumns mb-asm-2 container-fluid px-0 bg-default\">\n<div class=\"acfd-twocolumns\">\n<div class=\"row\">\n<div class='col-lg-9 mb-4'>\n<div class=\"acfd-block acfd-block__text container-fluid px-0 bg-default\">\n<div class=\"acfd-text\">\n<p>Porazte sneh bez probl\u00e9mov. Nez\u013eaknite sa jeho rozmerov \u2013 v ka\u017edom modeli Ariens<sup>&reg;<\/sup> COMPACT sa skr\u00fdva ve\u013ek\u00e1 sila. Bol navrhnut\u00fd tak, aby bol dostato\u010dne \u013eahk\u00fd na jednoduch\u00e9 odstr\u00e1nenie \u013eahkej vrstvy snehu a z\u00e1rove\u0148 spo\u013eahliv\u00fd pri zvl\u00e1dnut\u00ed a\u017e 52 ton snehu za hodinu. S\u00e9ria COMPACT pon\u00faka bezprobl\u00e9mov\u00fa obratnos\u0165 bez kompromisov v legend\u00e1rnej sile Ariens.<\/p>\n<p>Model COMPACT 24 m\u00e1 kompaktn\u00e9 rozmery, no je v\u00fdkonn\u00fd pri \u010disten\u00ed snehu. V\u010faka funkcii AUTO-TURN je jeho ovl\u00e1danie neuverite\u013ene jednoduch\u00e9. Cel\u00e9 telo je vyroben\u00e9 z kovu a vybaven\u00e9 prec\u00edzne ladenou prevodovkou. Sneh vyhadzuje do vzdialenosti od 0,9 do 12,2 metra.<\/p>\n<ul>\n<li>\n<p>\u0160\u00edrka z\u00e1beru 61 cm (24&#8243;), ktor\u00e1 pohybuje 54 tonami snehu za hodinu.<\/p>\n<\/li>\n<li>\n<p>Spo\u013eahliv\u00fd motor Ariens AX s objemom 208 cm\u00b3 a elektrick\u00fd \u0161tart\u00e9r.<\/p>\n<\/li>\n<li>\n<p>Oce\u013eov\u00fd ozuben\u00fd skrutkov\u00fd \u0161nek (auger) s priemerom 27,9 cm (11&#8243;) zabezpe\u010duje v\u00fdnimo\u010dn\u00fd v\u00fdkon vo v\u0161etk\u00fdch snehov\u00fdch podmienkach.<\/p>\n<\/li>\n<li>\n<p>Z\u00e1ruka: 90 dn\u00ed na komer\u010dn\u00e9 pou\u017eitie, 3 roky na dom\u00e1ce pou\u017eitie.<\/p>\n<\/li>\n<\/ul>\n<\/div>\n<\/div><\/div>\n<div class='col-lg'>                    <\/div>\n<\/p><\/div>\n<\/div>\n<\/div>\n<div class=\"acfd-block acfd-block__category mb-asm-3 container-fluid px-0 bg-default\">\n<div class=\"acfd-product-categories\">\n<h2 class=\"text-left mb-3\">\n        Eins\u00e4tze    <\/h2>\n<div class=\"product-categories_wrapper\">\n         <span data-description=\"Patentovan\u00fd riadiaci syst\u00e9m Ariens AutoTurn<sup>&reg;<\/sup> zabra\u0148uje pret\u00e1\u010daniu hnacieho kolesa alebo p\u00e1su RapidTrak\u2122. Z\u00e1rove\u0148 umo\u017e\u0148uje jednoduch\u00e9 ovl\u00e1danie stroja t\u00fdm, \u017ee pri zat\u00e1\u010dan\u00ed automaticky uvo\u013en\u00ed jednu stranu pohonu. V\u0161etky sne\u017en\u00e9 fr\u00e9zy Ariens, s v\u00fdnimkou modelu CLASSIC, s\u00fa vybaven\u00e9 syst\u00e9mom AutoTurn<sup>&reg;<\/sup>.\" class=\"product-category-single\"> AutoTurn<sup>&reg;<\/sup>                <sup><i class=\"fa fa-info-circle\" aria-hidden=\"true\"><\/i><\/sup>            <\/span>  <span data-description=\"Pripojenie na 230 voltov umo\u017e\u0148uje spusti\u0165 stroj stla\u010den\u00edm jedin\u00e9ho tla\u010didla. \u0160tandard na v\u0161etk\u00fdch modeloch.\" class=\"product-category-single\"> Elektrick\u00fd \u0161tart                <sup><i class=\"fa fa-info-circle\" aria-hidden=\"true\"><\/i><\/sup>            <\/span>     <\/div>\n<\/div>\n<\/div>\n<div class=\"acfd-block acfd-block__twocolumns container-fluid container-fluid--force px-0 bg-default\">\n<div class=\"acfd-twocolumns\">\n<div class=\"row\">\n<div class='col-lg-12 mb-4'>\n<div class=\"acfd-product-advantages--wrapper\">\n<h2 class=\"h1 bigger text-color-black text-center mb-5\">\n        Merkmale &amp; Vorteile    <\/h2>\n<div class=\"acfd-product-advantages\">\n<div class=\"row\">\n<div class=\"col-md-6 mb-4 content\">\n                    <span class=\"d-block h5 text-color-brand mb-1\">Celokovov\u00e1 kon\u0161trukcia<\/span><\/p>\n<p>Pevn\u00fd, zv\u00e1ran\u00fd oce\u013eov\u00fd plech s lisovan\u00fdmi v\u00fdstuhami a vystu\u017een\u00fdmi hranami je tajomstvom dlhej \u017eivotnosti sne\u017en\u00fdch fr\u00e9z Ariens.<\/p>\n<\/p><\/div>\n<div class=\"col-md-6 mb4 image\" style=\"background-image:url(https:\/\/www.ariens.eu\/sk\/wp-content\/uploads\/sites\/18\/2024\/05\/all-steal-construction.webp)\">\n                <\/div>\n<\/p><\/div>\n<div class=\"row\">\n<div class=\"col-md-6 mb-4 content\">\n                    <span class=\"d-block h5 text-color-brand mb-1\">Syst\u00e9m riadenia Auto-Turn<\/span><\/p>\n<p>Jazdite priamo vpred so zadnou n\u00e1pravou zamknutou pre maxim\u00e1lny z\u00e1ber. Hne\u010f ako za\u010dnete riadi\u0165, n\u00e1prava sa odblokuje a ot\u00e1\u010danie na mieste je hra\u010dkou. Patentovan\u00fd vyn\u00e1lez od Ariens.<\/p>\n<\/p><\/div>\n<div class=\"col-md-6 mb4 image\" style=\"background-image:url(https:\/\/www.ariens.eu\/sk\/wp-content\/uploads\/sites\/18\/2024\/05\/feature6ars_fb_profe-2.png)\">\n                <\/div>\n<\/p><\/div>\n<div class=\"row\">\n<div class=\"col-md-6 mb-4 content\">\n                    <span class=\"d-block h5 text-color-brand mb-1\">Elektrick\u00fd \u0161tart<\/span><\/p>\n<p>Modely Compact m\u00f4\u017eete na\u0161tartova\u0165 bu\u010f ru\u010dne pomocou \u0161tartovacieho lana, alebo pohodlne stla\u010den\u00edm tla\u010didla elektrick\u00e9ho \u0161tart\u00e9ra, ktor\u00fd je pripojen\u00fd do z\u00e1suvky 230 V. Ve\u013emi praktick\u00e9 pri n\u00edzkych teplot\u00e1ch.<\/p>\n<\/p><\/div>\n<div class=\"col-md-6 mb4 image\" style=\"background-image:url(https:\/\/www.ariens.eu\/sk\/wp-content\/uploads\/sites\/18\/2024\/05\/Electric_Start-1.webp)\">\n                <\/div>\n<\/p><\/div>\n<div class=\"row\">\n<div class=\"col-md-6 mb-4 content\">\n                    <span class=\"d-block h5 text-color-brand mb-1\">Prevodov\u00e1 skri\u0148a z liatiny<\/span><\/p>\n<p>Prevodovka \u0161neku je mimoriadne nam\u00e1hanou s\u00fa\u010das\u0165ou. Venovali sme ve\u013ea \u00fasilia tomu, aby bola mimoriadne odoln\u00e1. Pr\u00e1ve v\u010faka jej stabilite na \u0148u poskytujeme aj 5-ro\u010dn\u00fa z\u00e1ruku.<\/p>\n<\/p><\/div>\n<div class=\"col-md-6 mb4 image\" style=\"background-image:url(https:\/\/www.ariens.eu\/sk\/wp-content\/uploads\/sites\/18\/2024\/05\/compact-24.webp)\">\n                <\/div>\n<\/p><\/div>\n<div class=\"row\">\n<div class=\"col-md-6 mb-4 content\">\n                    <span class=\"d-block h5 text-color-brand mb-1\">Snehov\u00e9 pneumatiky s v\u00fdbornou pri\u013enavos\u0165ou<\/span><\/p>\n<p>\u0160peci\u00e1lny snehov\u00fd dez\u00e9n pre maxim\u00e1lnu trakciu. Priemer 38 cm (15&#8243;).<\/p>\n<\/p><\/div>\n<div class=\"col-md-6 mb4 image\" style=\"background-image:url(https:\/\/www.ariens.eu\/sk\/wp-content\/uploads\/sites\/18\/2024\/05\/15in_Tires-scaled.webp)\">\n                <\/div>\n<\/p><\/div>\n<\/p><\/div>\n<\/div><\/div>\n<div class='col-lg'>                    <\/div>\n<\/p><\/div>\n<\/div>\n<\/div>\n","protected":false},"excerpt":{"rendered":"<p>Pripraven\u00e1 na pou\u017eitie u\u017e za p\u00e1r min\u00fat. Pohodln\u00e9 sp\u00fa\u0161\u0165anie pomocou elektrick\u00e9ho \u0161tart\u00e9ra Porazte sneh bez probl\u00e9mov. Nez\u013eaknite sa jeho rozmerov \u2013 v ka\u017edom modeli Ariens&reg; COMPACT sa skr\u00fdva ve\u013ek\u00e1 sila. Bol navrhnut\u00fd tak, aby bol dostato\u010dne \u013eahk\u00fd na jednoduch\u00e9 odstr\u00e1nenie \u013eahkej vrstvy snehu a z\u00e1rove\u0148 spo\u013eahliv\u00fd pri zvl\u00e1dnut\u00ed a\u017e 52 ton snehu za hodinu. S\u00e9ria [&hellip;]<\/p>\n","protected":false},"featured_media":2690,"comment_status":"open","ping_status":"closed","template":"","meta":{"_acf_changed":false,"_relevanssi_hide_post":"","_relevanssi_hide_content":"","_relevanssi_pin_for_all":"","_relevanssi_pin_keywords":"","_relevanssi_unpin_keywords":"","_relevanssi_related_keywords":"","_relevanssi_related_include_ids":"","_relevanssi_related_exclude_ids":"","_relevanssi_related_no_append":"","_relevanssi_related_not_related":"","_relevanssi_related_posts":"","_relevanssi_noindex_reason":""},"product_brand":[],"product_cat":[15],"product_tag":[],"class_list":{"0":"post-2313","1":"product","2":"type-product","3":"status-publish","4":"has-post-thumbnail","6":"product_variant-seria-compact","7":"product_usage_areas-obce-a-technicke-sluzby","8":"product_usage_areas-zimna-udrzba","10":"first","11":"instock","12":"shipping-taxable","13":"product-type-simple"},"acf":[],"yoast_head":"<!-- This site is optimized with the Yoast SEO plugin v27.3 - https:\/\/yoast.com\/product\/yoast-seo-wordpress\/ -->\n<title>COMPACT 24 \u2013 Sne\u017en\u00e1 fr\u00e9za | Ariens<\/title>\n<meta name=\"description\" content=\"Ariens COMPACT 24 Sno-Thro\u00ae sp\u00e1ja bezprobl\u00e9mov\u00fa obratnos\u0165 s legend\u00e1rnou v\u00fdkonnos\u0165ou Ariens\u00ae. Jednoduch\u00e9 ovl\u00e1danie a pohodln\u00e1 manipul\u00e1cia.\" \/>\n<meta name=\"robots\" content=\"noindex, follow, max-snippet:-1, max-image-preview:large, max-video-preview:-1\" \/>\n<meta property=\"og:locale\" content=\"sk_SK\" \/>\n<meta property=\"og:type\" content=\"article\" \/>\n<meta property=\"og:title\" content=\"COMPACT 24 \u2013 Sne\u017en\u00e1 fr\u00e9za | Ariens\" \/>\n<meta property=\"og:description\" content=\"Ariens COMPACT 24 Sno-Thro\u00ae sp\u00e1ja bezprobl\u00e9mov\u00fa obratnos\u0165 s legend\u00e1rnou v\u00fdkonnos\u0165ou Ariens\u00ae. Jednoduch\u00e9 ovl\u00e1danie a pohodln\u00e1 manipul\u00e1cia.\" \/>\n<meta property=\"og:url\" content=\"https:\/\/www.ariens.eu\/sk\/product\/snezne-frezy\/seria-compact\/compact-24\/\" \/>\n<meta property=\"og:site_name\" content=\"Ariens |\u00a0EMEAA\" \/>\n<meta property=\"article:modified_time\" content=\"2025-11-10T10:48:44+00:00\" \/>\n<meta property=\"og:image\" content=\"https:\/\/www.ariens.eu\/sk\/wp-content\/uploads\/sites\/18\/2024\/05\/ariens-compact-snow-thrower-angle-view-front34-3.webp\" \/>\n\t<meta property=\"og:image:width\" content=\"900\" \/>\n\t<meta property=\"og:image:height\" content=\"650\" \/>\n\t<meta property=\"og:image:type\" content=\"image\/webp\" \/>\n<meta name=\"twitter:card\" content=\"summary_large_image\" \/>\n<meta name=\"twitter:label1\" content=\"Predpokladan\u00fd \u010das \u010d\u00edtania\" \/>\n\t<meta name=\"twitter:data1\" content=\"2 min\u00faty\" \/>\n<script type=\"application\/ld+json\" class=\"yoast-schema-graph\">{\"@context\":\"https:\\\/\\\/schema.org\",\"@graph\":[{\"@type\":\"WebPage\",\"@id\":\"https:\\\/\\\/www.ariens.eu\\\/sk\\\/product\\\/snezne-frezy\\\/seria-compact\\\/compact-24\\\/\",\"url\":\"https:\\\/\\\/www.ariens.eu\\\/sk\\\/product\\\/snezne-frezy\\\/seria-compact\\\/compact-24\\\/\",\"name\":\"COMPACT 24 \u2013 Sne\u017en\u00e1 fr\u00e9za | Ariens\",\"isPartOf\":{\"@id\":\"https:\\\/\\\/www.ariens.eu\\\/sk\\\/#website\"},\"primaryImageOfPage\":{\"@id\":\"https:\\\/\\\/www.ariens.eu\\\/sk\\\/product\\\/snezne-frezy\\\/seria-compact\\\/compact-24\\\/#primaryimage\"},\"image\":{\"@id\":\"https:\\\/\\\/www.ariens.eu\\\/sk\\\/product\\\/snezne-frezy\\\/seria-compact\\\/compact-24\\\/#primaryimage\"},\"thumbnailUrl\":\"https:\\\/\\\/www.ariens.eu\\\/sk\\\/wp-content\\\/uploads\\\/sites\\\/18\\\/2024\\\/05\\\/ariens-compact-snow-thrower-angle-view-front34-3.webp\",\"datePublished\":\"2024-05-10T10:04:36+00:00\",\"dateModified\":\"2025-11-10T10:48:44+00:00\",\"description\":\"Ariens COMPACT 24 Sno-Thro\u00ae sp\u00e1ja bezprobl\u00e9mov\u00fa obratnos\u0165 s legend\u00e1rnou v\u00fdkonnos\u0165ou Ariens\u00ae. Jednoduch\u00e9 ovl\u00e1danie a pohodln\u00e1 manipul\u00e1cia.\",\"breadcrumb\":{\"@id\":\"https:\\\/\\\/www.ariens.eu\\\/sk\\\/product\\\/snezne-frezy\\\/seria-compact\\\/compact-24\\\/#breadcrumb\"},\"inLanguage\":\"sk-SK\",\"potentialAction\":[{\"@type\":\"ReadAction\",\"target\":[\"https:\\\/\\\/www.ariens.eu\\\/sk\\\/product\\\/snezne-frezy\\\/seria-compact\\\/compact-24\\\/\"]}]},{\"@type\":\"ImageObject\",\"inLanguage\":\"sk-SK\",\"@id\":\"https:\\\/\\\/www.ariens.eu\\\/sk\\\/product\\\/snezne-frezy\\\/seria-compact\\\/compact-24\\\/#primaryimage\",\"url\":\"https:\\\/\\\/www.ariens.eu\\\/sk\\\/wp-content\\\/uploads\\\/sites\\\/18\\\/2024\\\/05\\\/ariens-compact-snow-thrower-angle-view-front34-3.webp\",\"contentUrl\":\"https:\\\/\\\/www.ariens.eu\\\/sk\\\/wp-content\\\/uploads\\\/sites\\\/18\\\/2024\\\/05\\\/ariens-compact-snow-thrower-angle-view-front34-3.webp\",\"width\":900,\"height\":650},{\"@type\":\"BreadcrumbList\",\"@id\":\"https:\\\/\\\/www.ariens.eu\\\/sk\\\/product\\\/snezne-frezy\\\/seria-compact\\\/compact-24\\\/#breadcrumb\",\"itemListElement\":[{\"@type\":\"ListItem\",\"position\":1,\"name\":\"Home\",\"item\":\"https:\\\/\\\/www.ariens.eu\\\/sk\\\/\"},{\"@type\":\"ListItem\",\"position\":2,\"name\":\"Obchod\",\"item\":\"https:\\\/\\\/www.ariens.eu\\\/sk\\\/obchod\\\/\"},{\"@type\":\"ListItem\",\"position\":3,\"name\":\"COMPACT 24\"}]},{\"@type\":\"WebSite\",\"@id\":\"https:\\\/\\\/www.ariens.eu\\\/sk\\\/#website\",\"url\":\"https:\\\/\\\/www.ariens.eu\\\/sk\\\/\",\"name\":\"Ariens | EMEAA\",\"description\":\"Powerful and reliable zero-turn mowers &amp; snow blowers for professional users and demanding private customers\",\"publisher\":{\"@id\":\"https:\\\/\\\/www.ariens.eu\\\/sk\\\/#organization\"},\"potentialAction\":[{\"@type\":\"SearchAction\",\"target\":{\"@type\":\"EntryPoint\",\"urlTemplate\":\"https:\\\/\\\/www.ariens.eu\\\/sk\\\/?s={search_term_string}\"},\"query-input\":{\"@type\":\"PropertyValueSpecification\",\"valueRequired\":true,\"valueName\":\"search_term_string\"}}],\"inLanguage\":\"sk-SK\"},{\"@type\":\"Organization\",\"@id\":\"https:\\\/\\\/www.ariens.eu\\\/sk\\\/#organization\",\"name\":\"AriensCo GmbH\",\"url\":\"https:\\\/\\\/www.ariens.eu\\\/sk\\\/\",\"logo\":{\"@type\":\"ImageObject\",\"inLanguage\":\"sk-SK\",\"@id\":\"https:\\\/\\\/www.ariens.eu\\\/sk\\\/#\\\/schema\\\/logo\\\/image\\\/\",\"url\":\"https:\\\/\\\/www.ariens.eu\\\/wp-content\\\/uploads\\\/2024\\\/11\\\/ariens-co-logo.jpg\",\"contentUrl\":\"https:\\\/\\\/www.ariens.eu\\\/wp-content\\\/uploads\\\/2024\\\/11\\\/ariens-co-logo.jpg\",\"width\":1000,\"height\":1000,\"caption\":\"AriensCo GmbH\"},\"image\":{\"@id\":\"https:\\\/\\\/www.ariens.eu\\\/sk\\\/#\\\/schema\\\/logo\\\/image\\\/\"}}]}<\/script>\n<!-- \/ Yoast SEO plugin. -->","yoast_head_json":{"title":"COMPACT 24 \u2013 Sne\u017en\u00e1 fr\u00e9za | Ariens","description":"Ariens COMPACT 24 Sno-Thro\u00ae sp\u00e1ja bezprobl\u00e9mov\u00fa obratnos\u0165 s legend\u00e1rnou v\u00fdkonnos\u0165ou Ariens\u00ae. Jednoduch\u00e9 ovl\u00e1danie a pohodln\u00e1 manipul\u00e1cia.","robots":{"index":"noindex","follow":"follow","max-snippet":"max-snippet:-1","max-image-preview":"max-image-preview:large","max-video-preview":"max-video-preview:-1"},"og_locale":"sk_SK","og_type":"article","og_title":"COMPACT 24 \u2013 Sne\u017en\u00e1 fr\u00e9za | Ariens","og_description":"Ariens COMPACT 24 Sno-Thro\u00ae sp\u00e1ja bezprobl\u00e9mov\u00fa obratnos\u0165 s legend\u00e1rnou v\u00fdkonnos\u0165ou Ariens\u00ae. Jednoduch\u00e9 ovl\u00e1danie a pohodln\u00e1 manipul\u00e1cia.","og_url":"https:\/\/www.ariens.eu\/sk\/product\/snezne-frezy\/seria-compact\/compact-24\/","og_site_name":"Ariens |\u00a0EMEAA","article_modified_time":"2025-11-10T10:48:44+00:00","og_image":[{"width":900,"height":650,"url":"https:\/\/www.ariens.eu\/sk\/wp-content\/uploads\/sites\/18\/2024\/05\/ariens-compact-snow-thrower-angle-view-front34-3.webp","type":"image\/webp"}],"twitter_card":"summary_large_image","twitter_misc":{"Predpokladan\u00fd \u010das \u010d\u00edtania":"2 min\u00faty"},"schema":{"@context":"https:\/\/schema.org","@graph":[{"@type":"WebPage","@id":"https:\/\/www.ariens.eu\/sk\/product\/snezne-frezy\/seria-compact\/compact-24\/","url":"https:\/\/www.ariens.eu\/sk\/product\/snezne-frezy\/seria-compact\/compact-24\/","name":"COMPACT 24 \u2013 Sne\u017en\u00e1 fr\u00e9za | Ariens","isPartOf":{"@id":"https:\/\/www.ariens.eu\/sk\/#website"},"primaryImageOfPage":{"@id":"https:\/\/www.ariens.eu\/sk\/product\/snezne-frezy\/seria-compact\/compact-24\/#primaryimage"},"image":{"@id":"https:\/\/www.ariens.eu\/sk\/product\/snezne-frezy\/seria-compact\/compact-24\/#primaryimage"},"thumbnailUrl":"https:\/\/www.ariens.eu\/sk\/wp-content\/uploads\/sites\/18\/2024\/05\/ariens-compact-snow-thrower-angle-view-front34-3.webp","datePublished":"2024-05-10T10:04:36+00:00","dateModified":"2025-11-10T10:48:44+00:00","description":"Ariens COMPACT 24 Sno-Thro\u00ae sp\u00e1ja bezprobl\u00e9mov\u00fa obratnos\u0165 s legend\u00e1rnou v\u00fdkonnos\u0165ou Ariens\u00ae. Jednoduch\u00e9 ovl\u00e1danie a pohodln\u00e1 manipul\u00e1cia.","breadcrumb":{"@id":"https:\/\/www.ariens.eu\/sk\/product\/snezne-frezy\/seria-compact\/compact-24\/#breadcrumb"},"inLanguage":"sk-SK","potentialAction":[{"@type":"ReadAction","target":["https:\/\/www.ariens.eu\/sk\/product\/snezne-frezy\/seria-compact\/compact-24\/"]}]},{"@type":"ImageObject","inLanguage":"sk-SK","@id":"https:\/\/www.ariens.eu\/sk\/product\/snezne-frezy\/seria-compact\/compact-24\/#primaryimage","url":"https:\/\/www.ariens.eu\/sk\/wp-content\/uploads\/sites\/18\/2024\/05\/ariens-compact-snow-thrower-angle-view-front34-3.webp","contentUrl":"https:\/\/www.ariens.eu\/sk\/wp-content\/uploads\/sites\/18\/2024\/05\/ariens-compact-snow-thrower-angle-view-front34-3.webp","width":900,"height":650},{"@type":"BreadcrumbList","@id":"https:\/\/www.ariens.eu\/sk\/product\/snezne-frezy\/seria-compact\/compact-24\/#breadcrumb","itemListElement":[{"@type":"ListItem","position":1,"name":"Home","item":"https:\/\/www.ariens.eu\/sk\/"},{"@type":"ListItem","position":2,"name":"Obchod","item":"https:\/\/www.ariens.eu\/sk\/obchod\/"},{"@type":"ListItem","position":3,"name":"COMPACT 24"}]},{"@type":"WebSite","@id":"https:\/\/www.ariens.eu\/sk\/#website","url":"https:\/\/www.ariens.eu\/sk\/","name":"Ariens | EMEAA","description":"Powerful and reliable zero-turn mowers &amp; snow blowers for professional users and demanding private customers","publisher":{"@id":"https:\/\/www.ariens.eu\/sk\/#organization"},"potentialAction":[{"@type":"SearchAction","target":{"@type":"EntryPoint","urlTemplate":"https:\/\/www.ariens.eu\/sk\/?s={search_term_string}"},"query-input":{"@type":"PropertyValueSpecification","valueRequired":true,"valueName":"search_term_string"}}],"inLanguage":"sk-SK"},{"@type":"Organization","@id":"https:\/\/www.ariens.eu\/sk\/#organization","name":"AriensCo GmbH","url":"https:\/\/www.ariens.eu\/sk\/","logo":{"@type":"ImageObject","inLanguage":"sk-SK","@id":"https:\/\/www.ariens.eu\/sk\/#\/schema\/logo\/image\/","url":"https:\/\/www.ariens.eu\/wp-content\/uploads\/2024\/11\/ariens-co-logo.jpg","contentUrl":"https:\/\/www.ariens.eu\/wp-content\/uploads\/2024\/11\/ariens-co-logo.jpg","width":1000,"height":1000,"caption":"AriensCo GmbH"},"image":{"@id":"https:\/\/www.ariens.eu\/sk\/#\/schema\/logo\/image\/"}}]}},"_links":{"self":[{"href":"https:\/\/www.ariens.eu\/sk\/wp-json\/wp\/v2\/product\/2313","targetHints":{"allow":["GET"]}}],"collection":[{"href":"https:\/\/www.ariens.eu\/sk\/wp-json\/wp\/v2\/product"}],"about":[{"href":"https:\/\/www.ariens.eu\/sk\/wp-json\/wp\/v2\/types\/product"}],"replies":[{"embeddable":true,"href":"https:\/\/www.ariens.eu\/sk\/wp-json\/wp\/v2\/comments?post=2313"}],"wp:featuredmedia":[{"embeddable":true,"href":"https:\/\/www.ariens.eu\/sk\/wp-json\/wp\/v2\/media\/2690"}],"wp:attachment":[{"href":"https:\/\/www.ariens.eu\/sk\/wp-json\/wp\/v2\/media?parent=2313"}],"wp:term":[{"taxonomy":"product_brand","embeddable":true,"href":"https:\/\/www.ariens.eu\/sk\/wp-json\/wp\/v2\/product_brand?post=2313"},{"taxonomy":"product_cat","embeddable":true,"href":"https:\/\/www.ariens.eu\/sk\/wp-json\/wp\/v2\/product_cat?post=2313"},{"taxonomy":"product_tag","embeddable":true,"href":"https:\/\/www.ariens.eu\/sk\/wp-json\/wp\/v2\/product_tag?post=2313"}],"curies":[{"name":"wp","href":"https:\/\/api.w.org\/{rel}","templated":true}]}}