{"id":2315,"date":"2024-05-10T11:04:36","date_gmt":"2024-05-10T10:04:36","guid":{"rendered":"https:\/\/www.ariens.eu\/product\/classic-24\/"},"modified":"2025-11-10T10:48:44","modified_gmt":"2025-11-10T10:48:44","slug":"classic-24","status":"publish","type":"product","link":"https:\/\/www.ariens.eu\/sk\/product\/snezne-frezy\/seria-classic\/classic-24","title":{"rendered":"CLASSIC 24"},"content":{"rendered":"<div class=\"acfd-block acfd-block__twocolumns mb-asm-1 container-fluid px-0 bg-default\">\n<div class=\"acfd-twocolumns\">\n<div class=\"row\">\n<div class='col-lg-9 mb-4'>\n<div class=\"acfd-block acfd-block__headline container-fluid px-0 bg-default\">\n<div class=\"acfd-headline\">\n<h2 class='h2 text-left'>Jednoduch\u00e9 a odoln\u00e9. Navrhnut\u00e9 pre dlh\u00e9 zimy a va\u0161u nehnute\u013enos\u0165<\/h2>\n<\/p><\/div>\n<\/div><\/div>\n<div class='col-lg'>                    <\/div>\n<\/p><\/div>\n<\/div>\n<\/div>\n<div class=\"acfd-block acfd-block__twocolumns mb-asm-2 container-fluid px-0 bg-default\">\n<div class=\"acfd-twocolumns\">\n<div class=\"row\">\n<div class='col-lg-9 mb-4'>\n<div class=\"acfd-block acfd-block__text container-fluid px-0 bg-default\">\n<div class=\"acfd-text\">\n<p>Predpove\u010f hl\u00e1si po\u010dasie, ktor\u00e9 tento stroj hravo zvl\u00e1dne.<\/p>\n<p>Celokovov\u00e1 kon\u0161trukcia, no pritom \u013eahk\u00e1 a \u013eahko ovl\u00e1date\u013en\u00e1 \u2013 tento stroj je stvoren\u00fd na seri\u00f3zne odh\u0155\u0148anie snehu. Jeho prepojite\u013en\u00e9 p\u00e1ky umo\u017e\u0148uj\u00fa ovl\u00e1danie jednou rukou pri h\u00e1dzan\u00ed snehu a jazde, zatia\u013e \u010do oce\u013eov\u00fd z\u00fabkovan\u00fd \u0161nek si porad\u00ed r\u00fdchlo s ak\u00fdmko\u013evek snehom, ktor\u00fd pr\u00edroda prin\u00e1\u0161a. \u0164a\u017ek\u00fd a mokr\u00fd? \u013dahk\u00fd a nad\u00fdchan\u00fd? CLASSIC si porad\u00ed so v\u0161etk\u00fdm.<\/p>\n<p>Model CLASSIC 24 je tak robustne postaven\u00fd, \u017ee v\u00e1m bude sl\u00fa\u017ei\u0165 roky.<\/p>\n<ul>\n<li>\u0160\u00edrka z\u00e1beru: 60 cm (24&#8243;).<\/li>\n<li>V\u00fdkonn\u00fd motor Ariens 208 cm\u00b3.<\/li>\n<li>\u0160tandardne elektrick\u00fd \u0161tart na 230 V a aj ru\u010dn\u00fd \u0161tart pomocou \u0161n\u00fary.<\/li>\n<li>Maxim\u00e1lna kapacita: 52 ton za hodinu.<\/li>\n<li>Ergonomick\u00fd dizajn umo\u017e\u0148uje pohodln\u00e9 ovl\u00e1danie stroja jednou rukou.<\/li>\n<li>Pohon kolies bez diferenci\u00e1lu, jedno koleso sa d\u00e1 odpoji\u0165 pomocou bezpe\u010dnostnej poistky.<\/li>\n<\/ul>\n<\/div>\n<\/div><\/div>\n<div class='col-lg'>                    <\/div>\n<\/p><\/div>\n<\/div>\n<\/div>\n<div class=\"acfd-block acfd-block__twocolumns mb-asm-2 container-fluid container-fluid--force px-0 bg-default\">\n<div class=\"acfd-twocolumns\">\n<div class=\"row\">\n<div class='col-lg-12 mb-4'>\n<div class=\"acfd-product-advantages--wrapper\">\n<h2 class=\"h1 bigger text-color-black text-center mb-5\">\n        Merkmale &amp; Vorteile    <\/h2>\n<div class=\"acfd-product-advantages\">\n<div class=\"row\">\n<div class=\"col-md-6 mb-4 content\">\n                    <span class=\"d-block h5 text-color-brand mb-1\">Celokovov\u00e1 kon\u0161trukcia<\/span><\/p>\n<p>Od riadidiel cez kryt a\u017e po ozuben\u00fd \u0161nek \u2013 robustn\u00e1 celokovov\u00e1 kon\u0161trukcia modelu Classic je navrhnut\u00e1 tak, aby vydr\u017eala desa\u0165ro\u010dia.<\/p>\n<\/p><\/div>\n<div class=\"col-md-6 mb4 image\" style=\"background-image:url(https:\/\/www.ariens.eu\/sk\/wp-content\/uploads\/sites\/18\/2024\/05\/all-steal-construction.webp)\">\n                <\/div>\n<\/p><\/div>\n<div class=\"row\">\n<div class=\"col-md-6 mb-4 content\">\n                    <span class=\"d-block h5 text-color-brand mb-1\">Z\u00e1ruka na produkt<\/span><\/p>\n<p>Trojro\u010dn\u00e1 z\u00e1ruka pre s\u00fakromn\u00fdch pou\u017e\u00edvate\u013eov a 90-d\u0148ov\u00e1 z\u00e1ruka pre komer\u010dn\u00e9 vyu\u017eitie. S Ariens m\u00e1te istotu a pokoj na du\u0161i.<\/p>\n<\/p><\/div>\n<div class=\"col-md-6 mb4 image\" style=\"background-image:url(https:\/\/www.ariens.eu\/sk\/wp-content\/uploads\/sites\/18\/2024\/05\/warranty.webp)\">\n                <\/div>\n<\/p><\/div>\n<div class=\"row\">\n<div class=\"col-md-6 mb-4 content\">\n                    <span class=\"d-block h5 text-color-brand mb-1\">Dia\u013ekovo ovl\u00e1dan\u00fd \u017e\u013eab a klapka<\/span><\/p>\n<p>R\u00fdchle ot\u00e1\u010danie \u017e\u013eabu 2,5\u00d7 a 205\u00b0 rozsah nato\u010denia zabezpe\u010dia presn\u00e9 smerovanie odhadzovan\u00e9ho snehu.<\/p>\n<\/p><\/div>\n<div class=\"col-md-6 mb4 image\" style=\"background-image:url(https:\/\/www.ariens.eu\/sk\/wp-content\/uploads\/sites\/18\/2024\/05\/remote-chute-cap.webp)\">\n                <\/div>\n<\/p><\/div>\n<div class=\"row\">\n<div class=\"col-md-6 mb-4 content\">\n                    <span class=\"d-block h5 text-color-brand mb-1\">Motor Ariens AX 208 cm\u00b3<\/span><\/p>\n<p>Siln\u00fd a efekt\u00edvny, motor Ariens s kr\u00fatiacim momentom 9,5 ft\u00b7lbf \u013eahko poh\u00e1\u0148a sneh.<\/p>\n<\/p><\/div>\n<div class=\"col-md-6 mb4 image\" style=\"background-image:url(https:\/\/www.ariens.eu\/sk\/wp-content\/uploads\/sites\/18\/2024\/05\/quick-turn-chute.png)\">\n                <\/div>\n<\/p><\/div>\n<div class=\"row\">\n<div class=\"col-md-6 mb-4 content\">\n                    <span class=\"d-block h5 text-color-brand mb-1\">Elektrick\u00fd \u0161tart<\/span><\/p>\n<p>\u0160tartovanie stla\u010den\u00edm tla\u010didla pre r\u00fdchle a jednoduch\u00e9 spustenie aj v t\u00fdch najextr\u00e9mnej\u0161\u00edch teplot\u00e1ch.<\/p>\n<\/p><\/div>\n<div class=\"col-md-6 mb4 image\" style=\"background-image:url(https:\/\/www.ariens.eu\/sk\/wp-content\/uploads\/sites\/18\/2024\/05\/electric-start.webp)\">\n                <\/div>\n<\/p><\/div>\n<\/p><\/div>\n<\/div><\/div>\n<div class='col-lg'>                    <\/div>\n<\/p><\/div>\n<\/div>\n<\/div>\n","protected":false},"excerpt":{"rendered":"<p>Jednoduch\u00e9 a odoln\u00e9. Navrhnut\u00e9 pre dlh\u00e9 zimy a va\u0161u nehnute\u013enos\u0165 Predpove\u010f hl\u00e1si po\u010dasie, ktor\u00e9 tento stroj hravo zvl\u00e1dne. Celokovov\u00e1 kon\u0161trukcia, no pritom \u013eahk\u00e1 a \u013eahko ovl\u00e1date\u013en\u00e1 \u2013 tento stroj je stvoren\u00fd na seri\u00f3zne odh\u0155\u0148anie snehu. Jeho prepojite\u013en\u00e9 p\u00e1ky umo\u017e\u0148uj\u00fa ovl\u00e1danie jednou rukou pri h\u00e1dzan\u00ed snehu a jazde, zatia\u013e \u010do oce\u013eov\u00fd z\u00fabkovan\u00fd \u0161nek si porad\u00ed r\u00fdchlo [&hellip;]<\/p>\n","protected":false},"featured_media":2677,"comment_status":"open","ping_status":"closed","template":"","meta":{"_acf_changed":false,"_relevanssi_hide_post":"","_relevanssi_hide_content":"","_relevanssi_pin_for_all":"","_relevanssi_pin_keywords":"","_relevanssi_unpin_keywords":"","_relevanssi_related_keywords":"","_relevanssi_related_include_ids":"","_relevanssi_related_exclude_ids":"","_relevanssi_related_no_append":"","_relevanssi_related_not_related":"","_relevanssi_related_posts":"","_relevanssi_noindex_reason":""},"product_brand":[],"product_cat":[15],"product_tag":[],"class_list":{"0":"post-2315","1":"product","2":"type-product","3":"status-publish","4":"has-post-thumbnail","6":"product_variant-seria-classic","7":"product_usage_areas-obce-a-technicke-sluzby","8":"product_usage_areas-zimna-udrzba","10":"first","11":"instock","12":"shipping-taxable","13":"product-type-simple"},"acf":[],"yoast_head":"<!-- This site is optimized with the Yoast SEO plugin v27.3 - https:\/\/yoast.com\/product\/yoast-seo-wordpress\/ -->\n<title>CLASSIC 24 \u2013 Sne\u017en\u00e1 fr\u00e9za | Ariens<\/title>\n<meta name=\"description\" content=\"Sne\u017en\u00e1 fr\u00e9za CLASSIC 24 je na\u0161a klasika poh\u00e1\u0148an\u00e1 osved\u010den\u00fdmi syst\u00e9mami, ktor\u00e9 robia z Ariens\u00ae King of Snow\u2122 (Kr\u00e1\u013ea snehu).\" \/>\n<meta name=\"robots\" content=\"noindex, follow, max-snippet:-1, max-image-preview:large, max-video-preview:-1\" \/>\n<meta property=\"og:locale\" content=\"sk_SK\" \/>\n<meta property=\"og:type\" content=\"article\" \/>\n<meta property=\"og:title\" content=\"CLASSIC 24 \u2013 Sne\u017en\u00e1 fr\u00e9za | Ariens\" \/>\n<meta property=\"og:description\" content=\"Sne\u017en\u00e1 fr\u00e9za CLASSIC 24 je na\u0161a klasika poh\u00e1\u0148an\u00e1 osved\u010den\u00fdmi syst\u00e9mami, ktor\u00e9 robia z Ariens\u00ae King of Snow\u2122 (Kr\u00e1\u013ea snehu).\" \/>\n<meta property=\"og:url\" content=\"https:\/\/www.ariens.eu\/sk\/product\/snezne-frezy\/seria-classic\/classic-24\/\" \/>\n<meta property=\"og:site_name\" content=\"Ariens |\u00a0EMEAA\" \/>\n<meta property=\"article:modified_time\" content=\"2025-11-10T10:48:44+00:00\" \/>\n<meta property=\"og:image\" content=\"https:\/\/www.ariens.eu\/sk\/wp-content\/uploads\/sites\/18\/2024\/05\/ariens-classic-24_front-3-4.webp\" \/>\n\t<meta property=\"og:image:width\" content=\"900\" \/>\n\t<meta property=\"og:image:height\" content=\"650\" \/>\n\t<meta property=\"og:image:type\" content=\"image\/webp\" \/>\n<meta name=\"twitter:card\" content=\"summary_large_image\" \/>\n<meta name=\"twitter:label1\" content=\"Predpokladan\u00fd \u010das \u010d\u00edtania\" \/>\n\t<meta name=\"twitter:data1\" content=\"2 min\u00faty\" \/>\n<script type=\"application\/ld+json\" class=\"yoast-schema-graph\">{\"@context\":\"https:\\\/\\\/schema.org\",\"@graph\":[{\"@type\":\"WebPage\",\"@id\":\"https:\\\/\\\/www.ariens.eu\\\/sk\\\/product\\\/snezne-frezy\\\/seria-classic\\\/classic-24\\\/\",\"url\":\"https:\\\/\\\/www.ariens.eu\\\/sk\\\/product\\\/snezne-frezy\\\/seria-classic\\\/classic-24\\\/\",\"name\":\"CLASSIC 24 \u2013 Sne\u017en\u00e1 fr\u00e9za | Ariens\",\"isPartOf\":{\"@id\":\"https:\\\/\\\/www.ariens.eu\\\/sk\\\/#website\"},\"primaryImageOfPage\":{\"@id\":\"https:\\\/\\\/www.ariens.eu\\\/sk\\\/product\\\/snezne-frezy\\\/seria-classic\\\/classic-24\\\/#primaryimage\"},\"image\":{\"@id\":\"https:\\\/\\\/www.ariens.eu\\\/sk\\\/product\\\/snezne-frezy\\\/seria-classic\\\/classic-24\\\/#primaryimage\"},\"thumbnailUrl\":\"https:\\\/\\\/www.ariens.eu\\\/sk\\\/wp-content\\\/uploads\\\/sites\\\/18\\\/2024\\\/05\\\/ariens-classic-24_front-3-4.webp\",\"datePublished\":\"2024-05-10T10:04:36+00:00\",\"dateModified\":\"2025-11-10T10:48:44+00:00\",\"description\":\"Sne\u017en\u00e1 fr\u00e9za CLASSIC 24 je na\u0161a klasika poh\u00e1\u0148an\u00e1 osved\u010den\u00fdmi syst\u00e9mami, ktor\u00e9 robia z Ariens\u00ae King of Snow\u2122 (Kr\u00e1\u013ea snehu).\",\"breadcrumb\":{\"@id\":\"https:\\\/\\\/www.ariens.eu\\\/sk\\\/product\\\/snezne-frezy\\\/seria-classic\\\/classic-24\\\/#breadcrumb\"},\"inLanguage\":\"sk-SK\",\"potentialAction\":[{\"@type\":\"ReadAction\",\"target\":[\"https:\\\/\\\/www.ariens.eu\\\/sk\\\/product\\\/snezne-frezy\\\/seria-classic\\\/classic-24\\\/\"]}]},{\"@type\":\"ImageObject\",\"inLanguage\":\"sk-SK\",\"@id\":\"https:\\\/\\\/www.ariens.eu\\\/sk\\\/product\\\/snezne-frezy\\\/seria-classic\\\/classic-24\\\/#primaryimage\",\"url\":\"https:\\\/\\\/www.ariens.eu\\\/sk\\\/wp-content\\\/uploads\\\/sites\\\/18\\\/2024\\\/05\\\/ariens-classic-24_front-3-4.webp\",\"contentUrl\":\"https:\\\/\\\/www.ariens.eu\\\/sk\\\/wp-content\\\/uploads\\\/sites\\\/18\\\/2024\\\/05\\\/ariens-classic-24_front-3-4.webp\",\"width\":900,\"height\":650},{\"@type\":\"BreadcrumbList\",\"@id\":\"https:\\\/\\\/www.ariens.eu\\\/sk\\\/product\\\/snezne-frezy\\\/seria-classic\\\/classic-24\\\/#breadcrumb\",\"itemListElement\":[{\"@type\":\"ListItem\",\"position\":1,\"name\":\"Home\",\"item\":\"https:\\\/\\\/www.ariens.eu\\\/sk\\\/\"},{\"@type\":\"ListItem\",\"position\":2,\"name\":\"Obchod\",\"item\":\"https:\\\/\\\/www.ariens.eu\\\/sk\\\/obchod\\\/\"},{\"@type\":\"ListItem\",\"position\":3,\"name\":\"CLASSIC 24\"}]},{\"@type\":\"WebSite\",\"@id\":\"https:\\\/\\\/www.ariens.eu\\\/sk\\\/#website\",\"url\":\"https:\\\/\\\/www.ariens.eu\\\/sk\\\/\",\"name\":\"Ariens | EMEAA\",\"description\":\"Powerful and reliable zero-turn mowers &amp; snow blowers for professional users and demanding private customers\",\"publisher\":{\"@id\":\"https:\\\/\\\/www.ariens.eu\\\/sk\\\/#organization\"},\"potentialAction\":[{\"@type\":\"SearchAction\",\"target\":{\"@type\":\"EntryPoint\",\"urlTemplate\":\"https:\\\/\\\/www.ariens.eu\\\/sk\\\/?s={search_term_string}\"},\"query-input\":{\"@type\":\"PropertyValueSpecification\",\"valueRequired\":true,\"valueName\":\"search_term_string\"}}],\"inLanguage\":\"sk-SK\"},{\"@type\":\"Organization\",\"@id\":\"https:\\\/\\\/www.ariens.eu\\\/sk\\\/#organization\",\"name\":\"AriensCo GmbH\",\"url\":\"https:\\\/\\\/www.ariens.eu\\\/sk\\\/\",\"logo\":{\"@type\":\"ImageObject\",\"inLanguage\":\"sk-SK\",\"@id\":\"https:\\\/\\\/www.ariens.eu\\\/sk\\\/#\\\/schema\\\/logo\\\/image\\\/\",\"url\":\"https:\\\/\\\/www.ariens.eu\\\/wp-content\\\/uploads\\\/2024\\\/11\\\/ariens-co-logo.jpg\",\"contentUrl\":\"https:\\\/\\\/www.ariens.eu\\\/wp-content\\\/uploads\\\/2024\\\/11\\\/ariens-co-logo.jpg\",\"width\":1000,\"height\":1000,\"caption\":\"AriensCo GmbH\"},\"image\":{\"@id\":\"https:\\\/\\\/www.ariens.eu\\\/sk\\\/#\\\/schema\\\/logo\\\/image\\\/\"}}]}<\/script>\n<!-- \/ Yoast SEO plugin. -->","yoast_head_json":{"title":"CLASSIC 24 \u2013 Sne\u017en\u00e1 fr\u00e9za | Ariens","description":"Sne\u017en\u00e1 fr\u00e9za CLASSIC 24 je na\u0161a klasika poh\u00e1\u0148an\u00e1 osved\u010den\u00fdmi syst\u00e9mami, ktor\u00e9 robia z Ariens\u00ae King of Snow\u2122 (Kr\u00e1\u013ea snehu).","robots":{"index":"noindex","follow":"follow","max-snippet":"max-snippet:-1","max-image-preview":"max-image-preview:large","max-video-preview":"max-video-preview:-1"},"og_locale":"sk_SK","og_type":"article","og_title":"CLASSIC 24 \u2013 Sne\u017en\u00e1 fr\u00e9za | Ariens","og_description":"Sne\u017en\u00e1 fr\u00e9za CLASSIC 24 je na\u0161a klasika poh\u00e1\u0148an\u00e1 osved\u010den\u00fdmi syst\u00e9mami, ktor\u00e9 robia z Ariens\u00ae King of Snow\u2122 (Kr\u00e1\u013ea snehu).","og_url":"https:\/\/www.ariens.eu\/sk\/product\/snezne-frezy\/seria-classic\/classic-24\/","og_site_name":"Ariens |\u00a0EMEAA","article_modified_time":"2025-11-10T10:48:44+00:00","og_image":[{"width":900,"height":650,"url":"https:\/\/www.ariens.eu\/sk\/wp-content\/uploads\/sites\/18\/2024\/05\/ariens-classic-24_front-3-4.webp","type":"image\/webp"}],"twitter_card":"summary_large_image","twitter_misc":{"Predpokladan\u00fd \u010das \u010d\u00edtania":"2 min\u00faty"},"schema":{"@context":"https:\/\/schema.org","@graph":[{"@type":"WebPage","@id":"https:\/\/www.ariens.eu\/sk\/product\/snezne-frezy\/seria-classic\/classic-24\/","url":"https:\/\/www.ariens.eu\/sk\/product\/snezne-frezy\/seria-classic\/classic-24\/","name":"CLASSIC 24 \u2013 Sne\u017en\u00e1 fr\u00e9za | Ariens","isPartOf":{"@id":"https:\/\/www.ariens.eu\/sk\/#website"},"primaryImageOfPage":{"@id":"https:\/\/www.ariens.eu\/sk\/product\/snezne-frezy\/seria-classic\/classic-24\/#primaryimage"},"image":{"@id":"https:\/\/www.ariens.eu\/sk\/product\/snezne-frezy\/seria-classic\/classic-24\/#primaryimage"},"thumbnailUrl":"https:\/\/www.ariens.eu\/sk\/wp-content\/uploads\/sites\/18\/2024\/05\/ariens-classic-24_front-3-4.webp","datePublished":"2024-05-10T10:04:36+00:00","dateModified":"2025-11-10T10:48:44+00:00","description":"Sne\u017en\u00e1 fr\u00e9za CLASSIC 24 je na\u0161a klasika poh\u00e1\u0148an\u00e1 osved\u010den\u00fdmi syst\u00e9mami, ktor\u00e9 robia z Ariens\u00ae King of Snow\u2122 (Kr\u00e1\u013ea snehu).","breadcrumb":{"@id":"https:\/\/www.ariens.eu\/sk\/product\/snezne-frezy\/seria-classic\/classic-24\/#breadcrumb"},"inLanguage":"sk-SK","potentialAction":[{"@type":"ReadAction","target":["https:\/\/www.ariens.eu\/sk\/product\/snezne-frezy\/seria-classic\/classic-24\/"]}]},{"@type":"ImageObject","inLanguage":"sk-SK","@id":"https:\/\/www.ariens.eu\/sk\/product\/snezne-frezy\/seria-classic\/classic-24\/#primaryimage","url":"https:\/\/www.ariens.eu\/sk\/wp-content\/uploads\/sites\/18\/2024\/05\/ariens-classic-24_front-3-4.webp","contentUrl":"https:\/\/www.ariens.eu\/sk\/wp-content\/uploads\/sites\/18\/2024\/05\/ariens-classic-24_front-3-4.webp","width":900,"height":650},{"@type":"BreadcrumbList","@id":"https:\/\/www.ariens.eu\/sk\/product\/snezne-frezy\/seria-classic\/classic-24\/#breadcrumb","itemListElement":[{"@type":"ListItem","position":1,"name":"Home","item":"https:\/\/www.ariens.eu\/sk\/"},{"@type":"ListItem","position":2,"name":"Obchod","item":"https:\/\/www.ariens.eu\/sk\/obchod\/"},{"@type":"ListItem","position":3,"name":"CLASSIC 24"}]},{"@type":"WebSite","@id":"https:\/\/www.ariens.eu\/sk\/#website","url":"https:\/\/www.ariens.eu\/sk\/","name":"Ariens | EMEAA","description":"Powerful and reliable zero-turn mowers &amp; snow blowers for professional users and demanding private customers","publisher":{"@id":"https:\/\/www.ariens.eu\/sk\/#organization"},"potentialAction":[{"@type":"SearchAction","target":{"@type":"EntryPoint","urlTemplate":"https:\/\/www.ariens.eu\/sk\/?s={search_term_string}"},"query-input":{"@type":"PropertyValueSpecification","valueRequired":true,"valueName":"search_term_string"}}],"inLanguage":"sk-SK"},{"@type":"Organization","@id":"https:\/\/www.ariens.eu\/sk\/#organization","name":"AriensCo GmbH","url":"https:\/\/www.ariens.eu\/sk\/","logo":{"@type":"ImageObject","inLanguage":"sk-SK","@id":"https:\/\/www.ariens.eu\/sk\/#\/schema\/logo\/image\/","url":"https:\/\/www.ariens.eu\/wp-content\/uploads\/2024\/11\/ariens-co-logo.jpg","contentUrl":"https:\/\/www.ariens.eu\/wp-content\/uploads\/2024\/11\/ariens-co-logo.jpg","width":1000,"height":1000,"caption":"AriensCo GmbH"},"image":{"@id":"https:\/\/www.ariens.eu\/sk\/#\/schema\/logo\/image\/"}}]}},"_links":{"self":[{"href":"https:\/\/www.ariens.eu\/sk\/wp-json\/wp\/v2\/product\/2315","targetHints":{"allow":["GET"]}}],"collection":[{"href":"https:\/\/www.ariens.eu\/sk\/wp-json\/wp\/v2\/product"}],"about":[{"href":"https:\/\/www.ariens.eu\/sk\/wp-json\/wp\/v2\/types\/product"}],"replies":[{"embeddable":true,"href":"https:\/\/www.ariens.eu\/sk\/wp-json\/wp\/v2\/comments?post=2315"}],"wp:featuredmedia":[{"embeddable":true,"href":"https:\/\/www.ariens.eu\/sk\/wp-json\/wp\/v2\/media\/2677"}],"wp:attachment":[{"href":"https:\/\/www.ariens.eu\/sk\/wp-json\/wp\/v2\/media?parent=2315"}],"wp:term":[{"taxonomy":"product_brand","embeddable":true,"href":"https:\/\/www.ariens.eu\/sk\/wp-json\/wp\/v2\/product_brand?post=2315"},{"taxonomy":"product_cat","embeddable":true,"href":"https:\/\/www.ariens.eu\/sk\/wp-json\/wp\/v2\/product_cat?post=2315"},{"taxonomy":"product_tag","embeddable":true,"href":"https:\/\/www.ariens.eu\/sk\/wp-json\/wp\/v2\/product_tag?post=2315"}],"curies":[{"name":"wp","href":"https:\/\/api.w.org\/{rel}","templated":true}]}}